{"id":7514,"date":"2024-05-04T14:30:55","date_gmt":"2024-05-04T14:30:55","guid":{"rendered":"https:\/\/skaitytaknyga.lt\/?post_type=product&#038;p=7514"},"modified":"2025-02-13T13:29:07","modified_gmt":"2025-02-13T11:29:07","slug":"r-campbell-kaip-myleti-savo-paaugli-2","status":"publish","type":"product","link":"https:\/\/skaitytaknyga.lt\/en\/produktas\/r-campbell-kaip-myleti-savo-paaugli-2\/","title":{"rendered":"R. Campbell \u201eKaip myl\u0117ti savo paaugl\u012f\u201c"},"content":{"rendered":"<p>Vadovavimas savo vaikui paauglyst\u0117je gali b\u016bti jaudinanti, dr\u0105si ir da\u017enai rizikinga patirtis. Dr. Rossas Campbellas \u012fsitikin\u0119s, kad \u0161iuo laikotarpiu t\u0117vai i\u0161gyvena dideli\u0173 sunkum\u0173, ne\u012fstengdami bendrauti su savo paaugliais. Da\u017enai klaidinga paauglyst\u0117s samprata ir nerealistiniai l\u016bkes\u010diai past\u016bm\u0117ja t\u0117vus \u012f nusivylim\u0105. Dar labiau visk\u0105 komplikuoja tai, jog i\u0161 ties\u0173 mylintys savo vaikus ne visada geba i\u0161reik\u0161ti savo meil\u0119 taip, kad paaugliai jaust\u0173si tikrai mylimi ir suprantami.<\/p>\n<p>Knygoje \u201eKaip myl\u0117ti savo paaugl\u012f\u201c dr. Campbellas si\u016blo id\u0117j\u0173, pad\u0117sian\u010di\u0173 susidaryti rimt\u0105, pusiausvir\u0105 po\u017ei\u016br\u012f \u012f bendravim\u0105 su paaugliais.<\/p>\n<p>Tai, k\u0105 su\u017einosite i\u0161 \u0161ios knygos, pad\u0117s jums:<\/p>\n<p>perteikti bes\u0105lygi\u0161k\u0105 meil\u0119 paaugliui;<br \/>\ntvardyti paauglio pykt\u012f&#8230; kaip ir savo paties;<br \/>\n\u012fveikti paauglio depresij\u0105;<br \/>\nugdyti paaugl\u012f dvasi\u0161kai ir intelektualiai.<br \/>\nI\u0161mintingi dr. Rosso Campbello patarimai pad\u0117s jums ir j\u016bs\u0173 paaugliui tapti artimesniems. Tiesiog nustebsite, kok\u012f d\u017eiaugsm\u0105 ir pilnatv\u0119 i\u0161 ties\u0173 suteikia meil\u0117.<\/p>\n","protected":false},"excerpt":{"rendered":"<p>Vadovavimas savo vaikui paauglyst\u0117je gali b\u016bti jaudinanti, dr\u0105si ir da\u017enai rizikinga patirtis. Dr. Rossas Campbellas \u012fsitikin\u0119s, kad \u0161iuo laikotarpiu t\u0117vai i\u0161gyvena dideli\u0173 sunkum\u0173, ne\u012fstengdami bendrauti su savo paaugliais. Da\u017enai klaidinga paauglyst\u0117s samprata ir nerealistiniai l\u016bkes\u010diai past\u016bm\u0117ja t\u0117vus \u012f nusivylim\u0105. Dar labiau visk\u0105 komplikuoja tai, jog i\u0161 ties\u0173 mylintys savo vaikus ne visada geba i\u0161reik\u0161ti savo meil\u0119 taip, kad paaugliai jaust\u0173si tikrai mylimi ir suprantami. Knygoje \u201eKaip myl\u0117ti savo paaugl\u012f\u201c dr. Campbellas si\u016blo id\u0117j\u0173, pad\u0117sian\u010di\u0173 susidaryti rimt\u0105, pusiausvir\u0105 po\u017ei\u016br\u012f \u012f bendravim\u0105 su paaugliais. Tai, k\u0105 su\u017einosite i\u0161 \u0161ios knygos, pad\u0117s jums: perteikti bes\u0105lygi\u0161k\u0105 meil\u0119 paaugliui; tvardyti paauglio pykt\u012f&#8230; kaip ir savo paties; \u012fveikti paauglio depresij\u0105; ugdyti paaugl\u012f dvasi\u0161kai ir intelektualiai. I\u0161mintingi dr. Rosso Campbello patarimai pad\u0117s jums ir j\u016bs\u0173 paaugliui tapti artimesniems. Tiesiog nustebsite, kok\u012f d\u017eiaugsm\u0105 ir pilnatv\u0119 i\u0161 ties\u0173 suteikia meil\u0117.<\/p>\n","protected":false},"featured_media":2654,"comment_status":"closed","ping_status":"closed","template":"","meta":{"_acf_changed":false,"site-sidebar-layout":"default","site-content-layout":"","ast-site-content-layout":"default","site-content-style":"default","site-sidebar-style":"default","ast-global-header-display":"","ast-banner-title-visibility":"","ast-main-header-display":"","ast-hfb-above-header-display":"","ast-hfb-below-header-display":"","ast-hfb-mobile-header-display":"","site-post-title":"","ast-breadcrumbs-content":"","ast-featured-img":"","footer-sml-layout":"","ast-disable-related-posts":"","theme-transparent-header-meta":"","adv-header-id-meta":"","stick-header-meta":"","header-above-stick-meta":"","header-main-stick-meta":"","header-below-stick-meta":"","astra-migrate-meta-layouts":"default","ast-page-background-enabled":"default","ast-page-background-meta":{"desktop":{"background-color":"","background-image":"","background-repeat":"repeat","background-position":"center center","background-size":"auto","background-attachment":"scroll","background-type":"","background-media":"","overlay-type":"","overlay-color":"","overlay-opacity":"","overlay-gradient":""},"tablet":{"background-color":"","background-image":"","background-repeat":"repeat","background-position":"center center","background-size":"auto","background-attachment":"scroll","background-type":"","background-media":"","overlay-type":"","overlay-color":"","overlay-opacity":"","overlay-gradient":""},"mobile":{"background-color":"","background-image":"","background-repeat":"repeat","background-position":"center center","background-size":"auto","background-attachment":"scroll","background-type":"","background-media":"","overlay-type":"","overlay-color":"","overlay-opacity":"","overlay-gradient":""}},"ast-content-background-meta":{"desktop":{"background-color":"var(--ast-global-color-4)","background-image":"","background-repeat":"repeat","background-position":"center center","background-size":"auto","background-attachment":"scroll","background-type":"","background-media":"","overlay-type":"","overlay-color":"","overlay-opacity":"","overlay-gradient":""},"tablet":{"background-color":"var(--ast-global-color-4)","background-image":"","background-repeat":"repeat","background-position":"center center","background-size":"auto","background-attachment":"scroll","background-type":"","background-media":"","overlay-type":"","overlay-color":"","overlay-opacity":"","overlay-gradient":""},"mobile":{"background-color":"var(--ast-global-color-4)","background-image":"","background-repeat":"repeat","background-position":"center center","background-size":"auto","background-attachment":"scroll","background-type":"","background-media":"","overlay-type":"","overlay-color":"","overlay-opacity":"","overlay-gradient":""}}},"product_brand":[],"product_cat":[37,30],"product_tag":[],"class_list":{"0":"post-7514","1":"product","2":"type-product","3":"status-publish","4":"has-post-thumbnail","6":"product_cat-nestumas-ir-vaiku-prieziura-bei-auklejimas","7":"product_cat-psichologija-ir-saviugda","8":"desktop-align-left","9":"tablet-align-left","10":"mobile-align-left","12":"first","13":"outofstock","14":"shipping-taxable","15":"purchasable","16":"product-type-simple"},"acf":[],"yoast_head":"<!-- This site is optimized with the Yoast SEO plugin v27.4 - https:\/\/yoast.com\/product\/yoast-seo-wordpress\/ -->\n<title>R. Campbell \u201eKaip myl\u0117ti savo paaugl\u012f\u201c<\/title>\n<meta name=\"description\" content=\"Vadovavimas savo vaikui paauglyst\u0117je gali b\u016bti jaudinanti, dr\u0105si ir da\u017enai rizikinga patirtis. Dr. Rossas Campbellas \u012fsitikin\u0119s, kad \u0161iuo laikotarpiu\" \/>\n<meta name=\"robots\" content=\"index, follow, max-snippet:-1, max-image-preview:large, max-video-preview:-1\" \/>\n<link rel=\"canonical\" href=\"https:\/\/skaitytaknyga.lt\/en\/produktas\/r-campbell-kaip-myleti-savo-paaugli-2\/\" \/>\n<meta property=\"og:locale\" content=\"en_GB\" \/>\n<meta property=\"og:locale:alternate\" content=\"lt_LT\" \/>\n<meta property=\"og:type\" content=\"article\" \/>\n<meta property=\"og:title\" content=\"R. Campbell \u201eKaip myl\u0117ti savo paaugl\u012f\u201c\" \/>\n<meta property=\"og:description\" content=\"Vadovavimas savo vaikui paauglyst\u0117je gali b\u016bti jaudinanti, dr\u0105si ir da\u017enai rizikinga patirtis. Dr. Rossas Campbellas \u012fsitikin\u0119s, kad \u0161iuo laikotarpiu\" \/>\n<meta property=\"og:url\" content=\"https:\/\/skaitytaknyga.lt\/en\/produktas\/r-campbell-kaip-myleti-savo-paaugli-2\/\" \/>\n<meta property=\"og:site_name\" content=\"Skaitytaknyga\" \/>\n<meta property=\"article:publisher\" content=\"https:\/\/www.facebook.com\/skaitytaknyga\/\" \/>\n<meta property=\"article:modified_time\" content=\"2025-02-13T11:29:07+00:00\" \/>\n<meta property=\"og:image\" content=\"https:\/\/skaitytaknyga.lt\/wp-content\/uploads\/2024\/04\/1462876067_img12.jpg\" \/>\n\t<meta property=\"og:image:width\" content=\"275\" \/>\n\t<meta property=\"og:image:height\" content=\"430\" \/>\n\t<meta property=\"og:image:type\" content=\"image\/jpeg\" \/>\n<meta name=\"twitter:card\" content=\"summary_large_image\" \/>\n<meta name=\"twitter:label1\" content=\"Estimated reading time\" \/>\n\t<meta name=\"twitter:data1\" content=\"1 minute\" \/>\n<script type=\"application\/ld+json\" class=\"yoast-schema-graph\">{\"@context\":\"https:\\\/\\\/schema.org\",\"@graph\":[{\"@type\":\"WebPage\",\"@id\":\"https:\\\/\\\/skaitytaknyga.lt\\\/produktas\\\/r-campbell-kaip-myleti-savo-paaugli-2\\\/\",\"url\":\"https:\\\/\\\/skaitytaknyga.lt\\\/produktas\\\/r-campbell-kaip-myleti-savo-paaugli-2\\\/\",\"name\":\"R. Campbell \u201eKaip myl\u0117ti savo paaugl\u012f\u201c\",\"isPartOf\":{\"@id\":\"https:\\\/\\\/skaitytaknyga.lt\\\/#website\"},\"primaryImageOfPage\":{\"@id\":\"https:\\\/\\\/skaitytaknyga.lt\\\/produktas\\\/r-campbell-kaip-myleti-savo-paaugli-2\\\/#primaryimage\"},\"image\":{\"@id\":\"https:\\\/\\\/skaitytaknyga.lt\\\/produktas\\\/r-campbell-kaip-myleti-savo-paaugli-2\\\/#primaryimage\"},\"thumbnailUrl\":\"https:\\\/\\\/skaitytaknyga.lt\\\/wp-content\\\/uploads\\\/2024\\\/04\\\/1462876067_img12.jpg\",\"datePublished\":\"2024-05-04T14:30:55+00:00\",\"dateModified\":\"2025-02-13T11:29:07+00:00\",\"description\":\"Vadovavimas savo vaikui paauglyst\u0117je gali b\u016bti jaudinanti, dr\u0105si ir da\u017enai rizikinga patirtis. Dr. Rossas Campbellas \u012fsitikin\u0119s, kad \u0161iuo laikotarpiu\",\"breadcrumb\":{\"@id\":\"https:\\\/\\\/skaitytaknyga.lt\\\/produktas\\\/r-campbell-kaip-myleti-savo-paaugli-2\\\/#breadcrumb\"},\"inLanguage\":\"en-GB\",\"potentialAction\":[{\"@type\":\"ReadAction\",\"target\":[\"https:\\\/\\\/skaitytaknyga.lt\\\/produktas\\\/r-campbell-kaip-myleti-savo-paaugli-2\\\/\"]}]},{\"@type\":\"ImageObject\",\"inLanguage\":\"en-GB\",\"@id\":\"https:\\\/\\\/skaitytaknyga.lt\\\/produktas\\\/r-campbell-kaip-myleti-savo-paaugli-2\\\/#primaryimage\",\"url\":\"https:\\\/\\\/skaitytaknyga.lt\\\/wp-content\\\/uploads\\\/2024\\\/04\\\/1462876067_img12.jpg\",\"contentUrl\":\"https:\\\/\\\/skaitytaknyga.lt\\\/wp-content\\\/uploads\\\/2024\\\/04\\\/1462876067_img12.jpg\",\"width\":275,\"height\":430,\"caption\":\"1462876067 img12\"},{\"@type\":\"BreadcrumbList\",\"@id\":\"https:\\\/\\\/skaitytaknyga.lt\\\/produktas\\\/r-campbell-kaip-myleti-savo-paaugli-2\\\/#breadcrumb\",\"itemListElement\":[{\"@type\":\"ListItem\",\"position\":1,\"name\":\"Home\",\"item\":\"https:\\\/\\\/skaitytaknyga.lt\\\/\"},{\"@type\":\"ListItem\",\"position\":2,\"name\":\"Parduotuv\u0117\",\"item\":\"https:\\\/\\\/skaitytaknyga.lt\\\/knygu-parduotuve\\\/\"},{\"@type\":\"ListItem\",\"position\":3,\"name\":\"R. Campbell \u201eKaip myl\u0117ti savo paaugl\u012f\u201c\"}]},{\"@type\":\"WebSite\",\"@id\":\"https:\\\/\\\/skaitytaknyga.lt\\\/#website\",\"url\":\"https:\\\/\\\/skaitytaknyga.lt\\\/\",\"name\":\"skaitytaknyga.lt\",\"description\":\"Skaitytaknyga.lt \u2013 tai ma\u017eas \u0161eimos verslas, kuris prasid\u0117jo nuo meil\u0117s knygoms ir siekio i\u0161gelb\u0117ti knygas nuo likimo prie konteinerio. Kas vienam nereikalingas daiktas \u2013 kitam lobis, o mes esame tarpininkai, kurie padeda abiems tapti laimingesniems ???? \u017dinome kaip nelengva i\u0161gyventi ma\u017eiems verslams, tad nuo \u0161iol, \u010dia rasite ir kit\u0173, ma\u017e\u0173 \u0161eim\u0173 versl\u0173, rank\u0173 darbo, dovan\u0173 sau ir artimiesiems.\",\"publisher\":{\"@id\":\"https:\\\/\\\/skaitytaknyga.lt\\\/#organization\"},\"potentialAction\":[{\"@type\":\"SearchAction\",\"target\":{\"@type\":\"EntryPoint\",\"urlTemplate\":\"https:\\\/\\\/skaitytaknyga.lt\\\/?s={search_term_string}\"},\"query-input\":{\"@type\":\"PropertyValueSpecification\",\"valueRequired\":true,\"valueName\":\"search_term_string\"}}],\"inLanguage\":\"en-GB\"},{\"@type\":\"Organization\",\"@id\":\"https:\\\/\\\/skaitytaknyga.lt\\\/#organization\",\"name\":\"skaitytaknyga.lt\",\"url\":\"https:\\\/\\\/skaitytaknyga.lt\\\/\",\"logo\":{\"@type\":\"ImageObject\",\"inLanguage\":\"en-GB\",\"@id\":\"https:\\\/\\\/skaitytaknyga.lt\\\/#\\\/schema\\\/logo\\\/image\\\/\",\"url\":\"https:\\\/\\\/skaitytaknyga.lt\\\/wp-content\\\/uploads\\\/2024\\\/05\\\/cropped-cropped-cropped-02_00843_jt3bggkj1j3HLc7SyY6rEUpg.jpeg\",\"contentUrl\":\"https:\\\/\\\/skaitytaknyga.lt\\\/wp-content\\\/uploads\\\/2024\\\/05\\\/cropped-cropped-cropped-02_00843_jt3bggkj1j3HLc7SyY6rEUpg.jpeg\",\"width\":1600,\"height\":1600,\"caption\":\"skaitytaknyga.lt\"},\"image\":{\"@id\":\"https:\\\/\\\/skaitytaknyga.lt\\\/#\\\/schema\\\/logo\\\/image\\\/\"},\"sameAs\":[\"https:\\\/\\\/www.facebook.com\\\/skaitytaknyga\\\/\"]}]}<\/script>\n<!-- \/ Yoast SEO plugin. -->","yoast_head_json":{"title":"R. Campbell \u201eKaip myl\u0117ti savo paaugl\u012f\u201c","description":"Vadovavimas savo vaikui paauglyst\u0117je gali b\u016bti jaudinanti, dr\u0105si ir da\u017enai rizikinga patirtis. Dr. Rossas Campbellas \u012fsitikin\u0119s, kad \u0161iuo laikotarpiu","robots":{"index":"index","follow":"follow","max-snippet":"max-snippet:-1","max-image-preview":"max-image-preview:large","max-video-preview":"max-video-preview:-1"},"canonical":"https:\/\/skaitytaknyga.lt\/en\/produktas\/r-campbell-kaip-myleti-savo-paaugli-2\/","og_locale":"en_GB","og_type":"article","og_title":"[:lt]R. Campbell \u201eKaip myl\u0117ti savo paaugl\u012f\u201c[:] - Skaitytaknyga","og_description":"Vadovavimas savo vaikui paauglyst\u0117je gali b\u016bti jaudinanti, dr\u0105si ir da\u017enai rizikinga patirtis. Dr. Rossas Campbellas \u012fsitikin\u0119s, kad \u0161iuo laikotarpiu","og_url":"https:\/\/skaitytaknyga.lt\/en\/produktas\/r-campbell-kaip-myleti-savo-paaugli-2\/","og_site_name":"Skaitytaknyga","article_publisher":"https:\/\/www.facebook.com\/skaitytaknyga\/","article_modified_time":"2025-02-13T11:29:07+00:00","og_image":[{"width":275,"height":430,"url":"https:\/\/skaitytaknyga.lt\/wp-content\/uploads\/2024\/04\/1462876067_img12.jpg","type":"image\/jpeg"}],"twitter_card":"summary_large_image","twitter_misc":{"Estimated reading time":"1 minute"},"schema":{"@context":"https:\/\/schema.org","@graph":[{"@type":"WebPage","@id":"https:\/\/skaitytaknyga.lt\/produktas\/r-campbell-kaip-myleti-savo-paaugli-2\/","url":"https:\/\/skaitytaknyga.lt\/produktas\/r-campbell-kaip-myleti-savo-paaugli-2\/","name":"R. Campbell \u201eKaip myl\u0117ti savo paaugl\u012f\u201c","isPartOf":{"@id":"https:\/\/skaitytaknyga.lt\/#website"},"primaryImageOfPage":{"@id":"https:\/\/skaitytaknyga.lt\/produktas\/r-campbell-kaip-myleti-savo-paaugli-2\/#primaryimage"},"image":{"@id":"https:\/\/skaitytaknyga.lt\/produktas\/r-campbell-kaip-myleti-savo-paaugli-2\/#primaryimage"},"thumbnailUrl":"https:\/\/skaitytaknyga.lt\/wp-content\/uploads\/2024\/04\/1462876067_img12.jpg","datePublished":"2024-05-04T14:30:55+00:00","dateModified":"2025-02-13T11:29:07+00:00","description":"Vadovavimas savo vaikui paauglyst\u0117je gali b\u016bti jaudinanti, dr\u0105si ir da\u017enai rizikinga patirtis. Dr. Rossas Campbellas \u012fsitikin\u0119s, kad \u0161iuo laikotarpiu","breadcrumb":{"@id":"https:\/\/skaitytaknyga.lt\/produktas\/r-campbell-kaip-myleti-savo-paaugli-2\/#breadcrumb"},"inLanguage":"en-GB","potentialAction":[{"@type":"ReadAction","target":["https:\/\/skaitytaknyga.lt\/produktas\/r-campbell-kaip-myleti-savo-paaugli-2\/"]}]},{"@type":"ImageObject","inLanguage":"en-GB","@id":"https:\/\/skaitytaknyga.lt\/produktas\/r-campbell-kaip-myleti-savo-paaugli-2\/#primaryimage","url":"https:\/\/skaitytaknyga.lt\/wp-content\/uploads\/2024\/04\/1462876067_img12.jpg","contentUrl":"https:\/\/skaitytaknyga.lt\/wp-content\/uploads\/2024\/04\/1462876067_img12.jpg","width":275,"height":430,"caption":"1462876067 img12"},{"@type":"BreadcrumbList","@id":"https:\/\/skaitytaknyga.lt\/produktas\/r-campbell-kaip-myleti-savo-paaugli-2\/#breadcrumb","itemListElement":[{"@type":"ListItem","position":1,"name":"Home","item":"https:\/\/skaitytaknyga.lt\/"},{"@type":"ListItem","position":2,"name":"Parduotuv\u0117","item":"https:\/\/skaitytaknyga.lt\/knygu-parduotuve\/"},{"@type":"ListItem","position":3,"name":"R. Campbell \u201eKaip myl\u0117ti savo paaugl\u012f\u201c"}]},{"@type":"WebSite","@id":"https:\/\/skaitytaknyga.lt\/#website","url":"https:\/\/skaitytaknyga.lt\/","name":"skaitytaknyga.lt","description":"Skaitytaknyga.lt \u2013 tai ma\u017eas \u0161eimos verslas, kuris prasid\u0117jo nuo meil\u0117s knygoms ir siekio i\u0161gelb\u0117ti knygas nuo likimo prie konteinerio. Kas vienam nereikalingas daiktas \u2013 kitam lobis, o mes esame tarpininkai, kurie padeda abiems tapti laimingesniems ???? \u017dinome kaip nelengva i\u0161gyventi ma\u017eiems verslams, tad nuo \u0161iol, \u010dia rasite ir kit\u0173, ma\u017e\u0173 \u0161eim\u0173 versl\u0173, rank\u0173 darbo, dovan\u0173 sau ir artimiesiems.","publisher":{"@id":"https:\/\/skaitytaknyga.lt\/#organization"},"potentialAction":[{"@type":"SearchAction","target":{"@type":"EntryPoint","urlTemplate":"https:\/\/skaitytaknyga.lt\/?s={search_term_string}"},"query-input":{"@type":"PropertyValueSpecification","valueRequired":true,"valueName":"search_term_string"}}],"inLanguage":"en-GB"},{"@type":"Organization","@id":"https:\/\/skaitytaknyga.lt\/#organization","name":"skaitytaknyga.lt","url":"https:\/\/skaitytaknyga.lt\/","logo":{"@type":"ImageObject","inLanguage":"en-GB","@id":"https:\/\/skaitytaknyga.lt\/#\/schema\/logo\/image\/","url":"https:\/\/skaitytaknyga.lt\/wp-content\/uploads\/2024\/05\/cropped-cropped-cropped-02_00843_jt3bggkj1j3HLc7SyY6rEUpg.jpeg","contentUrl":"https:\/\/skaitytaknyga.lt\/wp-content\/uploads\/2024\/05\/cropped-cropped-cropped-02_00843_jt3bggkj1j3HLc7SyY6rEUpg.jpeg","width":1600,"height":1600,"caption":"skaitytaknyga.lt"},"image":{"@id":"https:\/\/skaitytaknyga.lt\/#\/schema\/logo\/image\/"},"sameAs":["https:\/\/www.facebook.com\/skaitytaknyga\/"]}]}},"_links":{"self":[{"href":"https:\/\/skaitytaknyga.lt\/en\/wp-json\/wp\/v2\/product\/7514","targetHints":{"allow":["GET"]}}],"collection":[{"href":"https:\/\/skaitytaknyga.lt\/en\/wp-json\/wp\/v2\/product"}],"about":[{"href":"https:\/\/skaitytaknyga.lt\/en\/wp-json\/wp\/v2\/types\/product"}],"replies":[{"embeddable":true,"href":"https:\/\/skaitytaknyga.lt\/en\/wp-json\/wp\/v2\/comments?post=7514"}],"wp:featuredmedia":[{"embeddable":true,"href":"https:\/\/skaitytaknyga.lt\/en\/wp-json\/wp\/v2\/media\/2654"}],"wp:attachment":[{"href":"https:\/\/skaitytaknyga.lt\/en\/wp-json\/wp\/v2\/media?parent=7514"}],"wp:term":[{"taxonomy":"product_brand","embeddable":true,"href":"https:\/\/skaitytaknyga.lt\/en\/wp-json\/wp\/v2\/product_brand?post=7514"},{"taxonomy":"product_cat","embeddable":true,"href":"https:\/\/skaitytaknyga.lt\/en\/wp-json\/wp\/v2\/product_cat?post=7514"},{"taxonomy":"product_tag","embeddable":true,"href":"https:\/\/skaitytaknyga.lt\/en\/wp-json\/wp\/v2\/product_tag?post=7514"}],"curies":[{"name":"wp","href":"https:\/\/api.w.org\/{rel}","templated":true}]}}