{"id":7509,"date":"2024-05-04T17:30:55","date_gmt":"2024-05-04T14:30:55","guid":{"rendered":"https:\/\/skaitytaknyga.lt\/?post_type=product&#038;p=7509"},"modified":"2025-11-17T20:39:30","modified_gmt":"2025-11-17T18:39:30","slug":"elizabeth-gilbert-pasizadeje-2","status":"publish","type":"product","link":"https:\/\/skaitytaknyga.lt\/en\/produktas\/elizabeth-gilbert-pasizadeje-2\/","title":{"rendered":"Elizabeth Gilbert \u201ePasi\u017ead\u0117j\u0119&#8221;"},"content":{"rendered":"<p>Antroji E. Gilbert memuar\u0173 knyga \u201ePasi\u017ead\u0117j\u0119\u201c \u2013 tai reveransas meilei su visais sud\u0117tingais jos vingiais ir atspalviais bei \u012frodymas, kad tikra meil\u0117 realiame pasaulyje tikrai egzistuoja.<\/p>\n<p>Elizabeth Gilbert savo bestselerio autobiografinio romano \u201eValgyk, melskis, myl\u0117k\u201c pabaigoje pasakojo apie tai, kaip pamilo brazil\u0173 kilm\u0117s australiet\u012f Filip\u0119. Santykiai su \u0161iuo \u017emogumi tampa ir pagrindine t\u0119sinio, romano \u201ePasi\u017ead\u0117j\u0119\u201c a\u0161imi. Prisiek\u0119 vienas kitam niekada jokiomis aplinkyb\u0117mis nesituokti, Amerikoje jie susiduria su teisin\u0117mis kli\u016btimis, kurias panaikinti galima tik vienu b\u016bdu \u2013 \u012fregistravus santuok\u0105.<\/p>\n<p>Bandydama suvokti savo baim\u0119 i\u0161 naujo \u012fsipareigoti ir kuo geriau suvokti santuokos institucij\u0105, autor\u0117 neria gilyn \u012f santuokos tyrin\u0117jimus istoriniame kontekste, smagiai, inteligenti\u0161kai, taip, kaip jai b\u016bdinga, m\u0105sto apie motinyst\u0119, por\u0173 suderinamum\u0105, atsakomyb\u0119, i\u0161tikimyb\u0119, \u0161eimos tradicijas, visuomen\u0117s l\u016bkes\u010dius, skyryb\u0173 rizik\u0105.<\/p>\n","protected":false},"excerpt":{"rendered":"<p>Antroji E. Gilbert memuar\u0173 knyga \u201ePasi\u017ead\u0117j\u0119\u201c \u2013 tai reveransas meilei su visais sud\u0117tingais jos vingiais ir atspalviais bei \u012frodymas, kad tikra meil\u0117 realiame pasaulyje tikrai egzistuoja. Elizabeth Gilbert savo bestselerio autobiografinio romano \u201eValgyk, melskis, myl\u0117k\u201c pabaigoje pasakojo apie tai, kaip pamilo brazil\u0173 kilm\u0117s australiet\u012f Filip\u0119. Santykiai su \u0161iuo \u017emogumi tampa ir pagrindine t\u0119sinio, romano \u201ePasi\u017ead\u0117j\u0119\u201c a\u0161imi. Prisiek\u0119 vienas kitam niekada jokiomis aplinkyb\u0117mis nesituokti, Amerikoje jie susiduria su teisin\u0117mis kli\u016btimis, kurias panaikinti galima tik vienu b\u016bdu \u2013 \u012fregistravus santuok\u0105. Bandydama suvokti savo baim\u0119 i\u0161 naujo \u012fsipareigoti ir kuo geriau suvokti santuokos institucij\u0105, autor\u0117 neria gilyn \u012f santuokos tyrin\u0117jimus istoriniame kontekste, smagiai, inteligenti\u0161kai, taip, kaip jai b\u016bdinga, m\u0105sto apie motinyst\u0119, por\u0173 suderinamum\u0105, atsakomyb\u0119, i\u0161tikimyb\u0119, \u0161eimos tradicijas, visuomen\u0117s l\u016bkes\u010dius, skyryb\u0173 rizik\u0105.<\/p>\n","protected":false},"featured_media":2623,"comment_status":"closed","ping_status":"closed","template":"","meta":{"_acf_changed":false,"site-sidebar-layout":"default","site-content-layout":"","ast-site-content-layout":"default","site-content-style":"default","site-sidebar-style":"default","ast-global-header-display":"","ast-banner-title-visibility":"","ast-main-header-display":"","ast-hfb-above-header-display":"","ast-hfb-below-header-display":"","ast-hfb-mobile-header-display":"","site-post-title":"","ast-breadcrumbs-content":"","ast-featured-img":"","footer-sml-layout":"","ast-disable-related-posts":"","theme-transparent-header-meta":"","adv-header-id-meta":"","stick-header-meta":"","header-above-stick-meta":"","header-main-stick-meta":"","header-below-stick-meta":"","astra-migrate-meta-layouts":"default","ast-page-background-enabled":"default","ast-page-background-meta":{"desktop":{"background-color":"","background-image":"","background-repeat":"repeat","background-position":"center center","background-size":"auto","background-attachment":"scroll","background-type":"","background-media":"","overlay-type":"","overlay-color":"","overlay-opacity":"","overlay-gradient":""},"tablet":{"background-color":"","background-image":"","background-repeat":"repeat","background-position":"center center","background-size":"auto","background-attachment":"scroll","background-type":"","background-media":"","overlay-type":"","overlay-color":"","overlay-opacity":"","overlay-gradient":""},"mobile":{"background-color":"","background-image":"","background-repeat":"repeat","background-position":"center center","background-size":"auto","background-attachment":"scroll","background-type":"","background-media":"","overlay-type":"","overlay-color":"","overlay-opacity":"","overlay-gradient":""}},"ast-content-background-meta":{"desktop":{"background-color":"var(--ast-global-color-4)","background-image":"","background-repeat":"repeat","background-position":"center center","background-size":"auto","background-attachment":"scroll","background-type":"","background-media":"","overlay-type":"","overlay-color":"","overlay-opacity":"","overlay-gradient":""},"tablet":{"background-color":"var(--ast-global-color-4)","background-image":"","background-repeat":"repeat","background-position":"center center","background-size":"auto","background-attachment":"scroll","background-type":"","background-media":"","overlay-type":"","overlay-color":"","overlay-opacity":"","overlay-gradient":""},"mobile":{"background-color":"var(--ast-global-color-4)","background-image":"","background-repeat":"repeat","background-position":"center center","background-size":"auto","background-attachment":"scroll","background-type":"","background-media":"","overlay-type":"","overlay-color":"","overlay-opacity":"","overlay-gradient":""}}},"product_brand":[],"product_cat":[30],"product_tag":[],"class_list":{"0":"post-7509","1":"product","2":"type-product","3":"status-publish","4":"has-post-thumbnail","6":"product_cat-psichologija-ir-saviugda","7":"desktop-align-left","8":"tablet-align-left","9":"mobile-align-left","11":"first","12":"instock","13":"shipping-taxable","14":"purchasable","15":"product-type-simple"},"acf":[],"yoast_head":"<!-- This site is optimized with the Yoast SEO plugin v27.4 - https:\/\/yoast.com\/product\/yoast-seo-wordpress\/ -->\n<title>Elizabeth Gilbert \u201ePasi\u017ead\u0117j\u0119&quot;<\/title>\n<meta name=\"description\" content=\"Antroji E. Gilbert memuar\u0173 knyga \u201ePasi\u017ead\u0117j\u0119\u201c \u2013 tai reveransas meilei su visais sud\u0117tingais jos vingiais ir atspalviais bei \u012frodymas, kad tikra meil\u0117\" \/>\n<meta name=\"robots\" content=\"index, follow, max-snippet:-1, max-image-preview:large, max-video-preview:-1\" \/>\n<link rel=\"canonical\" href=\"https:\/\/skaitytaknyga.lt\/en\/produktas\/elizabeth-gilbert-pasizadeje-2\/\" \/>\n<meta property=\"og:locale\" content=\"en_GB\" \/>\n<meta property=\"og:locale:alternate\" content=\"lt_LT\" \/>\n<meta property=\"og:type\" content=\"article\" \/>\n<meta property=\"og:title\" content=\"Elizabeth Gilbert \u201ePasi\u017ead\u0117j\u0119&quot;\" \/>\n<meta property=\"og:description\" content=\"Antroji E. Gilbert memuar\u0173 knyga \u201ePasi\u017ead\u0117j\u0119\u201c \u2013 tai reveransas meilei su visais sud\u0117tingais jos vingiais ir atspalviais bei \u012frodymas, kad tikra meil\u0117\" \/>\n<meta property=\"og:url\" content=\"https:\/\/skaitytaknyga.lt\/en\/produktas\/elizabeth-gilbert-pasizadeje-2\/\" \/>\n<meta property=\"og:site_name\" content=\"Skaitytaknyga\" \/>\n<meta property=\"article:publisher\" content=\"https:\/\/www.facebook.com\/skaitytaknyga\/\" \/>\n<meta property=\"article:modified_time\" content=\"2025-11-17T18:39:30+00:00\" \/>\n<meta property=\"og:image\" content=\"https:\/\/skaitytaknyga.lt\/wp-content\/uploads\/2024\/04\/1462873098_cdbvirselispasizadeje2z1.jpg\" \/>\n\t<meta property=\"og:image:width\" content=\"286\" \/>\n\t<meta property=\"og:image:height\" content=\"430\" \/>\n\t<meta property=\"og:image:type\" content=\"image\/jpeg\" \/>\n<meta name=\"twitter:card\" content=\"summary_large_image\" \/>\n<meta name=\"twitter:label1\" content=\"Estimated reading time\" \/>\n\t<meta name=\"twitter:data1\" content=\"1 minute\" \/>\n<script type=\"application\/ld+json\" class=\"yoast-schema-graph\">{\"@context\":\"https:\\\/\\\/schema.org\",\"@graph\":[{\"@type\":\"WebPage\",\"@id\":\"https:\\\/\\\/skaitytaknyga.lt\\\/produktas\\\/elizabeth-gilbert-pasizadeje-2\\\/\",\"url\":\"https:\\\/\\\/skaitytaknyga.lt\\\/produktas\\\/elizabeth-gilbert-pasizadeje-2\\\/\",\"name\":\"Elizabeth Gilbert \u201ePasi\u017ead\u0117j\u0119\\\"\",\"isPartOf\":{\"@id\":\"https:\\\/\\\/skaitytaknyga.lt\\\/#website\"},\"primaryImageOfPage\":{\"@id\":\"https:\\\/\\\/skaitytaknyga.lt\\\/produktas\\\/elizabeth-gilbert-pasizadeje-2\\\/#primaryimage\"},\"image\":{\"@id\":\"https:\\\/\\\/skaitytaknyga.lt\\\/produktas\\\/elizabeth-gilbert-pasizadeje-2\\\/#primaryimage\"},\"thumbnailUrl\":\"https:\\\/\\\/skaitytaknyga.lt\\\/wp-content\\\/uploads\\\/2024\\\/04\\\/1462873098_cdbvirselispasizadeje2z1.jpg\",\"datePublished\":\"2024-05-04T14:30:55+00:00\",\"dateModified\":\"2025-11-17T18:39:30+00:00\",\"description\":\"Antroji E. Gilbert memuar\u0173 knyga \u201ePasi\u017ead\u0117j\u0119\u201c \u2013 tai reveransas meilei su visais sud\u0117tingais jos vingiais ir atspalviais bei \u012frodymas, kad tikra meil\u0117\",\"breadcrumb\":{\"@id\":\"https:\\\/\\\/skaitytaknyga.lt\\\/produktas\\\/elizabeth-gilbert-pasizadeje-2\\\/#breadcrumb\"},\"inLanguage\":\"en-GB\",\"potentialAction\":[{\"@type\":\"ReadAction\",\"target\":[\"https:\\\/\\\/skaitytaknyga.lt\\\/produktas\\\/elizabeth-gilbert-pasizadeje-2\\\/\"]}]},{\"@type\":\"ImageObject\",\"inLanguage\":\"en-GB\",\"@id\":\"https:\\\/\\\/skaitytaknyga.lt\\\/produktas\\\/elizabeth-gilbert-pasizadeje-2\\\/#primaryimage\",\"url\":\"https:\\\/\\\/skaitytaknyga.lt\\\/wp-content\\\/uploads\\\/2024\\\/04\\\/1462873098_cdbvirselispasizadeje2z1.jpg\",\"contentUrl\":\"https:\\\/\\\/skaitytaknyga.lt\\\/wp-content\\\/uploads\\\/2024\\\/04\\\/1462873098_cdbvirselispasizadeje2z1.jpg\",\"width\":286,\"height\":430,\"caption\":\"1462873098 cdbvirselispasizadeje2z1\"},{\"@type\":\"BreadcrumbList\",\"@id\":\"https:\\\/\\\/skaitytaknyga.lt\\\/produktas\\\/elizabeth-gilbert-pasizadeje-2\\\/#breadcrumb\",\"itemListElement\":[{\"@type\":\"ListItem\",\"position\":1,\"name\":\"Home\",\"item\":\"https:\\\/\\\/skaitytaknyga.lt\\\/\"},{\"@type\":\"ListItem\",\"position\":2,\"name\":\"Parduotuv\u0117\",\"item\":\"https:\\\/\\\/skaitytaknyga.lt\\\/knygu-parduotuve\\\/\"},{\"@type\":\"ListItem\",\"position\":3,\"name\":\"Elizabeth Gilbert \u201ePasi\u017ead\u0117j\u0119&#8221;\"}]},{\"@type\":\"WebSite\",\"@id\":\"https:\\\/\\\/skaitytaknyga.lt\\\/#website\",\"url\":\"https:\\\/\\\/skaitytaknyga.lt\\\/\",\"name\":\"skaitytaknyga.lt\",\"description\":\"Skaitytaknyga.lt \u2013 tai ma\u017eas \u0161eimos verslas, kuris prasid\u0117jo nuo meil\u0117s knygoms ir siekio i\u0161gelb\u0117ti knygas nuo likimo prie konteinerio. Kas vienam nereikalingas daiktas \u2013 kitam lobis, o mes esame tarpininkai, kurie padeda abiems tapti laimingesniems ???? \u017dinome kaip nelengva i\u0161gyventi ma\u017eiems verslams, tad nuo \u0161iol, \u010dia rasite ir kit\u0173, ma\u017e\u0173 \u0161eim\u0173 versl\u0173, rank\u0173 darbo, dovan\u0173 sau ir artimiesiems.\",\"publisher\":{\"@id\":\"https:\\\/\\\/skaitytaknyga.lt\\\/#organization\"},\"potentialAction\":[{\"@type\":\"SearchAction\",\"target\":{\"@type\":\"EntryPoint\",\"urlTemplate\":\"https:\\\/\\\/skaitytaknyga.lt\\\/?s={search_term_string}\"},\"query-input\":{\"@type\":\"PropertyValueSpecification\",\"valueRequired\":true,\"valueName\":\"search_term_string\"}}],\"inLanguage\":\"en-GB\"},{\"@type\":\"Organization\",\"@id\":\"https:\\\/\\\/skaitytaknyga.lt\\\/#organization\",\"name\":\"skaitytaknyga.lt\",\"url\":\"https:\\\/\\\/skaitytaknyga.lt\\\/\",\"logo\":{\"@type\":\"ImageObject\",\"inLanguage\":\"en-GB\",\"@id\":\"https:\\\/\\\/skaitytaknyga.lt\\\/#\\\/schema\\\/logo\\\/image\\\/\",\"url\":\"https:\\\/\\\/skaitytaknyga.lt\\\/wp-content\\\/uploads\\\/2024\\\/05\\\/cropped-cropped-cropped-02_00843_jt3bggkj1j3HLc7SyY6rEUpg.jpeg\",\"contentUrl\":\"https:\\\/\\\/skaitytaknyga.lt\\\/wp-content\\\/uploads\\\/2024\\\/05\\\/cropped-cropped-cropped-02_00843_jt3bggkj1j3HLc7SyY6rEUpg.jpeg\",\"width\":1600,\"height\":1600,\"caption\":\"skaitytaknyga.lt\"},\"image\":{\"@id\":\"https:\\\/\\\/skaitytaknyga.lt\\\/#\\\/schema\\\/logo\\\/image\\\/\"},\"sameAs\":[\"https:\\\/\\\/www.facebook.com\\\/skaitytaknyga\\\/\"]}]}<\/script>\n<!-- \/ Yoast SEO plugin. -->","yoast_head_json":{"title":"Elizabeth Gilbert \u201ePasi\u017ead\u0117j\u0119\"","description":"Antroji E. Gilbert memuar\u0173 knyga \u201ePasi\u017ead\u0117j\u0119\u201c \u2013 tai reveransas meilei su visais sud\u0117tingais jos vingiais ir atspalviais bei \u012frodymas, kad tikra meil\u0117","robots":{"index":"index","follow":"follow","max-snippet":"max-snippet:-1","max-image-preview":"max-image-preview:large","max-video-preview":"max-video-preview:-1"},"canonical":"https:\/\/skaitytaknyga.lt\/en\/produktas\/elizabeth-gilbert-pasizadeje-2\/","og_locale":"en_GB","og_type":"article","og_title":"[:lt]Elizabeth Gilbert \u201ePasi\u017ead\u0117j\u0119\"[:] - Skaitytaknyga","og_description":"Antroji E. Gilbert memuar\u0173 knyga \u201ePasi\u017ead\u0117j\u0119\u201c \u2013 tai reveransas meilei su visais sud\u0117tingais jos vingiais ir atspalviais bei \u012frodymas, kad tikra meil\u0117","og_url":"https:\/\/skaitytaknyga.lt\/en\/produktas\/elizabeth-gilbert-pasizadeje-2\/","og_site_name":"Skaitytaknyga","article_publisher":"https:\/\/www.facebook.com\/skaitytaknyga\/","article_modified_time":"2025-11-17T18:39:30+00:00","og_image":[{"width":286,"height":430,"url":"https:\/\/skaitytaknyga.lt\/wp-content\/uploads\/2024\/04\/1462873098_cdbvirselispasizadeje2z1.jpg","type":"image\/jpeg"}],"twitter_card":"summary_large_image","twitter_misc":{"Estimated reading time":"1 minute"},"schema":{"@context":"https:\/\/schema.org","@graph":[{"@type":"WebPage","@id":"https:\/\/skaitytaknyga.lt\/produktas\/elizabeth-gilbert-pasizadeje-2\/","url":"https:\/\/skaitytaknyga.lt\/produktas\/elizabeth-gilbert-pasizadeje-2\/","name":"Elizabeth Gilbert \u201ePasi\u017ead\u0117j\u0119\"","isPartOf":{"@id":"https:\/\/skaitytaknyga.lt\/#website"},"primaryImageOfPage":{"@id":"https:\/\/skaitytaknyga.lt\/produktas\/elizabeth-gilbert-pasizadeje-2\/#primaryimage"},"image":{"@id":"https:\/\/skaitytaknyga.lt\/produktas\/elizabeth-gilbert-pasizadeje-2\/#primaryimage"},"thumbnailUrl":"https:\/\/skaitytaknyga.lt\/wp-content\/uploads\/2024\/04\/1462873098_cdbvirselispasizadeje2z1.jpg","datePublished":"2024-05-04T14:30:55+00:00","dateModified":"2025-11-17T18:39:30+00:00","description":"Antroji E. Gilbert memuar\u0173 knyga \u201ePasi\u017ead\u0117j\u0119\u201c \u2013 tai reveransas meilei su visais sud\u0117tingais jos vingiais ir atspalviais bei \u012frodymas, kad tikra meil\u0117","breadcrumb":{"@id":"https:\/\/skaitytaknyga.lt\/produktas\/elizabeth-gilbert-pasizadeje-2\/#breadcrumb"},"inLanguage":"en-GB","potentialAction":[{"@type":"ReadAction","target":["https:\/\/skaitytaknyga.lt\/produktas\/elizabeth-gilbert-pasizadeje-2\/"]}]},{"@type":"ImageObject","inLanguage":"en-GB","@id":"https:\/\/skaitytaknyga.lt\/produktas\/elizabeth-gilbert-pasizadeje-2\/#primaryimage","url":"https:\/\/skaitytaknyga.lt\/wp-content\/uploads\/2024\/04\/1462873098_cdbvirselispasizadeje2z1.jpg","contentUrl":"https:\/\/skaitytaknyga.lt\/wp-content\/uploads\/2024\/04\/1462873098_cdbvirselispasizadeje2z1.jpg","width":286,"height":430,"caption":"1462873098 cdbvirselispasizadeje2z1"},{"@type":"BreadcrumbList","@id":"https:\/\/skaitytaknyga.lt\/produktas\/elizabeth-gilbert-pasizadeje-2\/#breadcrumb","itemListElement":[{"@type":"ListItem","position":1,"name":"Home","item":"https:\/\/skaitytaknyga.lt\/"},{"@type":"ListItem","position":2,"name":"Parduotuv\u0117","item":"https:\/\/skaitytaknyga.lt\/knygu-parduotuve\/"},{"@type":"ListItem","position":3,"name":"Elizabeth Gilbert \u201ePasi\u017ead\u0117j\u0119&#8221;"}]},{"@type":"WebSite","@id":"https:\/\/skaitytaknyga.lt\/#website","url":"https:\/\/skaitytaknyga.lt\/","name":"skaitytaknyga.lt","description":"Skaitytaknyga.lt \u2013 tai ma\u017eas \u0161eimos verslas, kuris prasid\u0117jo nuo meil\u0117s knygoms ir siekio i\u0161gelb\u0117ti knygas nuo likimo prie konteinerio. Kas vienam nereikalingas daiktas \u2013 kitam lobis, o mes esame tarpininkai, kurie padeda abiems tapti laimingesniems ???? \u017dinome kaip nelengva i\u0161gyventi ma\u017eiems verslams, tad nuo \u0161iol, \u010dia rasite ir kit\u0173, ma\u017e\u0173 \u0161eim\u0173 versl\u0173, rank\u0173 darbo, dovan\u0173 sau ir artimiesiems.","publisher":{"@id":"https:\/\/skaitytaknyga.lt\/#organization"},"potentialAction":[{"@type":"SearchAction","target":{"@type":"EntryPoint","urlTemplate":"https:\/\/skaitytaknyga.lt\/?s={search_term_string}"},"query-input":{"@type":"PropertyValueSpecification","valueRequired":true,"valueName":"search_term_string"}}],"inLanguage":"en-GB"},{"@type":"Organization","@id":"https:\/\/skaitytaknyga.lt\/#organization","name":"skaitytaknyga.lt","url":"https:\/\/skaitytaknyga.lt\/","logo":{"@type":"ImageObject","inLanguage":"en-GB","@id":"https:\/\/skaitytaknyga.lt\/#\/schema\/logo\/image\/","url":"https:\/\/skaitytaknyga.lt\/wp-content\/uploads\/2024\/05\/cropped-cropped-cropped-02_00843_jt3bggkj1j3HLc7SyY6rEUpg.jpeg","contentUrl":"https:\/\/skaitytaknyga.lt\/wp-content\/uploads\/2024\/05\/cropped-cropped-cropped-02_00843_jt3bggkj1j3HLc7SyY6rEUpg.jpeg","width":1600,"height":1600,"caption":"skaitytaknyga.lt"},"image":{"@id":"https:\/\/skaitytaknyga.lt\/#\/schema\/logo\/image\/"},"sameAs":["https:\/\/www.facebook.com\/skaitytaknyga\/"]}]}},"_links":{"self":[{"href":"https:\/\/skaitytaknyga.lt\/en\/wp-json\/wp\/v2\/product\/7509","targetHints":{"allow":["GET"]}}],"collection":[{"href":"https:\/\/skaitytaknyga.lt\/en\/wp-json\/wp\/v2\/product"}],"about":[{"href":"https:\/\/skaitytaknyga.lt\/en\/wp-json\/wp\/v2\/types\/product"}],"replies":[{"embeddable":true,"href":"https:\/\/skaitytaknyga.lt\/en\/wp-json\/wp\/v2\/comments?post=7509"}],"wp:featuredmedia":[{"embeddable":true,"href":"https:\/\/skaitytaknyga.lt\/en\/wp-json\/wp\/v2\/media\/2623"}],"wp:attachment":[{"href":"https:\/\/skaitytaknyga.lt\/en\/wp-json\/wp\/v2\/media?parent=7509"}],"wp:term":[{"taxonomy":"product_brand","embeddable":true,"href":"https:\/\/skaitytaknyga.lt\/en\/wp-json\/wp\/v2\/product_brand?post=7509"},{"taxonomy":"product_cat","embeddable":true,"href":"https:\/\/skaitytaknyga.lt\/en\/wp-json\/wp\/v2\/product_cat?post=7509"},{"taxonomy":"product_tag","embeddable":true,"href":"https:\/\/skaitytaknyga.lt\/en\/wp-json\/wp\/v2\/product_tag?post=7509"}],"curies":[{"name":"wp","href":"https:\/\/api.w.org\/{rel}","templated":true}]}}