{"id":7504,"date":"2024-05-04T17:30:39","date_gmt":"2024-05-04T14:30:39","guid":{"rendered":"https:\/\/skaitytaknyga.lt\/?post_type=product&#038;p=7504"},"modified":"2025-11-17T20:38:41","modified_gmt":"2025-11-17T18:38:41","slug":"sarah-ban-breathnach-paprasta-pilnatve","status":"publish","type":"product","link":"https:\/\/skaitytaknyga.lt\/en\/produktas\/sarah-ban-breathnach-paprasta-pilnatve\/","title":{"rendered":"Paprasta pilnatv\u0117"},"content":{"rendered":"<p><strong>\u201ePaprasta pilnatv\u0117\u201c<\/strong>\u00a0\u2013 tai pa\u0161nekesiai siekian\u010dioms \u0161viesaus dvasingumo moterims. Knygoje pasakojama, kaip galite i\u0161reik\u0161ti save kasdieniniame gyvenime: skindamos dar\u017ee savo m\u0117gstamiausias dar\u017eoves, ie\u0161kodamos \u201elobi\u0173\u201c sendaik\u010di\u0173 turguje, savo namuose sukurdamos \u0161vent\u0105 vietel\u0119 apm\u0105stymams arba \u012fsiklausydamos \u012f met\u0173 laik\u0173 kaitos ritm\u0105. \u010cia itin svarbi mistin\u0117 gyvenimo ir Sielos galia. \u017dengdama pasirinktu keliu kiekvien\u0105 dien\u0105 patirsite vis daugiau laim\u0117s, b\u016bsite vis labiau patenkinta gyvenimu, pajusite, kas yra\u00a0<strong>paprasta pilnatv\u0117<\/strong>.<\/p>\n<p>G\u0117r\u0117kit\u0117s paprastomis, bet did\u017eiomis tiesomis ir ne\u0161yk\u0161t\u0117kite nepaprast\u0173 dvasing\u0173 dovan\u0173 kiekvienai sutiktai moteriai: atskleiskite savo tikr\u0105j\u012f \u201ea\u0161\u201c \u2013 atverkite siel\u0105.<\/p>\n<p><em>Ra\u0161ydama\u00a0<strong>\u201ePaprast\u0105 pilnatv\u0119&#8221;<\/strong>\u00a0supratau, kad buvau nelaiminga, nusivylusi, pikta ir pavydi tod\u0117l, kad negyvenau savo tikrojo gyvenimo, kuriam buvau gimusi,<\/em>\u00a0\u2013 prisipa\u017e\u012fsta autor\u0117.<br \/>\n\u0160iai ry\u017etingai moteriai pavyko \u012fveikti nelengv\u0105 \u017eyg\u012f \u012f save, i\u0161 esm\u0117s pakeitus\u012f jos po\u017ei\u016br\u012f \u012f savo asmenyb\u0119 ir \u012f kasdienyb\u0119. Mano tikrasis \u201ea\u0161&#8221; padar\u0117 regim\u0105 mano siel\u0105.<\/p>\n<p>Patirkite daugiau laim\u0117s, m\u0117gaukit\u0117s gyvenimu, pajuskite, kas yra paprasta pilnatv\u0117. G\u0117r\u0117kit\u0117s paprastomis, bet did\u017eiomis tiesomis ir ne\u0161yk\u0161t\u0117kite nepaprast\u0173 dvasing\u0173 dovan\u0173 kiekvienai sutiktai moteriai. Atskleiskite savo tikr\u0105j\u012f &#8220;A\u0161&#8221; \u2013 atverkite siel\u0105. Stenkit\u0117s gyventi SAVO GYVENIM\u0104 .<\/p>\n<p><strong>\u201ePaprastos pilnatv\u0117s&#8221;<\/strong>\u00a0d\u017eiaugsmo ir ramyb\u0117s pamokos tikrai pad\u0117s jums rasti keli\u0105 \u012f tikr\u0105j\u012f gyvenim\u0105, kuriam esate gimusios.<\/p>\n<ul class=\"about-product d-none d-xl-block mt-4\">\n<li><strong>Originalus pavadinimas:<\/strong>\u00a0Simple Abundance: A Daybook of Comfort and Joy<\/li>\n<li><strong>Autorius:<\/strong>\u00a0Sarah Ban Breathnach<\/li>\n<li><strong>Leid\u0117jas:<\/strong>\u00a0Algarv\u0117<\/li>\n<li><strong>Metai:<\/strong>\u00a02016<\/li>\n<li><strong>Puslapiai:<\/strong>\u00a0552<\/li>\n<li><strong>ISBN:<\/strong>\u00a09789986856467<\/li>\n<li><strong>Versijos kodas:<\/strong>\u00a0PT.<\/li>\n<li><strong>Formatas:<\/strong>\u00a014,5 x 24 x 3,4 cm, kieti vir\u0161eliai<\/li>\n<li><strong>Kalba:<\/strong>\u00a0Lietuvi\u0173<\/li>\n<li><strong>Vert\u0117jas:<\/strong>\u00a0Inita Tamo\u0161i\u016bnien\u0117<\/li>\n<\/ul>\n","protected":false},"excerpt":{"rendered":"<p>\u201ePaprasta pilnatv\u0117\u201c\u00a0\u2013 tai pa\u0161nekesiai siekian\u010dioms \u0161viesaus dvasingumo moterims. Knygoje pasakojama, kaip galite i\u0161reik\u0161ti save kasdieniniame gyvenime: skindamos dar\u017ee savo m\u0117gstamiausias dar\u017eoves, ie\u0161kodamos \u201elobi\u0173\u201c sendaik\u010di\u0173 turguje, savo namuose sukurdamos \u0161vent\u0105 vietel\u0119 apm\u0105stymams arba \u012fsiklausydamos \u012f met\u0173 laik\u0173 kaitos ritm\u0105. \u010cia itin svarbi mistin\u0117 gyvenimo ir Sielos galia. \u017dengdama pasirinktu keliu kiekvien\u0105 dien\u0105 patirsite vis daugiau laim\u0117s, b\u016bsite vis labiau patenkinta gyvenimu, pajusite, kas yra\u00a0paprasta pilnatv\u0117. G\u0117r\u0117kit\u0117s paprastomis, bet did\u017eiomis tiesomis ir ne\u0161yk\u0161t\u0117kite nepaprast\u0173 dvasing\u0173 dovan\u0173 kiekvienai sutiktai moteriai: atskleiskite savo tikr\u0105j\u012f \u201ea\u0161\u201c \u2013 atverkite siel\u0105. Ra\u0161ydama\u00a0\u201ePaprast\u0105 pilnatv\u0119&#8221;\u00a0supratau, kad buvau nelaiminga, nusivylusi, pikta ir pavydi tod\u0117l, kad negyvenau savo tikrojo gyvenimo, kuriam buvau gimusi,\u00a0\u2013 prisipa\u017e\u012fsta autor\u0117. \u0160iai ry\u017etingai moteriai pavyko \u012fveikti nelengv\u0105 \u017eyg\u012f \u012f save, i\u0161 esm\u0117s pakeitus\u012f jos po\u017ei\u016br\u012f \u012f savo asmenyb\u0119 ir \u012f kasdienyb\u0119. Mano tikrasis \u201ea\u0161&#8221; padar\u0117 regim\u0105 mano siel\u0105. Patirkite daugiau laim\u0117s, m\u0117gaukit\u0117s gyvenimu, pajuskite, kas yra paprasta pilnatv\u0117. G\u0117r\u0117kit\u0117s paprastomis, bet did\u017eiomis tiesomis ir ne\u0161yk\u0161t\u0117kite nepaprast\u0173 dvasing\u0173 dovan\u0173 kiekvienai sutiktai moteriai. Atskleiskite savo tikr\u0105j\u012f &#8220;A\u0161&#8221; \u2013 atverkite siel\u0105. Stenkit\u0117s gyventi SAVO GYVENIM\u0104 . \u201ePaprastos pilnatv\u0117s&#8221;\u00a0d\u017eiaugsmo ir ramyb\u0117s pamokos tikrai pad\u0117s jums rasti keli\u0105 \u012f tikr\u0105j\u012f gyvenim\u0105, kuriam esate gimusios. Originalus pavadinimas:\u00a0Simple Abundance: A Daybook of Comfort and Joy Autorius:\u00a0Sarah Ban Breathnach Leid\u0117jas:\u00a0Algarv\u0117 Metai:\u00a02016 Puslapiai:\u00a0552 ISBN:\u00a09789986856467 Versijos kodas:\u00a0PT. Formatas:\u00a014,5 x 24 x 3,4 cm, kieti vir\u0161eliai Kalba:\u00a0Lietuvi\u0173 Vert\u0117jas:\u00a0Inita Tamo\u0161i\u016bnien\u0117<\/p>\n","protected":false},"featured_media":2615,"comment_status":"closed","ping_status":"closed","template":"","meta":{"_acf_changed":false,"site-sidebar-layout":"default","site-content-layout":"","ast-site-content-layout":"default","site-content-style":"default","site-sidebar-style":"default","ast-global-header-display":"","ast-banner-title-visibility":"","ast-main-header-display":"","ast-hfb-above-header-display":"","ast-hfb-below-header-display":"","ast-hfb-mobile-header-display":"","site-post-title":"","ast-breadcrumbs-content":"","ast-featured-img":"","footer-sml-layout":"","ast-disable-related-posts":"","theme-transparent-header-meta":"default","adv-header-id-meta":"","stick-header-meta":"","header-above-stick-meta":"","header-main-stick-meta":"","header-below-stick-meta":"","astra-migrate-meta-layouts":"set","ast-page-background-enabled":"default","ast-page-background-meta":{"desktop":{"background-color":"","background-image":"","background-repeat":"repeat","background-position":"center center","background-size":"auto","background-attachment":"scroll","background-type":"","background-media":"","overlay-type":"","overlay-color":"","overlay-opacity":"","overlay-gradient":""},"tablet":{"background-color":"","background-image":"","background-repeat":"repeat","background-position":"center center","background-size":"auto","background-attachment":"scroll","background-type":"","background-media":"","overlay-type":"","overlay-color":"","overlay-opacity":"","overlay-gradient":""},"mobile":{"background-color":"","background-image":"","background-repeat":"repeat","background-position":"center center","background-size":"auto","background-attachment":"scroll","background-type":"","background-media":"","overlay-type":"","overlay-color":"","overlay-opacity":"","overlay-gradient":""}},"ast-content-background-meta":{"desktop":{"background-color":"var(--ast-global-color-4)","background-image":"","background-repeat":"repeat","background-position":"center center","background-size":"auto","background-attachment":"scroll","background-type":"","background-media":"","overlay-type":"","overlay-color":"","overlay-opacity":"","overlay-gradient":""},"tablet":{"background-color":"var(--ast-global-color-4)","background-image":"","background-repeat":"repeat","background-position":"center center","background-size":"auto","background-attachment":"scroll","background-type":"","background-media":"","overlay-type":"","overlay-color":"","overlay-opacity":"","overlay-gradient":""},"mobile":{"background-color":"var(--ast-global-color-4)","background-image":"","background-repeat":"repeat","background-position":"center center","background-size":"auto","background-attachment":"scroll","background-type":"","background-media":"","overlay-type":"","overlay-color":"","overlay-opacity":"","overlay-gradient":""}}},"product_brand":[],"product_cat":[30],"product_tag":[2037,2038,2036,1396],"class_list":{"0":"post-7504","1":"product","2":"type-product","3":"status-publish","4":"has-post-thumbnail","6":"product_cat-psichologija-ir-saviugda","7":"product_tag-dvasine-ramybe","8":"product_tag-kasdienybes-grozis","9":"product_tag-sarah-ban-breathnach","10":"product_tag-saviugda","11":"desktop-align-left","12":"tablet-align-left","13":"mobile-align-left","15":"first","16":"instock","17":"shipping-taxable","18":"purchasable","19":"product-type-simple"},"acf":[],"yoast_head":"<!-- This site is optimized with the Yoast SEO plugin v27.0 - https:\/\/yoast.com\/product\/yoast-seo-wordpress\/ -->\n<title>Paprasta pilnatv\u0117<\/title>\n<meta name=\"description\" content=\"\u201ePaprasta pilnatv\u0117\u201c\u00a0\u2013 tai pa\u0161nekesiai siekian\u010dioms \u0161viesaus dvasingumo moterims. Knygoje pasakojama, kaip galite i\u0161reik\u0161ti save kasdieniniame gyvenime:\" \/>\n<meta name=\"robots\" content=\"index, follow, max-snippet:-1, max-image-preview:large, max-video-preview:-1\" \/>\n<link rel=\"canonical\" href=\"https:\/\/skaitytaknyga.lt\/en\/produktas\/sarah-ban-breathnach-paprasta-pilnatve\/\" \/>\n<meta property=\"og:locale\" content=\"en_GB\" \/>\n<meta property=\"og:locale:alternate\" content=\"lt_LT\" \/>\n<meta property=\"og:type\" content=\"article\" \/>\n<meta property=\"og:title\" content=\"Paprasta pilnatv\u0117\" \/>\n<meta property=\"og:description\" content=\"\u201ePaprasta pilnatv\u0117\u201c\u00a0\u2013 tai pa\u0161nekesiai siekian\u010dioms \u0161viesaus dvasingumo moterims. Knygoje pasakojama, kaip galite i\u0161reik\u0161ti save kasdieniniame gyvenime:\" \/>\n<meta property=\"og:url\" content=\"https:\/\/skaitytaknyga.lt\/en\/produktas\/sarah-ban-breathnach-paprasta-pilnatve\/\" \/>\n<meta property=\"og:site_name\" content=\"Skaitytaknyga\" \/>\n<meta property=\"article:publisher\" content=\"https:\/\/www.facebook.com\/skaitytaknyga\/\" \/>\n<meta property=\"article:modified_time\" content=\"2025-11-17T18:38:41+00:00\" \/>\n<meta property=\"og:image\" content=\"https:\/\/skaitytaknyga.lt\/wp-content\/uploads\/2024\/04\/1462873300_paprastapilnatve.jpg\" \/>\n\t<meta property=\"og:image:width\" content=\"260\" \/>\n\t<meta property=\"og:image:height\" content=\"430\" \/>\n\t<meta property=\"og:image:type\" content=\"image\/jpeg\" \/>\n<meta name=\"twitter:card\" content=\"summary_large_image\" \/>\n<meta name=\"twitter:label1\" content=\"Estimated reading time\" \/>\n\t<meta name=\"twitter:data1\" content=\"2 minutes\" \/>\n<script type=\"application\/ld+json\" class=\"yoast-schema-graph\">{\"@context\":\"https:\/\/schema.org\",\"@graph\":[{\"@type\":\"WebPage\",\"@id\":\"https:\/\/skaitytaknyga.lt\/produktas\/sarah-ban-breathnach-paprasta-pilnatve\/\",\"url\":\"https:\/\/skaitytaknyga.lt\/produktas\/sarah-ban-breathnach-paprasta-pilnatve\/\",\"name\":\"Paprasta pilnatv\u0117\",\"isPartOf\":{\"@id\":\"https:\/\/skaitytaknyga.lt\/#website\"},\"primaryImageOfPage\":{\"@id\":\"https:\/\/skaitytaknyga.lt\/produktas\/sarah-ban-breathnach-paprasta-pilnatve\/#primaryimage\"},\"image\":{\"@id\":\"https:\/\/skaitytaknyga.lt\/produktas\/sarah-ban-breathnach-paprasta-pilnatve\/#primaryimage\"},\"thumbnailUrl\":\"https:\/\/skaitytaknyga.lt\/wp-content\/uploads\/2024\/04\/1462873300_paprastapilnatve.jpg\",\"datePublished\":\"2024-05-04T14:30:39+00:00\",\"dateModified\":\"2025-11-17T18:38:41+00:00\",\"description\":\"\u201ePaprasta pilnatv\u0117\u201c\u00a0\u2013 tai pa\u0161nekesiai siekian\u010dioms \u0161viesaus dvasingumo moterims. Knygoje pasakojama, kaip galite i\u0161reik\u0161ti save kasdieniniame gyvenime:\",\"breadcrumb\":{\"@id\":\"https:\/\/skaitytaknyga.lt\/produktas\/sarah-ban-breathnach-paprasta-pilnatve\/#breadcrumb\"},\"inLanguage\":\"en-GB\",\"potentialAction\":[{\"@type\":\"ReadAction\",\"target\":[\"https:\/\/skaitytaknyga.lt\/produktas\/sarah-ban-breathnach-paprasta-pilnatve\/\"]}]},{\"@type\":\"ImageObject\",\"inLanguage\":\"en-GB\",\"@id\":\"https:\/\/skaitytaknyga.lt\/produktas\/sarah-ban-breathnach-paprasta-pilnatve\/#primaryimage\",\"url\":\"https:\/\/skaitytaknyga.lt\/wp-content\/uploads\/2024\/04\/1462873300_paprastapilnatve.jpg\",\"contentUrl\":\"https:\/\/skaitytaknyga.lt\/wp-content\/uploads\/2024\/04\/1462873300_paprastapilnatve.jpg\",\"width\":260,\"height\":430,\"caption\":\"1462873300 paprastapilnatve\"},{\"@type\":\"BreadcrumbList\",\"@id\":\"https:\/\/skaitytaknyga.lt\/produktas\/sarah-ban-breathnach-paprasta-pilnatve\/#breadcrumb\",\"itemListElement\":[{\"@type\":\"ListItem\",\"position\":1,\"name\":\"Home\",\"item\":\"https:\/\/skaitytaknyga.lt\/\"},{\"@type\":\"ListItem\",\"position\":2,\"name\":\"Parduotuv\u0117\",\"item\":\"https:\/\/skaitytaknyga.lt\/knygu-parduotuve\/\"},{\"@type\":\"ListItem\",\"position\":3,\"name\":\"Paprasta pilnatv\u0117\"}]},{\"@type\":\"WebSite\",\"@id\":\"https:\/\/skaitytaknyga.lt\/#website\",\"url\":\"https:\/\/skaitytaknyga.lt\/\",\"name\":\"skaitytaknyga.lt\",\"description\":\"Skaitytaknyga.lt \u2013 tai ma\u017eas \u0161eimos verslas, kuris prasid\u0117jo nuo meil\u0117s knygoms ir siekio i\u0161gelb\u0117ti knygas nuo likimo prie konteinerio. Kas vienam nereikalingas daiktas \u2013 kitam lobis, o mes esame tarpininkai, kurie padeda abiems tapti laimingesniems ???? \u017dinome kaip nelengva i\u0161gyventi ma\u017eiems verslams, tad nuo \u0161iol, \u010dia rasite ir kit\u0173, ma\u017e\u0173 \u0161eim\u0173 versl\u0173, rank\u0173 darbo, dovan\u0173 sau ir artimiesiems.\",\"publisher\":{\"@id\":\"https:\/\/skaitytaknyga.lt\/#organization\"},\"potentialAction\":[{\"@type\":\"SearchAction\",\"target\":{\"@type\":\"EntryPoint\",\"urlTemplate\":\"https:\/\/skaitytaknyga.lt\/?s={search_term_string}\"},\"query-input\":{\"@type\":\"PropertyValueSpecification\",\"valueRequired\":true,\"valueName\":\"search_term_string\"}}],\"inLanguage\":\"en-GB\"},{\"@type\":\"Organization\",\"@id\":\"https:\/\/skaitytaknyga.lt\/#organization\",\"name\":\"skaitytaknyga.lt\",\"url\":\"https:\/\/skaitytaknyga.lt\/\",\"logo\":{\"@type\":\"ImageObject\",\"inLanguage\":\"en-GB\",\"@id\":\"https:\/\/skaitytaknyga.lt\/#\/schema\/logo\/image\/\",\"url\":\"https:\/\/skaitytaknyga.lt\/wp-content\/uploads\/2024\/05\/cropped-cropped-cropped-02_00843_jt3bggkj1j3HLc7SyY6rEUpg.jpeg\",\"contentUrl\":\"https:\/\/skaitytaknyga.lt\/wp-content\/uploads\/2024\/05\/cropped-cropped-cropped-02_00843_jt3bggkj1j3HLc7SyY6rEUpg.jpeg\",\"width\":1600,\"height\":1600,\"caption\":\"skaitytaknyga.lt\"},\"image\":{\"@id\":\"https:\/\/skaitytaknyga.lt\/#\/schema\/logo\/image\/\"},\"sameAs\":[\"https:\/\/www.facebook.com\/skaitytaknyga\/\"]}]}<\/script>\n<!-- \/ Yoast SEO plugin. -->","yoast_head_json":{"title":"Paprasta pilnatv\u0117","description":"\u201ePaprasta pilnatv\u0117\u201c\u00a0\u2013 tai pa\u0161nekesiai siekian\u010dioms \u0161viesaus dvasingumo moterims. Knygoje pasakojama, kaip galite i\u0161reik\u0161ti save kasdieniniame gyvenime:","robots":{"index":"index","follow":"follow","max-snippet":"max-snippet:-1","max-image-preview":"max-image-preview:large","max-video-preview":"max-video-preview:-1"},"canonical":"https:\/\/skaitytaknyga.lt\/en\/produktas\/sarah-ban-breathnach-paprasta-pilnatve\/","og_locale":"en_GB","og_type":"article","og_title":"[:lt]Paprasta pilnatv\u0117[:] - Skaitytaknyga","og_description":"\u201ePaprasta pilnatv\u0117\u201c\u00a0\u2013 tai pa\u0161nekesiai siekian\u010dioms \u0161viesaus dvasingumo moterims. Knygoje pasakojama, kaip galite i\u0161reik\u0161ti save kasdieniniame gyvenime:","og_url":"https:\/\/skaitytaknyga.lt\/en\/produktas\/sarah-ban-breathnach-paprasta-pilnatve\/","og_site_name":"Skaitytaknyga","article_publisher":"https:\/\/www.facebook.com\/skaitytaknyga\/","article_modified_time":"2025-11-17T18:38:41+00:00","og_image":[{"width":260,"height":430,"url":"https:\/\/skaitytaknyga.lt\/wp-content\/uploads\/2024\/04\/1462873300_paprastapilnatve.jpg","type":"image\/jpeg"}],"twitter_card":"summary_large_image","twitter_misc":{"Estimated reading time":"2 minutes"},"schema":{"@context":"https:\/\/schema.org","@graph":[{"@type":"WebPage","@id":"https:\/\/skaitytaknyga.lt\/produktas\/sarah-ban-breathnach-paprasta-pilnatve\/","url":"https:\/\/skaitytaknyga.lt\/produktas\/sarah-ban-breathnach-paprasta-pilnatve\/","name":"Paprasta pilnatv\u0117","isPartOf":{"@id":"https:\/\/skaitytaknyga.lt\/#website"},"primaryImageOfPage":{"@id":"https:\/\/skaitytaknyga.lt\/produktas\/sarah-ban-breathnach-paprasta-pilnatve\/#primaryimage"},"image":{"@id":"https:\/\/skaitytaknyga.lt\/produktas\/sarah-ban-breathnach-paprasta-pilnatve\/#primaryimage"},"thumbnailUrl":"https:\/\/skaitytaknyga.lt\/wp-content\/uploads\/2024\/04\/1462873300_paprastapilnatve.jpg","datePublished":"2024-05-04T14:30:39+00:00","dateModified":"2025-11-17T18:38:41+00:00","description":"\u201ePaprasta pilnatv\u0117\u201c\u00a0\u2013 tai pa\u0161nekesiai siekian\u010dioms \u0161viesaus dvasingumo moterims. Knygoje pasakojama, kaip galite i\u0161reik\u0161ti save kasdieniniame gyvenime:","breadcrumb":{"@id":"https:\/\/skaitytaknyga.lt\/produktas\/sarah-ban-breathnach-paprasta-pilnatve\/#breadcrumb"},"inLanguage":"en-GB","potentialAction":[{"@type":"ReadAction","target":["https:\/\/skaitytaknyga.lt\/produktas\/sarah-ban-breathnach-paprasta-pilnatve\/"]}]},{"@type":"ImageObject","inLanguage":"en-GB","@id":"https:\/\/skaitytaknyga.lt\/produktas\/sarah-ban-breathnach-paprasta-pilnatve\/#primaryimage","url":"https:\/\/skaitytaknyga.lt\/wp-content\/uploads\/2024\/04\/1462873300_paprastapilnatve.jpg","contentUrl":"https:\/\/skaitytaknyga.lt\/wp-content\/uploads\/2024\/04\/1462873300_paprastapilnatve.jpg","width":260,"height":430,"caption":"1462873300 paprastapilnatve"},{"@type":"BreadcrumbList","@id":"https:\/\/skaitytaknyga.lt\/produktas\/sarah-ban-breathnach-paprasta-pilnatve\/#breadcrumb","itemListElement":[{"@type":"ListItem","position":1,"name":"Home","item":"https:\/\/skaitytaknyga.lt\/"},{"@type":"ListItem","position":2,"name":"Parduotuv\u0117","item":"https:\/\/skaitytaknyga.lt\/knygu-parduotuve\/"},{"@type":"ListItem","position":3,"name":"Paprasta pilnatv\u0117"}]},{"@type":"WebSite","@id":"https:\/\/skaitytaknyga.lt\/#website","url":"https:\/\/skaitytaknyga.lt\/","name":"skaitytaknyga.lt","description":"Skaitytaknyga.lt \u2013 tai ma\u017eas \u0161eimos verslas, kuris prasid\u0117jo nuo meil\u0117s knygoms ir siekio i\u0161gelb\u0117ti knygas nuo likimo prie konteinerio. Kas vienam nereikalingas daiktas \u2013 kitam lobis, o mes esame tarpininkai, kurie padeda abiems tapti laimingesniems ???? \u017dinome kaip nelengva i\u0161gyventi ma\u017eiems verslams, tad nuo \u0161iol, \u010dia rasite ir kit\u0173, ma\u017e\u0173 \u0161eim\u0173 versl\u0173, rank\u0173 darbo, dovan\u0173 sau ir artimiesiems.","publisher":{"@id":"https:\/\/skaitytaknyga.lt\/#organization"},"potentialAction":[{"@type":"SearchAction","target":{"@type":"EntryPoint","urlTemplate":"https:\/\/skaitytaknyga.lt\/?s={search_term_string}"},"query-input":{"@type":"PropertyValueSpecification","valueRequired":true,"valueName":"search_term_string"}}],"inLanguage":"en-GB"},{"@type":"Organization","@id":"https:\/\/skaitytaknyga.lt\/#organization","name":"skaitytaknyga.lt","url":"https:\/\/skaitytaknyga.lt\/","logo":{"@type":"ImageObject","inLanguage":"en-GB","@id":"https:\/\/skaitytaknyga.lt\/#\/schema\/logo\/image\/","url":"https:\/\/skaitytaknyga.lt\/wp-content\/uploads\/2024\/05\/cropped-cropped-cropped-02_00843_jt3bggkj1j3HLc7SyY6rEUpg.jpeg","contentUrl":"https:\/\/skaitytaknyga.lt\/wp-content\/uploads\/2024\/05\/cropped-cropped-cropped-02_00843_jt3bggkj1j3HLc7SyY6rEUpg.jpeg","width":1600,"height":1600,"caption":"skaitytaknyga.lt"},"image":{"@id":"https:\/\/skaitytaknyga.lt\/#\/schema\/logo\/image\/"},"sameAs":["https:\/\/www.facebook.com\/skaitytaknyga\/"]}]}},"_links":{"self":[{"href":"https:\/\/skaitytaknyga.lt\/en\/wp-json\/wp\/v2\/product\/7504","targetHints":{"allow":["GET"]}}],"collection":[{"href":"https:\/\/skaitytaknyga.lt\/en\/wp-json\/wp\/v2\/product"}],"about":[{"href":"https:\/\/skaitytaknyga.lt\/en\/wp-json\/wp\/v2\/types\/product"}],"replies":[{"embeddable":true,"href":"https:\/\/skaitytaknyga.lt\/en\/wp-json\/wp\/v2\/comments?post=7504"}],"wp:featuredmedia":[{"embeddable":true,"href":"https:\/\/skaitytaknyga.lt\/en\/wp-json\/wp\/v2\/media\/2615"}],"wp:attachment":[{"href":"https:\/\/skaitytaknyga.lt\/en\/wp-json\/wp\/v2\/media?parent=7504"}],"wp:term":[{"taxonomy":"product_brand","embeddable":true,"href":"https:\/\/skaitytaknyga.lt\/en\/wp-json\/wp\/v2\/product_brand?post=7504"},{"taxonomy":"product_cat","embeddable":true,"href":"https:\/\/skaitytaknyga.lt\/en\/wp-json\/wp\/v2\/product_cat?post=7504"},{"taxonomy":"product_tag","embeddable":true,"href":"https:\/\/skaitytaknyga.lt\/en\/wp-json\/wp\/v2\/product_tag?post=7504"}],"curies":[{"name":"wp","href":"https:\/\/api.w.org\/{rel}","templated":true}]}}