{"id":7498,"date":"2024-05-04T17:30:38","date_gmt":"2024-05-04T14:30:38","guid":{"rendered":"https:\/\/skaitytaknyga.lt\/?post_type=product&#038;p=7498"},"modified":"2025-05-13T14:43:10","modified_gmt":"2025-05-13T11:43:10","slug":"olegas-lapinas-vienas-megabaitas-apie-meile-vyru-ir-moteru-santykiai","status":"publish","type":"product","link":"https:\/\/skaitytaknyga.lt\/en\/produktas\/olegas-lapinas-vienas-megabaitas-apie-meile-vyru-ir-moteru-santykiai\/","title":{"rendered":"Vienas megabaitas apie meil\u0119. Vyr\u0173 ir moter\u0173 santykiai"},"content":{"rendered":"<p>Psichoterapeutas Olegas Lapinas linksmina ir piktina skaitytojus savo tekstais. Jo ra\u0161iniai karaliauja \u201etopuose\u201c, jis sub\u016br\u0117 nuolatin\u0119 auditorij\u0105, jo netradicinis po\u017ei\u016bris \u012f am\u017einas problemas i\u0161provokuoja \u0161imtus komentar\u0173, o ne\u012ftik\u0117tinas humoro jausmas ir savitas stilius tarsi i\u0161ver\u010dia  nuvalkiotas tiesas \u012f kit\u0105 pus\u0119.<\/p>\n<p>Gyvenimo d\u0117snius, ly\u010di\u0173 skirtumus, m\u016bs\u0173 stereotipus, ydas bei silpnybes O. Lapinas suka linksmoje karusel\u0117je, priver\u010dia nusijuokti, pa\u017evelgti \u012f senas nuostatas kitaip \u2013 optimisti\u0161kai ir naujai. \u0160ioje knygoje rasite populiariausius autoriaus straipsnius ir, be abejon\u0117s, atsakymus \u012f daugel\u012f jums r\u016bpim\u0173 klausim\u0173.<\/p>\n","protected":false},"excerpt":{"rendered":"<p>Psichoterapeutas Olegas Lapinas linksmina ir piktina skaitytojus savo tekstais. Jo ra\u0161iniai karaliauja \u201etopuose\u201c, jis sub\u016br\u0117 nuolatin\u0119 auditorij\u0105, jo netradicinis po\u017ei\u016bris \u012f am\u017einas problemas i\u0161provokuoja \u0161imtus komentar\u0173, o ne\u012ftik\u0117tinas humoro jausmas ir savitas stilius tarsi i\u0161ver\u010dia nuvalkiotas tiesas \u012f kit\u0105 pus\u0119. Gyvenimo d\u0117snius, ly\u010di\u0173 skirtumus, m\u016bs\u0173 stereotipus, ydas bei silpnybes O. Lapinas suka linksmoje karusel\u0117je, priver\u010dia nusijuokti, pa\u017evelgti \u012f senas nuostatas kitaip \u2013 optimisti\u0161kai ir naujai. \u0160ioje knygoje rasite populiariausius autoriaus straipsnius ir, be abejon\u0117s, atsakymus \u012f daugel\u012f jums r\u016bpim\u0173 klausim\u0173.<\/p>\n","protected":false},"featured_media":2583,"comment_status":"closed","ping_status":"closed","template":"","meta":{"_acf_changed":false,"site-sidebar-layout":"default","site-content-layout":"","ast-site-content-layout":"default","site-content-style":"default","site-sidebar-style":"default","ast-global-header-display":"","ast-banner-title-visibility":"","ast-main-header-display":"","ast-hfb-above-header-display":"","ast-hfb-below-header-display":"","ast-hfb-mobile-header-display":"","site-post-title":"","ast-breadcrumbs-content":"","ast-featured-img":"","footer-sml-layout":"","ast-disable-related-posts":"","theme-transparent-header-meta":"","adv-header-id-meta":"","stick-header-meta":"","header-above-stick-meta":"","header-main-stick-meta":"","header-below-stick-meta":"","astra-migrate-meta-layouts":"default","ast-page-background-enabled":"default","ast-page-background-meta":{"desktop":{"background-color":"","background-image":"","background-repeat":"repeat","background-position":"center center","background-size":"auto","background-attachment":"scroll","background-type":"","background-media":"","overlay-type":"","overlay-color":"","overlay-opacity":"","overlay-gradient":""},"tablet":{"background-color":"","background-image":"","background-repeat":"repeat","background-position":"center center","background-size":"auto","background-attachment":"scroll","background-type":"","background-media":"","overlay-type":"","overlay-color":"","overlay-opacity":"","overlay-gradient":""},"mobile":{"background-color":"","background-image":"","background-repeat":"repeat","background-position":"center center","background-size":"auto","background-attachment":"scroll","background-type":"","background-media":"","overlay-type":"","overlay-color":"","overlay-opacity":"","overlay-gradient":""}},"ast-content-background-meta":{"desktop":{"background-color":"var(--ast-global-color-4)","background-image":"","background-repeat":"repeat","background-position":"center center","background-size":"auto","background-attachment":"scroll","background-type":"","background-media":"","overlay-type":"","overlay-color":"","overlay-opacity":"","overlay-gradient":""},"tablet":{"background-color":"var(--ast-global-color-4)","background-image":"","background-repeat":"repeat","background-position":"center center","background-size":"auto","background-attachment":"scroll","background-type":"","background-media":"","overlay-type":"","overlay-color":"","overlay-opacity":"","overlay-gradient":""},"mobile":{"background-color":"var(--ast-global-color-4)","background-image":"","background-repeat":"repeat","background-position":"center center","background-size":"auto","background-attachment":"scroll","background-type":"","background-media":"","overlay-type":"","overlay-color":"","overlay-opacity":"","overlay-gradient":""}}},"product_brand":[],"product_cat":[30],"product_tag":[1403,1796,2307,1392,1417,2306,2305],"class_list":{"0":"post-7498","1":"product","2":"type-product","3":"status-publish","4":"has-post-thumbnail","6":"product_cat-psichologija-ir-saviugda","7":"product_tag-bendravimas","8":"product_tag-meile","9":"product_tag-olegas-lapinas","10":"product_tag-psichologija","11":"product_tag-santykiai","12":"product_tag-vienas-megabaitas-apie-meile","13":"product_tag-vyras-ir-moteris","14":"desktop-align-left","15":"tablet-align-left","16":"mobile-align-left","18":"first","19":"instock","20":"shipping-taxable","21":"purchasable","22":"product-type-simple"},"acf":[],"yoast_head":"<!-- This site is optimized with the Yoast SEO plugin v27.0 - https:\/\/yoast.com\/product\/yoast-seo-wordpress\/ -->\n<title>Vienas megabaitas apie meil\u0119. Vyr\u0173 ir moter\u0173 santykiai<\/title>\n<meta name=\"description\" content=\"Psichoterapeutas Olegas Lapinas linksmina ir piktina skaitytojus savo tekstais. Jo ra\u0161iniai karaliauja \u201etopuose\u201c, jis sub\u016br\u0117 nuolatin\u0119 auditorij\u0105, jo\" \/>\n<meta name=\"robots\" content=\"index, follow, max-snippet:-1, max-image-preview:large, max-video-preview:-1\" \/>\n<link rel=\"canonical\" href=\"https:\/\/skaitytaknyga.lt\/en\/produktas\/olegas-lapinas-vienas-megabaitas-apie-meile-vyru-ir-moteru-santykiai\/\" \/>\n<meta property=\"og:locale\" content=\"en_GB\" \/>\n<meta property=\"og:locale:alternate\" content=\"lt_LT\" \/>\n<meta property=\"og:type\" content=\"article\" \/>\n<meta property=\"og:title\" content=\"Vienas megabaitas apie meil\u0119. Vyr\u0173 ir moter\u0173 santykiai\" \/>\n<meta property=\"og:description\" content=\"Psichoterapeutas Olegas Lapinas linksmina ir piktina skaitytojus savo tekstais. Jo ra\u0161iniai karaliauja \u201etopuose\u201c, jis sub\u016br\u0117 nuolatin\u0119 auditorij\u0105, jo\" \/>\n<meta property=\"og:url\" content=\"https:\/\/skaitytaknyga.lt\/en\/produktas\/olegas-lapinas-vienas-megabaitas-apie-meile-vyru-ir-moteru-santykiai\/\" \/>\n<meta property=\"og:site_name\" content=\"Skaitytaknyga\" \/>\n<meta property=\"article:publisher\" content=\"https:\/\/www.facebook.com\/skaitytaknyga\/\" \/>\n<meta property=\"article:modified_time\" content=\"2025-05-13T11:43:10+00:00\" \/>\n<meta property=\"og:image\" content=\"https:\/\/skaitytaknyga.lt\/wp-content\/uploads\/2024\/04\/1462883178_img0013-001-1.jpg\" \/>\n\t<meta property=\"og:image:width\" content=\"291\" \/>\n\t<meta property=\"og:image:height\" content=\"430\" \/>\n\t<meta property=\"og:image:type\" content=\"image\/jpeg\" \/>\n<meta name=\"twitter:card\" content=\"summary_large_image\" \/>\n<script type=\"application\/ld+json\" class=\"yoast-schema-graph\">{\"@context\":\"https:\/\/schema.org\",\"@graph\":[{\"@type\":\"WebPage\",\"@id\":\"https:\/\/skaitytaknyga.lt\/produktas\/olegas-lapinas-vienas-megabaitas-apie-meile-vyru-ir-moteru-santykiai\/\",\"url\":\"https:\/\/skaitytaknyga.lt\/produktas\/olegas-lapinas-vienas-megabaitas-apie-meile-vyru-ir-moteru-santykiai\/\",\"name\":\"Vienas megabaitas apie meil\u0119. Vyr\u0173 ir moter\u0173 santykiai\",\"isPartOf\":{\"@id\":\"https:\/\/skaitytaknyga.lt\/#website\"},\"primaryImageOfPage\":{\"@id\":\"https:\/\/skaitytaknyga.lt\/produktas\/olegas-lapinas-vienas-megabaitas-apie-meile-vyru-ir-moteru-santykiai\/#primaryimage\"},\"image\":{\"@id\":\"https:\/\/skaitytaknyga.lt\/produktas\/olegas-lapinas-vienas-megabaitas-apie-meile-vyru-ir-moteru-santykiai\/#primaryimage\"},\"thumbnailUrl\":\"https:\/\/skaitytaknyga.lt\/wp-content\/uploads\/2024\/04\/1462883178_img0013-001-1.jpg\",\"datePublished\":\"2024-05-04T14:30:38+00:00\",\"dateModified\":\"2025-05-13T11:43:10+00:00\",\"description\":\"Psichoterapeutas Olegas Lapinas linksmina ir piktina skaitytojus savo tekstais. Jo ra\u0161iniai karaliauja \u201etopuose\u201c, jis sub\u016br\u0117 nuolatin\u0119 auditorij\u0105, jo\",\"breadcrumb\":{\"@id\":\"https:\/\/skaitytaknyga.lt\/produktas\/olegas-lapinas-vienas-megabaitas-apie-meile-vyru-ir-moteru-santykiai\/#breadcrumb\"},\"inLanguage\":\"en-GB\",\"potentialAction\":[{\"@type\":\"ReadAction\",\"target\":[\"https:\/\/skaitytaknyga.lt\/produktas\/olegas-lapinas-vienas-megabaitas-apie-meile-vyru-ir-moteru-santykiai\/\"]}]},{\"@type\":\"ImageObject\",\"inLanguage\":\"en-GB\",\"@id\":\"https:\/\/skaitytaknyga.lt\/produktas\/olegas-lapinas-vienas-megabaitas-apie-meile-vyru-ir-moteru-santykiai\/#primaryimage\",\"url\":\"https:\/\/skaitytaknyga.lt\/wp-content\/uploads\/2024\/04\/1462883178_img0013-001-1.jpg\",\"contentUrl\":\"https:\/\/skaitytaknyga.lt\/wp-content\/uploads\/2024\/04\/1462883178_img0013-001-1.jpg\",\"width\":291,\"height\":430},{\"@type\":\"BreadcrumbList\",\"@id\":\"https:\/\/skaitytaknyga.lt\/produktas\/olegas-lapinas-vienas-megabaitas-apie-meile-vyru-ir-moteru-santykiai\/#breadcrumb\",\"itemListElement\":[{\"@type\":\"ListItem\",\"position\":1,\"name\":\"Home\",\"item\":\"https:\/\/skaitytaknyga.lt\/\"},{\"@type\":\"ListItem\",\"position\":2,\"name\":\"Parduotuv\u0117\",\"item\":\"https:\/\/skaitytaknyga.lt\/knygu-parduotuve\/\"},{\"@type\":\"ListItem\",\"position\":3,\"name\":\"Vienas megabaitas apie meil\u0119. Vyr\u0173 ir moter\u0173 santykiai\"}]},{\"@type\":\"WebSite\",\"@id\":\"https:\/\/skaitytaknyga.lt\/#website\",\"url\":\"https:\/\/skaitytaknyga.lt\/\",\"name\":\"skaitytaknyga.lt\",\"description\":\"Skaitytaknyga.lt \u2013 tai ma\u017eas \u0161eimos verslas, kuris prasid\u0117jo nuo meil\u0117s knygoms ir siekio i\u0161gelb\u0117ti knygas nuo likimo prie konteinerio. Kas vienam nereikalingas daiktas \u2013 kitam lobis, o mes esame tarpininkai, kurie padeda abiems tapti laimingesniems ???? \u017dinome kaip nelengva i\u0161gyventi ma\u017eiems verslams, tad nuo \u0161iol, \u010dia rasite ir kit\u0173, ma\u017e\u0173 \u0161eim\u0173 versl\u0173, rank\u0173 darbo, dovan\u0173 sau ir artimiesiems.\",\"publisher\":{\"@id\":\"https:\/\/skaitytaknyga.lt\/#organization\"},\"potentialAction\":[{\"@type\":\"SearchAction\",\"target\":{\"@type\":\"EntryPoint\",\"urlTemplate\":\"https:\/\/skaitytaknyga.lt\/?s={search_term_string}\"},\"query-input\":{\"@type\":\"PropertyValueSpecification\",\"valueRequired\":true,\"valueName\":\"search_term_string\"}}],\"inLanguage\":\"en-GB\"},{\"@type\":\"Organization\",\"@id\":\"https:\/\/skaitytaknyga.lt\/#organization\",\"name\":\"skaitytaknyga.lt\",\"url\":\"https:\/\/skaitytaknyga.lt\/\",\"logo\":{\"@type\":\"ImageObject\",\"inLanguage\":\"en-GB\",\"@id\":\"https:\/\/skaitytaknyga.lt\/#\/schema\/logo\/image\/\",\"url\":\"https:\/\/skaitytaknyga.lt\/wp-content\/uploads\/2024\/05\/cropped-cropped-cropped-02_00843_jt3bggkj1j3HLc7SyY6rEUpg.jpeg\",\"contentUrl\":\"https:\/\/skaitytaknyga.lt\/wp-content\/uploads\/2024\/05\/cropped-cropped-cropped-02_00843_jt3bggkj1j3HLc7SyY6rEUpg.jpeg\",\"width\":1600,\"height\":1600,\"caption\":\"skaitytaknyga.lt\"},\"image\":{\"@id\":\"https:\/\/skaitytaknyga.lt\/#\/schema\/logo\/image\/\"},\"sameAs\":[\"https:\/\/www.facebook.com\/skaitytaknyga\/\"]}]}<\/script>\n<!-- \/ Yoast SEO plugin. -->","yoast_head_json":{"title":"Vienas megabaitas apie meil\u0119. Vyr\u0173 ir moter\u0173 santykiai","description":"Psichoterapeutas Olegas Lapinas linksmina ir piktina skaitytojus savo tekstais. Jo ra\u0161iniai karaliauja \u201etopuose\u201c, jis sub\u016br\u0117 nuolatin\u0119 auditorij\u0105, jo","robots":{"index":"index","follow":"follow","max-snippet":"max-snippet:-1","max-image-preview":"max-image-preview:large","max-video-preview":"max-video-preview:-1"},"canonical":"https:\/\/skaitytaknyga.lt\/en\/produktas\/olegas-lapinas-vienas-megabaitas-apie-meile-vyru-ir-moteru-santykiai\/","og_locale":"en_GB","og_type":"article","og_title":"[:lt]Vienas megabaitas apie meil\u0119. Vyr\u0173 ir moter\u0173 santykiai[:] - Skaitytaknyga","og_description":"Psichoterapeutas Olegas Lapinas linksmina ir piktina skaitytojus savo tekstais. Jo ra\u0161iniai karaliauja \u201etopuose\u201c, jis sub\u016br\u0117 nuolatin\u0119 auditorij\u0105, jo","og_url":"https:\/\/skaitytaknyga.lt\/en\/produktas\/olegas-lapinas-vienas-megabaitas-apie-meile-vyru-ir-moteru-santykiai\/","og_site_name":"Skaitytaknyga","article_publisher":"https:\/\/www.facebook.com\/skaitytaknyga\/","article_modified_time":"2025-05-13T11:43:10+00:00","og_image":[{"width":291,"height":430,"url":"https:\/\/skaitytaknyga.lt\/wp-content\/uploads\/2024\/04\/1462883178_img0013-001-1.jpg","type":"image\/jpeg"}],"twitter_card":"summary_large_image","schema":{"@context":"https:\/\/schema.org","@graph":[{"@type":"WebPage","@id":"https:\/\/skaitytaknyga.lt\/produktas\/olegas-lapinas-vienas-megabaitas-apie-meile-vyru-ir-moteru-santykiai\/","url":"https:\/\/skaitytaknyga.lt\/produktas\/olegas-lapinas-vienas-megabaitas-apie-meile-vyru-ir-moteru-santykiai\/","name":"Vienas megabaitas apie meil\u0119. Vyr\u0173 ir moter\u0173 santykiai","isPartOf":{"@id":"https:\/\/skaitytaknyga.lt\/#website"},"primaryImageOfPage":{"@id":"https:\/\/skaitytaknyga.lt\/produktas\/olegas-lapinas-vienas-megabaitas-apie-meile-vyru-ir-moteru-santykiai\/#primaryimage"},"image":{"@id":"https:\/\/skaitytaknyga.lt\/produktas\/olegas-lapinas-vienas-megabaitas-apie-meile-vyru-ir-moteru-santykiai\/#primaryimage"},"thumbnailUrl":"https:\/\/skaitytaknyga.lt\/wp-content\/uploads\/2024\/04\/1462883178_img0013-001-1.jpg","datePublished":"2024-05-04T14:30:38+00:00","dateModified":"2025-05-13T11:43:10+00:00","description":"Psichoterapeutas Olegas Lapinas linksmina ir piktina skaitytojus savo tekstais. Jo ra\u0161iniai karaliauja \u201etopuose\u201c, jis sub\u016br\u0117 nuolatin\u0119 auditorij\u0105, jo","breadcrumb":{"@id":"https:\/\/skaitytaknyga.lt\/produktas\/olegas-lapinas-vienas-megabaitas-apie-meile-vyru-ir-moteru-santykiai\/#breadcrumb"},"inLanguage":"en-GB","potentialAction":[{"@type":"ReadAction","target":["https:\/\/skaitytaknyga.lt\/produktas\/olegas-lapinas-vienas-megabaitas-apie-meile-vyru-ir-moteru-santykiai\/"]}]},{"@type":"ImageObject","inLanguage":"en-GB","@id":"https:\/\/skaitytaknyga.lt\/produktas\/olegas-lapinas-vienas-megabaitas-apie-meile-vyru-ir-moteru-santykiai\/#primaryimage","url":"https:\/\/skaitytaknyga.lt\/wp-content\/uploads\/2024\/04\/1462883178_img0013-001-1.jpg","contentUrl":"https:\/\/skaitytaknyga.lt\/wp-content\/uploads\/2024\/04\/1462883178_img0013-001-1.jpg","width":291,"height":430},{"@type":"BreadcrumbList","@id":"https:\/\/skaitytaknyga.lt\/produktas\/olegas-lapinas-vienas-megabaitas-apie-meile-vyru-ir-moteru-santykiai\/#breadcrumb","itemListElement":[{"@type":"ListItem","position":1,"name":"Home","item":"https:\/\/skaitytaknyga.lt\/"},{"@type":"ListItem","position":2,"name":"Parduotuv\u0117","item":"https:\/\/skaitytaknyga.lt\/knygu-parduotuve\/"},{"@type":"ListItem","position":3,"name":"Vienas megabaitas apie meil\u0119. Vyr\u0173 ir moter\u0173 santykiai"}]},{"@type":"WebSite","@id":"https:\/\/skaitytaknyga.lt\/#website","url":"https:\/\/skaitytaknyga.lt\/","name":"skaitytaknyga.lt","description":"Skaitytaknyga.lt \u2013 tai ma\u017eas \u0161eimos verslas, kuris prasid\u0117jo nuo meil\u0117s knygoms ir siekio i\u0161gelb\u0117ti knygas nuo likimo prie konteinerio. Kas vienam nereikalingas daiktas \u2013 kitam lobis, o mes esame tarpininkai, kurie padeda abiems tapti laimingesniems ???? \u017dinome kaip nelengva i\u0161gyventi ma\u017eiems verslams, tad nuo \u0161iol, \u010dia rasite ir kit\u0173, ma\u017e\u0173 \u0161eim\u0173 versl\u0173, rank\u0173 darbo, dovan\u0173 sau ir artimiesiems.","publisher":{"@id":"https:\/\/skaitytaknyga.lt\/#organization"},"potentialAction":[{"@type":"SearchAction","target":{"@type":"EntryPoint","urlTemplate":"https:\/\/skaitytaknyga.lt\/?s={search_term_string}"},"query-input":{"@type":"PropertyValueSpecification","valueRequired":true,"valueName":"search_term_string"}}],"inLanguage":"en-GB"},{"@type":"Organization","@id":"https:\/\/skaitytaknyga.lt\/#organization","name":"skaitytaknyga.lt","url":"https:\/\/skaitytaknyga.lt\/","logo":{"@type":"ImageObject","inLanguage":"en-GB","@id":"https:\/\/skaitytaknyga.lt\/#\/schema\/logo\/image\/","url":"https:\/\/skaitytaknyga.lt\/wp-content\/uploads\/2024\/05\/cropped-cropped-cropped-02_00843_jt3bggkj1j3HLc7SyY6rEUpg.jpeg","contentUrl":"https:\/\/skaitytaknyga.lt\/wp-content\/uploads\/2024\/05\/cropped-cropped-cropped-02_00843_jt3bggkj1j3HLc7SyY6rEUpg.jpeg","width":1600,"height":1600,"caption":"skaitytaknyga.lt"},"image":{"@id":"https:\/\/skaitytaknyga.lt\/#\/schema\/logo\/image\/"},"sameAs":["https:\/\/www.facebook.com\/skaitytaknyga\/"]}]}},"_links":{"self":[{"href":"https:\/\/skaitytaknyga.lt\/en\/wp-json\/wp\/v2\/product\/7498","targetHints":{"allow":["GET"]}}],"collection":[{"href":"https:\/\/skaitytaknyga.lt\/en\/wp-json\/wp\/v2\/product"}],"about":[{"href":"https:\/\/skaitytaknyga.lt\/en\/wp-json\/wp\/v2\/types\/product"}],"replies":[{"embeddable":true,"href":"https:\/\/skaitytaknyga.lt\/en\/wp-json\/wp\/v2\/comments?post=7498"}],"wp:featuredmedia":[{"embeddable":true,"href":"https:\/\/skaitytaknyga.lt\/en\/wp-json\/wp\/v2\/media\/2583"}],"wp:attachment":[{"href":"https:\/\/skaitytaknyga.lt\/en\/wp-json\/wp\/v2\/media?parent=7498"}],"wp:term":[{"taxonomy":"product_brand","embeddable":true,"href":"https:\/\/skaitytaknyga.lt\/en\/wp-json\/wp\/v2\/product_brand?post=7498"},{"taxonomy":"product_cat","embeddable":true,"href":"https:\/\/skaitytaknyga.lt\/en\/wp-json\/wp\/v2\/product_cat?post=7498"},{"taxonomy":"product_tag","embeddable":true,"href":"https:\/\/skaitytaknyga.lt\/en\/wp-json\/wp\/v2\/product_tag?post=7498"}],"curies":[{"name":"wp","href":"https:\/\/api.w.org\/{rel}","templated":true}]}}