{"id":7486,"date":"2024-05-04T14:30:23","date_gmt":"2024-05-04T14:30:23","guid":{"rendered":"https:\/\/skaitytaknyga.lt\/?post_type=product&#038;p=7486"},"modified":"2026-03-18T11:12:13","modified_gmt":"2026-03-18T09:12:13","slug":"c-harris-neabejotinai-mires-6-dalis","status":"publish","type":"product","link":"https:\/\/skaitytaknyga.lt\/en\/produktas\/c-harris-neabejotinai-mires-6-dalis\/","title":{"rendered":"Neabejotinai mir\u0119s (6  dalis)"},"content":{"rendered":"<p>Kai vienintel\u0117 pusseser\u0117 vampyr\u0117 Hedl\u0117 nu\u017eudoma kito nemirusiojo, Suk\u0117 i\u0161keliauja \u012f Nauj\u0105j\u012f Orlean\u0105 tvarkyti velion\u0117s buto ir surinkti daikt\u0173. Nemalonus darbas greitai tampa dar ir pavojingas, nes Hedl\u0117 buvo biseksualios Luizianos vampyr\u0173 karalien\u0117s, am\u017einai jaunos Sofi Anos mylimoji. Sofi Anos, neseniai tapusios kito galingo vampyr\u0173 valdovo \u017emona, santuoka ne tik neatne\u0161\u0117 naudingos taikos, bet ir sustiprino \u012ftamp\u0105 tarp klan\u0173. Kai Suk\u0117 ir naujas jos simpatija, tigrolakis Kvinas, netik\u0117tai u\u017epuolami per pirm\u0105j\u012f pasimatym\u0105, mintis skaitan\u010diai padav\u0117jai tenka paskub\u0117ti atskleisti paslaptingas pusseser\u0117s mirties aplinkybes, kol pati nepalyd\u0117jo galvos&#8230;<\/p>\n<p>Kai japonai i\u0161rado sintetin\u012f krauj\u0105, vampyrai i\u0161lindo i\u0161 savo sl\u0117ptuvi\u0173 ir \u017emonijai teko i\u0161mokti sugyventi su kita r\u016b\u0161imi. Suk\u0117 Stekhaus, Bon Tempo miestelio baro \u201ePas Merlot\u0119\u201c padav\u0117ja, suintriguota: nors \u017emoni\u0173 mintys jai kaip ant delno, k\u0105 m\u0105sto vampyrai, perskaityti ji negali. Pirmasis vaikinas vampyras Bilas atskleid\u017eia Sukei kit\u0105 pasaul\u012f: pasirodo, egzistuoja ne tik vampyrai, bet ir vilkolakiai, f\u0117jos, goblinai ir kitokie padarai, kol kas besidangstantys \u017emogi\u0161ku pavidalu. Pasklidus \u017einiai apie telepatines Suk\u0117s galias, ji tampa ne\u012fkainojama teis\u0117saugai. O \u012fgijusi metamorf\u0173 pasitik\u0117jim\u0105, mergina pama\u017eu klimpsta \u012f daugumai \u017emoni\u0173 ne\u017einom\u0105 gyvenim\u0105. Ple\u010diasi pa\u017e\u012fstam\u0173 antgam\u0173 ratas. Mergina vis labiau traukia pavidal\u0105 kei\u010dian\u010di\u0173 vyr\u0173 d\u0117mes\u012f, vis da\u017eniau ji kvie\u010diama tarpininkauti painiuose antgamtini\u0173 b\u016btybi\u0173 santykiuose, o jos galios d\u0117l antgam\u0173 kraujo vis labiau auga.<\/p>\n","protected":false},"excerpt":{"rendered":"<p>Kai vienintel\u0117 pusseser\u0117 vampyr\u0117 Hedl\u0117 nu\u017eudoma kito nemirusiojo, Suk\u0117 i\u0161keliauja \u012f Nauj\u0105j\u012f Orlean\u0105 tvarkyti velion\u0117s buto ir surinkti daikt\u0173. Nemalonus darbas greitai tampa dar ir pavojingas, nes Hedl\u0117 buvo biseksualios Luizianos vampyr\u0173 karalien\u0117s, am\u017einai jaunos Sofi Anos mylimoji. Sofi Anos, neseniai tapusios kito galingo vampyr\u0173 valdovo \u017emona, santuoka ne tik neatne\u0161\u0117 naudingos taikos, bet ir sustiprino \u012ftamp\u0105 tarp klan\u0173. Kai Suk\u0117 ir naujas jos simpatija, tigrolakis Kvinas, netik\u0117tai u\u017epuolami per pirm\u0105j\u012f pasimatym\u0105, mintis skaitan\u010diai padav\u0117jai tenka paskub\u0117ti atskleisti paslaptingas pusseser\u0117s mirties aplinkybes, kol pati nepalyd\u0117jo galvos&#8230; Kai japonai i\u0161rado sintetin\u012f krauj\u0105, vampyrai i\u0161lindo i\u0161 savo sl\u0117ptuvi\u0173 ir \u017emonijai teko i\u0161mokti sugyventi su kita r\u016b\u0161imi. Suk\u0117 Stekhaus, Bon Tempo miestelio baro \u201ePas Merlot\u0119\u201c padav\u0117ja, suintriguota: nors \u017emoni\u0173 mintys jai kaip ant delno, k\u0105 m\u0105sto vampyrai, perskaityti ji negali. Pirmasis vaikinas vampyras Bilas atskleid\u017eia Sukei kit\u0105 pasaul\u012f: pasirodo, egzistuoja ne tik vampyrai, bet ir vilkolakiai, f\u0117jos, goblinai ir kitokie padarai, kol kas besidangstantys \u017emogi\u0161ku pavidalu. Pasklidus \u017einiai apie telepatines Suk\u0117s galias, ji tampa ne\u012fkainojama teis\u0117saugai. O \u012fgijusi metamorf\u0173 pasitik\u0117jim\u0105, mergina pama\u017eu klimpsta \u012f daugumai \u017emoni\u0173 ne\u017einom\u0105 gyvenim\u0105. Ple\u010diasi pa\u017e\u012fstam\u0173 antgam\u0173 ratas. Mergina vis labiau traukia pavidal\u0105 kei\u010dian\u010di\u0173 vyr\u0173 d\u0117mes\u012f, vis da\u017eniau ji kvie\u010diama tarpininkauti painiuose antgamtini\u0173 b\u016btybi\u0173 santykiuose, o jos galios d\u0117l antgam\u0173 kraujo vis labiau auga.<\/p>\n","protected":false},"featured_media":2547,"comment_status":"closed","ping_status":"closed","template":"","meta":{"_acf_changed":false,"site-sidebar-layout":"default","site-content-layout":"","ast-site-content-layout":"default","site-content-style":"default","site-sidebar-style":"default","ast-global-header-display":"","ast-banner-title-visibility":"","ast-main-header-display":"","ast-hfb-above-header-display":"","ast-hfb-below-header-display":"","ast-hfb-mobile-header-display":"","site-post-title":"","ast-breadcrumbs-content":"","ast-featured-img":"","footer-sml-layout":"","ast-disable-related-posts":"","theme-transparent-header-meta":"","adv-header-id-meta":"","stick-header-meta":"","header-above-stick-meta":"","header-main-stick-meta":"","header-below-stick-meta":"","astra-migrate-meta-layouts":"default","ast-page-background-enabled":"default","ast-page-background-meta":{"desktop":{"background-color":"","background-image":"","background-repeat":"repeat","background-position":"center center","background-size":"auto","background-attachment":"scroll","background-type":"","background-media":"","overlay-type":"","overlay-color":"","overlay-opacity":"","overlay-gradient":""},"tablet":{"background-color":"","background-image":"","background-repeat":"repeat","background-position":"center center","background-size":"auto","background-attachment":"scroll","background-type":"","background-media":"","overlay-type":"","overlay-color":"","overlay-opacity":"","overlay-gradient":""},"mobile":{"background-color":"","background-image":"","background-repeat":"repeat","background-position":"center center","background-size":"auto","background-attachment":"scroll","background-type":"","background-media":"","overlay-type":"","overlay-color":"","overlay-opacity":"","overlay-gradient":""}},"ast-content-background-meta":{"desktop":{"background-color":"var(--ast-global-color-4)","background-image":"","background-repeat":"repeat","background-position":"center center","background-size":"auto","background-attachment":"scroll","background-type":"","background-media":"","overlay-type":"","overlay-color":"","overlay-opacity":"","overlay-gradient":""},"tablet":{"background-color":"var(--ast-global-color-4)","background-image":"","background-repeat":"repeat","background-position":"center center","background-size":"auto","background-attachment":"scroll","background-type":"","background-media":"","overlay-type":"","overlay-color":"","overlay-opacity":"","overlay-gradient":""},"mobile":{"background-color":"var(--ast-global-color-4)","background-image":"","background-repeat":"repeat","background-position":"center center","background-size":"auto","background-attachment":"scroll","background-type":"","background-media":"","overlay-type":"","overlay-color":"","overlay-opacity":"","overlay-gradient":""}}},"product_brand":[],"product_cat":[9621],"product_tag":[5165,5167,2538,1476,1504,5168,5166,2539],"class_list":{"0":"post-7486","1":"product","2":"type-product","3":"status-publish","4":"has-post-thumbnail","6":"product_cat-fantastika-fantastika","7":"product_tag-antgamtines-butybes","8":"product_tag-bon-tempas","9":"product_tag-charlaine-harris","10":"product_tag-detektyvas","11":"product_tag-fantastika","12":"product_tag-suke-stekhaus","13":"product_tag-telepatija","14":"product_tag-vampyrai","15":"desktop-align-left","16":"tablet-align-left","17":"mobile-align-left","19":"first","20":"instock","21":"shipping-taxable","22":"purchasable","23":"product-type-simple"},"acf":[],"yoast_head":"<!-- This site is optimized with the Yoast SEO plugin v27.0 - https:\/\/yoast.com\/product\/yoast-seo-wordpress\/ -->\n<title>Neabejotinai mir\u0119s (6 dalis)<\/title>\n<meta name=\"description\" content=\"Kai vienintel\u0117 pusseser\u0117 vampyr\u0117 Hedl\u0117 nu\u017eudoma kito nemirusiojo, Suk\u0117 i\u0161keliauja \u012f Nauj\u0105j\u012f Orlean\u0105 tvarkyti velion\u0117s buto ir surinkti daikt\u0173. Nemalonus\" \/>\n<meta name=\"robots\" content=\"index, follow, max-snippet:-1, max-image-preview:large, max-video-preview:-1\" \/>\n<link rel=\"canonical\" href=\"https:\/\/skaitytaknyga.lt\/en\/produktas\/c-harris-neabejotinai-mires-6-dalis\/\" \/>\n<meta property=\"og:locale\" content=\"en_GB\" \/>\n<meta property=\"og:locale:alternate\" content=\"lt_LT\" \/>\n<meta property=\"og:type\" content=\"article\" \/>\n<meta property=\"og:title\" content=\"Neabejotinai mir\u0119s (6 dalis)\" \/>\n<meta property=\"og:description\" content=\"Kai vienintel\u0117 pusseser\u0117 vampyr\u0117 Hedl\u0117 nu\u017eudoma kito nemirusiojo, Suk\u0117 i\u0161keliauja \u012f Nauj\u0105j\u012f Orlean\u0105 tvarkyti velion\u0117s buto ir surinkti daikt\u0173. Nemalonus\" \/>\n<meta property=\"og:url\" content=\"https:\/\/skaitytaknyga.lt\/en\/produktas\/c-harris-neabejotinai-mires-6-dalis\/\" \/>\n<meta property=\"og:site_name\" content=\"Skaitytaknyga\" \/>\n<meta property=\"article:publisher\" content=\"https:\/\/www.facebook.com\/skaitytaknyga\/\" \/>\n<meta property=\"article:modified_time\" content=\"2026-03-18T09:12:13+00:00\" \/>\n<meta property=\"og:image\" content=\"https:\/\/skaitytaknyga.lt\/wp-content\/uploads\/2024\/04\/atsisiusti-5.jpg\" \/>\n\t<meta property=\"og:image:width\" content=\"176\" \/>\n\t<meta property=\"og:image:height\" content=\"287\" \/>\n\t<meta property=\"og:image:type\" content=\"image\/jpeg\" \/>\n<meta name=\"twitter:card\" content=\"summary_large_image\" \/>\n<meta name=\"twitter:label1\" content=\"Estimated reading time\" \/>\n\t<meta name=\"twitter:data1\" content=\"1 minute\" \/>\n<script type=\"application\/ld+json\" class=\"yoast-schema-graph\">{\"@context\":\"https:\/\/schema.org\",\"@graph\":[{\"@type\":\"WebPage\",\"@id\":\"https:\/\/skaitytaknyga.lt\/produktas\/c-harris-neabejotinai-mires-6-dalis\/\",\"url\":\"https:\/\/skaitytaknyga.lt\/produktas\/c-harris-neabejotinai-mires-6-dalis\/\",\"name\":\"Neabejotinai mir\u0119s (6 dalis)\",\"isPartOf\":{\"@id\":\"https:\/\/skaitytaknyga.lt\/#website\"},\"primaryImageOfPage\":{\"@id\":\"https:\/\/skaitytaknyga.lt\/produktas\/c-harris-neabejotinai-mires-6-dalis\/#primaryimage\"},\"image\":{\"@id\":\"https:\/\/skaitytaknyga.lt\/produktas\/c-harris-neabejotinai-mires-6-dalis\/#primaryimage\"},\"thumbnailUrl\":\"https:\/\/skaitytaknyga.lt\/wp-content\/uploads\/2024\/04\/atsisiusti-5.jpg\",\"datePublished\":\"2024-05-04T14:30:23+00:00\",\"dateModified\":\"2026-03-18T09:12:13+00:00\",\"description\":\"Kai vienintel\u0117 pusseser\u0117 vampyr\u0117 Hedl\u0117 nu\u017eudoma kito nemirusiojo, Suk\u0117 i\u0161keliauja \u012f Nauj\u0105j\u012f Orlean\u0105 tvarkyti velion\u0117s buto ir surinkti daikt\u0173. Nemalonus\",\"breadcrumb\":{\"@id\":\"https:\/\/skaitytaknyga.lt\/produktas\/c-harris-neabejotinai-mires-6-dalis\/#breadcrumb\"},\"inLanguage\":\"en-GB\",\"potentialAction\":[{\"@type\":\"ReadAction\",\"target\":[\"https:\/\/skaitytaknyga.lt\/produktas\/c-harris-neabejotinai-mires-6-dalis\/\"]}]},{\"@type\":\"ImageObject\",\"inLanguage\":\"en-GB\",\"@id\":\"https:\/\/skaitytaknyga.lt\/produktas\/c-harris-neabejotinai-mires-6-dalis\/#primaryimage\",\"url\":\"https:\/\/skaitytaknyga.lt\/wp-content\/uploads\/2024\/04\/atsisiusti-5.jpg\",\"contentUrl\":\"https:\/\/skaitytaknyga.lt\/wp-content\/uploads\/2024\/04\/atsisiusti-5.jpg\",\"width\":176,\"height\":287,\"caption\":\"atsisiusti 5\"},{\"@type\":\"BreadcrumbList\",\"@id\":\"https:\/\/skaitytaknyga.lt\/produktas\/c-harris-neabejotinai-mires-6-dalis\/#breadcrumb\",\"itemListElement\":[{\"@type\":\"ListItem\",\"position\":1,\"name\":\"Home\",\"item\":\"https:\/\/skaitytaknyga.lt\/\"},{\"@type\":\"ListItem\",\"position\":2,\"name\":\"Parduotuv\u0117\",\"item\":\"https:\/\/skaitytaknyga.lt\/knygu-parduotuve\/\"},{\"@type\":\"ListItem\",\"position\":3,\"name\":\"Neabejotinai mir\u0119s (6 dalis)\"}]},{\"@type\":\"WebSite\",\"@id\":\"https:\/\/skaitytaknyga.lt\/#website\",\"url\":\"https:\/\/skaitytaknyga.lt\/\",\"name\":\"skaitytaknyga.lt\",\"description\":\"Skaitytaknyga.lt \u2013 tai ma\u017eas \u0161eimos verslas, kuris prasid\u0117jo nuo meil\u0117s knygoms ir siekio i\u0161gelb\u0117ti knygas nuo likimo prie konteinerio. Kas vienam nereikalingas daiktas \u2013 kitam lobis, o mes esame tarpininkai, kurie padeda abiems tapti laimingesniems ???? \u017dinome kaip nelengva i\u0161gyventi ma\u017eiems verslams, tad nuo \u0161iol, \u010dia rasite ir kit\u0173, ma\u017e\u0173 \u0161eim\u0173 versl\u0173, rank\u0173 darbo, dovan\u0173 sau ir artimiesiems.\",\"publisher\":{\"@id\":\"https:\/\/skaitytaknyga.lt\/#organization\"},\"potentialAction\":[{\"@type\":\"SearchAction\",\"target\":{\"@type\":\"EntryPoint\",\"urlTemplate\":\"https:\/\/skaitytaknyga.lt\/?s={search_term_string}\"},\"query-input\":{\"@type\":\"PropertyValueSpecification\",\"valueRequired\":true,\"valueName\":\"search_term_string\"}}],\"inLanguage\":\"en-GB\"},{\"@type\":\"Organization\",\"@id\":\"https:\/\/skaitytaknyga.lt\/#organization\",\"name\":\"skaitytaknyga.lt\",\"url\":\"https:\/\/skaitytaknyga.lt\/\",\"logo\":{\"@type\":\"ImageObject\",\"inLanguage\":\"en-GB\",\"@id\":\"https:\/\/skaitytaknyga.lt\/#\/schema\/logo\/image\/\",\"url\":\"https:\/\/skaitytaknyga.lt\/wp-content\/uploads\/2024\/05\/cropped-cropped-cropped-02_00843_jt3bggkj1j3HLc7SyY6rEUpg.jpeg\",\"contentUrl\":\"https:\/\/skaitytaknyga.lt\/wp-content\/uploads\/2024\/05\/cropped-cropped-cropped-02_00843_jt3bggkj1j3HLc7SyY6rEUpg.jpeg\",\"width\":1600,\"height\":1600,\"caption\":\"skaitytaknyga.lt\"},\"image\":{\"@id\":\"https:\/\/skaitytaknyga.lt\/#\/schema\/logo\/image\/\"},\"sameAs\":[\"https:\/\/www.facebook.com\/skaitytaknyga\/\"]}]}<\/script>\n<!-- \/ Yoast SEO plugin. -->","yoast_head_json":{"title":"Neabejotinai mir\u0119s (6 dalis)","description":"Kai vienintel\u0117 pusseser\u0117 vampyr\u0117 Hedl\u0117 nu\u017eudoma kito nemirusiojo, Suk\u0117 i\u0161keliauja \u012f Nauj\u0105j\u012f Orlean\u0105 tvarkyti velion\u0117s buto ir surinkti daikt\u0173. Nemalonus","robots":{"index":"index","follow":"follow","max-snippet":"max-snippet:-1","max-image-preview":"max-image-preview:large","max-video-preview":"max-video-preview:-1"},"canonical":"https:\/\/skaitytaknyga.lt\/en\/produktas\/c-harris-neabejotinai-mires-6-dalis\/","og_locale":"en_GB","og_type":"article","og_title":"[:lt]Neabejotinai mir\u0119s (6 dalis)[:] - Skaitytaknyga","og_description":"Kai vienintel\u0117 pusseser\u0117 vampyr\u0117 Hedl\u0117 nu\u017eudoma kito nemirusiojo, Suk\u0117 i\u0161keliauja \u012f Nauj\u0105j\u012f Orlean\u0105 tvarkyti velion\u0117s buto ir surinkti daikt\u0173. Nemalonus","og_url":"https:\/\/skaitytaknyga.lt\/en\/produktas\/c-harris-neabejotinai-mires-6-dalis\/","og_site_name":"Skaitytaknyga","article_publisher":"https:\/\/www.facebook.com\/skaitytaknyga\/","article_modified_time":"2026-03-18T09:12:13+00:00","og_image":[{"width":176,"height":287,"url":"https:\/\/skaitytaknyga.lt\/wp-content\/uploads\/2024\/04\/atsisiusti-5.jpg","type":"image\/jpeg"}],"twitter_card":"summary_large_image","twitter_misc":{"Estimated reading time":"1 minute"},"schema":{"@context":"https:\/\/schema.org","@graph":[{"@type":"WebPage","@id":"https:\/\/skaitytaknyga.lt\/produktas\/c-harris-neabejotinai-mires-6-dalis\/","url":"https:\/\/skaitytaknyga.lt\/produktas\/c-harris-neabejotinai-mires-6-dalis\/","name":"Neabejotinai mir\u0119s (6 dalis)","isPartOf":{"@id":"https:\/\/skaitytaknyga.lt\/#website"},"primaryImageOfPage":{"@id":"https:\/\/skaitytaknyga.lt\/produktas\/c-harris-neabejotinai-mires-6-dalis\/#primaryimage"},"image":{"@id":"https:\/\/skaitytaknyga.lt\/produktas\/c-harris-neabejotinai-mires-6-dalis\/#primaryimage"},"thumbnailUrl":"https:\/\/skaitytaknyga.lt\/wp-content\/uploads\/2024\/04\/atsisiusti-5.jpg","datePublished":"2024-05-04T14:30:23+00:00","dateModified":"2026-03-18T09:12:13+00:00","description":"Kai vienintel\u0117 pusseser\u0117 vampyr\u0117 Hedl\u0117 nu\u017eudoma kito nemirusiojo, Suk\u0117 i\u0161keliauja \u012f Nauj\u0105j\u012f Orlean\u0105 tvarkyti velion\u0117s buto ir surinkti daikt\u0173. Nemalonus","breadcrumb":{"@id":"https:\/\/skaitytaknyga.lt\/produktas\/c-harris-neabejotinai-mires-6-dalis\/#breadcrumb"},"inLanguage":"en-GB","potentialAction":[{"@type":"ReadAction","target":["https:\/\/skaitytaknyga.lt\/produktas\/c-harris-neabejotinai-mires-6-dalis\/"]}]},{"@type":"ImageObject","inLanguage":"en-GB","@id":"https:\/\/skaitytaknyga.lt\/produktas\/c-harris-neabejotinai-mires-6-dalis\/#primaryimage","url":"https:\/\/skaitytaknyga.lt\/wp-content\/uploads\/2024\/04\/atsisiusti-5.jpg","contentUrl":"https:\/\/skaitytaknyga.lt\/wp-content\/uploads\/2024\/04\/atsisiusti-5.jpg","width":176,"height":287,"caption":"atsisiusti 5"},{"@type":"BreadcrumbList","@id":"https:\/\/skaitytaknyga.lt\/produktas\/c-harris-neabejotinai-mires-6-dalis\/#breadcrumb","itemListElement":[{"@type":"ListItem","position":1,"name":"Home","item":"https:\/\/skaitytaknyga.lt\/"},{"@type":"ListItem","position":2,"name":"Parduotuv\u0117","item":"https:\/\/skaitytaknyga.lt\/knygu-parduotuve\/"},{"@type":"ListItem","position":3,"name":"Neabejotinai mir\u0119s (6 dalis)"}]},{"@type":"WebSite","@id":"https:\/\/skaitytaknyga.lt\/#website","url":"https:\/\/skaitytaknyga.lt\/","name":"skaitytaknyga.lt","description":"Skaitytaknyga.lt \u2013 tai ma\u017eas \u0161eimos verslas, kuris prasid\u0117jo nuo meil\u0117s knygoms ir siekio i\u0161gelb\u0117ti knygas nuo likimo prie konteinerio. Kas vienam nereikalingas daiktas \u2013 kitam lobis, o mes esame tarpininkai, kurie padeda abiems tapti laimingesniems ???? \u017dinome kaip nelengva i\u0161gyventi ma\u017eiems verslams, tad nuo \u0161iol, \u010dia rasite ir kit\u0173, ma\u017e\u0173 \u0161eim\u0173 versl\u0173, rank\u0173 darbo, dovan\u0173 sau ir artimiesiems.","publisher":{"@id":"https:\/\/skaitytaknyga.lt\/#organization"},"potentialAction":[{"@type":"SearchAction","target":{"@type":"EntryPoint","urlTemplate":"https:\/\/skaitytaknyga.lt\/?s={search_term_string}"},"query-input":{"@type":"PropertyValueSpecification","valueRequired":true,"valueName":"search_term_string"}}],"inLanguage":"en-GB"},{"@type":"Organization","@id":"https:\/\/skaitytaknyga.lt\/#organization","name":"skaitytaknyga.lt","url":"https:\/\/skaitytaknyga.lt\/","logo":{"@type":"ImageObject","inLanguage":"en-GB","@id":"https:\/\/skaitytaknyga.lt\/#\/schema\/logo\/image\/","url":"https:\/\/skaitytaknyga.lt\/wp-content\/uploads\/2024\/05\/cropped-cropped-cropped-02_00843_jt3bggkj1j3HLc7SyY6rEUpg.jpeg","contentUrl":"https:\/\/skaitytaknyga.lt\/wp-content\/uploads\/2024\/05\/cropped-cropped-cropped-02_00843_jt3bggkj1j3HLc7SyY6rEUpg.jpeg","width":1600,"height":1600,"caption":"skaitytaknyga.lt"},"image":{"@id":"https:\/\/skaitytaknyga.lt\/#\/schema\/logo\/image\/"},"sameAs":["https:\/\/www.facebook.com\/skaitytaknyga\/"]}]}},"_links":{"self":[{"href":"https:\/\/skaitytaknyga.lt\/en\/wp-json\/wp\/v2\/product\/7486","targetHints":{"allow":["GET"]}}],"collection":[{"href":"https:\/\/skaitytaknyga.lt\/en\/wp-json\/wp\/v2\/product"}],"about":[{"href":"https:\/\/skaitytaknyga.lt\/en\/wp-json\/wp\/v2\/types\/product"}],"replies":[{"embeddable":true,"href":"https:\/\/skaitytaknyga.lt\/en\/wp-json\/wp\/v2\/comments?post=7486"}],"wp:featuredmedia":[{"embeddable":true,"href":"https:\/\/skaitytaknyga.lt\/en\/wp-json\/wp\/v2\/media\/2547"}],"wp:attachment":[{"href":"https:\/\/skaitytaknyga.lt\/en\/wp-json\/wp\/v2\/media?parent=7486"}],"wp:term":[{"taxonomy":"product_brand","embeddable":true,"href":"https:\/\/skaitytaknyga.lt\/en\/wp-json\/wp\/v2\/product_brand?post=7486"},{"taxonomy":"product_cat","embeddable":true,"href":"https:\/\/skaitytaknyga.lt\/en\/wp-json\/wp\/v2\/product_cat?post=7486"},{"taxonomy":"product_tag","embeddable":true,"href":"https:\/\/skaitytaknyga.lt\/en\/wp-json\/wp\/v2\/product_tag?post=7486"}],"curies":[{"name":"wp","href":"https:\/\/api.w.org\/{rel}","templated":true}]}}