{"id":7471,"date":"2024-05-04T14:30:10","date_gmt":"2024-05-04T14:30:10","guid":{"rendered":"https:\/\/skaitytaknyga.lt\/?post_type=product&#038;p=7471"},"modified":"2024-05-04T14:30:19","modified_gmt":"2024-05-04T14:30:19","slug":"d-lessing-auksiniai-uzrasai-2","status":"publish","type":"product","link":"https:\/\/skaitytaknyga.lt\/en\/produktas\/d-lessing-auksiniai-uzrasai-2\/","title":{"rendered":"D.Lessing \u201eAuksiniai u\u017era\u0161ai\u201c"},"content":{"rendered":"<p>\u201eAuksiniai u\u017era\u0161ai\u201c\u00a0\u2013 emancipuotos \u0161iuolaikin\u0117s moters romanas: \u0161vytintis nuo\u0161irdumu ir aistra, kupinas gyvenimo pilnatv\u0117s paie\u0161k\u0173. Jame atskleid\u017eiamas a\u0161triabriaunis vidinio \u017emogaus pasaulio gro\u017eis ir jo skilimas, \u017eaid\u017eiama politiniais kontekstais, da\u017enai ne\u012ftik\u0117tinai sutampan\u010diais su pastar\u0173j\u0173 dien\u0173 pasaulin\u0117mis kolizijomis. Romane ry\u0161kios seksualumo ir moter\u0173 (ne)laisv\u0117s linijos, kurios knygai pasirod\u017eius 1962-aisiais tapo ra\u0161ytojos k\u016brybine v\u0117liava.<\/p>\n<p>Romanas\u00a0\u201eAuksiniai u\u017era\u0161ai\u201c\u00a0susideda i\u0161 penki\u0173 pasakojimo linij\u0173. Pirmiausia tai realistinis pasakojimas apie ra\u0161ytoj\u0105 An\u0105 Vulf ir jos lengvab\u016bdi\u0161kus ar gilius santykius su (buvusiais) vyrais, (esamais) meilu\u017eiais, (am\u017einais) vaikais.<\/p>\n<p>Ra\u0161ytoja skirtinguose u\u017era\u0161\u0173 s\u0105siuviniuose \u012fd\u0117miai stebi ir fiksuoja gyvenim\u0105:\u00a0juodieji u\u017era\u0161ai\u00a0\u2013 asmenin\u0117 Anos patirtis Afrikoje prie\u0161 Antr\u0105j\u012f pasaulin\u012f kar\u0105 ir jo metu;\u00a0raudonieji\u00a0\u2013 politin\u0117s jos veiklos u\u017era\u0161ai;\u00a0geltonieji\u00a0\u2013 Anos ra\u0161omas romanas apie painiausias ir intymiausias meil\u0117s peripetijas;\u00a0m\u0117lynieji\u00a0\u2013 skvarb\u016bs pa\u010dios Anos jausminio pasaulio \u012fra\u0161ai. Galiausiai jie susipindami susib\u0117ga \u012f paskutin\u0119 \u2013\u00a0auksini\u0173 u\u017era\u0161\u0173\u00a0\u2013 dal\u012f.<\/p>\n","protected":false},"excerpt":{"rendered":"<p>\u201eAuksiniai u\u017era\u0161ai\u201c\u00a0\u2013 emancipuotos \u0161iuolaikin\u0117s moters romanas: \u0161vytintis nuo\u0161irdumu ir aistra, kupinas gyvenimo pilnatv\u0117s paie\u0161k\u0173. Jame atskleid\u017eiamas a\u0161triabriaunis vidinio \u017emogaus pasaulio gro\u017eis ir jo skilimas, \u017eaid\u017eiama politiniais kontekstais, da\u017enai ne\u012ftik\u0117tinai sutampan\u010diais su pastar\u0173j\u0173 dien\u0173 pasaulin\u0117mis kolizijomis. Romane ry\u0161kios seksualumo ir moter\u0173 (ne)laisv\u0117s linijos, kurios knygai pasirod\u017eius 1962-aisiais tapo ra\u0161ytojos k\u016brybine v\u0117liava. Romanas\u00a0\u201eAuksiniai u\u017era\u0161ai\u201c\u00a0susideda i\u0161 penki\u0173 pasakojimo linij\u0173. Pirmiausia tai realistinis pasakojimas apie ra\u0161ytoj\u0105 An\u0105 Vulf ir jos lengvab\u016bdi\u0161kus ar gilius santykius su (buvusiais) vyrais, (esamais) meilu\u017eiais, (am\u017einais) vaikais. Ra\u0161ytoja skirtinguose u\u017era\u0161\u0173 s\u0105siuviniuose \u012fd\u0117miai stebi ir fiksuoja gyvenim\u0105:\u00a0juodieji u\u017era\u0161ai\u00a0\u2013 asmenin\u0117 Anos patirtis Afrikoje prie\u0161 Antr\u0105j\u012f pasaulin\u012f kar\u0105 ir jo metu;\u00a0raudonieji\u00a0\u2013 politin\u0117s jos veiklos u\u017era\u0161ai;\u00a0geltonieji\u00a0\u2013 Anos ra\u0161omas romanas apie painiausias ir intymiausias meil\u0117s peripetijas;\u00a0m\u0117lynieji\u00a0\u2013 skvarb\u016bs pa\u010dios Anos jausminio pasaulio \u012fra\u0161ai. Galiausiai jie susipindami susib\u0117ga \u012f paskutin\u0119 \u2013\u00a0auksini\u0173 u\u017era\u0161\u0173\u00a0\u2013 dal\u012f.<\/p>\n","protected":false},"featured_media":2497,"comment_status":"closed","ping_status":"closed","template":"","meta":{"_acf_changed":false,"site-sidebar-layout":"default","site-content-layout":"","ast-site-content-layout":"default","site-content-style":"default","site-sidebar-style":"default","ast-global-header-display":"","ast-banner-title-visibility":"","ast-main-header-display":"","ast-hfb-above-header-display":"","ast-hfb-below-header-display":"","ast-hfb-mobile-header-display":"","site-post-title":"","ast-breadcrumbs-content":"","ast-featured-img":"","footer-sml-layout":"","ast-disable-related-posts":"","theme-transparent-header-meta":"","adv-header-id-meta":"","stick-header-meta":"","header-above-stick-meta":"","header-main-stick-meta":"","header-below-stick-meta":"","astra-migrate-meta-layouts":"default","ast-page-background-enabled":"default","ast-page-background-meta":{"desktop":{"background-color":"","background-image":"","background-repeat":"repeat","background-position":"center center","background-size":"auto","background-attachment":"scroll","background-type":"","background-media":"","overlay-type":"","overlay-color":"","overlay-opacity":"","overlay-gradient":""},"tablet":{"background-color":"","background-image":"","background-repeat":"repeat","background-position":"center center","background-size":"auto","background-attachment":"scroll","background-type":"","background-media":"","overlay-type":"","overlay-color":"","overlay-opacity":"","overlay-gradient":""},"mobile":{"background-color":"","background-image":"","background-repeat":"repeat","background-position":"center center","background-size":"auto","background-attachment":"scroll","background-type":"","background-media":"","overlay-type":"","overlay-color":"","overlay-opacity":"","overlay-gradient":""}},"ast-content-background-meta":{"desktop":{"background-color":"var(--ast-global-color-4)","background-image":"","background-repeat":"repeat","background-position":"center center","background-size":"auto","background-attachment":"scroll","background-type":"","background-media":"","overlay-type":"","overlay-color":"","overlay-opacity":"","overlay-gradient":""},"tablet":{"background-color":"var(--ast-global-color-4)","background-image":"","background-repeat":"repeat","background-position":"center center","background-size":"auto","background-attachment":"scroll","background-type":"","background-media":"","overlay-type":"","overlay-color":"","overlay-opacity":"","overlay-gradient":""},"mobile":{"background-color":"var(--ast-global-color-4)","background-image":"","background-repeat":"repeat","background-position":"center center","background-size":"auto","background-attachment":"scroll","background-type":"","background-media":"","overlay-type":"","overlay-color":"","overlay-opacity":"","overlay-gradient":""}}},"product_brand":[],"product_cat":[31],"product_tag":[],"class_list":{"0":"post-7471","1":"product","2":"type-product","3":"status-publish","4":"has-post-thumbnail","6":"product_cat-grozine-literatura","7":"desktop-align-left","8":"tablet-align-left","9":"mobile-align-left","11":"first","12":"instock","13":"shipping-taxable","14":"purchasable","15":"product-type-simple"},"acf":[],"yoast_head":"<!-- This site is optimized with the Yoast SEO plugin v27.4 - https:\/\/yoast.com\/product\/yoast-seo-wordpress\/ -->\n<title>D.Lessing \u201eAuksiniai u\u017era\u0161ai\u201c - Skaitytaknyga<\/title>\n<meta name=\"description\" content=\"\u201eAuksiniai u\u017era\u0161ai\u201c\u00a0\u2013 emancipuotos \u0161iuolaikin\u0117s moters romanas: \u0161vytintis nuo\u0161irdumu ir aistra, kupinas gyvenimo pilnatv\u0117s paie\u0161k\u0173. Jame atskleid\u017eiamas\" \/>\n<meta name=\"robots\" content=\"index, follow, max-snippet:-1, max-image-preview:large, max-video-preview:-1\" \/>\n<link rel=\"canonical\" href=\"https:\/\/skaitytaknyga.lt\/en\/produktas\/d-lessing-auksiniai-uzrasai-2\/\" \/>\n<meta property=\"og:locale\" content=\"en_GB\" \/>\n<meta property=\"og:locale:alternate\" content=\"lt_LT\" \/>\n<meta property=\"og:type\" content=\"article\" \/>\n<meta property=\"og:title\" content=\"D.Lessing \u201eAuksiniai u\u017era\u0161ai\u201c - Skaitytaknyga\" \/>\n<meta property=\"og:description\" content=\"\u201eAuksiniai u\u017era\u0161ai\u201c\u00a0\u2013 emancipuotos \u0161iuolaikin\u0117s moters romanas: \u0161vytintis nuo\u0161irdumu ir aistra, kupinas gyvenimo pilnatv\u0117s paie\u0161k\u0173. Jame atskleid\u017eiamas\" \/>\n<meta property=\"og:url\" content=\"https:\/\/skaitytaknyga.lt\/en\/produktas\/d-lessing-auksiniai-uzrasai-2\/\" \/>\n<meta property=\"og:site_name\" content=\"Skaitytaknyga\" \/>\n<meta property=\"article:publisher\" content=\"https:\/\/www.facebook.com\/skaitytaknyga\/\" \/>\n<meta property=\"article:modified_time\" content=\"2024-05-04T14:30:19+00:00\" \/>\n<meta property=\"og:image\" content=\"https:\/\/skaitytaknyga.lt\/wp-content\/uploads\/2024\/04\/1462885675_auksiniai-uzrasai-virselis-web1.jpg\" \/>\n\t<meta property=\"og:image:width\" content=\"286\" \/>\n\t<meta property=\"og:image:height\" content=\"430\" \/>\n\t<meta property=\"og:image:type\" content=\"image\/jpeg\" \/>\n<meta name=\"twitter:card\" content=\"summary_large_image\" \/>\n<meta name=\"twitter:label1\" content=\"Estimated reading time\" \/>\n\t<meta name=\"twitter:data1\" content=\"1 minute\" \/>\n<script type=\"application\/ld+json\" class=\"yoast-schema-graph\">{\"@context\":\"https:\\\/\\\/schema.org\",\"@graph\":[{\"@type\":\"WebPage\",\"@id\":\"https:\\\/\\\/skaitytaknyga.lt\\\/produktas\\\/d-lessing-auksiniai-uzrasai-2\\\/\",\"url\":\"https:\\\/\\\/skaitytaknyga.lt\\\/produktas\\\/d-lessing-auksiniai-uzrasai-2\\\/\",\"name\":\"D.Lessing \u201eAuksiniai u\u017era\u0161ai\u201c - Skaitytaknyga\",\"isPartOf\":{\"@id\":\"https:\\\/\\\/skaitytaknyga.lt\\\/#website\"},\"primaryImageOfPage\":{\"@id\":\"https:\\\/\\\/skaitytaknyga.lt\\\/produktas\\\/d-lessing-auksiniai-uzrasai-2\\\/#primaryimage\"},\"image\":{\"@id\":\"https:\\\/\\\/skaitytaknyga.lt\\\/produktas\\\/d-lessing-auksiniai-uzrasai-2\\\/#primaryimage\"},\"thumbnailUrl\":\"https:\\\/\\\/skaitytaknyga.lt\\\/wp-content\\\/uploads\\\/2024\\\/04\\\/1462885675_auksiniai-uzrasai-virselis-web1.jpg\",\"datePublished\":\"2024-05-04T14:30:10+00:00\",\"dateModified\":\"2024-05-04T14:30:19+00:00\",\"description\":\"\u201eAuksiniai u\u017era\u0161ai\u201c\u00a0\u2013 emancipuotos \u0161iuolaikin\u0117s moters romanas: \u0161vytintis nuo\u0161irdumu ir aistra, kupinas gyvenimo pilnatv\u0117s paie\u0161k\u0173. Jame atskleid\u017eiamas\",\"breadcrumb\":{\"@id\":\"https:\\\/\\\/skaitytaknyga.lt\\\/produktas\\\/d-lessing-auksiniai-uzrasai-2\\\/#breadcrumb\"},\"inLanguage\":\"en-GB\",\"potentialAction\":[{\"@type\":\"ReadAction\",\"target\":[\"https:\\\/\\\/skaitytaknyga.lt\\\/produktas\\\/d-lessing-auksiniai-uzrasai-2\\\/\"]}]},{\"@type\":\"ImageObject\",\"inLanguage\":\"en-GB\",\"@id\":\"https:\\\/\\\/skaitytaknyga.lt\\\/produktas\\\/d-lessing-auksiniai-uzrasai-2\\\/#primaryimage\",\"url\":\"https:\\\/\\\/skaitytaknyga.lt\\\/wp-content\\\/uploads\\\/2024\\\/04\\\/1462885675_auksiniai-uzrasai-virselis-web1.jpg\",\"contentUrl\":\"https:\\\/\\\/skaitytaknyga.lt\\\/wp-content\\\/uploads\\\/2024\\\/04\\\/1462885675_auksiniai-uzrasai-virselis-web1.jpg\",\"width\":286,\"height\":430,\"caption\":\"1462885675 auksiniai uzrasai virselis web1\"},{\"@type\":\"BreadcrumbList\",\"@id\":\"https:\\\/\\\/skaitytaknyga.lt\\\/produktas\\\/d-lessing-auksiniai-uzrasai-2\\\/#breadcrumb\",\"itemListElement\":[{\"@type\":\"ListItem\",\"position\":1,\"name\":\"Home\",\"item\":\"https:\\\/\\\/skaitytaknyga.lt\\\/\"},{\"@type\":\"ListItem\",\"position\":2,\"name\":\"Parduotuv\u0117\",\"item\":\"https:\\\/\\\/skaitytaknyga.lt\\\/knygu-parduotuve\\\/\"},{\"@type\":\"ListItem\",\"position\":3,\"name\":\"D.Lessing \u201eAuksiniai u\u017era\u0161ai\u201c\"}]},{\"@type\":\"WebSite\",\"@id\":\"https:\\\/\\\/skaitytaknyga.lt\\\/#website\",\"url\":\"https:\\\/\\\/skaitytaknyga.lt\\\/\",\"name\":\"skaitytaknyga.lt\",\"description\":\"Skaitytaknyga.lt \u2013 tai ma\u017eas \u0161eimos verslas, kuris prasid\u0117jo nuo meil\u0117s knygoms ir siekio i\u0161gelb\u0117ti knygas nuo likimo prie konteinerio. Kas vienam nereikalingas daiktas \u2013 kitam lobis, o mes esame tarpininkai, kurie padeda abiems tapti laimingesniems ???? \u017dinome kaip nelengva i\u0161gyventi ma\u017eiems verslams, tad nuo \u0161iol, \u010dia rasite ir kit\u0173, ma\u017e\u0173 \u0161eim\u0173 versl\u0173, rank\u0173 darbo, dovan\u0173 sau ir artimiesiems.\",\"publisher\":{\"@id\":\"https:\\\/\\\/skaitytaknyga.lt\\\/#organization\"},\"potentialAction\":[{\"@type\":\"SearchAction\",\"target\":{\"@type\":\"EntryPoint\",\"urlTemplate\":\"https:\\\/\\\/skaitytaknyga.lt\\\/?s={search_term_string}\"},\"query-input\":{\"@type\":\"PropertyValueSpecification\",\"valueRequired\":true,\"valueName\":\"search_term_string\"}}],\"inLanguage\":\"en-GB\"},{\"@type\":\"Organization\",\"@id\":\"https:\\\/\\\/skaitytaknyga.lt\\\/#organization\",\"name\":\"skaitytaknyga.lt\",\"url\":\"https:\\\/\\\/skaitytaknyga.lt\\\/\",\"logo\":{\"@type\":\"ImageObject\",\"inLanguage\":\"en-GB\",\"@id\":\"https:\\\/\\\/skaitytaknyga.lt\\\/#\\\/schema\\\/logo\\\/image\\\/\",\"url\":\"https:\\\/\\\/skaitytaknyga.lt\\\/wp-content\\\/uploads\\\/2024\\\/05\\\/cropped-cropped-cropped-02_00843_jt3bggkj1j3HLc7SyY6rEUpg.jpeg\",\"contentUrl\":\"https:\\\/\\\/skaitytaknyga.lt\\\/wp-content\\\/uploads\\\/2024\\\/05\\\/cropped-cropped-cropped-02_00843_jt3bggkj1j3HLc7SyY6rEUpg.jpeg\",\"width\":1600,\"height\":1600,\"caption\":\"skaitytaknyga.lt\"},\"image\":{\"@id\":\"https:\\\/\\\/skaitytaknyga.lt\\\/#\\\/schema\\\/logo\\\/image\\\/\"},\"sameAs\":[\"https:\\\/\\\/www.facebook.com\\\/skaitytaknyga\\\/\"]}]}<\/script>\n<!-- \/ Yoast SEO plugin. -->","yoast_head_json":{"title":"D.Lessing \u201eAuksiniai u\u017era\u0161ai\u201c - Skaitytaknyga","description":"\u201eAuksiniai u\u017era\u0161ai\u201c\u00a0\u2013 emancipuotos \u0161iuolaikin\u0117s moters romanas: \u0161vytintis nuo\u0161irdumu ir aistra, kupinas gyvenimo pilnatv\u0117s paie\u0161k\u0173. Jame atskleid\u017eiamas","robots":{"index":"index","follow":"follow","max-snippet":"max-snippet:-1","max-image-preview":"max-image-preview:large","max-video-preview":"max-video-preview:-1"},"canonical":"https:\/\/skaitytaknyga.lt\/en\/produktas\/d-lessing-auksiniai-uzrasai-2\/","og_locale":"en_GB","og_type":"article","og_title":"D.Lessing \u201eAuksiniai u\u017era\u0161ai\u201c - Skaitytaknyga","og_description":"\u201eAuksiniai u\u017era\u0161ai\u201c\u00a0\u2013 emancipuotos \u0161iuolaikin\u0117s moters romanas: \u0161vytintis nuo\u0161irdumu ir aistra, kupinas gyvenimo pilnatv\u0117s paie\u0161k\u0173. Jame atskleid\u017eiamas","og_url":"https:\/\/skaitytaknyga.lt\/en\/produktas\/d-lessing-auksiniai-uzrasai-2\/","og_site_name":"Skaitytaknyga","article_publisher":"https:\/\/www.facebook.com\/skaitytaknyga\/","article_modified_time":"2024-05-04T14:30:19+00:00","og_image":[{"width":286,"height":430,"url":"https:\/\/skaitytaknyga.lt\/wp-content\/uploads\/2024\/04\/1462885675_auksiniai-uzrasai-virselis-web1.jpg","type":"image\/jpeg"}],"twitter_card":"summary_large_image","twitter_misc":{"Estimated reading time":"1 minute"},"schema":{"@context":"https:\/\/schema.org","@graph":[{"@type":"WebPage","@id":"https:\/\/skaitytaknyga.lt\/produktas\/d-lessing-auksiniai-uzrasai-2\/","url":"https:\/\/skaitytaknyga.lt\/produktas\/d-lessing-auksiniai-uzrasai-2\/","name":"D.Lessing \u201eAuksiniai u\u017era\u0161ai\u201c - Skaitytaknyga","isPartOf":{"@id":"https:\/\/skaitytaknyga.lt\/#website"},"primaryImageOfPage":{"@id":"https:\/\/skaitytaknyga.lt\/produktas\/d-lessing-auksiniai-uzrasai-2\/#primaryimage"},"image":{"@id":"https:\/\/skaitytaknyga.lt\/produktas\/d-lessing-auksiniai-uzrasai-2\/#primaryimage"},"thumbnailUrl":"https:\/\/skaitytaknyga.lt\/wp-content\/uploads\/2024\/04\/1462885675_auksiniai-uzrasai-virselis-web1.jpg","datePublished":"2024-05-04T14:30:10+00:00","dateModified":"2024-05-04T14:30:19+00:00","description":"\u201eAuksiniai u\u017era\u0161ai\u201c\u00a0\u2013 emancipuotos \u0161iuolaikin\u0117s moters romanas: \u0161vytintis nuo\u0161irdumu ir aistra, kupinas gyvenimo pilnatv\u0117s paie\u0161k\u0173. Jame atskleid\u017eiamas","breadcrumb":{"@id":"https:\/\/skaitytaknyga.lt\/produktas\/d-lessing-auksiniai-uzrasai-2\/#breadcrumb"},"inLanguage":"en-GB","potentialAction":[{"@type":"ReadAction","target":["https:\/\/skaitytaknyga.lt\/produktas\/d-lessing-auksiniai-uzrasai-2\/"]}]},{"@type":"ImageObject","inLanguage":"en-GB","@id":"https:\/\/skaitytaknyga.lt\/produktas\/d-lessing-auksiniai-uzrasai-2\/#primaryimage","url":"https:\/\/skaitytaknyga.lt\/wp-content\/uploads\/2024\/04\/1462885675_auksiniai-uzrasai-virselis-web1.jpg","contentUrl":"https:\/\/skaitytaknyga.lt\/wp-content\/uploads\/2024\/04\/1462885675_auksiniai-uzrasai-virselis-web1.jpg","width":286,"height":430,"caption":"1462885675 auksiniai uzrasai virselis web1"},{"@type":"BreadcrumbList","@id":"https:\/\/skaitytaknyga.lt\/produktas\/d-lessing-auksiniai-uzrasai-2\/#breadcrumb","itemListElement":[{"@type":"ListItem","position":1,"name":"Home","item":"https:\/\/skaitytaknyga.lt\/"},{"@type":"ListItem","position":2,"name":"Parduotuv\u0117","item":"https:\/\/skaitytaknyga.lt\/knygu-parduotuve\/"},{"@type":"ListItem","position":3,"name":"D.Lessing \u201eAuksiniai u\u017era\u0161ai\u201c"}]},{"@type":"WebSite","@id":"https:\/\/skaitytaknyga.lt\/#website","url":"https:\/\/skaitytaknyga.lt\/","name":"skaitytaknyga.lt","description":"Skaitytaknyga.lt \u2013 tai ma\u017eas \u0161eimos verslas, kuris prasid\u0117jo nuo meil\u0117s knygoms ir siekio i\u0161gelb\u0117ti knygas nuo likimo prie konteinerio. Kas vienam nereikalingas daiktas \u2013 kitam lobis, o mes esame tarpininkai, kurie padeda abiems tapti laimingesniems ???? \u017dinome kaip nelengva i\u0161gyventi ma\u017eiems verslams, tad nuo \u0161iol, \u010dia rasite ir kit\u0173, ma\u017e\u0173 \u0161eim\u0173 versl\u0173, rank\u0173 darbo, dovan\u0173 sau ir artimiesiems.","publisher":{"@id":"https:\/\/skaitytaknyga.lt\/#organization"},"potentialAction":[{"@type":"SearchAction","target":{"@type":"EntryPoint","urlTemplate":"https:\/\/skaitytaknyga.lt\/?s={search_term_string}"},"query-input":{"@type":"PropertyValueSpecification","valueRequired":true,"valueName":"search_term_string"}}],"inLanguage":"en-GB"},{"@type":"Organization","@id":"https:\/\/skaitytaknyga.lt\/#organization","name":"skaitytaknyga.lt","url":"https:\/\/skaitytaknyga.lt\/","logo":{"@type":"ImageObject","inLanguage":"en-GB","@id":"https:\/\/skaitytaknyga.lt\/#\/schema\/logo\/image\/","url":"https:\/\/skaitytaknyga.lt\/wp-content\/uploads\/2024\/05\/cropped-cropped-cropped-02_00843_jt3bggkj1j3HLc7SyY6rEUpg.jpeg","contentUrl":"https:\/\/skaitytaknyga.lt\/wp-content\/uploads\/2024\/05\/cropped-cropped-cropped-02_00843_jt3bggkj1j3HLc7SyY6rEUpg.jpeg","width":1600,"height":1600,"caption":"skaitytaknyga.lt"},"image":{"@id":"https:\/\/skaitytaknyga.lt\/#\/schema\/logo\/image\/"},"sameAs":["https:\/\/www.facebook.com\/skaitytaknyga\/"]}]}},"_links":{"self":[{"href":"https:\/\/skaitytaknyga.lt\/en\/wp-json\/wp\/v2\/product\/7471","targetHints":{"allow":["GET"]}}],"collection":[{"href":"https:\/\/skaitytaknyga.lt\/en\/wp-json\/wp\/v2\/product"}],"about":[{"href":"https:\/\/skaitytaknyga.lt\/en\/wp-json\/wp\/v2\/types\/product"}],"replies":[{"embeddable":true,"href":"https:\/\/skaitytaknyga.lt\/en\/wp-json\/wp\/v2\/comments?post=7471"}],"wp:featuredmedia":[{"embeddable":true,"href":"https:\/\/skaitytaknyga.lt\/en\/wp-json\/wp\/v2\/media\/2497"}],"wp:attachment":[{"href":"https:\/\/skaitytaknyga.lt\/en\/wp-json\/wp\/v2\/media?parent=7471"}],"wp:term":[{"taxonomy":"product_brand","embeddable":true,"href":"https:\/\/skaitytaknyga.lt\/en\/wp-json\/wp\/v2\/product_brand?post=7471"},{"taxonomy":"product_cat","embeddable":true,"href":"https:\/\/skaitytaknyga.lt\/en\/wp-json\/wp\/v2\/product_cat?post=7471"},{"taxonomy":"product_tag","embeddable":true,"href":"https:\/\/skaitytaknyga.lt\/en\/wp-json\/wp\/v2\/product_tag?post=7471"}],"curies":[{"name":"wp","href":"https:\/\/api.w.org\/{rel}","templated":true}]}}