{"id":7470,"date":"2025-01-24T14:30:09","date_gmt":"2025-01-24T12:30:09","guid":{"rendered":"https:\/\/skaitytaknyga.lt\/?post_type=product&#038;p=7470"},"modified":"2026-03-10T16:51:18","modified_gmt":"2026-03-10T14:51:18","slug":"l-gounelle-dievas-visada-keliauja-incognito","status":"publish","type":"product","link":"https:\/\/skaitytaknyga.lt\/en\/produktas\/l-gounelle-dievas-visada-keliauja-incognito\/","title":{"rendered":"L. Gounelle \u201eDievas visada keliauja incognito\u201c"},"content":{"rendered":"<p>Knygoje pasakojama istorija panardina \u012f svaigi\u0105 Pary\u017eiaus vasaros atmosfer\u0105 ir kvie\u010dia susim\u0105styti: kas gali paskatinti mus \u012fveikti savo baimes, susikaustym\u0105 bei \u012fpro\u010dius ir, kai gyvenimas nebeteikia d\u017eiaugsmo, priversti i\u0161sukti i\u0161 \u012fprasto kelio?<\/p>\n<p>\u012esivaizduokite \u2013 nepa\u017e\u012fstamas \u017emogus i\u0161gelbsti jums gyvyb\u0119 mainais u\u017e pasi\u017ead\u0117jim\u0105 daryti visk\u0105, ko tik jis pareikalaus&#8230; j\u016bs\u0173 paties labui. Priremtas prie sienos sutinkate ir atsiduriate keistoje pad\u0117tyje: regis, viskas ima slysti i\u0161 rank\u0173&#8230; J\u016bs\u0173 gyvenimas \u2013 nebe j\u016bs\u0173 valioje, ta\u010diau daugeliu at\u017evilgi\u0173 gerokai \u012fdomesnis nei anks\u010diau! Vis d\u0117lto pama\u017eu apninka abejon\u0117s: ko i\u0161 tikr\u0173j\u0173 siekia tas \u017emogus, kuris ki\u0161asi \u012f j\u016bs\u0173 gyvenim\u0105? Kas jis toks? Ir kas tie paslaptingi jo aplinkos \u017emon\u0117s?<\/p>\n<p>Tikiuosi, kad mano knygos ras savo skaitytoj\u0105. Ra\u0161ydamas siekiau perteikti savo patirt\u012f bei \u017einias, gautas i\u0161 neurologijos specialist\u0173 ir i\u0161min\u010di\u0173, kuriuos sutikau keliaudamas. Jie man daug dav\u0117: negal\u0117jau viso to pasilikti vien sau.<\/p>\n<p>A\u0161 nieko nei\u0161galvojau ir neketinu pateikti naujo, genialaus laim\u0117s recepto. Tik noriu pad\u0117ti skaitytojams suvokti, kokios i\u0161 tikr\u0173j\u0173 vertingos yra paprastos tiesos, kurias ka\u017ekod\u0117l da\u017eniausiai pamir\u0161tame. Kvie\u010diu \u012f daug k\u0105 pa\u017evelgti kitaip.<\/p>\n<p><strong>Autorius:<\/strong> Laurent Gounelle<br \/>\n<b style=\"font-style: inherit;\">Leidimo data:<\/b><span style=\"font-size: 16px;\"> 2016<\/span><b style=\"font-style: inherit;\">Knygos b\u016bkl\u0117:\u00a0<\/b><span style=\"font-size: 16px;\">Labai gera<br \/>\n<\/span><b style=\"font-style: inherit;\">Leidykla:<\/b><span style=\"font-size: 16px;\"> Alma littera<br \/>\n<\/span><b style=\"font-style: inherit;\">Knygos vir\u0161elis:\u00a0<\/b><span style=\"font-size: 16px;\">Kietas<br \/>\n<\/span><b style=\"font-style: inherit;\">Knygos puslapi\u0173 skai\u010dius:\u00a0<\/b><span style=\"font-size: 16px;\">360<\/span><\/p>\n<div class=\"summary entry-summary\">\n<div class=\"product_meta\"><\/div>\n<\/div>\n","protected":false},"excerpt":{"rendered":"<p>Knygoje pasakojama istorija panardina \u012f svaigi\u0105 Pary\u017eiaus vasaros atmosfer\u0105 ir kvie\u010dia susim\u0105styti: kas gali paskatinti mus \u012fveikti savo baimes, susikaustym\u0105 bei \u012fpro\u010dius ir, kai gyvenimas nebeteikia d\u017eiaugsmo, priversti i\u0161sukti i\u0161 \u012fprasto kelio? \u012esivaizduokite \u2013 nepa\u017e\u012fstamas \u017emogus i\u0161gelbsti jums gyvyb\u0119 mainais u\u017e pasi\u017ead\u0117jim\u0105 daryti visk\u0105, ko tik jis pareikalaus&#8230; j\u016bs\u0173 paties labui. Priremtas prie sienos sutinkate ir atsiduriate keistoje pad\u0117tyje: regis, viskas ima slysti i\u0161 rank\u0173&#8230; J\u016bs\u0173 gyvenimas \u2013 nebe j\u016bs\u0173 valioje, ta\u010diau daugeliu at\u017evilgi\u0173 gerokai \u012fdomesnis nei anks\u010diau! Vis d\u0117lto pama\u017eu apninka abejon\u0117s: ko i\u0161 tikr\u0173j\u0173 siekia tas \u017emogus, kuris ki\u0161asi \u012f j\u016bs\u0173 gyvenim\u0105? Kas jis toks? Ir kas tie paslaptingi jo aplinkos \u017emon\u0117s? Tikiuosi, kad mano knygos ras savo skaitytoj\u0105. Ra\u0161ydamas siekiau perteikti savo patirt\u012f bei \u017einias, gautas i\u0161 neurologijos specialist\u0173 ir i\u0161min\u010di\u0173, kuriuos sutikau keliaudamas. Jie man daug dav\u0117: negal\u0117jau viso to pasilikti vien sau. A\u0161 nieko nei\u0161galvojau ir neketinu pateikti naujo, genialaus laim\u0117s recepto. Tik noriu pad\u0117ti skaitytojams suvokti, kokios i\u0161 tikr\u0173j\u0173 vertingos yra paprastos tiesos, kurias ka\u017ekod\u0117l da\u017eniausiai pamir\u0161tame. Kvie\u010diu \u012f daug k\u0105 pa\u017evelgti kitaip. Autorius: Laurent Gounelle Leidimo data: 2016Knygos b\u016bkl\u0117:\u00a0Labai gera Leidykla: Alma littera Knygos vir\u0161elis:\u00a0Kietas Knygos puslapi\u0173 skai\u010dius:\u00a0360<\/p>\n","protected":false},"featured_media":2496,"comment_status":"closed","ping_status":"closed","template":"","meta":{"_acf_changed":false,"site-sidebar-layout":"default","site-content-layout":"","ast-site-content-layout":"default","site-content-style":"default","site-sidebar-style":"default","ast-global-header-display":"","ast-banner-title-visibility":"","ast-main-header-display":"","ast-hfb-above-header-display":"","ast-hfb-below-header-display":"","ast-hfb-mobile-header-display":"","site-post-title":"","ast-breadcrumbs-content":"","ast-featured-img":"","footer-sml-layout":"","ast-disable-related-posts":"","theme-transparent-header-meta":"default","adv-header-id-meta":"","stick-header-meta":"","header-above-stick-meta":"","header-main-stick-meta":"","header-below-stick-meta":"","astra-migrate-meta-layouts":"set","ast-page-background-enabled":"default","ast-page-background-meta":{"desktop":{"background-color":"","background-image":"","background-repeat":"repeat","background-position":"center center","background-size":"auto","background-attachment":"scroll","background-type":"","background-media":"","overlay-type":"","overlay-color":"","overlay-opacity":"","overlay-gradient":""},"tablet":{"background-color":"","background-image":"","background-repeat":"repeat","background-position":"center center","background-size":"auto","background-attachment":"scroll","background-type":"","background-media":"","overlay-type":"","overlay-color":"","overlay-opacity":"","overlay-gradient":""},"mobile":{"background-color":"","background-image":"","background-repeat":"repeat","background-position":"center center","background-size":"auto","background-attachment":"scroll","background-type":"","background-media":"","overlay-type":"","overlay-color":"","overlay-opacity":"","overlay-gradient":""}},"ast-content-background-meta":{"desktop":{"background-color":"var(--ast-global-color-4)","background-image":"","background-repeat":"repeat","background-position":"center center","background-size":"auto","background-attachment":"scroll","background-type":"","background-media":"","overlay-type":"","overlay-color":"","overlay-opacity":"","overlay-gradient":""},"tablet":{"background-color":"var(--ast-global-color-4)","background-image":"","background-repeat":"repeat","background-position":"center center","background-size":"auto","background-attachment":"scroll","background-type":"","background-media":"","overlay-type":"","overlay-color":"","overlay-opacity":"","overlay-gradient":""},"mobile":{"background-color":"var(--ast-global-color-4)","background-image":"","background-repeat":"repeat","background-position":"center center","background-size":"auto","background-attachment":"scroll","background-type":"","background-media":"","overlay-type":"","overlay-color":"","overlay-opacity":"","overlay-gradient":""}}},"product_brand":[],"product_cat":[15],"product_tag":[],"class_list":{"0":"post-7470","1":"product","2":"type-product","3":"status-publish","4":"has-post-thumbnail","6":"product_cat-uncategorized","7":"desktop-align-left","8":"tablet-align-left","9":"mobile-align-left","11":"first","12":"instock","13":"shipping-taxable","14":"purchasable","15":"product-type-simple"},"acf":[],"yoast_head":"<!-- This site is optimized with the Yoast SEO plugin v27.0 - https:\/\/yoast.com\/product\/yoast-seo-wordpress\/ -->\n<title>L. Gounelle \u201eDievas visada keliauja incognito\u201c<\/title>\n<meta name=\"description\" content=\"Knygoje pasakojama istorija panardina \u012f svaigi\u0105 Pary\u017eiaus vasaros atmosfer\u0105 ir kvie\u010dia susim\u0105styti: kas gali paskatinti mus \u012fveikti savo baimes,\" \/>\n<meta name=\"robots\" content=\"index, follow, max-snippet:-1, max-image-preview:large, max-video-preview:-1\" \/>\n<link rel=\"canonical\" href=\"https:\/\/skaitytaknyga.lt\/en\/produktas\/l-gounelle-dievas-visada-keliauja-incognito\/\" \/>\n<meta property=\"og:locale\" content=\"en_GB\" \/>\n<meta property=\"og:locale:alternate\" content=\"lt_LT\" \/>\n<meta property=\"og:type\" content=\"article\" \/>\n<meta property=\"og:title\" content=\"L. Gounelle \u201eDievas visada keliauja incognito\u201c\" \/>\n<meta property=\"og:description\" content=\"Knygoje pasakojama istorija panardina \u012f svaigi\u0105 Pary\u017eiaus vasaros atmosfer\u0105 ir kvie\u010dia susim\u0105styti: kas gali paskatinti mus \u012fveikti savo baimes,\" \/>\n<meta property=\"og:url\" content=\"https:\/\/skaitytaknyga.lt\/en\/produktas\/l-gounelle-dievas-visada-keliauja-incognito\/\" \/>\n<meta property=\"og:site_name\" content=\"Skaitytaknyga\" \/>\n<meta property=\"article:publisher\" content=\"https:\/\/www.facebook.com\/skaitytaknyga\/\" \/>\n<meta property=\"article:modified_time\" content=\"2026-03-10T14:51:18+00:00\" \/>\n<meta property=\"og:image\" content=\"https:\/\/skaitytaknyga.lt\/wp-content\/uploads\/2024\/04\/knyga-dievas-visada-keliauja-incognito-50f44f86c4d5d.jpg\" \/>\n\t<meta property=\"og:image:width\" content=\"456\" \/>\n\t<meta property=\"og:image:height\" content=\"750\" \/>\n\t<meta property=\"og:image:type\" content=\"image\/jpeg\" \/>\n<meta name=\"twitter:card\" content=\"summary_large_image\" \/>\n<meta name=\"twitter:label1\" content=\"Estimated reading time\" \/>\n\t<meta name=\"twitter:data1\" content=\"2 minutes\" \/>\n<script type=\"application\/ld+json\" class=\"yoast-schema-graph\">{\"@context\":\"https:\/\/schema.org\",\"@graph\":[{\"@type\":\"WebPage\",\"@id\":\"https:\/\/skaitytaknyga.lt\/produktas\/l-gounelle-dievas-visada-keliauja-incognito\/\",\"url\":\"https:\/\/skaitytaknyga.lt\/produktas\/l-gounelle-dievas-visada-keliauja-incognito\/\",\"name\":\"L. Gounelle \u201eDievas visada keliauja incognito\u201c\",\"isPartOf\":{\"@id\":\"https:\/\/skaitytaknyga.lt\/#website\"},\"primaryImageOfPage\":{\"@id\":\"https:\/\/skaitytaknyga.lt\/produktas\/l-gounelle-dievas-visada-keliauja-incognito\/#primaryimage\"},\"image\":{\"@id\":\"https:\/\/skaitytaknyga.lt\/produktas\/l-gounelle-dievas-visada-keliauja-incognito\/#primaryimage\"},\"thumbnailUrl\":\"https:\/\/skaitytaknyga.lt\/wp-content\/uploads\/2024\/04\/knyga-dievas-visada-keliauja-incognito-50f44f86c4d5d.jpg\",\"datePublished\":\"2025-01-24T12:30:09+00:00\",\"dateModified\":\"2026-03-10T14:51:18+00:00\",\"description\":\"Knygoje pasakojama istorija panardina \u012f svaigi\u0105 Pary\u017eiaus vasaros atmosfer\u0105 ir kvie\u010dia susim\u0105styti: kas gali paskatinti mus \u012fveikti savo baimes,\",\"breadcrumb\":{\"@id\":\"https:\/\/skaitytaknyga.lt\/produktas\/l-gounelle-dievas-visada-keliauja-incognito\/#breadcrumb\"},\"inLanguage\":\"en-GB\",\"potentialAction\":[{\"@type\":\"ReadAction\",\"target\":[\"https:\/\/skaitytaknyga.lt\/produktas\/l-gounelle-dievas-visada-keliauja-incognito\/\"]}]},{\"@type\":\"ImageObject\",\"inLanguage\":\"en-GB\",\"@id\":\"https:\/\/skaitytaknyga.lt\/produktas\/l-gounelle-dievas-visada-keliauja-incognito\/#primaryimage\",\"url\":\"https:\/\/skaitytaknyga.lt\/wp-content\/uploads\/2024\/04\/knyga-dievas-visada-keliauja-incognito-50f44f86c4d5d.jpg\",\"contentUrl\":\"https:\/\/skaitytaknyga.lt\/wp-content\/uploads\/2024\/04\/knyga-dievas-visada-keliauja-incognito-50f44f86c4d5d.jpg\",\"width\":456,\"height\":750,\"caption\":\"L. Gounelle \u201eDievas visada keliauja incognito\u201c\"},{\"@type\":\"BreadcrumbList\",\"@id\":\"https:\/\/skaitytaknyga.lt\/produktas\/l-gounelle-dievas-visada-keliauja-incognito\/#breadcrumb\",\"itemListElement\":[{\"@type\":\"ListItem\",\"position\":1,\"name\":\"Home\",\"item\":\"https:\/\/skaitytaknyga.lt\/\"},{\"@type\":\"ListItem\",\"position\":2,\"name\":\"Parduotuv\u0117\",\"item\":\"https:\/\/skaitytaknyga.lt\/knygu-parduotuve\/\"},{\"@type\":\"ListItem\",\"position\":3,\"name\":\"L. Gounelle \u201eDievas visada keliauja incognito\u201c\"}]},{\"@type\":\"WebSite\",\"@id\":\"https:\/\/skaitytaknyga.lt\/#website\",\"url\":\"https:\/\/skaitytaknyga.lt\/\",\"name\":\"skaitytaknyga.lt\",\"description\":\"Skaitytaknyga.lt \u2013 tai ma\u017eas \u0161eimos verslas, kuris prasid\u0117jo nuo meil\u0117s knygoms ir siekio i\u0161gelb\u0117ti knygas nuo likimo prie konteinerio. Kas vienam nereikalingas daiktas \u2013 kitam lobis, o mes esame tarpininkai, kurie padeda abiems tapti laimingesniems ???? \u017dinome kaip nelengva i\u0161gyventi ma\u017eiems verslams, tad nuo \u0161iol, \u010dia rasite ir kit\u0173, ma\u017e\u0173 \u0161eim\u0173 versl\u0173, rank\u0173 darbo, dovan\u0173 sau ir artimiesiems.\",\"publisher\":{\"@id\":\"https:\/\/skaitytaknyga.lt\/#organization\"},\"potentialAction\":[{\"@type\":\"SearchAction\",\"target\":{\"@type\":\"EntryPoint\",\"urlTemplate\":\"https:\/\/skaitytaknyga.lt\/?s={search_term_string}\"},\"query-input\":{\"@type\":\"PropertyValueSpecification\",\"valueRequired\":true,\"valueName\":\"search_term_string\"}}],\"inLanguage\":\"en-GB\"},{\"@type\":\"Organization\",\"@id\":\"https:\/\/skaitytaknyga.lt\/#organization\",\"name\":\"skaitytaknyga.lt\",\"url\":\"https:\/\/skaitytaknyga.lt\/\",\"logo\":{\"@type\":\"ImageObject\",\"inLanguage\":\"en-GB\",\"@id\":\"https:\/\/skaitytaknyga.lt\/#\/schema\/logo\/image\/\",\"url\":\"https:\/\/skaitytaknyga.lt\/wp-content\/uploads\/2024\/05\/cropped-cropped-cropped-02_00843_jt3bggkj1j3HLc7SyY6rEUpg.jpeg\",\"contentUrl\":\"https:\/\/skaitytaknyga.lt\/wp-content\/uploads\/2024\/05\/cropped-cropped-cropped-02_00843_jt3bggkj1j3HLc7SyY6rEUpg.jpeg\",\"width\":1600,\"height\":1600,\"caption\":\"skaitytaknyga.lt\"},\"image\":{\"@id\":\"https:\/\/skaitytaknyga.lt\/#\/schema\/logo\/image\/\"},\"sameAs\":[\"https:\/\/www.facebook.com\/skaitytaknyga\/\"]}]}<\/script>\n<!-- \/ Yoast SEO plugin. -->","yoast_head_json":{"title":"L. Gounelle \u201eDievas visada keliauja incognito\u201c","description":"Knygoje pasakojama istorija panardina \u012f svaigi\u0105 Pary\u017eiaus vasaros atmosfer\u0105 ir kvie\u010dia susim\u0105styti: kas gali paskatinti mus \u012fveikti savo baimes,","robots":{"index":"index","follow":"follow","max-snippet":"max-snippet:-1","max-image-preview":"max-image-preview:large","max-video-preview":"max-video-preview:-1"},"canonical":"https:\/\/skaitytaknyga.lt\/en\/produktas\/l-gounelle-dievas-visada-keliauja-incognito\/","og_locale":"en_GB","og_type":"article","og_title":"[:lt]L. Gounelle \u201eDievas visada keliauja incognito\u201c[:] - Skaitytaknyga","og_description":"Knygoje pasakojama istorija panardina \u012f svaigi\u0105 Pary\u017eiaus vasaros atmosfer\u0105 ir kvie\u010dia susim\u0105styti: kas gali paskatinti mus \u012fveikti savo baimes,","og_url":"https:\/\/skaitytaknyga.lt\/en\/produktas\/l-gounelle-dievas-visada-keliauja-incognito\/","og_site_name":"Skaitytaknyga","article_publisher":"https:\/\/www.facebook.com\/skaitytaknyga\/","article_modified_time":"2026-03-10T14:51:18+00:00","og_image":[{"width":456,"height":750,"url":"https:\/\/skaitytaknyga.lt\/wp-content\/uploads\/2024\/04\/knyga-dievas-visada-keliauja-incognito-50f44f86c4d5d.jpg","type":"image\/jpeg"}],"twitter_card":"summary_large_image","twitter_misc":{"Estimated reading time":"2 minutes"},"schema":{"@context":"https:\/\/schema.org","@graph":[{"@type":"WebPage","@id":"https:\/\/skaitytaknyga.lt\/produktas\/l-gounelle-dievas-visada-keliauja-incognito\/","url":"https:\/\/skaitytaknyga.lt\/produktas\/l-gounelle-dievas-visada-keliauja-incognito\/","name":"L. Gounelle \u201eDievas visada keliauja incognito\u201c","isPartOf":{"@id":"https:\/\/skaitytaknyga.lt\/#website"},"primaryImageOfPage":{"@id":"https:\/\/skaitytaknyga.lt\/produktas\/l-gounelle-dievas-visada-keliauja-incognito\/#primaryimage"},"image":{"@id":"https:\/\/skaitytaknyga.lt\/produktas\/l-gounelle-dievas-visada-keliauja-incognito\/#primaryimage"},"thumbnailUrl":"https:\/\/skaitytaknyga.lt\/wp-content\/uploads\/2024\/04\/knyga-dievas-visada-keliauja-incognito-50f44f86c4d5d.jpg","datePublished":"2025-01-24T12:30:09+00:00","dateModified":"2026-03-10T14:51:18+00:00","description":"Knygoje pasakojama istorija panardina \u012f svaigi\u0105 Pary\u017eiaus vasaros atmosfer\u0105 ir kvie\u010dia susim\u0105styti: kas gali paskatinti mus \u012fveikti savo baimes,","breadcrumb":{"@id":"https:\/\/skaitytaknyga.lt\/produktas\/l-gounelle-dievas-visada-keliauja-incognito\/#breadcrumb"},"inLanguage":"en-GB","potentialAction":[{"@type":"ReadAction","target":["https:\/\/skaitytaknyga.lt\/produktas\/l-gounelle-dievas-visada-keliauja-incognito\/"]}]},{"@type":"ImageObject","inLanguage":"en-GB","@id":"https:\/\/skaitytaknyga.lt\/produktas\/l-gounelle-dievas-visada-keliauja-incognito\/#primaryimage","url":"https:\/\/skaitytaknyga.lt\/wp-content\/uploads\/2024\/04\/knyga-dievas-visada-keliauja-incognito-50f44f86c4d5d.jpg","contentUrl":"https:\/\/skaitytaknyga.lt\/wp-content\/uploads\/2024\/04\/knyga-dievas-visada-keliauja-incognito-50f44f86c4d5d.jpg","width":456,"height":750,"caption":"L. Gounelle \u201eDievas visada keliauja incognito\u201c"},{"@type":"BreadcrumbList","@id":"https:\/\/skaitytaknyga.lt\/produktas\/l-gounelle-dievas-visada-keliauja-incognito\/#breadcrumb","itemListElement":[{"@type":"ListItem","position":1,"name":"Home","item":"https:\/\/skaitytaknyga.lt\/"},{"@type":"ListItem","position":2,"name":"Parduotuv\u0117","item":"https:\/\/skaitytaknyga.lt\/knygu-parduotuve\/"},{"@type":"ListItem","position":3,"name":"L. Gounelle \u201eDievas visada keliauja incognito\u201c"}]},{"@type":"WebSite","@id":"https:\/\/skaitytaknyga.lt\/#website","url":"https:\/\/skaitytaknyga.lt\/","name":"skaitytaknyga.lt","description":"Skaitytaknyga.lt \u2013 tai ma\u017eas \u0161eimos verslas, kuris prasid\u0117jo nuo meil\u0117s knygoms ir siekio i\u0161gelb\u0117ti knygas nuo likimo prie konteinerio. Kas vienam nereikalingas daiktas \u2013 kitam lobis, o mes esame tarpininkai, kurie padeda abiems tapti laimingesniems ???? \u017dinome kaip nelengva i\u0161gyventi ma\u017eiems verslams, tad nuo \u0161iol, \u010dia rasite ir kit\u0173, ma\u017e\u0173 \u0161eim\u0173 versl\u0173, rank\u0173 darbo, dovan\u0173 sau ir artimiesiems.","publisher":{"@id":"https:\/\/skaitytaknyga.lt\/#organization"},"potentialAction":[{"@type":"SearchAction","target":{"@type":"EntryPoint","urlTemplate":"https:\/\/skaitytaknyga.lt\/?s={search_term_string}"},"query-input":{"@type":"PropertyValueSpecification","valueRequired":true,"valueName":"search_term_string"}}],"inLanguage":"en-GB"},{"@type":"Organization","@id":"https:\/\/skaitytaknyga.lt\/#organization","name":"skaitytaknyga.lt","url":"https:\/\/skaitytaknyga.lt\/","logo":{"@type":"ImageObject","inLanguage":"en-GB","@id":"https:\/\/skaitytaknyga.lt\/#\/schema\/logo\/image\/","url":"https:\/\/skaitytaknyga.lt\/wp-content\/uploads\/2024\/05\/cropped-cropped-cropped-02_00843_jt3bggkj1j3HLc7SyY6rEUpg.jpeg","contentUrl":"https:\/\/skaitytaknyga.lt\/wp-content\/uploads\/2024\/05\/cropped-cropped-cropped-02_00843_jt3bggkj1j3HLc7SyY6rEUpg.jpeg","width":1600,"height":1600,"caption":"skaitytaknyga.lt"},"image":{"@id":"https:\/\/skaitytaknyga.lt\/#\/schema\/logo\/image\/"},"sameAs":["https:\/\/www.facebook.com\/skaitytaknyga\/"]}]}},"_links":{"self":[{"href":"https:\/\/skaitytaknyga.lt\/en\/wp-json\/wp\/v2\/product\/7470","targetHints":{"allow":["GET"]}}],"collection":[{"href":"https:\/\/skaitytaknyga.lt\/en\/wp-json\/wp\/v2\/product"}],"about":[{"href":"https:\/\/skaitytaknyga.lt\/en\/wp-json\/wp\/v2\/types\/product"}],"replies":[{"embeddable":true,"href":"https:\/\/skaitytaknyga.lt\/en\/wp-json\/wp\/v2\/comments?post=7470"}],"wp:featuredmedia":[{"embeddable":true,"href":"https:\/\/skaitytaknyga.lt\/en\/wp-json\/wp\/v2\/media\/2496"}],"wp:attachment":[{"href":"https:\/\/skaitytaknyga.lt\/en\/wp-json\/wp\/v2\/media?parent=7470"}],"wp:term":[{"taxonomy":"product_brand","embeddable":true,"href":"https:\/\/skaitytaknyga.lt\/en\/wp-json\/wp\/v2\/product_brand?post=7470"},{"taxonomy":"product_cat","embeddable":true,"href":"https:\/\/skaitytaknyga.lt\/en\/wp-json\/wp\/v2\/product_cat?post=7470"},{"taxonomy":"product_tag","embeddable":true,"href":"https:\/\/skaitytaknyga.lt\/en\/wp-json\/wp\/v2\/product_tag?post=7470"}],"curies":[{"name":"wp","href":"https:\/\/api.w.org\/{rel}","templated":true}]}}