{"id":7469,"date":"2024-05-04T14:30:09","date_gmt":"2024-05-04T14:30:09","guid":{"rendered":"https:\/\/skaitytaknyga.lt\/?post_type=product&#038;p=7469"},"modified":"2024-05-04T14:30:17","modified_gmt":"2024-05-04T14:30:17","slug":"l-rayven-paluzusi-dzuljeta-2","status":"publish","type":"product","link":"https:\/\/skaitytaknyga.lt\/en\/produktas\/l-rayven-paluzusi-dzuljeta-2\/","title":{"rendered":"L. Rayven \u201ePal\u016b\u017eusi D\u017euljeta\u201c"},"content":{"rendered":"<p>I\u0161 naujo susitik\u0119 Brodv\u0117jaus scenoje, Keis\u0117 ir Itanas \u012fsisuka \u012f jausming\u0105 aistr\u0173 verpet\u0105. Keis\u0119 kankina abejon\u0117s, ar ji kada nors gal\u0117s pasitik\u0117ti Itanu, nors po j\u0173 i\u0161siskyrimo sieloje atsiv\u0117rusios tu\u0161tumos visus \u0161iuos metus niekas nesugeb\u0117jo u\u017epildyti. \u0160is vyras buvo jos pirmoji meil\u0117, pirmasis parod\u0117, kas yra svaiginanti aistra, j\u0173 tarpusavio trauka leido Keisei \u017eengti pirmuosius \u017eingsnius svajoni\u0173 karjeros link. Ta\u010diau did\u017eiausi\u0105 \u017eym\u0119 Itanas paliko ne kart\u0105 sudau\u017e\u0119s jos \u0161ird\u012f \u012f \u0161ipulius.<\/p>\n<p>Itanas pasiry\u017e\u0119s \u012ftikinti Keis\u0119, kad pasikeit\u0117 ir pagaliau gali i\u0161tarti \u017eod\u017eius, kuri\u0173 ji ka\u017ekada taip lauk\u0117. Jam reik\u0117jo pasiekti juod\u017eiausi\u0105 dugn\u0105 ir priart\u0117ti prie mirties, kad surast\u0173 j\u0117g\u0173 i\u0161sigydyti siel\u0105. Itanas \u017eino negalintis pakeisti skaud\u017eios praeities, ta\u010diau padarys visk\u0105, kad \u012ftikint\u0173 Keis\u0119, jog jiems lemta b\u016bti kartu. Ar jam pavyks rasti keli\u0105 atgal \u012f mylimos moters \u0161ird\u012f?<\/p>\n<p>Priblo\u0161kianti pirmos\u00a0\u201eBlogasis Romeo&#8221;\u00a0dalies atomazga \u012ftrauks ir privers aik\u010dioti!<\/p>\n","protected":false},"excerpt":{"rendered":"<p>I\u0161 naujo susitik\u0119 Brodv\u0117jaus scenoje, Keis\u0117 ir Itanas \u012fsisuka \u012f jausming\u0105 aistr\u0173 verpet\u0105. Keis\u0119 kankina abejon\u0117s, ar ji kada nors gal\u0117s pasitik\u0117ti Itanu, nors po j\u0173 i\u0161siskyrimo sieloje atsiv\u0117rusios tu\u0161tumos visus \u0161iuos metus niekas nesugeb\u0117jo u\u017epildyti. \u0160is vyras buvo jos pirmoji meil\u0117, pirmasis parod\u0117, kas yra svaiginanti aistra, j\u0173 tarpusavio trauka leido Keisei \u017eengti pirmuosius \u017eingsnius svajoni\u0173 karjeros link. Ta\u010diau did\u017eiausi\u0105 \u017eym\u0119 Itanas paliko ne kart\u0105 sudau\u017e\u0119s jos \u0161ird\u012f \u012f \u0161ipulius. Itanas pasiry\u017e\u0119s \u012ftikinti Keis\u0119, kad pasikeit\u0117 ir pagaliau gali i\u0161tarti \u017eod\u017eius, kuri\u0173 ji ka\u017ekada taip lauk\u0117. Jam reik\u0117jo pasiekti juod\u017eiausi\u0105 dugn\u0105 ir priart\u0117ti prie mirties, kad surast\u0173 j\u0117g\u0173 i\u0161sigydyti siel\u0105. Itanas \u017eino negalintis pakeisti skaud\u017eios praeities, ta\u010diau padarys visk\u0105, kad \u012ftikint\u0173 Keis\u0119, jog jiems lemta b\u016bti kartu. Ar jam pavyks rasti keli\u0105 atgal \u012f mylimos moters \u0161ird\u012f? Priblo\u0161kianti pirmos\u00a0\u201eBlogasis Romeo&#8221;\u00a0dalies atomazga \u012ftrauks ir privers aik\u010dioti!<\/p>\n","protected":false},"featured_media":2495,"comment_status":"closed","ping_status":"closed","template":"","meta":{"_acf_changed":false,"site-sidebar-layout":"default","site-content-layout":"","ast-site-content-layout":"default","site-content-style":"default","site-sidebar-style":"default","ast-global-header-display":"","ast-banner-title-visibility":"","ast-main-header-display":"","ast-hfb-above-header-display":"","ast-hfb-below-header-display":"","ast-hfb-mobile-header-display":"","site-post-title":"","ast-breadcrumbs-content":"","ast-featured-img":"","footer-sml-layout":"","ast-disable-related-posts":"","theme-transparent-header-meta":"","adv-header-id-meta":"","stick-header-meta":"","header-above-stick-meta":"","header-main-stick-meta":"","header-below-stick-meta":"","astra-migrate-meta-layouts":"default","ast-page-background-enabled":"default","ast-page-background-meta":{"desktop":{"background-color":"","background-image":"","background-repeat":"repeat","background-position":"center center","background-size":"auto","background-attachment":"scroll","background-type":"","background-media":"","overlay-type":"","overlay-color":"","overlay-opacity":"","overlay-gradient":""},"tablet":{"background-color":"","background-image":"","background-repeat":"repeat","background-position":"center center","background-size":"auto","background-attachment":"scroll","background-type":"","background-media":"","overlay-type":"","overlay-color":"","overlay-opacity":"","overlay-gradient":""},"mobile":{"background-color":"","background-image":"","background-repeat":"repeat","background-position":"center center","background-size":"auto","background-attachment":"scroll","background-type":"","background-media":"","overlay-type":"","overlay-color":"","overlay-opacity":"","overlay-gradient":""}},"ast-content-background-meta":{"desktop":{"background-color":"var(--ast-global-color-4)","background-image":"","background-repeat":"repeat","background-position":"center center","background-size":"auto","background-attachment":"scroll","background-type":"","background-media":"","overlay-type":"","overlay-color":"","overlay-opacity":"","overlay-gradient":""},"tablet":{"background-color":"var(--ast-global-color-4)","background-image":"","background-repeat":"repeat","background-position":"center center","background-size":"auto","background-attachment":"scroll","background-type":"","background-media":"","overlay-type":"","overlay-color":"","overlay-opacity":"","overlay-gradient":""},"mobile":{"background-color":"var(--ast-global-color-4)","background-image":"","background-repeat":"repeat","background-position":"center center","background-size":"auto","background-attachment":"scroll","background-type":"","background-media":"","overlay-type":"","overlay-color":"","overlay-opacity":"","overlay-gradient":""}}},"product_brand":[],"product_cat":[31],"product_tag":[],"class_list":{"0":"post-7469","1":"product","2":"type-product","3":"status-publish","4":"has-post-thumbnail","6":"product_cat-grozine-literatura","7":"desktop-align-left","8":"tablet-align-left","9":"mobile-align-left","11":"first","12":"outofstock","13":"shipping-taxable","14":"purchasable","15":"product-type-simple"},"acf":[],"yoast_head":"<!-- This site is optimized with the Yoast SEO plugin v27.4 - https:\/\/yoast.com\/product\/yoast-seo-wordpress\/ -->\n<title>L. Rayven \u201ePal\u016b\u017eusi D\u017euljeta\u201c - Skaitytaknyga<\/title>\n<meta name=\"description\" content=\"I\u0161 naujo susitik\u0119 Brodv\u0117jaus scenoje, Keis\u0117 ir Itanas \u012fsisuka \u012f jausming\u0105 aistr\u0173 verpet\u0105. Keis\u0119 kankina abejon\u0117s, ar ji kada nors gal\u0117s pasitik\u0117ti Itanu,\" \/>\n<meta name=\"robots\" content=\"index, follow, max-snippet:-1, max-image-preview:large, max-video-preview:-1\" \/>\n<link rel=\"canonical\" href=\"https:\/\/skaitytaknyga.lt\/en\/produktas\/l-rayven-paluzusi-dzuljeta-2\/\" \/>\n<meta property=\"og:locale\" content=\"en_GB\" \/>\n<meta property=\"og:locale:alternate\" content=\"lt_LT\" \/>\n<meta property=\"og:type\" content=\"article\" \/>\n<meta property=\"og:title\" content=\"L. Rayven \u201ePal\u016b\u017eusi D\u017euljeta\u201c - Skaitytaknyga\" \/>\n<meta property=\"og:description\" content=\"I\u0161 naujo susitik\u0119 Brodv\u0117jaus scenoje, Keis\u0117 ir Itanas \u012fsisuka \u012f jausming\u0105 aistr\u0173 verpet\u0105. Keis\u0119 kankina abejon\u0117s, ar ji kada nors gal\u0117s pasitik\u0117ti Itanu,\" \/>\n<meta property=\"og:url\" content=\"https:\/\/skaitytaknyga.lt\/en\/produktas\/l-rayven-paluzusi-dzuljeta-2\/\" \/>\n<meta property=\"og:site_name\" content=\"Skaitytaknyga\" \/>\n<meta property=\"article:publisher\" content=\"https:\/\/www.facebook.com\/skaitytaknyga\/\" \/>\n<meta property=\"article:modified_time\" content=\"2024-05-04T14:30:17+00:00\" \/>\n<meta property=\"og:image\" content=\"https:\/\/skaitytaknyga.lt\/wp-content\/uploads\/2024\/04\/20200818_154637_edited.jpg\" \/>\n\t<meta property=\"og:image:width\" content=\"1792\" \/>\n\t<meta property=\"og:image:height\" content=\"2547\" \/>\n\t<meta property=\"og:image:type\" content=\"image\/jpeg\" \/>\n<meta name=\"twitter:card\" content=\"summary_large_image\" \/>\n<meta name=\"twitter:label1\" content=\"Estimated reading time\" \/>\n\t<meta name=\"twitter:data1\" content=\"1 minute\" \/>\n<script type=\"application\/ld+json\" class=\"yoast-schema-graph\">{\"@context\":\"https:\\\/\\\/schema.org\",\"@graph\":[{\"@type\":\"WebPage\",\"@id\":\"https:\\\/\\\/skaitytaknyga.lt\\\/produktas\\\/l-rayven-paluzusi-dzuljeta-2\\\/\",\"url\":\"https:\\\/\\\/skaitytaknyga.lt\\\/produktas\\\/l-rayven-paluzusi-dzuljeta-2\\\/\",\"name\":\"L. Rayven \u201ePal\u016b\u017eusi D\u017euljeta\u201c - Skaitytaknyga\",\"isPartOf\":{\"@id\":\"https:\\\/\\\/skaitytaknyga.lt\\\/#website\"},\"primaryImageOfPage\":{\"@id\":\"https:\\\/\\\/skaitytaknyga.lt\\\/produktas\\\/l-rayven-paluzusi-dzuljeta-2\\\/#primaryimage\"},\"image\":{\"@id\":\"https:\\\/\\\/skaitytaknyga.lt\\\/produktas\\\/l-rayven-paluzusi-dzuljeta-2\\\/#primaryimage\"},\"thumbnailUrl\":\"https:\\\/\\\/skaitytaknyga.lt\\\/wp-content\\\/uploads\\\/2024\\\/04\\\/20200818_154637_edited.jpg\",\"datePublished\":\"2024-05-04T14:30:09+00:00\",\"dateModified\":\"2024-05-04T14:30:17+00:00\",\"description\":\"I\u0161 naujo susitik\u0119 Brodv\u0117jaus scenoje, Keis\u0117 ir Itanas \u012fsisuka \u012f jausming\u0105 aistr\u0173 verpet\u0105. Keis\u0119 kankina abejon\u0117s, ar ji kada nors gal\u0117s pasitik\u0117ti Itanu,\",\"breadcrumb\":{\"@id\":\"https:\\\/\\\/skaitytaknyga.lt\\\/produktas\\\/l-rayven-paluzusi-dzuljeta-2\\\/#breadcrumb\"},\"inLanguage\":\"en-GB\",\"potentialAction\":[{\"@type\":\"ReadAction\",\"target\":[\"https:\\\/\\\/skaitytaknyga.lt\\\/produktas\\\/l-rayven-paluzusi-dzuljeta-2\\\/\"]}]},{\"@type\":\"ImageObject\",\"inLanguage\":\"en-GB\",\"@id\":\"https:\\\/\\\/skaitytaknyga.lt\\\/produktas\\\/l-rayven-paluzusi-dzuljeta-2\\\/#primaryimage\",\"url\":\"https:\\\/\\\/skaitytaknyga.lt\\\/wp-content\\\/uploads\\\/2024\\\/04\\\/20200818_154637_edited.jpg\",\"contentUrl\":\"https:\\\/\\\/skaitytaknyga.lt\\\/wp-content\\\/uploads\\\/2024\\\/04\\\/20200818_154637_edited.jpg\",\"width\":1792,\"height\":2547,\"caption\":\"20200818 154637 edited\"},{\"@type\":\"BreadcrumbList\",\"@id\":\"https:\\\/\\\/skaitytaknyga.lt\\\/produktas\\\/l-rayven-paluzusi-dzuljeta-2\\\/#breadcrumb\",\"itemListElement\":[{\"@type\":\"ListItem\",\"position\":1,\"name\":\"Home\",\"item\":\"https:\\\/\\\/skaitytaknyga.lt\\\/\"},{\"@type\":\"ListItem\",\"position\":2,\"name\":\"Parduotuv\u0117\",\"item\":\"https:\\\/\\\/skaitytaknyga.lt\\\/knygu-parduotuve\\\/\"},{\"@type\":\"ListItem\",\"position\":3,\"name\":\"L. Rayven \u201ePal\u016b\u017eusi D\u017euljeta\u201c\"}]},{\"@type\":\"WebSite\",\"@id\":\"https:\\\/\\\/skaitytaknyga.lt\\\/#website\",\"url\":\"https:\\\/\\\/skaitytaknyga.lt\\\/\",\"name\":\"skaitytaknyga.lt\",\"description\":\"Skaitytaknyga.lt \u2013 tai ma\u017eas \u0161eimos verslas, kuris prasid\u0117jo nuo meil\u0117s knygoms ir siekio i\u0161gelb\u0117ti knygas nuo likimo prie konteinerio. Kas vienam nereikalingas daiktas \u2013 kitam lobis, o mes esame tarpininkai, kurie padeda abiems tapti laimingesniems ???? \u017dinome kaip nelengva i\u0161gyventi ma\u017eiems verslams, tad nuo \u0161iol, \u010dia rasite ir kit\u0173, ma\u017e\u0173 \u0161eim\u0173 versl\u0173, rank\u0173 darbo, dovan\u0173 sau ir artimiesiems.\",\"publisher\":{\"@id\":\"https:\\\/\\\/skaitytaknyga.lt\\\/#organization\"},\"potentialAction\":[{\"@type\":\"SearchAction\",\"target\":{\"@type\":\"EntryPoint\",\"urlTemplate\":\"https:\\\/\\\/skaitytaknyga.lt\\\/?s={search_term_string}\"},\"query-input\":{\"@type\":\"PropertyValueSpecification\",\"valueRequired\":true,\"valueName\":\"search_term_string\"}}],\"inLanguage\":\"en-GB\"},{\"@type\":\"Organization\",\"@id\":\"https:\\\/\\\/skaitytaknyga.lt\\\/#organization\",\"name\":\"skaitytaknyga.lt\",\"url\":\"https:\\\/\\\/skaitytaknyga.lt\\\/\",\"logo\":{\"@type\":\"ImageObject\",\"inLanguage\":\"en-GB\",\"@id\":\"https:\\\/\\\/skaitytaknyga.lt\\\/#\\\/schema\\\/logo\\\/image\\\/\",\"url\":\"https:\\\/\\\/skaitytaknyga.lt\\\/wp-content\\\/uploads\\\/2024\\\/05\\\/cropped-cropped-cropped-02_00843_jt3bggkj1j3HLc7SyY6rEUpg.jpeg\",\"contentUrl\":\"https:\\\/\\\/skaitytaknyga.lt\\\/wp-content\\\/uploads\\\/2024\\\/05\\\/cropped-cropped-cropped-02_00843_jt3bggkj1j3HLc7SyY6rEUpg.jpeg\",\"width\":1600,\"height\":1600,\"caption\":\"skaitytaknyga.lt\"},\"image\":{\"@id\":\"https:\\\/\\\/skaitytaknyga.lt\\\/#\\\/schema\\\/logo\\\/image\\\/\"},\"sameAs\":[\"https:\\\/\\\/www.facebook.com\\\/skaitytaknyga\\\/\"]}]}<\/script>\n<!-- \/ Yoast SEO plugin. -->","yoast_head_json":{"title":"L. Rayven \u201ePal\u016b\u017eusi D\u017euljeta\u201c - Skaitytaknyga","description":"I\u0161 naujo susitik\u0119 Brodv\u0117jaus scenoje, Keis\u0117 ir Itanas \u012fsisuka \u012f jausming\u0105 aistr\u0173 verpet\u0105. Keis\u0119 kankina abejon\u0117s, ar ji kada nors gal\u0117s pasitik\u0117ti Itanu,","robots":{"index":"index","follow":"follow","max-snippet":"max-snippet:-1","max-image-preview":"max-image-preview:large","max-video-preview":"max-video-preview:-1"},"canonical":"https:\/\/skaitytaknyga.lt\/en\/produktas\/l-rayven-paluzusi-dzuljeta-2\/","og_locale":"en_GB","og_type":"article","og_title":"L. Rayven \u201ePal\u016b\u017eusi D\u017euljeta\u201c - Skaitytaknyga","og_description":"I\u0161 naujo susitik\u0119 Brodv\u0117jaus scenoje, Keis\u0117 ir Itanas \u012fsisuka \u012f jausming\u0105 aistr\u0173 verpet\u0105. Keis\u0119 kankina abejon\u0117s, ar ji kada nors gal\u0117s pasitik\u0117ti Itanu,","og_url":"https:\/\/skaitytaknyga.lt\/en\/produktas\/l-rayven-paluzusi-dzuljeta-2\/","og_site_name":"Skaitytaknyga","article_publisher":"https:\/\/www.facebook.com\/skaitytaknyga\/","article_modified_time":"2024-05-04T14:30:17+00:00","og_image":[{"width":1792,"height":2547,"url":"https:\/\/skaitytaknyga.lt\/wp-content\/uploads\/2024\/04\/20200818_154637_edited.jpg","type":"image\/jpeg"}],"twitter_card":"summary_large_image","twitter_misc":{"Estimated reading time":"1 minute"},"schema":{"@context":"https:\/\/schema.org","@graph":[{"@type":"WebPage","@id":"https:\/\/skaitytaknyga.lt\/produktas\/l-rayven-paluzusi-dzuljeta-2\/","url":"https:\/\/skaitytaknyga.lt\/produktas\/l-rayven-paluzusi-dzuljeta-2\/","name":"L. Rayven \u201ePal\u016b\u017eusi D\u017euljeta\u201c - Skaitytaknyga","isPartOf":{"@id":"https:\/\/skaitytaknyga.lt\/#website"},"primaryImageOfPage":{"@id":"https:\/\/skaitytaknyga.lt\/produktas\/l-rayven-paluzusi-dzuljeta-2\/#primaryimage"},"image":{"@id":"https:\/\/skaitytaknyga.lt\/produktas\/l-rayven-paluzusi-dzuljeta-2\/#primaryimage"},"thumbnailUrl":"https:\/\/skaitytaknyga.lt\/wp-content\/uploads\/2024\/04\/20200818_154637_edited.jpg","datePublished":"2024-05-04T14:30:09+00:00","dateModified":"2024-05-04T14:30:17+00:00","description":"I\u0161 naujo susitik\u0119 Brodv\u0117jaus scenoje, Keis\u0117 ir Itanas \u012fsisuka \u012f jausming\u0105 aistr\u0173 verpet\u0105. Keis\u0119 kankina abejon\u0117s, ar ji kada nors gal\u0117s pasitik\u0117ti Itanu,","breadcrumb":{"@id":"https:\/\/skaitytaknyga.lt\/produktas\/l-rayven-paluzusi-dzuljeta-2\/#breadcrumb"},"inLanguage":"en-GB","potentialAction":[{"@type":"ReadAction","target":["https:\/\/skaitytaknyga.lt\/produktas\/l-rayven-paluzusi-dzuljeta-2\/"]}]},{"@type":"ImageObject","inLanguage":"en-GB","@id":"https:\/\/skaitytaknyga.lt\/produktas\/l-rayven-paluzusi-dzuljeta-2\/#primaryimage","url":"https:\/\/skaitytaknyga.lt\/wp-content\/uploads\/2024\/04\/20200818_154637_edited.jpg","contentUrl":"https:\/\/skaitytaknyga.lt\/wp-content\/uploads\/2024\/04\/20200818_154637_edited.jpg","width":1792,"height":2547,"caption":"20200818 154637 edited"},{"@type":"BreadcrumbList","@id":"https:\/\/skaitytaknyga.lt\/produktas\/l-rayven-paluzusi-dzuljeta-2\/#breadcrumb","itemListElement":[{"@type":"ListItem","position":1,"name":"Home","item":"https:\/\/skaitytaknyga.lt\/"},{"@type":"ListItem","position":2,"name":"Parduotuv\u0117","item":"https:\/\/skaitytaknyga.lt\/knygu-parduotuve\/"},{"@type":"ListItem","position":3,"name":"L. Rayven \u201ePal\u016b\u017eusi D\u017euljeta\u201c"}]},{"@type":"WebSite","@id":"https:\/\/skaitytaknyga.lt\/#website","url":"https:\/\/skaitytaknyga.lt\/","name":"skaitytaknyga.lt","description":"Skaitytaknyga.lt \u2013 tai ma\u017eas \u0161eimos verslas, kuris prasid\u0117jo nuo meil\u0117s knygoms ir siekio i\u0161gelb\u0117ti knygas nuo likimo prie konteinerio. Kas vienam nereikalingas daiktas \u2013 kitam lobis, o mes esame tarpininkai, kurie padeda abiems tapti laimingesniems ???? \u017dinome kaip nelengva i\u0161gyventi ma\u017eiems verslams, tad nuo \u0161iol, \u010dia rasite ir kit\u0173, ma\u017e\u0173 \u0161eim\u0173 versl\u0173, rank\u0173 darbo, dovan\u0173 sau ir artimiesiems.","publisher":{"@id":"https:\/\/skaitytaknyga.lt\/#organization"},"potentialAction":[{"@type":"SearchAction","target":{"@type":"EntryPoint","urlTemplate":"https:\/\/skaitytaknyga.lt\/?s={search_term_string}"},"query-input":{"@type":"PropertyValueSpecification","valueRequired":true,"valueName":"search_term_string"}}],"inLanguage":"en-GB"},{"@type":"Organization","@id":"https:\/\/skaitytaknyga.lt\/#organization","name":"skaitytaknyga.lt","url":"https:\/\/skaitytaknyga.lt\/","logo":{"@type":"ImageObject","inLanguage":"en-GB","@id":"https:\/\/skaitytaknyga.lt\/#\/schema\/logo\/image\/","url":"https:\/\/skaitytaknyga.lt\/wp-content\/uploads\/2024\/05\/cropped-cropped-cropped-02_00843_jt3bggkj1j3HLc7SyY6rEUpg.jpeg","contentUrl":"https:\/\/skaitytaknyga.lt\/wp-content\/uploads\/2024\/05\/cropped-cropped-cropped-02_00843_jt3bggkj1j3HLc7SyY6rEUpg.jpeg","width":1600,"height":1600,"caption":"skaitytaknyga.lt"},"image":{"@id":"https:\/\/skaitytaknyga.lt\/#\/schema\/logo\/image\/"},"sameAs":["https:\/\/www.facebook.com\/skaitytaknyga\/"]}]}},"_links":{"self":[{"href":"https:\/\/skaitytaknyga.lt\/en\/wp-json\/wp\/v2\/product\/7469","targetHints":{"allow":["GET"]}}],"collection":[{"href":"https:\/\/skaitytaknyga.lt\/en\/wp-json\/wp\/v2\/product"}],"about":[{"href":"https:\/\/skaitytaknyga.lt\/en\/wp-json\/wp\/v2\/types\/product"}],"replies":[{"embeddable":true,"href":"https:\/\/skaitytaknyga.lt\/en\/wp-json\/wp\/v2\/comments?post=7469"}],"wp:featuredmedia":[{"embeddable":true,"href":"https:\/\/skaitytaknyga.lt\/en\/wp-json\/wp\/v2\/media\/2495"}],"wp:attachment":[{"href":"https:\/\/skaitytaknyga.lt\/en\/wp-json\/wp\/v2\/media?parent=7469"}],"wp:term":[{"taxonomy":"product_brand","embeddable":true,"href":"https:\/\/skaitytaknyga.lt\/en\/wp-json\/wp\/v2\/product_brand?post=7469"},{"taxonomy":"product_cat","embeddable":true,"href":"https:\/\/skaitytaknyga.lt\/en\/wp-json\/wp\/v2\/product_cat?post=7469"},{"taxonomy":"product_tag","embeddable":true,"href":"https:\/\/skaitytaknyga.lt\/en\/wp-json\/wp\/v2\/product_tag?post=7469"}],"curies":[{"name":"wp","href":"https:\/\/api.w.org\/{rel}","templated":true}]}}