{"id":7468,"date":"2024-05-04T14:30:09","date_gmt":"2024-05-04T14:30:09","guid":{"rendered":"https:\/\/skaitytaknyga.lt\/?post_type=product&#038;p=7468"},"modified":"2026-04-01T11:40:46","modified_gmt":"2026-04-01T08:40:46","slug":"l-rayven-blogasis-romeo-2","status":"publish","type":"product","link":"https:\/\/skaitytaknyga.lt\/en\/produktas\/l-rayven-blogasis-romeo-2\/","title":{"rendered":"Blogasis Romeo"},"content":{"rendered":"<p>T\u0117v\u0173 itin grie\u017etai aukl\u0117jama Keis\u0117 nuo paauglyst\u0117s svajojo apie dramos studijas, tod\u0117l jos vienintelis tikslas buvo \u012fstoti \u012f privat\u0173 Grovo men\u0173 koled\u017e\u0105. Itanas, pagars\u0117j\u0119s student\u0173 miestelio blogiukas, gavo paskutin\u0119 prog\u0105 laikyti stojamuosius egzaminus. Lemtinga atranka Romeo ir D\u017euljetos vaidmenims gauti juos atved\u0117 \u012f vienas kito gl\u0117b\u012f. Netik\u0117tai scenoje u\u017egimusiems jausmams negal\u0117jo atsispirti nei vienas i\u0161 j\u0173. Kol galiausiai Itanas \u012f \u0161ipulius sudau\u017e\u0117 Keis\u0117s \u0161ird\u012f ir dingo i\u0161 jos gyvenimo.<br \/>\nKoled\u017eas liko praeityje, ta\u010diau kylan\u010dioms teatro \u017evaig\u017ed\u0117ms Keisei ir Itanui v\u0117l lemta susitikti. Pasi\u016blymas vaidinti Brodv\u0117jaus scenoje \u2013 auk\u0161tesnis laiptelis svajoni\u0173 karjeros link. Keis\u0117 negali atsisakyti tokios galimyb\u0117s, tod\u0117l jai teks susiimti ir vaidinti \u012fsimyl\u0117j\u0117lius su vyru, kurio giliai \u0161irdyje niekada nepamir\u0161o. Prasid\u0117jus repeticijoms, praeitis sugr\u012f\u017eta su visa apiman\u010dia aistra ir \u0161ird\u012f draskan\u010diomis nuoskaudomis. Itanas prisipa\u017e\u012fsta, kad palik\u0119s Keis\u0119 padar\u0117 did\u017eiausi\u0105 klaid\u0105 gyvenime ir yra pasiry\u017e\u0119s i\u0161 naujo u\u017ekariauti jos \u0161ird\u012f.<\/p>\n","protected":false},"excerpt":{"rendered":"<p>T\u0117v\u0173 itin grie\u017etai aukl\u0117jama Keis\u0117 nuo paauglyst\u0117s svajojo apie dramos studijas, tod\u0117l jos vienintelis tikslas buvo \u012fstoti \u012f privat\u0173 Grovo men\u0173 koled\u017e\u0105. Itanas, pagars\u0117j\u0119s student\u0173 miestelio blogiukas, gavo paskutin\u0119 prog\u0105 laikyti stojamuosius egzaminus. Lemtinga atranka Romeo ir D\u017euljetos vaidmenims gauti juos atved\u0117 \u012f vienas kito gl\u0117b\u012f. Netik\u0117tai scenoje u\u017egimusiems jausmams negal\u0117jo atsispirti nei vienas i\u0161 j\u0173. Kol galiausiai Itanas \u012f \u0161ipulius sudau\u017e\u0117 Keis\u0117s \u0161ird\u012f ir dingo i\u0161 jos gyvenimo. Koled\u017eas liko praeityje, ta\u010diau kylan\u010dioms teatro \u017evaig\u017ed\u0117ms Keisei ir Itanui v\u0117l lemta susitikti. Pasi\u016blymas vaidinti Brodv\u0117jaus scenoje \u2013 auk\u0161tesnis laiptelis svajoni\u0173 karjeros link. Keis\u0117 negali atsisakyti tokios galimyb\u0117s, tod\u0117l jai teks susiimti ir vaidinti \u012fsimyl\u0117j\u0117lius su vyru, kurio giliai \u0161irdyje niekada nepamir\u0161o. Prasid\u0117jus repeticijoms, praeitis sugr\u012f\u017eta su visa apiman\u010dia aistra ir \u0161ird\u012f draskan\u010diomis nuoskaudomis. Itanas prisipa\u017e\u012fsta, kad palik\u0119s Keis\u0119 padar\u0117 did\u017eiausi\u0105 klaid\u0105 gyvenime ir yra pasiry\u017e\u0119s i\u0161 naujo u\u017ekariauti jos \u0161ird\u012f.<\/p>\n","protected":false},"featured_media":21499,"comment_status":"closed","ping_status":"closed","template":"","meta":{"_acf_changed":false,"site-sidebar-layout":"default","site-content-layout":"","ast-site-content-layout":"default","site-content-style":"default","site-sidebar-style":"default","ast-global-header-display":"","ast-banner-title-visibility":"","ast-main-header-display":"","ast-hfb-above-header-display":"","ast-hfb-below-header-display":"","ast-hfb-mobile-header-display":"","site-post-title":"","ast-breadcrumbs-content":"","ast-featured-img":"","footer-sml-layout":"","ast-disable-related-posts":"","theme-transparent-header-meta":"default","adv-header-id-meta":"","stick-header-meta":"","header-above-stick-meta":"","header-main-stick-meta":"","header-below-stick-meta":"","astra-migrate-meta-layouts":"set","ast-page-background-enabled":"default","ast-page-background-meta":{"desktop":{"background-color":"","background-image":"","background-repeat":"repeat","background-position":"center center","background-size":"auto","background-attachment":"scroll","background-type":"","background-media":"","overlay-type":"","overlay-color":"","overlay-opacity":"","overlay-gradient":""},"tablet":{"background-color":"","background-image":"","background-repeat":"repeat","background-position":"center center","background-size":"auto","background-attachment":"scroll","background-type":"","background-media":"","overlay-type":"","overlay-color":"","overlay-opacity":"","overlay-gradient":""},"mobile":{"background-color":"","background-image":"","background-repeat":"repeat","background-position":"center center","background-size":"auto","background-attachment":"scroll","background-type":"","background-media":"","overlay-type":"","overlay-color":"","overlay-opacity":"","overlay-gradient":""}},"ast-content-background-meta":{"desktop":{"background-color":"var(--ast-global-color-4)","background-image":"","background-repeat":"repeat","background-position":"center center","background-size":"auto","background-attachment":"scroll","background-type":"","background-media":"","overlay-type":"","overlay-color":"","overlay-opacity":"","overlay-gradient":""},"tablet":{"background-color":"var(--ast-global-color-4)","background-image":"","background-repeat":"repeat","background-position":"center center","background-size":"auto","background-attachment":"scroll","background-type":"","background-media":"","overlay-type":"","overlay-color":"","overlay-opacity":"","overlay-gradient":""},"mobile":{"background-color":"var(--ast-global-color-4)","background-image":"","background-repeat":"repeat","background-position":"center center","background-size":"auto","background-attachment":"scroll","background-type":"","background-media":"","overlay-type":"","overlay-color":"","overlay-opacity":"","overlay-gradient":""}}},"product_brand":[],"product_cat":[9579,31],"product_tag":[],"class_list":{"0":"post-7468","1":"product","2":"type-product","3":"status-publish","4":"has-post-thumbnail","6":"product_cat-meiles-romanai","7":"product_cat-grozine-literatura","8":"desktop-align-left","9":"tablet-align-left","10":"mobile-align-left","12":"first","13":"instock","14":"shipping-taxable","15":"purchasable","16":"product-type-simple"},"acf":[],"yoast_head":"<!-- This site is optimized with the Yoast SEO plugin v27.0 - https:\/\/yoast.com\/product\/yoast-seo-wordpress\/ -->\n<title>Blogasis Romeo<\/title>\n<meta name=\"description\" content=\"T\u0117v\u0173 itin grie\u017etai aukl\u0117jama Keis\u0117 nuo paauglyst\u0117s svajojo apie dramos studijas, tod\u0117l jos vienintelis tikslas buvo \u012fstoti \u012f privat\u0173 Grovo men\u0173 koled\u017e\u0105.\" \/>\n<meta name=\"robots\" content=\"index, follow, max-snippet:-1, max-image-preview:large, max-video-preview:-1\" \/>\n<link rel=\"canonical\" href=\"https:\/\/skaitytaknyga.lt\/en\/produktas\/l-rayven-blogasis-romeo-2\/\" \/>\n<meta property=\"og:locale\" content=\"en_GB\" \/>\n<meta property=\"og:locale:alternate\" content=\"lt_LT\" \/>\n<meta property=\"og:type\" content=\"article\" \/>\n<meta property=\"og:title\" content=\"Blogasis Romeo\" \/>\n<meta property=\"og:description\" content=\"T\u0117v\u0173 itin grie\u017etai aukl\u0117jama Keis\u0117 nuo paauglyst\u0117s svajojo apie dramos studijas, tod\u0117l jos vienintelis tikslas buvo \u012fstoti \u012f privat\u0173 Grovo men\u0173 koled\u017e\u0105.\" \/>\n<meta property=\"og:url\" content=\"https:\/\/skaitytaknyga.lt\/en\/produktas\/l-rayven-blogasis-romeo-2\/\" \/>\n<meta property=\"og:site_name\" content=\"Skaitytaknyga\" \/>\n<meta property=\"article:publisher\" content=\"https:\/\/www.facebook.com\/skaitytaknyga\/\" \/>\n<meta property=\"article:modified_time\" content=\"2026-04-01T08:40:46+00:00\" \/>\n<meta property=\"og:image\" content=\"https:\/\/skaitytaknyga.lt\/wp-content\/uploads\/2024\/05\/Blogasis-Romeo-1.webp\" \/>\n\t<meta property=\"og:image:width\" content=\"300\" \/>\n\t<meta property=\"og:image:height\" content=\"435\" \/>\n\t<meta property=\"og:image:type\" content=\"image\/webp\" \/>\n<meta name=\"twitter:card\" content=\"summary_large_image\" \/>\n<meta name=\"twitter:label1\" content=\"Estimated reading time\" \/>\n\t<meta name=\"twitter:data1\" content=\"1 minute\" \/>\n<script type=\"application\/ld+json\" class=\"yoast-schema-graph\">{\"@context\":\"https:\/\/schema.org\",\"@graph\":[{\"@type\":\"WebPage\",\"@id\":\"https:\/\/skaitytaknyga.lt\/produktas\/l-rayven-blogasis-romeo-2\/\",\"url\":\"https:\/\/skaitytaknyga.lt\/produktas\/l-rayven-blogasis-romeo-2\/\",\"name\":\"Blogasis Romeo\",\"isPartOf\":{\"@id\":\"https:\/\/skaitytaknyga.lt\/#website\"},\"primaryImageOfPage\":{\"@id\":\"https:\/\/skaitytaknyga.lt\/produktas\/l-rayven-blogasis-romeo-2\/#primaryimage\"},\"image\":{\"@id\":\"https:\/\/skaitytaknyga.lt\/produktas\/l-rayven-blogasis-romeo-2\/#primaryimage\"},\"thumbnailUrl\":\"https:\/\/skaitytaknyga.lt\/wp-content\/uploads\/2024\/05\/Blogasis-Romeo-1.webp\",\"datePublished\":\"2024-05-04T14:30:09+00:00\",\"dateModified\":\"2026-04-01T08:40:46+00:00\",\"description\":\"T\u0117v\u0173 itin grie\u017etai aukl\u0117jama Keis\u0117 nuo paauglyst\u0117s svajojo apie dramos studijas, tod\u0117l jos vienintelis tikslas buvo \u012fstoti \u012f privat\u0173 Grovo men\u0173 koled\u017e\u0105.\",\"breadcrumb\":{\"@id\":\"https:\/\/skaitytaknyga.lt\/produktas\/l-rayven-blogasis-romeo-2\/#breadcrumb\"},\"inLanguage\":\"en-GB\",\"potentialAction\":[{\"@type\":\"ReadAction\",\"target\":[\"https:\/\/skaitytaknyga.lt\/produktas\/l-rayven-blogasis-romeo-2\/\"]}]},{\"@type\":\"ImageObject\",\"inLanguage\":\"en-GB\",\"@id\":\"https:\/\/skaitytaknyga.lt\/produktas\/l-rayven-blogasis-romeo-2\/#primaryimage\",\"url\":\"https:\/\/skaitytaknyga.lt\/wp-content\/uploads\/2024\/05\/Blogasis-Romeo-1.webp\",\"contentUrl\":\"https:\/\/skaitytaknyga.lt\/wp-content\/uploads\/2024\/05\/Blogasis-Romeo-1.webp\",\"width\":300,\"height\":435,\"caption\":\"Blogasis Romeo\"},{\"@type\":\"BreadcrumbList\",\"@id\":\"https:\/\/skaitytaknyga.lt\/produktas\/l-rayven-blogasis-romeo-2\/#breadcrumb\",\"itemListElement\":[{\"@type\":\"ListItem\",\"position\":1,\"name\":\"Home\",\"item\":\"https:\/\/skaitytaknyga.lt\/\"},{\"@type\":\"ListItem\",\"position\":2,\"name\":\"Parduotuv\u0117\",\"item\":\"https:\/\/skaitytaknyga.lt\/knygu-parduotuve\/\"},{\"@type\":\"ListItem\",\"position\":3,\"name\":\"Blogasis Romeo\"}]},{\"@type\":\"WebSite\",\"@id\":\"https:\/\/skaitytaknyga.lt\/#website\",\"url\":\"https:\/\/skaitytaknyga.lt\/\",\"name\":\"skaitytaknyga.lt\",\"description\":\"Skaitytaknyga.lt \u2013 tai ma\u017eas \u0161eimos verslas, kuris prasid\u0117jo nuo meil\u0117s knygoms ir siekio i\u0161gelb\u0117ti knygas nuo likimo prie konteinerio. Kas vienam nereikalingas daiktas \u2013 kitam lobis, o mes esame tarpininkai, kurie padeda abiems tapti laimingesniems ???? \u017dinome kaip nelengva i\u0161gyventi ma\u017eiems verslams, tad nuo \u0161iol, \u010dia rasite ir kit\u0173, ma\u017e\u0173 \u0161eim\u0173 versl\u0173, rank\u0173 darbo, dovan\u0173 sau ir artimiesiems.\",\"publisher\":{\"@id\":\"https:\/\/skaitytaknyga.lt\/#organization\"},\"potentialAction\":[{\"@type\":\"SearchAction\",\"target\":{\"@type\":\"EntryPoint\",\"urlTemplate\":\"https:\/\/skaitytaknyga.lt\/?s={search_term_string}\"},\"query-input\":{\"@type\":\"PropertyValueSpecification\",\"valueRequired\":true,\"valueName\":\"search_term_string\"}}],\"inLanguage\":\"en-GB\"},{\"@type\":\"Organization\",\"@id\":\"https:\/\/skaitytaknyga.lt\/#organization\",\"name\":\"skaitytaknyga.lt\",\"url\":\"https:\/\/skaitytaknyga.lt\/\",\"logo\":{\"@type\":\"ImageObject\",\"inLanguage\":\"en-GB\",\"@id\":\"https:\/\/skaitytaknyga.lt\/#\/schema\/logo\/image\/\",\"url\":\"https:\/\/skaitytaknyga.lt\/wp-content\/uploads\/2024\/05\/cropped-cropped-cropped-02_00843_jt3bggkj1j3HLc7SyY6rEUpg.jpeg\",\"contentUrl\":\"https:\/\/skaitytaknyga.lt\/wp-content\/uploads\/2024\/05\/cropped-cropped-cropped-02_00843_jt3bggkj1j3HLc7SyY6rEUpg.jpeg\",\"width\":1600,\"height\":1600,\"caption\":\"skaitytaknyga.lt\"},\"image\":{\"@id\":\"https:\/\/skaitytaknyga.lt\/#\/schema\/logo\/image\/\"},\"sameAs\":[\"https:\/\/www.facebook.com\/skaitytaknyga\/\"]}]}<\/script>\n<!-- \/ Yoast SEO plugin. -->","yoast_head_json":{"title":"Blogasis Romeo","description":"T\u0117v\u0173 itin grie\u017etai aukl\u0117jama Keis\u0117 nuo paauglyst\u0117s svajojo apie dramos studijas, tod\u0117l jos vienintelis tikslas buvo \u012fstoti \u012f privat\u0173 Grovo men\u0173 koled\u017e\u0105.","robots":{"index":"index","follow":"follow","max-snippet":"max-snippet:-1","max-image-preview":"max-image-preview:large","max-video-preview":"max-video-preview:-1"},"canonical":"https:\/\/skaitytaknyga.lt\/en\/produktas\/l-rayven-blogasis-romeo-2\/","og_locale":"en_GB","og_type":"article","og_title":"[:lt]Blogasis Romeo[:] - Skaitytaknyga","og_description":"T\u0117v\u0173 itin grie\u017etai aukl\u0117jama Keis\u0117 nuo paauglyst\u0117s svajojo apie dramos studijas, tod\u0117l jos vienintelis tikslas buvo \u012fstoti \u012f privat\u0173 Grovo men\u0173 koled\u017e\u0105.","og_url":"https:\/\/skaitytaknyga.lt\/en\/produktas\/l-rayven-blogasis-romeo-2\/","og_site_name":"Skaitytaknyga","article_publisher":"https:\/\/www.facebook.com\/skaitytaknyga\/","article_modified_time":"2026-04-01T08:40:46+00:00","og_image":[{"width":300,"height":435,"url":"https:\/\/skaitytaknyga.lt\/wp-content\/uploads\/2024\/05\/Blogasis-Romeo-1.webp","type":"image\/webp"}],"twitter_card":"summary_large_image","twitter_misc":{"Estimated reading time":"1 minute"},"schema":{"@context":"https:\/\/schema.org","@graph":[{"@type":"WebPage","@id":"https:\/\/skaitytaknyga.lt\/produktas\/l-rayven-blogasis-romeo-2\/","url":"https:\/\/skaitytaknyga.lt\/produktas\/l-rayven-blogasis-romeo-2\/","name":"Blogasis Romeo","isPartOf":{"@id":"https:\/\/skaitytaknyga.lt\/#website"},"primaryImageOfPage":{"@id":"https:\/\/skaitytaknyga.lt\/produktas\/l-rayven-blogasis-romeo-2\/#primaryimage"},"image":{"@id":"https:\/\/skaitytaknyga.lt\/produktas\/l-rayven-blogasis-romeo-2\/#primaryimage"},"thumbnailUrl":"https:\/\/skaitytaknyga.lt\/wp-content\/uploads\/2024\/05\/Blogasis-Romeo-1.webp","datePublished":"2024-05-04T14:30:09+00:00","dateModified":"2026-04-01T08:40:46+00:00","description":"T\u0117v\u0173 itin grie\u017etai aukl\u0117jama Keis\u0117 nuo paauglyst\u0117s svajojo apie dramos studijas, tod\u0117l jos vienintelis tikslas buvo \u012fstoti \u012f privat\u0173 Grovo men\u0173 koled\u017e\u0105.","breadcrumb":{"@id":"https:\/\/skaitytaknyga.lt\/produktas\/l-rayven-blogasis-romeo-2\/#breadcrumb"},"inLanguage":"en-GB","potentialAction":[{"@type":"ReadAction","target":["https:\/\/skaitytaknyga.lt\/produktas\/l-rayven-blogasis-romeo-2\/"]}]},{"@type":"ImageObject","inLanguage":"en-GB","@id":"https:\/\/skaitytaknyga.lt\/produktas\/l-rayven-blogasis-romeo-2\/#primaryimage","url":"https:\/\/skaitytaknyga.lt\/wp-content\/uploads\/2024\/05\/Blogasis-Romeo-1.webp","contentUrl":"https:\/\/skaitytaknyga.lt\/wp-content\/uploads\/2024\/05\/Blogasis-Romeo-1.webp","width":300,"height":435,"caption":"Blogasis Romeo"},{"@type":"BreadcrumbList","@id":"https:\/\/skaitytaknyga.lt\/produktas\/l-rayven-blogasis-romeo-2\/#breadcrumb","itemListElement":[{"@type":"ListItem","position":1,"name":"Home","item":"https:\/\/skaitytaknyga.lt\/"},{"@type":"ListItem","position":2,"name":"Parduotuv\u0117","item":"https:\/\/skaitytaknyga.lt\/knygu-parduotuve\/"},{"@type":"ListItem","position":3,"name":"Blogasis Romeo"}]},{"@type":"WebSite","@id":"https:\/\/skaitytaknyga.lt\/#website","url":"https:\/\/skaitytaknyga.lt\/","name":"skaitytaknyga.lt","description":"Skaitytaknyga.lt \u2013 tai ma\u017eas \u0161eimos verslas, kuris prasid\u0117jo nuo meil\u0117s knygoms ir siekio i\u0161gelb\u0117ti knygas nuo likimo prie konteinerio. Kas vienam nereikalingas daiktas \u2013 kitam lobis, o mes esame tarpininkai, kurie padeda abiems tapti laimingesniems ???? \u017dinome kaip nelengva i\u0161gyventi ma\u017eiems verslams, tad nuo \u0161iol, \u010dia rasite ir kit\u0173, ma\u017e\u0173 \u0161eim\u0173 versl\u0173, rank\u0173 darbo, dovan\u0173 sau ir artimiesiems.","publisher":{"@id":"https:\/\/skaitytaknyga.lt\/#organization"},"potentialAction":[{"@type":"SearchAction","target":{"@type":"EntryPoint","urlTemplate":"https:\/\/skaitytaknyga.lt\/?s={search_term_string}"},"query-input":{"@type":"PropertyValueSpecification","valueRequired":true,"valueName":"search_term_string"}}],"inLanguage":"en-GB"},{"@type":"Organization","@id":"https:\/\/skaitytaknyga.lt\/#organization","name":"skaitytaknyga.lt","url":"https:\/\/skaitytaknyga.lt\/","logo":{"@type":"ImageObject","inLanguage":"en-GB","@id":"https:\/\/skaitytaknyga.lt\/#\/schema\/logo\/image\/","url":"https:\/\/skaitytaknyga.lt\/wp-content\/uploads\/2024\/05\/cropped-cropped-cropped-02_00843_jt3bggkj1j3HLc7SyY6rEUpg.jpeg","contentUrl":"https:\/\/skaitytaknyga.lt\/wp-content\/uploads\/2024\/05\/cropped-cropped-cropped-02_00843_jt3bggkj1j3HLc7SyY6rEUpg.jpeg","width":1600,"height":1600,"caption":"skaitytaknyga.lt"},"image":{"@id":"https:\/\/skaitytaknyga.lt\/#\/schema\/logo\/image\/"},"sameAs":["https:\/\/www.facebook.com\/skaitytaknyga\/"]}]}},"_links":{"self":[{"href":"https:\/\/skaitytaknyga.lt\/en\/wp-json\/wp\/v2\/product\/7468","targetHints":{"allow":["GET"]}}],"collection":[{"href":"https:\/\/skaitytaknyga.lt\/en\/wp-json\/wp\/v2\/product"}],"about":[{"href":"https:\/\/skaitytaknyga.lt\/en\/wp-json\/wp\/v2\/types\/product"}],"replies":[{"embeddable":true,"href":"https:\/\/skaitytaknyga.lt\/en\/wp-json\/wp\/v2\/comments?post=7468"}],"wp:featuredmedia":[{"embeddable":true,"href":"https:\/\/skaitytaknyga.lt\/en\/wp-json\/wp\/v2\/media\/21499"}],"wp:attachment":[{"href":"https:\/\/skaitytaknyga.lt\/en\/wp-json\/wp\/v2\/media?parent=7468"}],"wp:term":[{"taxonomy":"product_brand","embeddable":true,"href":"https:\/\/skaitytaknyga.lt\/en\/wp-json\/wp\/v2\/product_brand?post=7468"},{"taxonomy":"product_cat","embeddable":true,"href":"https:\/\/skaitytaknyga.lt\/en\/wp-json\/wp\/v2\/product_cat?post=7468"},{"taxonomy":"product_tag","embeddable":true,"href":"https:\/\/skaitytaknyga.lt\/en\/wp-json\/wp\/v2\/product_tag?post=7468"}],"curies":[{"name":"wp","href":"https:\/\/api.w.org\/{rel}","templated":true}]}}