{"id":7464,"date":"2024-05-04T14:30:09","date_gmt":"2024-05-04T14:30:09","guid":{"rendered":"https:\/\/skaitytaknyga.lt\/?post_type=product&#038;p=7464"},"modified":"2024-05-04T14:30:13","modified_gmt":"2024-05-04T14:30:13","slug":"m-meimaridi-smirnos-burtininkes-2","status":"publish","type":"product","link":"https:\/\/skaitytaknyga.lt\/en\/produktas\/m-meimaridi-smirnos-burtininkes-2\/","title":{"rendered":"M. Meimaridi \u201eSmirnos burtinink\u0117s\u201c"},"content":{"rendered":"<p>Pra\u0117jus daugybei met\u0173, motina atiduoda dukrai senos giminait\u0117s prisakyt\u0105 i\u0161saugoti skrynel\u0119. Joje \u2013 daugiau kaip prie\u0161 \u0161imt\u0105 met\u0173 ra\u0161yti u\u017era\u0161ai. Mergina pasineria \u012f jai patik\u0117tas paslaptis, o prie\u0161 m\u016bs\u0173 akis atsiveria an\u0173 laik\u0173 raganos pasaulis.<\/p>\n<p>I\u0161 kaimo \u012f miest\u0105 su motina atsikraus\u010diusi Katina apsigyvena skurd\u017ei\u0173 kvartale. Tr\u016bksta pinig\u0173, mergina negali pasigirti gro\u017eiu, bet pa\u017eintis su burtininke turke pakei\u010dia jos gyvenim\u0105. Truputis ker\u0173, truputis moteri\u0161kos i\u0161minties, ir Katina i\u0161teka u\u017e savo i\u0161rinktojo (galiausiai j\u0173 bus net keturi), perpranta verslo paslaptis (t\u0173 laik\u0173 moterims tai n\u0117ra \u012fprasta ir paprasta), tampa sava tarp u\u017eriestanosi\u0173 auk\u0161tuomen\u0117s dam\u0173.<\/p>\n","protected":false},"excerpt":{"rendered":"<p>Pra\u0117jus daugybei met\u0173, motina atiduoda dukrai senos giminait\u0117s prisakyt\u0105 i\u0161saugoti skrynel\u0119. Joje \u2013 daugiau kaip prie\u0161 \u0161imt\u0105 met\u0173 ra\u0161yti u\u017era\u0161ai. Mergina pasineria \u012f jai patik\u0117tas paslaptis, o prie\u0161 m\u016bs\u0173 akis atsiveria an\u0173 laik\u0173 raganos pasaulis. I\u0161 kaimo \u012f miest\u0105 su motina atsikraus\u010diusi Katina apsigyvena skurd\u017ei\u0173 kvartale. Tr\u016bksta pinig\u0173, mergina negali pasigirti gro\u017eiu, bet pa\u017eintis su burtininke turke pakei\u010dia jos gyvenim\u0105. Truputis ker\u0173, truputis moteri\u0161kos i\u0161minties, ir Katina i\u0161teka u\u017e savo i\u0161rinktojo (galiausiai j\u0173 bus net keturi), perpranta verslo paslaptis (t\u0173 laik\u0173 moterims tai n\u0117ra \u012fprasta ir paprasta), tampa sava tarp u\u017eriestanosi\u0173 auk\u0161tuomen\u0117s dam\u0173.<\/p>\n","protected":false},"featured_media":2467,"comment_status":"closed","ping_status":"closed","template":"","meta":{"_acf_changed":false,"site-sidebar-layout":"default","site-content-layout":"","ast-site-content-layout":"default","site-content-style":"default","site-sidebar-style":"default","ast-global-header-display":"","ast-banner-title-visibility":"","ast-main-header-display":"","ast-hfb-above-header-display":"","ast-hfb-below-header-display":"","ast-hfb-mobile-header-display":"","site-post-title":"","ast-breadcrumbs-content":"","ast-featured-img":"","footer-sml-layout":"","ast-disable-related-posts":"","theme-transparent-header-meta":"","adv-header-id-meta":"","stick-header-meta":"","header-above-stick-meta":"","header-main-stick-meta":"","header-below-stick-meta":"","astra-migrate-meta-layouts":"default","ast-page-background-enabled":"default","ast-page-background-meta":{"desktop":{"background-color":"","background-image":"","background-repeat":"repeat","background-position":"center center","background-size":"auto","background-attachment":"scroll","background-type":"","background-media":"","overlay-type":"","overlay-color":"","overlay-opacity":"","overlay-gradient":""},"tablet":{"background-color":"","background-image":"","background-repeat":"repeat","background-position":"center center","background-size":"auto","background-attachment":"scroll","background-type":"","background-media":"","overlay-type":"","overlay-color":"","overlay-opacity":"","overlay-gradient":""},"mobile":{"background-color":"","background-image":"","background-repeat":"repeat","background-position":"center center","background-size":"auto","background-attachment":"scroll","background-type":"","background-media":"","overlay-type":"","overlay-color":"","overlay-opacity":"","overlay-gradient":""}},"ast-content-background-meta":{"desktop":{"background-color":"var(--ast-global-color-4)","background-image":"","background-repeat":"repeat","background-position":"center center","background-size":"auto","background-attachment":"scroll","background-type":"","background-media":"","overlay-type":"","overlay-color":"","overlay-opacity":"","overlay-gradient":""},"tablet":{"background-color":"var(--ast-global-color-4)","background-image":"","background-repeat":"repeat","background-position":"center center","background-size":"auto","background-attachment":"scroll","background-type":"","background-media":"","overlay-type":"","overlay-color":"","overlay-opacity":"","overlay-gradient":""},"mobile":{"background-color":"var(--ast-global-color-4)","background-image":"","background-repeat":"repeat","background-position":"center center","background-size":"auto","background-attachment":"scroll","background-type":"","background-media":"","overlay-type":"","overlay-color":"","overlay-opacity":"","overlay-gradient":""}}},"product_brand":[],"product_cat":[31],"product_tag":[],"class_list":{"0":"post-7464","1":"product","2":"type-product","3":"status-publish","4":"has-post-thumbnail","6":"product_cat-grozine-literatura","7":"desktop-align-left","8":"tablet-align-left","9":"mobile-align-left","11":"first","12":"instock","13":"shipping-taxable","14":"purchasable","15":"product-type-simple"},"acf":[],"yoast_head":"<!-- This site is optimized with the Yoast SEO plugin v27.4 - https:\/\/yoast.com\/product\/yoast-seo-wordpress\/ -->\n<title>M. Meimaridi \u201eSmirnos burtinink\u0117s\u201c - Skaitytaknyga<\/title>\n<meta name=\"description\" content=\"Pra\u0117jus daugybei met\u0173, motina atiduoda dukrai senos giminait\u0117s prisakyt\u0105 i\u0161saugoti skrynel\u0119. Joje \u2013 daugiau kaip prie\u0161 \u0161imt\u0105 met\u0173 ra\u0161yti u\u017era\u0161ai. Mergina\" \/>\n<meta name=\"robots\" content=\"index, follow, max-snippet:-1, max-image-preview:large, max-video-preview:-1\" \/>\n<link rel=\"canonical\" href=\"https:\/\/skaitytaknyga.lt\/en\/produktas\/m-meimaridi-smirnos-burtininkes-2\/\" \/>\n<meta property=\"og:locale\" content=\"en_GB\" \/>\n<meta property=\"og:locale:alternate\" content=\"lt_LT\" \/>\n<meta property=\"og:type\" content=\"article\" \/>\n<meta property=\"og:title\" content=\"M. Meimaridi \u201eSmirnos burtinink\u0117s\u201c - Skaitytaknyga\" \/>\n<meta property=\"og:description\" content=\"Pra\u0117jus daugybei met\u0173, motina atiduoda dukrai senos giminait\u0117s prisakyt\u0105 i\u0161saugoti skrynel\u0119. Joje \u2013 daugiau kaip prie\u0161 \u0161imt\u0105 met\u0173 ra\u0161yti u\u017era\u0161ai. Mergina\" \/>\n<meta property=\"og:url\" content=\"https:\/\/skaitytaknyga.lt\/en\/produktas\/m-meimaridi-smirnos-burtininkes-2\/\" \/>\n<meta property=\"og:site_name\" content=\"Skaitytaknyga\" \/>\n<meta property=\"article:publisher\" content=\"https:\/\/www.facebook.com\/skaitytaknyga\/\" \/>\n<meta property=\"article:modified_time\" content=\"2024-05-04T14:30:13+00:00\" \/>\n<meta property=\"og:image\" content=\"https:\/\/skaitytaknyga.lt\/wp-content\/uploads\/2024\/04\/20200818_154627_edited-scaled-1.jpg\" \/>\n\t<meta property=\"og:image:width\" content=\"1757\" \/>\n\t<meta property=\"og:image:height\" content=\"2560\" \/>\n\t<meta property=\"og:image:type\" content=\"image\/jpeg\" \/>\n<meta name=\"twitter:card\" content=\"summary_large_image\" \/>\n<meta name=\"twitter:label1\" content=\"Estimated reading time\" \/>\n\t<meta name=\"twitter:data1\" content=\"1 minute\" \/>\n<script type=\"application\/ld+json\" class=\"yoast-schema-graph\">{\"@context\":\"https:\\\/\\\/schema.org\",\"@graph\":[{\"@type\":\"WebPage\",\"@id\":\"https:\\\/\\\/skaitytaknyga.lt\\\/produktas\\\/m-meimaridi-smirnos-burtininkes-2\\\/\",\"url\":\"https:\\\/\\\/skaitytaknyga.lt\\\/produktas\\\/m-meimaridi-smirnos-burtininkes-2\\\/\",\"name\":\"M. Meimaridi \u201eSmirnos burtinink\u0117s\u201c - Skaitytaknyga\",\"isPartOf\":{\"@id\":\"https:\\\/\\\/skaitytaknyga.lt\\\/#website\"},\"primaryImageOfPage\":{\"@id\":\"https:\\\/\\\/skaitytaknyga.lt\\\/produktas\\\/m-meimaridi-smirnos-burtininkes-2\\\/#primaryimage\"},\"image\":{\"@id\":\"https:\\\/\\\/skaitytaknyga.lt\\\/produktas\\\/m-meimaridi-smirnos-burtininkes-2\\\/#primaryimage\"},\"thumbnailUrl\":\"https:\\\/\\\/skaitytaknyga.lt\\\/wp-content\\\/uploads\\\/2024\\\/04\\\/20200818_154627_edited-scaled-1.jpg\",\"datePublished\":\"2024-05-04T14:30:09+00:00\",\"dateModified\":\"2024-05-04T14:30:13+00:00\",\"description\":\"Pra\u0117jus daugybei met\u0173, motina atiduoda dukrai senos giminait\u0117s prisakyt\u0105 i\u0161saugoti skrynel\u0119. Joje \u2013 daugiau kaip prie\u0161 \u0161imt\u0105 met\u0173 ra\u0161yti u\u017era\u0161ai. Mergina\",\"breadcrumb\":{\"@id\":\"https:\\\/\\\/skaitytaknyga.lt\\\/produktas\\\/m-meimaridi-smirnos-burtininkes-2\\\/#breadcrumb\"},\"inLanguage\":\"en-GB\",\"potentialAction\":[{\"@type\":\"ReadAction\",\"target\":[\"https:\\\/\\\/skaitytaknyga.lt\\\/produktas\\\/m-meimaridi-smirnos-burtininkes-2\\\/\"]}]},{\"@type\":\"ImageObject\",\"inLanguage\":\"en-GB\",\"@id\":\"https:\\\/\\\/skaitytaknyga.lt\\\/produktas\\\/m-meimaridi-smirnos-burtininkes-2\\\/#primaryimage\",\"url\":\"https:\\\/\\\/skaitytaknyga.lt\\\/wp-content\\\/uploads\\\/2024\\\/04\\\/20200818_154627_edited-scaled-1.jpg\",\"contentUrl\":\"https:\\\/\\\/skaitytaknyga.lt\\\/wp-content\\\/uploads\\\/2024\\\/04\\\/20200818_154627_edited-scaled-1.jpg\",\"width\":1757,\"height\":2560,\"caption\":\"20200818 154627 edited scaled 1\"},{\"@type\":\"BreadcrumbList\",\"@id\":\"https:\\\/\\\/skaitytaknyga.lt\\\/produktas\\\/m-meimaridi-smirnos-burtininkes-2\\\/#breadcrumb\",\"itemListElement\":[{\"@type\":\"ListItem\",\"position\":1,\"name\":\"Home\",\"item\":\"https:\\\/\\\/skaitytaknyga.lt\\\/\"},{\"@type\":\"ListItem\",\"position\":2,\"name\":\"Parduotuv\u0117\",\"item\":\"https:\\\/\\\/skaitytaknyga.lt\\\/knygu-parduotuve\\\/\"},{\"@type\":\"ListItem\",\"position\":3,\"name\":\"M. Meimaridi \u201eSmirnos burtinink\u0117s\u201c\"}]},{\"@type\":\"WebSite\",\"@id\":\"https:\\\/\\\/skaitytaknyga.lt\\\/#website\",\"url\":\"https:\\\/\\\/skaitytaknyga.lt\\\/\",\"name\":\"skaitytaknyga.lt\",\"description\":\"Skaitytaknyga.lt \u2013 tai ma\u017eas \u0161eimos verslas, kuris prasid\u0117jo nuo meil\u0117s knygoms ir siekio i\u0161gelb\u0117ti knygas nuo likimo prie konteinerio. Kas vienam nereikalingas daiktas \u2013 kitam lobis, o mes esame tarpininkai, kurie padeda abiems tapti laimingesniems ???? \u017dinome kaip nelengva i\u0161gyventi ma\u017eiems verslams, tad nuo \u0161iol, \u010dia rasite ir kit\u0173, ma\u017e\u0173 \u0161eim\u0173 versl\u0173, rank\u0173 darbo, dovan\u0173 sau ir artimiesiems.\",\"publisher\":{\"@id\":\"https:\\\/\\\/skaitytaknyga.lt\\\/#organization\"},\"potentialAction\":[{\"@type\":\"SearchAction\",\"target\":{\"@type\":\"EntryPoint\",\"urlTemplate\":\"https:\\\/\\\/skaitytaknyga.lt\\\/?s={search_term_string}\"},\"query-input\":{\"@type\":\"PropertyValueSpecification\",\"valueRequired\":true,\"valueName\":\"search_term_string\"}}],\"inLanguage\":\"en-GB\"},{\"@type\":\"Organization\",\"@id\":\"https:\\\/\\\/skaitytaknyga.lt\\\/#organization\",\"name\":\"skaitytaknyga.lt\",\"url\":\"https:\\\/\\\/skaitytaknyga.lt\\\/\",\"logo\":{\"@type\":\"ImageObject\",\"inLanguage\":\"en-GB\",\"@id\":\"https:\\\/\\\/skaitytaknyga.lt\\\/#\\\/schema\\\/logo\\\/image\\\/\",\"url\":\"https:\\\/\\\/skaitytaknyga.lt\\\/wp-content\\\/uploads\\\/2024\\\/05\\\/cropped-cropped-cropped-02_00843_jt3bggkj1j3HLc7SyY6rEUpg.jpeg\",\"contentUrl\":\"https:\\\/\\\/skaitytaknyga.lt\\\/wp-content\\\/uploads\\\/2024\\\/05\\\/cropped-cropped-cropped-02_00843_jt3bggkj1j3HLc7SyY6rEUpg.jpeg\",\"width\":1600,\"height\":1600,\"caption\":\"skaitytaknyga.lt\"},\"image\":{\"@id\":\"https:\\\/\\\/skaitytaknyga.lt\\\/#\\\/schema\\\/logo\\\/image\\\/\"},\"sameAs\":[\"https:\\\/\\\/www.facebook.com\\\/skaitytaknyga\\\/\"]}]}<\/script>\n<!-- \/ Yoast SEO plugin. -->","yoast_head_json":{"title":"M. Meimaridi \u201eSmirnos burtinink\u0117s\u201c - Skaitytaknyga","description":"Pra\u0117jus daugybei met\u0173, motina atiduoda dukrai senos giminait\u0117s prisakyt\u0105 i\u0161saugoti skrynel\u0119. Joje \u2013 daugiau kaip prie\u0161 \u0161imt\u0105 met\u0173 ra\u0161yti u\u017era\u0161ai. Mergina","robots":{"index":"index","follow":"follow","max-snippet":"max-snippet:-1","max-image-preview":"max-image-preview:large","max-video-preview":"max-video-preview:-1"},"canonical":"https:\/\/skaitytaknyga.lt\/en\/produktas\/m-meimaridi-smirnos-burtininkes-2\/","og_locale":"en_GB","og_type":"article","og_title":"M. Meimaridi \u201eSmirnos burtinink\u0117s\u201c - Skaitytaknyga","og_description":"Pra\u0117jus daugybei met\u0173, motina atiduoda dukrai senos giminait\u0117s prisakyt\u0105 i\u0161saugoti skrynel\u0119. Joje \u2013 daugiau kaip prie\u0161 \u0161imt\u0105 met\u0173 ra\u0161yti u\u017era\u0161ai. Mergina","og_url":"https:\/\/skaitytaknyga.lt\/en\/produktas\/m-meimaridi-smirnos-burtininkes-2\/","og_site_name":"Skaitytaknyga","article_publisher":"https:\/\/www.facebook.com\/skaitytaknyga\/","article_modified_time":"2024-05-04T14:30:13+00:00","og_image":[{"width":1757,"height":2560,"url":"https:\/\/skaitytaknyga.lt\/wp-content\/uploads\/2024\/04\/20200818_154627_edited-scaled-1.jpg","type":"image\/jpeg"}],"twitter_card":"summary_large_image","twitter_misc":{"Estimated reading time":"1 minute"},"schema":{"@context":"https:\/\/schema.org","@graph":[{"@type":"WebPage","@id":"https:\/\/skaitytaknyga.lt\/produktas\/m-meimaridi-smirnos-burtininkes-2\/","url":"https:\/\/skaitytaknyga.lt\/produktas\/m-meimaridi-smirnos-burtininkes-2\/","name":"M. Meimaridi \u201eSmirnos burtinink\u0117s\u201c - Skaitytaknyga","isPartOf":{"@id":"https:\/\/skaitytaknyga.lt\/#website"},"primaryImageOfPage":{"@id":"https:\/\/skaitytaknyga.lt\/produktas\/m-meimaridi-smirnos-burtininkes-2\/#primaryimage"},"image":{"@id":"https:\/\/skaitytaknyga.lt\/produktas\/m-meimaridi-smirnos-burtininkes-2\/#primaryimage"},"thumbnailUrl":"https:\/\/skaitytaknyga.lt\/wp-content\/uploads\/2024\/04\/20200818_154627_edited-scaled-1.jpg","datePublished":"2024-05-04T14:30:09+00:00","dateModified":"2024-05-04T14:30:13+00:00","description":"Pra\u0117jus daugybei met\u0173, motina atiduoda dukrai senos giminait\u0117s prisakyt\u0105 i\u0161saugoti skrynel\u0119. Joje \u2013 daugiau kaip prie\u0161 \u0161imt\u0105 met\u0173 ra\u0161yti u\u017era\u0161ai. Mergina","breadcrumb":{"@id":"https:\/\/skaitytaknyga.lt\/produktas\/m-meimaridi-smirnos-burtininkes-2\/#breadcrumb"},"inLanguage":"en-GB","potentialAction":[{"@type":"ReadAction","target":["https:\/\/skaitytaknyga.lt\/produktas\/m-meimaridi-smirnos-burtininkes-2\/"]}]},{"@type":"ImageObject","inLanguage":"en-GB","@id":"https:\/\/skaitytaknyga.lt\/produktas\/m-meimaridi-smirnos-burtininkes-2\/#primaryimage","url":"https:\/\/skaitytaknyga.lt\/wp-content\/uploads\/2024\/04\/20200818_154627_edited-scaled-1.jpg","contentUrl":"https:\/\/skaitytaknyga.lt\/wp-content\/uploads\/2024\/04\/20200818_154627_edited-scaled-1.jpg","width":1757,"height":2560,"caption":"20200818 154627 edited scaled 1"},{"@type":"BreadcrumbList","@id":"https:\/\/skaitytaknyga.lt\/produktas\/m-meimaridi-smirnos-burtininkes-2\/#breadcrumb","itemListElement":[{"@type":"ListItem","position":1,"name":"Home","item":"https:\/\/skaitytaknyga.lt\/"},{"@type":"ListItem","position":2,"name":"Parduotuv\u0117","item":"https:\/\/skaitytaknyga.lt\/knygu-parduotuve\/"},{"@type":"ListItem","position":3,"name":"M. Meimaridi \u201eSmirnos burtinink\u0117s\u201c"}]},{"@type":"WebSite","@id":"https:\/\/skaitytaknyga.lt\/#website","url":"https:\/\/skaitytaknyga.lt\/","name":"skaitytaknyga.lt","description":"Skaitytaknyga.lt \u2013 tai ma\u017eas \u0161eimos verslas, kuris prasid\u0117jo nuo meil\u0117s knygoms ir siekio i\u0161gelb\u0117ti knygas nuo likimo prie konteinerio. Kas vienam nereikalingas daiktas \u2013 kitam lobis, o mes esame tarpininkai, kurie padeda abiems tapti laimingesniems ???? \u017dinome kaip nelengva i\u0161gyventi ma\u017eiems verslams, tad nuo \u0161iol, \u010dia rasite ir kit\u0173, ma\u017e\u0173 \u0161eim\u0173 versl\u0173, rank\u0173 darbo, dovan\u0173 sau ir artimiesiems.","publisher":{"@id":"https:\/\/skaitytaknyga.lt\/#organization"},"potentialAction":[{"@type":"SearchAction","target":{"@type":"EntryPoint","urlTemplate":"https:\/\/skaitytaknyga.lt\/?s={search_term_string}"},"query-input":{"@type":"PropertyValueSpecification","valueRequired":true,"valueName":"search_term_string"}}],"inLanguage":"en-GB"},{"@type":"Organization","@id":"https:\/\/skaitytaknyga.lt\/#organization","name":"skaitytaknyga.lt","url":"https:\/\/skaitytaknyga.lt\/","logo":{"@type":"ImageObject","inLanguage":"en-GB","@id":"https:\/\/skaitytaknyga.lt\/#\/schema\/logo\/image\/","url":"https:\/\/skaitytaknyga.lt\/wp-content\/uploads\/2024\/05\/cropped-cropped-cropped-02_00843_jt3bggkj1j3HLc7SyY6rEUpg.jpeg","contentUrl":"https:\/\/skaitytaknyga.lt\/wp-content\/uploads\/2024\/05\/cropped-cropped-cropped-02_00843_jt3bggkj1j3HLc7SyY6rEUpg.jpeg","width":1600,"height":1600,"caption":"skaitytaknyga.lt"},"image":{"@id":"https:\/\/skaitytaknyga.lt\/#\/schema\/logo\/image\/"},"sameAs":["https:\/\/www.facebook.com\/skaitytaknyga\/"]}]}},"_links":{"self":[{"href":"https:\/\/skaitytaknyga.lt\/en\/wp-json\/wp\/v2\/product\/7464","targetHints":{"allow":["GET"]}}],"collection":[{"href":"https:\/\/skaitytaknyga.lt\/en\/wp-json\/wp\/v2\/product"}],"about":[{"href":"https:\/\/skaitytaknyga.lt\/en\/wp-json\/wp\/v2\/types\/product"}],"replies":[{"embeddable":true,"href":"https:\/\/skaitytaknyga.lt\/en\/wp-json\/wp\/v2\/comments?post=7464"}],"wp:featuredmedia":[{"embeddable":true,"href":"https:\/\/skaitytaknyga.lt\/en\/wp-json\/wp\/v2\/media\/2467"}],"wp:attachment":[{"href":"https:\/\/skaitytaknyga.lt\/en\/wp-json\/wp\/v2\/media?parent=7464"}],"wp:term":[{"taxonomy":"product_brand","embeddable":true,"href":"https:\/\/skaitytaknyga.lt\/en\/wp-json\/wp\/v2\/product_brand?post=7464"},{"taxonomy":"product_cat","embeddable":true,"href":"https:\/\/skaitytaknyga.lt\/en\/wp-json\/wp\/v2\/product_cat?post=7464"},{"taxonomy":"product_tag","embeddable":true,"href":"https:\/\/skaitytaknyga.lt\/en\/wp-json\/wp\/v2\/product_tag?post=7464"}],"curies":[{"name":"wp","href":"https:\/\/api.w.org\/{rel}","templated":true}]}}