{"id":7462,"date":"2024-05-04T14:30:09","date_gmt":"2024-05-04T14:30:09","guid":{"rendered":"https:\/\/skaitytaknyga.lt\/?post_type=product&#038;p=7462"},"modified":"2024-05-04T14:30:11","modified_gmt":"2024-05-04T14:30:11","slug":"s-kubelka-pilis-yra-ieskom-princo-2","status":"publish","type":"product","link":"https:\/\/skaitytaknyga.lt\/en\/produktas\/s-kubelka-pilis-yra-ieskom-princo-2\/","title":{"rendered":"S. Kubelka \u201ePilis yra &#8211; ie\u0161kom princo\u201c"},"content":{"rendered":"<p>Gra\u017euolei Anetei nelabai sekasi su vyrais. Tik prab\u0117gus penkeriems metams Anet\u0117 pagaliau suprato, koks nenaud\u0117lis yra jos \u017ealiaakis meilu\u017eis Danielis: sugeb\u0117jo i\u0161vilioti j\u0105, turting\u0105 \u012fp\u0117din\u0119, i\u0161 senovin\u0117s pilies \u012f London\u0105, i\u0161kaulyti i\u0161 jos bema\u017e vis\u0105 turt\u0105 ir paleisti j\u012f v\u0117jais. Jos d\u0117d\u0117 Eduardas meiliai priima giminait\u0119 paklyd\u0117l\u0119 atgal \u012f pil\u012f. Bet d\u0117dei netr\u016bksta ir sav\u0173 r\u016bpes\u010di\u0173, nes i\u0161laikyti toki\u0105 pra\u0161matni\u0105 viduram\u017ei\u0173 pil\u012f kainuoja daugiau pinig\u0173, negu jis turi.<\/p>\n<p>Sklinda gandai, kad po 1948 met\u0173 revoliucijos pilyje buvo pasl\u0117ptas Vengrijos karali\u0173 lobis, be to, rasta ir t\u0105 liudijan\u010di\u0173 lai\u0161k\u0173. D\u0117d\u0117 slap\u010diomis jo ie\u0161ko, o jo kaimynas ir am\u017einas prie\u0161as Leopoldas rezga intrigas. I\u0161 Londono gr\u012f\u017eusi Anet\u0117 v\u0117l sutinka Leopoldo s\u016bn\u0173 Valter\u012f, su kuriuo \u017eaid\u0117, kai abu buvo vaikai&#8230;<\/p>\n","protected":false},"excerpt":{"rendered":"<p>Gra\u017euolei Anetei nelabai sekasi su vyrais. Tik prab\u0117gus penkeriems metams Anet\u0117 pagaliau suprato, koks nenaud\u0117lis yra jos \u017ealiaakis meilu\u017eis Danielis: sugeb\u0117jo i\u0161vilioti j\u0105, turting\u0105 \u012fp\u0117din\u0119, i\u0161 senovin\u0117s pilies \u012f London\u0105, i\u0161kaulyti i\u0161 jos bema\u017e vis\u0105 turt\u0105 ir paleisti j\u012f v\u0117jais. Jos d\u0117d\u0117 Eduardas meiliai priima giminait\u0119 paklyd\u0117l\u0119 atgal \u012f pil\u012f. Bet d\u0117dei netr\u016bksta ir sav\u0173 r\u016bpes\u010di\u0173, nes i\u0161laikyti toki\u0105 pra\u0161matni\u0105 viduram\u017ei\u0173 pil\u012f kainuoja daugiau pinig\u0173, negu jis turi. Sklinda gandai, kad po 1948 met\u0173 revoliucijos pilyje buvo pasl\u0117ptas Vengrijos karali\u0173 lobis, be to, rasta ir t\u0105 liudijan\u010di\u0173 lai\u0161k\u0173. D\u0117d\u0117 slap\u010diomis jo ie\u0161ko, o jo kaimynas ir am\u017einas prie\u0161as Leopoldas rezga intrigas. I\u0161 Londono gr\u012f\u017eusi Anet\u0117 v\u0117l sutinka Leopoldo s\u016bn\u0173 Valter\u012f, su kuriuo \u017eaid\u0117, kai abu buvo vaikai&#8230;<\/p>\n","protected":false},"featured_media":2457,"comment_status":"closed","ping_status":"closed","template":"","meta":{"_acf_changed":false,"site-sidebar-layout":"default","site-content-layout":"","ast-site-content-layout":"default","site-content-style":"default","site-sidebar-style":"default","ast-global-header-display":"","ast-banner-title-visibility":"","ast-main-header-display":"","ast-hfb-above-header-display":"","ast-hfb-below-header-display":"","ast-hfb-mobile-header-display":"","site-post-title":"","ast-breadcrumbs-content":"","ast-featured-img":"","footer-sml-layout":"","ast-disable-related-posts":"","theme-transparent-header-meta":"","adv-header-id-meta":"","stick-header-meta":"","header-above-stick-meta":"","header-main-stick-meta":"","header-below-stick-meta":"","astra-migrate-meta-layouts":"default","ast-page-background-enabled":"default","ast-page-background-meta":{"desktop":{"background-color":"","background-image":"","background-repeat":"repeat","background-position":"center center","background-size":"auto","background-attachment":"scroll","background-type":"","background-media":"","overlay-type":"","overlay-color":"","overlay-opacity":"","overlay-gradient":""},"tablet":{"background-color":"","background-image":"","background-repeat":"repeat","background-position":"center center","background-size":"auto","background-attachment":"scroll","background-type":"","background-media":"","overlay-type":"","overlay-color":"","overlay-opacity":"","overlay-gradient":""},"mobile":{"background-color":"","background-image":"","background-repeat":"repeat","background-position":"center center","background-size":"auto","background-attachment":"scroll","background-type":"","background-media":"","overlay-type":"","overlay-color":"","overlay-opacity":"","overlay-gradient":""}},"ast-content-background-meta":{"desktop":{"background-color":"var(--ast-global-color-4)","background-image":"","background-repeat":"repeat","background-position":"center center","background-size":"auto","background-attachment":"scroll","background-type":"","background-media":"","overlay-type":"","overlay-color":"","overlay-opacity":"","overlay-gradient":""},"tablet":{"background-color":"var(--ast-global-color-4)","background-image":"","background-repeat":"repeat","background-position":"center center","background-size":"auto","background-attachment":"scroll","background-type":"","background-media":"","overlay-type":"","overlay-color":"","overlay-opacity":"","overlay-gradient":""},"mobile":{"background-color":"var(--ast-global-color-4)","background-image":"","background-repeat":"repeat","background-position":"center center","background-size":"auto","background-attachment":"scroll","background-type":"","background-media":"","overlay-type":"","overlay-color":"","overlay-opacity":"","overlay-gradient":""}}},"product_brand":[],"product_cat":[31],"product_tag":[],"class_list":{"0":"post-7462","1":"product","2":"type-product","3":"status-publish","4":"has-post-thumbnail","6":"product_cat-grozine-literatura","7":"desktop-align-left","8":"tablet-align-left","9":"mobile-align-left","11":"first","12":"outofstock","13":"shipping-taxable","14":"purchasable","15":"product-type-simple"},"acf":[],"yoast_head":"<!-- This site is optimized with the Yoast SEO plugin v27.4 - https:\/\/yoast.com\/product\/yoast-seo-wordpress\/ -->\n<title>S. Kubelka \u201ePilis yra - ie\u0161kom princo\u201c - Skaitytaknyga<\/title>\n<meta name=\"description\" content=\"Gra\u017euolei Anetei nelabai sekasi su vyrais. Tik prab\u0117gus penkeriems metams Anet\u0117 pagaliau suprato, koks nenaud\u0117lis yra jos \u017ealiaakis meilu\u017eis Danielis:\" \/>\n<meta name=\"robots\" content=\"index, follow, max-snippet:-1, max-image-preview:large, max-video-preview:-1\" \/>\n<link rel=\"canonical\" href=\"https:\/\/skaitytaknyga.lt\/en\/produktas\/s-kubelka-pilis-yra-ieskom-princo-2\/\" \/>\n<meta property=\"og:locale\" content=\"en_GB\" \/>\n<meta property=\"og:locale:alternate\" content=\"lt_LT\" \/>\n<meta property=\"og:type\" content=\"article\" \/>\n<meta property=\"og:title\" content=\"S. Kubelka \u201ePilis yra - ie\u0161kom princo\u201c - Skaitytaknyga\" \/>\n<meta property=\"og:description\" content=\"Gra\u017euolei Anetei nelabai sekasi su vyrais. Tik prab\u0117gus penkeriems metams Anet\u0117 pagaliau suprato, koks nenaud\u0117lis yra jos \u017ealiaakis meilu\u017eis Danielis:\" \/>\n<meta property=\"og:url\" content=\"https:\/\/skaitytaknyga.lt\/en\/produktas\/s-kubelka-pilis-yra-ieskom-princo-2\/\" \/>\n<meta property=\"og:site_name\" content=\"Skaitytaknyga\" \/>\n<meta property=\"article:publisher\" content=\"https:\/\/www.facebook.com\/skaitytaknyga\/\" \/>\n<meta property=\"article:modified_time\" content=\"2024-05-04T14:30:11+00:00\" \/>\n<meta property=\"og:image\" content=\"https:\/\/skaitytaknyga.lt\/wp-content\/uploads\/2024\/04\/20200818_154936_edited-scaled-1.jpg\" \/>\n\t<meta property=\"og:image:width\" content=\"1613\" \/>\n\t<meta property=\"og:image:height\" content=\"2560\" \/>\n\t<meta property=\"og:image:type\" content=\"image\/jpeg\" \/>\n<meta name=\"twitter:card\" content=\"summary_large_image\" \/>\n<meta name=\"twitter:label1\" content=\"Estimated reading time\" \/>\n\t<meta name=\"twitter:data1\" content=\"1 minute\" \/>\n<script type=\"application\/ld+json\" class=\"yoast-schema-graph\">{\"@context\":\"https:\\\/\\\/schema.org\",\"@graph\":[{\"@type\":\"WebPage\",\"@id\":\"https:\\\/\\\/skaitytaknyga.lt\\\/produktas\\\/s-kubelka-pilis-yra-ieskom-princo-2\\\/\",\"url\":\"https:\\\/\\\/skaitytaknyga.lt\\\/produktas\\\/s-kubelka-pilis-yra-ieskom-princo-2\\\/\",\"name\":\"S. Kubelka \u201ePilis yra - ie\u0161kom princo\u201c - Skaitytaknyga\",\"isPartOf\":{\"@id\":\"https:\\\/\\\/skaitytaknyga.lt\\\/#website\"},\"primaryImageOfPage\":{\"@id\":\"https:\\\/\\\/skaitytaknyga.lt\\\/produktas\\\/s-kubelka-pilis-yra-ieskom-princo-2\\\/#primaryimage\"},\"image\":{\"@id\":\"https:\\\/\\\/skaitytaknyga.lt\\\/produktas\\\/s-kubelka-pilis-yra-ieskom-princo-2\\\/#primaryimage\"},\"thumbnailUrl\":\"https:\\\/\\\/skaitytaknyga.lt\\\/wp-content\\\/uploads\\\/2024\\\/04\\\/20200818_154936_edited-scaled-1.jpg\",\"datePublished\":\"2024-05-04T14:30:09+00:00\",\"dateModified\":\"2024-05-04T14:30:11+00:00\",\"description\":\"Gra\u017euolei Anetei nelabai sekasi su vyrais. Tik prab\u0117gus penkeriems metams Anet\u0117 pagaliau suprato, koks nenaud\u0117lis yra jos \u017ealiaakis meilu\u017eis Danielis:\",\"breadcrumb\":{\"@id\":\"https:\\\/\\\/skaitytaknyga.lt\\\/produktas\\\/s-kubelka-pilis-yra-ieskom-princo-2\\\/#breadcrumb\"},\"inLanguage\":\"en-GB\",\"potentialAction\":[{\"@type\":\"ReadAction\",\"target\":[\"https:\\\/\\\/skaitytaknyga.lt\\\/produktas\\\/s-kubelka-pilis-yra-ieskom-princo-2\\\/\"]}]},{\"@type\":\"ImageObject\",\"inLanguage\":\"en-GB\",\"@id\":\"https:\\\/\\\/skaitytaknyga.lt\\\/produktas\\\/s-kubelka-pilis-yra-ieskom-princo-2\\\/#primaryimage\",\"url\":\"https:\\\/\\\/skaitytaknyga.lt\\\/wp-content\\\/uploads\\\/2024\\\/04\\\/20200818_154936_edited-scaled-1.jpg\",\"contentUrl\":\"https:\\\/\\\/skaitytaknyga.lt\\\/wp-content\\\/uploads\\\/2024\\\/04\\\/20200818_154936_edited-scaled-1.jpg\",\"width\":1613,\"height\":2560,\"caption\":\"20200818 154936 edited scaled 1\"},{\"@type\":\"BreadcrumbList\",\"@id\":\"https:\\\/\\\/skaitytaknyga.lt\\\/produktas\\\/s-kubelka-pilis-yra-ieskom-princo-2\\\/#breadcrumb\",\"itemListElement\":[{\"@type\":\"ListItem\",\"position\":1,\"name\":\"Home\",\"item\":\"https:\\\/\\\/skaitytaknyga.lt\\\/\"},{\"@type\":\"ListItem\",\"position\":2,\"name\":\"Parduotuv\u0117\",\"item\":\"https:\\\/\\\/skaitytaknyga.lt\\\/knygu-parduotuve\\\/\"},{\"@type\":\"ListItem\",\"position\":3,\"name\":\"S. Kubelka \u201ePilis yra &#8211; ie\u0161kom princo\u201c\"}]},{\"@type\":\"WebSite\",\"@id\":\"https:\\\/\\\/skaitytaknyga.lt\\\/#website\",\"url\":\"https:\\\/\\\/skaitytaknyga.lt\\\/\",\"name\":\"skaitytaknyga.lt\",\"description\":\"Skaitytaknyga.lt \u2013 tai ma\u017eas \u0161eimos verslas, kuris prasid\u0117jo nuo meil\u0117s knygoms ir siekio i\u0161gelb\u0117ti knygas nuo likimo prie konteinerio. Kas vienam nereikalingas daiktas \u2013 kitam lobis, o mes esame tarpininkai, kurie padeda abiems tapti laimingesniems ???? \u017dinome kaip nelengva i\u0161gyventi ma\u017eiems verslams, tad nuo \u0161iol, \u010dia rasite ir kit\u0173, ma\u017e\u0173 \u0161eim\u0173 versl\u0173, rank\u0173 darbo, dovan\u0173 sau ir artimiesiems.\",\"publisher\":{\"@id\":\"https:\\\/\\\/skaitytaknyga.lt\\\/#organization\"},\"potentialAction\":[{\"@type\":\"SearchAction\",\"target\":{\"@type\":\"EntryPoint\",\"urlTemplate\":\"https:\\\/\\\/skaitytaknyga.lt\\\/?s={search_term_string}\"},\"query-input\":{\"@type\":\"PropertyValueSpecification\",\"valueRequired\":true,\"valueName\":\"search_term_string\"}}],\"inLanguage\":\"en-GB\"},{\"@type\":\"Organization\",\"@id\":\"https:\\\/\\\/skaitytaknyga.lt\\\/#organization\",\"name\":\"skaitytaknyga.lt\",\"url\":\"https:\\\/\\\/skaitytaknyga.lt\\\/\",\"logo\":{\"@type\":\"ImageObject\",\"inLanguage\":\"en-GB\",\"@id\":\"https:\\\/\\\/skaitytaknyga.lt\\\/#\\\/schema\\\/logo\\\/image\\\/\",\"url\":\"https:\\\/\\\/skaitytaknyga.lt\\\/wp-content\\\/uploads\\\/2024\\\/05\\\/cropped-cropped-cropped-02_00843_jt3bggkj1j3HLc7SyY6rEUpg.jpeg\",\"contentUrl\":\"https:\\\/\\\/skaitytaknyga.lt\\\/wp-content\\\/uploads\\\/2024\\\/05\\\/cropped-cropped-cropped-02_00843_jt3bggkj1j3HLc7SyY6rEUpg.jpeg\",\"width\":1600,\"height\":1600,\"caption\":\"skaitytaknyga.lt\"},\"image\":{\"@id\":\"https:\\\/\\\/skaitytaknyga.lt\\\/#\\\/schema\\\/logo\\\/image\\\/\"},\"sameAs\":[\"https:\\\/\\\/www.facebook.com\\\/skaitytaknyga\\\/\"]}]}<\/script>\n<!-- \/ Yoast SEO plugin. -->","yoast_head_json":{"title":"S. Kubelka \u201ePilis yra - ie\u0161kom princo\u201c - Skaitytaknyga","description":"Gra\u017euolei Anetei nelabai sekasi su vyrais. Tik prab\u0117gus penkeriems metams Anet\u0117 pagaliau suprato, koks nenaud\u0117lis yra jos \u017ealiaakis meilu\u017eis Danielis:","robots":{"index":"index","follow":"follow","max-snippet":"max-snippet:-1","max-image-preview":"max-image-preview:large","max-video-preview":"max-video-preview:-1"},"canonical":"https:\/\/skaitytaknyga.lt\/en\/produktas\/s-kubelka-pilis-yra-ieskom-princo-2\/","og_locale":"en_GB","og_type":"article","og_title":"S. Kubelka \u201ePilis yra - ie\u0161kom princo\u201c - Skaitytaknyga","og_description":"Gra\u017euolei Anetei nelabai sekasi su vyrais. Tik prab\u0117gus penkeriems metams Anet\u0117 pagaliau suprato, koks nenaud\u0117lis yra jos \u017ealiaakis meilu\u017eis Danielis:","og_url":"https:\/\/skaitytaknyga.lt\/en\/produktas\/s-kubelka-pilis-yra-ieskom-princo-2\/","og_site_name":"Skaitytaknyga","article_publisher":"https:\/\/www.facebook.com\/skaitytaknyga\/","article_modified_time":"2024-05-04T14:30:11+00:00","og_image":[{"width":1613,"height":2560,"url":"https:\/\/skaitytaknyga.lt\/wp-content\/uploads\/2024\/04\/20200818_154936_edited-scaled-1.jpg","type":"image\/jpeg"}],"twitter_card":"summary_large_image","twitter_misc":{"Estimated reading time":"1 minute"},"schema":{"@context":"https:\/\/schema.org","@graph":[{"@type":"WebPage","@id":"https:\/\/skaitytaknyga.lt\/produktas\/s-kubelka-pilis-yra-ieskom-princo-2\/","url":"https:\/\/skaitytaknyga.lt\/produktas\/s-kubelka-pilis-yra-ieskom-princo-2\/","name":"S. Kubelka \u201ePilis yra - ie\u0161kom princo\u201c - Skaitytaknyga","isPartOf":{"@id":"https:\/\/skaitytaknyga.lt\/#website"},"primaryImageOfPage":{"@id":"https:\/\/skaitytaknyga.lt\/produktas\/s-kubelka-pilis-yra-ieskom-princo-2\/#primaryimage"},"image":{"@id":"https:\/\/skaitytaknyga.lt\/produktas\/s-kubelka-pilis-yra-ieskom-princo-2\/#primaryimage"},"thumbnailUrl":"https:\/\/skaitytaknyga.lt\/wp-content\/uploads\/2024\/04\/20200818_154936_edited-scaled-1.jpg","datePublished":"2024-05-04T14:30:09+00:00","dateModified":"2024-05-04T14:30:11+00:00","description":"Gra\u017euolei Anetei nelabai sekasi su vyrais. Tik prab\u0117gus penkeriems metams Anet\u0117 pagaliau suprato, koks nenaud\u0117lis yra jos \u017ealiaakis meilu\u017eis Danielis:","breadcrumb":{"@id":"https:\/\/skaitytaknyga.lt\/produktas\/s-kubelka-pilis-yra-ieskom-princo-2\/#breadcrumb"},"inLanguage":"en-GB","potentialAction":[{"@type":"ReadAction","target":["https:\/\/skaitytaknyga.lt\/produktas\/s-kubelka-pilis-yra-ieskom-princo-2\/"]}]},{"@type":"ImageObject","inLanguage":"en-GB","@id":"https:\/\/skaitytaknyga.lt\/produktas\/s-kubelka-pilis-yra-ieskom-princo-2\/#primaryimage","url":"https:\/\/skaitytaknyga.lt\/wp-content\/uploads\/2024\/04\/20200818_154936_edited-scaled-1.jpg","contentUrl":"https:\/\/skaitytaknyga.lt\/wp-content\/uploads\/2024\/04\/20200818_154936_edited-scaled-1.jpg","width":1613,"height":2560,"caption":"20200818 154936 edited scaled 1"},{"@type":"BreadcrumbList","@id":"https:\/\/skaitytaknyga.lt\/produktas\/s-kubelka-pilis-yra-ieskom-princo-2\/#breadcrumb","itemListElement":[{"@type":"ListItem","position":1,"name":"Home","item":"https:\/\/skaitytaknyga.lt\/"},{"@type":"ListItem","position":2,"name":"Parduotuv\u0117","item":"https:\/\/skaitytaknyga.lt\/knygu-parduotuve\/"},{"@type":"ListItem","position":3,"name":"S. Kubelka \u201ePilis yra &#8211; ie\u0161kom princo\u201c"}]},{"@type":"WebSite","@id":"https:\/\/skaitytaknyga.lt\/#website","url":"https:\/\/skaitytaknyga.lt\/","name":"skaitytaknyga.lt","description":"Skaitytaknyga.lt \u2013 tai ma\u017eas \u0161eimos verslas, kuris prasid\u0117jo nuo meil\u0117s knygoms ir siekio i\u0161gelb\u0117ti knygas nuo likimo prie konteinerio. Kas vienam nereikalingas daiktas \u2013 kitam lobis, o mes esame tarpininkai, kurie padeda abiems tapti laimingesniems ???? \u017dinome kaip nelengva i\u0161gyventi ma\u017eiems verslams, tad nuo \u0161iol, \u010dia rasite ir kit\u0173, ma\u017e\u0173 \u0161eim\u0173 versl\u0173, rank\u0173 darbo, dovan\u0173 sau ir artimiesiems.","publisher":{"@id":"https:\/\/skaitytaknyga.lt\/#organization"},"potentialAction":[{"@type":"SearchAction","target":{"@type":"EntryPoint","urlTemplate":"https:\/\/skaitytaknyga.lt\/?s={search_term_string}"},"query-input":{"@type":"PropertyValueSpecification","valueRequired":true,"valueName":"search_term_string"}}],"inLanguage":"en-GB"},{"@type":"Organization","@id":"https:\/\/skaitytaknyga.lt\/#organization","name":"skaitytaknyga.lt","url":"https:\/\/skaitytaknyga.lt\/","logo":{"@type":"ImageObject","inLanguage":"en-GB","@id":"https:\/\/skaitytaknyga.lt\/#\/schema\/logo\/image\/","url":"https:\/\/skaitytaknyga.lt\/wp-content\/uploads\/2024\/05\/cropped-cropped-cropped-02_00843_jt3bggkj1j3HLc7SyY6rEUpg.jpeg","contentUrl":"https:\/\/skaitytaknyga.lt\/wp-content\/uploads\/2024\/05\/cropped-cropped-cropped-02_00843_jt3bggkj1j3HLc7SyY6rEUpg.jpeg","width":1600,"height":1600,"caption":"skaitytaknyga.lt"},"image":{"@id":"https:\/\/skaitytaknyga.lt\/#\/schema\/logo\/image\/"},"sameAs":["https:\/\/www.facebook.com\/skaitytaknyga\/"]}]}},"_links":{"self":[{"href":"https:\/\/skaitytaknyga.lt\/en\/wp-json\/wp\/v2\/product\/7462","targetHints":{"allow":["GET"]}}],"collection":[{"href":"https:\/\/skaitytaknyga.lt\/en\/wp-json\/wp\/v2\/product"}],"about":[{"href":"https:\/\/skaitytaknyga.lt\/en\/wp-json\/wp\/v2\/types\/product"}],"replies":[{"embeddable":true,"href":"https:\/\/skaitytaknyga.lt\/en\/wp-json\/wp\/v2\/comments?post=7462"}],"wp:featuredmedia":[{"embeddable":true,"href":"https:\/\/skaitytaknyga.lt\/en\/wp-json\/wp\/v2\/media\/2457"}],"wp:attachment":[{"href":"https:\/\/skaitytaknyga.lt\/en\/wp-json\/wp\/v2\/media?parent=7462"}],"wp:term":[{"taxonomy":"product_brand","embeddable":true,"href":"https:\/\/skaitytaknyga.lt\/en\/wp-json\/wp\/v2\/product_brand?post=7462"},{"taxonomy":"product_cat","embeddable":true,"href":"https:\/\/skaitytaknyga.lt\/en\/wp-json\/wp\/v2\/product_cat?post=7462"},{"taxonomy":"product_tag","embeddable":true,"href":"https:\/\/skaitytaknyga.lt\/en\/wp-json\/wp\/v2\/product_tag?post=7462"}],"curies":[{"name":"wp","href":"https:\/\/api.w.org\/{rel}","templated":true}]}}