{"id":7461,"date":"2024-05-04T17:30:09","date_gmt":"2024-05-04T14:30:09","guid":{"rendered":"https:\/\/skaitytaknyga.lt\/?post_type=product&#038;p=7461"},"modified":"2025-11-13T18:32:27","modified_gmt":"2025-11-13T16:32:27","slug":"a-martin-lugand-laimingi-zmones-skaito-ir-geria-kava-2","status":"publish","type":"product","link":"https:\/\/skaitytaknyga.lt\/en\/produktas\/a-martin-lugand-laimingi-zmones-skaito-ir-geria-kava-2\/","title":{"rendered":"Laimingi \u017emon\u0117s skaito ir geria kav\u0105"},"content":{"rendered":"<p>Kai gyvenimas apsiver\u010dia auk\u0161tyn kojomis, i\u0161sigelb\u0117jimas slypi netik\u0117\u010diausiose vietose.<\/p>\n<p>Dianos gyvenimas, rodos, tobulas. Ji \u2013 mylima \u017emona, mama ir jaukios literat\u016brin\u0117s kavin\u0117s \u201eLaimingi \u017emon\u0117s skaito ir geria kav\u0105&#8221; pa\u010diame Pary\u017eiaus centre savinink\u0117. Ta\u010diau vyrui ir dukrelei \u017euvus autoavarijoje, idil\u0117 i\u0161sisklaido tartum migla. \u012ekalinta ilgesio ir persekiojama prisiminim\u0173, moteris u\u017esidaro savyje ir neprisileid\u017eia net artim\u0173j\u0173.<\/p>\n<p>Vis d\u0117lto laikas nestovi vietoje. Pra\u0117jus metams nuo tragedijos Diana supranta, kad i\u0161sivadavimo reikia ie\u0161koti dabar arba niekada, ir i\u0161siruo\u0161ia \u012f Airij\u0105, savo mylimo vyro svajoni\u0173 \u0161al\u012f. Apsistojusi pa\u010diame atokiausiame kaimelyje ant j\u016bros kranto, ji susipa\u017e\u012fsta su bene vieninteliu savo kaimynu Edvardu &#8211; sud\u0117tingo charakterio, bet itin patraukliu vieni\u0161iumi fotografu. I\u0161 prad\u017ei\u0173 negal\u0117j\u0119 vienas kito pak\u0119sti, jie pasineria \u012f siautuling\u0105 meil\u0117s roman\u0105. Ar naujai u\u017egim\u0119 jausmai gali i\u0161gydyti praeities \u017eaizdas, kurios n\u0117 nesp\u0117jo u\u017esitraukti?<\/p>\n<p>\u201eLaimingi \u017emon\u0117s skaito ir geria kav\u0105&#8221;\u00a0\u2013 jautri ir sykiu \u012fkvepianti istorija moters, kuri, netekusi visko, sugeb\u0117jo atsitiesti ir i\u0161 naujo pamilti.<\/p>\n","protected":false},"excerpt":{"rendered":"<p>Kai gyvenimas apsiver\u010dia auk\u0161tyn kojomis, i\u0161sigelb\u0117jimas slypi netik\u0117\u010diausiose vietose. Dianos gyvenimas, rodos, tobulas. Ji \u2013 mylima \u017emona, mama ir jaukios literat\u016brin\u0117s kavin\u0117s \u201eLaimingi \u017emon\u0117s skaito ir geria kav\u0105&#8221; pa\u010diame Pary\u017eiaus centre savinink\u0117. Ta\u010diau vyrui ir dukrelei \u017euvus autoavarijoje, idil\u0117 i\u0161sisklaido tartum migla. \u012ekalinta ilgesio ir persekiojama prisiminim\u0173, moteris u\u017esidaro savyje ir neprisileid\u017eia net artim\u0173j\u0173. Vis d\u0117lto laikas nestovi vietoje. Pra\u0117jus metams nuo tragedijos Diana supranta, kad i\u0161sivadavimo reikia ie\u0161koti dabar arba niekada, ir i\u0161siruo\u0161ia \u012f Airij\u0105, savo mylimo vyro svajoni\u0173 \u0161al\u012f. Apsistojusi pa\u010diame atokiausiame kaimelyje ant j\u016bros kranto, ji susipa\u017e\u012fsta su bene vieninteliu savo kaimynu Edvardu &#8211; sud\u0117tingo charakterio, bet itin patraukliu vieni\u0161iumi fotografu. I\u0161 prad\u017ei\u0173 negal\u0117j\u0119 vienas kito pak\u0119sti, jie pasineria \u012f siautuling\u0105 meil\u0117s roman\u0105. Ar naujai u\u017egim\u0119 jausmai gali i\u0161gydyti praeities \u017eaizdas, kurios n\u0117 nesp\u0117jo u\u017esitraukti? \u201eLaimingi \u017emon\u0117s skaito ir geria kav\u0105&#8221;\u00a0\u2013 jautri ir sykiu \u012fkvepianti istorija moters, kuri, netekusi visko, sugeb\u0117jo atsitiesti ir i\u0161 naujo pamilti.<\/p>\n","protected":false},"featured_media":2456,"comment_status":"closed","ping_status":"closed","template":"","meta":{"_acf_changed":false,"site-sidebar-layout":"default","site-content-layout":"","ast-site-content-layout":"default","site-content-style":"default","site-sidebar-style":"default","ast-global-header-display":"","ast-banner-title-visibility":"","ast-main-header-display":"","ast-hfb-above-header-display":"","ast-hfb-below-header-display":"","ast-hfb-mobile-header-display":"","site-post-title":"","ast-breadcrumbs-content":"","ast-featured-img":"","footer-sml-layout":"","ast-disable-related-posts":"","theme-transparent-header-meta":"","adv-header-id-meta":"","stick-header-meta":"","header-above-stick-meta":"","header-main-stick-meta":"","header-below-stick-meta":"","astra-migrate-meta-layouts":"default","ast-page-background-enabled":"default","ast-page-background-meta":{"desktop":{"background-color":"","background-image":"","background-repeat":"repeat","background-position":"center center","background-size":"auto","background-attachment":"scroll","background-type":"","background-media":"","overlay-type":"","overlay-color":"","overlay-opacity":"","overlay-gradient":""},"tablet":{"background-color":"","background-image":"","background-repeat":"repeat","background-position":"center center","background-size":"auto","background-attachment":"scroll","background-type":"","background-media":"","overlay-type":"","overlay-color":"","overlay-opacity":"","overlay-gradient":""},"mobile":{"background-color":"","background-image":"","background-repeat":"repeat","background-position":"center center","background-size":"auto","background-attachment":"scroll","background-type":"","background-media":"","overlay-type":"","overlay-color":"","overlay-opacity":"","overlay-gradient":""}},"ast-content-background-meta":{"desktop":{"background-color":"var(--ast-global-color-4)","background-image":"","background-repeat":"repeat","background-position":"center center","background-size":"auto","background-attachment":"scroll","background-type":"","background-media":"","overlay-type":"","overlay-color":"","overlay-opacity":"","overlay-gradient":""},"tablet":{"background-color":"var(--ast-global-color-4)","background-image":"","background-repeat":"repeat","background-position":"center center","background-size":"auto","background-attachment":"scroll","background-type":"","background-media":"","overlay-type":"","overlay-color":"","overlay-opacity":"","overlay-gradient":""},"mobile":{"background-color":"var(--ast-global-color-4)","background-image":"","background-repeat":"repeat","background-position":"center center","background-size":"auto","background-attachment":"scroll","background-type":"","background-media":"","overlay-type":"","overlay-color":"","overlay-opacity":"","overlay-gradient":""}}},"product_brand":[],"product_cat":[31],"product_tag":[1760,1765,1762,1763,1764,1761],"class_list":{"0":"post-7461","1":"product","2":"type-product","3":"status-publish","4":"has-post-thumbnail","6":"product_cat-grozine-literatura","7":"product_tag-agnes-martin-lugand","8":"product_tag-kavine","9":"product_tag-laimingi-zmones-skaito-ir-geria-kava","10":"product_tag-liudesys","11":"product_tag-paryzius","12":"product_tag-prancuzu-literatura","13":"desktop-align-left","14":"tablet-align-left","15":"mobile-align-left","17":"first","18":"outofstock","19":"shipping-taxable","20":"purchasable","21":"product-type-simple"},"acf":[],"yoast_head":"<!-- This site is optimized with the Yoast SEO plugin v27.0 - https:\/\/yoast.com\/product\/yoast-seo-wordpress\/ -->\n<title>Laimingi \u017emon\u0117s skaito ir geria kav\u0105<\/title>\n<meta name=\"description\" content=\"Kai gyvenimas apsiver\u010dia auk\u0161tyn kojomis, i\u0161sigelb\u0117jimas slypi netik\u0117\u010diausiose vietose. Dianos gyvenimas, rodos, tobulas. Ji \u2013 mylima \u017emona, mama ir\" \/>\n<meta name=\"robots\" content=\"index, follow, max-snippet:-1, max-image-preview:large, max-video-preview:-1\" \/>\n<link rel=\"canonical\" href=\"https:\/\/skaitytaknyga.lt\/en\/produktas\/a-martin-lugand-laimingi-zmones-skaito-ir-geria-kava-2\/\" \/>\n<meta property=\"og:locale\" content=\"en_GB\" \/>\n<meta property=\"og:locale:alternate\" content=\"lt_LT\" \/>\n<meta property=\"og:type\" content=\"article\" \/>\n<meta property=\"og:title\" content=\"Laimingi \u017emon\u0117s skaito ir geria kav\u0105\" \/>\n<meta property=\"og:description\" content=\"Kai gyvenimas apsiver\u010dia auk\u0161tyn kojomis, i\u0161sigelb\u0117jimas slypi netik\u0117\u010diausiose vietose. Dianos gyvenimas, rodos, tobulas. Ji \u2013 mylima \u017emona, mama ir\" \/>\n<meta property=\"og:url\" content=\"https:\/\/skaitytaknyga.lt\/en\/produktas\/a-martin-lugand-laimingi-zmones-skaito-ir-geria-kava-2\/\" \/>\n<meta property=\"og:site_name\" content=\"Skaitytaknyga\" \/>\n<meta property=\"article:publisher\" content=\"https:\/\/www.facebook.com\/skaitytaknyga\/\" \/>\n<meta property=\"article:modified_time\" content=\"2025-11-13T16:32:27+00:00\" \/>\n<meta property=\"og:image\" content=\"https:\/\/skaitytaknyga.lt\/wp-content\/uploads\/2024\/04\/20200818_154634_edited.jpg\" \/>\n\t<meta property=\"og:image:width\" content=\"1699\" \/>\n\t<meta property=\"og:image:height\" content=\"2432\" \/>\n\t<meta property=\"og:image:type\" content=\"image\/jpeg\" \/>\n<meta name=\"twitter:card\" content=\"summary_large_image\" \/>\n<meta name=\"twitter:label1\" content=\"Estimated reading time\" \/>\n\t<meta name=\"twitter:data1\" content=\"1 minute\" \/>\n<script type=\"application\/ld+json\" class=\"yoast-schema-graph\">{\"@context\":\"https:\/\/schema.org\",\"@graph\":[{\"@type\":\"WebPage\",\"@id\":\"https:\/\/skaitytaknyga.lt\/produktas\/a-martin-lugand-laimingi-zmones-skaito-ir-geria-kava-2\/\",\"url\":\"https:\/\/skaitytaknyga.lt\/produktas\/a-martin-lugand-laimingi-zmones-skaito-ir-geria-kava-2\/\",\"name\":\"Laimingi \u017emon\u0117s skaito ir geria kav\u0105\",\"isPartOf\":{\"@id\":\"https:\/\/skaitytaknyga.lt\/#website\"},\"primaryImageOfPage\":{\"@id\":\"https:\/\/skaitytaknyga.lt\/produktas\/a-martin-lugand-laimingi-zmones-skaito-ir-geria-kava-2\/#primaryimage\"},\"image\":{\"@id\":\"https:\/\/skaitytaknyga.lt\/produktas\/a-martin-lugand-laimingi-zmones-skaito-ir-geria-kava-2\/#primaryimage\"},\"thumbnailUrl\":\"https:\/\/skaitytaknyga.lt\/wp-content\/uploads\/2024\/04\/20200818_154634_edited.jpg\",\"datePublished\":\"2024-05-04T14:30:09+00:00\",\"dateModified\":\"2025-11-13T16:32:27+00:00\",\"description\":\"Kai gyvenimas apsiver\u010dia auk\u0161tyn kojomis, i\u0161sigelb\u0117jimas slypi netik\u0117\u010diausiose vietose. Dianos gyvenimas, rodos, tobulas. Ji \u2013 mylima \u017emona, mama ir\",\"breadcrumb\":{\"@id\":\"https:\/\/skaitytaknyga.lt\/produktas\/a-martin-lugand-laimingi-zmones-skaito-ir-geria-kava-2\/#breadcrumb\"},\"inLanguage\":\"en-GB\",\"potentialAction\":[{\"@type\":\"ReadAction\",\"target\":[\"https:\/\/skaitytaknyga.lt\/produktas\/a-martin-lugand-laimingi-zmones-skaito-ir-geria-kava-2\/\"]}]},{\"@type\":\"ImageObject\",\"inLanguage\":\"en-GB\",\"@id\":\"https:\/\/skaitytaknyga.lt\/produktas\/a-martin-lugand-laimingi-zmones-skaito-ir-geria-kava-2\/#primaryimage\",\"url\":\"https:\/\/skaitytaknyga.lt\/wp-content\/uploads\/2024\/04\/20200818_154634_edited.jpg\",\"contentUrl\":\"https:\/\/skaitytaknyga.lt\/wp-content\/uploads\/2024\/04\/20200818_154634_edited.jpg\",\"width\":1699,\"height\":2432,\"caption\":\"20200818 154634 edited\"},{\"@type\":\"BreadcrumbList\",\"@id\":\"https:\/\/skaitytaknyga.lt\/produktas\/a-martin-lugand-laimingi-zmones-skaito-ir-geria-kava-2\/#breadcrumb\",\"itemListElement\":[{\"@type\":\"ListItem\",\"position\":1,\"name\":\"Home\",\"item\":\"https:\/\/skaitytaknyga.lt\/\"},{\"@type\":\"ListItem\",\"position\":2,\"name\":\"Parduotuv\u0117\",\"item\":\"https:\/\/skaitytaknyga.lt\/knygu-parduotuve\/\"},{\"@type\":\"ListItem\",\"position\":3,\"name\":\"Laimingi \u017emon\u0117s skaito ir geria kav\u0105\"}]},{\"@type\":\"WebSite\",\"@id\":\"https:\/\/skaitytaknyga.lt\/#website\",\"url\":\"https:\/\/skaitytaknyga.lt\/\",\"name\":\"skaitytaknyga.lt\",\"description\":\"Skaitytaknyga.lt \u2013 tai ma\u017eas \u0161eimos verslas, kuris prasid\u0117jo nuo meil\u0117s knygoms ir siekio i\u0161gelb\u0117ti knygas nuo likimo prie konteinerio. Kas vienam nereikalingas daiktas \u2013 kitam lobis, o mes esame tarpininkai, kurie padeda abiems tapti laimingesniems ???? \u017dinome kaip nelengva i\u0161gyventi ma\u017eiems verslams, tad nuo \u0161iol, \u010dia rasite ir kit\u0173, ma\u017e\u0173 \u0161eim\u0173 versl\u0173, rank\u0173 darbo, dovan\u0173 sau ir artimiesiems.\",\"publisher\":{\"@id\":\"https:\/\/skaitytaknyga.lt\/#organization\"},\"potentialAction\":[{\"@type\":\"SearchAction\",\"target\":{\"@type\":\"EntryPoint\",\"urlTemplate\":\"https:\/\/skaitytaknyga.lt\/?s={search_term_string}\"},\"query-input\":{\"@type\":\"PropertyValueSpecification\",\"valueRequired\":true,\"valueName\":\"search_term_string\"}}],\"inLanguage\":\"en-GB\"},{\"@type\":\"Organization\",\"@id\":\"https:\/\/skaitytaknyga.lt\/#organization\",\"name\":\"skaitytaknyga.lt\",\"url\":\"https:\/\/skaitytaknyga.lt\/\",\"logo\":{\"@type\":\"ImageObject\",\"inLanguage\":\"en-GB\",\"@id\":\"https:\/\/skaitytaknyga.lt\/#\/schema\/logo\/image\/\",\"url\":\"https:\/\/skaitytaknyga.lt\/wp-content\/uploads\/2024\/05\/cropped-cropped-cropped-02_00843_jt3bggkj1j3HLc7SyY6rEUpg.jpeg\",\"contentUrl\":\"https:\/\/skaitytaknyga.lt\/wp-content\/uploads\/2024\/05\/cropped-cropped-cropped-02_00843_jt3bggkj1j3HLc7SyY6rEUpg.jpeg\",\"width\":1600,\"height\":1600,\"caption\":\"skaitytaknyga.lt\"},\"image\":{\"@id\":\"https:\/\/skaitytaknyga.lt\/#\/schema\/logo\/image\/\"},\"sameAs\":[\"https:\/\/www.facebook.com\/skaitytaknyga\/\"]}]}<\/script>\n<!-- \/ Yoast SEO plugin. -->","yoast_head_json":{"title":"Laimingi \u017emon\u0117s skaito ir geria kav\u0105","description":"Kai gyvenimas apsiver\u010dia auk\u0161tyn kojomis, i\u0161sigelb\u0117jimas slypi netik\u0117\u010diausiose vietose. Dianos gyvenimas, rodos, tobulas. Ji \u2013 mylima \u017emona, mama ir","robots":{"index":"index","follow":"follow","max-snippet":"max-snippet:-1","max-image-preview":"max-image-preview:large","max-video-preview":"max-video-preview:-1"},"canonical":"https:\/\/skaitytaknyga.lt\/en\/produktas\/a-martin-lugand-laimingi-zmones-skaito-ir-geria-kava-2\/","og_locale":"en_GB","og_type":"article","og_title":"[:lt]Laimingi \u017emon\u0117s skaito ir geria kav\u0105[:] - Skaitytaknyga","og_description":"Kai gyvenimas apsiver\u010dia auk\u0161tyn kojomis, i\u0161sigelb\u0117jimas slypi netik\u0117\u010diausiose vietose. Dianos gyvenimas, rodos, tobulas. Ji \u2013 mylima \u017emona, mama ir","og_url":"https:\/\/skaitytaknyga.lt\/en\/produktas\/a-martin-lugand-laimingi-zmones-skaito-ir-geria-kava-2\/","og_site_name":"Skaitytaknyga","article_publisher":"https:\/\/www.facebook.com\/skaitytaknyga\/","article_modified_time":"2025-11-13T16:32:27+00:00","og_image":[{"width":1699,"height":2432,"url":"https:\/\/skaitytaknyga.lt\/wp-content\/uploads\/2024\/04\/20200818_154634_edited.jpg","type":"image\/jpeg"}],"twitter_card":"summary_large_image","twitter_misc":{"Estimated reading time":"1 minute"},"schema":{"@context":"https:\/\/schema.org","@graph":[{"@type":"WebPage","@id":"https:\/\/skaitytaknyga.lt\/produktas\/a-martin-lugand-laimingi-zmones-skaito-ir-geria-kava-2\/","url":"https:\/\/skaitytaknyga.lt\/produktas\/a-martin-lugand-laimingi-zmones-skaito-ir-geria-kava-2\/","name":"Laimingi \u017emon\u0117s skaito ir geria kav\u0105","isPartOf":{"@id":"https:\/\/skaitytaknyga.lt\/#website"},"primaryImageOfPage":{"@id":"https:\/\/skaitytaknyga.lt\/produktas\/a-martin-lugand-laimingi-zmones-skaito-ir-geria-kava-2\/#primaryimage"},"image":{"@id":"https:\/\/skaitytaknyga.lt\/produktas\/a-martin-lugand-laimingi-zmones-skaito-ir-geria-kava-2\/#primaryimage"},"thumbnailUrl":"https:\/\/skaitytaknyga.lt\/wp-content\/uploads\/2024\/04\/20200818_154634_edited.jpg","datePublished":"2024-05-04T14:30:09+00:00","dateModified":"2025-11-13T16:32:27+00:00","description":"Kai gyvenimas apsiver\u010dia auk\u0161tyn kojomis, i\u0161sigelb\u0117jimas slypi netik\u0117\u010diausiose vietose. Dianos gyvenimas, rodos, tobulas. Ji \u2013 mylima \u017emona, mama ir","breadcrumb":{"@id":"https:\/\/skaitytaknyga.lt\/produktas\/a-martin-lugand-laimingi-zmones-skaito-ir-geria-kava-2\/#breadcrumb"},"inLanguage":"en-GB","potentialAction":[{"@type":"ReadAction","target":["https:\/\/skaitytaknyga.lt\/produktas\/a-martin-lugand-laimingi-zmones-skaito-ir-geria-kava-2\/"]}]},{"@type":"ImageObject","inLanguage":"en-GB","@id":"https:\/\/skaitytaknyga.lt\/produktas\/a-martin-lugand-laimingi-zmones-skaito-ir-geria-kava-2\/#primaryimage","url":"https:\/\/skaitytaknyga.lt\/wp-content\/uploads\/2024\/04\/20200818_154634_edited.jpg","contentUrl":"https:\/\/skaitytaknyga.lt\/wp-content\/uploads\/2024\/04\/20200818_154634_edited.jpg","width":1699,"height":2432,"caption":"20200818 154634 edited"},{"@type":"BreadcrumbList","@id":"https:\/\/skaitytaknyga.lt\/produktas\/a-martin-lugand-laimingi-zmones-skaito-ir-geria-kava-2\/#breadcrumb","itemListElement":[{"@type":"ListItem","position":1,"name":"Home","item":"https:\/\/skaitytaknyga.lt\/"},{"@type":"ListItem","position":2,"name":"Parduotuv\u0117","item":"https:\/\/skaitytaknyga.lt\/knygu-parduotuve\/"},{"@type":"ListItem","position":3,"name":"Laimingi \u017emon\u0117s skaito ir geria kav\u0105"}]},{"@type":"WebSite","@id":"https:\/\/skaitytaknyga.lt\/#website","url":"https:\/\/skaitytaknyga.lt\/","name":"skaitytaknyga.lt","description":"Skaitytaknyga.lt \u2013 tai ma\u017eas \u0161eimos verslas, kuris prasid\u0117jo nuo meil\u0117s knygoms ir siekio i\u0161gelb\u0117ti knygas nuo likimo prie konteinerio. Kas vienam nereikalingas daiktas \u2013 kitam lobis, o mes esame tarpininkai, kurie padeda abiems tapti laimingesniems ???? \u017dinome kaip nelengva i\u0161gyventi ma\u017eiems verslams, tad nuo \u0161iol, \u010dia rasite ir kit\u0173, ma\u017e\u0173 \u0161eim\u0173 versl\u0173, rank\u0173 darbo, dovan\u0173 sau ir artimiesiems.","publisher":{"@id":"https:\/\/skaitytaknyga.lt\/#organization"},"potentialAction":[{"@type":"SearchAction","target":{"@type":"EntryPoint","urlTemplate":"https:\/\/skaitytaknyga.lt\/?s={search_term_string}"},"query-input":{"@type":"PropertyValueSpecification","valueRequired":true,"valueName":"search_term_string"}}],"inLanguage":"en-GB"},{"@type":"Organization","@id":"https:\/\/skaitytaknyga.lt\/#organization","name":"skaitytaknyga.lt","url":"https:\/\/skaitytaknyga.lt\/","logo":{"@type":"ImageObject","inLanguage":"en-GB","@id":"https:\/\/skaitytaknyga.lt\/#\/schema\/logo\/image\/","url":"https:\/\/skaitytaknyga.lt\/wp-content\/uploads\/2024\/05\/cropped-cropped-cropped-02_00843_jt3bggkj1j3HLc7SyY6rEUpg.jpeg","contentUrl":"https:\/\/skaitytaknyga.lt\/wp-content\/uploads\/2024\/05\/cropped-cropped-cropped-02_00843_jt3bggkj1j3HLc7SyY6rEUpg.jpeg","width":1600,"height":1600,"caption":"skaitytaknyga.lt"},"image":{"@id":"https:\/\/skaitytaknyga.lt\/#\/schema\/logo\/image\/"},"sameAs":["https:\/\/www.facebook.com\/skaitytaknyga\/"]}]}},"_links":{"self":[{"href":"https:\/\/skaitytaknyga.lt\/en\/wp-json\/wp\/v2\/product\/7461","targetHints":{"allow":["GET"]}}],"collection":[{"href":"https:\/\/skaitytaknyga.lt\/en\/wp-json\/wp\/v2\/product"}],"about":[{"href":"https:\/\/skaitytaknyga.lt\/en\/wp-json\/wp\/v2\/types\/product"}],"replies":[{"embeddable":true,"href":"https:\/\/skaitytaknyga.lt\/en\/wp-json\/wp\/v2\/comments?post=7461"}],"wp:featuredmedia":[{"embeddable":true,"href":"https:\/\/skaitytaknyga.lt\/en\/wp-json\/wp\/v2\/media\/2456"}],"wp:attachment":[{"href":"https:\/\/skaitytaknyga.lt\/en\/wp-json\/wp\/v2\/media?parent=7461"}],"wp:term":[{"taxonomy":"product_brand","embeddable":true,"href":"https:\/\/skaitytaknyga.lt\/en\/wp-json\/wp\/v2\/product_brand?post=7461"},{"taxonomy":"product_cat","embeddable":true,"href":"https:\/\/skaitytaknyga.lt\/en\/wp-json\/wp\/v2\/product_cat?post=7461"},{"taxonomy":"product_tag","embeddable":true,"href":"https:\/\/skaitytaknyga.lt\/en\/wp-json\/wp\/v2\/product_tag?post=7461"}],"curies":[{"name":"wp","href":"https:\/\/api.w.org\/{rel}","templated":true}]}}