{"id":7455,"date":"2024-05-04T14:30:02","date_gmt":"2024-05-04T14:30:02","guid":{"rendered":"https:\/\/skaitytaknyga.lt\/?post_type=product&#038;p=7455"},"modified":"2024-05-04T14:30:04","modified_gmt":"2024-05-04T14:30:04","slug":"l-gaude-skortu-saule","status":"publish","type":"product","link":"https:\/\/skaitytaknyga.lt\/en\/produktas\/l-gaude-skortu-saule\/","title":{"rendered":"L. Gaude \u201eSkort\u0173 saul\u0117\u201c"},"content":{"rendered":"<p>Pati garbingiausia Pranc\u016bzijoje broli\u0173 Goncourt\u2019\u0173 premija 2004 m. atiteko Laurent\u2019ui Gaud\u00e9 u\u017e roman\u0105 \u201eSkort\u0173 saul\u0117\u201c. Tai tre\u010diasis jo romanas. Iki tol jis gars\u0117jo pjes\u0117mis (para\u0161\u0117 vienuolika) ir antruoju romanu \u2013 \u201eKaraliaus Congoro mirtis\u201c.<\/p>\n<p>Romano \u201eSkort\u0173 saul\u0117\u201c veiksmas vyksta pietin\u0117je Italijoje ir pasakojama apie penkias Skort\u0173 \u0161eimos kartas, kurios vienaip ar kitaip bando \u012fsitvirtinti savo kra\u0161te.<\/p>\n<p>Skort\u0173 gimin\u0119 persekioja g\u0117dos d\u0117m\u0117. Nedideliame kaime Montepu\u010de Skortos gyvena vargingai ir nesusikrauna turt\u0173, bet prisiekia i\u0161 kartos \u012f kart\u0105 perteikti savo gyvenimo patirt\u012f. I\u0161skyrus kukli\u0105 \u0161eimos \u012fmon\u0119 \u2013 tabako krautuv\u0117l\u0119, kuri\u0105 pasistat\u0117 u\u017e vadinamuosius \u201eNiujorko pinigus\u201c, \u2013 j\u0173 turtas toks pat nematerialus kaip ir patirtis, susidedanti i\u0161 prisiminim\u0173, i\u0161minties pro\u0161vais\u010di\u0173, d\u017eiaugsmo kibirk\u0161t\u0117li\u0173&#8230;Ir paslap\u010di\u0173. Vis\u0105 istorij\u0105 buvusiam Montepu\u010do klebonui pasakoja senut\u0117 Karmela, nes bijo, kad netrukus visk\u0105 pamir\u0161.<\/p>\n<p>Kupinas saul\u0117s ir tikro humanizmo, Laurent\u2019o Gaud\u00e9 romanas vaizduoja Skort\u0173 \u0161eimos gyvenim\u0105 Apulijoje. Kiekvienos kartos, kiekvieno individo likimas byloja apie did\u017eiavim\u0105si savo \u0161eima ir atrast\u0105 laim\u0119.<\/p>\n","protected":false},"excerpt":{"rendered":"<p>Pati garbingiausia Pranc\u016bzijoje broli\u0173 Goncourt\u2019\u0173 premija 2004 m. atiteko Laurent\u2019ui Gaud\u00e9 u\u017e roman\u0105 \u201eSkort\u0173 saul\u0117\u201c. Tai tre\u010diasis jo romanas. Iki tol jis gars\u0117jo pjes\u0117mis (para\u0161\u0117 vienuolika) ir antruoju romanu \u2013 \u201eKaraliaus Congoro mirtis\u201c. Romano \u201eSkort\u0173 saul\u0117\u201c veiksmas vyksta pietin\u0117je Italijoje ir pasakojama apie penkias Skort\u0173 \u0161eimos kartas, kurios vienaip ar kitaip bando \u012fsitvirtinti savo kra\u0161te. Skort\u0173 gimin\u0119 persekioja g\u0117dos d\u0117m\u0117. Nedideliame kaime Montepu\u010de Skortos gyvena vargingai ir nesusikrauna turt\u0173, bet prisiekia i\u0161 kartos \u012f kart\u0105 perteikti savo gyvenimo patirt\u012f. I\u0161skyrus kukli\u0105 \u0161eimos \u012fmon\u0119 \u2013 tabako krautuv\u0117l\u0119, kuri\u0105 pasistat\u0117 u\u017e vadinamuosius \u201eNiujorko pinigus\u201c, \u2013 j\u0173 turtas toks pat nematerialus kaip ir patirtis, susidedanti i\u0161 prisiminim\u0173, i\u0161minties pro\u0161vais\u010di\u0173, d\u017eiaugsmo kibirk\u0161t\u0117li\u0173&#8230;Ir paslap\u010di\u0173. Vis\u0105 istorij\u0105 buvusiam Montepu\u010do klebonui pasakoja senut\u0117 Karmela, nes bijo, kad netrukus visk\u0105 pamir\u0161. Kupinas saul\u0117s ir tikro humanizmo, Laurent\u2019o Gaud\u00e9 romanas vaizduoja Skort\u0173 \u0161eimos gyvenim\u0105 Apulijoje. Kiekvienos kartos, kiekvieno individo likimas byloja apie did\u017eiavim\u0105si savo \u0161eima ir atrast\u0105 laim\u0119.<\/p>\n","protected":false},"featured_media":2399,"comment_status":"closed","ping_status":"closed","template":"","meta":{"_acf_changed":false,"site-sidebar-layout":"default","site-content-layout":"","ast-site-content-layout":"default","site-content-style":"default","site-sidebar-style":"default","ast-global-header-display":"","ast-banner-title-visibility":"","ast-main-header-display":"","ast-hfb-above-header-display":"","ast-hfb-below-header-display":"","ast-hfb-mobile-header-display":"","site-post-title":"","ast-breadcrumbs-content":"","ast-featured-img":"","footer-sml-layout":"","ast-disable-related-posts":"","theme-transparent-header-meta":"","adv-header-id-meta":"","stick-header-meta":"","header-above-stick-meta":"","header-main-stick-meta":"","header-below-stick-meta":"","astra-migrate-meta-layouts":"default","ast-page-background-enabled":"default","ast-page-background-meta":{"desktop":{"background-color":"","background-image":"","background-repeat":"repeat","background-position":"center center","background-size":"auto","background-attachment":"scroll","background-type":"","background-media":"","overlay-type":"","overlay-color":"","overlay-opacity":"","overlay-gradient":""},"tablet":{"background-color":"","background-image":"","background-repeat":"repeat","background-position":"center center","background-size":"auto","background-attachment":"scroll","background-type":"","background-media":"","overlay-type":"","overlay-color":"","overlay-opacity":"","overlay-gradient":""},"mobile":{"background-color":"","background-image":"","background-repeat":"repeat","background-position":"center center","background-size":"auto","background-attachment":"scroll","background-type":"","background-media":"","overlay-type":"","overlay-color":"","overlay-opacity":"","overlay-gradient":""}},"ast-content-background-meta":{"desktop":{"background-color":"var(--ast-global-color-4)","background-image":"","background-repeat":"repeat","background-position":"center center","background-size":"auto","background-attachment":"scroll","background-type":"","background-media":"","overlay-type":"","overlay-color":"","overlay-opacity":"","overlay-gradient":""},"tablet":{"background-color":"var(--ast-global-color-4)","background-image":"","background-repeat":"repeat","background-position":"center center","background-size":"auto","background-attachment":"scroll","background-type":"","background-media":"","overlay-type":"","overlay-color":"","overlay-opacity":"","overlay-gradient":""},"mobile":{"background-color":"var(--ast-global-color-4)","background-image":"","background-repeat":"repeat","background-position":"center center","background-size":"auto","background-attachment":"scroll","background-type":"","background-media":"","overlay-type":"","overlay-color":"","overlay-opacity":"","overlay-gradient":""}}},"product_brand":[],"product_cat":[31],"product_tag":[],"class_list":{"0":"post-7455","1":"product","2":"type-product","3":"status-publish","4":"has-post-thumbnail","6":"product_cat-grozine-literatura","7":"desktop-align-left","8":"tablet-align-left","9":"mobile-align-left","11":"first","12":"instock","13":"shipping-taxable","14":"purchasable","15":"product-type-simple"},"acf":[],"yoast_head":"<!-- This site is optimized with the Yoast SEO plugin v27.4 - https:\/\/yoast.com\/product\/yoast-seo-wordpress\/ -->\n<title>L. Gaude \u201eSkort\u0173 saul\u0117\u201c - Skaitytaknyga<\/title>\n<meta name=\"description\" content=\"Pati garbingiausia Pranc\u016bzijoje broli\u0173 Goncourt\u2019\u0173 premija 2004 m. atiteko Laurent\u2019ui Gaud\u00e9 u\u017e roman\u0105 \u201eSkort\u0173 saul\u0117\u201c. Tai tre\u010diasis jo romanas. Iki tol jis\" \/>\n<meta name=\"robots\" content=\"index, follow, max-snippet:-1, max-image-preview:large, max-video-preview:-1\" \/>\n<link rel=\"canonical\" href=\"https:\/\/skaitytaknyga.lt\/en\/produktas\/l-gaude-skortu-saule\/\" \/>\n<meta property=\"og:locale\" content=\"en_GB\" \/>\n<meta property=\"og:locale:alternate\" content=\"lt_LT\" \/>\n<meta property=\"og:type\" content=\"article\" \/>\n<meta property=\"og:title\" content=\"L. Gaude \u201eSkort\u0173 saul\u0117\u201c - Skaitytaknyga\" \/>\n<meta property=\"og:description\" content=\"Pati garbingiausia Pranc\u016bzijoje broli\u0173 Goncourt\u2019\u0173 premija 2004 m. atiteko Laurent\u2019ui Gaud\u00e9 u\u017e roman\u0105 \u201eSkort\u0173 saul\u0117\u201c. Tai tre\u010diasis jo romanas. Iki tol jis\" \/>\n<meta property=\"og:url\" content=\"https:\/\/skaitytaknyga.lt\/en\/produktas\/l-gaude-skortu-saule\/\" \/>\n<meta property=\"og:site_name\" content=\"Skaitytaknyga\" \/>\n<meta property=\"article:publisher\" content=\"https:\/\/www.facebook.com\/skaitytaknyga\/\" \/>\n<meta property=\"article:modified_time\" content=\"2024-05-04T14:30:04+00:00\" \/>\n<meta property=\"og:image\" content=\"https:\/\/skaitytaknyga.lt\/wp-content\/uploads\/2024\/04\/005948-img-8689_edited.jpg\" \/>\n\t<meta property=\"og:image:width\" content=\"469\" \/>\n\t<meta property=\"og:image:height\" content=\"777\" \/>\n\t<meta property=\"og:image:type\" content=\"image\/jpeg\" \/>\n<meta name=\"twitter:card\" content=\"summary_large_image\" \/>\n<meta name=\"twitter:label1\" content=\"Estimated reading time\" \/>\n\t<meta name=\"twitter:data1\" content=\"1 minute\" \/>\n<script type=\"application\/ld+json\" class=\"yoast-schema-graph\">{\"@context\":\"https:\\\/\\\/schema.org\",\"@graph\":[{\"@type\":\"WebPage\",\"@id\":\"https:\\\/\\\/skaitytaknyga.lt\\\/en\\\/produktas\\\/l-gaude-skortu-saule\\\/\",\"url\":\"https:\\\/\\\/skaitytaknyga.lt\\\/en\\\/produktas\\\/l-gaude-skortu-saule\\\/\",\"name\":\"L. Gaude \u201eSkort\u0173 saul\u0117\u201c - Skaitytaknyga\",\"isPartOf\":{\"@id\":\"https:\\\/\\\/skaitytaknyga.lt\\\/#website\"},\"primaryImageOfPage\":{\"@id\":\"https:\\\/\\\/skaitytaknyga.lt\\\/en\\\/produktas\\\/l-gaude-skortu-saule\\\/#primaryimage\"},\"image\":{\"@id\":\"https:\\\/\\\/skaitytaknyga.lt\\\/en\\\/produktas\\\/l-gaude-skortu-saule\\\/#primaryimage\"},\"thumbnailUrl\":\"https:\\\/\\\/skaitytaknyga.lt\\\/wp-content\\\/uploads\\\/2024\\\/04\\\/005948-img-8689_edited.jpg\",\"datePublished\":\"2024-05-04T14:30:02+00:00\",\"dateModified\":\"2024-05-04T14:30:04+00:00\",\"description\":\"Pati garbingiausia Pranc\u016bzijoje broli\u0173 Goncourt\u2019\u0173 premija 2004 m. atiteko Laurent\u2019ui Gaud\u00e9 u\u017e roman\u0105 \u201eSkort\u0173 saul\u0117\u201c. Tai tre\u010diasis jo romanas. Iki tol jis\",\"breadcrumb\":{\"@id\":\"https:\\\/\\\/skaitytaknyga.lt\\\/en\\\/produktas\\\/l-gaude-skortu-saule\\\/#breadcrumb\"},\"inLanguage\":\"en-GB\",\"potentialAction\":[{\"@type\":\"ReadAction\",\"target\":[\"https:\\\/\\\/skaitytaknyga.lt\\\/en\\\/produktas\\\/l-gaude-skortu-saule\\\/\"]}]},{\"@type\":\"ImageObject\",\"inLanguage\":\"en-GB\",\"@id\":\"https:\\\/\\\/skaitytaknyga.lt\\\/en\\\/produktas\\\/l-gaude-skortu-saule\\\/#primaryimage\",\"url\":\"https:\\\/\\\/skaitytaknyga.lt\\\/wp-content\\\/uploads\\\/2024\\\/04\\\/005948-img-8689_edited.jpg\",\"contentUrl\":\"https:\\\/\\\/skaitytaknyga.lt\\\/wp-content\\\/uploads\\\/2024\\\/04\\\/005948-img-8689_edited.jpg\",\"width\":469,\"height\":777,\"caption\":\"005948 img 8689 edited\"},{\"@type\":\"BreadcrumbList\",\"@id\":\"https:\\\/\\\/skaitytaknyga.lt\\\/en\\\/produktas\\\/l-gaude-skortu-saule\\\/#breadcrumb\",\"itemListElement\":[{\"@type\":\"ListItem\",\"position\":1,\"name\":\"Home\",\"item\":\"https:\\\/\\\/skaitytaknyga.lt\\\/\"},{\"@type\":\"ListItem\",\"position\":2,\"name\":\"Parduotuv\u0117\",\"item\":\"https:\\\/\\\/skaitytaknyga.lt\\\/knygu-parduotuve\\\/\"},{\"@type\":\"ListItem\",\"position\":3,\"name\":\"L. Gaude \u201eSkort\u0173 saul\u0117\u201c\"}]},{\"@type\":\"WebSite\",\"@id\":\"https:\\\/\\\/skaitytaknyga.lt\\\/#website\",\"url\":\"https:\\\/\\\/skaitytaknyga.lt\\\/\",\"name\":\"skaitytaknyga.lt\",\"description\":\"Skaitytaknyga.lt \u2013 tai ma\u017eas \u0161eimos verslas, kuris prasid\u0117jo nuo meil\u0117s knygoms ir siekio i\u0161gelb\u0117ti knygas nuo likimo prie konteinerio. Kas vienam nereikalingas daiktas \u2013 kitam lobis, o mes esame tarpininkai, kurie padeda abiems tapti laimingesniems ???? \u017dinome kaip nelengva i\u0161gyventi ma\u017eiems verslams, tad nuo \u0161iol, \u010dia rasite ir kit\u0173, ma\u017e\u0173 \u0161eim\u0173 versl\u0173, rank\u0173 darbo, dovan\u0173 sau ir artimiesiems.\",\"publisher\":{\"@id\":\"https:\\\/\\\/skaitytaknyga.lt\\\/#organization\"},\"potentialAction\":[{\"@type\":\"SearchAction\",\"target\":{\"@type\":\"EntryPoint\",\"urlTemplate\":\"https:\\\/\\\/skaitytaknyga.lt\\\/?s={search_term_string}\"},\"query-input\":{\"@type\":\"PropertyValueSpecification\",\"valueRequired\":true,\"valueName\":\"search_term_string\"}}],\"inLanguage\":\"en-GB\"},{\"@type\":\"Organization\",\"@id\":\"https:\\\/\\\/skaitytaknyga.lt\\\/#organization\",\"name\":\"skaitytaknyga.lt\",\"url\":\"https:\\\/\\\/skaitytaknyga.lt\\\/\",\"logo\":{\"@type\":\"ImageObject\",\"inLanguage\":\"en-GB\",\"@id\":\"https:\\\/\\\/skaitytaknyga.lt\\\/#\\\/schema\\\/logo\\\/image\\\/\",\"url\":\"https:\\\/\\\/skaitytaknyga.lt\\\/wp-content\\\/uploads\\\/2024\\\/05\\\/cropped-cropped-cropped-02_00843_jt3bggkj1j3HLc7SyY6rEUpg.jpeg\",\"contentUrl\":\"https:\\\/\\\/skaitytaknyga.lt\\\/wp-content\\\/uploads\\\/2024\\\/05\\\/cropped-cropped-cropped-02_00843_jt3bggkj1j3HLc7SyY6rEUpg.jpeg\",\"width\":1600,\"height\":1600,\"caption\":\"skaitytaknyga.lt\"},\"image\":{\"@id\":\"https:\\\/\\\/skaitytaknyga.lt\\\/#\\\/schema\\\/logo\\\/image\\\/\"},\"sameAs\":[\"https:\\\/\\\/www.facebook.com\\\/skaitytaknyga\\\/\"]}]}<\/script>\n<!-- \/ Yoast SEO plugin. -->","yoast_head_json":{"title":"L. Gaude \u201eSkort\u0173 saul\u0117\u201c - Skaitytaknyga","description":"Pati garbingiausia Pranc\u016bzijoje broli\u0173 Goncourt\u2019\u0173 premija 2004 m. atiteko Laurent\u2019ui Gaud\u00e9 u\u017e roman\u0105 \u201eSkort\u0173 saul\u0117\u201c. Tai tre\u010diasis jo romanas. Iki tol jis","robots":{"index":"index","follow":"follow","max-snippet":"max-snippet:-1","max-image-preview":"max-image-preview:large","max-video-preview":"max-video-preview:-1"},"canonical":"https:\/\/skaitytaknyga.lt\/en\/produktas\/l-gaude-skortu-saule\/","og_locale":"en_GB","og_type":"article","og_title":"L. Gaude \u201eSkort\u0173 saul\u0117\u201c - Skaitytaknyga","og_description":"Pati garbingiausia Pranc\u016bzijoje broli\u0173 Goncourt\u2019\u0173 premija 2004 m. atiteko Laurent\u2019ui Gaud\u00e9 u\u017e roman\u0105 \u201eSkort\u0173 saul\u0117\u201c. Tai tre\u010diasis jo romanas. Iki tol jis","og_url":"https:\/\/skaitytaknyga.lt\/en\/produktas\/l-gaude-skortu-saule\/","og_site_name":"Skaitytaknyga","article_publisher":"https:\/\/www.facebook.com\/skaitytaknyga\/","article_modified_time":"2024-05-04T14:30:04+00:00","og_image":[{"width":469,"height":777,"url":"https:\/\/skaitytaknyga.lt\/wp-content\/uploads\/2024\/04\/005948-img-8689_edited.jpg","type":"image\/jpeg"}],"twitter_card":"summary_large_image","twitter_misc":{"Estimated reading time":"1 minute"},"schema":{"@context":"https:\/\/schema.org","@graph":[{"@type":"WebPage","@id":"https:\/\/skaitytaknyga.lt\/en\/produktas\/l-gaude-skortu-saule\/","url":"https:\/\/skaitytaknyga.lt\/en\/produktas\/l-gaude-skortu-saule\/","name":"L. Gaude \u201eSkort\u0173 saul\u0117\u201c - Skaitytaknyga","isPartOf":{"@id":"https:\/\/skaitytaknyga.lt\/#website"},"primaryImageOfPage":{"@id":"https:\/\/skaitytaknyga.lt\/en\/produktas\/l-gaude-skortu-saule\/#primaryimage"},"image":{"@id":"https:\/\/skaitytaknyga.lt\/en\/produktas\/l-gaude-skortu-saule\/#primaryimage"},"thumbnailUrl":"https:\/\/skaitytaknyga.lt\/wp-content\/uploads\/2024\/04\/005948-img-8689_edited.jpg","datePublished":"2024-05-04T14:30:02+00:00","dateModified":"2024-05-04T14:30:04+00:00","description":"Pati garbingiausia Pranc\u016bzijoje broli\u0173 Goncourt\u2019\u0173 premija 2004 m. atiteko Laurent\u2019ui Gaud\u00e9 u\u017e roman\u0105 \u201eSkort\u0173 saul\u0117\u201c. Tai tre\u010diasis jo romanas. Iki tol jis","breadcrumb":{"@id":"https:\/\/skaitytaknyga.lt\/en\/produktas\/l-gaude-skortu-saule\/#breadcrumb"},"inLanguage":"en-GB","potentialAction":[{"@type":"ReadAction","target":["https:\/\/skaitytaknyga.lt\/en\/produktas\/l-gaude-skortu-saule\/"]}]},{"@type":"ImageObject","inLanguage":"en-GB","@id":"https:\/\/skaitytaknyga.lt\/en\/produktas\/l-gaude-skortu-saule\/#primaryimage","url":"https:\/\/skaitytaknyga.lt\/wp-content\/uploads\/2024\/04\/005948-img-8689_edited.jpg","contentUrl":"https:\/\/skaitytaknyga.lt\/wp-content\/uploads\/2024\/04\/005948-img-8689_edited.jpg","width":469,"height":777,"caption":"005948 img 8689 edited"},{"@type":"BreadcrumbList","@id":"https:\/\/skaitytaknyga.lt\/en\/produktas\/l-gaude-skortu-saule\/#breadcrumb","itemListElement":[{"@type":"ListItem","position":1,"name":"Home","item":"https:\/\/skaitytaknyga.lt\/"},{"@type":"ListItem","position":2,"name":"Parduotuv\u0117","item":"https:\/\/skaitytaknyga.lt\/knygu-parduotuve\/"},{"@type":"ListItem","position":3,"name":"L. Gaude \u201eSkort\u0173 saul\u0117\u201c"}]},{"@type":"WebSite","@id":"https:\/\/skaitytaknyga.lt\/#website","url":"https:\/\/skaitytaknyga.lt\/","name":"skaitytaknyga.lt","description":"Skaitytaknyga.lt \u2013 tai ma\u017eas \u0161eimos verslas, kuris prasid\u0117jo nuo meil\u0117s knygoms ir siekio i\u0161gelb\u0117ti knygas nuo likimo prie konteinerio. Kas vienam nereikalingas daiktas \u2013 kitam lobis, o mes esame tarpininkai, kurie padeda abiems tapti laimingesniems ???? \u017dinome kaip nelengva i\u0161gyventi ma\u017eiems verslams, tad nuo \u0161iol, \u010dia rasite ir kit\u0173, ma\u017e\u0173 \u0161eim\u0173 versl\u0173, rank\u0173 darbo, dovan\u0173 sau ir artimiesiems.","publisher":{"@id":"https:\/\/skaitytaknyga.lt\/#organization"},"potentialAction":[{"@type":"SearchAction","target":{"@type":"EntryPoint","urlTemplate":"https:\/\/skaitytaknyga.lt\/?s={search_term_string}"},"query-input":{"@type":"PropertyValueSpecification","valueRequired":true,"valueName":"search_term_string"}}],"inLanguage":"en-GB"},{"@type":"Organization","@id":"https:\/\/skaitytaknyga.lt\/#organization","name":"skaitytaknyga.lt","url":"https:\/\/skaitytaknyga.lt\/","logo":{"@type":"ImageObject","inLanguage":"en-GB","@id":"https:\/\/skaitytaknyga.lt\/#\/schema\/logo\/image\/","url":"https:\/\/skaitytaknyga.lt\/wp-content\/uploads\/2024\/05\/cropped-cropped-cropped-02_00843_jt3bggkj1j3HLc7SyY6rEUpg.jpeg","contentUrl":"https:\/\/skaitytaknyga.lt\/wp-content\/uploads\/2024\/05\/cropped-cropped-cropped-02_00843_jt3bggkj1j3HLc7SyY6rEUpg.jpeg","width":1600,"height":1600,"caption":"skaitytaknyga.lt"},"image":{"@id":"https:\/\/skaitytaknyga.lt\/#\/schema\/logo\/image\/"},"sameAs":["https:\/\/www.facebook.com\/skaitytaknyga\/"]}]}},"_links":{"self":[{"href":"https:\/\/skaitytaknyga.lt\/en\/wp-json\/wp\/v2\/product\/7455","targetHints":{"allow":["GET"]}}],"collection":[{"href":"https:\/\/skaitytaknyga.lt\/en\/wp-json\/wp\/v2\/product"}],"about":[{"href":"https:\/\/skaitytaknyga.lt\/en\/wp-json\/wp\/v2\/types\/product"}],"replies":[{"embeddable":true,"href":"https:\/\/skaitytaknyga.lt\/en\/wp-json\/wp\/v2\/comments?post=7455"}],"wp:featuredmedia":[{"embeddable":true,"href":"https:\/\/skaitytaknyga.lt\/en\/wp-json\/wp\/v2\/media\/2399"}],"wp:attachment":[{"href":"https:\/\/skaitytaknyga.lt\/en\/wp-json\/wp\/v2\/media?parent=7455"}],"wp:term":[{"taxonomy":"product_brand","embeddable":true,"href":"https:\/\/skaitytaknyga.lt\/en\/wp-json\/wp\/v2\/product_brand?post=7455"},{"taxonomy":"product_cat","embeddable":true,"href":"https:\/\/skaitytaknyga.lt\/en\/wp-json\/wp\/v2\/product_cat?post=7455"},{"taxonomy":"product_tag","embeddable":true,"href":"https:\/\/skaitytaknyga.lt\/en\/wp-json\/wp\/v2\/product_tag?post=7455"}],"curies":[{"name":"wp","href":"https:\/\/api.w.org\/{rel}","templated":true}]}}