{"id":7454,"date":"2024-05-04T14:30:01","date_gmt":"2024-05-04T14:30:01","guid":{"rendered":"https:\/\/skaitytaknyga.lt\/?post_type=product&#038;p=7454"},"modified":"2025-06-26T16:10:08","modified_gmt":"2025-06-26T13:10:08","slug":"m-orths-mokytoju-kambarys","status":"publish","type":"product","link":"https:\/\/skaitytaknyga.lt\/en\/produktas\/m-orths-mokytoju-kambarys\/","title":{"rendered":"Mokytoj\u0173 kambarys"},"content":{"rendered":"<p>\u012egij\u0119s mokytojo kvalifikacij\u0105, Kranichas patenka \u012f mokykl\u0105 \u2013 ko\u0161mari\u0161k\u0105 ir nesuvokiam\u0105 pasaul\u012f. Mokyklai b\u016bdingi visi blogiausi totalitarin\u0117s valstyb\u0117s bruo\u017eai. Anot pirm\u0105 dien\u0105 jam ai\u0161kinusio direktoriaus, galima pamin\u0117ti keturias kolonas, ant kuri\u0173 laikosi visa mokyklos sistema: baim\u0119, aimanavim\u0105, apsimetim\u0105 ir mel\u0105. Melas es\u0105s mokyklos eliksyras. Kranichas pama\u017eu perima \u0161io beproti\u0161ko \u017eaidimo, kurio pavadinimas \u201eMokytoj\u0173 kambarys\u201c, taisykles, bet vien\u0105 dien\u0105 neatlaik\u0119s i\u0161sitraukia i\u0161 u\u017e kelni\u0173 juosmens pistolet\u0105.<\/p>\n<p>\u0160io autoriaus k\u016bryba daug kart\u0173 \u012fvertinta \u012fvairiomis literat\u016brin\u0117mis premijomis. \u012e lietuvi\u0173 kalba yra i\u0161verstos dvi \u0161io autoriaus knygos &#8211;\u00a0 \u201eKatalina\u201c ir\u00a0 \u201eKambarin\u0117\u201c. \u201eKatalina\u201c pripa\u017eintas geriausiu 2006 m. vokie\u010di\u0173 autori\u0173 istoriniu romanu.<\/p>\n","protected":false},"excerpt":{"rendered":"<p>\u012egij\u0119s mokytojo kvalifikacij\u0105, Kranichas patenka \u012f mokykl\u0105 \u2013 ko\u0161mari\u0161k\u0105 ir nesuvokiam\u0105 pasaul\u012f. Mokyklai b\u016bdingi visi blogiausi totalitarin\u0117s valstyb\u0117s bruo\u017eai. Anot pirm\u0105 dien\u0105 jam ai\u0161kinusio direktoriaus, galima pamin\u0117ti keturias kolonas, ant kuri\u0173 laikosi visa mokyklos sistema: baim\u0119, aimanavim\u0105, apsimetim\u0105 ir mel\u0105. Melas es\u0105s mokyklos eliksyras. Kranichas pama\u017eu perima \u0161io beproti\u0161ko \u017eaidimo, kurio pavadinimas \u201eMokytoj\u0173 kambarys\u201c, taisykles, bet vien\u0105 dien\u0105 neatlaik\u0119s i\u0161sitraukia i\u0161 u\u017e kelni\u0173 juosmens pistolet\u0105. \u0160io autoriaus k\u016bryba daug kart\u0173 \u012fvertinta \u012fvairiomis literat\u016brin\u0117mis premijomis. \u012e lietuvi\u0173 kalba yra i\u0161verstos dvi \u0161io autoriaus knygos &#8211;\u00a0 \u201eKatalina\u201c ir\u00a0 \u201eKambarin\u0117\u201c. \u201eKatalina\u201c pripa\u017eintas geriausiu 2006 m. vokie\u010di\u0173 autori\u0173 istoriniu romanu.<\/p>\n","protected":false},"featured_media":2396,"comment_status":"closed","ping_status":"closed","template":"","meta":{"_acf_changed":false,"site-sidebar-layout":"default","site-content-layout":"","ast-site-content-layout":"default","site-content-style":"default","site-sidebar-style":"default","ast-global-header-display":"","ast-banner-title-visibility":"","ast-main-header-display":"","ast-hfb-above-header-display":"","ast-hfb-below-header-display":"","ast-hfb-mobile-header-display":"","site-post-title":"","ast-breadcrumbs-content":"","ast-featured-img":"","footer-sml-layout":"","ast-disable-related-posts":"","theme-transparent-header-meta":"","adv-header-id-meta":"","stick-header-meta":"","header-above-stick-meta":"","header-main-stick-meta":"","header-below-stick-meta":"","astra-migrate-meta-layouts":"default","ast-page-background-enabled":"default","ast-page-background-meta":{"desktop":{"background-color":"","background-image":"","background-repeat":"repeat","background-position":"center center","background-size":"auto","background-attachment":"scroll","background-type":"","background-media":"","overlay-type":"","overlay-color":"","overlay-opacity":"","overlay-gradient":""},"tablet":{"background-color":"","background-image":"","background-repeat":"repeat","background-position":"center center","background-size":"auto","background-attachment":"scroll","background-type":"","background-media":"","overlay-type":"","overlay-color":"","overlay-opacity":"","overlay-gradient":""},"mobile":{"background-color":"","background-image":"","background-repeat":"repeat","background-position":"center center","background-size":"auto","background-attachment":"scroll","background-type":"","background-media":"","overlay-type":"","overlay-color":"","overlay-opacity":"","overlay-gradient":""}},"ast-content-background-meta":{"desktop":{"background-color":"var(--ast-global-color-4)","background-image":"","background-repeat":"repeat","background-position":"center center","background-size":"auto","background-attachment":"scroll","background-type":"","background-media":"","overlay-type":"","overlay-color":"","overlay-opacity":"","overlay-gradient":""},"tablet":{"background-color":"var(--ast-global-color-4)","background-image":"","background-repeat":"repeat","background-position":"center center","background-size":"auto","background-attachment":"scroll","background-type":"","background-media":"","overlay-type":"","overlay-color":"","overlay-opacity":"","overlay-gradient":""},"mobile":{"background-color":"var(--ast-global-color-4)","background-image":"","background-repeat":"repeat","background-position":"center center","background-size":"auto","background-attachment":"scroll","background-type":"","background-media":"","overlay-type":"","overlay-color":"","overlay-opacity":"","overlay-gradient":""}}},"product_brand":[],"product_cat":[31],"product_tag":[2901,6006,2287,1392,3931],"class_list":{"0":"post-7454","1":"product","2":"type-product","3":"status-publish","4":"has-post-thumbnail","6":"product_cat-grozine-literatura","7":"product_tag-drama","8":"product_tag-friedrich-durrenmatt","9":"product_tag-mokykla","10":"product_tag-psichologija","11":"product_tag-totalitarizmas","12":"desktop-align-left","13":"tablet-align-left","14":"mobile-align-left","16":"first","17":"instock","18":"shipping-taxable","19":"purchasable","20":"product-type-simple"},"acf":[],"yoast_head":"<!-- This site is optimized with the Yoast SEO plugin v27.0 - https:\/\/yoast.com\/product\/yoast-seo-wordpress\/ -->\n<title>Mokytoj\u0173 kambarys<\/title>\n<meta name=\"description\" content=\"\u012egij\u0119s mokytojo kvalifikacij\u0105, Kranichas patenka \u012f mokykl\u0105 \u2013 ko\u0161mari\u0161k\u0105 ir nesuvokiam\u0105 pasaul\u012f. Mokyklai b\u016bdingi visi blogiausi totalitarin\u0117s valstyb\u0117s\" \/>\n<meta name=\"robots\" content=\"index, follow, max-snippet:-1, max-image-preview:large, max-video-preview:-1\" \/>\n<link rel=\"canonical\" href=\"https:\/\/skaitytaknyga.lt\/en\/produktas\/m-orths-mokytoju-kambarys\/\" \/>\n<meta property=\"og:locale\" content=\"en_GB\" \/>\n<meta property=\"og:locale:alternate\" content=\"lt_LT\" \/>\n<meta property=\"og:type\" content=\"article\" \/>\n<meta property=\"og:title\" content=\"Mokytoj\u0173 kambarys\" \/>\n<meta property=\"og:description\" content=\"\u012egij\u0119s mokytojo kvalifikacij\u0105, Kranichas patenka \u012f mokykl\u0105 \u2013 ko\u0161mari\u0161k\u0105 ir nesuvokiam\u0105 pasaul\u012f. Mokyklai b\u016bdingi visi blogiausi totalitarin\u0117s valstyb\u0117s\" \/>\n<meta property=\"og:url\" content=\"https:\/\/skaitytaknyga.lt\/en\/produktas\/m-orths-mokytoju-kambarys\/\" \/>\n<meta property=\"og:site_name\" content=\"Skaitytaknyga\" \/>\n<meta property=\"article:publisher\" content=\"https:\/\/www.facebook.com\/skaitytaknyga\/\" \/>\n<meta property=\"article:modified_time\" content=\"2025-06-26T13:10:08+00:00\" \/>\n<meta property=\"og:image\" content=\"https:\/\/skaitytaknyga.lt\/wp-content\/uploads\/2024\/04\/1462879360_img0010-1.jpg\" \/>\n\t<meta property=\"og:image:width\" content=\"267\" \/>\n\t<meta property=\"og:image:height\" content=\"430\" \/>\n\t<meta property=\"og:image:type\" content=\"image\/jpeg\" \/>\n<meta name=\"twitter:card\" content=\"summary_large_image\" \/>\n<meta name=\"twitter:label1\" content=\"Estimated reading time\" \/>\n\t<meta name=\"twitter:data1\" content=\"1 minute\" \/>\n<script type=\"application\/ld+json\" class=\"yoast-schema-graph\">{\"@context\":\"https:\/\/schema.org\",\"@graph\":[{\"@type\":\"WebPage\",\"@id\":\"https:\/\/skaitytaknyga.lt\/produktas\/m-orths-mokytoju-kambarys\/\",\"url\":\"https:\/\/skaitytaknyga.lt\/produktas\/m-orths-mokytoju-kambarys\/\",\"name\":\"Mokytoj\u0173 kambarys\",\"isPartOf\":{\"@id\":\"https:\/\/skaitytaknyga.lt\/#website\"},\"primaryImageOfPage\":{\"@id\":\"https:\/\/skaitytaknyga.lt\/produktas\/m-orths-mokytoju-kambarys\/#primaryimage\"},\"image\":{\"@id\":\"https:\/\/skaitytaknyga.lt\/produktas\/m-orths-mokytoju-kambarys\/#primaryimage\"},\"thumbnailUrl\":\"https:\/\/skaitytaknyga.lt\/wp-content\/uploads\/2024\/04\/1462879360_img0010-1.jpg\",\"datePublished\":\"2024-05-04T14:30:01+00:00\",\"dateModified\":\"2025-06-26T13:10:08+00:00\",\"description\":\"\u012egij\u0119s mokytojo kvalifikacij\u0105, Kranichas patenka \u012f mokykl\u0105 \u2013 ko\u0161mari\u0161k\u0105 ir nesuvokiam\u0105 pasaul\u012f. Mokyklai b\u016bdingi visi blogiausi totalitarin\u0117s valstyb\u0117s\",\"breadcrumb\":{\"@id\":\"https:\/\/skaitytaknyga.lt\/produktas\/m-orths-mokytoju-kambarys\/#breadcrumb\"},\"inLanguage\":\"en-GB\",\"potentialAction\":[{\"@type\":\"ReadAction\",\"target\":[\"https:\/\/skaitytaknyga.lt\/produktas\/m-orths-mokytoju-kambarys\/\"]}]},{\"@type\":\"ImageObject\",\"inLanguage\":\"en-GB\",\"@id\":\"https:\/\/skaitytaknyga.lt\/produktas\/m-orths-mokytoju-kambarys\/#primaryimage\",\"url\":\"https:\/\/skaitytaknyga.lt\/wp-content\/uploads\/2024\/04\/1462879360_img0010-1.jpg\",\"contentUrl\":\"https:\/\/skaitytaknyga.lt\/wp-content\/uploads\/2024\/04\/1462879360_img0010-1.jpg\",\"width\":267,\"height\":430,\"caption\":\"1462879360 img0010 1\"},{\"@type\":\"BreadcrumbList\",\"@id\":\"https:\/\/skaitytaknyga.lt\/produktas\/m-orths-mokytoju-kambarys\/#breadcrumb\",\"itemListElement\":[{\"@type\":\"ListItem\",\"position\":1,\"name\":\"Home\",\"item\":\"https:\/\/skaitytaknyga.lt\/\"},{\"@type\":\"ListItem\",\"position\":2,\"name\":\"Parduotuv\u0117\",\"item\":\"https:\/\/skaitytaknyga.lt\/knygu-parduotuve\/\"},{\"@type\":\"ListItem\",\"position\":3,\"name\":\"Mokytoj\u0173 kambarys\"}]},{\"@type\":\"WebSite\",\"@id\":\"https:\/\/skaitytaknyga.lt\/#website\",\"url\":\"https:\/\/skaitytaknyga.lt\/\",\"name\":\"skaitytaknyga.lt\",\"description\":\"Skaitytaknyga.lt \u2013 tai ma\u017eas \u0161eimos verslas, kuris prasid\u0117jo nuo meil\u0117s knygoms ir siekio i\u0161gelb\u0117ti knygas nuo likimo prie konteinerio. Kas vienam nereikalingas daiktas \u2013 kitam lobis, o mes esame tarpininkai, kurie padeda abiems tapti laimingesniems ???? \u017dinome kaip nelengva i\u0161gyventi ma\u017eiems verslams, tad nuo \u0161iol, \u010dia rasite ir kit\u0173, ma\u017e\u0173 \u0161eim\u0173 versl\u0173, rank\u0173 darbo, dovan\u0173 sau ir artimiesiems.\",\"publisher\":{\"@id\":\"https:\/\/skaitytaknyga.lt\/#organization\"},\"potentialAction\":[{\"@type\":\"SearchAction\",\"target\":{\"@type\":\"EntryPoint\",\"urlTemplate\":\"https:\/\/skaitytaknyga.lt\/?s={search_term_string}\"},\"query-input\":{\"@type\":\"PropertyValueSpecification\",\"valueRequired\":true,\"valueName\":\"search_term_string\"}}],\"inLanguage\":\"en-GB\"},{\"@type\":\"Organization\",\"@id\":\"https:\/\/skaitytaknyga.lt\/#organization\",\"name\":\"skaitytaknyga.lt\",\"url\":\"https:\/\/skaitytaknyga.lt\/\",\"logo\":{\"@type\":\"ImageObject\",\"inLanguage\":\"en-GB\",\"@id\":\"https:\/\/skaitytaknyga.lt\/#\/schema\/logo\/image\/\",\"url\":\"https:\/\/skaitytaknyga.lt\/wp-content\/uploads\/2024\/05\/cropped-cropped-cropped-02_00843_jt3bggkj1j3HLc7SyY6rEUpg.jpeg\",\"contentUrl\":\"https:\/\/skaitytaknyga.lt\/wp-content\/uploads\/2024\/05\/cropped-cropped-cropped-02_00843_jt3bggkj1j3HLc7SyY6rEUpg.jpeg\",\"width\":1600,\"height\":1600,\"caption\":\"skaitytaknyga.lt\"},\"image\":{\"@id\":\"https:\/\/skaitytaknyga.lt\/#\/schema\/logo\/image\/\"},\"sameAs\":[\"https:\/\/www.facebook.com\/skaitytaknyga\/\"]}]}<\/script>\n<!-- \/ Yoast SEO plugin. -->","yoast_head_json":{"title":"Mokytoj\u0173 kambarys","description":"\u012egij\u0119s mokytojo kvalifikacij\u0105, Kranichas patenka \u012f mokykl\u0105 \u2013 ko\u0161mari\u0161k\u0105 ir nesuvokiam\u0105 pasaul\u012f. Mokyklai b\u016bdingi visi blogiausi totalitarin\u0117s valstyb\u0117s","robots":{"index":"index","follow":"follow","max-snippet":"max-snippet:-1","max-image-preview":"max-image-preview:large","max-video-preview":"max-video-preview:-1"},"canonical":"https:\/\/skaitytaknyga.lt\/en\/produktas\/m-orths-mokytoju-kambarys\/","og_locale":"en_GB","og_type":"article","og_title":"[:lt]Mokytoj\u0173 kambarys[:] - Skaitytaknyga","og_description":"\u012egij\u0119s mokytojo kvalifikacij\u0105, Kranichas patenka \u012f mokykl\u0105 \u2013 ko\u0161mari\u0161k\u0105 ir nesuvokiam\u0105 pasaul\u012f. Mokyklai b\u016bdingi visi blogiausi totalitarin\u0117s valstyb\u0117s","og_url":"https:\/\/skaitytaknyga.lt\/en\/produktas\/m-orths-mokytoju-kambarys\/","og_site_name":"Skaitytaknyga","article_publisher":"https:\/\/www.facebook.com\/skaitytaknyga\/","article_modified_time":"2025-06-26T13:10:08+00:00","og_image":[{"width":267,"height":430,"url":"https:\/\/skaitytaknyga.lt\/wp-content\/uploads\/2024\/04\/1462879360_img0010-1.jpg","type":"image\/jpeg"}],"twitter_card":"summary_large_image","twitter_misc":{"Estimated reading time":"1 minute"},"schema":{"@context":"https:\/\/schema.org","@graph":[{"@type":"WebPage","@id":"https:\/\/skaitytaknyga.lt\/produktas\/m-orths-mokytoju-kambarys\/","url":"https:\/\/skaitytaknyga.lt\/produktas\/m-orths-mokytoju-kambarys\/","name":"Mokytoj\u0173 kambarys","isPartOf":{"@id":"https:\/\/skaitytaknyga.lt\/#website"},"primaryImageOfPage":{"@id":"https:\/\/skaitytaknyga.lt\/produktas\/m-orths-mokytoju-kambarys\/#primaryimage"},"image":{"@id":"https:\/\/skaitytaknyga.lt\/produktas\/m-orths-mokytoju-kambarys\/#primaryimage"},"thumbnailUrl":"https:\/\/skaitytaknyga.lt\/wp-content\/uploads\/2024\/04\/1462879360_img0010-1.jpg","datePublished":"2024-05-04T14:30:01+00:00","dateModified":"2025-06-26T13:10:08+00:00","description":"\u012egij\u0119s mokytojo kvalifikacij\u0105, Kranichas patenka \u012f mokykl\u0105 \u2013 ko\u0161mari\u0161k\u0105 ir nesuvokiam\u0105 pasaul\u012f. Mokyklai b\u016bdingi visi blogiausi totalitarin\u0117s valstyb\u0117s","breadcrumb":{"@id":"https:\/\/skaitytaknyga.lt\/produktas\/m-orths-mokytoju-kambarys\/#breadcrumb"},"inLanguage":"en-GB","potentialAction":[{"@type":"ReadAction","target":["https:\/\/skaitytaknyga.lt\/produktas\/m-orths-mokytoju-kambarys\/"]}]},{"@type":"ImageObject","inLanguage":"en-GB","@id":"https:\/\/skaitytaknyga.lt\/produktas\/m-orths-mokytoju-kambarys\/#primaryimage","url":"https:\/\/skaitytaknyga.lt\/wp-content\/uploads\/2024\/04\/1462879360_img0010-1.jpg","contentUrl":"https:\/\/skaitytaknyga.lt\/wp-content\/uploads\/2024\/04\/1462879360_img0010-1.jpg","width":267,"height":430,"caption":"1462879360 img0010 1"},{"@type":"BreadcrumbList","@id":"https:\/\/skaitytaknyga.lt\/produktas\/m-orths-mokytoju-kambarys\/#breadcrumb","itemListElement":[{"@type":"ListItem","position":1,"name":"Home","item":"https:\/\/skaitytaknyga.lt\/"},{"@type":"ListItem","position":2,"name":"Parduotuv\u0117","item":"https:\/\/skaitytaknyga.lt\/knygu-parduotuve\/"},{"@type":"ListItem","position":3,"name":"Mokytoj\u0173 kambarys"}]},{"@type":"WebSite","@id":"https:\/\/skaitytaknyga.lt\/#website","url":"https:\/\/skaitytaknyga.lt\/","name":"skaitytaknyga.lt","description":"Skaitytaknyga.lt \u2013 tai ma\u017eas \u0161eimos verslas, kuris prasid\u0117jo nuo meil\u0117s knygoms ir siekio i\u0161gelb\u0117ti knygas nuo likimo prie konteinerio. Kas vienam nereikalingas daiktas \u2013 kitam lobis, o mes esame tarpininkai, kurie padeda abiems tapti laimingesniems ???? \u017dinome kaip nelengva i\u0161gyventi ma\u017eiems verslams, tad nuo \u0161iol, \u010dia rasite ir kit\u0173, ma\u017e\u0173 \u0161eim\u0173 versl\u0173, rank\u0173 darbo, dovan\u0173 sau ir artimiesiems.","publisher":{"@id":"https:\/\/skaitytaknyga.lt\/#organization"},"potentialAction":[{"@type":"SearchAction","target":{"@type":"EntryPoint","urlTemplate":"https:\/\/skaitytaknyga.lt\/?s={search_term_string}"},"query-input":{"@type":"PropertyValueSpecification","valueRequired":true,"valueName":"search_term_string"}}],"inLanguage":"en-GB"},{"@type":"Organization","@id":"https:\/\/skaitytaknyga.lt\/#organization","name":"skaitytaknyga.lt","url":"https:\/\/skaitytaknyga.lt\/","logo":{"@type":"ImageObject","inLanguage":"en-GB","@id":"https:\/\/skaitytaknyga.lt\/#\/schema\/logo\/image\/","url":"https:\/\/skaitytaknyga.lt\/wp-content\/uploads\/2024\/05\/cropped-cropped-cropped-02_00843_jt3bggkj1j3HLc7SyY6rEUpg.jpeg","contentUrl":"https:\/\/skaitytaknyga.lt\/wp-content\/uploads\/2024\/05\/cropped-cropped-cropped-02_00843_jt3bggkj1j3HLc7SyY6rEUpg.jpeg","width":1600,"height":1600,"caption":"skaitytaknyga.lt"},"image":{"@id":"https:\/\/skaitytaknyga.lt\/#\/schema\/logo\/image\/"},"sameAs":["https:\/\/www.facebook.com\/skaitytaknyga\/"]}]}},"_links":{"self":[{"href":"https:\/\/skaitytaknyga.lt\/en\/wp-json\/wp\/v2\/product\/7454","targetHints":{"allow":["GET"]}}],"collection":[{"href":"https:\/\/skaitytaknyga.lt\/en\/wp-json\/wp\/v2\/product"}],"about":[{"href":"https:\/\/skaitytaknyga.lt\/en\/wp-json\/wp\/v2\/types\/product"}],"replies":[{"embeddable":true,"href":"https:\/\/skaitytaknyga.lt\/en\/wp-json\/wp\/v2\/comments?post=7454"}],"wp:featuredmedia":[{"embeddable":true,"href":"https:\/\/skaitytaknyga.lt\/en\/wp-json\/wp\/v2\/media\/2396"}],"wp:attachment":[{"href":"https:\/\/skaitytaknyga.lt\/en\/wp-json\/wp\/v2\/media?parent=7454"}],"wp:term":[{"taxonomy":"product_brand","embeddable":true,"href":"https:\/\/skaitytaknyga.lt\/en\/wp-json\/wp\/v2\/product_brand?post=7454"},{"taxonomy":"product_cat","embeddable":true,"href":"https:\/\/skaitytaknyga.lt\/en\/wp-json\/wp\/v2\/product_cat?post=7454"},{"taxonomy":"product_tag","embeddable":true,"href":"https:\/\/skaitytaknyga.lt\/en\/wp-json\/wp\/v2\/product_tag?post=7454"}],"curies":[{"name":"wp","href":"https:\/\/api.w.org\/{rel}","templated":true}]}}