{"id":7449,"date":"2024-05-04T14:29:55","date_gmt":"2024-05-04T14:29:55","guid":{"rendered":"https:\/\/skaitytaknyga.lt\/?post_type=product&#038;p=7449"},"modified":"2026-03-10T10:17:54","modified_gmt":"2026-03-10T08:17:54","slug":"l-s-christensen-bitlai","status":"publish","type":"product","link":"https:\/\/skaitytaknyga.lt\/en\/produktas\/l-s-christensen-bitlai\/","title":{"rendered":"L.S. Christensen \u201eBitlai\u201c"},"content":{"rendered":"<p>Oslas. Septintasis de\u0161imtmetis, bitlomanijos laikai. Knygos skyriai \u2013 Bitl\u0173 dain\u0173 pavadinimai. Garsiojo ketvertuko dvasia jau\u010diama visoje knygoje. Svarbiausi \u010dia \u2013 keturi paaugliai. Autorius labai paprastai ir tiesiog tobulai apra\u0161o augan\u010di\u0173 vaik\u0173 patirt\u012f, b\u016bding\u0105 viso pasaulio jaunuoliams. Pakeitus vien\u0105 kit\u0105 detal\u0119, tai gal\u0117t\u0173 b\u016bti bet kuri kita \u0161alis. Alkoholis, futbolas, meil\u0117s \u017eaidimai, ilgi plaukai. Niekada n\u0117ra buv\u0119 didesnio atotr\u016bkio tarp kart\u0173 kaip tuomet. Besikei\u010diantys laikai nei\u0161vengiamai supurt\u0117 t\u0117v\u0173 pasaul\u012f. I\u0161 pirmo \u017evilgsnio menkos nes\u0117km\u0117s paveik\u0117 vis\u0173 gyvenimus \u2013 ir s\u016bn\u0173, ir t\u0117v\u0173. \u010cia auk\u0161tinama meil\u0117 ir draugyst\u0117. Tuo pat metu pripa\u017e\u012fstama giliausia sielos vienatv\u0117.<\/p>\n<p>Pagal roman\u0105 \u201eBitlai\u201c ilgai buvo planuojama kurti film\u0105. Pagaliau prodiuseris Jorgenas Stormas Rosenbergas pasira\u0161\u0117 sutart\u012f ir gavo teis\u0119 panaudoti originali\u0105 legendini\u0173 \u201eBitl\u0173\u201c muzik\u0105. Filmas, prad\u0117tas kurti 2013-\u0173j\u0173 bir\u017eel\u012f, tur\u0117t\u0173 pasirodyti 2014-\u0173j\u0173 met\u0173 prad\u017eioje.<\/p>\n","protected":false},"excerpt":{"rendered":"<p>Oslas. Septintasis de\u0161imtmetis, bitlomanijos laikai. Knygos skyriai \u2013 Bitl\u0173 dain\u0173 pavadinimai. Garsiojo ketvertuko dvasia jau\u010diama visoje knygoje. Svarbiausi \u010dia \u2013 keturi paaugliai. Autorius labai paprastai ir tiesiog tobulai apra\u0161o augan\u010di\u0173 vaik\u0173 patirt\u012f, b\u016bding\u0105 viso pasaulio jaunuoliams. Pakeitus vien\u0105 kit\u0105 detal\u0119, tai gal\u0117t\u0173 b\u016bti bet kuri kita \u0161alis. Alkoholis, futbolas, meil\u0117s \u017eaidimai, ilgi plaukai. Niekada n\u0117ra buv\u0119 didesnio atotr\u016bkio tarp kart\u0173 kaip tuomet. Besikei\u010diantys laikai nei\u0161vengiamai supurt\u0117 t\u0117v\u0173 pasaul\u012f. I\u0161 pirmo \u017evilgsnio menkos nes\u0117km\u0117s paveik\u0117 vis\u0173 gyvenimus \u2013 ir s\u016bn\u0173, ir t\u0117v\u0173. \u010cia auk\u0161tinama meil\u0117 ir draugyst\u0117. Tuo pat metu pripa\u017e\u012fstama giliausia sielos vienatv\u0117. Pagal roman\u0105 \u201eBitlai\u201c ilgai buvo planuojama kurti film\u0105. Pagaliau prodiuseris Jorgenas Stormas Rosenbergas pasira\u0161\u0117 sutart\u012f ir gavo teis\u0119 panaudoti originali\u0105 legendini\u0173 \u201eBitl\u0173\u201c muzik\u0105. Filmas, prad\u0117tas kurti 2013-\u0173j\u0173 bir\u017eel\u012f, tur\u0117t\u0173 pasirodyti 2014-\u0173j\u0173 met\u0173 prad\u017eioje.<\/p>\n","protected":false},"featured_media":23168,"comment_status":"closed","ping_status":"closed","template":"","meta":{"_acf_changed":false,"site-sidebar-layout":"default","site-content-layout":"","ast-site-content-layout":"default","site-content-style":"default","site-sidebar-style":"default","ast-global-header-display":"","ast-banner-title-visibility":"","ast-main-header-display":"","ast-hfb-above-header-display":"","ast-hfb-below-header-display":"","ast-hfb-mobile-header-display":"","site-post-title":"","ast-breadcrumbs-content":"","ast-featured-img":"","footer-sml-layout":"","ast-disable-related-posts":"","theme-transparent-header-meta":"default","adv-header-id-meta":"","stick-header-meta":"","header-above-stick-meta":"","header-main-stick-meta":"","header-below-stick-meta":"","astra-migrate-meta-layouts":"set","ast-page-background-enabled":"default","ast-page-background-meta":{"desktop":{"background-color":"","background-image":"","background-repeat":"repeat","background-position":"center center","background-size":"auto","background-attachment":"scroll","background-type":"","background-media":"","overlay-type":"","overlay-color":"","overlay-opacity":"","overlay-gradient":""},"tablet":{"background-color":"","background-image":"","background-repeat":"repeat","background-position":"center center","background-size":"auto","background-attachment":"scroll","background-type":"","background-media":"","overlay-type":"","overlay-color":"","overlay-opacity":"","overlay-gradient":""},"mobile":{"background-color":"","background-image":"","background-repeat":"repeat","background-position":"center center","background-size":"auto","background-attachment":"scroll","background-type":"","background-media":"","overlay-type":"","overlay-color":"","overlay-opacity":"","overlay-gradient":""}},"ast-content-background-meta":{"desktop":{"background-color":"var(--ast-global-color-4)","background-image":"","background-repeat":"repeat","background-position":"center center","background-size":"auto","background-attachment":"scroll","background-type":"","background-media":"","overlay-type":"","overlay-color":"","overlay-opacity":"","overlay-gradient":""},"tablet":{"background-color":"var(--ast-global-color-4)","background-image":"","background-repeat":"repeat","background-position":"center center","background-size":"auto","background-attachment":"scroll","background-type":"","background-media":"","overlay-type":"","overlay-color":"","overlay-opacity":"","overlay-gradient":""},"mobile":{"background-color":"var(--ast-global-color-4)","background-image":"","background-repeat":"repeat","background-position":"center center","background-size":"auto","background-attachment":"scroll","background-type":"","background-media":"","overlay-type":"","overlay-color":"","overlay-opacity":"","overlay-gradient":""}}},"product_brand":[],"product_cat":[15],"product_tag":[],"class_list":{"0":"post-7449","1":"product","2":"type-product","3":"status-publish","4":"has-post-thumbnail","6":"product_cat-uncategorized","7":"desktop-align-left","8":"tablet-align-left","9":"mobile-align-left","11":"first","12":"outofstock","13":"shipping-taxable","14":"purchasable","15":"product-type-simple"},"acf":[],"yoast_head":"<!-- This site is optimized with the Yoast SEO plugin v27.0 - https:\/\/yoast.com\/product\/yoast-seo-wordpress\/ -->\n<title>L.S. Christensen \u201eBitlai\u201c<\/title>\n<meta name=\"description\" content=\"Oslas. Septintasis de\u0161imtmetis, bitlomanijos laikai. Knygos skyriai \u2013 Bitl\u0173 dain\u0173 pavadinimai. Garsiojo ketvertuko dvasia jau\u010diama visoje knygoje.\" \/>\n<meta name=\"robots\" content=\"index, follow, max-snippet:-1, max-image-preview:large, max-video-preview:-1\" \/>\n<link rel=\"canonical\" href=\"https:\/\/skaitytaknyga.lt\/en\/produktas\/l-s-christensen-bitlai\/\" \/>\n<meta property=\"og:locale\" content=\"en_GB\" \/>\n<meta property=\"og:locale:alternate\" content=\"lt_LT\" \/>\n<meta property=\"og:type\" content=\"article\" \/>\n<meta property=\"og:title\" content=\"L.S. Christensen \u201eBitlai\u201c\" \/>\n<meta property=\"og:description\" content=\"Oslas. Septintasis de\u0161imtmetis, bitlomanijos laikai. Knygos skyriai \u2013 Bitl\u0173 dain\u0173 pavadinimai. Garsiojo ketvertuko dvasia jau\u010diama visoje knygoje.\" \/>\n<meta property=\"og:url\" content=\"https:\/\/skaitytaknyga.lt\/en\/produktas\/l-s-christensen-bitlai\/\" \/>\n<meta property=\"og:site_name\" content=\"Skaitytaknyga\" \/>\n<meta property=\"article:publisher\" content=\"https:\/\/www.facebook.com\/skaitytaknyga\/\" \/>\n<meta property=\"article:modified_time\" content=\"2026-03-10T08:17:54+00:00\" \/>\n<meta property=\"og:image\" content=\"https:\/\/skaitytaknyga.lt\/wp-content\/uploads\/2024\/07\/skaitytaknyga.png\" \/>\n\t<meta property=\"og:image:width\" content=\"747\" \/>\n\t<meta property=\"og:image:height\" content=\"496\" \/>\n\t<meta property=\"og:image:type\" content=\"image\/png\" \/>\n<meta name=\"twitter:card\" content=\"summary_large_image\" \/>\n<meta name=\"twitter:label1\" content=\"Estimated reading time\" \/>\n\t<meta name=\"twitter:data1\" content=\"1 minute\" \/>\n<script type=\"application\/ld+json\" class=\"yoast-schema-graph\">{\"@context\":\"https:\/\/schema.org\",\"@graph\":[{\"@type\":\"WebPage\",\"@id\":\"https:\/\/skaitytaknyga.lt\/produktas\/l-s-christensen-bitlai\/\",\"url\":\"https:\/\/skaitytaknyga.lt\/produktas\/l-s-christensen-bitlai\/\",\"name\":\"L.S. Christensen \u201eBitlai\u201c\",\"isPartOf\":{\"@id\":\"https:\/\/skaitytaknyga.lt\/#website\"},\"primaryImageOfPage\":{\"@id\":\"https:\/\/skaitytaknyga.lt\/produktas\/l-s-christensen-bitlai\/#primaryimage\"},\"image\":{\"@id\":\"https:\/\/skaitytaknyga.lt\/produktas\/l-s-christensen-bitlai\/#primaryimage\"},\"thumbnailUrl\":\"https:\/\/skaitytaknyga.lt\/wp-content\/uploads\/2024\/05\/Bitlai-1.webp\",\"datePublished\":\"2024-05-04T14:29:55+00:00\",\"dateModified\":\"2026-03-10T08:17:54+00:00\",\"description\":\"Oslas. Septintasis de\u0161imtmetis, bitlomanijos laikai. Knygos skyriai \u2013 Bitl\u0173 dain\u0173 pavadinimai. Garsiojo ketvertuko dvasia jau\u010diama visoje knygoje.\",\"breadcrumb\":{\"@id\":\"https:\/\/skaitytaknyga.lt\/produktas\/l-s-christensen-bitlai\/#breadcrumb\"},\"inLanguage\":\"en-GB\",\"potentialAction\":[{\"@type\":\"ReadAction\",\"target\":[\"https:\/\/skaitytaknyga.lt\/produktas\/l-s-christensen-bitlai\/\"]}]},{\"@type\":\"ImageObject\",\"inLanguage\":\"en-GB\",\"@id\":\"https:\/\/skaitytaknyga.lt\/produktas\/l-s-christensen-bitlai\/#primaryimage\",\"url\":\"https:\/\/skaitytaknyga.lt\/wp-content\/uploads\/2024\/05\/Bitlai-1.webp\",\"contentUrl\":\"https:\/\/skaitytaknyga.lt\/wp-content\/uploads\/2024\/05\/Bitlai-1.webp\",\"width\":300,\"height\":462,\"caption\":\"Bitlai\"},{\"@type\":\"BreadcrumbList\",\"@id\":\"https:\/\/skaitytaknyga.lt\/produktas\/l-s-christensen-bitlai\/#breadcrumb\",\"itemListElement\":[{\"@type\":\"ListItem\",\"position\":1,\"name\":\"Home\",\"item\":\"https:\/\/skaitytaknyga.lt\/\"},{\"@type\":\"ListItem\",\"position\":2,\"name\":\"Parduotuv\u0117\",\"item\":\"https:\/\/skaitytaknyga.lt\/knygu-parduotuve\/\"},{\"@type\":\"ListItem\",\"position\":3,\"name\":\"L.S. Christensen \u201eBitlai\u201c\"}]},{\"@type\":\"WebSite\",\"@id\":\"https:\/\/skaitytaknyga.lt\/#website\",\"url\":\"https:\/\/skaitytaknyga.lt\/\",\"name\":\"skaitytaknyga.lt\",\"description\":\"Skaitytaknyga.lt \u2013 tai ma\u017eas \u0161eimos verslas, kuris prasid\u0117jo nuo meil\u0117s knygoms ir siekio i\u0161gelb\u0117ti knygas nuo likimo prie konteinerio. Kas vienam nereikalingas daiktas \u2013 kitam lobis, o mes esame tarpininkai, kurie padeda abiems tapti laimingesniems ???? \u017dinome kaip nelengva i\u0161gyventi ma\u017eiems verslams, tad nuo \u0161iol, \u010dia rasite ir kit\u0173, ma\u017e\u0173 \u0161eim\u0173 versl\u0173, rank\u0173 darbo, dovan\u0173 sau ir artimiesiems.\",\"publisher\":{\"@id\":\"https:\/\/skaitytaknyga.lt\/#organization\"},\"potentialAction\":[{\"@type\":\"SearchAction\",\"target\":{\"@type\":\"EntryPoint\",\"urlTemplate\":\"https:\/\/skaitytaknyga.lt\/?s={search_term_string}\"},\"query-input\":{\"@type\":\"PropertyValueSpecification\",\"valueRequired\":true,\"valueName\":\"search_term_string\"}}],\"inLanguage\":\"en-GB\"},{\"@type\":\"Organization\",\"@id\":\"https:\/\/skaitytaknyga.lt\/#organization\",\"name\":\"skaitytaknyga.lt\",\"url\":\"https:\/\/skaitytaknyga.lt\/\",\"logo\":{\"@type\":\"ImageObject\",\"inLanguage\":\"en-GB\",\"@id\":\"https:\/\/skaitytaknyga.lt\/#\/schema\/logo\/image\/\",\"url\":\"https:\/\/skaitytaknyga.lt\/wp-content\/uploads\/2024\/05\/cropped-cropped-cropped-02_00843_jt3bggkj1j3HLc7SyY6rEUpg.jpeg\",\"contentUrl\":\"https:\/\/skaitytaknyga.lt\/wp-content\/uploads\/2024\/05\/cropped-cropped-cropped-02_00843_jt3bggkj1j3HLc7SyY6rEUpg.jpeg\",\"width\":1600,\"height\":1600,\"caption\":\"skaitytaknyga.lt\"},\"image\":{\"@id\":\"https:\/\/skaitytaknyga.lt\/#\/schema\/logo\/image\/\"},\"sameAs\":[\"https:\/\/www.facebook.com\/skaitytaknyga\/\"]}]}<\/script>\n<!-- \/ Yoast SEO plugin. -->","yoast_head_json":{"title":"L.S. Christensen \u201eBitlai\u201c","description":"Oslas. Septintasis de\u0161imtmetis, bitlomanijos laikai. Knygos skyriai \u2013 Bitl\u0173 dain\u0173 pavadinimai. Garsiojo ketvertuko dvasia jau\u010diama visoje knygoje.","robots":{"index":"index","follow":"follow","max-snippet":"max-snippet:-1","max-image-preview":"max-image-preview:large","max-video-preview":"max-video-preview:-1"},"canonical":"https:\/\/skaitytaknyga.lt\/en\/produktas\/l-s-christensen-bitlai\/","og_locale":"en_GB","og_type":"article","og_title":"[:lt]L.S. Christensen \u201eBitlai\u201c[:] - Skaitytaknyga","og_description":"Oslas. Septintasis de\u0161imtmetis, bitlomanijos laikai. Knygos skyriai \u2013 Bitl\u0173 dain\u0173 pavadinimai. Garsiojo ketvertuko dvasia jau\u010diama visoje knygoje.","og_url":"https:\/\/skaitytaknyga.lt\/en\/produktas\/l-s-christensen-bitlai\/","og_site_name":"Skaitytaknyga","article_publisher":"https:\/\/www.facebook.com\/skaitytaknyga\/","article_modified_time":"2026-03-10T08:17:54+00:00","og_image":[{"width":747,"height":496,"url":"https:\/\/skaitytaknyga.lt\/wp-content\/uploads\/2024\/07\/skaitytaknyga.png","type":"image\/png"}],"twitter_card":"summary_large_image","twitter_misc":{"Estimated reading time":"1 minute"},"schema":{"@context":"https:\/\/schema.org","@graph":[{"@type":"WebPage","@id":"https:\/\/skaitytaknyga.lt\/produktas\/l-s-christensen-bitlai\/","url":"https:\/\/skaitytaknyga.lt\/produktas\/l-s-christensen-bitlai\/","name":"L.S. Christensen \u201eBitlai\u201c","isPartOf":{"@id":"https:\/\/skaitytaknyga.lt\/#website"},"primaryImageOfPage":{"@id":"https:\/\/skaitytaknyga.lt\/produktas\/l-s-christensen-bitlai\/#primaryimage"},"image":{"@id":"https:\/\/skaitytaknyga.lt\/produktas\/l-s-christensen-bitlai\/#primaryimage"},"thumbnailUrl":"https:\/\/skaitytaknyga.lt\/wp-content\/uploads\/2024\/05\/Bitlai-1.webp","datePublished":"2024-05-04T14:29:55+00:00","dateModified":"2026-03-10T08:17:54+00:00","description":"Oslas. Septintasis de\u0161imtmetis, bitlomanijos laikai. Knygos skyriai \u2013 Bitl\u0173 dain\u0173 pavadinimai. Garsiojo ketvertuko dvasia jau\u010diama visoje knygoje.","breadcrumb":{"@id":"https:\/\/skaitytaknyga.lt\/produktas\/l-s-christensen-bitlai\/#breadcrumb"},"inLanguage":"en-GB","potentialAction":[{"@type":"ReadAction","target":["https:\/\/skaitytaknyga.lt\/produktas\/l-s-christensen-bitlai\/"]}]},{"@type":"ImageObject","inLanguage":"en-GB","@id":"https:\/\/skaitytaknyga.lt\/produktas\/l-s-christensen-bitlai\/#primaryimage","url":"https:\/\/skaitytaknyga.lt\/wp-content\/uploads\/2024\/05\/Bitlai-1.webp","contentUrl":"https:\/\/skaitytaknyga.lt\/wp-content\/uploads\/2024\/05\/Bitlai-1.webp","width":300,"height":462,"caption":"Bitlai"},{"@type":"BreadcrumbList","@id":"https:\/\/skaitytaknyga.lt\/produktas\/l-s-christensen-bitlai\/#breadcrumb","itemListElement":[{"@type":"ListItem","position":1,"name":"Home","item":"https:\/\/skaitytaknyga.lt\/"},{"@type":"ListItem","position":2,"name":"Parduotuv\u0117","item":"https:\/\/skaitytaknyga.lt\/knygu-parduotuve\/"},{"@type":"ListItem","position":3,"name":"L.S. Christensen \u201eBitlai\u201c"}]},{"@type":"WebSite","@id":"https:\/\/skaitytaknyga.lt\/#website","url":"https:\/\/skaitytaknyga.lt\/","name":"skaitytaknyga.lt","description":"Skaitytaknyga.lt \u2013 tai ma\u017eas \u0161eimos verslas, kuris prasid\u0117jo nuo meil\u0117s knygoms ir siekio i\u0161gelb\u0117ti knygas nuo likimo prie konteinerio. Kas vienam nereikalingas daiktas \u2013 kitam lobis, o mes esame tarpininkai, kurie padeda abiems tapti laimingesniems ???? \u017dinome kaip nelengva i\u0161gyventi ma\u017eiems verslams, tad nuo \u0161iol, \u010dia rasite ir kit\u0173, ma\u017e\u0173 \u0161eim\u0173 versl\u0173, rank\u0173 darbo, dovan\u0173 sau ir artimiesiems.","publisher":{"@id":"https:\/\/skaitytaknyga.lt\/#organization"},"potentialAction":[{"@type":"SearchAction","target":{"@type":"EntryPoint","urlTemplate":"https:\/\/skaitytaknyga.lt\/?s={search_term_string}"},"query-input":{"@type":"PropertyValueSpecification","valueRequired":true,"valueName":"search_term_string"}}],"inLanguage":"en-GB"},{"@type":"Organization","@id":"https:\/\/skaitytaknyga.lt\/#organization","name":"skaitytaknyga.lt","url":"https:\/\/skaitytaknyga.lt\/","logo":{"@type":"ImageObject","inLanguage":"en-GB","@id":"https:\/\/skaitytaknyga.lt\/#\/schema\/logo\/image\/","url":"https:\/\/skaitytaknyga.lt\/wp-content\/uploads\/2024\/05\/cropped-cropped-cropped-02_00843_jt3bggkj1j3HLc7SyY6rEUpg.jpeg","contentUrl":"https:\/\/skaitytaknyga.lt\/wp-content\/uploads\/2024\/05\/cropped-cropped-cropped-02_00843_jt3bggkj1j3HLc7SyY6rEUpg.jpeg","width":1600,"height":1600,"caption":"skaitytaknyga.lt"},"image":{"@id":"https:\/\/skaitytaknyga.lt\/#\/schema\/logo\/image\/"},"sameAs":["https:\/\/www.facebook.com\/skaitytaknyga\/"]}]}},"_links":{"self":[{"href":"https:\/\/skaitytaknyga.lt\/en\/wp-json\/wp\/v2\/product\/7449","targetHints":{"allow":["GET"]}}],"collection":[{"href":"https:\/\/skaitytaknyga.lt\/en\/wp-json\/wp\/v2\/product"}],"about":[{"href":"https:\/\/skaitytaknyga.lt\/en\/wp-json\/wp\/v2\/types\/product"}],"replies":[{"embeddable":true,"href":"https:\/\/skaitytaknyga.lt\/en\/wp-json\/wp\/v2\/comments?post=7449"}],"wp:featuredmedia":[{"embeddable":true,"href":"https:\/\/skaitytaknyga.lt\/en\/wp-json\/wp\/v2\/media\/23168"}],"wp:attachment":[{"href":"https:\/\/skaitytaknyga.lt\/en\/wp-json\/wp\/v2\/media?parent=7449"}],"wp:term":[{"taxonomy":"product_brand","embeddable":true,"href":"https:\/\/skaitytaknyga.lt\/en\/wp-json\/wp\/v2\/product_brand?post=7449"},{"taxonomy":"product_cat","embeddable":true,"href":"https:\/\/skaitytaknyga.lt\/en\/wp-json\/wp\/v2\/product_cat?post=7449"},{"taxonomy":"product_tag","embeddable":true,"href":"https:\/\/skaitytaknyga.lt\/en\/wp-json\/wp\/v2\/product_tag?post=7449"}],"curies":[{"name":"wp","href":"https:\/\/api.w.org\/{rel}","templated":true}]}}