{"id":7445,"date":"2024-05-04T14:29:34","date_gmt":"2024-05-04T14:29:34","guid":{"rendered":"https:\/\/skaitytaknyga.lt\/?post_type=product&#038;p=7445"},"modified":"2025-01-25T14:57:49","modified_gmt":"2025-01-25T12:57:49","slug":"a-pacekaje-prisirpusios-senmerges-ispazintis","status":"publish","type":"product","link":"https:\/\/skaitytaknyga.lt\/en\/produktas\/a-pacekaje-prisirpusios-senmerges-ispazintis\/","title":{"rendered":"A. Pa\u010dekaj\u0117 \u201ePrisirpusios senmerg\u0117s i\u0161pa\u017eintis\u201c"},"content":{"rendered":"<p>PAGELT\u0118 LAPAI, PIE\u0160TUKO \u017dYM\u0116S ANT VIR\u0160ELIO<\/p>\n<p>Zos\u0119 Ilganos\u0119 gra\u017eia mergaite vadino tik bobut\u0117s ba\u017eny\u010dioje, bet niekam ne paslaptis, kad jos mato prastai. Gal tod\u0117l, u\u017eaugus Zosei, u\u017eaugo ir nepilnaverti\u0161kumo jausmas, o nes\u0117km\u0117s meil\u0117s sferoje tapo neatsiejama jos gyvenimo dalimi.<\/p>\n<p>Ta\u010diau vien\u0105 dien\u0105 senmerg\u0117 nusprend\u0117 \u2013 pakaks laukti, kol svajoni\u0173 vyras susivoks, kad ji prisirpo santuokai, ir nura\u0161kys didele gauruota letena. Atki\u0161usi savo nos\u012f lyg \u0161pag\u0105, d\u0117l to vienintelio ji kovos ypatingais b\u016bdais: nuo patyrusi\u0173 burtinink\u0173, paslapting\u0173 kurs\u0173 lankymo iki bandymo med\u017eioti vyrus u\u017esienyje, gyvybei pavojinguose vakar\u0117liuose ar ant teatro scenos! Kad sudaryt\u0173 teising\u0105 senmergyst\u0117s i\u0161varymo strategij\u0105, Zos\u0117 net kreip\u0117si \u012f gars\u0173 psicholog\u0105, o \u0161is neju\u010dia tapo ir jos tragikomi\u0161k\u0173 nuotyki\u0173 metra\u0161tininku.<\/p>\n<p>Knyga apie Zos\u0119 Ilganos\u0119\u00a0\u201ePrisirpusios senmerg\u0117s i\u0161pa\u017eintis\u201c\u00a0\u2013 tai sveiko humoro, ne\u017eabot\u0173 nuotyki\u0173, linksmos moteri\u0161kos filosofijos ir netik\u0117\u010diausi\u0173 meil\u0117s istorij\u0173 kupinas romanas, vedantis per senmerg\u0117s klystkelius \u012f did\u017eiausi\u0105 jos svajon\u0119 \u2013 vestuves.<\/p>\n<p>Autorius: Agn\u0117 Pa\u010dekaj\u0117<br \/>\nLeid\u0117jas: Alma littera<br \/>\nMetai: 2015<br \/>\nPuslapiai: 240<br \/>\nISBN: 9786090121580<br \/>\nVersijos kodas: PT.<br \/>\nFormatas: 23,5 x 14,3 x 2,4 cm, kieti vir\u0161eliai<br \/>\nKalba: Lietuvi\u0173<\/p>\n","protected":false},"excerpt":{"rendered":"<p>PAGELT\u0118 LAPAI, PIE\u0160TUKO \u017dYM\u0116S ANT VIR\u0160ELIO Zos\u0119 Ilganos\u0119 gra\u017eia mergaite vadino tik bobut\u0117s ba\u017eny\u010dioje, bet niekam ne paslaptis, kad jos mato prastai. Gal tod\u0117l, u\u017eaugus Zosei, u\u017eaugo ir nepilnaverti\u0161kumo jausmas, o nes\u0117km\u0117s meil\u0117s sferoje tapo neatsiejama jos gyvenimo dalimi. Ta\u010diau vien\u0105 dien\u0105 senmerg\u0117 nusprend\u0117 \u2013 pakaks laukti, kol svajoni\u0173 vyras susivoks, kad ji prisirpo santuokai, ir nura\u0161kys didele gauruota letena. Atki\u0161usi savo nos\u012f lyg \u0161pag\u0105, d\u0117l to vienintelio ji kovos ypatingais b\u016bdais: nuo patyrusi\u0173 burtinink\u0173, paslapting\u0173 kurs\u0173 lankymo iki bandymo med\u017eioti vyrus u\u017esienyje, gyvybei pavojinguose vakar\u0117liuose ar ant teatro scenos! Kad sudaryt\u0173 teising\u0105 senmergyst\u0117s i\u0161varymo strategij\u0105, Zos\u0117 net kreip\u0117si \u012f gars\u0173 psicholog\u0105, o \u0161is neju\u010dia tapo ir jos tragikomi\u0161k\u0173 nuotyki\u0173 metra\u0161tininku. Knyga apie Zos\u0119 Ilganos\u0119\u00a0\u201ePrisirpusios senmerg\u0117s i\u0161pa\u017eintis\u201c\u00a0\u2013 tai sveiko humoro, ne\u017eabot\u0173 nuotyki\u0173, linksmos moteri\u0161kos filosofijos ir netik\u0117\u010diausi\u0173 meil\u0117s istorij\u0173 kupinas romanas, vedantis per senmerg\u0117s klystkelius \u012f did\u017eiausi\u0105 jos svajon\u0119 \u2013 vestuves. Autorius: Agn\u0117 Pa\u010dekaj\u0117 Leid\u0117jas: Alma littera Metai: 2015 Puslapiai: 240 ISBN: 9786090121580 Versijos kodas: PT. Formatas: 23,5 x 14,3 x 2,4 cm, kieti vir\u0161eliai Kalba: Lietuvi\u0173<\/p>\n","protected":false},"featured_media":2333,"comment_status":"closed","ping_status":"closed","template":"","meta":{"_acf_changed":false,"site-sidebar-layout":"default","site-content-layout":"","ast-site-content-layout":"default","site-content-style":"default","site-sidebar-style":"default","ast-global-header-display":"","ast-banner-title-visibility":"","ast-main-header-display":"","ast-hfb-above-header-display":"","ast-hfb-below-header-display":"","ast-hfb-mobile-header-display":"","site-post-title":"","ast-breadcrumbs-content":"","ast-featured-img":"","footer-sml-layout":"","ast-disable-related-posts":"","theme-transparent-header-meta":"default","adv-header-id-meta":"","stick-header-meta":"","header-above-stick-meta":"","header-main-stick-meta":"","header-below-stick-meta":"","astra-migrate-meta-layouts":"set","ast-page-background-enabled":"default","ast-page-background-meta":{"desktop":{"background-color":"","background-image":"","background-repeat":"repeat","background-position":"center center","background-size":"auto","background-attachment":"scroll","background-type":"","background-media":"","overlay-type":"","overlay-color":"","overlay-opacity":"","overlay-gradient":""},"tablet":{"background-color":"","background-image":"","background-repeat":"repeat","background-position":"center center","background-size":"auto","background-attachment":"scroll","background-type":"","background-media":"","overlay-type":"","overlay-color":"","overlay-opacity":"","overlay-gradient":""},"mobile":{"background-color":"","background-image":"","background-repeat":"repeat","background-position":"center center","background-size":"auto","background-attachment":"scroll","background-type":"","background-media":"","overlay-type":"","overlay-color":"","overlay-opacity":"","overlay-gradient":""}},"ast-content-background-meta":{"desktop":{"background-color":"var(--ast-global-color-4)","background-image":"","background-repeat":"repeat","background-position":"center center","background-size":"auto","background-attachment":"scroll","background-type":"","background-media":"","overlay-type":"","overlay-color":"","overlay-opacity":"","overlay-gradient":""},"tablet":{"background-color":"var(--ast-global-color-4)","background-image":"","background-repeat":"repeat","background-position":"center center","background-size":"auto","background-attachment":"scroll","background-type":"","background-media":"","overlay-type":"","overlay-color":"","overlay-opacity":"","overlay-gradient":""},"mobile":{"background-color":"var(--ast-global-color-4)","background-image":"","background-repeat":"repeat","background-position":"center center","background-size":"auto","background-attachment":"scroll","background-type":"","background-media":"","overlay-type":"","overlay-color":"","overlay-opacity":"","overlay-gradient":""}}},"product_brand":[],"product_cat":[31],"product_tag":[],"class_list":{"0":"post-7445","1":"product","2":"type-product","3":"status-publish","4":"has-post-thumbnail","6":"product_cat-grozine-literatura","7":"desktop-align-left","8":"tablet-align-left","9":"mobile-align-left","11":"first","12":"instock","13":"shipping-taxable","14":"purchasable","15":"product-type-simple"},"acf":[],"yoast_head":"<!-- This site is optimized with the Yoast SEO plugin v27.4 - https:\/\/yoast.com\/product\/yoast-seo-wordpress\/ -->\n<title>A. Pa\u010dekaj\u0117 \u201ePrisirpusios senmerg\u0117s i\u0161pa\u017eintis\u201c<\/title>\n<meta name=\"description\" content=\"PAGELT\u0118 LAPAI, PIE\u0160TUKO \u017dYM\u0116S ANT VIR\u0160ELIO Zos\u0119 Ilganos\u0119 gra\u017eia mergaite vadino tik bobut\u0117s ba\u017eny\u010dioje, bet niekam ne paslaptis, kad jos mato prastai. Gal\" \/>\n<meta name=\"robots\" content=\"index, follow, max-snippet:-1, max-image-preview:large, max-video-preview:-1\" \/>\n<link rel=\"canonical\" href=\"https:\/\/skaitytaknyga.lt\/en\/produktas\/a-pacekaje-prisirpusios-senmerges-ispazintis\/\" \/>\n<meta property=\"og:locale\" content=\"en_GB\" \/>\n<meta property=\"og:locale:alternate\" content=\"lt_LT\" \/>\n<meta property=\"og:type\" content=\"article\" \/>\n<meta property=\"og:title\" content=\"A. Pa\u010dekaj\u0117 \u201ePrisirpusios senmerg\u0117s i\u0161pa\u017eintis\u201c\" \/>\n<meta property=\"og:description\" content=\"PAGELT\u0118 LAPAI, PIE\u0160TUKO \u017dYM\u0116S ANT VIR\u0160ELIO Zos\u0119 Ilganos\u0119 gra\u017eia mergaite vadino tik bobut\u0117s ba\u017eny\u010dioje, bet niekam ne paslaptis, kad jos mato prastai. Gal\" \/>\n<meta property=\"og:url\" content=\"https:\/\/skaitytaknyga.lt\/en\/produktas\/a-pacekaje-prisirpusios-senmerges-ispazintis\/\" \/>\n<meta property=\"og:site_name\" content=\"Skaitytaknyga\" \/>\n<meta property=\"article:publisher\" content=\"https:\/\/www.facebook.com\/skaitytaknyga\/\" \/>\n<meta property=\"article:modified_time\" content=\"2025-01-25T12:57:49+00:00\" \/>\n<meta property=\"og:image\" content=\"https:\/\/skaitytaknyga.lt\/wp-content\/uploads\/2024\/04\/165224-53043004-359125538025097-3684920170024796160-n_edited.jpg\" \/>\n\t<meta property=\"og:image:width\" content=\"450\" \/>\n\t<meta property=\"og:image:height\" content=\"714\" \/>\n\t<meta property=\"og:image:type\" content=\"image\/jpeg\" \/>\n<meta name=\"twitter:card\" content=\"summary_large_image\" \/>\n<meta name=\"twitter:label1\" content=\"Estimated reading time\" \/>\n\t<meta name=\"twitter:data1\" content=\"2 minutes\" \/>\n<script type=\"application\/ld+json\" class=\"yoast-schema-graph\">{\"@context\":\"https:\\\/\\\/schema.org\",\"@graph\":[{\"@type\":\"WebPage\",\"@id\":\"https:\\\/\\\/skaitytaknyga.lt\\\/produktas\\\/a-pacekaje-prisirpusios-senmerges-ispazintis\\\/\",\"url\":\"https:\\\/\\\/skaitytaknyga.lt\\\/produktas\\\/a-pacekaje-prisirpusios-senmerges-ispazintis\\\/\",\"name\":\"A. Pa\u010dekaj\u0117 \u201ePrisirpusios senmerg\u0117s i\u0161pa\u017eintis\u201c\",\"isPartOf\":{\"@id\":\"https:\\\/\\\/skaitytaknyga.lt\\\/#website\"},\"primaryImageOfPage\":{\"@id\":\"https:\\\/\\\/skaitytaknyga.lt\\\/produktas\\\/a-pacekaje-prisirpusios-senmerges-ispazintis\\\/#primaryimage\"},\"image\":{\"@id\":\"https:\\\/\\\/skaitytaknyga.lt\\\/produktas\\\/a-pacekaje-prisirpusios-senmerges-ispazintis\\\/#primaryimage\"},\"thumbnailUrl\":\"https:\\\/\\\/skaitytaknyga.lt\\\/wp-content\\\/uploads\\\/2024\\\/04\\\/165224-53043004-359125538025097-3684920170024796160-n_edited.jpg\",\"datePublished\":\"2024-05-04T14:29:34+00:00\",\"dateModified\":\"2025-01-25T12:57:49+00:00\",\"description\":\"PAGELT\u0118 LAPAI, PIE\u0160TUKO \u017dYM\u0116S ANT VIR\u0160ELIO Zos\u0119 Ilganos\u0119 gra\u017eia mergaite vadino tik bobut\u0117s ba\u017eny\u010dioje, bet niekam ne paslaptis, kad jos mato prastai. Gal\",\"breadcrumb\":{\"@id\":\"https:\\\/\\\/skaitytaknyga.lt\\\/produktas\\\/a-pacekaje-prisirpusios-senmerges-ispazintis\\\/#breadcrumb\"},\"inLanguage\":\"en-GB\",\"potentialAction\":[{\"@type\":\"ReadAction\",\"target\":[\"https:\\\/\\\/skaitytaknyga.lt\\\/produktas\\\/a-pacekaje-prisirpusios-senmerges-ispazintis\\\/\"]}]},{\"@type\":\"ImageObject\",\"inLanguage\":\"en-GB\",\"@id\":\"https:\\\/\\\/skaitytaknyga.lt\\\/produktas\\\/a-pacekaje-prisirpusios-senmerges-ispazintis\\\/#primaryimage\",\"url\":\"https:\\\/\\\/skaitytaknyga.lt\\\/wp-content\\\/uploads\\\/2024\\\/04\\\/165224-53043004-359125538025097-3684920170024796160-n_edited.jpg\",\"contentUrl\":\"https:\\\/\\\/skaitytaknyga.lt\\\/wp-content\\\/uploads\\\/2024\\\/04\\\/165224-53043004-359125538025097-3684920170024796160-n_edited.jpg\",\"width\":450,\"height\":714,\"caption\":\"165224 53043004 359125538025097 3684920170024796160 n edited\"},{\"@type\":\"BreadcrumbList\",\"@id\":\"https:\\\/\\\/skaitytaknyga.lt\\\/produktas\\\/a-pacekaje-prisirpusios-senmerges-ispazintis\\\/#breadcrumb\",\"itemListElement\":[{\"@type\":\"ListItem\",\"position\":1,\"name\":\"Home\",\"item\":\"https:\\\/\\\/skaitytaknyga.lt\\\/\"},{\"@type\":\"ListItem\",\"position\":2,\"name\":\"Parduotuv\u0117\",\"item\":\"https:\\\/\\\/skaitytaknyga.lt\\\/knygu-parduotuve\\\/\"},{\"@type\":\"ListItem\",\"position\":3,\"name\":\"A. Pa\u010dekaj\u0117 \u201ePrisirpusios senmerg\u0117s i\u0161pa\u017eintis\u201c\"}]},{\"@type\":\"WebSite\",\"@id\":\"https:\\\/\\\/skaitytaknyga.lt\\\/#website\",\"url\":\"https:\\\/\\\/skaitytaknyga.lt\\\/\",\"name\":\"skaitytaknyga.lt\",\"description\":\"Skaitytaknyga.lt \u2013 tai ma\u017eas \u0161eimos verslas, kuris prasid\u0117jo nuo meil\u0117s knygoms ir siekio i\u0161gelb\u0117ti knygas nuo likimo prie konteinerio. Kas vienam nereikalingas daiktas \u2013 kitam lobis, o mes esame tarpininkai, kurie padeda abiems tapti laimingesniems ???? \u017dinome kaip nelengva i\u0161gyventi ma\u017eiems verslams, tad nuo \u0161iol, \u010dia rasite ir kit\u0173, ma\u017e\u0173 \u0161eim\u0173 versl\u0173, rank\u0173 darbo, dovan\u0173 sau ir artimiesiems.\",\"publisher\":{\"@id\":\"https:\\\/\\\/skaitytaknyga.lt\\\/#organization\"},\"potentialAction\":[{\"@type\":\"SearchAction\",\"target\":{\"@type\":\"EntryPoint\",\"urlTemplate\":\"https:\\\/\\\/skaitytaknyga.lt\\\/?s={search_term_string}\"},\"query-input\":{\"@type\":\"PropertyValueSpecification\",\"valueRequired\":true,\"valueName\":\"search_term_string\"}}],\"inLanguage\":\"en-GB\"},{\"@type\":\"Organization\",\"@id\":\"https:\\\/\\\/skaitytaknyga.lt\\\/#organization\",\"name\":\"skaitytaknyga.lt\",\"url\":\"https:\\\/\\\/skaitytaknyga.lt\\\/\",\"logo\":{\"@type\":\"ImageObject\",\"inLanguage\":\"en-GB\",\"@id\":\"https:\\\/\\\/skaitytaknyga.lt\\\/#\\\/schema\\\/logo\\\/image\\\/\",\"url\":\"https:\\\/\\\/skaitytaknyga.lt\\\/wp-content\\\/uploads\\\/2024\\\/05\\\/cropped-cropped-cropped-02_00843_jt3bggkj1j3HLc7SyY6rEUpg.jpeg\",\"contentUrl\":\"https:\\\/\\\/skaitytaknyga.lt\\\/wp-content\\\/uploads\\\/2024\\\/05\\\/cropped-cropped-cropped-02_00843_jt3bggkj1j3HLc7SyY6rEUpg.jpeg\",\"width\":1600,\"height\":1600,\"caption\":\"skaitytaknyga.lt\"},\"image\":{\"@id\":\"https:\\\/\\\/skaitytaknyga.lt\\\/#\\\/schema\\\/logo\\\/image\\\/\"},\"sameAs\":[\"https:\\\/\\\/www.facebook.com\\\/skaitytaknyga\\\/\"]}]}<\/script>\n<!-- \/ Yoast SEO plugin. -->","yoast_head_json":{"title":"A. Pa\u010dekaj\u0117 \u201ePrisirpusios senmerg\u0117s i\u0161pa\u017eintis\u201c","description":"PAGELT\u0118 LAPAI, PIE\u0160TUKO \u017dYM\u0116S ANT VIR\u0160ELIO Zos\u0119 Ilganos\u0119 gra\u017eia mergaite vadino tik bobut\u0117s ba\u017eny\u010dioje, bet niekam ne paslaptis, kad jos mato prastai. Gal","robots":{"index":"index","follow":"follow","max-snippet":"max-snippet:-1","max-image-preview":"max-image-preview:large","max-video-preview":"max-video-preview:-1"},"canonical":"https:\/\/skaitytaknyga.lt\/en\/produktas\/a-pacekaje-prisirpusios-senmerges-ispazintis\/","og_locale":"en_GB","og_type":"article","og_title":"[:lt]A. Pa\u010dekaj\u0117 \u201ePrisirpusios senmerg\u0117s i\u0161pa\u017eintis\u201c[:] - Skaitytaknyga","og_description":"PAGELT\u0118 LAPAI, PIE\u0160TUKO \u017dYM\u0116S ANT VIR\u0160ELIO Zos\u0119 Ilganos\u0119 gra\u017eia mergaite vadino tik bobut\u0117s ba\u017eny\u010dioje, bet niekam ne paslaptis, kad jos mato prastai. Gal","og_url":"https:\/\/skaitytaknyga.lt\/en\/produktas\/a-pacekaje-prisirpusios-senmerges-ispazintis\/","og_site_name":"Skaitytaknyga","article_publisher":"https:\/\/www.facebook.com\/skaitytaknyga\/","article_modified_time":"2025-01-25T12:57:49+00:00","og_image":[{"width":450,"height":714,"url":"https:\/\/skaitytaknyga.lt\/wp-content\/uploads\/2024\/04\/165224-53043004-359125538025097-3684920170024796160-n_edited.jpg","type":"image\/jpeg"}],"twitter_card":"summary_large_image","twitter_misc":{"Estimated reading time":"2 minutes"},"schema":{"@context":"https:\/\/schema.org","@graph":[{"@type":"WebPage","@id":"https:\/\/skaitytaknyga.lt\/produktas\/a-pacekaje-prisirpusios-senmerges-ispazintis\/","url":"https:\/\/skaitytaknyga.lt\/produktas\/a-pacekaje-prisirpusios-senmerges-ispazintis\/","name":"A. Pa\u010dekaj\u0117 \u201ePrisirpusios senmerg\u0117s i\u0161pa\u017eintis\u201c","isPartOf":{"@id":"https:\/\/skaitytaknyga.lt\/#website"},"primaryImageOfPage":{"@id":"https:\/\/skaitytaknyga.lt\/produktas\/a-pacekaje-prisirpusios-senmerges-ispazintis\/#primaryimage"},"image":{"@id":"https:\/\/skaitytaknyga.lt\/produktas\/a-pacekaje-prisirpusios-senmerges-ispazintis\/#primaryimage"},"thumbnailUrl":"https:\/\/skaitytaknyga.lt\/wp-content\/uploads\/2024\/04\/165224-53043004-359125538025097-3684920170024796160-n_edited.jpg","datePublished":"2024-05-04T14:29:34+00:00","dateModified":"2025-01-25T12:57:49+00:00","description":"PAGELT\u0118 LAPAI, PIE\u0160TUKO \u017dYM\u0116S ANT VIR\u0160ELIO Zos\u0119 Ilganos\u0119 gra\u017eia mergaite vadino tik bobut\u0117s ba\u017eny\u010dioje, bet niekam ne paslaptis, kad jos mato prastai. Gal","breadcrumb":{"@id":"https:\/\/skaitytaknyga.lt\/produktas\/a-pacekaje-prisirpusios-senmerges-ispazintis\/#breadcrumb"},"inLanguage":"en-GB","potentialAction":[{"@type":"ReadAction","target":["https:\/\/skaitytaknyga.lt\/produktas\/a-pacekaje-prisirpusios-senmerges-ispazintis\/"]}]},{"@type":"ImageObject","inLanguage":"en-GB","@id":"https:\/\/skaitytaknyga.lt\/produktas\/a-pacekaje-prisirpusios-senmerges-ispazintis\/#primaryimage","url":"https:\/\/skaitytaknyga.lt\/wp-content\/uploads\/2024\/04\/165224-53043004-359125538025097-3684920170024796160-n_edited.jpg","contentUrl":"https:\/\/skaitytaknyga.lt\/wp-content\/uploads\/2024\/04\/165224-53043004-359125538025097-3684920170024796160-n_edited.jpg","width":450,"height":714,"caption":"165224 53043004 359125538025097 3684920170024796160 n edited"},{"@type":"BreadcrumbList","@id":"https:\/\/skaitytaknyga.lt\/produktas\/a-pacekaje-prisirpusios-senmerges-ispazintis\/#breadcrumb","itemListElement":[{"@type":"ListItem","position":1,"name":"Home","item":"https:\/\/skaitytaknyga.lt\/"},{"@type":"ListItem","position":2,"name":"Parduotuv\u0117","item":"https:\/\/skaitytaknyga.lt\/knygu-parduotuve\/"},{"@type":"ListItem","position":3,"name":"A. Pa\u010dekaj\u0117 \u201ePrisirpusios senmerg\u0117s i\u0161pa\u017eintis\u201c"}]},{"@type":"WebSite","@id":"https:\/\/skaitytaknyga.lt\/#website","url":"https:\/\/skaitytaknyga.lt\/","name":"skaitytaknyga.lt","description":"Skaitytaknyga.lt \u2013 tai ma\u017eas \u0161eimos verslas, kuris prasid\u0117jo nuo meil\u0117s knygoms ir siekio i\u0161gelb\u0117ti knygas nuo likimo prie konteinerio. Kas vienam nereikalingas daiktas \u2013 kitam lobis, o mes esame tarpininkai, kurie padeda abiems tapti laimingesniems ???? \u017dinome kaip nelengva i\u0161gyventi ma\u017eiems verslams, tad nuo \u0161iol, \u010dia rasite ir kit\u0173, ma\u017e\u0173 \u0161eim\u0173 versl\u0173, rank\u0173 darbo, dovan\u0173 sau ir artimiesiems.","publisher":{"@id":"https:\/\/skaitytaknyga.lt\/#organization"},"potentialAction":[{"@type":"SearchAction","target":{"@type":"EntryPoint","urlTemplate":"https:\/\/skaitytaknyga.lt\/?s={search_term_string}"},"query-input":{"@type":"PropertyValueSpecification","valueRequired":true,"valueName":"search_term_string"}}],"inLanguage":"en-GB"},{"@type":"Organization","@id":"https:\/\/skaitytaknyga.lt\/#organization","name":"skaitytaknyga.lt","url":"https:\/\/skaitytaknyga.lt\/","logo":{"@type":"ImageObject","inLanguage":"en-GB","@id":"https:\/\/skaitytaknyga.lt\/#\/schema\/logo\/image\/","url":"https:\/\/skaitytaknyga.lt\/wp-content\/uploads\/2024\/05\/cropped-cropped-cropped-02_00843_jt3bggkj1j3HLc7SyY6rEUpg.jpeg","contentUrl":"https:\/\/skaitytaknyga.lt\/wp-content\/uploads\/2024\/05\/cropped-cropped-cropped-02_00843_jt3bggkj1j3HLc7SyY6rEUpg.jpeg","width":1600,"height":1600,"caption":"skaitytaknyga.lt"},"image":{"@id":"https:\/\/skaitytaknyga.lt\/#\/schema\/logo\/image\/"},"sameAs":["https:\/\/www.facebook.com\/skaitytaknyga\/"]}]}},"_links":{"self":[{"href":"https:\/\/skaitytaknyga.lt\/en\/wp-json\/wp\/v2\/product\/7445","targetHints":{"allow":["GET"]}}],"collection":[{"href":"https:\/\/skaitytaknyga.lt\/en\/wp-json\/wp\/v2\/product"}],"about":[{"href":"https:\/\/skaitytaknyga.lt\/en\/wp-json\/wp\/v2\/types\/product"}],"replies":[{"embeddable":true,"href":"https:\/\/skaitytaknyga.lt\/en\/wp-json\/wp\/v2\/comments?post=7445"}],"wp:featuredmedia":[{"embeddable":true,"href":"https:\/\/skaitytaknyga.lt\/en\/wp-json\/wp\/v2\/media\/2333"}],"wp:attachment":[{"href":"https:\/\/skaitytaknyga.lt\/en\/wp-json\/wp\/v2\/media?parent=7445"}],"wp:term":[{"taxonomy":"product_brand","embeddable":true,"href":"https:\/\/skaitytaknyga.lt\/en\/wp-json\/wp\/v2\/product_brand?post=7445"},{"taxonomy":"product_cat","embeddable":true,"href":"https:\/\/skaitytaknyga.lt\/en\/wp-json\/wp\/v2\/product_cat?post=7445"},{"taxonomy":"product_tag","embeddable":true,"href":"https:\/\/skaitytaknyga.lt\/en\/wp-json\/wp\/v2\/product_tag?post=7445"}],"curies":[{"name":"wp","href":"https:\/\/api.w.org\/{rel}","templated":true}]}}