{"id":7419,"date":"2024-05-04T14:29:16","date_gmt":"2024-05-04T14:29:16","guid":{"rendered":"https:\/\/skaitytaknyga.lt\/?post_type=product&#038;p=7419"},"modified":"2025-12-06T22:29:26","modified_gmt":"2025-12-06T20:29:26","slug":"victor-hugo-paryziaus-katedra","status":"publish","type":"product","link":"https:\/\/skaitytaknyga.lt\/en\/produktas\/victor-hugo-paryziaus-katedra\/","title":{"rendered":"Victor Hugo \u201ePary\u017eiaus katedra\u201c"},"content":{"rendered":"<p><strong>\u201ePary\u017eiaus katedra&#8221;<\/strong>\u00a0\u2013 vienas pirm\u0173j\u0173 did\u017eiojo pranc\u016bz\u0173 ra\u0161ytojo\u00a0<strong>V. Hugo<\/strong>\u00a0veikal\u0173. Jame talentingai pavaizduotas romanti\u0161kas, spalvingas, dramati\u0161k\u0173 \u012fvyki\u0173 kupinas Pary\u017eiaus gyvenimo paveikslas, kurio centre \u2013<strong>\u00a0Dievo Motinos katedra<\/strong>, tuometinio Pary\u017eiaus \u0161irdis. Katedros pap\u0117d\u0117je sud\u016b\u017eta ne vieno herojaus likimas. O labiausiai skaitytoj\u0105 sukre\u010dia tragi\u0161ka \u010digon\u0173 pagrobtos ir i\u0161augintos \u0161e\u0161iolikmet\u0117s mergait\u0117s Esmeraldos meil\u0117s istorija.<\/p>\n<ul class=\"about-product d-none d-xl-block mt-4\">\n<li><strong>Autorius:<\/strong>\u00a0<a href=\"https:\/\/skaitytaknyga.lt\/?s=hugo&#038;post_type=product&#038;dgwt_wcas=1\">Victor Hugo<\/a><\/li>\n<li><strong>Leid\u0117jas:<\/strong>\u00a0Vaga<\/li>\n<li><strong>Metai:<\/strong>\u00a01983<\/li>\n<li><strong>Puslapiai:<\/strong>\u00a0430<\/li>\n<li><strong>Formatas:<\/strong>\u00a014,5 x 21 cm, kieti vir\u0161eliai<\/li>\n<li><strong>Kalba:<\/strong>\u00a0Lietuvi\u0173<\/li>\n<li><strong>Vert\u0117jas:<\/strong>\u00a0J. Maceinien\u0117<\/li>\n<\/ul>\n","protected":false},"excerpt":{"rendered":"<p>\u201ePary\u017eiaus katedra&#8221;\u00a0\u2013 vienas pirm\u0173j\u0173 did\u017eiojo pranc\u016bz\u0173 ra\u0161ytojo\u00a0V. Hugo\u00a0veikal\u0173. Jame talentingai pavaizduotas romanti\u0161kas, spalvingas, dramati\u0161k\u0173 \u012fvyki\u0173 kupinas Pary\u017eiaus gyvenimo paveikslas, kurio centre \u2013\u00a0Dievo Motinos katedra, tuometinio Pary\u017eiaus \u0161irdis. Katedros pap\u0117d\u0117je sud\u016b\u017eta ne vieno herojaus likimas. O labiausiai skaitytoj\u0105 sukre\u010dia tragi\u0161ka \u010digon\u0173 pagrobtos ir i\u0161augintos \u0161e\u0161iolikmet\u0117s mergait\u0117s Esmeraldos meil\u0117s istorija. Autorius:\u00a0Victor Hugo Leid\u0117jas:\u00a0Vaga Metai:\u00a01983 Puslapiai:\u00a0430 Formatas:\u00a014,5 x 21 cm, kieti vir\u0161eliai Kalba:\u00a0Lietuvi\u0173 Vert\u0117jas:\u00a0J. Maceinien\u0117<\/p>\n","protected":false},"featured_media":2271,"comment_status":"closed","ping_status":"closed","template":"","meta":{"_acf_changed":false,"site-sidebar-layout":"default","site-content-layout":"","ast-site-content-layout":"default","site-content-style":"default","site-sidebar-style":"default","ast-global-header-display":"","ast-banner-title-visibility":"","ast-main-header-display":"","ast-hfb-above-header-display":"","ast-hfb-below-header-display":"","ast-hfb-mobile-header-display":"","site-post-title":"","ast-breadcrumbs-content":"","ast-featured-img":"","footer-sml-layout":"","ast-disable-related-posts":"","theme-transparent-header-meta":"default","adv-header-id-meta":"","stick-header-meta":"","header-above-stick-meta":"","header-main-stick-meta":"","header-below-stick-meta":"","astra-migrate-meta-layouts":"set","ast-page-background-enabled":"default","ast-page-background-meta":{"desktop":{"background-color":"","background-image":"","background-repeat":"repeat","background-position":"center center","background-size":"auto","background-attachment":"scroll","background-type":"","background-media":"","overlay-type":"","overlay-color":"","overlay-opacity":"","overlay-gradient":""},"tablet":{"background-color":"","background-image":"","background-repeat":"repeat","background-position":"center center","background-size":"auto","background-attachment":"scroll","background-type":"","background-media":"","overlay-type":"","overlay-color":"","overlay-opacity":"","overlay-gradient":""},"mobile":{"background-color":"","background-image":"","background-repeat":"repeat","background-position":"center center","background-size":"auto","background-attachment":"scroll","background-type":"","background-media":"","overlay-type":"","overlay-color":"","overlay-opacity":"","overlay-gradient":""}},"ast-content-background-meta":{"desktop":{"background-color":"var(--ast-global-color-4)","background-image":"","background-repeat":"repeat","background-position":"center center","background-size":"auto","background-attachment":"scroll","background-type":"","background-media":"","overlay-type":"","overlay-color":"","overlay-opacity":"","overlay-gradient":""},"tablet":{"background-color":"var(--ast-global-color-4)","background-image":"","background-repeat":"repeat","background-position":"center center","background-size":"auto","background-attachment":"scroll","background-type":"","background-media":"","overlay-type":"","overlay-color":"","overlay-opacity":"","overlay-gradient":""},"mobile":{"background-color":"var(--ast-global-color-4)","background-image":"","background-repeat":"repeat","background-position":"center center","background-size":"auto","background-attachment":"scroll","background-type":"","background-media":"","overlay-type":"","overlay-color":"","overlay-opacity":"","overlay-gradient":""}}},"product_brand":[],"product_cat":[28],"product_tag":[],"class_list":{"0":"post-7419","1":"product","2":"type-product","3":"status-publish","4":"has-post-thumbnail","6":"product_cat-klasika","7":"desktop-align-left","8":"tablet-align-left","9":"mobile-align-left","11":"first","12":"instock","13":"shipping-taxable","14":"purchasable","15":"product-type-simple"},"acf":[],"yoast_head":"<!-- This site is optimized with the Yoast SEO plugin v27.4 - https:\/\/yoast.com\/product\/yoast-seo-wordpress\/ -->\n<title>Victor Hugo \u201ePary\u017eiaus katedra\u201c<\/title>\n<meta name=\"description\" content=\"\u201ePary\u017eiaus katedra&quot;\u00a0\u2013 vienas pirm\u0173j\u0173 did\u017eiojo pranc\u016bz\u0173 ra\u0161ytojo\u00a0V. Hugo\u00a0veikal\u0173. Jame talentingai pavaizduotas romanti\u0161kas, spalvingas, dramati\u0161k\u0173 \u012fvyki\u0173\" \/>\n<meta name=\"robots\" content=\"index, follow, max-snippet:-1, max-image-preview:large, max-video-preview:-1\" \/>\n<link rel=\"canonical\" href=\"https:\/\/skaitytaknyga.lt\/en\/produktas\/victor-hugo-paryziaus-katedra\/\" \/>\n<meta property=\"og:locale\" content=\"en_GB\" \/>\n<meta property=\"og:locale:alternate\" content=\"lt_LT\" \/>\n<meta property=\"og:type\" content=\"article\" \/>\n<meta property=\"og:title\" content=\"Victor Hugo \u201ePary\u017eiaus katedra\u201c\" \/>\n<meta property=\"og:description\" content=\"\u201ePary\u017eiaus katedra&quot;\u00a0\u2013 vienas pirm\u0173j\u0173 did\u017eiojo pranc\u016bz\u0173 ra\u0161ytojo\u00a0V. Hugo\u00a0veikal\u0173. Jame talentingai pavaizduotas romanti\u0161kas, spalvingas, dramati\u0161k\u0173 \u012fvyki\u0173\" \/>\n<meta property=\"og:url\" content=\"https:\/\/skaitytaknyga.lt\/en\/produktas\/victor-hugo-paryziaus-katedra\/\" \/>\n<meta property=\"og:site_name\" content=\"Skaitytaknyga\" \/>\n<meta property=\"article:publisher\" content=\"https:\/\/www.facebook.com\/skaitytaknyga\/\" \/>\n<meta property=\"article:modified_time\" content=\"2025-12-06T20:29:26+00:00\" \/>\n<meta property=\"og:image\" content=\"https:\/\/skaitytaknyga.lt\/wp-content\/uploads\/2024\/04\/003301-paryziaus-katedra.jpg\" \/>\n\t<meta property=\"og:image:width\" content=\"513\" \/>\n\t<meta property=\"og:image:height\" content=\"800\" \/>\n\t<meta property=\"og:image:type\" content=\"image\/jpeg\" \/>\n<meta name=\"twitter:card\" content=\"summary_large_image\" \/>\n<meta name=\"twitter:label1\" content=\"Estimated reading time\" \/>\n\t<meta name=\"twitter:data1\" content=\"1 minute\" \/>\n<script type=\"application\/ld+json\" class=\"yoast-schema-graph\">{\"@context\":\"https:\\\/\\\/schema.org\",\"@graph\":[{\"@type\":\"WebPage\",\"@id\":\"https:\\\/\\\/skaitytaknyga.lt\\\/produktas\\\/victor-hugo-paryziaus-katedra\\\/\",\"url\":\"https:\\\/\\\/skaitytaknyga.lt\\\/produktas\\\/victor-hugo-paryziaus-katedra\\\/\",\"name\":\"Victor Hugo \u201ePary\u017eiaus katedra\u201c\",\"isPartOf\":{\"@id\":\"https:\\\/\\\/skaitytaknyga.lt\\\/#website\"},\"primaryImageOfPage\":{\"@id\":\"https:\\\/\\\/skaitytaknyga.lt\\\/produktas\\\/victor-hugo-paryziaus-katedra\\\/#primaryimage\"},\"image\":{\"@id\":\"https:\\\/\\\/skaitytaknyga.lt\\\/produktas\\\/victor-hugo-paryziaus-katedra\\\/#primaryimage\"},\"thumbnailUrl\":\"https:\\\/\\\/skaitytaknyga.lt\\\/wp-content\\\/uploads\\\/2024\\\/04\\\/003301-paryziaus-katedra.jpg\",\"datePublished\":\"2024-05-04T14:29:16+00:00\",\"dateModified\":\"2025-12-06T20:29:26+00:00\",\"description\":\"\u201ePary\u017eiaus katedra\\\"\u00a0\u2013 vienas pirm\u0173j\u0173 did\u017eiojo pranc\u016bz\u0173 ra\u0161ytojo\u00a0V. Hugo\u00a0veikal\u0173. Jame talentingai pavaizduotas romanti\u0161kas, spalvingas, dramati\u0161k\u0173 \u012fvyki\u0173\",\"breadcrumb\":{\"@id\":\"https:\\\/\\\/skaitytaknyga.lt\\\/produktas\\\/victor-hugo-paryziaus-katedra\\\/#breadcrumb\"},\"inLanguage\":\"en-GB\",\"potentialAction\":[{\"@type\":\"ReadAction\",\"target\":[\"https:\\\/\\\/skaitytaknyga.lt\\\/produktas\\\/victor-hugo-paryziaus-katedra\\\/\"]}]},{\"@type\":\"ImageObject\",\"inLanguage\":\"en-GB\",\"@id\":\"https:\\\/\\\/skaitytaknyga.lt\\\/produktas\\\/victor-hugo-paryziaus-katedra\\\/#primaryimage\",\"url\":\"https:\\\/\\\/skaitytaknyga.lt\\\/wp-content\\\/uploads\\\/2024\\\/04\\\/003301-paryziaus-katedra.jpg\",\"contentUrl\":\"https:\\\/\\\/skaitytaknyga.lt\\\/wp-content\\\/uploads\\\/2024\\\/04\\\/003301-paryziaus-katedra.jpg\",\"width\":513,\"height\":800,\"caption\":\"003301 paryziaus katedra\"},{\"@type\":\"BreadcrumbList\",\"@id\":\"https:\\\/\\\/skaitytaknyga.lt\\\/produktas\\\/victor-hugo-paryziaus-katedra\\\/#breadcrumb\",\"itemListElement\":[{\"@type\":\"ListItem\",\"position\":1,\"name\":\"Home\",\"item\":\"https:\\\/\\\/skaitytaknyga.lt\\\/\"},{\"@type\":\"ListItem\",\"position\":2,\"name\":\"Parduotuv\u0117\",\"item\":\"https:\\\/\\\/skaitytaknyga.lt\\\/knygu-parduotuve\\\/\"},{\"@type\":\"ListItem\",\"position\":3,\"name\":\"Victor Hugo \u201ePary\u017eiaus katedra\u201c\"}]},{\"@type\":\"WebSite\",\"@id\":\"https:\\\/\\\/skaitytaknyga.lt\\\/#website\",\"url\":\"https:\\\/\\\/skaitytaknyga.lt\\\/\",\"name\":\"skaitytaknyga.lt\",\"description\":\"Skaitytaknyga.lt \u2013 tai ma\u017eas \u0161eimos verslas, kuris prasid\u0117jo nuo meil\u0117s knygoms ir siekio i\u0161gelb\u0117ti knygas nuo likimo prie konteinerio. Kas vienam nereikalingas daiktas \u2013 kitam lobis, o mes esame tarpininkai, kurie padeda abiems tapti laimingesniems ???? \u017dinome kaip nelengva i\u0161gyventi ma\u017eiems verslams, tad nuo \u0161iol, \u010dia rasite ir kit\u0173, ma\u017e\u0173 \u0161eim\u0173 versl\u0173, rank\u0173 darbo, dovan\u0173 sau ir artimiesiems.\",\"publisher\":{\"@id\":\"https:\\\/\\\/skaitytaknyga.lt\\\/#organization\"},\"potentialAction\":[{\"@type\":\"SearchAction\",\"target\":{\"@type\":\"EntryPoint\",\"urlTemplate\":\"https:\\\/\\\/skaitytaknyga.lt\\\/?s={search_term_string}\"},\"query-input\":{\"@type\":\"PropertyValueSpecification\",\"valueRequired\":true,\"valueName\":\"search_term_string\"}}],\"inLanguage\":\"en-GB\"},{\"@type\":\"Organization\",\"@id\":\"https:\\\/\\\/skaitytaknyga.lt\\\/#organization\",\"name\":\"skaitytaknyga.lt\",\"url\":\"https:\\\/\\\/skaitytaknyga.lt\\\/\",\"logo\":{\"@type\":\"ImageObject\",\"inLanguage\":\"en-GB\",\"@id\":\"https:\\\/\\\/skaitytaknyga.lt\\\/#\\\/schema\\\/logo\\\/image\\\/\",\"url\":\"https:\\\/\\\/skaitytaknyga.lt\\\/wp-content\\\/uploads\\\/2024\\\/05\\\/cropped-cropped-cropped-02_00843_jt3bggkj1j3HLc7SyY6rEUpg.jpeg\",\"contentUrl\":\"https:\\\/\\\/skaitytaknyga.lt\\\/wp-content\\\/uploads\\\/2024\\\/05\\\/cropped-cropped-cropped-02_00843_jt3bggkj1j3HLc7SyY6rEUpg.jpeg\",\"width\":1600,\"height\":1600,\"caption\":\"skaitytaknyga.lt\"},\"image\":{\"@id\":\"https:\\\/\\\/skaitytaknyga.lt\\\/#\\\/schema\\\/logo\\\/image\\\/\"},\"sameAs\":[\"https:\\\/\\\/www.facebook.com\\\/skaitytaknyga\\\/\"]}]}<\/script>\n<!-- \/ Yoast SEO plugin. -->","yoast_head_json":{"title":"Victor Hugo \u201ePary\u017eiaus katedra\u201c","description":"\u201ePary\u017eiaus katedra\"\u00a0\u2013 vienas pirm\u0173j\u0173 did\u017eiojo pranc\u016bz\u0173 ra\u0161ytojo\u00a0V. Hugo\u00a0veikal\u0173. Jame talentingai pavaizduotas romanti\u0161kas, spalvingas, dramati\u0161k\u0173 \u012fvyki\u0173","robots":{"index":"index","follow":"follow","max-snippet":"max-snippet:-1","max-image-preview":"max-image-preview:large","max-video-preview":"max-video-preview:-1"},"canonical":"https:\/\/skaitytaknyga.lt\/en\/produktas\/victor-hugo-paryziaus-katedra\/","og_locale":"en_GB","og_type":"article","og_title":"[:lt]Victor Hugo \u201ePary\u017eiaus katedra\u201c[:] - Skaitytaknyga","og_description":"\u201ePary\u017eiaus katedra\"\u00a0\u2013 vienas pirm\u0173j\u0173 did\u017eiojo pranc\u016bz\u0173 ra\u0161ytojo\u00a0V. Hugo\u00a0veikal\u0173. Jame talentingai pavaizduotas romanti\u0161kas, spalvingas, dramati\u0161k\u0173 \u012fvyki\u0173","og_url":"https:\/\/skaitytaknyga.lt\/en\/produktas\/victor-hugo-paryziaus-katedra\/","og_site_name":"Skaitytaknyga","article_publisher":"https:\/\/www.facebook.com\/skaitytaknyga\/","article_modified_time":"2025-12-06T20:29:26+00:00","og_image":[{"width":513,"height":800,"url":"https:\/\/skaitytaknyga.lt\/wp-content\/uploads\/2024\/04\/003301-paryziaus-katedra.jpg","type":"image\/jpeg"}],"twitter_card":"summary_large_image","twitter_misc":{"Estimated reading time":"1 minute"},"schema":{"@context":"https:\/\/schema.org","@graph":[{"@type":"WebPage","@id":"https:\/\/skaitytaknyga.lt\/produktas\/victor-hugo-paryziaus-katedra\/","url":"https:\/\/skaitytaknyga.lt\/produktas\/victor-hugo-paryziaus-katedra\/","name":"Victor Hugo \u201ePary\u017eiaus katedra\u201c","isPartOf":{"@id":"https:\/\/skaitytaknyga.lt\/#website"},"primaryImageOfPage":{"@id":"https:\/\/skaitytaknyga.lt\/produktas\/victor-hugo-paryziaus-katedra\/#primaryimage"},"image":{"@id":"https:\/\/skaitytaknyga.lt\/produktas\/victor-hugo-paryziaus-katedra\/#primaryimage"},"thumbnailUrl":"https:\/\/skaitytaknyga.lt\/wp-content\/uploads\/2024\/04\/003301-paryziaus-katedra.jpg","datePublished":"2024-05-04T14:29:16+00:00","dateModified":"2025-12-06T20:29:26+00:00","description":"\u201ePary\u017eiaus katedra\"\u00a0\u2013 vienas pirm\u0173j\u0173 did\u017eiojo pranc\u016bz\u0173 ra\u0161ytojo\u00a0V. Hugo\u00a0veikal\u0173. Jame talentingai pavaizduotas romanti\u0161kas, spalvingas, dramati\u0161k\u0173 \u012fvyki\u0173","breadcrumb":{"@id":"https:\/\/skaitytaknyga.lt\/produktas\/victor-hugo-paryziaus-katedra\/#breadcrumb"},"inLanguage":"en-GB","potentialAction":[{"@type":"ReadAction","target":["https:\/\/skaitytaknyga.lt\/produktas\/victor-hugo-paryziaus-katedra\/"]}]},{"@type":"ImageObject","inLanguage":"en-GB","@id":"https:\/\/skaitytaknyga.lt\/produktas\/victor-hugo-paryziaus-katedra\/#primaryimage","url":"https:\/\/skaitytaknyga.lt\/wp-content\/uploads\/2024\/04\/003301-paryziaus-katedra.jpg","contentUrl":"https:\/\/skaitytaknyga.lt\/wp-content\/uploads\/2024\/04\/003301-paryziaus-katedra.jpg","width":513,"height":800,"caption":"003301 paryziaus katedra"},{"@type":"BreadcrumbList","@id":"https:\/\/skaitytaknyga.lt\/produktas\/victor-hugo-paryziaus-katedra\/#breadcrumb","itemListElement":[{"@type":"ListItem","position":1,"name":"Home","item":"https:\/\/skaitytaknyga.lt\/"},{"@type":"ListItem","position":2,"name":"Parduotuv\u0117","item":"https:\/\/skaitytaknyga.lt\/knygu-parduotuve\/"},{"@type":"ListItem","position":3,"name":"Victor Hugo \u201ePary\u017eiaus katedra\u201c"}]},{"@type":"WebSite","@id":"https:\/\/skaitytaknyga.lt\/#website","url":"https:\/\/skaitytaknyga.lt\/","name":"skaitytaknyga.lt","description":"Skaitytaknyga.lt \u2013 tai ma\u017eas \u0161eimos verslas, kuris prasid\u0117jo nuo meil\u0117s knygoms ir siekio i\u0161gelb\u0117ti knygas nuo likimo prie konteinerio. Kas vienam nereikalingas daiktas \u2013 kitam lobis, o mes esame tarpininkai, kurie padeda abiems tapti laimingesniems ???? \u017dinome kaip nelengva i\u0161gyventi ma\u017eiems verslams, tad nuo \u0161iol, \u010dia rasite ir kit\u0173, ma\u017e\u0173 \u0161eim\u0173 versl\u0173, rank\u0173 darbo, dovan\u0173 sau ir artimiesiems.","publisher":{"@id":"https:\/\/skaitytaknyga.lt\/#organization"},"potentialAction":[{"@type":"SearchAction","target":{"@type":"EntryPoint","urlTemplate":"https:\/\/skaitytaknyga.lt\/?s={search_term_string}"},"query-input":{"@type":"PropertyValueSpecification","valueRequired":true,"valueName":"search_term_string"}}],"inLanguage":"en-GB"},{"@type":"Organization","@id":"https:\/\/skaitytaknyga.lt\/#organization","name":"skaitytaknyga.lt","url":"https:\/\/skaitytaknyga.lt\/","logo":{"@type":"ImageObject","inLanguage":"en-GB","@id":"https:\/\/skaitytaknyga.lt\/#\/schema\/logo\/image\/","url":"https:\/\/skaitytaknyga.lt\/wp-content\/uploads\/2024\/05\/cropped-cropped-cropped-02_00843_jt3bggkj1j3HLc7SyY6rEUpg.jpeg","contentUrl":"https:\/\/skaitytaknyga.lt\/wp-content\/uploads\/2024\/05\/cropped-cropped-cropped-02_00843_jt3bggkj1j3HLc7SyY6rEUpg.jpeg","width":1600,"height":1600,"caption":"skaitytaknyga.lt"},"image":{"@id":"https:\/\/skaitytaknyga.lt\/#\/schema\/logo\/image\/"},"sameAs":["https:\/\/www.facebook.com\/skaitytaknyga\/"]}]}},"_links":{"self":[{"href":"https:\/\/skaitytaknyga.lt\/en\/wp-json\/wp\/v2\/product\/7419","targetHints":{"allow":["GET"]}}],"collection":[{"href":"https:\/\/skaitytaknyga.lt\/en\/wp-json\/wp\/v2\/product"}],"about":[{"href":"https:\/\/skaitytaknyga.lt\/en\/wp-json\/wp\/v2\/types\/product"}],"replies":[{"embeddable":true,"href":"https:\/\/skaitytaknyga.lt\/en\/wp-json\/wp\/v2\/comments?post=7419"}],"wp:featuredmedia":[{"embeddable":true,"href":"https:\/\/skaitytaknyga.lt\/en\/wp-json\/wp\/v2\/media\/2271"}],"wp:attachment":[{"href":"https:\/\/skaitytaknyga.lt\/en\/wp-json\/wp\/v2\/media?parent=7419"}],"wp:term":[{"taxonomy":"product_brand","embeddable":true,"href":"https:\/\/skaitytaknyga.lt\/en\/wp-json\/wp\/v2\/product_brand?post=7419"},{"taxonomy":"product_cat","embeddable":true,"href":"https:\/\/skaitytaknyga.lt\/en\/wp-json\/wp\/v2\/product_cat?post=7419"},{"taxonomy":"product_tag","embeddable":true,"href":"https:\/\/skaitytaknyga.lt\/en\/wp-json\/wp\/v2\/product_tag?post=7419"}],"curies":[{"name":"wp","href":"https:\/\/api.w.org\/{rel}","templated":true}]}}