{"id":7416,"date":"2024-05-04T17:29:16","date_gmt":"2024-05-04T14:29:16","guid":{"rendered":"https:\/\/skaitytaknyga.lt\/?post_type=product&#038;p=7416"},"modified":"2025-10-04T19:15:57","modified_gmt":"2025-10-04T16:15:57","slug":"oliverio-tvisto-nuotykiai","status":"publish","type":"product","link":"https:\/\/skaitytaknyga.lt\/en\/produktas\/oliverio-tvisto-nuotykiai\/","title":{"rendered":"Oliverio Tvisto nuotykiai"},"content":{"rendered":"<p>\u201eOliverio Tvisto nuotykiai\u201c \u2013 \u017eymiausio XIX a. angl\u0173 romanisto Charleso Dickenso  (1812 \u2013 1870) romanas, sukurtas 1837 \u2013 1839 m., kuriame su humoru ir begaline \u0161iluma pasakojama apie varg\u0161\u0105 na\u0161lait\u012f berniuk\u0105, kuriam nedori \u017emon\u0117s at\u0117m\u0117 visk\u0105 \u2013 vard\u0105, turt\u0105, motin\u0105, privert\u0117 j\u012f kent\u0117ti varg\u0105 ir pa\u017eeminim\u0105, atidav\u0117 \u012f nusikalt\u0117li\u0173 rankas. Ta\u010diau berniuko \u0161irdis i\u0161liko \u0161velni ir dora, tad gal\u0173 gale jam buvo atlyginta \u2013 jis \u012fgijo \u0161eim\u0105 ir r\u016bpesting\u0105 guod\u0117j\u0105.<\/p>\n","protected":false},"excerpt":{"rendered":"<p>&#8220;Oliverio Tvisto nuotykiai&#8221; \u2013 \u017eymiausio XIX a. angl\u0173 romanisto Charleso Dickenso (1812\u20131870) romanas, sukurtas 1837\u20131839 m., kuriame su humoru ir begaline \u0161iluma pasakojama apie varg\u0161\u0105 na\u0161lait\u012f berniuk\u0105, kuriam nedori \u017emon\u0117s at\u0117m\u0117 visk\u0105 \u2013 vard\u0105, turt\u0105, motin\u0105, privert\u0117 j\u012f kent\u0117ti varg\u0105 ir pa\u017eeminim\u0105, atidav\u0117 \u012f nusikalt\u0117li\u0173 rankas. Ta\u010diau berniuko \u0161irdis i\u0161liko \u0161velni ir dora, tad gal\u0173 gale jam buvo atlyginta \u2013 jis \u012fgijo \u0161eim\u0105 ir r\u016bpesting\u0105 gob\u0117j\u0105.<\/p>\n","protected":false},"featured_media":2268,"comment_status":"closed","ping_status":"closed","template":"","meta":{"_acf_changed":false,"site-sidebar-layout":"default","site-content-layout":"","ast-site-content-layout":"default","site-content-style":"default","site-sidebar-style":"default","ast-global-header-display":"","ast-banner-title-visibility":"","ast-main-header-display":"","ast-hfb-above-header-display":"","ast-hfb-below-header-display":"","ast-hfb-mobile-header-display":"","site-post-title":"","ast-breadcrumbs-content":"","ast-featured-img":"","footer-sml-layout":"","ast-disable-related-posts":"","theme-transparent-header-meta":"","adv-header-id-meta":"","stick-header-meta":"","header-above-stick-meta":"","header-main-stick-meta":"","header-below-stick-meta":"","astra-migrate-meta-layouts":"default","ast-page-background-enabled":"default","ast-page-background-meta":{"desktop":{"background-color":"","background-image":"","background-repeat":"repeat","background-position":"center center","background-size":"auto","background-attachment":"scroll","background-type":"","background-media":"","overlay-type":"","overlay-color":"","overlay-opacity":"","overlay-gradient":""},"tablet":{"background-color":"","background-image":"","background-repeat":"repeat","background-position":"center center","background-size":"auto","background-attachment":"scroll","background-type":"","background-media":"","overlay-type":"","overlay-color":"","overlay-opacity":"","overlay-gradient":""},"mobile":{"background-color":"","background-image":"","background-repeat":"repeat","background-position":"center center","background-size":"auto","background-attachment":"scroll","background-type":"","background-media":"","overlay-type":"","overlay-color":"","overlay-opacity":"","overlay-gradient":""}},"ast-content-background-meta":{"desktop":{"background-color":"var(--ast-global-color-4)","background-image":"","background-repeat":"repeat","background-position":"center center","background-size":"auto","background-attachment":"scroll","background-type":"","background-media":"","overlay-type":"","overlay-color":"","overlay-opacity":"","overlay-gradient":""},"tablet":{"background-color":"var(--ast-global-color-4)","background-image":"","background-repeat":"repeat","background-position":"center center","background-size":"auto","background-attachment":"scroll","background-type":"","background-media":"","overlay-type":"","overlay-color":"","overlay-opacity":"","overlay-gradient":""},"mobile":{"background-color":"var(--ast-global-color-4)","background-image":"","background-repeat":"repeat","background-position":"center center","background-size":"auto","background-attachment":"scroll","background-type":"","background-media":"","overlay-type":"","overlay-color":"","overlay-opacity":"","overlay-gradient":""}}},"product_brand":[],"product_cat":[35],"product_tag":[],"class_list":{"0":"post-7416","1":"product","2":"type-product","3":"status-publish","4":"has-post-thumbnail","6":"product_cat-vaikams-ir-paaugliams","7":"desktop-align-left","8":"tablet-align-left","9":"mobile-align-left","11":"first","12":"instock","13":"shipping-taxable","14":"purchasable","15":"product-type-simple"},"acf":[],"yoast_head":"<!-- This site is optimized with the Yoast SEO plugin v27.4 - https:\/\/yoast.com\/product\/yoast-seo-wordpress\/ -->\n<title>Oliverio Tvisto nuotykiai<\/title>\n<meta name=\"description\" content=\"&quot;Oliverio Tvisto nuotykiai&quot; \u2013 \u017eymiausio XIX a. angl\u0173 romanisto Charleso Dickenso (1812\u20131870) romanas, sukurtas 1837\u20131839 m., kuriame su humoru ir begaline \u0161iluma pasakojama apie varg\u0161\u0105 na\u0161lait\u012f berniuk\u0105, kuriam nedori \u017emon\u0117s at\u0117m\u0117 visk\u0105 \u2013 vard\u0105, turt\u0105, motin\u0105, privert\u0117 j\u012f kent\u0117ti varg\u0105 ir pa\u017eeminim\u0105, atidav\u0117 \u012f nusikalt\u0117li\u0173 rankas. Ta\u010diau berniuko \u0161irdis i\u0161liko \u0161velni ir dora, tad gal\u0173 gale jam buvo atlyginta \u2013 jis \u012fgijo \u0161eim\u0105 ir r\u016bpesting\u0105 gob\u0117j\u0105.\" \/>\n<meta name=\"robots\" content=\"index, follow, max-snippet:-1, max-image-preview:large, max-video-preview:-1\" \/>\n<link rel=\"canonical\" href=\"https:\/\/skaitytaknyga.lt\/en\/produktas\/oliverio-tvisto-nuotykiai\/\" \/>\n<meta property=\"og:locale\" content=\"en_GB\" \/>\n<meta property=\"og:locale:alternate\" content=\"lt_LT\" \/>\n<meta property=\"og:type\" content=\"article\" \/>\n<meta property=\"og:title\" content=\"Oliverio Tvisto nuotykiai\" \/>\n<meta property=\"og:description\" content=\"&quot;Oliverio Tvisto nuotykiai&quot; \u2013 \u017eymiausio XIX a. angl\u0173 romanisto Charleso Dickenso (1812\u20131870) romanas, sukurtas 1837\u20131839 m., kuriame su humoru ir begaline \u0161iluma pasakojama apie varg\u0161\u0105 na\u0161lait\u012f berniuk\u0105, kuriam nedori \u017emon\u0117s at\u0117m\u0117 visk\u0105 \u2013 vard\u0105, turt\u0105, motin\u0105, privert\u0117 j\u012f kent\u0117ti varg\u0105 ir pa\u017eeminim\u0105, atidav\u0117 \u012f nusikalt\u0117li\u0173 rankas. Ta\u010diau berniuko \u0161irdis i\u0161liko \u0161velni ir dora, tad gal\u0173 gale jam buvo atlyginta \u2013 jis \u012fgijo \u0161eim\u0105 ir r\u016bpesting\u0105 gob\u0117j\u0105.\" \/>\n<meta property=\"og:url\" content=\"https:\/\/skaitytaknyga.lt\/en\/produktas\/oliverio-tvisto-nuotykiai\/\" \/>\n<meta property=\"og:site_name\" content=\"Skaitytaknyga\" \/>\n<meta property=\"article:publisher\" content=\"https:\/\/www.facebook.com\/skaitytaknyga\/\" \/>\n<meta property=\"article:modified_time\" content=\"2025-10-04T16:15:57+00:00\" \/>\n<meta property=\"og:image\" content=\"https:\/\/skaitytaknyga.lt\/wp-content\/uploads\/2024\/04\/185835-20201007-012107-1.jpg\" \/>\n\t<meta property=\"og:image:width\" content=\"519\" \/>\n\t<meta property=\"og:image:height\" content=\"800\" \/>\n\t<meta property=\"og:image:type\" content=\"image\/jpeg\" \/>\n<meta name=\"twitter:card\" content=\"summary_large_image\" \/>\n<script type=\"application\/ld+json\" class=\"yoast-schema-graph\">{\"@context\":\"https:\\\/\\\/schema.org\",\"@graph\":[{\"@type\":\"WebPage\",\"@id\":\"https:\\\/\\\/skaitytaknyga.lt\\\/produktas\\\/oliverio-tvisto-nuotykiai\\\/\",\"url\":\"https:\\\/\\\/skaitytaknyga.lt\\\/produktas\\\/oliverio-tvisto-nuotykiai\\\/\",\"name\":\"Oliverio Tvisto nuotykiai\",\"isPartOf\":{\"@id\":\"https:\\\/\\\/skaitytaknyga.lt\\\/#website\"},\"primaryImageOfPage\":{\"@id\":\"https:\\\/\\\/skaitytaknyga.lt\\\/produktas\\\/oliverio-tvisto-nuotykiai\\\/#primaryimage\"},\"image\":{\"@id\":\"https:\\\/\\\/skaitytaknyga.lt\\\/produktas\\\/oliverio-tvisto-nuotykiai\\\/#primaryimage\"},\"thumbnailUrl\":\"https:\\\/\\\/skaitytaknyga.lt\\\/wp-content\\\/uploads\\\/2024\\\/04\\\/185835-20201007-012107-1.jpg\",\"datePublished\":\"2024-05-04T14:29:16+00:00\",\"dateModified\":\"2025-10-04T16:15:57+00:00\",\"description\":\"\\\"Oliverio Tvisto nuotykiai\\\" \u2013 \u017eymiausio XIX a. angl\u0173 romanisto Charleso Dickenso (1812\u20131870) romanas, sukurtas 1837\u20131839 m., kuriame su humoru ir begaline \u0161iluma pasakojama apie varg\u0161\u0105 na\u0161lait\u012f berniuk\u0105, kuriam nedori \u017emon\u0117s at\u0117m\u0117 visk\u0105 \u2013 vard\u0105, turt\u0105, motin\u0105, privert\u0117 j\u012f kent\u0117ti varg\u0105 ir pa\u017eeminim\u0105, atidav\u0117 \u012f nusikalt\u0117li\u0173 rankas. Ta\u010diau berniuko \u0161irdis i\u0161liko \u0161velni ir dora, tad gal\u0173 gale jam buvo atlyginta \u2013 jis \u012fgijo \u0161eim\u0105 ir r\u016bpesting\u0105 gob\u0117j\u0105.\",\"breadcrumb\":{\"@id\":\"https:\\\/\\\/skaitytaknyga.lt\\\/produktas\\\/oliverio-tvisto-nuotykiai\\\/#breadcrumb\"},\"inLanguage\":\"en-GB\",\"potentialAction\":[{\"@type\":\"ReadAction\",\"target\":[\"https:\\\/\\\/skaitytaknyga.lt\\\/produktas\\\/oliverio-tvisto-nuotykiai\\\/\"]}]},{\"@type\":\"ImageObject\",\"inLanguage\":\"en-GB\",\"@id\":\"https:\\\/\\\/skaitytaknyga.lt\\\/produktas\\\/oliverio-tvisto-nuotykiai\\\/#primaryimage\",\"url\":\"https:\\\/\\\/skaitytaknyga.lt\\\/wp-content\\\/uploads\\\/2024\\\/04\\\/185835-20201007-012107-1.jpg\",\"contentUrl\":\"https:\\\/\\\/skaitytaknyga.lt\\\/wp-content\\\/uploads\\\/2024\\\/04\\\/185835-20201007-012107-1.jpg\",\"width\":519,\"height\":800,\"caption\":\"185835 20201007 012107 1\"},{\"@type\":\"BreadcrumbList\",\"@id\":\"https:\\\/\\\/skaitytaknyga.lt\\\/produktas\\\/oliverio-tvisto-nuotykiai\\\/#breadcrumb\",\"itemListElement\":[{\"@type\":\"ListItem\",\"position\":1,\"name\":\"Home\",\"item\":\"https:\\\/\\\/skaitytaknyga.lt\\\/\"},{\"@type\":\"ListItem\",\"position\":2,\"name\":\"Parduotuv\u0117\",\"item\":\"https:\\\/\\\/skaitytaknyga.lt\\\/knygu-parduotuve\\\/\"},{\"@type\":\"ListItem\",\"position\":3,\"name\":\"Oliverio Tvisto nuotykiai\"}]},{\"@type\":\"WebSite\",\"@id\":\"https:\\\/\\\/skaitytaknyga.lt\\\/#website\",\"url\":\"https:\\\/\\\/skaitytaknyga.lt\\\/\",\"name\":\"skaitytaknyga.lt\",\"description\":\"Skaitytaknyga.lt \u2013 tai ma\u017eas \u0161eimos verslas, kuris prasid\u0117jo nuo meil\u0117s knygoms ir siekio i\u0161gelb\u0117ti knygas nuo likimo prie konteinerio. Kas vienam nereikalingas daiktas \u2013 kitam lobis, o mes esame tarpininkai, kurie padeda abiems tapti laimingesniems ???? \u017dinome kaip nelengva i\u0161gyventi ma\u017eiems verslams, tad nuo \u0161iol, \u010dia rasite ir kit\u0173, ma\u017e\u0173 \u0161eim\u0173 versl\u0173, rank\u0173 darbo, dovan\u0173 sau ir artimiesiems.\",\"publisher\":{\"@id\":\"https:\\\/\\\/skaitytaknyga.lt\\\/#organization\"},\"potentialAction\":[{\"@type\":\"SearchAction\",\"target\":{\"@type\":\"EntryPoint\",\"urlTemplate\":\"https:\\\/\\\/skaitytaknyga.lt\\\/?s={search_term_string}\"},\"query-input\":{\"@type\":\"PropertyValueSpecification\",\"valueRequired\":true,\"valueName\":\"search_term_string\"}}],\"inLanguage\":\"en-GB\"},{\"@type\":\"Organization\",\"@id\":\"https:\\\/\\\/skaitytaknyga.lt\\\/#organization\",\"name\":\"skaitytaknyga.lt\",\"url\":\"https:\\\/\\\/skaitytaknyga.lt\\\/\",\"logo\":{\"@type\":\"ImageObject\",\"inLanguage\":\"en-GB\",\"@id\":\"https:\\\/\\\/skaitytaknyga.lt\\\/#\\\/schema\\\/logo\\\/image\\\/\",\"url\":\"https:\\\/\\\/skaitytaknyga.lt\\\/wp-content\\\/uploads\\\/2024\\\/05\\\/cropped-cropped-cropped-02_00843_jt3bggkj1j3HLc7SyY6rEUpg.jpeg\",\"contentUrl\":\"https:\\\/\\\/skaitytaknyga.lt\\\/wp-content\\\/uploads\\\/2024\\\/05\\\/cropped-cropped-cropped-02_00843_jt3bggkj1j3HLc7SyY6rEUpg.jpeg\",\"width\":1600,\"height\":1600,\"caption\":\"skaitytaknyga.lt\"},\"image\":{\"@id\":\"https:\\\/\\\/skaitytaknyga.lt\\\/#\\\/schema\\\/logo\\\/image\\\/\"},\"sameAs\":[\"https:\\\/\\\/www.facebook.com\\\/skaitytaknyga\\\/\"]}]}<\/script>\n<!-- \/ Yoast SEO plugin. -->","yoast_head_json":{"title":"Oliverio Tvisto nuotykiai","description":"\"Oliverio Tvisto nuotykiai\" \u2013 \u017eymiausio XIX a. angl\u0173 romanisto Charleso Dickenso (1812\u20131870) romanas, sukurtas 1837\u20131839 m., kuriame su humoru ir begaline \u0161iluma pasakojama apie varg\u0161\u0105 na\u0161lait\u012f berniuk\u0105, kuriam nedori \u017emon\u0117s at\u0117m\u0117 visk\u0105 \u2013 vard\u0105, turt\u0105, motin\u0105, privert\u0117 j\u012f kent\u0117ti varg\u0105 ir pa\u017eeminim\u0105, atidav\u0117 \u012f nusikalt\u0117li\u0173 rankas. Ta\u010diau berniuko \u0161irdis i\u0161liko \u0161velni ir dora, tad gal\u0173 gale jam buvo atlyginta \u2013 jis \u012fgijo \u0161eim\u0105 ir r\u016bpesting\u0105 gob\u0117j\u0105.","robots":{"index":"index","follow":"follow","max-snippet":"max-snippet:-1","max-image-preview":"max-image-preview:large","max-video-preview":"max-video-preview:-1"},"canonical":"https:\/\/skaitytaknyga.lt\/en\/produktas\/oliverio-tvisto-nuotykiai\/","og_locale":"en_GB","og_type":"article","og_title":"[:lt]Oliverio Tvisto nuotykiai[:] - Skaitytaknyga","og_description":"\"Oliverio Tvisto nuotykiai\" \u2013 \u017eymiausio XIX a. angl\u0173 romanisto Charleso Dickenso (1812\u20131870) romanas, sukurtas 1837\u20131839 m., kuriame su humoru ir begaline \u0161iluma pasakojama apie varg\u0161\u0105 na\u0161lait\u012f berniuk\u0105, kuriam nedori \u017emon\u0117s at\u0117m\u0117 visk\u0105 \u2013 vard\u0105, turt\u0105, motin\u0105, privert\u0117 j\u012f kent\u0117ti varg\u0105 ir pa\u017eeminim\u0105, atidav\u0117 \u012f nusikalt\u0117li\u0173 rankas. Ta\u010diau berniuko \u0161irdis i\u0161liko \u0161velni ir dora, tad gal\u0173 gale jam buvo atlyginta \u2013 jis \u012fgijo \u0161eim\u0105 ir r\u016bpesting\u0105 gob\u0117j\u0105.","og_url":"https:\/\/skaitytaknyga.lt\/en\/produktas\/oliverio-tvisto-nuotykiai\/","og_site_name":"Skaitytaknyga","article_publisher":"https:\/\/www.facebook.com\/skaitytaknyga\/","article_modified_time":"2025-10-04T16:15:57+00:00","og_image":[{"width":519,"height":800,"url":"https:\/\/skaitytaknyga.lt\/wp-content\/uploads\/2024\/04\/185835-20201007-012107-1.jpg","type":"image\/jpeg"}],"twitter_card":"summary_large_image","schema":{"@context":"https:\/\/schema.org","@graph":[{"@type":"WebPage","@id":"https:\/\/skaitytaknyga.lt\/produktas\/oliverio-tvisto-nuotykiai\/","url":"https:\/\/skaitytaknyga.lt\/produktas\/oliverio-tvisto-nuotykiai\/","name":"Oliverio Tvisto nuotykiai","isPartOf":{"@id":"https:\/\/skaitytaknyga.lt\/#website"},"primaryImageOfPage":{"@id":"https:\/\/skaitytaknyga.lt\/produktas\/oliverio-tvisto-nuotykiai\/#primaryimage"},"image":{"@id":"https:\/\/skaitytaknyga.lt\/produktas\/oliverio-tvisto-nuotykiai\/#primaryimage"},"thumbnailUrl":"https:\/\/skaitytaknyga.lt\/wp-content\/uploads\/2024\/04\/185835-20201007-012107-1.jpg","datePublished":"2024-05-04T14:29:16+00:00","dateModified":"2025-10-04T16:15:57+00:00","description":"\"Oliverio Tvisto nuotykiai\" \u2013 \u017eymiausio XIX a. angl\u0173 romanisto Charleso Dickenso (1812\u20131870) romanas, sukurtas 1837\u20131839 m., kuriame su humoru ir begaline \u0161iluma pasakojama apie varg\u0161\u0105 na\u0161lait\u012f berniuk\u0105, kuriam nedori \u017emon\u0117s at\u0117m\u0117 visk\u0105 \u2013 vard\u0105, turt\u0105, motin\u0105, privert\u0117 j\u012f kent\u0117ti varg\u0105 ir pa\u017eeminim\u0105, atidav\u0117 \u012f nusikalt\u0117li\u0173 rankas. Ta\u010diau berniuko \u0161irdis i\u0161liko \u0161velni ir dora, tad gal\u0173 gale jam buvo atlyginta \u2013 jis \u012fgijo \u0161eim\u0105 ir r\u016bpesting\u0105 gob\u0117j\u0105.","breadcrumb":{"@id":"https:\/\/skaitytaknyga.lt\/produktas\/oliverio-tvisto-nuotykiai\/#breadcrumb"},"inLanguage":"en-GB","potentialAction":[{"@type":"ReadAction","target":["https:\/\/skaitytaknyga.lt\/produktas\/oliverio-tvisto-nuotykiai\/"]}]},{"@type":"ImageObject","inLanguage":"en-GB","@id":"https:\/\/skaitytaknyga.lt\/produktas\/oliverio-tvisto-nuotykiai\/#primaryimage","url":"https:\/\/skaitytaknyga.lt\/wp-content\/uploads\/2024\/04\/185835-20201007-012107-1.jpg","contentUrl":"https:\/\/skaitytaknyga.lt\/wp-content\/uploads\/2024\/04\/185835-20201007-012107-1.jpg","width":519,"height":800,"caption":"185835 20201007 012107 1"},{"@type":"BreadcrumbList","@id":"https:\/\/skaitytaknyga.lt\/produktas\/oliverio-tvisto-nuotykiai\/#breadcrumb","itemListElement":[{"@type":"ListItem","position":1,"name":"Home","item":"https:\/\/skaitytaknyga.lt\/"},{"@type":"ListItem","position":2,"name":"Parduotuv\u0117","item":"https:\/\/skaitytaknyga.lt\/knygu-parduotuve\/"},{"@type":"ListItem","position":3,"name":"Oliverio Tvisto nuotykiai"}]},{"@type":"WebSite","@id":"https:\/\/skaitytaknyga.lt\/#website","url":"https:\/\/skaitytaknyga.lt\/","name":"skaitytaknyga.lt","description":"Skaitytaknyga.lt \u2013 tai ma\u017eas \u0161eimos verslas, kuris prasid\u0117jo nuo meil\u0117s knygoms ir siekio i\u0161gelb\u0117ti knygas nuo likimo prie konteinerio. Kas vienam nereikalingas daiktas \u2013 kitam lobis, o mes esame tarpininkai, kurie padeda abiems tapti laimingesniems ???? \u017dinome kaip nelengva i\u0161gyventi ma\u017eiems verslams, tad nuo \u0161iol, \u010dia rasite ir kit\u0173, ma\u017e\u0173 \u0161eim\u0173 versl\u0173, rank\u0173 darbo, dovan\u0173 sau ir artimiesiems.","publisher":{"@id":"https:\/\/skaitytaknyga.lt\/#organization"},"potentialAction":[{"@type":"SearchAction","target":{"@type":"EntryPoint","urlTemplate":"https:\/\/skaitytaknyga.lt\/?s={search_term_string}"},"query-input":{"@type":"PropertyValueSpecification","valueRequired":true,"valueName":"search_term_string"}}],"inLanguage":"en-GB"},{"@type":"Organization","@id":"https:\/\/skaitytaknyga.lt\/#organization","name":"skaitytaknyga.lt","url":"https:\/\/skaitytaknyga.lt\/","logo":{"@type":"ImageObject","inLanguage":"en-GB","@id":"https:\/\/skaitytaknyga.lt\/#\/schema\/logo\/image\/","url":"https:\/\/skaitytaknyga.lt\/wp-content\/uploads\/2024\/05\/cropped-cropped-cropped-02_00843_jt3bggkj1j3HLc7SyY6rEUpg.jpeg","contentUrl":"https:\/\/skaitytaknyga.lt\/wp-content\/uploads\/2024\/05\/cropped-cropped-cropped-02_00843_jt3bggkj1j3HLc7SyY6rEUpg.jpeg","width":1600,"height":1600,"caption":"skaitytaknyga.lt"},"image":{"@id":"https:\/\/skaitytaknyga.lt\/#\/schema\/logo\/image\/"},"sameAs":["https:\/\/www.facebook.com\/skaitytaknyga\/"]}]}},"_links":{"self":[{"href":"https:\/\/skaitytaknyga.lt\/en\/wp-json\/wp\/v2\/product\/7416","targetHints":{"allow":["GET"]}}],"collection":[{"href":"https:\/\/skaitytaknyga.lt\/en\/wp-json\/wp\/v2\/product"}],"about":[{"href":"https:\/\/skaitytaknyga.lt\/en\/wp-json\/wp\/v2\/types\/product"}],"replies":[{"embeddable":true,"href":"https:\/\/skaitytaknyga.lt\/en\/wp-json\/wp\/v2\/comments?post=7416"}],"wp:featuredmedia":[{"embeddable":true,"href":"https:\/\/skaitytaknyga.lt\/en\/wp-json\/wp\/v2\/media\/2268"}],"wp:attachment":[{"href":"https:\/\/skaitytaknyga.lt\/en\/wp-json\/wp\/v2\/media?parent=7416"}],"wp:term":[{"taxonomy":"product_brand","embeddable":true,"href":"https:\/\/skaitytaknyga.lt\/en\/wp-json\/wp\/v2\/product_brand?post=7416"},{"taxonomy":"product_cat","embeddable":true,"href":"https:\/\/skaitytaknyga.lt\/en\/wp-json\/wp\/v2\/product_cat?post=7416"},{"taxonomy":"product_tag","embeddable":true,"href":"https:\/\/skaitytaknyga.lt\/en\/wp-json\/wp\/v2\/product_tag?post=7416"}],"curies":[{"name":"wp","href":"https:\/\/api.w.org\/{rel}","templated":true}]}}