{"id":7412,"date":"2025-07-24T14:29:15","date_gmt":"2025-07-24T11:29:15","guid":{"rendered":"https:\/\/skaitytaknyga.lt\/?post_type=product&#038;p=7412"},"modified":"2026-03-05T13:23:20","modified_gmt":"2026-03-05T11:23:20","slug":"j-c-grange-sielu-miskas-2","status":"publish","type":"product","link":"https:\/\/skaitytaknyga.lt\/en\/produktas\/j-c-grange-sielu-miskas-2\/","title":{"rendered":"Siel\u0173 mi\u0161kas"},"content":{"rendered":"<p>Vien\u0105 dien\u0105 Nantero auk\u0161\u010diausiojo teismo pareig\u016bn\u0117 \u017dana ima \u012ftarti, kad jos mylimasis Tomas jai nei\u0161tikimas.Piktnaud\u017eiaudama tarnybine pad\u0117timi, ji \u012ftaiso klausymosi \u012frang\u0105 Tomo psichoanalitiko kabinete &#8211; \u0161itaip \u012fgijusi galimyb\u0119 klausytis j\u0173dviej\u0173 pokalbi\u0173 moteris viliasi su\u017einoti ties\u0105&#8230; Kiekvien\u0105 vakar\u0105 gaudama tos dienos \u012fra\u0161us, ji neju\u010dia ima klausytis ir kit\u0173 pacient\u0173 seans\u0173. Ta\u010diau kart\u0105 \u017dana i\u0161girsta psichoanalitiko ir paslaptingo pagyvenusio lankytojo, kalban\u010dio su ispani\u0161ku akcentu, pa\u0161nekes\u012f apie \u0161io s\u016bnaus autisto i\u0161gyvenam\u0105 siaubing\u0105 kriz\u0119, pasirei\u0161kian\u010di\u0105 netgi potraukiu \u017eudyti. Moteris kaipmat sumoja, kad vyri\u0161kio s\u016bnus ir yra Pary\u017ei\u0173 \u0161iurpinantis \u017eudikas kanibalas&#8230;<\/p>\n<p>\u201ePranc\u016bzi\u0161kuoju Stivenu Kingu\u201c kartais tituluojamas mistini\u0173 detektyv\u0173 autorius\u00a0<strong>Jean&#8217;as-Christophe&#8217;as Grang\u00e9<\/strong>\u00a0(\u017danas Kristofas Gran\u017e\u0117, gim. 1961), prie\u0161 atsid\u0117damas vien gro\u017einei k\u016brybai,ilg\u0105 laik\u0105 dirbo laisvuoju \u017eurnalistu, bendradarbiavo su daugeliu garsi\u0173 periodini\u0173 leidini\u0173, o v\u0117liau \u0161i\u0105 tiriamosios \u017eurnalistikos patirt\u012f s\u0117kmingai pritaik\u0117 pl\u0117todamas atskiras tematines linijas savo romanuose.Visame pasaulyje i\u0161gars\u0117jo jau antruoju savo trileriu Purpurin\u0117s up\u0117s, kuris peln\u0117 jam kultinio ra\u0161ytojo \u0161lov\u0119 ir buvo i\u0161verstas \u012f daugiau nei trisde\u0161imt kalb\u0173.<\/p>\n","protected":false},"excerpt":{"rendered":"<p>Vien\u0105 dien\u0105 Nantero auk\u0161\u010diausiojo teismo pareig\u016bn\u0117 \u017dana ima \u012ftarti, kad jos mylimasis Tomas jai nei\u0161tikimas.Piktnaud\u017eiaudama tarnybine pad\u0117timi, ji \u012ftaiso klausymosi \u012frang\u0105 Tomo psichoanalitiko kabinete &#8211; \u0161itaip \u012fgijusi galimyb\u0119 klausytis j\u0173dviej\u0173 pokalbi\u0173 moteris viliasi su\u017einoti ties\u0105&#8230; Kiekvien\u0105 vakar\u0105 gaudama tos dienos \u012fra\u0161us, ji neju\u010dia ima klausytis ir kit\u0173 pacient\u0173 seans\u0173. Ta\u010diau kart\u0105 \u017dana i\u0161girsta psichoanalitiko ir paslaptingo pagyvenusio lankytojo, kalban\u010dio su ispani\u0161ku akcentu, pa\u0161nekes\u012f apie \u0161io s\u016bnaus autisto i\u0161gyvenam\u0105 siaubing\u0105 kriz\u0119, pasirei\u0161kian\u010di\u0105 netgi potraukiu \u017eudyti. Moteris kaipmat sumoja, kad vyri\u0161kio s\u016bnus ir yra Pary\u017ei\u0173 \u0161iurpinantis \u017eudikas kanibalas&#8230; \u201ePranc\u016bzi\u0161kuoju Stivenu Kingu\u201c kartais tituluojamas mistini\u0173 detektyv\u0173 autorius\u00a0Jean&#8217;as-Christophe&#8217;as Grang\u00e9\u00a0(\u017danas Kristofas Gran\u017e\u0117, gim. 1961), prie\u0161 atsid\u0117damas vien gro\u017einei k\u016brybai,ilg\u0105 laik\u0105 dirbo laisvuoju \u017eurnalistu, bendradarbiavo su daugeliu garsi\u0173 periodini\u0173 leidini\u0173, o v\u0117liau \u0161i\u0105 tiriamosios \u017eurnalistikos patirt\u012f s\u0117kmingai pritaik\u0117 pl\u0117todamas atskiras tematines linijas savo romanuose.Visame pasaulyje i\u0161gars\u0117jo jau antruoju savo trileriu Purpurin\u0117s up\u0117s, kuris peln\u0117 jam kultinio ra\u0161ytojo \u0161lov\u0119 ir buvo i\u0161verstas \u012f daugiau nei trisde\u0161imt kalb\u0173.<\/p>\n","protected":false},"featured_media":12995,"comment_status":"closed","ping_status":"closed","template":"","meta":{"_acf_changed":false,"site-sidebar-layout":"default","site-content-layout":"","ast-site-content-layout":"default","site-content-style":"default","site-sidebar-style":"default","ast-global-header-display":"","ast-banner-title-visibility":"","ast-main-header-display":"","ast-hfb-above-header-display":"","ast-hfb-below-header-display":"","ast-hfb-mobile-header-display":"","site-post-title":"","ast-breadcrumbs-content":"","ast-featured-img":"","footer-sml-layout":"","ast-disable-related-posts":"","theme-transparent-header-meta":"default","adv-header-id-meta":"","stick-header-meta":"","header-above-stick-meta":"","header-main-stick-meta":"","header-below-stick-meta":"","astra-migrate-meta-layouts":"set","ast-page-background-enabled":"default","ast-page-background-meta":{"desktop":{"background-color":"","background-image":"","background-repeat":"repeat","background-position":"center center","background-size":"auto","background-attachment":"scroll","background-type":"","background-media":"","overlay-type":"","overlay-color":"","overlay-opacity":"","overlay-gradient":""},"tablet":{"background-color":"","background-image":"","background-repeat":"repeat","background-position":"center center","background-size":"auto","background-attachment":"scroll","background-type":"","background-media":"","overlay-type":"","overlay-color":"","overlay-opacity":"","overlay-gradient":""},"mobile":{"background-color":"","background-image":"","background-repeat":"repeat","background-position":"center center","background-size":"auto","background-attachment":"scroll","background-type":"","background-media":"","overlay-type":"","overlay-color":"","overlay-opacity":"","overlay-gradient":""}},"ast-content-background-meta":{"desktop":{"background-color":"var(--ast-global-color-4)","background-image":"","background-repeat":"repeat","background-position":"center center","background-size":"auto","background-attachment":"scroll","background-type":"","background-media":"","overlay-type":"","overlay-color":"","overlay-opacity":"","overlay-gradient":""},"tablet":{"background-color":"var(--ast-global-color-4)","background-image":"","background-repeat":"repeat","background-position":"center center","background-size":"auto","background-attachment":"scroll","background-type":"","background-media":"","overlay-type":"","overlay-color":"","overlay-opacity":"","overlay-gradient":""},"mobile":{"background-color":"var(--ast-global-color-4)","background-image":"","background-repeat":"repeat","background-position":"center center","background-size":"auto","background-attachment":"scroll","background-type":"","background-media":"","overlay-type":"","overlay-color":"","overlay-opacity":"","overlay-gradient":""}}},"product_brand":[],"product_cat":[9581],"product_tag":[4164,6926,6925,4346,3704,6924,1587],"class_list":{"0":"post-7412","1":"product","2":"type-product","3":"status-publish","4":"has-post-thumbnail","6":"product_cat-kriminaliniai-romanai","7":"product_tag-j-c-grange","8":"product_tag-jean-christophe-grange","9":"product_tag-kanibalas","10":"product_tag-kriminalinis","11":"product_tag-psichologinis","12":"product_tag-sielu-miskas","13":"product_tag-trileris","14":"desktop-align-left","15":"tablet-align-left","16":"mobile-align-left","18":"first","19":"instock","20":"shipping-taxable","21":"purchasable","22":"product-type-simple"},"acf":[],"yoast_head":"<!-- This site is optimized with the Yoast SEO plugin v27.4 - https:\/\/yoast.com\/product\/yoast-seo-wordpress\/ -->\n<title>Siel\u0173 mi\u0161kas<\/title>\n<meta name=\"description\" content=\"Vien\u0105 dien\u0105 Nantero auk\u0161\u010diausiojo teismo pareig\u016bn\u0117 \u017dana ima \u012ftarti, kad jos mylimasis Tomas jai nei\u0161tikimas.Piktnaud\u017eiaudama tarnybine pad\u0117timi, ji \u012ftaiso klausymosi \u012frang\u0105 Tomo psichoanalitiko kabinete\" \/>\n<meta name=\"robots\" content=\"index, follow, max-snippet:-1, max-image-preview:large, max-video-preview:-1\" \/>\n<link rel=\"canonical\" href=\"https:\/\/skaitytaknyga.lt\/en\/produktas\/j-c-grange-sielu-miskas-2\/\" \/>\n<meta property=\"og:locale\" content=\"en_GB\" \/>\n<meta property=\"og:locale:alternate\" content=\"lt_LT\" \/>\n<meta property=\"og:type\" content=\"article\" \/>\n<meta property=\"og:title\" content=\"Siel\u0173 mi\u0161kas\" \/>\n<meta property=\"og:description\" content=\"Vien\u0105 dien\u0105 Nantero auk\u0161\u010diausiojo teismo pareig\u016bn\u0117 \u017dana ima \u012ftarti, kad jos mylimasis Tomas jai nei\u0161tikimas.Piktnaud\u017eiaudama tarnybine pad\u0117timi, ji \u012ftaiso klausymosi \u012frang\u0105 Tomo psichoanalitiko kabinete\" \/>\n<meta property=\"og:url\" content=\"https:\/\/skaitytaknyga.lt\/en\/produktas\/j-c-grange-sielu-miskas-2\/\" \/>\n<meta property=\"og:site_name\" content=\"Skaitytaknyga\" \/>\n<meta property=\"article:publisher\" content=\"https:\/\/www.facebook.com\/skaitytaknyga\/\" \/>\n<meta property=\"article:modified_time\" content=\"2026-03-05T11:23:20+00:00\" \/>\n<meta property=\"og:image\" content=\"https:\/\/skaitytaknyga.lt\/wp-content\/uploads\/2024\/05\/1462877271_grangesielumiskas72max.webp\" \/>\n\t<meta property=\"og:image:width\" content=\"457\" \/>\n\t<meta property=\"og:image:height\" content=\"652\" \/>\n\t<meta property=\"og:image:type\" content=\"image\/webp\" \/>\n<meta name=\"twitter:card\" content=\"summary_large_image\" \/>\n<meta name=\"twitter:label1\" content=\"Estimated reading time\" \/>\n\t<meta name=\"twitter:data1\" content=\"2 minutes\" \/>\n<script type=\"application\/ld+json\" class=\"yoast-schema-graph\">{\"@context\":\"https:\\\/\\\/schema.org\",\"@graph\":[{\"@type\":\"WebPage\",\"@id\":\"https:\\\/\\\/skaitytaknyga.lt\\\/produktas\\\/j-c-grange-sielu-miskas-2\\\/\",\"url\":\"https:\\\/\\\/skaitytaknyga.lt\\\/produktas\\\/j-c-grange-sielu-miskas-2\\\/\",\"name\":\"Siel\u0173 mi\u0161kas\",\"isPartOf\":{\"@id\":\"https:\\\/\\\/skaitytaknyga.lt\\\/#website\"},\"primaryImageOfPage\":{\"@id\":\"https:\\\/\\\/skaitytaknyga.lt\\\/produktas\\\/j-c-grange-sielu-miskas-2\\\/#primaryimage\"},\"image\":{\"@id\":\"https:\\\/\\\/skaitytaknyga.lt\\\/produktas\\\/j-c-grange-sielu-miskas-2\\\/#primaryimage\"},\"thumbnailUrl\":\"https:\\\/\\\/skaitytaknyga.lt\\\/wp-content\\\/uploads\\\/2024\\\/05\\\/1462877271_grangesielumiskas72max.webp\",\"datePublished\":\"2025-07-24T11:29:15+00:00\",\"dateModified\":\"2026-03-05T11:23:20+00:00\",\"description\":\"Vien\u0105 dien\u0105 Nantero auk\u0161\u010diausiojo teismo pareig\u016bn\u0117 \u017dana ima \u012ftarti, kad jos mylimasis Tomas jai nei\u0161tikimas.Piktnaud\u017eiaudama tarnybine pad\u0117timi, ji \u012ftaiso klausymosi \u012frang\u0105 Tomo psichoanalitiko kabinete\",\"breadcrumb\":{\"@id\":\"https:\\\/\\\/skaitytaknyga.lt\\\/produktas\\\/j-c-grange-sielu-miskas-2\\\/#breadcrumb\"},\"inLanguage\":\"en-GB\",\"potentialAction\":[{\"@type\":\"ReadAction\",\"target\":[\"https:\\\/\\\/skaitytaknyga.lt\\\/produktas\\\/j-c-grange-sielu-miskas-2\\\/\"]}]},{\"@type\":\"ImageObject\",\"inLanguage\":\"en-GB\",\"@id\":\"https:\\\/\\\/skaitytaknyga.lt\\\/produktas\\\/j-c-grange-sielu-miskas-2\\\/#primaryimage\",\"url\":\"https:\\\/\\\/skaitytaknyga.lt\\\/wp-content\\\/uploads\\\/2024\\\/05\\\/1462877271_grangesielumiskas72max.webp\",\"contentUrl\":\"https:\\\/\\\/skaitytaknyga.lt\\\/wp-content\\\/uploads\\\/2024\\\/05\\\/1462877271_grangesielumiskas72max.webp\",\"width\":457,\"height\":652,\"caption\":\"Siel\u0173 mi\u0161kas\"},{\"@type\":\"BreadcrumbList\",\"@id\":\"https:\\\/\\\/skaitytaknyga.lt\\\/produktas\\\/j-c-grange-sielu-miskas-2\\\/#breadcrumb\",\"itemListElement\":[{\"@type\":\"ListItem\",\"position\":1,\"name\":\"Home\",\"item\":\"https:\\\/\\\/skaitytaknyga.lt\\\/\"},{\"@type\":\"ListItem\",\"position\":2,\"name\":\"Parduotuv\u0117\",\"item\":\"https:\\\/\\\/skaitytaknyga.lt\\\/knygu-parduotuve\\\/\"},{\"@type\":\"ListItem\",\"position\":3,\"name\":\"Siel\u0173 mi\u0161kas\"}]},{\"@type\":\"WebSite\",\"@id\":\"https:\\\/\\\/skaitytaknyga.lt\\\/#website\",\"url\":\"https:\\\/\\\/skaitytaknyga.lt\\\/\",\"name\":\"skaitytaknyga.lt\",\"description\":\"Skaitytaknyga.lt \u2013 tai ma\u017eas \u0161eimos verslas, kuris prasid\u0117jo nuo meil\u0117s knygoms ir siekio i\u0161gelb\u0117ti knygas nuo likimo prie konteinerio. Kas vienam nereikalingas daiktas \u2013 kitam lobis, o mes esame tarpininkai, kurie padeda abiems tapti laimingesniems ???? \u017dinome kaip nelengva i\u0161gyventi ma\u017eiems verslams, tad nuo \u0161iol, \u010dia rasite ir kit\u0173, ma\u017e\u0173 \u0161eim\u0173 versl\u0173, rank\u0173 darbo, dovan\u0173 sau ir artimiesiems.\",\"publisher\":{\"@id\":\"https:\\\/\\\/skaitytaknyga.lt\\\/#organization\"},\"potentialAction\":[{\"@type\":\"SearchAction\",\"target\":{\"@type\":\"EntryPoint\",\"urlTemplate\":\"https:\\\/\\\/skaitytaknyga.lt\\\/?s={search_term_string}\"},\"query-input\":{\"@type\":\"PropertyValueSpecification\",\"valueRequired\":true,\"valueName\":\"search_term_string\"}}],\"inLanguage\":\"en-GB\"},{\"@type\":\"Organization\",\"@id\":\"https:\\\/\\\/skaitytaknyga.lt\\\/#organization\",\"name\":\"skaitytaknyga.lt\",\"url\":\"https:\\\/\\\/skaitytaknyga.lt\\\/\",\"logo\":{\"@type\":\"ImageObject\",\"inLanguage\":\"en-GB\",\"@id\":\"https:\\\/\\\/skaitytaknyga.lt\\\/#\\\/schema\\\/logo\\\/image\\\/\",\"url\":\"https:\\\/\\\/skaitytaknyga.lt\\\/wp-content\\\/uploads\\\/2024\\\/05\\\/cropped-cropped-cropped-02_00843_jt3bggkj1j3HLc7SyY6rEUpg.jpeg\",\"contentUrl\":\"https:\\\/\\\/skaitytaknyga.lt\\\/wp-content\\\/uploads\\\/2024\\\/05\\\/cropped-cropped-cropped-02_00843_jt3bggkj1j3HLc7SyY6rEUpg.jpeg\",\"width\":1600,\"height\":1600,\"caption\":\"skaitytaknyga.lt\"},\"image\":{\"@id\":\"https:\\\/\\\/skaitytaknyga.lt\\\/#\\\/schema\\\/logo\\\/image\\\/\"},\"sameAs\":[\"https:\\\/\\\/www.facebook.com\\\/skaitytaknyga\\\/\"]}]}<\/script>\n<!-- \/ Yoast SEO plugin. -->","yoast_head_json":{"title":"Siel\u0173 mi\u0161kas","description":"Vien\u0105 dien\u0105 Nantero auk\u0161\u010diausiojo teismo pareig\u016bn\u0117 \u017dana ima \u012ftarti, kad jos mylimasis Tomas jai nei\u0161tikimas.Piktnaud\u017eiaudama tarnybine pad\u0117timi, ji \u012ftaiso klausymosi \u012frang\u0105 Tomo psichoanalitiko kabinete","robots":{"index":"index","follow":"follow","max-snippet":"max-snippet:-1","max-image-preview":"max-image-preview:large","max-video-preview":"max-video-preview:-1"},"canonical":"https:\/\/skaitytaknyga.lt\/en\/produktas\/j-c-grange-sielu-miskas-2\/","og_locale":"en_GB","og_type":"article","og_title":"[:lt]Siel\u0173 mi\u0161kas[:] - Skaitytaknyga","og_description":"Vien\u0105 dien\u0105 Nantero auk\u0161\u010diausiojo teismo pareig\u016bn\u0117 \u017dana ima \u012ftarti, kad jos mylimasis Tomas jai nei\u0161tikimas.Piktnaud\u017eiaudama tarnybine pad\u0117timi, ji \u012ftaiso klausymosi \u012frang\u0105 Tomo psichoanalitiko kabinete","og_url":"https:\/\/skaitytaknyga.lt\/en\/produktas\/j-c-grange-sielu-miskas-2\/","og_site_name":"Skaitytaknyga","article_publisher":"https:\/\/www.facebook.com\/skaitytaknyga\/","article_modified_time":"2026-03-05T11:23:20+00:00","og_image":[{"width":457,"height":652,"url":"https:\/\/skaitytaknyga.lt\/wp-content\/uploads\/2024\/05\/1462877271_grangesielumiskas72max.webp","type":"image\/webp"}],"twitter_card":"summary_large_image","twitter_misc":{"Estimated reading time":"2 minutes"},"schema":{"@context":"https:\/\/schema.org","@graph":[{"@type":"WebPage","@id":"https:\/\/skaitytaknyga.lt\/produktas\/j-c-grange-sielu-miskas-2\/","url":"https:\/\/skaitytaknyga.lt\/produktas\/j-c-grange-sielu-miskas-2\/","name":"Siel\u0173 mi\u0161kas","isPartOf":{"@id":"https:\/\/skaitytaknyga.lt\/#website"},"primaryImageOfPage":{"@id":"https:\/\/skaitytaknyga.lt\/produktas\/j-c-grange-sielu-miskas-2\/#primaryimage"},"image":{"@id":"https:\/\/skaitytaknyga.lt\/produktas\/j-c-grange-sielu-miskas-2\/#primaryimage"},"thumbnailUrl":"https:\/\/skaitytaknyga.lt\/wp-content\/uploads\/2024\/05\/1462877271_grangesielumiskas72max.webp","datePublished":"2025-07-24T11:29:15+00:00","dateModified":"2026-03-05T11:23:20+00:00","description":"Vien\u0105 dien\u0105 Nantero auk\u0161\u010diausiojo teismo pareig\u016bn\u0117 \u017dana ima \u012ftarti, kad jos mylimasis Tomas jai nei\u0161tikimas.Piktnaud\u017eiaudama tarnybine pad\u0117timi, ji \u012ftaiso klausymosi \u012frang\u0105 Tomo psichoanalitiko kabinete","breadcrumb":{"@id":"https:\/\/skaitytaknyga.lt\/produktas\/j-c-grange-sielu-miskas-2\/#breadcrumb"},"inLanguage":"en-GB","potentialAction":[{"@type":"ReadAction","target":["https:\/\/skaitytaknyga.lt\/produktas\/j-c-grange-sielu-miskas-2\/"]}]},{"@type":"ImageObject","inLanguage":"en-GB","@id":"https:\/\/skaitytaknyga.lt\/produktas\/j-c-grange-sielu-miskas-2\/#primaryimage","url":"https:\/\/skaitytaknyga.lt\/wp-content\/uploads\/2024\/05\/1462877271_grangesielumiskas72max.webp","contentUrl":"https:\/\/skaitytaknyga.lt\/wp-content\/uploads\/2024\/05\/1462877271_grangesielumiskas72max.webp","width":457,"height":652,"caption":"Siel\u0173 mi\u0161kas"},{"@type":"BreadcrumbList","@id":"https:\/\/skaitytaknyga.lt\/produktas\/j-c-grange-sielu-miskas-2\/#breadcrumb","itemListElement":[{"@type":"ListItem","position":1,"name":"Home","item":"https:\/\/skaitytaknyga.lt\/"},{"@type":"ListItem","position":2,"name":"Parduotuv\u0117","item":"https:\/\/skaitytaknyga.lt\/knygu-parduotuve\/"},{"@type":"ListItem","position":3,"name":"Siel\u0173 mi\u0161kas"}]},{"@type":"WebSite","@id":"https:\/\/skaitytaknyga.lt\/#website","url":"https:\/\/skaitytaknyga.lt\/","name":"skaitytaknyga.lt","description":"Skaitytaknyga.lt \u2013 tai ma\u017eas \u0161eimos verslas, kuris prasid\u0117jo nuo meil\u0117s knygoms ir siekio i\u0161gelb\u0117ti knygas nuo likimo prie konteinerio. Kas vienam nereikalingas daiktas \u2013 kitam lobis, o mes esame tarpininkai, kurie padeda abiems tapti laimingesniems ???? \u017dinome kaip nelengva i\u0161gyventi ma\u017eiems verslams, tad nuo \u0161iol, \u010dia rasite ir kit\u0173, ma\u017e\u0173 \u0161eim\u0173 versl\u0173, rank\u0173 darbo, dovan\u0173 sau ir artimiesiems.","publisher":{"@id":"https:\/\/skaitytaknyga.lt\/#organization"},"potentialAction":[{"@type":"SearchAction","target":{"@type":"EntryPoint","urlTemplate":"https:\/\/skaitytaknyga.lt\/?s={search_term_string}"},"query-input":{"@type":"PropertyValueSpecification","valueRequired":true,"valueName":"search_term_string"}}],"inLanguage":"en-GB"},{"@type":"Organization","@id":"https:\/\/skaitytaknyga.lt\/#organization","name":"skaitytaknyga.lt","url":"https:\/\/skaitytaknyga.lt\/","logo":{"@type":"ImageObject","inLanguage":"en-GB","@id":"https:\/\/skaitytaknyga.lt\/#\/schema\/logo\/image\/","url":"https:\/\/skaitytaknyga.lt\/wp-content\/uploads\/2024\/05\/cropped-cropped-cropped-02_00843_jt3bggkj1j3HLc7SyY6rEUpg.jpeg","contentUrl":"https:\/\/skaitytaknyga.lt\/wp-content\/uploads\/2024\/05\/cropped-cropped-cropped-02_00843_jt3bggkj1j3HLc7SyY6rEUpg.jpeg","width":1600,"height":1600,"caption":"skaitytaknyga.lt"},"image":{"@id":"https:\/\/skaitytaknyga.lt\/#\/schema\/logo\/image\/"},"sameAs":["https:\/\/www.facebook.com\/skaitytaknyga\/"]}]}},"_links":{"self":[{"href":"https:\/\/skaitytaknyga.lt\/en\/wp-json\/wp\/v2\/product\/7412","targetHints":{"allow":["GET"]}}],"collection":[{"href":"https:\/\/skaitytaknyga.lt\/en\/wp-json\/wp\/v2\/product"}],"about":[{"href":"https:\/\/skaitytaknyga.lt\/en\/wp-json\/wp\/v2\/types\/product"}],"replies":[{"embeddable":true,"href":"https:\/\/skaitytaknyga.lt\/en\/wp-json\/wp\/v2\/comments?post=7412"}],"wp:featuredmedia":[{"embeddable":true,"href":"https:\/\/skaitytaknyga.lt\/en\/wp-json\/wp\/v2\/media\/12995"}],"wp:attachment":[{"href":"https:\/\/skaitytaknyga.lt\/en\/wp-json\/wp\/v2\/media?parent=7412"}],"wp:term":[{"taxonomy":"product_brand","embeddable":true,"href":"https:\/\/skaitytaknyga.lt\/en\/wp-json\/wp\/v2\/product_brand?post=7412"},{"taxonomy":"product_cat","embeddable":true,"href":"https:\/\/skaitytaknyga.lt\/en\/wp-json\/wp\/v2\/product_cat?post=7412"},{"taxonomy":"product_tag","embeddable":true,"href":"https:\/\/skaitytaknyga.lt\/en\/wp-json\/wp\/v2\/product_tag?post=7412"}],"curies":[{"name":"wp","href":"https:\/\/api.w.org\/{rel}","templated":true}]}}