{"id":7405,"date":"2024-05-04T17:29:15","date_gmt":"2024-05-04T14:29:15","guid":{"rendered":"https:\/\/skaitytaknyga.lt\/?post_type=product&#038;p=7405"},"modified":"2026-03-05T16:00:51","modified_gmt":"2026-03-05T14:00:51","slug":"a-marinina-objekto-keitimas","status":"publish","type":"product","link":"https:\/\/skaitytaknyga.lt\/en\/produktas\/a-marinina-objekto-keitimas\/","title":{"rendered":"Objekto keitimas"},"content":{"rendered":"<p>nu\u017eudyti du \u017emones &#8211; jauna klestin\u010dio verslininko \u017emona ir jos apsaugininkas. Kas tai &#8211; \u012fsp\u0117jimas s\u0117km\u0117s lydimam konkurentui, ker\u0161tas laisvamanei gra\u017euolei, sen\u0173 s\u0105skait\u0173 suvedin\u0117jimas?<\/p>\n<p>Versij\u0173 daug, bet visos jos nepatinka kukliam apylink\u0117s \u012fgaliotiniui &#8211; milicijos kapitonui Igoriui Doro\u0161inui, kuris tur\u0117jo asmenini\u0173 prie\u017ea\u0161\u010di\u0173 atskleisti nusikaltim\u0105.<\/p>\n","protected":false},"excerpt":{"rendered":"<p>nu\u017eudyti du \u017emones &#8211; jauna klestin\u010dio verslininko \u017emona ir jos apsaugininkas. Kas tai &#8211; \u012fsp\u0117jimas s\u0117km\u0117s lydimam konkurentui, ker\u0161tas laisvamanei gra\u017euolei, sen\u0173 s\u0105skait\u0173 suvedin\u0117jimas?<\/p>\n<p>Versij\u0173 daug, bet visos jos nepatinka kukliam apylink\u0117s \u012fgaliotiniui &#8211; milicijos kapitonui Igoriui Doro\u0161inui, kuris tur\u0117jo asmenini\u0173 prie\u017ea\u0161\u010di\u0173 atskleisti nusikaltim\u0105.<\/p>\n","protected":false},"featured_media":2231,"comment_status":"closed","ping_status":"closed","template":"","meta":{"_acf_changed":false,"site-sidebar-layout":"default","site-content-layout":"","ast-site-content-layout":"default","site-content-style":"default","site-sidebar-style":"default","ast-global-header-display":"","ast-banner-title-visibility":"","ast-main-header-display":"","ast-hfb-above-header-display":"","ast-hfb-below-header-display":"","ast-hfb-mobile-header-display":"","site-post-title":"","ast-breadcrumbs-content":"","ast-featured-img":"","footer-sml-layout":"","ast-disable-related-posts":"","theme-transparent-header-meta":"","adv-header-id-meta":"","stick-header-meta":"","header-above-stick-meta":"","header-main-stick-meta":"","header-below-stick-meta":"","astra-migrate-meta-layouts":"default","ast-page-background-enabled":"default","ast-page-background-meta":{"desktop":{"background-color":"","background-image":"","background-repeat":"repeat","background-position":"center center","background-size":"auto","background-attachment":"scroll","background-type":"","background-media":"","overlay-type":"","overlay-color":"","overlay-opacity":"","overlay-gradient":""},"tablet":{"background-color":"","background-image":"","background-repeat":"repeat","background-position":"center center","background-size":"auto","background-attachment":"scroll","background-type":"","background-media":"","overlay-type":"","overlay-color":"","overlay-opacity":"","overlay-gradient":""},"mobile":{"background-color":"","background-image":"","background-repeat":"repeat","background-position":"center center","background-size":"auto","background-attachment":"scroll","background-type":"","background-media":"","overlay-type":"","overlay-color":"","overlay-opacity":"","overlay-gradient":""}},"ast-content-background-meta":{"desktop":{"background-color":"var(--ast-global-color-4)","background-image":"","background-repeat":"repeat","background-position":"center center","background-size":"auto","background-attachment":"scroll","background-type":"","background-media":"","overlay-type":"","overlay-color":"","overlay-opacity":"","overlay-gradient":""},"tablet":{"background-color":"var(--ast-global-color-4)","background-image":"","background-repeat":"repeat","background-position":"center center","background-size":"auto","background-attachment":"scroll","background-type":"","background-media":"","overlay-type":"","overlay-color":"","overlay-opacity":"","overlay-gradient":""},"mobile":{"background-color":"var(--ast-global-color-4)","background-image":"","background-repeat":"repeat","background-position":"center center","background-size":"auto","background-attachment":"scroll","background-type":"","background-media":"","overlay-type":"","overlay-color":"","overlay-opacity":"","overlay-gradient":""}}},"product_brand":[],"product_cat":[9581],"product_tag":[3174,3180],"class_list":{"0":"post-7405","1":"product","2":"type-product","3":"status-publish","4":"has-post-thumbnail","6":"product_cat-kriminaliniai-romanai","7":"product_tag-aleksandra-marinina","8":"product_tag-objekto-keitimas","9":"desktop-align-left","10":"tablet-align-left","11":"mobile-align-left","13":"first","14":"instock","15":"shipping-taxable","16":"purchasable","17":"product-type-simple"},"acf":[],"yoast_head":"<!-- This site is optimized with the Yoast SEO plugin v27.0 - https:\/\/yoast.com\/product\/yoast-seo-wordpress\/ -->\n<title>Objekto keitimas<\/title>\n<meta name=\"description\" content=\"nu\u017eudyti du \u017emones - jauna klestin\u010dio verslininko \u017emona ir jos apsaugininkas. Kas tai - \u012fsp\u0117jimas s\u0117km\u0117s lydimam konkurentui, ker\u0161tas laisvamanei gra\u017euolei, sen\u0173 s\u0105skait\u0173 suvedin\u0117jimas?  Versij\u0173 daug, bet visos jos nepatinka kukliam apylink\u0117s \u012fgaliotiniui - milicijos kapitonui Igoriui Doro\u0161inui, kuris tur\u0117jo asmenini\u0173 prie\u017ea\u0161\u010di\u0173 atskleisti nusikaltim\u0105.\" \/>\n<meta name=\"robots\" content=\"index, follow, max-snippet:-1, max-image-preview:large, max-video-preview:-1\" \/>\n<link rel=\"canonical\" href=\"https:\/\/skaitytaknyga.lt\/en\/produktas\/a-marinina-objekto-keitimas\/\" \/>\n<meta property=\"og:locale\" content=\"en_GB\" \/>\n<meta property=\"og:locale:alternate\" content=\"lt_LT\" \/>\n<meta property=\"og:type\" content=\"article\" \/>\n<meta property=\"og:title\" content=\"Objekto keitimas\" \/>\n<meta property=\"og:description\" content=\"nu\u017eudyti du \u017emones - jauna klestin\u010dio verslininko \u017emona ir jos apsaugininkas. Kas tai - \u012fsp\u0117jimas s\u0117km\u0117s lydimam konkurentui, ker\u0161tas laisvamanei gra\u017euolei, sen\u0173 s\u0105skait\u0173 suvedin\u0117jimas?  Versij\u0173 daug, bet visos jos nepatinka kukliam apylink\u0117s \u012fgaliotiniui - milicijos kapitonui Igoriui Doro\u0161inui, kuris tur\u0117jo asmenini\u0173 prie\u017ea\u0161\u010di\u0173 atskleisti nusikaltim\u0105.\" \/>\n<meta property=\"og:url\" content=\"https:\/\/skaitytaknyga.lt\/en\/produktas\/a-marinina-objekto-keitimas\/\" \/>\n<meta property=\"og:site_name\" content=\"Skaitytaknyga\" \/>\n<meta property=\"article:publisher\" content=\"https:\/\/www.facebook.com\/skaitytaknyga\/\" \/>\n<meta property=\"article:modified_time\" content=\"2026-03-05T14:00:51+00:00\" \/>\n<meta property=\"og:image\" content=\"https:\/\/skaitytaknyga.lt\/wp-content\/uploads\/2024\/04\/9eb1489452d45b53df34c030feb81d71.png\" \/>\n\t<meta property=\"og:image:width\" content=\"419\" \/>\n\t<meta property=\"og:image:height\" content=\"557\" \/>\n\t<meta property=\"og:image:type\" content=\"image\/png\" \/>\n<meta name=\"twitter:card\" content=\"summary_large_image\" \/>\n<script type=\"application\/ld+json\" class=\"yoast-schema-graph\">{\"@context\":\"https:\/\/schema.org\",\"@graph\":[{\"@type\":\"WebPage\",\"@id\":\"https:\/\/skaitytaknyga.lt\/produktas\/a-marinina-objekto-keitimas\/\",\"url\":\"https:\/\/skaitytaknyga.lt\/produktas\/a-marinina-objekto-keitimas\/\",\"name\":\"Objekto keitimas\",\"isPartOf\":{\"@id\":\"https:\/\/skaitytaknyga.lt\/#website\"},\"primaryImageOfPage\":{\"@id\":\"https:\/\/skaitytaknyga.lt\/produktas\/a-marinina-objekto-keitimas\/#primaryimage\"},\"image\":{\"@id\":\"https:\/\/skaitytaknyga.lt\/produktas\/a-marinina-objekto-keitimas\/#primaryimage\"},\"thumbnailUrl\":\"https:\/\/skaitytaknyga.lt\/wp-content\/uploads\/2024\/04\/9eb1489452d45b53df34c030feb81d71.png\",\"datePublished\":\"2024-05-04T14:29:15+00:00\",\"dateModified\":\"2026-03-05T14:00:51+00:00\",\"description\":\"nu\u017eudyti du \u017emones - jauna klestin\u010dio verslininko \u017emona ir jos apsaugininkas. Kas tai - \u012fsp\u0117jimas s\u0117km\u0117s lydimam konkurentui, ker\u0161tas laisvamanei gra\u017euolei, sen\u0173 s\u0105skait\u0173 suvedin\u0117jimas? Versij\u0173 daug, bet visos jos nepatinka kukliam apylink\u0117s \u012fgaliotiniui - milicijos kapitonui Igoriui Doro\u0161inui, kuris tur\u0117jo asmenini\u0173 prie\u017ea\u0161\u010di\u0173 atskleisti nusikaltim\u0105.\",\"breadcrumb\":{\"@id\":\"https:\/\/skaitytaknyga.lt\/produktas\/a-marinina-objekto-keitimas\/#breadcrumb\"},\"inLanguage\":\"en-GB\",\"potentialAction\":[{\"@type\":\"ReadAction\",\"target\":[\"https:\/\/skaitytaknyga.lt\/produktas\/a-marinina-objekto-keitimas\/\"]}]},{\"@type\":\"ImageObject\",\"inLanguage\":\"en-GB\",\"@id\":\"https:\/\/skaitytaknyga.lt\/produktas\/a-marinina-objekto-keitimas\/#primaryimage\",\"url\":\"https:\/\/skaitytaknyga.lt\/wp-content\/uploads\/2024\/04\/9eb1489452d45b53df34c030feb81d71.png\",\"contentUrl\":\"https:\/\/skaitytaknyga.lt\/wp-content\/uploads\/2024\/04\/9eb1489452d45b53df34c030feb81d71.png\",\"width\":419,\"height\":557,\"caption\":\"9eb1489452d45b53df34c030feb81d71\"},{\"@type\":\"BreadcrumbList\",\"@id\":\"https:\/\/skaitytaknyga.lt\/produktas\/a-marinina-objekto-keitimas\/#breadcrumb\",\"itemListElement\":[{\"@type\":\"ListItem\",\"position\":1,\"name\":\"Home\",\"item\":\"https:\/\/skaitytaknyga.lt\/\"},{\"@type\":\"ListItem\",\"position\":2,\"name\":\"Parduotuv\u0117\",\"item\":\"https:\/\/skaitytaknyga.lt\/knygu-parduotuve\/\"},{\"@type\":\"ListItem\",\"position\":3,\"name\":\"Objekto keitimas\"}]},{\"@type\":\"WebSite\",\"@id\":\"https:\/\/skaitytaknyga.lt\/#website\",\"url\":\"https:\/\/skaitytaknyga.lt\/\",\"name\":\"skaitytaknyga.lt\",\"description\":\"Skaitytaknyga.lt \u2013 tai ma\u017eas \u0161eimos verslas, kuris prasid\u0117jo nuo meil\u0117s knygoms ir siekio i\u0161gelb\u0117ti knygas nuo likimo prie konteinerio. Kas vienam nereikalingas daiktas \u2013 kitam lobis, o mes esame tarpininkai, kurie padeda abiems tapti laimingesniems ???? \u017dinome kaip nelengva i\u0161gyventi ma\u017eiems verslams, tad nuo \u0161iol, \u010dia rasite ir kit\u0173, ma\u017e\u0173 \u0161eim\u0173 versl\u0173, rank\u0173 darbo, dovan\u0173 sau ir artimiesiems.\",\"publisher\":{\"@id\":\"https:\/\/skaitytaknyga.lt\/#organization\"},\"potentialAction\":[{\"@type\":\"SearchAction\",\"target\":{\"@type\":\"EntryPoint\",\"urlTemplate\":\"https:\/\/skaitytaknyga.lt\/?s={search_term_string}\"},\"query-input\":{\"@type\":\"PropertyValueSpecification\",\"valueRequired\":true,\"valueName\":\"search_term_string\"}}],\"inLanguage\":\"en-GB\"},{\"@type\":\"Organization\",\"@id\":\"https:\/\/skaitytaknyga.lt\/#organization\",\"name\":\"skaitytaknyga.lt\",\"url\":\"https:\/\/skaitytaknyga.lt\/\",\"logo\":{\"@type\":\"ImageObject\",\"inLanguage\":\"en-GB\",\"@id\":\"https:\/\/skaitytaknyga.lt\/#\/schema\/logo\/image\/\",\"url\":\"https:\/\/skaitytaknyga.lt\/wp-content\/uploads\/2024\/05\/cropped-cropped-cropped-02_00843_jt3bggkj1j3HLc7SyY6rEUpg.jpeg\",\"contentUrl\":\"https:\/\/skaitytaknyga.lt\/wp-content\/uploads\/2024\/05\/cropped-cropped-cropped-02_00843_jt3bggkj1j3HLc7SyY6rEUpg.jpeg\",\"width\":1600,\"height\":1600,\"caption\":\"skaitytaknyga.lt\"},\"image\":{\"@id\":\"https:\/\/skaitytaknyga.lt\/#\/schema\/logo\/image\/\"},\"sameAs\":[\"https:\/\/www.facebook.com\/skaitytaknyga\/\"]}]}<\/script>\n<!-- \/ Yoast SEO plugin. -->","yoast_head_json":{"title":"Objekto keitimas","description":"nu\u017eudyti du \u017emones - jauna klestin\u010dio verslininko \u017emona ir jos apsaugininkas. Kas tai - \u012fsp\u0117jimas s\u0117km\u0117s lydimam konkurentui, ker\u0161tas laisvamanei gra\u017euolei, sen\u0173 s\u0105skait\u0173 suvedin\u0117jimas?  Versij\u0173 daug, bet visos jos nepatinka kukliam apylink\u0117s \u012fgaliotiniui - milicijos kapitonui Igoriui Doro\u0161inui, kuris tur\u0117jo asmenini\u0173 prie\u017ea\u0161\u010di\u0173 atskleisti nusikaltim\u0105.","robots":{"index":"index","follow":"follow","max-snippet":"max-snippet:-1","max-image-preview":"max-image-preview:large","max-video-preview":"max-video-preview:-1"},"canonical":"https:\/\/skaitytaknyga.lt\/en\/produktas\/a-marinina-objekto-keitimas\/","og_locale":"en_GB","og_type":"article","og_title":"[:lt]Objekto keitimas[:] - Skaitytaknyga","og_description":"nu\u017eudyti du \u017emones - jauna klestin\u010dio verslininko \u017emona ir jos apsaugininkas. Kas tai - \u012fsp\u0117jimas s\u0117km\u0117s lydimam konkurentui, ker\u0161tas laisvamanei gra\u017euolei, sen\u0173 s\u0105skait\u0173 suvedin\u0117jimas?  Versij\u0173 daug, bet visos jos nepatinka kukliam apylink\u0117s \u012fgaliotiniui - milicijos kapitonui Igoriui Doro\u0161inui, kuris tur\u0117jo asmenini\u0173 prie\u017ea\u0161\u010di\u0173 atskleisti nusikaltim\u0105.","og_url":"https:\/\/skaitytaknyga.lt\/en\/produktas\/a-marinina-objekto-keitimas\/","og_site_name":"Skaitytaknyga","article_publisher":"https:\/\/www.facebook.com\/skaitytaknyga\/","article_modified_time":"2026-03-05T14:00:51+00:00","og_image":[{"width":419,"height":557,"url":"https:\/\/skaitytaknyga.lt\/wp-content\/uploads\/2024\/04\/9eb1489452d45b53df34c030feb81d71.png","type":"image\/png"}],"twitter_card":"summary_large_image","schema":{"@context":"https:\/\/schema.org","@graph":[{"@type":"WebPage","@id":"https:\/\/skaitytaknyga.lt\/produktas\/a-marinina-objekto-keitimas\/","url":"https:\/\/skaitytaknyga.lt\/produktas\/a-marinina-objekto-keitimas\/","name":"Objekto keitimas","isPartOf":{"@id":"https:\/\/skaitytaknyga.lt\/#website"},"primaryImageOfPage":{"@id":"https:\/\/skaitytaknyga.lt\/produktas\/a-marinina-objekto-keitimas\/#primaryimage"},"image":{"@id":"https:\/\/skaitytaknyga.lt\/produktas\/a-marinina-objekto-keitimas\/#primaryimage"},"thumbnailUrl":"https:\/\/skaitytaknyga.lt\/wp-content\/uploads\/2024\/04\/9eb1489452d45b53df34c030feb81d71.png","datePublished":"2024-05-04T14:29:15+00:00","dateModified":"2026-03-05T14:00:51+00:00","description":"nu\u017eudyti du \u017emones - jauna klestin\u010dio verslininko \u017emona ir jos apsaugininkas. Kas tai - \u012fsp\u0117jimas s\u0117km\u0117s lydimam konkurentui, ker\u0161tas laisvamanei gra\u017euolei, sen\u0173 s\u0105skait\u0173 suvedin\u0117jimas? Versij\u0173 daug, bet visos jos nepatinka kukliam apylink\u0117s \u012fgaliotiniui - milicijos kapitonui Igoriui Doro\u0161inui, kuris tur\u0117jo asmenini\u0173 prie\u017ea\u0161\u010di\u0173 atskleisti nusikaltim\u0105.","breadcrumb":{"@id":"https:\/\/skaitytaknyga.lt\/produktas\/a-marinina-objekto-keitimas\/#breadcrumb"},"inLanguage":"en-GB","potentialAction":[{"@type":"ReadAction","target":["https:\/\/skaitytaknyga.lt\/produktas\/a-marinina-objekto-keitimas\/"]}]},{"@type":"ImageObject","inLanguage":"en-GB","@id":"https:\/\/skaitytaknyga.lt\/produktas\/a-marinina-objekto-keitimas\/#primaryimage","url":"https:\/\/skaitytaknyga.lt\/wp-content\/uploads\/2024\/04\/9eb1489452d45b53df34c030feb81d71.png","contentUrl":"https:\/\/skaitytaknyga.lt\/wp-content\/uploads\/2024\/04\/9eb1489452d45b53df34c030feb81d71.png","width":419,"height":557,"caption":"9eb1489452d45b53df34c030feb81d71"},{"@type":"BreadcrumbList","@id":"https:\/\/skaitytaknyga.lt\/produktas\/a-marinina-objekto-keitimas\/#breadcrumb","itemListElement":[{"@type":"ListItem","position":1,"name":"Home","item":"https:\/\/skaitytaknyga.lt\/"},{"@type":"ListItem","position":2,"name":"Parduotuv\u0117","item":"https:\/\/skaitytaknyga.lt\/knygu-parduotuve\/"},{"@type":"ListItem","position":3,"name":"Objekto keitimas"}]},{"@type":"WebSite","@id":"https:\/\/skaitytaknyga.lt\/#website","url":"https:\/\/skaitytaknyga.lt\/","name":"skaitytaknyga.lt","description":"Skaitytaknyga.lt \u2013 tai ma\u017eas \u0161eimos verslas, kuris prasid\u0117jo nuo meil\u0117s knygoms ir siekio i\u0161gelb\u0117ti knygas nuo likimo prie konteinerio. Kas vienam nereikalingas daiktas \u2013 kitam lobis, o mes esame tarpininkai, kurie padeda abiems tapti laimingesniems ???? \u017dinome kaip nelengva i\u0161gyventi ma\u017eiems verslams, tad nuo \u0161iol, \u010dia rasite ir kit\u0173, ma\u017e\u0173 \u0161eim\u0173 versl\u0173, rank\u0173 darbo, dovan\u0173 sau ir artimiesiems.","publisher":{"@id":"https:\/\/skaitytaknyga.lt\/#organization"},"potentialAction":[{"@type":"SearchAction","target":{"@type":"EntryPoint","urlTemplate":"https:\/\/skaitytaknyga.lt\/?s={search_term_string}"},"query-input":{"@type":"PropertyValueSpecification","valueRequired":true,"valueName":"search_term_string"}}],"inLanguage":"en-GB"},{"@type":"Organization","@id":"https:\/\/skaitytaknyga.lt\/#organization","name":"skaitytaknyga.lt","url":"https:\/\/skaitytaknyga.lt\/","logo":{"@type":"ImageObject","inLanguage":"en-GB","@id":"https:\/\/skaitytaknyga.lt\/#\/schema\/logo\/image\/","url":"https:\/\/skaitytaknyga.lt\/wp-content\/uploads\/2024\/05\/cropped-cropped-cropped-02_00843_jt3bggkj1j3HLc7SyY6rEUpg.jpeg","contentUrl":"https:\/\/skaitytaknyga.lt\/wp-content\/uploads\/2024\/05\/cropped-cropped-cropped-02_00843_jt3bggkj1j3HLc7SyY6rEUpg.jpeg","width":1600,"height":1600,"caption":"skaitytaknyga.lt"},"image":{"@id":"https:\/\/skaitytaknyga.lt\/#\/schema\/logo\/image\/"},"sameAs":["https:\/\/www.facebook.com\/skaitytaknyga\/"]}]}},"_links":{"self":[{"href":"https:\/\/skaitytaknyga.lt\/en\/wp-json\/wp\/v2\/product\/7405","targetHints":{"allow":["GET"]}}],"collection":[{"href":"https:\/\/skaitytaknyga.lt\/en\/wp-json\/wp\/v2\/product"}],"about":[{"href":"https:\/\/skaitytaknyga.lt\/en\/wp-json\/wp\/v2\/types\/product"}],"replies":[{"embeddable":true,"href":"https:\/\/skaitytaknyga.lt\/en\/wp-json\/wp\/v2\/comments?post=7405"}],"wp:featuredmedia":[{"embeddable":true,"href":"https:\/\/skaitytaknyga.lt\/en\/wp-json\/wp\/v2\/media\/2231"}],"wp:attachment":[{"href":"https:\/\/skaitytaknyga.lt\/en\/wp-json\/wp\/v2\/media?parent=7405"}],"wp:term":[{"taxonomy":"product_brand","embeddable":true,"href":"https:\/\/skaitytaknyga.lt\/en\/wp-json\/wp\/v2\/product_brand?post=7405"},{"taxonomy":"product_cat","embeddable":true,"href":"https:\/\/skaitytaknyga.lt\/en\/wp-json\/wp\/v2\/product_cat?post=7405"},{"taxonomy":"product_tag","embeddable":true,"href":"https:\/\/skaitytaknyga.lt\/en\/wp-json\/wp\/v2\/product_tag?post=7405"}],"curies":[{"name":"wp","href":"https:\/\/api.w.org\/{rel}","templated":true}]}}