{"id":7127,"date":"2024-05-02T13:57:58","date_gmt":"2024-05-02T13:57:58","guid":{"rendered":"https:\/\/skaitytaknyga.lt\/?post_type=product&#038;p=7127"},"modified":"2025-06-26T16:10:08","modified_gmt":"2025-06-26T13:10:08","slug":"ceslovas-milosas-poezijos-liudijimas-sesios-paskaitos-apie-musu-amziaus-skaudulius","status":"publish","type":"product","link":"https:\/\/skaitytaknyga.lt\/en\/produktas\/ceslovas-milosas-poezijos-liudijimas-sesios-paskaitos-apie-musu-amziaus-skaudulius\/","title":{"rendered":"Poezijos liudijimas. \u0160e\u0161ios paskaitos apie m\u016bs\u0173 am\u017eiaus skaudulius"},"content":{"rendered":"<div>\n<p>Eil\u0117ra\u0161\u010dius vert\u0117 Mindaugas Kvietkauskas 2011-uosius UNESCO paskelb\u0117 Czes\u0142awo Mi\u0142oszo metais \u2013 b\u016btent \u0161iemet sukanka 100 met\u0173 nuo Mi\u0142oszo gimimo. Ta proga pirm\u0105kart lietuvi\u0161kai i\u0161leid\u017eiamos \u0161e\u0161ios Nobelio premijos laureato paskaitos, 1981-1982 metais skaitytos Harvardo (JAV) universitete. Paskait\u0173 objektas \u2013 poezija, toji k\u016brybos sritis, kuriai pakviestasis lektorius atstovauja. Mi\u0142oszo paskaitos \u2013 tai poezijos liudijimai, arba \u012fdom\u016bs svarstymai, kuriuose atsiskleid\u017eia laisvo \u017emogaus, nesig\u0117dijan\u010dio, bet ir nesigirian\u010dio savo paveldu po\u017ei\u016bris, i\u0161vengiantis Ryt\u0173 ir Vidurio europie\u010diams neretai b\u016bdingo \u201epataikavimo Vakar\u0173 intelektualiniams papro\u010diams\u201c. Kult\u016brinis ir istorinis kontekstai, atsiskleid\u017eiantys Mi\u0142oszo paskaitose, gra\u017eiai \u201eiliustruojami\u201c jo paties eil\u0117ra\u0161\u010diais ir j\u0173 komentarais.<\/p>\n<\/div>\n","protected":false},"excerpt":{"rendered":"<div>\n<p>Eil\u0117ra\u0161\u010dius vert\u0117 Mindaugas Kvietkauskas 2011-uosius UNESCO paskelb\u0117 Czes\u0142awo Mi\u0142oszo metais \u2013 b\u016btent \u0161iemet sukanka 100 met\u0173 nuo Mi\u0142oszo gimimo. Ta proga pirm\u0105kart lietuvi\u0161kai i\u0161leid\u017eiamos \u0161e\u0161ios Nobelio premijos laureato paskaitos, 1981-1982 metais skaitytos Harvardo (JAV) universitete. Paskait\u0173 objektas \u2013 poezija, toji k\u016brybos sritis, kuriai pakviestasis lektorius atstovauja. Mi\u0142oszo paskaitos \u2013 tai poezijos liudijimai, arba \u012fdom\u016bs svarstymai, kuriuose atsiskleid\u017eia laisvo \u017emogaus, nesig\u0117dijan\u010dio, bet ir nesigirian\u010dio savo paveldu po\u017ei\u016bris, i\u0161vengiantis Ryt\u0173 ir Vidurio europie\u010diams neretai b\u016bdingo \u201epataikavimo Vakar\u0173 intelektualiniams papro\u010diams\u201c. Kult\u016brinis ir istorinis kontekstai, atsiskleid\u017eiantys Mi\u0142oszo paskaitose, gra\u017eiai \u201eiliustruojami\u201c jo paties eil\u0117ra\u0161\u010diais ir j\u0173 komentarais.<\/p>\n<\/div>\n","protected":false},"featured_media":7181,"comment_status":"closed","ping_status":"closed","template":"","meta":{"_acf_changed":false,"site-sidebar-layout":"default","site-content-layout":"","ast-site-content-layout":"default","site-content-style":"default","site-sidebar-style":"default","ast-global-header-display":"","ast-banner-title-visibility":"","ast-main-header-display":"","ast-hfb-above-header-display":"","ast-hfb-below-header-display":"","ast-hfb-mobile-header-display":"","site-post-title":"","ast-breadcrumbs-content":"","ast-featured-img":"","footer-sml-layout":"","ast-disable-related-posts":"","theme-transparent-header-meta":"","adv-header-id-meta":"","stick-header-meta":"","header-above-stick-meta":"","header-main-stick-meta":"","header-below-stick-meta":"","astra-migrate-meta-layouts":"default","ast-page-background-enabled":"default","ast-page-background-meta":{"desktop":{"background-color":"","background-image":"","background-repeat":"repeat","background-position":"center center","background-size":"auto","background-attachment":"scroll","background-type":"","background-media":"","overlay-type":"","overlay-color":"","overlay-opacity":"","overlay-gradient":""},"tablet":{"background-color":"","background-image":"","background-repeat":"repeat","background-position":"center center","background-size":"auto","background-attachment":"scroll","background-type":"","background-media":"","overlay-type":"","overlay-color":"","overlay-opacity":"","overlay-gradient":""},"mobile":{"background-color":"","background-image":"","background-repeat":"repeat","background-position":"center center","background-size":"auto","background-attachment":"scroll","background-type":"","background-media":"","overlay-type":"","overlay-color":"","overlay-opacity":"","overlay-gradient":""}},"ast-content-background-meta":{"desktop":{"background-color":"var(--ast-global-color-4)","background-image":"","background-repeat":"repeat","background-position":"center center","background-size":"auto","background-attachment":"scroll","background-type":"","background-media":"","overlay-type":"","overlay-color":"","overlay-opacity":"","overlay-gradient":""},"tablet":{"background-color":"var(--ast-global-color-4)","background-image":"","background-repeat":"repeat","background-position":"center center","background-size":"auto","background-attachment":"scroll","background-type":"","background-media":"","overlay-type":"","overlay-color":"","overlay-opacity":"","overlay-gradient":""},"mobile":{"background-color":"var(--ast-global-color-4)","background-image":"","background-repeat":"repeat","background-position":"center center","background-size":"auto","background-attachment":"scroll","background-type":"","background-media":"","overlay-type":"","overlay-color":"","overlay-opacity":"","overlay-gradient":""}}},"product_brand":[],"product_cat":[31],"product_tag":[4440,1492,2857,6005,1809],"class_list":{"0":"post-7127","1":"product","2":"type-product","3":"status-publish","4":"has-post-thumbnail","6":"product_cat-grozine-literatura","7":"product_tag-czeslaw-milosz","8":"product_tag-literatura","9":"product_tag-nobelio-premija","10":"product_tag-paskaitos","11":"product_tag-poezija","12":"desktop-align-left","13":"tablet-align-left","14":"mobile-align-left","16":"first","17":"outofstock","18":"shipping-taxable","19":"purchasable","20":"product-type-simple"},"acf":[],"yoast_head":"<!-- This site is optimized with the Yoast SEO plugin v27.0 - https:\/\/yoast.com\/product\/yoast-seo-wordpress\/ -->\n<title>Poezijos liudijimas. \u0160e\u0161ios paskaitos apie m\u016bs\u0173 am\u017eiaus skaudulius<\/title>\n<meta name=\"description\" content=\"Eil\u0117ra\u0161\u010dius vert\u0117 Mindaugas Kvietkauskas 2011-uosius UNESCO paskelb\u0117 Czes\u0142awo Mi\u0142oszo metais \u2013 b\u016btent \u0161iemet sukanka 100 met\u0173 nuo Mi\u0142oszo gimimo. Ta proga pirm\u0105kart lietuvi\u0161kai i\u0161leid\u017eiamos \u0161e\u0161ios Nobelio premijos laureato paskaitos, 1981-1982 metais skaitytos Harvardo (JAV) universitete. Paskait\u0173 objektas \u2013 poezija, toji k\u016brybos sritis, kuriai pakviestasis lektorius atstovauja. Mi\u0142oszo paskaitos \u2013 tai poezijos liudijimai, arba \u012fdom\u016bs svarstymai, kuriuose atsiskleid\u017eia laisvo \u017emogaus, nesig\u0117dijan\u010dio, bet ir nesigirian\u010dio savo paveldu po\u017ei\u016bris, i\u0161vengiantis Ryt\u0173 ir Vidurio europie\u010diams neretai b\u016bdingo \u201epataikavimo Vakar\u0173 intelektualiniams papro\u010diams\u201c. Kult\u016brinis ir istorinis kontekstai, atsiskleid\u017eiantys Mi\u0142oszo paskaitose, gra\u017eiai \u201eiliustruojami\u201c jo paties eil\u0117ra\u0161\u010diais ir j\u0173 komentarais.\" \/>\n<meta name=\"robots\" content=\"index, follow, max-snippet:-1, max-image-preview:large, max-video-preview:-1\" \/>\n<link rel=\"canonical\" href=\"https:\/\/skaitytaknyga.lt\/en\/produktas\/ceslovas-milosas-poezijos-liudijimas-sesios-paskaitos-apie-musu-amziaus-skaudulius\/\" \/>\n<meta property=\"og:locale\" content=\"en_GB\" \/>\n<meta property=\"og:locale:alternate\" content=\"lt_LT\" \/>\n<meta property=\"og:type\" content=\"article\" \/>\n<meta property=\"og:title\" content=\"Poezijos liudijimas. \u0160e\u0161ios paskaitos apie m\u016bs\u0173 am\u017eiaus skaudulius\" \/>\n<meta property=\"og:description\" content=\"Eil\u0117ra\u0161\u010dius vert\u0117 Mindaugas Kvietkauskas 2011-uosius UNESCO paskelb\u0117 Czes\u0142awo Mi\u0142oszo metais \u2013 b\u016btent \u0161iemet sukanka 100 met\u0173 nuo Mi\u0142oszo gimimo. Ta proga pirm\u0105kart lietuvi\u0161kai i\u0161leid\u017eiamos \u0161e\u0161ios Nobelio premijos laureato paskaitos, 1981-1982 metais skaitytos Harvardo (JAV) universitete. Paskait\u0173 objektas \u2013 poezija, toji k\u016brybos sritis, kuriai pakviestasis lektorius atstovauja. Mi\u0142oszo paskaitos \u2013 tai poezijos liudijimai, arba \u012fdom\u016bs svarstymai, kuriuose atsiskleid\u017eia laisvo \u017emogaus, nesig\u0117dijan\u010dio, bet ir nesigirian\u010dio savo paveldu po\u017ei\u016bris, i\u0161vengiantis Ryt\u0173 ir Vidurio europie\u010diams neretai b\u016bdingo \u201epataikavimo Vakar\u0173 intelektualiniams papro\u010diams\u201c. Kult\u016brinis ir istorinis kontekstai, atsiskleid\u017eiantys Mi\u0142oszo paskaitose, gra\u017eiai \u201eiliustruojami\u201c jo paties eil\u0117ra\u0161\u010diais ir j\u0173 komentarais.\" \/>\n<meta property=\"og:url\" content=\"https:\/\/skaitytaknyga.lt\/en\/produktas\/ceslovas-milosas-poezijos-liudijimas-sesios-paskaitos-apie-musu-amziaus-skaudulius\/\" \/>\n<meta property=\"og:site_name\" content=\"Skaitytaknyga\" \/>\n<meta property=\"article:publisher\" content=\"https:\/\/www.facebook.com\/skaitytaknyga\/\" \/>\n<meta property=\"article:modified_time\" content=\"2025-06-26T13:10:08+00:00\" \/>\n<meta property=\"og:image\" content=\"https:\/\/skaitytaknyga.lt\/wp-content\/uploads\/2024\/05\/poezijosliudijimas.jpg\" \/>\n\t<meta property=\"og:image:width\" content=\"200\" \/>\n\t<meta property=\"og:image:height\" content=\"299\" \/>\n\t<meta property=\"og:image:type\" content=\"image\/jpeg\" \/>\n<meta name=\"twitter:card\" content=\"summary_large_image\" \/>\n<meta name=\"twitter:label1\" content=\"Estimated reading time\" \/>\n\t<meta name=\"twitter:data1\" content=\"1 minute\" \/>\n<script type=\"application\/ld+json\" class=\"yoast-schema-graph\">{\"@context\":\"https:\/\/schema.org\",\"@graph\":[{\"@type\":\"WebPage\",\"@id\":\"https:\/\/skaitytaknyga.lt\/produktas\/ceslovas-milosas-poezijos-liudijimas-sesios-paskaitos-apie-musu-amziaus-skaudulius\/\",\"url\":\"https:\/\/skaitytaknyga.lt\/produktas\/ceslovas-milosas-poezijos-liudijimas-sesios-paskaitos-apie-musu-amziaus-skaudulius\/\",\"name\":\"Poezijos liudijimas. \u0160e\u0161ios paskaitos apie m\u016bs\u0173 am\u017eiaus skaudulius\",\"isPartOf\":{\"@id\":\"https:\/\/skaitytaknyga.lt\/#website\"},\"primaryImageOfPage\":{\"@id\":\"https:\/\/skaitytaknyga.lt\/produktas\/ceslovas-milosas-poezijos-liudijimas-sesios-paskaitos-apie-musu-amziaus-skaudulius\/#primaryimage\"},\"image\":{\"@id\":\"https:\/\/skaitytaknyga.lt\/produktas\/ceslovas-milosas-poezijos-liudijimas-sesios-paskaitos-apie-musu-amziaus-skaudulius\/#primaryimage\"},\"thumbnailUrl\":\"https:\/\/skaitytaknyga.lt\/wp-content\/uploads\/2024\/05\/poezijosliudijimas.jpg\",\"datePublished\":\"2024-05-02T13:57:58+00:00\",\"dateModified\":\"2025-06-26T13:10:08+00:00\",\"description\":\"Eil\u0117ra\u0161\u010dius vert\u0117 Mindaugas Kvietkauskas 2011-uosius UNESCO paskelb\u0117 Czes\u0142awo Mi\u0142oszo metais \u2013 b\u016btent \u0161iemet sukanka 100 met\u0173 nuo Mi\u0142oszo gimimo. Ta proga pirm\u0105kart lietuvi\u0161kai i\u0161leid\u017eiamos \u0161e\u0161ios Nobelio premijos laureato paskaitos, 1981-1982 metais skaitytos Harvardo (JAV) universitete. Paskait\u0173 objektas \u2013 poezija, toji k\u016brybos sritis, kuriai pakviestasis lektorius atstovauja. Mi\u0142oszo paskaitos \u2013 tai poezijos liudijimai, arba \u012fdom\u016bs svarstymai, kuriuose atsiskleid\u017eia laisvo \u017emogaus, nesig\u0117dijan\u010dio, bet ir nesigirian\u010dio savo paveldu po\u017ei\u016bris, i\u0161vengiantis Ryt\u0173 ir Vidurio europie\u010diams neretai b\u016bdingo \u201epataikavimo Vakar\u0173 intelektualiniams papro\u010diams\u201c. Kult\u016brinis ir istorinis kontekstai, atsiskleid\u017eiantys Mi\u0142oszo paskaitose, gra\u017eiai \u201eiliustruojami\u201c jo paties eil\u0117ra\u0161\u010diais ir j\u0173 komentarais.\",\"breadcrumb\":{\"@id\":\"https:\/\/skaitytaknyga.lt\/produktas\/ceslovas-milosas-poezijos-liudijimas-sesios-paskaitos-apie-musu-amziaus-skaudulius\/#breadcrumb\"},\"inLanguage\":\"en-GB\",\"potentialAction\":[{\"@type\":\"ReadAction\",\"target\":[\"https:\/\/skaitytaknyga.lt\/produktas\/ceslovas-milosas-poezijos-liudijimas-sesios-paskaitos-apie-musu-amziaus-skaudulius\/\"]}]},{\"@type\":\"ImageObject\",\"inLanguage\":\"en-GB\",\"@id\":\"https:\/\/skaitytaknyga.lt\/produktas\/ceslovas-milosas-poezijos-liudijimas-sesios-paskaitos-apie-musu-amziaus-skaudulius\/#primaryimage\",\"url\":\"https:\/\/skaitytaknyga.lt\/wp-content\/uploads\/2024\/05\/poezijosliudijimas.jpg\",\"contentUrl\":\"https:\/\/skaitytaknyga.lt\/wp-content\/uploads\/2024\/05\/poezijosliudijimas.jpg\",\"width\":200,\"height\":299},{\"@type\":\"BreadcrumbList\",\"@id\":\"https:\/\/skaitytaknyga.lt\/produktas\/ceslovas-milosas-poezijos-liudijimas-sesios-paskaitos-apie-musu-amziaus-skaudulius\/#breadcrumb\",\"itemListElement\":[{\"@type\":\"ListItem\",\"position\":1,\"name\":\"Home\",\"item\":\"https:\/\/skaitytaknyga.lt\/\"},{\"@type\":\"ListItem\",\"position\":2,\"name\":\"Parduotuv\u0117\",\"item\":\"https:\/\/skaitytaknyga.lt\/knygu-parduotuve\/\"},{\"@type\":\"ListItem\",\"position\":3,\"name\":\"Poezijos liudijimas. \u0160e\u0161ios paskaitos apie m\u016bs\u0173 am\u017eiaus skaudulius\"}]},{\"@type\":\"WebSite\",\"@id\":\"https:\/\/skaitytaknyga.lt\/#website\",\"url\":\"https:\/\/skaitytaknyga.lt\/\",\"name\":\"skaitytaknyga.lt\",\"description\":\"Skaitytaknyga.lt \u2013 tai ma\u017eas \u0161eimos verslas, kuris prasid\u0117jo nuo meil\u0117s knygoms ir siekio i\u0161gelb\u0117ti knygas nuo likimo prie konteinerio. Kas vienam nereikalingas daiktas \u2013 kitam lobis, o mes esame tarpininkai, kurie padeda abiems tapti laimingesniems ???? \u017dinome kaip nelengva i\u0161gyventi ma\u017eiems verslams, tad nuo \u0161iol, \u010dia rasite ir kit\u0173, ma\u017e\u0173 \u0161eim\u0173 versl\u0173, rank\u0173 darbo, dovan\u0173 sau ir artimiesiems.\",\"publisher\":{\"@id\":\"https:\/\/skaitytaknyga.lt\/#organization\"},\"potentialAction\":[{\"@type\":\"SearchAction\",\"target\":{\"@type\":\"EntryPoint\",\"urlTemplate\":\"https:\/\/skaitytaknyga.lt\/?s={search_term_string}\"},\"query-input\":{\"@type\":\"PropertyValueSpecification\",\"valueRequired\":true,\"valueName\":\"search_term_string\"}}],\"inLanguage\":\"en-GB\"},{\"@type\":\"Organization\",\"@id\":\"https:\/\/skaitytaknyga.lt\/#organization\",\"name\":\"skaitytaknyga.lt\",\"url\":\"https:\/\/skaitytaknyga.lt\/\",\"logo\":{\"@type\":\"ImageObject\",\"inLanguage\":\"en-GB\",\"@id\":\"https:\/\/skaitytaknyga.lt\/#\/schema\/logo\/image\/\",\"url\":\"https:\/\/skaitytaknyga.lt\/wp-content\/uploads\/2024\/05\/cropped-cropped-cropped-02_00843_jt3bggkj1j3HLc7SyY6rEUpg.jpeg\",\"contentUrl\":\"https:\/\/skaitytaknyga.lt\/wp-content\/uploads\/2024\/05\/cropped-cropped-cropped-02_00843_jt3bggkj1j3HLc7SyY6rEUpg.jpeg\",\"width\":1600,\"height\":1600,\"caption\":\"skaitytaknyga.lt\"},\"image\":{\"@id\":\"https:\/\/skaitytaknyga.lt\/#\/schema\/logo\/image\/\"},\"sameAs\":[\"https:\/\/www.facebook.com\/skaitytaknyga\/\"]}]}<\/script>\n<!-- \/ Yoast SEO plugin. -->","yoast_head_json":{"title":"Poezijos liudijimas. \u0160e\u0161ios paskaitos apie m\u016bs\u0173 am\u017eiaus skaudulius","description":"Eil\u0117ra\u0161\u010dius vert\u0117 Mindaugas Kvietkauskas 2011-uosius UNESCO paskelb\u0117 Czes\u0142awo Mi\u0142oszo metais \u2013 b\u016btent \u0161iemet sukanka 100 met\u0173 nuo Mi\u0142oszo gimimo. Ta proga pirm\u0105kart lietuvi\u0161kai i\u0161leid\u017eiamos \u0161e\u0161ios Nobelio premijos laureato paskaitos, 1981-1982 metais skaitytos Harvardo (JAV) universitete. Paskait\u0173 objektas \u2013 poezija, toji k\u016brybos sritis, kuriai pakviestasis lektorius atstovauja. Mi\u0142oszo paskaitos \u2013 tai poezijos liudijimai, arba \u012fdom\u016bs svarstymai, kuriuose atsiskleid\u017eia laisvo \u017emogaus, nesig\u0117dijan\u010dio, bet ir nesigirian\u010dio savo paveldu po\u017ei\u016bris, i\u0161vengiantis Ryt\u0173 ir Vidurio europie\u010diams neretai b\u016bdingo \u201epataikavimo Vakar\u0173 intelektualiniams papro\u010diams\u201c. Kult\u016brinis ir istorinis kontekstai, atsiskleid\u017eiantys Mi\u0142oszo paskaitose, gra\u017eiai \u201eiliustruojami\u201c jo paties eil\u0117ra\u0161\u010diais ir j\u0173 komentarais.","robots":{"index":"index","follow":"follow","max-snippet":"max-snippet:-1","max-image-preview":"max-image-preview:large","max-video-preview":"max-video-preview:-1"},"canonical":"https:\/\/skaitytaknyga.lt\/en\/produktas\/ceslovas-milosas-poezijos-liudijimas-sesios-paskaitos-apie-musu-amziaus-skaudulius\/","og_locale":"en_GB","og_type":"article","og_title":"[:lt]Poezijos liudijimas. \u0160e\u0161ios paskaitos apie m\u016bs\u0173 am\u017eiaus skaudulius[:] - Skaitytaknyga","og_description":"Eil\u0117ra\u0161\u010dius vert\u0117 Mindaugas Kvietkauskas 2011-uosius UNESCO paskelb\u0117 Czes\u0142awo Mi\u0142oszo metais \u2013 b\u016btent \u0161iemet sukanka 100 met\u0173 nuo Mi\u0142oszo gimimo. Ta proga pirm\u0105kart lietuvi\u0161kai i\u0161leid\u017eiamos \u0161e\u0161ios Nobelio premijos laureato paskaitos, 1981-1982 metais skaitytos Harvardo (JAV) universitete. Paskait\u0173 objektas \u2013 poezija, toji k\u016brybos sritis, kuriai pakviestasis lektorius atstovauja. Mi\u0142oszo paskaitos \u2013 tai poezijos liudijimai, arba \u012fdom\u016bs svarstymai, kuriuose atsiskleid\u017eia laisvo \u017emogaus, nesig\u0117dijan\u010dio, bet ir nesigirian\u010dio savo paveldu po\u017ei\u016bris, i\u0161vengiantis Ryt\u0173 ir Vidurio europie\u010diams neretai b\u016bdingo \u201epataikavimo Vakar\u0173 intelektualiniams papro\u010diams\u201c. Kult\u016brinis ir istorinis kontekstai, atsiskleid\u017eiantys Mi\u0142oszo paskaitose, gra\u017eiai \u201eiliustruojami\u201c jo paties eil\u0117ra\u0161\u010diais ir j\u0173 komentarais.","og_url":"https:\/\/skaitytaknyga.lt\/en\/produktas\/ceslovas-milosas-poezijos-liudijimas-sesios-paskaitos-apie-musu-amziaus-skaudulius\/","og_site_name":"Skaitytaknyga","article_publisher":"https:\/\/www.facebook.com\/skaitytaknyga\/","article_modified_time":"2025-06-26T13:10:08+00:00","og_image":[{"width":200,"height":299,"url":"https:\/\/skaitytaknyga.lt\/wp-content\/uploads\/2024\/05\/poezijosliudijimas.jpg","type":"image\/jpeg"}],"twitter_card":"summary_large_image","twitter_misc":{"Estimated reading time":"1 minute"},"schema":{"@context":"https:\/\/schema.org","@graph":[{"@type":"WebPage","@id":"https:\/\/skaitytaknyga.lt\/produktas\/ceslovas-milosas-poezijos-liudijimas-sesios-paskaitos-apie-musu-amziaus-skaudulius\/","url":"https:\/\/skaitytaknyga.lt\/produktas\/ceslovas-milosas-poezijos-liudijimas-sesios-paskaitos-apie-musu-amziaus-skaudulius\/","name":"Poezijos liudijimas. \u0160e\u0161ios paskaitos apie m\u016bs\u0173 am\u017eiaus skaudulius","isPartOf":{"@id":"https:\/\/skaitytaknyga.lt\/#website"},"primaryImageOfPage":{"@id":"https:\/\/skaitytaknyga.lt\/produktas\/ceslovas-milosas-poezijos-liudijimas-sesios-paskaitos-apie-musu-amziaus-skaudulius\/#primaryimage"},"image":{"@id":"https:\/\/skaitytaknyga.lt\/produktas\/ceslovas-milosas-poezijos-liudijimas-sesios-paskaitos-apie-musu-amziaus-skaudulius\/#primaryimage"},"thumbnailUrl":"https:\/\/skaitytaknyga.lt\/wp-content\/uploads\/2024\/05\/poezijosliudijimas.jpg","datePublished":"2024-05-02T13:57:58+00:00","dateModified":"2025-06-26T13:10:08+00:00","description":"Eil\u0117ra\u0161\u010dius vert\u0117 Mindaugas Kvietkauskas 2011-uosius UNESCO paskelb\u0117 Czes\u0142awo Mi\u0142oszo metais \u2013 b\u016btent \u0161iemet sukanka 100 met\u0173 nuo Mi\u0142oszo gimimo. Ta proga pirm\u0105kart lietuvi\u0161kai i\u0161leid\u017eiamos \u0161e\u0161ios Nobelio premijos laureato paskaitos, 1981-1982 metais skaitytos Harvardo (JAV) universitete. Paskait\u0173 objektas \u2013 poezija, toji k\u016brybos sritis, kuriai pakviestasis lektorius atstovauja. Mi\u0142oszo paskaitos \u2013 tai poezijos liudijimai, arba \u012fdom\u016bs svarstymai, kuriuose atsiskleid\u017eia laisvo \u017emogaus, nesig\u0117dijan\u010dio, bet ir nesigirian\u010dio savo paveldu po\u017ei\u016bris, i\u0161vengiantis Ryt\u0173 ir Vidurio europie\u010diams neretai b\u016bdingo \u201epataikavimo Vakar\u0173 intelektualiniams papro\u010diams\u201c. Kult\u016brinis ir istorinis kontekstai, atsiskleid\u017eiantys Mi\u0142oszo paskaitose, gra\u017eiai \u201eiliustruojami\u201c jo paties eil\u0117ra\u0161\u010diais ir j\u0173 komentarais.","breadcrumb":{"@id":"https:\/\/skaitytaknyga.lt\/produktas\/ceslovas-milosas-poezijos-liudijimas-sesios-paskaitos-apie-musu-amziaus-skaudulius\/#breadcrumb"},"inLanguage":"en-GB","potentialAction":[{"@type":"ReadAction","target":["https:\/\/skaitytaknyga.lt\/produktas\/ceslovas-milosas-poezijos-liudijimas-sesios-paskaitos-apie-musu-amziaus-skaudulius\/"]}]},{"@type":"ImageObject","inLanguage":"en-GB","@id":"https:\/\/skaitytaknyga.lt\/produktas\/ceslovas-milosas-poezijos-liudijimas-sesios-paskaitos-apie-musu-amziaus-skaudulius\/#primaryimage","url":"https:\/\/skaitytaknyga.lt\/wp-content\/uploads\/2024\/05\/poezijosliudijimas.jpg","contentUrl":"https:\/\/skaitytaknyga.lt\/wp-content\/uploads\/2024\/05\/poezijosliudijimas.jpg","width":200,"height":299},{"@type":"BreadcrumbList","@id":"https:\/\/skaitytaknyga.lt\/produktas\/ceslovas-milosas-poezijos-liudijimas-sesios-paskaitos-apie-musu-amziaus-skaudulius\/#breadcrumb","itemListElement":[{"@type":"ListItem","position":1,"name":"Home","item":"https:\/\/skaitytaknyga.lt\/"},{"@type":"ListItem","position":2,"name":"Parduotuv\u0117","item":"https:\/\/skaitytaknyga.lt\/knygu-parduotuve\/"},{"@type":"ListItem","position":3,"name":"Poezijos liudijimas. \u0160e\u0161ios paskaitos apie m\u016bs\u0173 am\u017eiaus skaudulius"}]},{"@type":"WebSite","@id":"https:\/\/skaitytaknyga.lt\/#website","url":"https:\/\/skaitytaknyga.lt\/","name":"skaitytaknyga.lt","description":"Skaitytaknyga.lt \u2013 tai ma\u017eas \u0161eimos verslas, kuris prasid\u0117jo nuo meil\u0117s knygoms ir siekio i\u0161gelb\u0117ti knygas nuo likimo prie konteinerio. Kas vienam nereikalingas daiktas \u2013 kitam lobis, o mes esame tarpininkai, kurie padeda abiems tapti laimingesniems ???? \u017dinome kaip nelengva i\u0161gyventi ma\u017eiems verslams, tad nuo \u0161iol, \u010dia rasite ir kit\u0173, ma\u017e\u0173 \u0161eim\u0173 versl\u0173, rank\u0173 darbo, dovan\u0173 sau ir artimiesiems.","publisher":{"@id":"https:\/\/skaitytaknyga.lt\/#organization"},"potentialAction":[{"@type":"SearchAction","target":{"@type":"EntryPoint","urlTemplate":"https:\/\/skaitytaknyga.lt\/?s={search_term_string}"},"query-input":{"@type":"PropertyValueSpecification","valueRequired":true,"valueName":"search_term_string"}}],"inLanguage":"en-GB"},{"@type":"Organization","@id":"https:\/\/skaitytaknyga.lt\/#organization","name":"skaitytaknyga.lt","url":"https:\/\/skaitytaknyga.lt\/","logo":{"@type":"ImageObject","inLanguage":"en-GB","@id":"https:\/\/skaitytaknyga.lt\/#\/schema\/logo\/image\/","url":"https:\/\/skaitytaknyga.lt\/wp-content\/uploads\/2024\/05\/cropped-cropped-cropped-02_00843_jt3bggkj1j3HLc7SyY6rEUpg.jpeg","contentUrl":"https:\/\/skaitytaknyga.lt\/wp-content\/uploads\/2024\/05\/cropped-cropped-cropped-02_00843_jt3bggkj1j3HLc7SyY6rEUpg.jpeg","width":1600,"height":1600,"caption":"skaitytaknyga.lt"},"image":{"@id":"https:\/\/skaitytaknyga.lt\/#\/schema\/logo\/image\/"},"sameAs":["https:\/\/www.facebook.com\/skaitytaknyga\/"]}]}},"_links":{"self":[{"href":"https:\/\/skaitytaknyga.lt\/en\/wp-json\/wp\/v2\/product\/7127","targetHints":{"allow":["GET"]}}],"collection":[{"href":"https:\/\/skaitytaknyga.lt\/en\/wp-json\/wp\/v2\/product"}],"about":[{"href":"https:\/\/skaitytaknyga.lt\/en\/wp-json\/wp\/v2\/types\/product"}],"replies":[{"embeddable":true,"href":"https:\/\/skaitytaknyga.lt\/en\/wp-json\/wp\/v2\/comments?post=7127"}],"wp:featuredmedia":[{"embeddable":true,"href":"https:\/\/skaitytaknyga.lt\/en\/wp-json\/wp\/v2\/media\/7181"}],"wp:attachment":[{"href":"https:\/\/skaitytaknyga.lt\/en\/wp-json\/wp\/v2\/media?parent=7127"}],"wp:term":[{"taxonomy":"product_brand","embeddable":true,"href":"https:\/\/skaitytaknyga.lt\/en\/wp-json\/wp\/v2\/product_brand?post=7127"},{"taxonomy":"product_cat","embeddable":true,"href":"https:\/\/skaitytaknyga.lt\/en\/wp-json\/wp\/v2\/product_cat?post=7127"},{"taxonomy":"product_tag","embeddable":true,"href":"https:\/\/skaitytaknyga.lt\/en\/wp-json\/wp\/v2\/product_tag?post=7127"}],"curies":[{"name":"wp","href":"https:\/\/api.w.org\/{rel}","templated":true}]}}