{"id":7124,"date":"2024-05-02T13:57:58","date_gmt":"2024-05-02T13:57:58","guid":{"rendered":"https:\/\/skaitytaknyga.lt\/?post_type=product&#038;p=7124"},"modified":"2025-12-20T21:30:05","modified_gmt":"2025-12-20T19:30:05","slug":"jurga-ivanauskaite-mieganciu-drugeliu-tvirtove","status":"publish","type":"product","link":"https:\/\/skaitytaknyga.lt\/en\/produktas\/jurga-ivanauskaite-mieganciu-drugeliu-tvirtove\/","title":{"rendered":"Miegan\u010di\u0173 drugeli\u0173 tvirtov\u0117"},"content":{"rendered":"<p>Gali pasirodyti, kad \u0161ios temos niekuo nesusijusios, ta\u010diau, pasak Drugelio efekto arba Chaoso teorijos, peteli\u0161k\u0117s sparno plastel\u0117jimas Amazon\u0117s d\u017eiungl\u0117se sukelia taif\u016bn\u0105 Japonijoje. Taigi \u012f vergij\u0105 parduotos lietuv\u0117s merginos kan\u010dia ir pa\u017eeminimas galb\u016bt pri\u0161aukia uragan\u0105 Meksikos \u012flankoje, o Pasaulio pabaigos akivaizdoje nebejaun\u0173 \u017emoni\u0173 paskutin\u0117 meil\u0117 atrodo saldesn\u0117 u\u017e pirm\u0105j\u0105. Net ir li\u016bdniausi dalykai kartais i\u0161spaud\u017eia ne a\u0161aras, o \u0161ypsen\u0105.<\/p>\n","protected":false},"excerpt":{"rendered":"<p>Gali pasirodyti, kad \u0161ios temos niekuo nesusijusios, ta\u010diau, pasak Drugelio efekto arba Chaoso teorijos, peteli\u0161k\u0117s sparno plastel\u0117jimas Amazon\u0117s d\u017eiungl\u0117se sukelia taif\u016bn\u0105 Japonijoje. Taigi \u012f vergij\u0105 parduotos lietuv\u0117s merginos kan\u010dia ir pa\u017eeminimas galb\u016bt pri\u0161aukia uragan\u0105 Meksikos \u012flankoje, o Pasaulio pabaigos akivaizdoje nebejaun\u0173 \u017emoni\u0173 paskutin\u0117 meil\u0117 atrodo saldesn\u0117 u\u017e pirm\u0105j\u0105. Net ir li\u016bdniausi dalykai kartais i\u0161spaud\u017eia ne a\u0161aras, o \u0161ypsen\u0105.<\/p>\n","protected":false},"featured_media":7170,"comment_status":"closed","ping_status":"closed","template":"","meta":{"_acf_changed":false,"site-sidebar-layout":"default","site-content-layout":"","ast-site-content-layout":"default","site-content-style":"default","site-sidebar-style":"default","ast-global-header-display":"","ast-banner-title-visibility":"","ast-main-header-display":"","ast-hfb-above-header-display":"","ast-hfb-below-header-display":"","ast-hfb-mobile-header-display":"","site-post-title":"","ast-breadcrumbs-content":"","ast-featured-img":"","footer-sml-layout":"","ast-disable-related-posts":"","theme-transparent-header-meta":"","adv-header-id-meta":"","stick-header-meta":"","header-above-stick-meta":"","header-main-stick-meta":"","header-below-stick-meta":"","astra-migrate-meta-layouts":"default","ast-page-background-enabled":"default","ast-page-background-meta":{"desktop":{"background-color":"","background-image":"","background-repeat":"repeat","background-position":"center center","background-size":"auto","background-attachment":"scroll","background-type":"","background-media":"","overlay-type":"","overlay-color":"","overlay-opacity":"","overlay-gradient":""},"tablet":{"background-color":"","background-image":"","background-repeat":"repeat","background-position":"center center","background-size":"auto","background-attachment":"scroll","background-type":"","background-media":"","overlay-type":"","overlay-color":"","overlay-opacity":"","overlay-gradient":""},"mobile":{"background-color":"","background-image":"","background-repeat":"repeat","background-position":"center center","background-size":"auto","background-attachment":"scroll","background-type":"","background-media":"","overlay-type":"","overlay-color":"","overlay-opacity":"","overlay-gradient":""}},"ast-content-background-meta":{"desktop":{"background-color":"var(--ast-global-color-4)","background-image":"","background-repeat":"repeat","background-position":"center center","background-size":"auto","background-attachment":"scroll","background-type":"","background-media":"","overlay-type":"","overlay-color":"","overlay-opacity":"","overlay-gradient":""},"tablet":{"background-color":"var(--ast-global-color-4)","background-image":"","background-repeat":"repeat","background-position":"center center","background-size":"auto","background-attachment":"scroll","background-type":"","background-media":"","overlay-type":"","overlay-color":"","overlay-opacity":"","overlay-gradient":""},"mobile":{"background-color":"var(--ast-global-color-4)","background-image":"","background-repeat":"repeat","background-position":"center center","background-size":"auto","background-attachment":"scroll","background-type":"","background-media":"","overlay-type":"","overlay-color":"","overlay-opacity":"","overlay-gradient":""}}},"product_brand":[],"product_cat":[31],"product_tag":[1467,1627,2617,1744,1748],"class_list":{"0":"post-7124","1":"product","2":"type-product","3":"status-publish","4":"has-post-thumbnail","6":"product_cat-grozine-literatura","7":"product_tag-filosofija","8":"product_tag-gyvenimo-prasme","9":"product_tag-jurga-ivanauskaite","10":"product_tag-lietuviu-literatura","11":"product_tag-meiles-istorija","12":"desktop-align-left","13":"tablet-align-left","14":"mobile-align-left","16":"first","17":"instock","18":"shipping-taxable","19":"purchasable","20":"product-type-simple"},"acf":[],"yoast_head":"<!-- This site is optimized with the Yoast SEO plugin v27.0 - https:\/\/yoast.com\/product\/yoast-seo-wordpress\/ -->\n<title>Miegan\u010di\u0173 drugeli\u0173 tvirtov\u0117<\/title>\n<meta name=\"description\" content=\"Gali pasirodyti, kad \u0161ios temos niekuo nesusijusios, ta\u010diau, pasak Drugelio efekto arba Chaoso teorijos, peteli\u0161k\u0117s sparno plastel\u0117jimas Amazon\u0117s d\u017eiungl\u0117se sukelia taif\u016bn\u0105 Japonijoje. Taigi \u012f vergij\u0105 parduotos lietuv\u0117s merginos kan\u010dia ir pa\u017eeminimas galb\u016bt pri\u0161aukia uragan\u0105 Meksikos \u012flankoje, o Pasaulio pabaigos akivaizdoje nebejaun\u0173 \u017emoni\u0173 paskutin\u0117 meil\u0117 atrodo saldesn\u0117 u\u017e pirm\u0105j\u0105. Net ir li\u016bdniausi dalykai kartais i\u0161spaud\u017eia ne a\u0161aras, o \u0161ypsen\u0105.\" \/>\n<meta name=\"robots\" content=\"index, follow, max-snippet:-1, max-image-preview:large, max-video-preview:-1\" \/>\n<link rel=\"canonical\" href=\"https:\/\/skaitytaknyga.lt\/en\/produktas\/jurga-ivanauskaite-mieganciu-drugeliu-tvirtove\/\" \/>\n<meta property=\"og:locale\" content=\"en_GB\" \/>\n<meta property=\"og:locale:alternate\" content=\"lt_LT\" \/>\n<meta property=\"og:type\" content=\"article\" \/>\n<meta property=\"og:title\" content=\"Miegan\u010di\u0173 drugeli\u0173 tvirtov\u0117\" \/>\n<meta property=\"og:description\" content=\"Gali pasirodyti, kad \u0161ios temos niekuo nesusijusios, ta\u010diau, pasak Drugelio efekto arba Chaoso teorijos, peteli\u0161k\u0117s sparno plastel\u0117jimas Amazon\u0117s d\u017eiungl\u0117se sukelia taif\u016bn\u0105 Japonijoje. Taigi \u012f vergij\u0105 parduotos lietuv\u0117s merginos kan\u010dia ir pa\u017eeminimas galb\u016bt pri\u0161aukia uragan\u0105 Meksikos \u012flankoje, o Pasaulio pabaigos akivaizdoje nebejaun\u0173 \u017emoni\u0173 paskutin\u0117 meil\u0117 atrodo saldesn\u0117 u\u017e pirm\u0105j\u0105. Net ir li\u016bdniausi dalykai kartais i\u0161spaud\u017eia ne a\u0161aras, o \u0161ypsen\u0105.\" \/>\n<meta property=\"og:url\" content=\"https:\/\/skaitytaknyga.lt\/en\/produktas\/jurga-ivanauskaite-mieganciu-drugeliu-tvirtove\/\" \/>\n<meta property=\"og:site_name\" content=\"Skaitytaknyga\" \/>\n<meta property=\"article:publisher\" content=\"https:\/\/www.facebook.com\/skaitytaknyga\/\" \/>\n<meta property=\"article:modified_time\" content=\"2025-12-20T19:30:05+00:00\" \/>\n<meta property=\"og:image\" content=\"https:\/\/skaitytaknyga.lt\/wp-content\/uploads\/2024\/05\/175724-scanimage002.jpg\" \/>\n\t<meta property=\"og:image:width\" content=\"1098\" \/>\n\t<meta property=\"og:image:height\" content=\"1600\" \/>\n\t<meta property=\"og:image:type\" content=\"image\/jpeg\" \/>\n<meta name=\"twitter:card\" content=\"summary_large_image\" \/>\n<meta name=\"twitter:label1\" content=\"Estimated reading time\" \/>\n\t<meta name=\"twitter:data1\" content=\"1 minute\" \/>\n<script type=\"application\/ld+json\" class=\"yoast-schema-graph\">{\"@context\":\"https:\/\/schema.org\",\"@graph\":[{\"@type\":\"WebPage\",\"@id\":\"https:\/\/skaitytaknyga.lt\/produktas\/jurga-ivanauskaite-mieganciu-drugeliu-tvirtove\/\",\"url\":\"https:\/\/skaitytaknyga.lt\/produktas\/jurga-ivanauskaite-mieganciu-drugeliu-tvirtove\/\",\"name\":\"Miegan\u010di\u0173 drugeli\u0173 tvirtov\u0117\",\"isPartOf\":{\"@id\":\"https:\/\/skaitytaknyga.lt\/#website\"},\"primaryImageOfPage\":{\"@id\":\"https:\/\/skaitytaknyga.lt\/produktas\/jurga-ivanauskaite-mieganciu-drugeliu-tvirtove\/#primaryimage\"},\"image\":{\"@id\":\"https:\/\/skaitytaknyga.lt\/produktas\/jurga-ivanauskaite-mieganciu-drugeliu-tvirtove\/#primaryimage\"},\"thumbnailUrl\":\"https:\/\/skaitytaknyga.lt\/wp-content\/uploads\/2024\/05\/175724-scanimage002.jpg\",\"datePublished\":\"2024-05-02T13:57:58+00:00\",\"dateModified\":\"2025-12-20T19:30:05+00:00\",\"description\":\"Gali pasirodyti, kad \u0161ios temos niekuo nesusijusios, ta\u010diau, pasak Drugelio efekto arba Chaoso teorijos, peteli\u0161k\u0117s sparno plastel\u0117jimas Amazon\u0117s d\u017eiungl\u0117se sukelia taif\u016bn\u0105 Japonijoje. Taigi \u012f vergij\u0105 parduotos lietuv\u0117s merginos kan\u010dia ir pa\u017eeminimas galb\u016bt pri\u0161aukia uragan\u0105 Meksikos \u012flankoje, o Pasaulio pabaigos akivaizdoje nebejaun\u0173 \u017emoni\u0173 paskutin\u0117 meil\u0117 atrodo saldesn\u0117 u\u017e pirm\u0105j\u0105. Net ir li\u016bdniausi dalykai kartais i\u0161spaud\u017eia ne a\u0161aras, o \u0161ypsen\u0105.\",\"breadcrumb\":{\"@id\":\"https:\/\/skaitytaknyga.lt\/produktas\/jurga-ivanauskaite-mieganciu-drugeliu-tvirtove\/#breadcrumb\"},\"inLanguage\":\"en-GB\",\"potentialAction\":[{\"@type\":\"ReadAction\",\"target\":[\"https:\/\/skaitytaknyga.lt\/produktas\/jurga-ivanauskaite-mieganciu-drugeliu-tvirtove\/\"]}]},{\"@type\":\"ImageObject\",\"inLanguage\":\"en-GB\",\"@id\":\"https:\/\/skaitytaknyga.lt\/produktas\/jurga-ivanauskaite-mieganciu-drugeliu-tvirtove\/#primaryimage\",\"url\":\"https:\/\/skaitytaknyga.lt\/wp-content\/uploads\/2024\/05\/175724-scanimage002.jpg\",\"contentUrl\":\"https:\/\/skaitytaknyga.lt\/wp-content\/uploads\/2024\/05\/175724-scanimage002.jpg\",\"width\":1098,\"height\":1600},{\"@type\":\"BreadcrumbList\",\"@id\":\"https:\/\/skaitytaknyga.lt\/produktas\/jurga-ivanauskaite-mieganciu-drugeliu-tvirtove\/#breadcrumb\",\"itemListElement\":[{\"@type\":\"ListItem\",\"position\":1,\"name\":\"Home\",\"item\":\"https:\/\/skaitytaknyga.lt\/\"},{\"@type\":\"ListItem\",\"position\":2,\"name\":\"Parduotuv\u0117\",\"item\":\"https:\/\/skaitytaknyga.lt\/knygu-parduotuve\/\"},{\"@type\":\"ListItem\",\"position\":3,\"name\":\"Miegan\u010di\u0173 drugeli\u0173 tvirtov\u0117\"}]},{\"@type\":\"WebSite\",\"@id\":\"https:\/\/skaitytaknyga.lt\/#website\",\"url\":\"https:\/\/skaitytaknyga.lt\/\",\"name\":\"skaitytaknyga.lt\",\"description\":\"Skaitytaknyga.lt \u2013 tai ma\u017eas \u0161eimos verslas, kuris prasid\u0117jo nuo meil\u0117s knygoms ir siekio i\u0161gelb\u0117ti knygas nuo likimo prie konteinerio. Kas vienam nereikalingas daiktas \u2013 kitam lobis, o mes esame tarpininkai, kurie padeda abiems tapti laimingesniems ???? \u017dinome kaip nelengva i\u0161gyventi ma\u017eiems verslams, tad nuo \u0161iol, \u010dia rasite ir kit\u0173, ma\u017e\u0173 \u0161eim\u0173 versl\u0173, rank\u0173 darbo, dovan\u0173 sau ir artimiesiems.\",\"publisher\":{\"@id\":\"https:\/\/skaitytaknyga.lt\/#organization\"},\"potentialAction\":[{\"@type\":\"SearchAction\",\"target\":{\"@type\":\"EntryPoint\",\"urlTemplate\":\"https:\/\/skaitytaknyga.lt\/?s={search_term_string}\"},\"query-input\":{\"@type\":\"PropertyValueSpecification\",\"valueRequired\":true,\"valueName\":\"search_term_string\"}}],\"inLanguage\":\"en-GB\"},{\"@type\":\"Organization\",\"@id\":\"https:\/\/skaitytaknyga.lt\/#organization\",\"name\":\"skaitytaknyga.lt\",\"url\":\"https:\/\/skaitytaknyga.lt\/\",\"logo\":{\"@type\":\"ImageObject\",\"inLanguage\":\"en-GB\",\"@id\":\"https:\/\/skaitytaknyga.lt\/#\/schema\/logo\/image\/\",\"url\":\"https:\/\/skaitytaknyga.lt\/wp-content\/uploads\/2024\/05\/cropped-cropped-cropped-02_00843_jt3bggkj1j3HLc7SyY6rEUpg.jpeg\",\"contentUrl\":\"https:\/\/skaitytaknyga.lt\/wp-content\/uploads\/2024\/05\/cropped-cropped-cropped-02_00843_jt3bggkj1j3HLc7SyY6rEUpg.jpeg\",\"width\":1600,\"height\":1600,\"caption\":\"skaitytaknyga.lt\"},\"image\":{\"@id\":\"https:\/\/skaitytaknyga.lt\/#\/schema\/logo\/image\/\"},\"sameAs\":[\"https:\/\/www.facebook.com\/skaitytaknyga\/\"]}]}<\/script>\n<!-- \/ Yoast SEO plugin. -->","yoast_head_json":{"title":"Miegan\u010di\u0173 drugeli\u0173 tvirtov\u0117","description":"Gali pasirodyti, kad \u0161ios temos niekuo nesusijusios, ta\u010diau, pasak Drugelio efekto arba Chaoso teorijos, peteli\u0161k\u0117s sparno plastel\u0117jimas Amazon\u0117s d\u017eiungl\u0117se sukelia taif\u016bn\u0105 Japonijoje. Taigi \u012f vergij\u0105 parduotos lietuv\u0117s merginos kan\u010dia ir pa\u017eeminimas galb\u016bt pri\u0161aukia uragan\u0105 Meksikos \u012flankoje, o Pasaulio pabaigos akivaizdoje nebejaun\u0173 \u017emoni\u0173 paskutin\u0117 meil\u0117 atrodo saldesn\u0117 u\u017e pirm\u0105j\u0105. Net ir li\u016bdniausi dalykai kartais i\u0161spaud\u017eia ne a\u0161aras, o \u0161ypsen\u0105.","robots":{"index":"index","follow":"follow","max-snippet":"max-snippet:-1","max-image-preview":"max-image-preview:large","max-video-preview":"max-video-preview:-1"},"canonical":"https:\/\/skaitytaknyga.lt\/en\/produktas\/jurga-ivanauskaite-mieganciu-drugeliu-tvirtove\/","og_locale":"en_GB","og_type":"article","og_title":"[:lt]Miegan\u010di\u0173 drugeli\u0173 tvirtov\u0117[:] - Skaitytaknyga","og_description":"Gali pasirodyti, kad \u0161ios temos niekuo nesusijusios, ta\u010diau, pasak Drugelio efekto arba Chaoso teorijos, peteli\u0161k\u0117s sparno plastel\u0117jimas Amazon\u0117s d\u017eiungl\u0117se sukelia taif\u016bn\u0105 Japonijoje. Taigi \u012f vergij\u0105 parduotos lietuv\u0117s merginos kan\u010dia ir pa\u017eeminimas galb\u016bt pri\u0161aukia uragan\u0105 Meksikos \u012flankoje, o Pasaulio pabaigos akivaizdoje nebejaun\u0173 \u017emoni\u0173 paskutin\u0117 meil\u0117 atrodo saldesn\u0117 u\u017e pirm\u0105j\u0105. Net ir li\u016bdniausi dalykai kartais i\u0161spaud\u017eia ne a\u0161aras, o \u0161ypsen\u0105.","og_url":"https:\/\/skaitytaknyga.lt\/en\/produktas\/jurga-ivanauskaite-mieganciu-drugeliu-tvirtove\/","og_site_name":"Skaitytaknyga","article_publisher":"https:\/\/www.facebook.com\/skaitytaknyga\/","article_modified_time":"2025-12-20T19:30:05+00:00","og_image":[{"width":1098,"height":1600,"url":"https:\/\/skaitytaknyga.lt\/wp-content\/uploads\/2024\/05\/175724-scanimage002.jpg","type":"image\/jpeg"}],"twitter_card":"summary_large_image","twitter_misc":{"Estimated reading time":"1 minute"},"schema":{"@context":"https:\/\/schema.org","@graph":[{"@type":"WebPage","@id":"https:\/\/skaitytaknyga.lt\/produktas\/jurga-ivanauskaite-mieganciu-drugeliu-tvirtove\/","url":"https:\/\/skaitytaknyga.lt\/produktas\/jurga-ivanauskaite-mieganciu-drugeliu-tvirtove\/","name":"Miegan\u010di\u0173 drugeli\u0173 tvirtov\u0117","isPartOf":{"@id":"https:\/\/skaitytaknyga.lt\/#website"},"primaryImageOfPage":{"@id":"https:\/\/skaitytaknyga.lt\/produktas\/jurga-ivanauskaite-mieganciu-drugeliu-tvirtove\/#primaryimage"},"image":{"@id":"https:\/\/skaitytaknyga.lt\/produktas\/jurga-ivanauskaite-mieganciu-drugeliu-tvirtove\/#primaryimage"},"thumbnailUrl":"https:\/\/skaitytaknyga.lt\/wp-content\/uploads\/2024\/05\/175724-scanimage002.jpg","datePublished":"2024-05-02T13:57:58+00:00","dateModified":"2025-12-20T19:30:05+00:00","description":"Gali pasirodyti, kad \u0161ios temos niekuo nesusijusios, ta\u010diau, pasak Drugelio efekto arba Chaoso teorijos, peteli\u0161k\u0117s sparno plastel\u0117jimas Amazon\u0117s d\u017eiungl\u0117se sukelia taif\u016bn\u0105 Japonijoje. Taigi \u012f vergij\u0105 parduotos lietuv\u0117s merginos kan\u010dia ir pa\u017eeminimas galb\u016bt pri\u0161aukia uragan\u0105 Meksikos \u012flankoje, o Pasaulio pabaigos akivaizdoje nebejaun\u0173 \u017emoni\u0173 paskutin\u0117 meil\u0117 atrodo saldesn\u0117 u\u017e pirm\u0105j\u0105. Net ir li\u016bdniausi dalykai kartais i\u0161spaud\u017eia ne a\u0161aras, o \u0161ypsen\u0105.","breadcrumb":{"@id":"https:\/\/skaitytaknyga.lt\/produktas\/jurga-ivanauskaite-mieganciu-drugeliu-tvirtove\/#breadcrumb"},"inLanguage":"en-GB","potentialAction":[{"@type":"ReadAction","target":["https:\/\/skaitytaknyga.lt\/produktas\/jurga-ivanauskaite-mieganciu-drugeliu-tvirtove\/"]}]},{"@type":"ImageObject","inLanguage":"en-GB","@id":"https:\/\/skaitytaknyga.lt\/produktas\/jurga-ivanauskaite-mieganciu-drugeliu-tvirtove\/#primaryimage","url":"https:\/\/skaitytaknyga.lt\/wp-content\/uploads\/2024\/05\/175724-scanimage002.jpg","contentUrl":"https:\/\/skaitytaknyga.lt\/wp-content\/uploads\/2024\/05\/175724-scanimage002.jpg","width":1098,"height":1600},{"@type":"BreadcrumbList","@id":"https:\/\/skaitytaknyga.lt\/produktas\/jurga-ivanauskaite-mieganciu-drugeliu-tvirtove\/#breadcrumb","itemListElement":[{"@type":"ListItem","position":1,"name":"Home","item":"https:\/\/skaitytaknyga.lt\/"},{"@type":"ListItem","position":2,"name":"Parduotuv\u0117","item":"https:\/\/skaitytaknyga.lt\/knygu-parduotuve\/"},{"@type":"ListItem","position":3,"name":"Miegan\u010di\u0173 drugeli\u0173 tvirtov\u0117"}]},{"@type":"WebSite","@id":"https:\/\/skaitytaknyga.lt\/#website","url":"https:\/\/skaitytaknyga.lt\/","name":"skaitytaknyga.lt","description":"Skaitytaknyga.lt \u2013 tai ma\u017eas \u0161eimos verslas, kuris prasid\u0117jo nuo meil\u0117s knygoms ir siekio i\u0161gelb\u0117ti knygas nuo likimo prie konteinerio. Kas vienam nereikalingas daiktas \u2013 kitam lobis, o mes esame tarpininkai, kurie padeda abiems tapti laimingesniems ???? \u017dinome kaip nelengva i\u0161gyventi ma\u017eiems verslams, tad nuo \u0161iol, \u010dia rasite ir kit\u0173, ma\u017e\u0173 \u0161eim\u0173 versl\u0173, rank\u0173 darbo, dovan\u0173 sau ir artimiesiems.","publisher":{"@id":"https:\/\/skaitytaknyga.lt\/#organization"},"potentialAction":[{"@type":"SearchAction","target":{"@type":"EntryPoint","urlTemplate":"https:\/\/skaitytaknyga.lt\/?s={search_term_string}"},"query-input":{"@type":"PropertyValueSpecification","valueRequired":true,"valueName":"search_term_string"}}],"inLanguage":"en-GB"},{"@type":"Organization","@id":"https:\/\/skaitytaknyga.lt\/#organization","name":"skaitytaknyga.lt","url":"https:\/\/skaitytaknyga.lt\/","logo":{"@type":"ImageObject","inLanguage":"en-GB","@id":"https:\/\/skaitytaknyga.lt\/#\/schema\/logo\/image\/","url":"https:\/\/skaitytaknyga.lt\/wp-content\/uploads\/2024\/05\/cropped-cropped-cropped-02_00843_jt3bggkj1j3HLc7SyY6rEUpg.jpeg","contentUrl":"https:\/\/skaitytaknyga.lt\/wp-content\/uploads\/2024\/05\/cropped-cropped-cropped-02_00843_jt3bggkj1j3HLc7SyY6rEUpg.jpeg","width":1600,"height":1600,"caption":"skaitytaknyga.lt"},"image":{"@id":"https:\/\/skaitytaknyga.lt\/#\/schema\/logo\/image\/"},"sameAs":["https:\/\/www.facebook.com\/skaitytaknyga\/"]}]}},"_links":{"self":[{"href":"https:\/\/skaitytaknyga.lt\/en\/wp-json\/wp\/v2\/product\/7124","targetHints":{"allow":["GET"]}}],"collection":[{"href":"https:\/\/skaitytaknyga.lt\/en\/wp-json\/wp\/v2\/product"}],"about":[{"href":"https:\/\/skaitytaknyga.lt\/en\/wp-json\/wp\/v2\/types\/product"}],"replies":[{"embeddable":true,"href":"https:\/\/skaitytaknyga.lt\/en\/wp-json\/wp\/v2\/comments?post=7124"}],"wp:featuredmedia":[{"embeddable":true,"href":"https:\/\/skaitytaknyga.lt\/en\/wp-json\/wp\/v2\/media\/7170"}],"wp:attachment":[{"href":"https:\/\/skaitytaknyga.lt\/en\/wp-json\/wp\/v2\/media?parent=7124"}],"wp:term":[{"taxonomy":"product_brand","embeddable":true,"href":"https:\/\/skaitytaknyga.lt\/en\/wp-json\/wp\/v2\/product_brand?post=7124"},{"taxonomy":"product_cat","embeddable":true,"href":"https:\/\/skaitytaknyga.lt\/en\/wp-json\/wp\/v2\/product_cat?post=7124"},{"taxonomy":"product_tag","embeddable":true,"href":"https:\/\/skaitytaknyga.lt\/en\/wp-json\/wp\/v2\/product_tag?post=7124"}],"curies":[{"name":"wp","href":"https:\/\/api.w.org\/{rel}","templated":true}]}}