{"id":7117,"date":"2024-05-02T13:57:58","date_gmt":"2024-05-02T13:57:58","guid":{"rendered":"https:\/\/skaitytaknyga.lt\/?post_type=product&#038;p=7117"},"modified":"2024-05-03T07:30:13","modified_gmt":"2024-05-03T07:30:13","slug":"juozas-vosylius-lotyniski-posakiai-ir-sentencijos","status":"publish","type":"product","link":"https:\/\/skaitytaknyga.lt\/en\/produktas\/juozas-vosylius-lotyniski-posakiai-ir-sentencijos\/","title":{"rendered":"Juozas Vosylius \u201eLotyni\u0161ki posakiai ir sentencijos\u201c"},"content":{"rendered":"<div class=\"book-descript-wrapper\">\n<section class=\"product-descript more-content-wrapper\">\n<div class=\"\">\n<p>Kai kuri\u0173 lotyni\u0161k\u0173 pasakym\u0173 vertimas duodamas ir pa\u017eodinis, ir laisvas, kad skaitytojas matyt\u0173, kiek \u0161i\u0173 dien\u0173 prasm\u0117 yra nutolusi nuo pirmyk\u0161t\u0117s.. Kartais pateikiamas ir t\u0105 pa\u010di\u0105 mint\u012f rei\u0161kiantis lietuvi\u0161kas prie\u017eodis. Kai sentencija ar posakis yra i\u0161 garsi\u0173j\u0173 ra\u0161ytoj\u0173 k\u016brybos, gale nurodomas ir autorius.<\/p>\n<\/div>\n<\/section>\n<\/div>\n","protected":false},"excerpt":{"rendered":"<div class=\"book-descript-wrapper\">\n<section class=\"product-descript more-content-wrapper\">\n<div class=\"\">\n<p>Kai kuri\u0173 lotyni\u0161k\u0173 pasakym\u0173 vertimas duodamas ir pa\u017eodinis, ir laisvas, kad skaitytojas matyt\u0173, kiek \u0161i\u0173 dien\u0173 prasm\u0117 yra nutolusi nuo pirmyk\u0161t\u0117s.. Kartais pateikiamas ir t\u0105 pa\u010di\u0105 mint\u012f rei\u0161kiantis lietuvi\u0161kas prie\u017eodis. Kai sentencija ar posakis yra i\u0161 garsi\u0173j\u0173 ra\u0161ytoj\u0173 k\u016brybos, gale nurodomas ir autorius.<\/p>\n<\/div>\n<\/section>\n<\/div>\n","protected":false},"featured_media":7163,"comment_status":"closed","ping_status":"closed","template":"","meta":{"_acf_changed":false,"site-sidebar-layout":"default","site-content-layout":"","ast-site-content-layout":"default","site-content-style":"default","site-sidebar-style":"default","ast-global-header-display":"","ast-banner-title-visibility":"","ast-main-header-display":"","ast-hfb-above-header-display":"","ast-hfb-below-header-display":"","ast-hfb-mobile-header-display":"","site-post-title":"","ast-breadcrumbs-content":"","ast-featured-img":"","footer-sml-layout":"","ast-disable-related-posts":"","theme-transparent-header-meta":"","adv-header-id-meta":"","stick-header-meta":"","header-above-stick-meta":"","header-main-stick-meta":"","header-below-stick-meta":"","astra-migrate-meta-layouts":"default","ast-page-background-enabled":"default","ast-page-background-meta":{"desktop":{"background-color":"","background-image":"","background-repeat":"repeat","background-position":"center center","background-size":"auto","background-attachment":"scroll","background-type":"","background-media":"","overlay-type":"","overlay-color":"","overlay-opacity":"","overlay-gradient":""},"tablet":{"background-color":"","background-image":"","background-repeat":"repeat","background-position":"center center","background-size":"auto","background-attachment":"scroll","background-type":"","background-media":"","overlay-type":"","overlay-color":"","overlay-opacity":"","overlay-gradient":""},"mobile":{"background-color":"","background-image":"","background-repeat":"repeat","background-position":"center center","background-size":"auto","background-attachment":"scroll","background-type":"","background-media":"","overlay-type":"","overlay-color":"","overlay-opacity":"","overlay-gradient":""}},"ast-content-background-meta":{"desktop":{"background-color":"var(--ast-global-color-4)","background-image":"","background-repeat":"repeat","background-position":"center center","background-size":"auto","background-attachment":"scroll","background-type":"","background-media":"","overlay-type":"","overlay-color":"","overlay-opacity":"","overlay-gradient":""},"tablet":{"background-color":"var(--ast-global-color-4)","background-image":"","background-repeat":"repeat","background-position":"center center","background-size":"auto","background-attachment":"scroll","background-type":"","background-media":"","overlay-type":"","overlay-color":"","overlay-opacity":"","overlay-gradient":""},"mobile":{"background-color":"var(--ast-global-color-4)","background-image":"","background-repeat":"repeat","background-position":"center center","background-size":"auto","background-attachment":"scroll","background-type":"","background-media":"","overlay-type":"","overlay-color":"","overlay-opacity":"","overlay-gradient":""}}},"product_brand":[],"product_cat":[390],"product_tag":[],"class_list":{"0":"post-7117","1":"product","2":"type-product","3":"status-publish","4":"has-post-thumbnail","6":"product_cat-kalba-kalbotyra-zodynai","7":"desktop-align-left","8":"tablet-align-left","9":"mobile-align-left","11":"first","12":"outofstock","13":"shipping-taxable","14":"purchasable","15":"product-type-simple"},"acf":[],"yoast_head":"<!-- This site is optimized with the Yoast SEO plugin v27.4 - https:\/\/yoast.com\/product\/yoast-seo-wordpress\/ -->\n<title>Juozas Vosylius \u201eLotyni\u0161ki posakiai ir sentencijos\u201c - Skaitytaknyga<\/title>\n<meta name=\"description\" content=\"Kai kuri\u0173 lotyni\u0161k\u0173 pasakym\u0173 vertimas duodamas ir pa\u017eodinis, ir laisvas, kad skaitytojas matyt\u0173, kiek \u0161i\u0173 dien\u0173 prasm\u0117 yra nutolusi nuo pirmyk\u0161t\u0117s.. Kartais pateikiamas ir t\u0105 pa\u010di\u0105 mint\u012f rei\u0161kiantis lietuvi\u0161kas prie\u017eodis. Kai sentencija ar posakis yra i\u0161 garsi\u0173j\u0173 ra\u0161ytoj\u0173 k\u016brybos, gale nurodomas ir autorius.\" \/>\n<meta name=\"robots\" content=\"index, follow, max-snippet:-1, max-image-preview:large, max-video-preview:-1\" \/>\n<link rel=\"canonical\" href=\"https:\/\/skaitytaknyga.lt\/en\/produktas\/juozas-vosylius-lotyniski-posakiai-ir-sentencijos\/\" \/>\n<meta property=\"og:locale\" content=\"en_GB\" \/>\n<meta property=\"og:locale:alternate\" content=\"lt_LT\" \/>\n<meta property=\"og:type\" content=\"article\" \/>\n<meta property=\"og:title\" content=\"Juozas Vosylius \u201eLotyni\u0161ki posakiai ir sentencijos\u201c - Skaitytaknyga\" \/>\n<meta property=\"og:description\" content=\"Kai kuri\u0173 lotyni\u0161k\u0173 pasakym\u0173 vertimas duodamas ir pa\u017eodinis, ir laisvas, kad skaitytojas matyt\u0173, kiek \u0161i\u0173 dien\u0173 prasm\u0117 yra nutolusi nuo pirmyk\u0161t\u0117s.. Kartais pateikiamas ir t\u0105 pa\u010di\u0105 mint\u012f rei\u0161kiantis lietuvi\u0161kas prie\u017eodis. Kai sentencija ar posakis yra i\u0161 garsi\u0173j\u0173 ra\u0161ytoj\u0173 k\u016brybos, gale nurodomas ir autorius.\" \/>\n<meta property=\"og:url\" content=\"https:\/\/skaitytaknyga.lt\/en\/produktas\/juozas-vosylius-lotyniski-posakiai-ir-sentencijos\/\" \/>\n<meta property=\"og:site_name\" content=\"Skaitytaknyga\" \/>\n<meta property=\"article:publisher\" content=\"https:\/\/www.facebook.com\/skaitytaknyga\/\" \/>\n<meta property=\"article:modified_time\" content=\"2024-05-03T07:30:13+00:00\" \/>\n<meta property=\"og:image\" content=\"https:\/\/skaitytaknyga.lt\/wp-content\/uploads\/2024\/05\/vosylius-juozas-lotyniski-posakiai-ir-sentencijos.jpg\" \/>\n\t<meta property=\"og:image:width\" content=\"264\" \/>\n\t<meta property=\"og:image:height\" content=\"400\" \/>\n\t<meta property=\"og:image:type\" content=\"image\/jpeg\" \/>\n<meta name=\"twitter:card\" content=\"summary_large_image\" \/>\n<meta name=\"twitter:label1\" content=\"Estimated reading time\" \/>\n\t<meta name=\"twitter:data1\" content=\"1 minute\" \/>\n<script type=\"application\/ld+json\" class=\"yoast-schema-graph\">{\"@context\":\"https:\\\/\\\/schema.org\",\"@graph\":[{\"@type\":\"WebPage\",\"@id\":\"https:\\\/\\\/skaitytaknyga.lt\\\/produktas\\\/juozas-vosylius-lotyniski-posakiai-ir-sentencijos\\\/\",\"url\":\"https:\\\/\\\/skaitytaknyga.lt\\\/produktas\\\/juozas-vosylius-lotyniski-posakiai-ir-sentencijos\\\/\",\"name\":\"Juozas Vosylius \u201eLotyni\u0161ki posakiai ir sentencijos\u201c - Skaitytaknyga\",\"isPartOf\":{\"@id\":\"https:\\\/\\\/skaitytaknyga.lt\\\/#website\"},\"primaryImageOfPage\":{\"@id\":\"https:\\\/\\\/skaitytaknyga.lt\\\/produktas\\\/juozas-vosylius-lotyniski-posakiai-ir-sentencijos\\\/#primaryimage\"},\"image\":{\"@id\":\"https:\\\/\\\/skaitytaknyga.lt\\\/produktas\\\/juozas-vosylius-lotyniski-posakiai-ir-sentencijos\\\/#primaryimage\"},\"thumbnailUrl\":\"https:\\\/\\\/skaitytaknyga.lt\\\/wp-content\\\/uploads\\\/2024\\\/05\\\/vosylius-juozas-lotyniski-posakiai-ir-sentencijos.jpg\",\"datePublished\":\"2024-05-02T13:57:58+00:00\",\"dateModified\":\"2024-05-03T07:30:13+00:00\",\"description\":\"Kai kuri\u0173 lotyni\u0161k\u0173 pasakym\u0173 vertimas duodamas ir pa\u017eodinis, ir laisvas, kad skaitytojas matyt\u0173, kiek \u0161i\u0173 dien\u0173 prasm\u0117 yra nutolusi nuo pirmyk\u0161t\u0117s.. Kartais pateikiamas ir t\u0105 pa\u010di\u0105 mint\u012f rei\u0161kiantis lietuvi\u0161kas prie\u017eodis. Kai sentencija ar posakis yra i\u0161 garsi\u0173j\u0173 ra\u0161ytoj\u0173 k\u016brybos, gale nurodomas ir autorius.\",\"breadcrumb\":{\"@id\":\"https:\\\/\\\/skaitytaknyga.lt\\\/produktas\\\/juozas-vosylius-lotyniski-posakiai-ir-sentencijos\\\/#breadcrumb\"},\"inLanguage\":\"en-GB\",\"potentialAction\":[{\"@type\":\"ReadAction\",\"target\":[\"https:\\\/\\\/skaitytaknyga.lt\\\/produktas\\\/juozas-vosylius-lotyniski-posakiai-ir-sentencijos\\\/\"]}]},{\"@type\":\"ImageObject\",\"inLanguage\":\"en-GB\",\"@id\":\"https:\\\/\\\/skaitytaknyga.lt\\\/produktas\\\/juozas-vosylius-lotyniski-posakiai-ir-sentencijos\\\/#primaryimage\",\"url\":\"https:\\\/\\\/skaitytaknyga.lt\\\/wp-content\\\/uploads\\\/2024\\\/05\\\/vosylius-juozas-lotyniski-posakiai-ir-sentencijos.jpg\",\"contentUrl\":\"https:\\\/\\\/skaitytaknyga.lt\\\/wp-content\\\/uploads\\\/2024\\\/05\\\/vosylius-juozas-lotyniski-posakiai-ir-sentencijos.jpg\",\"width\":264,\"height\":400},{\"@type\":\"BreadcrumbList\",\"@id\":\"https:\\\/\\\/skaitytaknyga.lt\\\/produktas\\\/juozas-vosylius-lotyniski-posakiai-ir-sentencijos\\\/#breadcrumb\",\"itemListElement\":[{\"@type\":\"ListItem\",\"position\":1,\"name\":\"Home\",\"item\":\"https:\\\/\\\/skaitytaknyga.lt\\\/\"},{\"@type\":\"ListItem\",\"position\":2,\"name\":\"Parduotuv\u0117\",\"item\":\"https:\\\/\\\/skaitytaknyga.lt\\\/knygu-parduotuve\\\/\"},{\"@type\":\"ListItem\",\"position\":3,\"name\":\"Juozas Vosylius \u201eLotyni\u0161ki posakiai ir sentencijos\u201c\"}]},{\"@type\":\"WebSite\",\"@id\":\"https:\\\/\\\/skaitytaknyga.lt\\\/#website\",\"url\":\"https:\\\/\\\/skaitytaknyga.lt\\\/\",\"name\":\"skaitytaknyga.lt\",\"description\":\"Skaitytaknyga.lt \u2013 tai ma\u017eas \u0161eimos verslas, kuris prasid\u0117jo nuo meil\u0117s knygoms ir siekio i\u0161gelb\u0117ti knygas nuo likimo prie konteinerio. Kas vienam nereikalingas daiktas \u2013 kitam lobis, o mes esame tarpininkai, kurie padeda abiems tapti laimingesniems ???? \u017dinome kaip nelengva i\u0161gyventi ma\u017eiems verslams, tad nuo \u0161iol, \u010dia rasite ir kit\u0173, ma\u017e\u0173 \u0161eim\u0173 versl\u0173, rank\u0173 darbo, dovan\u0173 sau ir artimiesiems.\",\"publisher\":{\"@id\":\"https:\\\/\\\/skaitytaknyga.lt\\\/#organization\"},\"potentialAction\":[{\"@type\":\"SearchAction\",\"target\":{\"@type\":\"EntryPoint\",\"urlTemplate\":\"https:\\\/\\\/skaitytaknyga.lt\\\/?s={search_term_string}\"},\"query-input\":{\"@type\":\"PropertyValueSpecification\",\"valueRequired\":true,\"valueName\":\"search_term_string\"}}],\"inLanguage\":\"en-GB\"},{\"@type\":\"Organization\",\"@id\":\"https:\\\/\\\/skaitytaknyga.lt\\\/#organization\",\"name\":\"skaitytaknyga.lt\",\"url\":\"https:\\\/\\\/skaitytaknyga.lt\\\/\",\"logo\":{\"@type\":\"ImageObject\",\"inLanguage\":\"en-GB\",\"@id\":\"https:\\\/\\\/skaitytaknyga.lt\\\/#\\\/schema\\\/logo\\\/image\\\/\",\"url\":\"https:\\\/\\\/skaitytaknyga.lt\\\/wp-content\\\/uploads\\\/2024\\\/05\\\/cropped-cropped-cropped-02_00843_jt3bggkj1j3HLc7SyY6rEUpg.jpeg\",\"contentUrl\":\"https:\\\/\\\/skaitytaknyga.lt\\\/wp-content\\\/uploads\\\/2024\\\/05\\\/cropped-cropped-cropped-02_00843_jt3bggkj1j3HLc7SyY6rEUpg.jpeg\",\"width\":1600,\"height\":1600,\"caption\":\"skaitytaknyga.lt\"},\"image\":{\"@id\":\"https:\\\/\\\/skaitytaknyga.lt\\\/#\\\/schema\\\/logo\\\/image\\\/\"},\"sameAs\":[\"https:\\\/\\\/www.facebook.com\\\/skaitytaknyga\\\/\"]}]}<\/script>\n<!-- \/ Yoast SEO plugin. -->","yoast_head_json":{"title":"Juozas Vosylius \u201eLotyni\u0161ki posakiai ir sentencijos\u201c - Skaitytaknyga","description":"Kai kuri\u0173 lotyni\u0161k\u0173 pasakym\u0173 vertimas duodamas ir pa\u017eodinis, ir laisvas, kad skaitytojas matyt\u0173, kiek \u0161i\u0173 dien\u0173 prasm\u0117 yra nutolusi nuo pirmyk\u0161t\u0117s.. Kartais pateikiamas ir t\u0105 pa\u010di\u0105 mint\u012f rei\u0161kiantis lietuvi\u0161kas prie\u017eodis. Kai sentencija ar posakis yra i\u0161 garsi\u0173j\u0173 ra\u0161ytoj\u0173 k\u016brybos, gale nurodomas ir autorius.","robots":{"index":"index","follow":"follow","max-snippet":"max-snippet:-1","max-image-preview":"max-image-preview:large","max-video-preview":"max-video-preview:-1"},"canonical":"https:\/\/skaitytaknyga.lt\/en\/produktas\/juozas-vosylius-lotyniski-posakiai-ir-sentencijos\/","og_locale":"en_GB","og_type":"article","og_title":"Juozas Vosylius \u201eLotyni\u0161ki posakiai ir sentencijos\u201c - Skaitytaknyga","og_description":"Kai kuri\u0173 lotyni\u0161k\u0173 pasakym\u0173 vertimas duodamas ir pa\u017eodinis, ir laisvas, kad skaitytojas matyt\u0173, kiek \u0161i\u0173 dien\u0173 prasm\u0117 yra nutolusi nuo pirmyk\u0161t\u0117s.. Kartais pateikiamas ir t\u0105 pa\u010di\u0105 mint\u012f rei\u0161kiantis lietuvi\u0161kas prie\u017eodis. Kai sentencija ar posakis yra i\u0161 garsi\u0173j\u0173 ra\u0161ytoj\u0173 k\u016brybos, gale nurodomas ir autorius.","og_url":"https:\/\/skaitytaknyga.lt\/en\/produktas\/juozas-vosylius-lotyniski-posakiai-ir-sentencijos\/","og_site_name":"Skaitytaknyga","article_publisher":"https:\/\/www.facebook.com\/skaitytaknyga\/","article_modified_time":"2024-05-03T07:30:13+00:00","og_image":[{"width":264,"height":400,"url":"https:\/\/skaitytaknyga.lt\/wp-content\/uploads\/2024\/05\/vosylius-juozas-lotyniski-posakiai-ir-sentencijos.jpg","type":"image\/jpeg"}],"twitter_card":"summary_large_image","twitter_misc":{"Estimated reading time":"1 minute"},"schema":{"@context":"https:\/\/schema.org","@graph":[{"@type":"WebPage","@id":"https:\/\/skaitytaknyga.lt\/produktas\/juozas-vosylius-lotyniski-posakiai-ir-sentencijos\/","url":"https:\/\/skaitytaknyga.lt\/produktas\/juozas-vosylius-lotyniski-posakiai-ir-sentencijos\/","name":"Juozas Vosylius \u201eLotyni\u0161ki posakiai ir sentencijos\u201c - Skaitytaknyga","isPartOf":{"@id":"https:\/\/skaitytaknyga.lt\/#website"},"primaryImageOfPage":{"@id":"https:\/\/skaitytaknyga.lt\/produktas\/juozas-vosylius-lotyniski-posakiai-ir-sentencijos\/#primaryimage"},"image":{"@id":"https:\/\/skaitytaknyga.lt\/produktas\/juozas-vosylius-lotyniski-posakiai-ir-sentencijos\/#primaryimage"},"thumbnailUrl":"https:\/\/skaitytaknyga.lt\/wp-content\/uploads\/2024\/05\/vosylius-juozas-lotyniski-posakiai-ir-sentencijos.jpg","datePublished":"2024-05-02T13:57:58+00:00","dateModified":"2024-05-03T07:30:13+00:00","description":"Kai kuri\u0173 lotyni\u0161k\u0173 pasakym\u0173 vertimas duodamas ir pa\u017eodinis, ir laisvas, kad skaitytojas matyt\u0173, kiek \u0161i\u0173 dien\u0173 prasm\u0117 yra nutolusi nuo pirmyk\u0161t\u0117s.. Kartais pateikiamas ir t\u0105 pa\u010di\u0105 mint\u012f rei\u0161kiantis lietuvi\u0161kas prie\u017eodis. Kai sentencija ar posakis yra i\u0161 garsi\u0173j\u0173 ra\u0161ytoj\u0173 k\u016brybos, gale nurodomas ir autorius.","breadcrumb":{"@id":"https:\/\/skaitytaknyga.lt\/produktas\/juozas-vosylius-lotyniski-posakiai-ir-sentencijos\/#breadcrumb"},"inLanguage":"en-GB","potentialAction":[{"@type":"ReadAction","target":["https:\/\/skaitytaknyga.lt\/produktas\/juozas-vosylius-lotyniski-posakiai-ir-sentencijos\/"]}]},{"@type":"ImageObject","inLanguage":"en-GB","@id":"https:\/\/skaitytaknyga.lt\/produktas\/juozas-vosylius-lotyniski-posakiai-ir-sentencijos\/#primaryimage","url":"https:\/\/skaitytaknyga.lt\/wp-content\/uploads\/2024\/05\/vosylius-juozas-lotyniski-posakiai-ir-sentencijos.jpg","contentUrl":"https:\/\/skaitytaknyga.lt\/wp-content\/uploads\/2024\/05\/vosylius-juozas-lotyniski-posakiai-ir-sentencijos.jpg","width":264,"height":400},{"@type":"BreadcrumbList","@id":"https:\/\/skaitytaknyga.lt\/produktas\/juozas-vosylius-lotyniski-posakiai-ir-sentencijos\/#breadcrumb","itemListElement":[{"@type":"ListItem","position":1,"name":"Home","item":"https:\/\/skaitytaknyga.lt\/"},{"@type":"ListItem","position":2,"name":"Parduotuv\u0117","item":"https:\/\/skaitytaknyga.lt\/knygu-parduotuve\/"},{"@type":"ListItem","position":3,"name":"Juozas Vosylius \u201eLotyni\u0161ki posakiai ir sentencijos\u201c"}]},{"@type":"WebSite","@id":"https:\/\/skaitytaknyga.lt\/#website","url":"https:\/\/skaitytaknyga.lt\/","name":"skaitytaknyga.lt","description":"Skaitytaknyga.lt \u2013 tai ma\u017eas \u0161eimos verslas, kuris prasid\u0117jo nuo meil\u0117s knygoms ir siekio i\u0161gelb\u0117ti knygas nuo likimo prie konteinerio. Kas vienam nereikalingas daiktas \u2013 kitam lobis, o mes esame tarpininkai, kurie padeda abiems tapti laimingesniems ???? \u017dinome kaip nelengva i\u0161gyventi ma\u017eiems verslams, tad nuo \u0161iol, \u010dia rasite ir kit\u0173, ma\u017e\u0173 \u0161eim\u0173 versl\u0173, rank\u0173 darbo, dovan\u0173 sau ir artimiesiems.","publisher":{"@id":"https:\/\/skaitytaknyga.lt\/#organization"},"potentialAction":[{"@type":"SearchAction","target":{"@type":"EntryPoint","urlTemplate":"https:\/\/skaitytaknyga.lt\/?s={search_term_string}"},"query-input":{"@type":"PropertyValueSpecification","valueRequired":true,"valueName":"search_term_string"}}],"inLanguage":"en-GB"},{"@type":"Organization","@id":"https:\/\/skaitytaknyga.lt\/#organization","name":"skaitytaknyga.lt","url":"https:\/\/skaitytaknyga.lt\/","logo":{"@type":"ImageObject","inLanguage":"en-GB","@id":"https:\/\/skaitytaknyga.lt\/#\/schema\/logo\/image\/","url":"https:\/\/skaitytaknyga.lt\/wp-content\/uploads\/2024\/05\/cropped-cropped-cropped-02_00843_jt3bggkj1j3HLc7SyY6rEUpg.jpeg","contentUrl":"https:\/\/skaitytaknyga.lt\/wp-content\/uploads\/2024\/05\/cropped-cropped-cropped-02_00843_jt3bggkj1j3HLc7SyY6rEUpg.jpeg","width":1600,"height":1600,"caption":"skaitytaknyga.lt"},"image":{"@id":"https:\/\/skaitytaknyga.lt\/#\/schema\/logo\/image\/"},"sameAs":["https:\/\/www.facebook.com\/skaitytaknyga\/"]}]}},"_links":{"self":[{"href":"https:\/\/skaitytaknyga.lt\/en\/wp-json\/wp\/v2\/product\/7117","targetHints":{"allow":["GET"]}}],"collection":[{"href":"https:\/\/skaitytaknyga.lt\/en\/wp-json\/wp\/v2\/product"}],"about":[{"href":"https:\/\/skaitytaknyga.lt\/en\/wp-json\/wp\/v2\/types\/product"}],"replies":[{"embeddable":true,"href":"https:\/\/skaitytaknyga.lt\/en\/wp-json\/wp\/v2\/comments?post=7117"}],"wp:featuredmedia":[{"embeddable":true,"href":"https:\/\/skaitytaknyga.lt\/en\/wp-json\/wp\/v2\/media\/7163"}],"wp:attachment":[{"href":"https:\/\/skaitytaknyga.lt\/en\/wp-json\/wp\/v2\/media?parent=7117"}],"wp:term":[{"taxonomy":"product_brand","embeddable":true,"href":"https:\/\/skaitytaknyga.lt\/en\/wp-json\/wp\/v2\/product_brand?post=7117"},{"taxonomy":"product_cat","embeddable":true,"href":"https:\/\/skaitytaknyga.lt\/en\/wp-json\/wp\/v2\/product_cat?post=7117"},{"taxonomy":"product_tag","embeddable":true,"href":"https:\/\/skaitytaknyga.lt\/en\/wp-json\/wp\/v2\/product_tag?post=7117"}],"curies":[{"name":"wp","href":"https:\/\/api.w.org\/{rel}","templated":true}]}}