{"id":7108,"date":"2024-05-02T13:57:57","date_gmt":"2024-05-02T13:57:57","guid":{"rendered":"https:\/\/skaitytaknyga.lt\/?post_type=product&#038;p=7108"},"modified":"2024-10-31T16:44:50","modified_gmt":"2024-10-31T14:44:50","slug":"vytautas-racickas-nebaigtas-dienorastis","status":"publish","type":"product","link":"https:\/\/skaitytaknyga.lt\/en\/produktas\/vytautas-racickas-nebaigtas-dienorastis\/","title":{"rendered":"Vytautas Ra\u010dickas \u201eNebaigtas dienora\u0161tis\u201c"},"content":{"rendered":"<p>Pagrindin\u0117s knygos heroj\u0117s Deiv\u0117s Taurait\u0117s l\u016bpomis pasakojama paaugl\u0117s gyvenimo istorija, pasibaigusi tragi\u0161ka penkiolikmet\u0117s \u017e\u016btimi.\u0160is k\u016brinys &#8211; tai lyg savoti\u0161kas bandymas ai\u0161kintis, kod\u0117l jauni \u017emon\u0117s savanori\u0161kai pasitraukia i\u0161 gyvenimo. Kas d\u0117l to da\u017eniausiai b\u016bna kaltas? \u0160eima? Mokykla? Draugai? Ar tiesiog beproti\u0161kas m\u016bs\u0173 gyvenimas?<\/p>\n","protected":false},"excerpt":{"rendered":"<p>Pagrindin\u0117s knygos heroj\u0117s Deiv\u0117s Taurait\u0117s l\u016bpomis pasakojama paaugl\u0117s gyvenimo istorija, pasibaigusi tragi\u0161ka penkiolikmet\u0117s \u017e\u016btimi.\u0160is k\u016brinys &#8211; tai lyg savoti\u0161kas bandymas ai\u0161kintis, kod\u0117l jauni \u017emon\u0117s savanori\u0161kai pasitraukia i\u0161 gyvenimo. Kas d\u0117l to da\u017eniausiai b\u016bna kaltas? \u0160eima? Mokykla? Draugai? Ar tiesiog beproti\u0161kas m\u016bs\u0173 gyvenimas?<\/p>\n","protected":false},"featured_media":7138,"comment_status":"closed","ping_status":"closed","template":"","meta":{"_acf_changed":false,"site-sidebar-layout":"default","site-content-layout":"","ast-site-content-layout":"default","site-content-style":"default","site-sidebar-style":"default","ast-global-header-display":"","ast-banner-title-visibility":"","ast-main-header-display":"","ast-hfb-above-header-display":"","ast-hfb-below-header-display":"","ast-hfb-mobile-header-display":"","site-post-title":"","ast-breadcrumbs-content":"","ast-featured-img":"","footer-sml-layout":"","ast-disable-related-posts":"","theme-transparent-header-meta":"","adv-header-id-meta":"","stick-header-meta":"","header-above-stick-meta":"","header-main-stick-meta":"","header-below-stick-meta":"","astra-migrate-meta-layouts":"default","ast-page-background-enabled":"default","ast-page-background-meta":{"desktop":{"background-color":"","background-image":"","background-repeat":"repeat","background-position":"center center","background-size":"auto","background-attachment":"scroll","background-type":"","background-media":"","overlay-type":"","overlay-color":"","overlay-opacity":"","overlay-gradient":""},"tablet":{"background-color":"","background-image":"","background-repeat":"repeat","background-position":"center center","background-size":"auto","background-attachment":"scroll","background-type":"","background-media":"","overlay-type":"","overlay-color":"","overlay-opacity":"","overlay-gradient":""},"mobile":{"background-color":"","background-image":"","background-repeat":"repeat","background-position":"center center","background-size":"auto","background-attachment":"scroll","background-type":"","background-media":"","overlay-type":"","overlay-color":"","overlay-opacity":"","overlay-gradient":""}},"ast-content-background-meta":{"desktop":{"background-color":"var(--ast-global-color-4)","background-image":"","background-repeat":"repeat","background-position":"center center","background-size":"auto","background-attachment":"scroll","background-type":"","background-media":"","overlay-type":"","overlay-color":"","overlay-opacity":"","overlay-gradient":""},"tablet":{"background-color":"var(--ast-global-color-4)","background-image":"","background-repeat":"repeat","background-position":"center center","background-size":"auto","background-attachment":"scroll","background-type":"","background-media":"","overlay-type":"","overlay-color":"","overlay-opacity":"","overlay-gradient":""},"mobile":{"background-color":"var(--ast-global-color-4)","background-image":"","background-repeat":"repeat","background-position":"center center","background-size":"auto","background-attachment":"scroll","background-type":"","background-media":"","overlay-type":"","overlay-color":"","overlay-opacity":"","overlay-gradient":""}}},"product_brand":[],"product_cat":[35],"product_tag":[],"class_list":{"0":"post-7108","1":"product","2":"type-product","3":"status-publish","4":"has-post-thumbnail","6":"product_cat-vaikams-ir-paaugliams","7":"desktop-align-left","8":"tablet-align-left","9":"mobile-align-left","11":"first","12":"instock","13":"shipping-taxable","14":"purchasable","15":"product-type-simple"},"acf":[],"yoast_head":"<!-- This site is optimized with the Yoast SEO plugin v27.4 - https:\/\/yoast.com\/product\/yoast-seo-wordpress\/ -->\n<title>Vytautas Ra\u010dickas \u201eNebaigtas dienora\u0161tis\u201c<\/title>\n<meta name=\"description\" content=\"Pagrindin\u0117s knygos heroj\u0117s Deiv\u0117s Taurait\u0117s l\u016bpomis pasakojama paaugl\u0117s gyvenimo istorija, pasibaigusi tragi\u0161ka penkiolikmet\u0117s \u017e\u016btimi.\u0160is k\u016brinys - tai lyg savoti\u0161kas bandymas ai\u0161kintis, kod\u0117l jauni \u017emon\u0117s savanori\u0161kai pasitraukia i\u0161 gyvenimo. Kas d\u0117l to da\u017eniausiai b\u016bna kaltas? \u0160eima? Mokykla? Draugai? Ar tiesiog beproti\u0161kas m\u016bs\u0173 gyvenimas?\" \/>\n<meta name=\"robots\" content=\"index, follow, max-snippet:-1, max-image-preview:large, max-video-preview:-1\" \/>\n<link rel=\"canonical\" href=\"https:\/\/skaitytaknyga.lt\/en\/produktas\/vytautas-racickas-nebaigtas-dienorastis\/\" \/>\n<meta property=\"og:locale\" content=\"en_GB\" \/>\n<meta property=\"og:locale:alternate\" content=\"lt_LT\" \/>\n<meta property=\"og:type\" content=\"article\" \/>\n<meta property=\"og:title\" content=\"Vytautas Ra\u010dickas \u201eNebaigtas dienora\u0161tis\u201c\" \/>\n<meta property=\"og:description\" content=\"Pagrindin\u0117s knygos heroj\u0117s Deiv\u0117s Taurait\u0117s l\u016bpomis pasakojama paaugl\u0117s gyvenimo istorija, pasibaigusi tragi\u0161ka penkiolikmet\u0117s \u017e\u016btimi.\u0160is k\u016brinys - tai lyg savoti\u0161kas bandymas ai\u0161kintis, kod\u0117l jauni \u017emon\u0117s savanori\u0161kai pasitraukia i\u0161 gyvenimo. Kas d\u0117l to da\u017eniausiai b\u016bna kaltas? \u0160eima? Mokykla? Draugai? Ar tiesiog beproti\u0161kas m\u016bs\u0173 gyvenimas?\" \/>\n<meta property=\"og:url\" content=\"https:\/\/skaitytaknyga.lt\/en\/produktas\/vytautas-racickas-nebaigtas-dienorastis\/\" \/>\n<meta property=\"og:site_name\" content=\"Skaitytaknyga\" \/>\n<meta property=\"article:publisher\" content=\"https:\/\/www.facebook.com\/skaitytaknyga\/\" \/>\n<meta property=\"article:modified_time\" content=\"2024-10-31T14:44:50+00:00\" \/>\n<meta property=\"og:image\" content=\"https:\/\/skaitytaknyga.lt\/wp-content\/uploads\/2024\/05\/000000000002123447-59de82f506c04-asset-knyguklubas-cdb_nebaigtas_dienorastis_p1.jpg\" \/>\n\t<meta property=\"og:image:width\" content=\"285\" \/>\n\t<meta property=\"og:image:height\" content=\"413\" \/>\n\t<meta property=\"og:image:type\" content=\"image\/jpeg\" \/>\n<meta name=\"twitter:card\" content=\"summary_large_image\" \/>\n<meta name=\"twitter:label1\" content=\"Estimated reading time\" \/>\n\t<meta name=\"twitter:data1\" content=\"1 minute\" \/>\n<script type=\"application\/ld+json\" class=\"yoast-schema-graph\">{\"@context\":\"https:\\\/\\\/schema.org\",\"@graph\":[{\"@type\":\"WebPage\",\"@id\":\"https:\\\/\\\/skaitytaknyga.lt\\\/produktas\\\/vytautas-racickas-nebaigtas-dienorastis\\\/\",\"url\":\"https:\\\/\\\/skaitytaknyga.lt\\\/produktas\\\/vytautas-racickas-nebaigtas-dienorastis\\\/\",\"name\":\"Vytautas Ra\u010dickas \u201eNebaigtas dienora\u0161tis\u201c\",\"isPartOf\":{\"@id\":\"https:\\\/\\\/skaitytaknyga.lt\\\/#website\"},\"primaryImageOfPage\":{\"@id\":\"https:\\\/\\\/skaitytaknyga.lt\\\/produktas\\\/vytautas-racickas-nebaigtas-dienorastis\\\/#primaryimage\"},\"image\":{\"@id\":\"https:\\\/\\\/skaitytaknyga.lt\\\/produktas\\\/vytautas-racickas-nebaigtas-dienorastis\\\/#primaryimage\"},\"thumbnailUrl\":\"https:\\\/\\\/skaitytaknyga.lt\\\/wp-content\\\/uploads\\\/2024\\\/05\\\/000000000002123447-59de82f506c04-asset-knyguklubas-cdb_nebaigtas_dienorastis_p1.jpg\",\"datePublished\":\"2024-05-02T13:57:57+00:00\",\"dateModified\":\"2024-10-31T14:44:50+00:00\",\"description\":\"Pagrindin\u0117s knygos heroj\u0117s Deiv\u0117s Taurait\u0117s l\u016bpomis pasakojama paaugl\u0117s gyvenimo istorija, pasibaigusi tragi\u0161ka penkiolikmet\u0117s \u017e\u016btimi.\u0160is k\u016brinys - tai lyg savoti\u0161kas bandymas ai\u0161kintis, kod\u0117l jauni \u017emon\u0117s savanori\u0161kai pasitraukia i\u0161 gyvenimo. Kas d\u0117l to da\u017eniausiai b\u016bna kaltas? \u0160eima? Mokykla? Draugai? Ar tiesiog beproti\u0161kas m\u016bs\u0173 gyvenimas?\",\"breadcrumb\":{\"@id\":\"https:\\\/\\\/skaitytaknyga.lt\\\/produktas\\\/vytautas-racickas-nebaigtas-dienorastis\\\/#breadcrumb\"},\"inLanguage\":\"en-GB\",\"potentialAction\":[{\"@type\":\"ReadAction\",\"target\":[\"https:\\\/\\\/skaitytaknyga.lt\\\/produktas\\\/vytautas-racickas-nebaigtas-dienorastis\\\/\"]}]},{\"@type\":\"ImageObject\",\"inLanguage\":\"en-GB\",\"@id\":\"https:\\\/\\\/skaitytaknyga.lt\\\/produktas\\\/vytautas-racickas-nebaigtas-dienorastis\\\/#primaryimage\",\"url\":\"https:\\\/\\\/skaitytaknyga.lt\\\/wp-content\\\/uploads\\\/2024\\\/05\\\/000000000002123447-59de82f506c04-asset-knyguklubas-cdb_nebaigtas_dienorastis_p1.jpg\",\"contentUrl\":\"https:\\\/\\\/skaitytaknyga.lt\\\/wp-content\\\/uploads\\\/2024\\\/05\\\/000000000002123447-59de82f506c04-asset-knyguklubas-cdb_nebaigtas_dienorastis_p1.jpg\",\"width\":285,\"height\":413},{\"@type\":\"BreadcrumbList\",\"@id\":\"https:\\\/\\\/skaitytaknyga.lt\\\/produktas\\\/vytautas-racickas-nebaigtas-dienorastis\\\/#breadcrumb\",\"itemListElement\":[{\"@type\":\"ListItem\",\"position\":1,\"name\":\"Home\",\"item\":\"https:\\\/\\\/skaitytaknyga.lt\\\/\"},{\"@type\":\"ListItem\",\"position\":2,\"name\":\"Parduotuv\u0117\",\"item\":\"https:\\\/\\\/skaitytaknyga.lt\\\/knygu-parduotuve\\\/\"},{\"@type\":\"ListItem\",\"position\":3,\"name\":\"Vytautas Ra\u010dickas \u201eNebaigtas dienora\u0161tis\u201c\"}]},{\"@type\":\"WebSite\",\"@id\":\"https:\\\/\\\/skaitytaknyga.lt\\\/#website\",\"url\":\"https:\\\/\\\/skaitytaknyga.lt\\\/\",\"name\":\"skaitytaknyga.lt\",\"description\":\"Skaitytaknyga.lt \u2013 tai ma\u017eas \u0161eimos verslas, kuris prasid\u0117jo nuo meil\u0117s knygoms ir siekio i\u0161gelb\u0117ti knygas nuo likimo prie konteinerio. Kas vienam nereikalingas daiktas \u2013 kitam lobis, o mes esame tarpininkai, kurie padeda abiems tapti laimingesniems ???? \u017dinome kaip nelengva i\u0161gyventi ma\u017eiems verslams, tad nuo \u0161iol, \u010dia rasite ir kit\u0173, ma\u017e\u0173 \u0161eim\u0173 versl\u0173, rank\u0173 darbo, dovan\u0173 sau ir artimiesiems.\",\"publisher\":{\"@id\":\"https:\\\/\\\/skaitytaknyga.lt\\\/#organization\"},\"potentialAction\":[{\"@type\":\"SearchAction\",\"target\":{\"@type\":\"EntryPoint\",\"urlTemplate\":\"https:\\\/\\\/skaitytaknyga.lt\\\/?s={search_term_string}\"},\"query-input\":{\"@type\":\"PropertyValueSpecification\",\"valueRequired\":true,\"valueName\":\"search_term_string\"}}],\"inLanguage\":\"en-GB\"},{\"@type\":\"Organization\",\"@id\":\"https:\\\/\\\/skaitytaknyga.lt\\\/#organization\",\"name\":\"skaitytaknyga.lt\",\"url\":\"https:\\\/\\\/skaitytaknyga.lt\\\/\",\"logo\":{\"@type\":\"ImageObject\",\"inLanguage\":\"en-GB\",\"@id\":\"https:\\\/\\\/skaitytaknyga.lt\\\/#\\\/schema\\\/logo\\\/image\\\/\",\"url\":\"https:\\\/\\\/skaitytaknyga.lt\\\/wp-content\\\/uploads\\\/2024\\\/05\\\/cropped-cropped-cropped-02_00843_jt3bggkj1j3HLc7SyY6rEUpg.jpeg\",\"contentUrl\":\"https:\\\/\\\/skaitytaknyga.lt\\\/wp-content\\\/uploads\\\/2024\\\/05\\\/cropped-cropped-cropped-02_00843_jt3bggkj1j3HLc7SyY6rEUpg.jpeg\",\"width\":1600,\"height\":1600,\"caption\":\"skaitytaknyga.lt\"},\"image\":{\"@id\":\"https:\\\/\\\/skaitytaknyga.lt\\\/#\\\/schema\\\/logo\\\/image\\\/\"},\"sameAs\":[\"https:\\\/\\\/www.facebook.com\\\/skaitytaknyga\\\/\"]}]}<\/script>\n<!-- \/ Yoast SEO plugin. -->","yoast_head_json":{"title":"Vytautas Ra\u010dickas \u201eNebaigtas dienora\u0161tis\u201c","description":"Pagrindin\u0117s knygos heroj\u0117s Deiv\u0117s Taurait\u0117s l\u016bpomis pasakojama paaugl\u0117s gyvenimo istorija, pasibaigusi tragi\u0161ka penkiolikmet\u0117s \u017e\u016btimi.\u0160is k\u016brinys - tai lyg savoti\u0161kas bandymas ai\u0161kintis, kod\u0117l jauni \u017emon\u0117s savanori\u0161kai pasitraukia i\u0161 gyvenimo. Kas d\u0117l to da\u017eniausiai b\u016bna kaltas? \u0160eima? Mokykla? Draugai? Ar tiesiog beproti\u0161kas m\u016bs\u0173 gyvenimas?","robots":{"index":"index","follow":"follow","max-snippet":"max-snippet:-1","max-image-preview":"max-image-preview:large","max-video-preview":"max-video-preview:-1"},"canonical":"https:\/\/skaitytaknyga.lt\/en\/produktas\/vytautas-racickas-nebaigtas-dienorastis\/","og_locale":"en_GB","og_type":"article","og_title":"[:lt]Vytautas Ra\u010dickas \u201eNebaigtas dienora\u0161tis\u201c[:] - Skaitytaknyga","og_description":"Pagrindin\u0117s knygos heroj\u0117s Deiv\u0117s Taurait\u0117s l\u016bpomis pasakojama paaugl\u0117s gyvenimo istorija, pasibaigusi tragi\u0161ka penkiolikmet\u0117s \u017e\u016btimi.\u0160is k\u016brinys - tai lyg savoti\u0161kas bandymas ai\u0161kintis, kod\u0117l jauni \u017emon\u0117s savanori\u0161kai pasitraukia i\u0161 gyvenimo. Kas d\u0117l to da\u017eniausiai b\u016bna kaltas? \u0160eima? Mokykla? Draugai? Ar tiesiog beproti\u0161kas m\u016bs\u0173 gyvenimas?","og_url":"https:\/\/skaitytaknyga.lt\/en\/produktas\/vytautas-racickas-nebaigtas-dienorastis\/","og_site_name":"Skaitytaknyga","article_publisher":"https:\/\/www.facebook.com\/skaitytaknyga\/","article_modified_time":"2024-10-31T14:44:50+00:00","og_image":[{"width":285,"height":413,"url":"https:\/\/skaitytaknyga.lt\/wp-content\/uploads\/2024\/05\/000000000002123447-59de82f506c04-asset-knyguklubas-cdb_nebaigtas_dienorastis_p1.jpg","type":"image\/jpeg"}],"twitter_card":"summary_large_image","twitter_misc":{"Estimated reading time":"1 minute"},"schema":{"@context":"https:\/\/schema.org","@graph":[{"@type":"WebPage","@id":"https:\/\/skaitytaknyga.lt\/produktas\/vytautas-racickas-nebaigtas-dienorastis\/","url":"https:\/\/skaitytaknyga.lt\/produktas\/vytautas-racickas-nebaigtas-dienorastis\/","name":"Vytautas Ra\u010dickas \u201eNebaigtas dienora\u0161tis\u201c","isPartOf":{"@id":"https:\/\/skaitytaknyga.lt\/#website"},"primaryImageOfPage":{"@id":"https:\/\/skaitytaknyga.lt\/produktas\/vytautas-racickas-nebaigtas-dienorastis\/#primaryimage"},"image":{"@id":"https:\/\/skaitytaknyga.lt\/produktas\/vytautas-racickas-nebaigtas-dienorastis\/#primaryimage"},"thumbnailUrl":"https:\/\/skaitytaknyga.lt\/wp-content\/uploads\/2024\/05\/000000000002123447-59de82f506c04-asset-knyguklubas-cdb_nebaigtas_dienorastis_p1.jpg","datePublished":"2024-05-02T13:57:57+00:00","dateModified":"2024-10-31T14:44:50+00:00","description":"Pagrindin\u0117s knygos heroj\u0117s Deiv\u0117s Taurait\u0117s l\u016bpomis pasakojama paaugl\u0117s gyvenimo istorija, pasibaigusi tragi\u0161ka penkiolikmet\u0117s \u017e\u016btimi.\u0160is k\u016brinys - tai lyg savoti\u0161kas bandymas ai\u0161kintis, kod\u0117l jauni \u017emon\u0117s savanori\u0161kai pasitraukia i\u0161 gyvenimo. Kas d\u0117l to da\u017eniausiai b\u016bna kaltas? \u0160eima? Mokykla? Draugai? Ar tiesiog beproti\u0161kas m\u016bs\u0173 gyvenimas?","breadcrumb":{"@id":"https:\/\/skaitytaknyga.lt\/produktas\/vytautas-racickas-nebaigtas-dienorastis\/#breadcrumb"},"inLanguage":"en-GB","potentialAction":[{"@type":"ReadAction","target":["https:\/\/skaitytaknyga.lt\/produktas\/vytautas-racickas-nebaigtas-dienorastis\/"]}]},{"@type":"ImageObject","inLanguage":"en-GB","@id":"https:\/\/skaitytaknyga.lt\/produktas\/vytautas-racickas-nebaigtas-dienorastis\/#primaryimage","url":"https:\/\/skaitytaknyga.lt\/wp-content\/uploads\/2024\/05\/000000000002123447-59de82f506c04-asset-knyguklubas-cdb_nebaigtas_dienorastis_p1.jpg","contentUrl":"https:\/\/skaitytaknyga.lt\/wp-content\/uploads\/2024\/05\/000000000002123447-59de82f506c04-asset-knyguklubas-cdb_nebaigtas_dienorastis_p1.jpg","width":285,"height":413},{"@type":"BreadcrumbList","@id":"https:\/\/skaitytaknyga.lt\/produktas\/vytautas-racickas-nebaigtas-dienorastis\/#breadcrumb","itemListElement":[{"@type":"ListItem","position":1,"name":"Home","item":"https:\/\/skaitytaknyga.lt\/"},{"@type":"ListItem","position":2,"name":"Parduotuv\u0117","item":"https:\/\/skaitytaknyga.lt\/knygu-parduotuve\/"},{"@type":"ListItem","position":3,"name":"Vytautas Ra\u010dickas \u201eNebaigtas dienora\u0161tis\u201c"}]},{"@type":"WebSite","@id":"https:\/\/skaitytaknyga.lt\/#website","url":"https:\/\/skaitytaknyga.lt\/","name":"skaitytaknyga.lt","description":"Skaitytaknyga.lt \u2013 tai ma\u017eas \u0161eimos verslas, kuris prasid\u0117jo nuo meil\u0117s knygoms ir siekio i\u0161gelb\u0117ti knygas nuo likimo prie konteinerio. Kas vienam nereikalingas daiktas \u2013 kitam lobis, o mes esame tarpininkai, kurie padeda abiems tapti laimingesniems ???? \u017dinome kaip nelengva i\u0161gyventi ma\u017eiems verslams, tad nuo \u0161iol, \u010dia rasite ir kit\u0173, ma\u017e\u0173 \u0161eim\u0173 versl\u0173, rank\u0173 darbo, dovan\u0173 sau ir artimiesiems.","publisher":{"@id":"https:\/\/skaitytaknyga.lt\/#organization"},"potentialAction":[{"@type":"SearchAction","target":{"@type":"EntryPoint","urlTemplate":"https:\/\/skaitytaknyga.lt\/?s={search_term_string}"},"query-input":{"@type":"PropertyValueSpecification","valueRequired":true,"valueName":"search_term_string"}}],"inLanguage":"en-GB"},{"@type":"Organization","@id":"https:\/\/skaitytaknyga.lt\/#organization","name":"skaitytaknyga.lt","url":"https:\/\/skaitytaknyga.lt\/","logo":{"@type":"ImageObject","inLanguage":"en-GB","@id":"https:\/\/skaitytaknyga.lt\/#\/schema\/logo\/image\/","url":"https:\/\/skaitytaknyga.lt\/wp-content\/uploads\/2024\/05\/cropped-cropped-cropped-02_00843_jt3bggkj1j3HLc7SyY6rEUpg.jpeg","contentUrl":"https:\/\/skaitytaknyga.lt\/wp-content\/uploads\/2024\/05\/cropped-cropped-cropped-02_00843_jt3bggkj1j3HLc7SyY6rEUpg.jpeg","width":1600,"height":1600,"caption":"skaitytaknyga.lt"},"image":{"@id":"https:\/\/skaitytaknyga.lt\/#\/schema\/logo\/image\/"},"sameAs":["https:\/\/www.facebook.com\/skaitytaknyga\/"]}]}},"_links":{"self":[{"href":"https:\/\/skaitytaknyga.lt\/en\/wp-json\/wp\/v2\/product\/7108","targetHints":{"allow":["GET"]}}],"collection":[{"href":"https:\/\/skaitytaknyga.lt\/en\/wp-json\/wp\/v2\/product"}],"about":[{"href":"https:\/\/skaitytaknyga.lt\/en\/wp-json\/wp\/v2\/types\/product"}],"replies":[{"embeddable":true,"href":"https:\/\/skaitytaknyga.lt\/en\/wp-json\/wp\/v2\/comments?post=7108"}],"wp:featuredmedia":[{"embeddable":true,"href":"https:\/\/skaitytaknyga.lt\/en\/wp-json\/wp\/v2\/media\/7138"}],"wp:attachment":[{"href":"https:\/\/skaitytaknyga.lt\/en\/wp-json\/wp\/v2\/media?parent=7108"}],"wp:term":[{"taxonomy":"product_brand","embeddable":true,"href":"https:\/\/skaitytaknyga.lt\/en\/wp-json\/wp\/v2\/product_brand?post=7108"},{"taxonomy":"product_cat","embeddable":true,"href":"https:\/\/skaitytaknyga.lt\/en\/wp-json\/wp\/v2\/product_cat?post=7108"},{"taxonomy":"product_tag","embeddable":true,"href":"https:\/\/skaitytaknyga.lt\/en\/wp-json\/wp\/v2\/product_tag?post=7108"}],"curies":[{"name":"wp","href":"https:\/\/api.w.org\/{rel}","templated":true}]}}