{"id":7104,"date":"2024-05-02T13:57:57","date_gmt":"2024-05-02T13:57:57","guid":{"rendered":"https:\/\/skaitytaknyga.lt\/?post_type=product&#038;p=7104"},"modified":"2024-05-03T07:30:13","modified_gmt":"2024-05-03T07:30:13","slug":"david-baddiel-the-person-controller","status":"publish","type":"product","link":"https:\/\/skaitytaknyga.lt\/en\/produktas\/david-baddiel-the-person-controller\/","title":{"rendered":"David Baddiel \u201eThe Person Controller\u201c"},"content":{"rendered":"<p>From the author of THE PARENT AGENCY comes a thrilling, funny and touching new adventure.<\/p>\n<p>Fred and Ellie are twins. But not identical (because that&#8217;s impossible for a boy and a girl). They do like all the same things, though. Especially video games. Which they are very good at. They aren&#8217;t that good, however, at much else \u2013 like, for example, football, or dealing with the school bullies.<\/p>\n<p>Then, they meet the Mystery Man, who sends them a video game controller, which doesn&#8217;t look like any other controller they&#8217;ve ever seen. And it doesn&#8217;t control any of their usual games. When the twins find out what it does control, though, it seems like the answer to all their problems. And the key to all their wildest dreams. At least it seems like that\u2026<\/p>\n","protected":false},"excerpt":{"rendered":"<p>From the author of THE PARENT AGENCY comes a thrilling, funny and touching new adventure.<\/p>\n<p>Fred and Ellie are twins. But not identical (because that&#8217;s impossible for a boy and a girl). They do like all the same things, though. Especially video games. Which they are very good at. They aren&#8217;t that good, however, at much else \u2013 like, for example, football, or dealing with the school bullies.<\/p>\n<p>Then, they meet the Mystery Man, who sends them a video game controller, which doesn&#8217;t look like any other controller they&#8217;ve ever seen. And it doesn&#8217;t control any of their usual games. When the twins find out what it does control, though, it seems like the answer to all their problems. And the key to all their wildest dreams. At least it seems like that\u2026<\/p>\n","protected":false},"featured_media":7134,"comment_status":"closed","ping_status":"closed","template":"","meta":{"_acf_changed":false,"site-sidebar-layout":"default","site-content-layout":"","ast-site-content-layout":"default","site-content-style":"default","site-sidebar-style":"default","ast-global-header-display":"","ast-banner-title-visibility":"","ast-main-header-display":"","ast-hfb-above-header-display":"","ast-hfb-below-header-display":"","ast-hfb-mobile-header-display":"","site-post-title":"","ast-breadcrumbs-content":"","ast-featured-img":"","footer-sml-layout":"","ast-disable-related-posts":"","theme-transparent-header-meta":"","adv-header-id-meta":"","stick-header-meta":"","header-above-stick-meta":"","header-main-stick-meta":"","header-below-stick-meta":"","astra-migrate-meta-layouts":"default","ast-page-background-enabled":"default","ast-page-background-meta":{"desktop":{"background-color":"","background-image":"","background-repeat":"repeat","background-position":"center center","background-size":"auto","background-attachment":"scroll","background-type":"","background-media":"","overlay-type":"","overlay-color":"","overlay-opacity":"","overlay-gradient":""},"tablet":{"background-color":"","background-image":"","background-repeat":"repeat","background-position":"center center","background-size":"auto","background-attachment":"scroll","background-type":"","background-media":"","overlay-type":"","overlay-color":"","overlay-opacity":"","overlay-gradient":""},"mobile":{"background-color":"","background-image":"","background-repeat":"repeat","background-position":"center center","background-size":"auto","background-attachment":"scroll","background-type":"","background-media":"","overlay-type":"","overlay-color":"","overlay-opacity":"","overlay-gradient":""}},"ast-content-background-meta":{"desktop":{"background-color":"var(--ast-global-color-4)","background-image":"","background-repeat":"repeat","background-position":"center center","background-size":"auto","background-attachment":"scroll","background-type":"","background-media":"","overlay-type":"","overlay-color":"","overlay-opacity":"","overlay-gradient":""},"tablet":{"background-color":"var(--ast-global-color-4)","background-image":"","background-repeat":"repeat","background-position":"center center","background-size":"auto","background-attachment":"scroll","background-type":"","background-media":"","overlay-type":"","overlay-color":"","overlay-opacity":"","overlay-gradient":""},"mobile":{"background-color":"var(--ast-global-color-4)","background-image":"","background-repeat":"repeat","background-position":"center center","background-size":"auto","background-attachment":"scroll","background-type":"","background-media":"","overlay-type":"","overlay-color":"","overlay-opacity":"","overlay-gradient":""}}},"product_brand":[],"product_cat":[34,35],"product_tag":[],"class_list":{"0":"post-7104","1":"product","2":"type-product","3":"status-publish","4":"has-post-thumbnail","6":"product_cat-knygos-anglu-kalba","7":"product_cat-vaikams-ir-paaugliams","8":"desktop-align-left","9":"tablet-align-left","10":"mobile-align-left","12":"first","13":"outofstock","14":"shipping-taxable","15":"purchasable","16":"product-type-simple"},"acf":[],"yoast_head":"<!-- This site is optimized with the Yoast SEO plugin v27.4 - https:\/\/yoast.com\/product\/yoast-seo-wordpress\/ -->\n<title>David Baddiel \u201eThe Person Controller\u201c - Skaitytaknyga<\/title>\n<meta name=\"description\" content=\"From the author of THE PARENT AGENCY comes a thrilling, funny and touching new adventure.  Fred and Ellie are twins. But not identical (because that&#039;s impossible for a boy and a girl). They do like all the same things, though. Especially video games. Which they are very good at. They aren&#039;t that good, however, at much else \u2013 like, for example, football, or dealing with the school bullies.  Then, they meet the Mystery Man, who sends them a video game controller, which doesn&#039;t look like any other controller they&#039;ve ever seen. And it doesn&#039;t control any of their usual games. When the twins find out what it does control, though, it seems like the answer to all their problems. And the key to all their wildest dreams. At least it seems like that\u2026\" \/>\n<meta name=\"robots\" content=\"index, follow, max-snippet:-1, max-image-preview:large, max-video-preview:-1\" \/>\n<link rel=\"canonical\" href=\"https:\/\/skaitytaknyga.lt\/en\/produktas\/david-baddiel-the-person-controller\/\" \/>\n<meta property=\"og:locale\" content=\"en_GB\" \/>\n<meta property=\"og:locale:alternate\" content=\"lt_LT\" \/>\n<meta property=\"og:type\" content=\"article\" \/>\n<meta property=\"og:title\" content=\"David Baddiel \u201eThe Person Controller\u201c - Skaitytaknyga\" \/>\n<meta property=\"og:description\" content=\"From the author of THE PARENT AGENCY comes a thrilling, funny and touching new adventure.  Fred and Ellie are twins. But not identical (because that&#039;s impossible for a boy and a girl). They do like all the same things, though. Especially video games. Which they are very good at. They aren&#039;t that good, however, at much else \u2013 like, for example, football, or dealing with the school bullies.  Then, they meet the Mystery Man, who sends them a video game controller, which doesn&#039;t look like any other controller they&#039;ve ever seen. And it doesn&#039;t control any of their usual games. When the twins find out what it does control, though, it seems like the answer to all their problems. And the key to all their wildest dreams. At least it seems like that\u2026\" \/>\n<meta property=\"og:url\" content=\"https:\/\/skaitytaknyga.lt\/en\/produktas\/david-baddiel-the-person-controller\/\" \/>\n<meta property=\"og:site_name\" content=\"Skaitytaknyga\" \/>\n<meta property=\"article:publisher\" content=\"https:\/\/www.facebook.com\/skaitytaknyga\/\" \/>\n<meta property=\"article:modified_time\" content=\"2024-05-03T07:30:13+00:00\" \/>\n<meta property=\"og:image\" content=\"https:\/\/skaitytaknyga.lt\/wp-content\/uploads\/2024\/05\/51iKE1YWq3L._SX311_BO1204203200_.jpg\" \/>\n\t<meta property=\"og:image:width\" content=\"313\" \/>\n\t<meta property=\"og:image:height\" content=\"499\" \/>\n\t<meta property=\"og:image:type\" content=\"image\/jpeg\" \/>\n<meta name=\"twitter:card\" content=\"summary_large_image\" \/>\n<meta name=\"twitter:label1\" content=\"Estimated reading time\" \/>\n\t<meta name=\"twitter:data1\" content=\"1 minute\" \/>\n<script type=\"application\/ld+json\" class=\"yoast-schema-graph\">{\"@context\":\"https:\\\/\\\/schema.org\",\"@graph\":[{\"@type\":\"WebPage\",\"@id\":\"https:\\\/\\\/skaitytaknyga.lt\\\/produktas\\\/david-baddiel-the-person-controller\\\/\",\"url\":\"https:\\\/\\\/skaitytaknyga.lt\\\/produktas\\\/david-baddiel-the-person-controller\\\/\",\"name\":\"David Baddiel \u201eThe Person Controller\u201c - Skaitytaknyga\",\"isPartOf\":{\"@id\":\"https:\\\/\\\/skaitytaknyga.lt\\\/#website\"},\"primaryImageOfPage\":{\"@id\":\"https:\\\/\\\/skaitytaknyga.lt\\\/produktas\\\/david-baddiel-the-person-controller\\\/#primaryimage\"},\"image\":{\"@id\":\"https:\\\/\\\/skaitytaknyga.lt\\\/produktas\\\/david-baddiel-the-person-controller\\\/#primaryimage\"},\"thumbnailUrl\":\"https:\\\/\\\/skaitytaknyga.lt\\\/wp-content\\\/uploads\\\/2024\\\/05\\\/51iKE1YWq3L._SX311_BO1204203200_.jpg\",\"datePublished\":\"2024-05-02T13:57:57+00:00\",\"dateModified\":\"2024-05-03T07:30:13+00:00\",\"description\":\"From the author of THE PARENT AGENCY comes a thrilling, funny and touching new adventure. Fred and Ellie are twins. But not identical (because that's impossible for a boy and a girl). They do like all the same things, though. Especially video games. Which they are very good at. They aren't that good, however, at much else \u2013 like, for example, football, or dealing with the school bullies. Then, they meet the Mystery Man, who sends them a video game controller, which doesn't look like any other controller they've ever seen. And it doesn't control any of their usual games. When the twins find out what it does control, though, it seems like the answer to all their problems. And the key to all their wildest dreams. At least it seems like that\u2026\",\"breadcrumb\":{\"@id\":\"https:\\\/\\\/skaitytaknyga.lt\\\/produktas\\\/david-baddiel-the-person-controller\\\/#breadcrumb\"},\"inLanguage\":\"en-GB\",\"potentialAction\":[{\"@type\":\"ReadAction\",\"target\":[\"https:\\\/\\\/skaitytaknyga.lt\\\/produktas\\\/david-baddiel-the-person-controller\\\/\"]}]},{\"@type\":\"ImageObject\",\"inLanguage\":\"en-GB\",\"@id\":\"https:\\\/\\\/skaitytaknyga.lt\\\/produktas\\\/david-baddiel-the-person-controller\\\/#primaryimage\",\"url\":\"https:\\\/\\\/skaitytaknyga.lt\\\/wp-content\\\/uploads\\\/2024\\\/05\\\/51iKE1YWq3L._SX311_BO1204203200_.jpg\",\"contentUrl\":\"https:\\\/\\\/skaitytaknyga.lt\\\/wp-content\\\/uploads\\\/2024\\\/05\\\/51iKE1YWq3L._SX311_BO1204203200_.jpg\",\"width\":313,\"height\":499},{\"@type\":\"BreadcrumbList\",\"@id\":\"https:\\\/\\\/skaitytaknyga.lt\\\/produktas\\\/david-baddiel-the-person-controller\\\/#breadcrumb\",\"itemListElement\":[{\"@type\":\"ListItem\",\"position\":1,\"name\":\"Home\",\"item\":\"https:\\\/\\\/skaitytaknyga.lt\\\/\"},{\"@type\":\"ListItem\",\"position\":2,\"name\":\"Parduotuv\u0117\",\"item\":\"https:\\\/\\\/skaitytaknyga.lt\\\/knygu-parduotuve\\\/\"},{\"@type\":\"ListItem\",\"position\":3,\"name\":\"David Baddiel \u201eThe Person Controller\u201c\"}]},{\"@type\":\"WebSite\",\"@id\":\"https:\\\/\\\/skaitytaknyga.lt\\\/#website\",\"url\":\"https:\\\/\\\/skaitytaknyga.lt\\\/\",\"name\":\"skaitytaknyga.lt\",\"description\":\"Skaitytaknyga.lt \u2013 tai ma\u017eas \u0161eimos verslas, kuris prasid\u0117jo nuo meil\u0117s knygoms ir siekio i\u0161gelb\u0117ti knygas nuo likimo prie konteinerio. Kas vienam nereikalingas daiktas \u2013 kitam lobis, o mes esame tarpininkai, kurie padeda abiems tapti laimingesniems ???? \u017dinome kaip nelengva i\u0161gyventi ma\u017eiems verslams, tad nuo \u0161iol, \u010dia rasite ir kit\u0173, ma\u017e\u0173 \u0161eim\u0173 versl\u0173, rank\u0173 darbo, dovan\u0173 sau ir artimiesiems.\",\"publisher\":{\"@id\":\"https:\\\/\\\/skaitytaknyga.lt\\\/#organization\"},\"potentialAction\":[{\"@type\":\"SearchAction\",\"target\":{\"@type\":\"EntryPoint\",\"urlTemplate\":\"https:\\\/\\\/skaitytaknyga.lt\\\/?s={search_term_string}\"},\"query-input\":{\"@type\":\"PropertyValueSpecification\",\"valueRequired\":true,\"valueName\":\"search_term_string\"}}],\"inLanguage\":\"en-GB\"},{\"@type\":\"Organization\",\"@id\":\"https:\\\/\\\/skaitytaknyga.lt\\\/#organization\",\"name\":\"skaitytaknyga.lt\",\"url\":\"https:\\\/\\\/skaitytaknyga.lt\\\/\",\"logo\":{\"@type\":\"ImageObject\",\"inLanguage\":\"en-GB\",\"@id\":\"https:\\\/\\\/skaitytaknyga.lt\\\/#\\\/schema\\\/logo\\\/image\\\/\",\"url\":\"https:\\\/\\\/skaitytaknyga.lt\\\/wp-content\\\/uploads\\\/2024\\\/05\\\/cropped-cropped-cropped-02_00843_jt3bggkj1j3HLc7SyY6rEUpg.jpeg\",\"contentUrl\":\"https:\\\/\\\/skaitytaknyga.lt\\\/wp-content\\\/uploads\\\/2024\\\/05\\\/cropped-cropped-cropped-02_00843_jt3bggkj1j3HLc7SyY6rEUpg.jpeg\",\"width\":1600,\"height\":1600,\"caption\":\"skaitytaknyga.lt\"},\"image\":{\"@id\":\"https:\\\/\\\/skaitytaknyga.lt\\\/#\\\/schema\\\/logo\\\/image\\\/\"},\"sameAs\":[\"https:\\\/\\\/www.facebook.com\\\/skaitytaknyga\\\/\"]}]}<\/script>\n<!-- \/ Yoast SEO plugin. -->","yoast_head_json":{"title":"David Baddiel \u201eThe Person Controller\u201c - Skaitytaknyga","description":"From the author of THE PARENT AGENCY comes a thrilling, funny and touching new adventure.  Fred and Ellie are twins. But not identical (because that's impossible for a boy and a girl). They do like all the same things, though. Especially video games. Which they are very good at. They aren't that good, however, at much else \u2013 like, for example, football, or dealing with the school bullies.  Then, they meet the Mystery Man, who sends them a video game controller, which doesn't look like any other controller they've ever seen. And it doesn't control any of their usual games. When the twins find out what it does control, though, it seems like the answer to all their problems. And the key to all their wildest dreams. At least it seems like that\u2026","robots":{"index":"index","follow":"follow","max-snippet":"max-snippet:-1","max-image-preview":"max-image-preview:large","max-video-preview":"max-video-preview:-1"},"canonical":"https:\/\/skaitytaknyga.lt\/en\/produktas\/david-baddiel-the-person-controller\/","og_locale":"en_GB","og_type":"article","og_title":"David Baddiel \u201eThe Person Controller\u201c - Skaitytaknyga","og_description":"From the author of THE PARENT AGENCY comes a thrilling, funny and touching new adventure.  Fred and Ellie are twins. But not identical (because that's impossible for a boy and a girl). They do like all the same things, though. Especially video games. Which they are very good at. They aren't that good, however, at much else \u2013 like, for example, football, or dealing with the school bullies.  Then, they meet the Mystery Man, who sends them a video game controller, which doesn't look like any other controller they've ever seen. And it doesn't control any of their usual games. When the twins find out what it does control, though, it seems like the answer to all their problems. And the key to all their wildest dreams. At least it seems like that\u2026","og_url":"https:\/\/skaitytaknyga.lt\/en\/produktas\/david-baddiel-the-person-controller\/","og_site_name":"Skaitytaknyga","article_publisher":"https:\/\/www.facebook.com\/skaitytaknyga\/","article_modified_time":"2024-05-03T07:30:13+00:00","og_image":[{"width":313,"height":499,"url":"https:\/\/skaitytaknyga.lt\/wp-content\/uploads\/2024\/05\/51iKE1YWq3L._SX311_BO1204203200_.jpg","type":"image\/jpeg"}],"twitter_card":"summary_large_image","twitter_misc":{"Estimated reading time":"1 minute"},"schema":{"@context":"https:\/\/schema.org","@graph":[{"@type":"WebPage","@id":"https:\/\/skaitytaknyga.lt\/produktas\/david-baddiel-the-person-controller\/","url":"https:\/\/skaitytaknyga.lt\/produktas\/david-baddiel-the-person-controller\/","name":"David Baddiel \u201eThe Person Controller\u201c - Skaitytaknyga","isPartOf":{"@id":"https:\/\/skaitytaknyga.lt\/#website"},"primaryImageOfPage":{"@id":"https:\/\/skaitytaknyga.lt\/produktas\/david-baddiel-the-person-controller\/#primaryimage"},"image":{"@id":"https:\/\/skaitytaknyga.lt\/produktas\/david-baddiel-the-person-controller\/#primaryimage"},"thumbnailUrl":"https:\/\/skaitytaknyga.lt\/wp-content\/uploads\/2024\/05\/51iKE1YWq3L._SX311_BO1204203200_.jpg","datePublished":"2024-05-02T13:57:57+00:00","dateModified":"2024-05-03T07:30:13+00:00","description":"From the author of THE PARENT AGENCY comes a thrilling, funny and touching new adventure. Fred and Ellie are twins. But not identical (because that's impossible for a boy and a girl). They do like all the same things, though. Especially video games. Which they are very good at. They aren't that good, however, at much else \u2013 like, for example, football, or dealing with the school bullies. Then, they meet the Mystery Man, who sends them a video game controller, which doesn't look like any other controller they've ever seen. And it doesn't control any of their usual games. When the twins find out what it does control, though, it seems like the answer to all their problems. And the key to all their wildest dreams. At least it seems like that\u2026","breadcrumb":{"@id":"https:\/\/skaitytaknyga.lt\/produktas\/david-baddiel-the-person-controller\/#breadcrumb"},"inLanguage":"en-GB","potentialAction":[{"@type":"ReadAction","target":["https:\/\/skaitytaknyga.lt\/produktas\/david-baddiel-the-person-controller\/"]}]},{"@type":"ImageObject","inLanguage":"en-GB","@id":"https:\/\/skaitytaknyga.lt\/produktas\/david-baddiel-the-person-controller\/#primaryimage","url":"https:\/\/skaitytaknyga.lt\/wp-content\/uploads\/2024\/05\/51iKE1YWq3L._SX311_BO1204203200_.jpg","contentUrl":"https:\/\/skaitytaknyga.lt\/wp-content\/uploads\/2024\/05\/51iKE1YWq3L._SX311_BO1204203200_.jpg","width":313,"height":499},{"@type":"BreadcrumbList","@id":"https:\/\/skaitytaknyga.lt\/produktas\/david-baddiel-the-person-controller\/#breadcrumb","itemListElement":[{"@type":"ListItem","position":1,"name":"Home","item":"https:\/\/skaitytaknyga.lt\/"},{"@type":"ListItem","position":2,"name":"Parduotuv\u0117","item":"https:\/\/skaitytaknyga.lt\/knygu-parduotuve\/"},{"@type":"ListItem","position":3,"name":"David Baddiel \u201eThe Person Controller\u201c"}]},{"@type":"WebSite","@id":"https:\/\/skaitytaknyga.lt\/#website","url":"https:\/\/skaitytaknyga.lt\/","name":"skaitytaknyga.lt","description":"Skaitytaknyga.lt \u2013 tai ma\u017eas \u0161eimos verslas, kuris prasid\u0117jo nuo meil\u0117s knygoms ir siekio i\u0161gelb\u0117ti knygas nuo likimo prie konteinerio. Kas vienam nereikalingas daiktas \u2013 kitam lobis, o mes esame tarpininkai, kurie padeda abiems tapti laimingesniems ???? \u017dinome kaip nelengva i\u0161gyventi ma\u017eiems verslams, tad nuo \u0161iol, \u010dia rasite ir kit\u0173, ma\u017e\u0173 \u0161eim\u0173 versl\u0173, rank\u0173 darbo, dovan\u0173 sau ir artimiesiems.","publisher":{"@id":"https:\/\/skaitytaknyga.lt\/#organization"},"potentialAction":[{"@type":"SearchAction","target":{"@type":"EntryPoint","urlTemplate":"https:\/\/skaitytaknyga.lt\/?s={search_term_string}"},"query-input":{"@type":"PropertyValueSpecification","valueRequired":true,"valueName":"search_term_string"}}],"inLanguage":"en-GB"},{"@type":"Organization","@id":"https:\/\/skaitytaknyga.lt\/#organization","name":"skaitytaknyga.lt","url":"https:\/\/skaitytaknyga.lt\/","logo":{"@type":"ImageObject","inLanguage":"en-GB","@id":"https:\/\/skaitytaknyga.lt\/#\/schema\/logo\/image\/","url":"https:\/\/skaitytaknyga.lt\/wp-content\/uploads\/2024\/05\/cropped-cropped-cropped-02_00843_jt3bggkj1j3HLc7SyY6rEUpg.jpeg","contentUrl":"https:\/\/skaitytaknyga.lt\/wp-content\/uploads\/2024\/05\/cropped-cropped-cropped-02_00843_jt3bggkj1j3HLc7SyY6rEUpg.jpeg","width":1600,"height":1600,"caption":"skaitytaknyga.lt"},"image":{"@id":"https:\/\/skaitytaknyga.lt\/#\/schema\/logo\/image\/"},"sameAs":["https:\/\/www.facebook.com\/skaitytaknyga\/"]}]}},"_links":{"self":[{"href":"https:\/\/skaitytaknyga.lt\/en\/wp-json\/wp\/v2\/product\/7104","targetHints":{"allow":["GET"]}}],"collection":[{"href":"https:\/\/skaitytaknyga.lt\/en\/wp-json\/wp\/v2\/product"}],"about":[{"href":"https:\/\/skaitytaknyga.lt\/en\/wp-json\/wp\/v2\/types\/product"}],"replies":[{"embeddable":true,"href":"https:\/\/skaitytaknyga.lt\/en\/wp-json\/wp\/v2\/comments?post=7104"}],"wp:featuredmedia":[{"embeddable":true,"href":"https:\/\/skaitytaknyga.lt\/en\/wp-json\/wp\/v2\/media\/7134"}],"wp:attachment":[{"href":"https:\/\/skaitytaknyga.lt\/en\/wp-json\/wp\/v2\/media?parent=7104"}],"wp:term":[{"taxonomy":"product_brand","embeddable":true,"href":"https:\/\/skaitytaknyga.lt\/en\/wp-json\/wp\/v2\/product_brand?post=7104"},{"taxonomy":"product_cat","embeddable":true,"href":"https:\/\/skaitytaknyga.lt\/en\/wp-json\/wp\/v2\/product_cat?post=7104"},{"taxonomy":"product_tag","embeddable":true,"href":"https:\/\/skaitytaknyga.lt\/en\/wp-json\/wp\/v2\/product_tag?post=7104"}],"curies":[{"name":"wp","href":"https:\/\/api.w.org\/{rel}","templated":true}]}}