{"id":7103,"date":"2024-05-02T13:57:57","date_gmt":"2024-05-02T13:57:57","guid":{"rendered":"https:\/\/skaitytaknyga.lt\/?post_type=product&#038;p=7103"},"modified":"2024-05-03T07:30:13","modified_gmt":"2024-05-03T07:30:13","slug":"donaldas-ir-kiti-neatpazintas-skraidantis-objektas-ir-gryno-aukso-planeta","status":"publish","type":"product","link":"https:\/\/skaitytaknyga.lt\/en\/produktas\/donaldas-ir-kiti-neatpazintas-skraidantis-objektas-ir-gryno-aukso-planeta\/","title":{"rendered":"Donaldas ir kiti. Neatpa\u017eintas skraidantis objektas ir gryno aukso planeta"},"content":{"rendered":"<p>Patek\u0119s \u012f aukso planet\u0105 Skrud\u017eas Makdakas i\u0161 laim\u0117s trina rankas, bet susiduria su piktais \u010diabuviais. Donaldas skund\u017eiasi \u0161lav\u0117jo darbu, bet netik\u0117tai patek\u0119s \u012f ateit\u012f ima did\u017eiuotis savo profesija, o nusipirk\u0119s senovin\u012f kilim\u0105 jis negali patik\u0117ti savo akimis &#8211; kilimas skraido! Gero skaitymo!<\/p>\n","protected":false},"excerpt":{"rendered":"<p>Patek\u0119s \u012f aukso planet\u0105 Skrud\u017eas Makdakas i\u0161 laim\u0117s trina rankas, bet susiduria su piktais \u010diabuviais. Donaldas skund\u017eiasi \u0161lav\u0117jo darbu, bet netik\u0117tai patek\u0119s \u012f ateit\u012f ima did\u017eiuotis savo profesija, o nusipirk\u0119s senovin\u012f kilim\u0105 jis negali patik\u0117ti savo akimis &#8211; kilimas skraido! Gero skaitymo!<\/p>\n","protected":false},"featured_media":7133,"comment_status":"closed","ping_status":"closed","template":"","meta":{"_acf_changed":false,"site-sidebar-layout":"default","site-content-layout":"","ast-site-content-layout":"default","site-content-style":"default","site-sidebar-style":"default","ast-global-header-display":"","ast-banner-title-visibility":"","ast-main-header-display":"","ast-hfb-above-header-display":"","ast-hfb-below-header-display":"","ast-hfb-mobile-header-display":"","site-post-title":"","ast-breadcrumbs-content":"","ast-featured-img":"","footer-sml-layout":"","ast-disable-related-posts":"","theme-transparent-header-meta":"","adv-header-id-meta":"","stick-header-meta":"","header-above-stick-meta":"","header-main-stick-meta":"","header-below-stick-meta":"","astra-migrate-meta-layouts":"default","ast-page-background-enabled":"default","ast-page-background-meta":{"desktop":{"background-color":"","background-image":"","background-repeat":"repeat","background-position":"center center","background-size":"auto","background-attachment":"scroll","background-type":"","background-media":"","overlay-type":"","overlay-color":"","overlay-opacity":"","overlay-gradient":""},"tablet":{"background-color":"","background-image":"","background-repeat":"repeat","background-position":"center center","background-size":"auto","background-attachment":"scroll","background-type":"","background-media":"","overlay-type":"","overlay-color":"","overlay-opacity":"","overlay-gradient":""},"mobile":{"background-color":"","background-image":"","background-repeat":"repeat","background-position":"center center","background-size":"auto","background-attachment":"scroll","background-type":"","background-media":"","overlay-type":"","overlay-color":"","overlay-opacity":"","overlay-gradient":""}},"ast-content-background-meta":{"desktop":{"background-color":"var(--ast-global-color-4)","background-image":"","background-repeat":"repeat","background-position":"center center","background-size":"auto","background-attachment":"scroll","background-type":"","background-media":"","overlay-type":"","overlay-color":"","overlay-opacity":"","overlay-gradient":""},"tablet":{"background-color":"var(--ast-global-color-4)","background-image":"","background-repeat":"repeat","background-position":"center center","background-size":"auto","background-attachment":"scroll","background-type":"","background-media":"","overlay-type":"","overlay-color":"","overlay-opacity":"","overlay-gradient":""},"mobile":{"background-color":"var(--ast-global-color-4)","background-image":"","background-repeat":"repeat","background-position":"center center","background-size":"auto","background-attachment":"scroll","background-type":"","background-media":"","overlay-type":"","overlay-color":"","overlay-opacity":"","overlay-gradient":""}}},"product_brand":[],"product_cat":[35],"product_tag":[],"class_list":{"0":"post-7103","1":"product","2":"type-product","3":"status-publish","4":"has-post-thumbnail","6":"product_cat-vaikams-ir-paaugliams","7":"desktop-align-left","8":"tablet-align-left","9":"mobile-align-left","11":"first","12":"outofstock","13":"shipping-taxable","14":"purchasable","15":"product-type-simple"},"acf":[],"yoast_head":"<!-- This site is optimized with the Yoast SEO plugin v27.4 - https:\/\/yoast.com\/product\/yoast-seo-wordpress\/ -->\n<title>Donaldas ir kiti. Neatpa\u017eintas skraidantis objektas ir gryno aukso planeta - Skaitytaknyga<\/title>\n<meta name=\"description\" content=\"Patek\u0119s \u012f aukso planet\u0105 Skrud\u017eas Makdakas i\u0161 laim\u0117s trina rankas, bet susiduria su piktais \u010diabuviais. Donaldas skund\u017eiasi \u0161lav\u0117jo darbu, bet netik\u0117tai patek\u0119s \u012f ateit\u012f ima did\u017eiuotis savo profesija, o nusipirk\u0119s senovin\u012f kilim\u0105 jis negali patik\u0117ti savo akimis - kilimas skraido! Gero skaitymo!\" \/>\n<meta name=\"robots\" content=\"index, follow, max-snippet:-1, max-image-preview:large, max-video-preview:-1\" \/>\n<link rel=\"canonical\" href=\"https:\/\/skaitytaknyga.lt\/en\/produktas\/donaldas-ir-kiti-neatpazintas-skraidantis-objektas-ir-gryno-aukso-planeta\/\" \/>\n<meta property=\"og:locale\" content=\"en_GB\" \/>\n<meta property=\"og:locale:alternate\" content=\"lt_LT\" \/>\n<meta property=\"og:type\" content=\"article\" \/>\n<meta property=\"og:title\" content=\"Donaldas ir kiti. Neatpa\u017eintas skraidantis objektas ir gryno aukso planeta - Skaitytaknyga\" \/>\n<meta property=\"og:description\" content=\"Patek\u0119s \u012f aukso planet\u0105 Skrud\u017eas Makdakas i\u0161 laim\u0117s trina rankas, bet susiduria su piktais \u010diabuviais. Donaldas skund\u017eiasi \u0161lav\u0117jo darbu, bet netik\u0117tai patek\u0119s \u012f ateit\u012f ima did\u017eiuotis savo profesija, o nusipirk\u0119s senovin\u012f kilim\u0105 jis negali patik\u0117ti savo akimis - kilimas skraido! Gero skaitymo!\" \/>\n<meta property=\"og:url\" content=\"https:\/\/skaitytaknyga.lt\/en\/produktas\/donaldas-ir-kiti-neatpazintas-skraidantis-objektas-ir-gryno-aukso-planeta\/\" \/>\n<meta property=\"og:site_name\" content=\"Skaitytaknyga\" \/>\n<meta property=\"article:publisher\" content=\"https:\/\/www.facebook.com\/skaitytaknyga\/\" \/>\n<meta property=\"article:modified_time\" content=\"2024-05-03T07:30:13+00:00\" \/>\n<meta property=\"og:image\" content=\"https:\/\/skaitytaknyga.lt\/wp-content\/uploads\/2024\/05\/unnamed-8.jpg\" \/>\n\t<meta property=\"og:image:width\" content=\"391\" \/>\n\t<meta property=\"og:image:height\" content=\"512\" \/>\n\t<meta property=\"og:image:type\" content=\"image\/jpeg\" \/>\n<meta name=\"twitter:card\" content=\"summary_large_image\" \/>\n<meta name=\"twitter:label1\" content=\"Estimated reading time\" \/>\n\t<meta name=\"twitter:data1\" content=\"1 minute\" \/>\n<script type=\"application\/ld+json\" class=\"yoast-schema-graph\">{\"@context\":\"https:\\\/\\\/schema.org\",\"@graph\":[{\"@type\":\"WebPage\",\"@id\":\"https:\\\/\\\/skaitytaknyga.lt\\\/produktas\\\/donaldas-ir-kiti-neatpazintas-skraidantis-objektas-ir-gryno-aukso-planeta\\\/\",\"url\":\"https:\\\/\\\/skaitytaknyga.lt\\\/produktas\\\/donaldas-ir-kiti-neatpazintas-skraidantis-objektas-ir-gryno-aukso-planeta\\\/\",\"name\":\"Donaldas ir kiti. Neatpa\u017eintas skraidantis objektas ir gryno aukso planeta - Skaitytaknyga\",\"isPartOf\":{\"@id\":\"https:\\\/\\\/skaitytaknyga.lt\\\/#website\"},\"primaryImageOfPage\":{\"@id\":\"https:\\\/\\\/skaitytaknyga.lt\\\/produktas\\\/donaldas-ir-kiti-neatpazintas-skraidantis-objektas-ir-gryno-aukso-planeta\\\/#primaryimage\"},\"image\":{\"@id\":\"https:\\\/\\\/skaitytaknyga.lt\\\/produktas\\\/donaldas-ir-kiti-neatpazintas-skraidantis-objektas-ir-gryno-aukso-planeta\\\/#primaryimage\"},\"thumbnailUrl\":\"https:\\\/\\\/skaitytaknyga.lt\\\/wp-content\\\/uploads\\\/2024\\\/05\\\/unnamed-8.jpg\",\"datePublished\":\"2024-05-02T13:57:57+00:00\",\"dateModified\":\"2024-05-03T07:30:13+00:00\",\"description\":\"Patek\u0119s \u012f aukso planet\u0105 Skrud\u017eas Makdakas i\u0161 laim\u0117s trina rankas, bet susiduria su piktais \u010diabuviais. Donaldas skund\u017eiasi \u0161lav\u0117jo darbu, bet netik\u0117tai patek\u0119s \u012f ateit\u012f ima did\u017eiuotis savo profesija, o nusipirk\u0119s senovin\u012f kilim\u0105 jis negali patik\u0117ti savo akimis - kilimas skraido! Gero skaitymo!\",\"breadcrumb\":{\"@id\":\"https:\\\/\\\/skaitytaknyga.lt\\\/produktas\\\/donaldas-ir-kiti-neatpazintas-skraidantis-objektas-ir-gryno-aukso-planeta\\\/#breadcrumb\"},\"inLanguage\":\"en-GB\",\"potentialAction\":[{\"@type\":\"ReadAction\",\"target\":[\"https:\\\/\\\/skaitytaknyga.lt\\\/produktas\\\/donaldas-ir-kiti-neatpazintas-skraidantis-objektas-ir-gryno-aukso-planeta\\\/\"]}]},{\"@type\":\"ImageObject\",\"inLanguage\":\"en-GB\",\"@id\":\"https:\\\/\\\/skaitytaknyga.lt\\\/produktas\\\/donaldas-ir-kiti-neatpazintas-skraidantis-objektas-ir-gryno-aukso-planeta\\\/#primaryimage\",\"url\":\"https:\\\/\\\/skaitytaknyga.lt\\\/wp-content\\\/uploads\\\/2024\\\/05\\\/unnamed-8.jpg\",\"contentUrl\":\"https:\\\/\\\/skaitytaknyga.lt\\\/wp-content\\\/uploads\\\/2024\\\/05\\\/unnamed-8.jpg\",\"width\":391,\"height\":512},{\"@type\":\"BreadcrumbList\",\"@id\":\"https:\\\/\\\/skaitytaknyga.lt\\\/produktas\\\/donaldas-ir-kiti-neatpazintas-skraidantis-objektas-ir-gryno-aukso-planeta\\\/#breadcrumb\",\"itemListElement\":[{\"@type\":\"ListItem\",\"position\":1,\"name\":\"Home\",\"item\":\"https:\\\/\\\/skaitytaknyga.lt\\\/\"},{\"@type\":\"ListItem\",\"position\":2,\"name\":\"Parduotuv\u0117\",\"item\":\"https:\\\/\\\/skaitytaknyga.lt\\\/knygu-parduotuve\\\/\"},{\"@type\":\"ListItem\",\"position\":3,\"name\":\"Donaldas ir kiti. Neatpa\u017eintas skraidantis objektas ir gryno aukso planeta\"}]},{\"@type\":\"WebSite\",\"@id\":\"https:\\\/\\\/skaitytaknyga.lt\\\/#website\",\"url\":\"https:\\\/\\\/skaitytaknyga.lt\\\/\",\"name\":\"skaitytaknyga.lt\",\"description\":\"Skaitytaknyga.lt \u2013 tai ma\u017eas \u0161eimos verslas, kuris prasid\u0117jo nuo meil\u0117s knygoms ir siekio i\u0161gelb\u0117ti knygas nuo likimo prie konteinerio. Kas vienam nereikalingas daiktas \u2013 kitam lobis, o mes esame tarpininkai, kurie padeda abiems tapti laimingesniems ???? \u017dinome kaip nelengva i\u0161gyventi ma\u017eiems verslams, tad nuo \u0161iol, \u010dia rasite ir kit\u0173, ma\u017e\u0173 \u0161eim\u0173 versl\u0173, rank\u0173 darbo, dovan\u0173 sau ir artimiesiems.\",\"publisher\":{\"@id\":\"https:\\\/\\\/skaitytaknyga.lt\\\/#organization\"},\"potentialAction\":[{\"@type\":\"SearchAction\",\"target\":{\"@type\":\"EntryPoint\",\"urlTemplate\":\"https:\\\/\\\/skaitytaknyga.lt\\\/?s={search_term_string}\"},\"query-input\":{\"@type\":\"PropertyValueSpecification\",\"valueRequired\":true,\"valueName\":\"search_term_string\"}}],\"inLanguage\":\"en-GB\"},{\"@type\":\"Organization\",\"@id\":\"https:\\\/\\\/skaitytaknyga.lt\\\/#organization\",\"name\":\"skaitytaknyga.lt\",\"url\":\"https:\\\/\\\/skaitytaknyga.lt\\\/\",\"logo\":{\"@type\":\"ImageObject\",\"inLanguage\":\"en-GB\",\"@id\":\"https:\\\/\\\/skaitytaknyga.lt\\\/#\\\/schema\\\/logo\\\/image\\\/\",\"url\":\"https:\\\/\\\/skaitytaknyga.lt\\\/wp-content\\\/uploads\\\/2024\\\/05\\\/cropped-cropped-cropped-02_00843_jt3bggkj1j3HLc7SyY6rEUpg.jpeg\",\"contentUrl\":\"https:\\\/\\\/skaitytaknyga.lt\\\/wp-content\\\/uploads\\\/2024\\\/05\\\/cropped-cropped-cropped-02_00843_jt3bggkj1j3HLc7SyY6rEUpg.jpeg\",\"width\":1600,\"height\":1600,\"caption\":\"skaitytaknyga.lt\"},\"image\":{\"@id\":\"https:\\\/\\\/skaitytaknyga.lt\\\/#\\\/schema\\\/logo\\\/image\\\/\"},\"sameAs\":[\"https:\\\/\\\/www.facebook.com\\\/skaitytaknyga\\\/\"]}]}<\/script>\n<!-- \/ Yoast SEO plugin. -->","yoast_head_json":{"title":"Donaldas ir kiti. Neatpa\u017eintas skraidantis objektas ir gryno aukso planeta - Skaitytaknyga","description":"Patek\u0119s \u012f aukso planet\u0105 Skrud\u017eas Makdakas i\u0161 laim\u0117s trina rankas, bet susiduria su piktais \u010diabuviais. Donaldas skund\u017eiasi \u0161lav\u0117jo darbu, bet netik\u0117tai patek\u0119s \u012f ateit\u012f ima did\u017eiuotis savo profesija, o nusipirk\u0119s senovin\u012f kilim\u0105 jis negali patik\u0117ti savo akimis - kilimas skraido! Gero skaitymo!","robots":{"index":"index","follow":"follow","max-snippet":"max-snippet:-1","max-image-preview":"max-image-preview:large","max-video-preview":"max-video-preview:-1"},"canonical":"https:\/\/skaitytaknyga.lt\/en\/produktas\/donaldas-ir-kiti-neatpazintas-skraidantis-objektas-ir-gryno-aukso-planeta\/","og_locale":"en_GB","og_type":"article","og_title":"Donaldas ir kiti. Neatpa\u017eintas skraidantis objektas ir gryno aukso planeta - Skaitytaknyga","og_description":"Patek\u0119s \u012f aukso planet\u0105 Skrud\u017eas Makdakas i\u0161 laim\u0117s trina rankas, bet susiduria su piktais \u010diabuviais. Donaldas skund\u017eiasi \u0161lav\u0117jo darbu, bet netik\u0117tai patek\u0119s \u012f ateit\u012f ima did\u017eiuotis savo profesija, o nusipirk\u0119s senovin\u012f kilim\u0105 jis negali patik\u0117ti savo akimis - kilimas skraido! Gero skaitymo!","og_url":"https:\/\/skaitytaknyga.lt\/en\/produktas\/donaldas-ir-kiti-neatpazintas-skraidantis-objektas-ir-gryno-aukso-planeta\/","og_site_name":"Skaitytaknyga","article_publisher":"https:\/\/www.facebook.com\/skaitytaknyga\/","article_modified_time":"2024-05-03T07:30:13+00:00","og_image":[{"width":391,"height":512,"url":"https:\/\/skaitytaknyga.lt\/wp-content\/uploads\/2024\/05\/unnamed-8.jpg","type":"image\/jpeg"}],"twitter_card":"summary_large_image","twitter_misc":{"Estimated reading time":"1 minute"},"schema":{"@context":"https:\/\/schema.org","@graph":[{"@type":"WebPage","@id":"https:\/\/skaitytaknyga.lt\/produktas\/donaldas-ir-kiti-neatpazintas-skraidantis-objektas-ir-gryno-aukso-planeta\/","url":"https:\/\/skaitytaknyga.lt\/produktas\/donaldas-ir-kiti-neatpazintas-skraidantis-objektas-ir-gryno-aukso-planeta\/","name":"Donaldas ir kiti. Neatpa\u017eintas skraidantis objektas ir gryno aukso planeta - Skaitytaknyga","isPartOf":{"@id":"https:\/\/skaitytaknyga.lt\/#website"},"primaryImageOfPage":{"@id":"https:\/\/skaitytaknyga.lt\/produktas\/donaldas-ir-kiti-neatpazintas-skraidantis-objektas-ir-gryno-aukso-planeta\/#primaryimage"},"image":{"@id":"https:\/\/skaitytaknyga.lt\/produktas\/donaldas-ir-kiti-neatpazintas-skraidantis-objektas-ir-gryno-aukso-planeta\/#primaryimage"},"thumbnailUrl":"https:\/\/skaitytaknyga.lt\/wp-content\/uploads\/2024\/05\/unnamed-8.jpg","datePublished":"2024-05-02T13:57:57+00:00","dateModified":"2024-05-03T07:30:13+00:00","description":"Patek\u0119s \u012f aukso planet\u0105 Skrud\u017eas Makdakas i\u0161 laim\u0117s trina rankas, bet susiduria su piktais \u010diabuviais. Donaldas skund\u017eiasi \u0161lav\u0117jo darbu, bet netik\u0117tai patek\u0119s \u012f ateit\u012f ima did\u017eiuotis savo profesija, o nusipirk\u0119s senovin\u012f kilim\u0105 jis negali patik\u0117ti savo akimis - kilimas skraido! Gero skaitymo!","breadcrumb":{"@id":"https:\/\/skaitytaknyga.lt\/produktas\/donaldas-ir-kiti-neatpazintas-skraidantis-objektas-ir-gryno-aukso-planeta\/#breadcrumb"},"inLanguage":"en-GB","potentialAction":[{"@type":"ReadAction","target":["https:\/\/skaitytaknyga.lt\/produktas\/donaldas-ir-kiti-neatpazintas-skraidantis-objektas-ir-gryno-aukso-planeta\/"]}]},{"@type":"ImageObject","inLanguage":"en-GB","@id":"https:\/\/skaitytaknyga.lt\/produktas\/donaldas-ir-kiti-neatpazintas-skraidantis-objektas-ir-gryno-aukso-planeta\/#primaryimage","url":"https:\/\/skaitytaknyga.lt\/wp-content\/uploads\/2024\/05\/unnamed-8.jpg","contentUrl":"https:\/\/skaitytaknyga.lt\/wp-content\/uploads\/2024\/05\/unnamed-8.jpg","width":391,"height":512},{"@type":"BreadcrumbList","@id":"https:\/\/skaitytaknyga.lt\/produktas\/donaldas-ir-kiti-neatpazintas-skraidantis-objektas-ir-gryno-aukso-planeta\/#breadcrumb","itemListElement":[{"@type":"ListItem","position":1,"name":"Home","item":"https:\/\/skaitytaknyga.lt\/"},{"@type":"ListItem","position":2,"name":"Parduotuv\u0117","item":"https:\/\/skaitytaknyga.lt\/knygu-parduotuve\/"},{"@type":"ListItem","position":3,"name":"Donaldas ir kiti. Neatpa\u017eintas skraidantis objektas ir gryno aukso planeta"}]},{"@type":"WebSite","@id":"https:\/\/skaitytaknyga.lt\/#website","url":"https:\/\/skaitytaknyga.lt\/","name":"skaitytaknyga.lt","description":"Skaitytaknyga.lt \u2013 tai ma\u017eas \u0161eimos verslas, kuris prasid\u0117jo nuo meil\u0117s knygoms ir siekio i\u0161gelb\u0117ti knygas nuo likimo prie konteinerio. Kas vienam nereikalingas daiktas \u2013 kitam lobis, o mes esame tarpininkai, kurie padeda abiems tapti laimingesniems ???? \u017dinome kaip nelengva i\u0161gyventi ma\u017eiems verslams, tad nuo \u0161iol, \u010dia rasite ir kit\u0173, ma\u017e\u0173 \u0161eim\u0173 versl\u0173, rank\u0173 darbo, dovan\u0173 sau ir artimiesiems.","publisher":{"@id":"https:\/\/skaitytaknyga.lt\/#organization"},"potentialAction":[{"@type":"SearchAction","target":{"@type":"EntryPoint","urlTemplate":"https:\/\/skaitytaknyga.lt\/?s={search_term_string}"},"query-input":{"@type":"PropertyValueSpecification","valueRequired":true,"valueName":"search_term_string"}}],"inLanguage":"en-GB"},{"@type":"Organization","@id":"https:\/\/skaitytaknyga.lt\/#organization","name":"skaitytaknyga.lt","url":"https:\/\/skaitytaknyga.lt\/","logo":{"@type":"ImageObject","inLanguage":"en-GB","@id":"https:\/\/skaitytaknyga.lt\/#\/schema\/logo\/image\/","url":"https:\/\/skaitytaknyga.lt\/wp-content\/uploads\/2024\/05\/cropped-cropped-cropped-02_00843_jt3bggkj1j3HLc7SyY6rEUpg.jpeg","contentUrl":"https:\/\/skaitytaknyga.lt\/wp-content\/uploads\/2024\/05\/cropped-cropped-cropped-02_00843_jt3bggkj1j3HLc7SyY6rEUpg.jpeg","width":1600,"height":1600,"caption":"skaitytaknyga.lt"},"image":{"@id":"https:\/\/skaitytaknyga.lt\/#\/schema\/logo\/image\/"},"sameAs":["https:\/\/www.facebook.com\/skaitytaknyga\/"]}]}},"_links":{"self":[{"href":"https:\/\/skaitytaknyga.lt\/en\/wp-json\/wp\/v2\/product\/7103","targetHints":{"allow":["GET"]}}],"collection":[{"href":"https:\/\/skaitytaknyga.lt\/en\/wp-json\/wp\/v2\/product"}],"about":[{"href":"https:\/\/skaitytaknyga.lt\/en\/wp-json\/wp\/v2\/types\/product"}],"replies":[{"embeddable":true,"href":"https:\/\/skaitytaknyga.lt\/en\/wp-json\/wp\/v2\/comments?post=7103"}],"wp:featuredmedia":[{"embeddable":true,"href":"https:\/\/skaitytaknyga.lt\/en\/wp-json\/wp\/v2\/media\/7133"}],"wp:attachment":[{"href":"https:\/\/skaitytaknyga.lt\/en\/wp-json\/wp\/v2\/media?parent=7103"}],"wp:term":[{"taxonomy":"product_brand","embeddable":true,"href":"https:\/\/skaitytaknyga.lt\/en\/wp-json\/wp\/v2\/product_brand?post=7103"},{"taxonomy":"product_cat","embeddable":true,"href":"https:\/\/skaitytaknyga.lt\/en\/wp-json\/wp\/v2\/product_cat?post=7103"},{"taxonomy":"product_tag","embeddable":true,"href":"https:\/\/skaitytaknyga.lt\/en\/wp-json\/wp\/v2\/product_tag?post=7103"}],"curies":[{"name":"wp","href":"https:\/\/api.w.org\/{rel}","templated":true}]}}