{"id":7087,"date":"2024-05-02T13:38:03","date_gmt":"2024-05-02T13:38:03","guid":{"rendered":"https:\/\/skaitytaknyga.lt\/?post_type=product&#038;p=7087"},"modified":"2026-03-18T19:28:09","modified_gmt":"2026-03-18T17:28:09","slug":"j-kinney-nevykelio-dienorastis-1-salygas-diktuoja-rodrikas-pagelte-lapai","status":"publish","type":"product","link":"https:\/\/skaitytaknyga.lt\/en\/produktas\/j-kinney-nevykelio-dienorastis-1-salygas-diktuoja-rodrikas-pagelte-lapai\/","title":{"rendered":"Nevyk\u0117lio dienora\u0161tis 2. S\u0105lygas diktuoja Rodrikas"},"content":{"rendered":"<p>Tik jau neklauskite Grego Heflio, kaip pra\u0117jo vasaros atostogos. Jis visai nenori apie jas kalb\u0117ti.<\/p>\n<p>Prasid\u0117jus naujiems mokslo metams Gregas trok\u0161ta kuo grei\u010diau pamir\u0161ti tris vasaros m\u0117nesius. O ypa\u010d vien\u0105 \u012fvyk\u012f&#8230;<\/p>\n<p>Nelaimei, Grego vyresnysis brolis Rodrikas \u017eino, k\u0105 Gregas nor\u0117t\u0173 nusl\u0117pti. Ta\u010diau paslaptys tam ir yra, kad b\u016bt\u0173 atskleistos&#8230; Ypa\u010d jei jos susijusios su dienora\u0161\u010diu.<\/p>\n","protected":false},"excerpt":{"rendered":"<p>Tik jau neklauskite Grego Heflio, kaip pra\u0117jo vasaros atostogos. Jis visai nenori apie jas kalb\u0117ti.<\/p>\n<p>Prasid\u0117jus naujiems mokslo metams Gregas trok\u0161ta kuo grei\u010diau pamir\u0161ti tris vasaros m\u0117nesius. O ypa\u010d vien\u0105 \u012fvyk\u012f&#8230;<\/p>\n<p>Nelaimei, Grego vyresnysis brolis Rodrikas \u017eino, k\u0105 Gregas nor\u0117t\u0173 nusl\u0117pti. Ta\u010diau paslaptys tam ir yra, kad b\u016bt\u0173 atskleistos&#8230; Ypa\u010d jei jos susijusios su dienora\u0161\u010diu.<\/p>\n","protected":false},"featured_media":7099,"comment_status":"closed","ping_status":"closed","template":"","meta":{"_acf_changed":false,"site-sidebar-layout":"default","site-content-layout":"","ast-site-content-layout":"default","site-content-style":"default","site-sidebar-style":"default","ast-global-header-display":"","ast-banner-title-visibility":"","ast-main-header-display":"","ast-hfb-above-header-display":"","ast-hfb-below-header-display":"","ast-hfb-mobile-header-display":"","site-post-title":"","ast-breadcrumbs-content":"","ast-featured-img":"","footer-sml-layout":"","ast-disable-related-posts":"","theme-transparent-header-meta":"","adv-header-id-meta":"","stick-header-meta":"","header-above-stick-meta":"","header-main-stick-meta":"","header-below-stick-meta":"","astra-migrate-meta-layouts":"default","ast-page-background-enabled":"default","ast-page-background-meta":{"desktop":{"background-color":"","background-image":"","background-repeat":"repeat","background-position":"center center","background-size":"auto","background-attachment":"scroll","background-type":"","background-media":"","overlay-type":"","overlay-color":"","overlay-opacity":"","overlay-gradient":""},"tablet":{"background-color":"","background-image":"","background-repeat":"repeat","background-position":"center center","background-size":"auto","background-attachment":"scroll","background-type":"","background-media":"","overlay-type":"","overlay-color":"","overlay-opacity":"","overlay-gradient":""},"mobile":{"background-color":"","background-image":"","background-repeat":"repeat","background-position":"center center","background-size":"auto","background-attachment":"scroll","background-type":"","background-media":"","overlay-type":"","overlay-color":"","overlay-opacity":"","overlay-gradient":""}},"ast-content-background-meta":{"desktop":{"background-color":"var(--ast-global-color-4)","background-image":"","background-repeat":"repeat","background-position":"center center","background-size":"auto","background-attachment":"scroll","background-type":"","background-media":"","overlay-type":"","overlay-color":"","overlay-opacity":"","overlay-gradient":""},"tablet":{"background-color":"var(--ast-global-color-4)","background-image":"","background-repeat":"repeat","background-position":"center center","background-size":"auto","background-attachment":"scroll","background-type":"","background-media":"","overlay-type":"","overlay-color":"","overlay-opacity":"","overlay-gradient":""},"mobile":{"background-color":"var(--ast-global-color-4)","background-image":"","background-repeat":"repeat","background-position":"center center","background-size":"auto","background-attachment":"scroll","background-type":"","background-media":"","overlay-type":"","overlay-color":"","overlay-opacity":"","overlay-gradient":""}}},"product_brand":[],"product_cat":[9674],"product_tag":[1229],"class_list":{"0":"post-7087","1":"product","2":"type-product","3":"status-publish","4":"has-post-thumbnail","6":"product_cat-pradinukams","7":"product_tag-j-kinney","8":"desktop-align-left","9":"tablet-align-left","10":"mobile-align-left","12":"first","13":"instock","14":"featured","15":"shipping-taxable","16":"purchasable","17":"product-type-simple"},"acf":[],"yoast_head":"<!-- This site is optimized with the Yoast SEO plugin v27.0 - https:\/\/yoast.com\/product\/yoast-seo-wordpress\/ -->\n<title>Nevyk\u0117lio dienora\u0161tis 2. S\u0105lygas diktuoja Rodrikas<\/title>\n<meta name=\"description\" content=\"Tik jau neklauskite Grego Heflio, kaip pra\u0117jo vasaros atostogos. Jis visai nenori apie jas kalb\u0117ti.  Prasid\u0117jus naujiems mokslo metams Gregas trok\u0161ta kuo grei\u010diau pamir\u0161ti tris vasaros m\u0117nesius. O ypa\u010d vien\u0105 \u012fvyk\u012f...  Nelaimei, Grego vyresnysis brolis Rodrikas \u017eino, k\u0105 Gregas nor\u0117t\u0173 nusl\u0117pti. Ta\u010diau paslaptys tam ir yra, kad b\u016bt\u0173 atskleistos... Ypa\u010d jei jos susijusios su dienora\u0161\u010diu.\" \/>\n<meta name=\"robots\" content=\"index, follow, max-snippet:-1, max-image-preview:large, max-video-preview:-1\" \/>\n<link rel=\"canonical\" href=\"https:\/\/skaitytaknyga.lt\/en\/produktas\/j-kinney-nevykelio-dienorastis-1-salygas-diktuoja-rodrikas-pagelte-lapai\/\" \/>\n<meta property=\"og:locale\" content=\"en_GB\" \/>\n<meta property=\"og:locale:alternate\" content=\"lt_LT\" \/>\n<meta property=\"og:type\" content=\"article\" \/>\n<meta property=\"og:title\" content=\"Nevyk\u0117lio dienora\u0161tis 2. S\u0105lygas diktuoja Rodrikas\" \/>\n<meta property=\"og:description\" content=\"Tik jau neklauskite Grego Heflio, kaip pra\u0117jo vasaros atostogos. Jis visai nenori apie jas kalb\u0117ti.  Prasid\u0117jus naujiems mokslo metams Gregas trok\u0161ta kuo grei\u010diau pamir\u0161ti tris vasaros m\u0117nesius. O ypa\u010d vien\u0105 \u012fvyk\u012f...  Nelaimei, Grego vyresnysis brolis Rodrikas \u017eino, k\u0105 Gregas nor\u0117t\u0173 nusl\u0117pti. Ta\u010diau paslaptys tam ir yra, kad b\u016bt\u0173 atskleistos... Ypa\u010d jei jos susijusios su dienora\u0161\u010diu.\" \/>\n<meta property=\"og:url\" content=\"https:\/\/skaitytaknyga.lt\/en\/produktas\/j-kinney-nevykelio-dienorastis-1-salygas-diktuoja-rodrikas-pagelte-lapai\/\" \/>\n<meta property=\"og:site_name\" content=\"Skaitytaknyga\" \/>\n<meta property=\"article:publisher\" content=\"https:\/\/www.facebook.com\/skaitytaknyga\/\" \/>\n<meta property=\"article:modified_time\" content=\"2026-03-18T17:28:09+00:00\" \/>\n<meta property=\"og:image\" content=\"https:\/\/skaitytaknyga.lt\/wp-content\/uploads\/2024\/05\/nevykelio-dienorastis-2.jpg\" \/>\n\t<meta property=\"og:image:width\" content=\"297\" \/>\n\t<meta property=\"og:image:height\" content=\"430\" \/>\n\t<meta property=\"og:image:type\" content=\"image\/jpeg\" \/>\n<meta name=\"twitter:card\" content=\"summary_large_image\" \/>\n<meta name=\"twitter:label1\" content=\"Estimated reading time\" \/>\n\t<meta name=\"twitter:data1\" content=\"1 minute\" \/>\n<script type=\"application\/ld+json\" class=\"yoast-schema-graph\">{\"@context\":\"https:\/\/schema.org\",\"@graph\":[{\"@type\":\"WebPage\",\"@id\":\"https:\/\/skaitytaknyga.lt\/produktas\/j-kinney-nevykelio-dienorastis-1-salygas-diktuoja-rodrikas-pagelte-lapai\/\",\"url\":\"https:\/\/skaitytaknyga.lt\/produktas\/j-kinney-nevykelio-dienorastis-1-salygas-diktuoja-rodrikas-pagelte-lapai\/\",\"name\":\"Nevyk\u0117lio dienora\u0161tis 2. S\u0105lygas diktuoja Rodrikas\",\"isPartOf\":{\"@id\":\"https:\/\/skaitytaknyga.lt\/#website\"},\"primaryImageOfPage\":{\"@id\":\"https:\/\/skaitytaknyga.lt\/produktas\/j-kinney-nevykelio-dienorastis-1-salygas-diktuoja-rodrikas-pagelte-lapai\/#primaryimage\"},\"image\":{\"@id\":\"https:\/\/skaitytaknyga.lt\/produktas\/j-kinney-nevykelio-dienorastis-1-salygas-diktuoja-rodrikas-pagelte-lapai\/#primaryimage\"},\"thumbnailUrl\":\"https:\/\/skaitytaknyga.lt\/wp-content\/uploads\/2024\/05\/nevykelio-dienorastis-2.jpg\",\"datePublished\":\"2024-05-02T13:38:03+00:00\",\"dateModified\":\"2026-03-18T17:28:09+00:00\",\"description\":\"Tik jau neklauskite Grego Heflio, kaip pra\u0117jo vasaros atostogos. Jis visai nenori apie jas kalb\u0117ti. Prasid\u0117jus naujiems mokslo metams Gregas trok\u0161ta kuo grei\u010diau pamir\u0161ti tris vasaros m\u0117nesius. O ypa\u010d vien\u0105 \u012fvyk\u012f... Nelaimei, Grego vyresnysis brolis Rodrikas \u017eino, k\u0105 Gregas nor\u0117t\u0173 nusl\u0117pti. Ta\u010diau paslaptys tam ir yra, kad b\u016bt\u0173 atskleistos... Ypa\u010d jei jos susijusios su dienora\u0161\u010diu.\",\"breadcrumb\":{\"@id\":\"https:\/\/skaitytaknyga.lt\/produktas\/j-kinney-nevykelio-dienorastis-1-salygas-diktuoja-rodrikas-pagelte-lapai\/#breadcrumb\"},\"inLanguage\":\"en-GB\",\"potentialAction\":[{\"@type\":\"ReadAction\",\"target\":[\"https:\/\/skaitytaknyga.lt\/produktas\/j-kinney-nevykelio-dienorastis-1-salygas-diktuoja-rodrikas-pagelte-lapai\/\"]}]},{\"@type\":\"ImageObject\",\"inLanguage\":\"en-GB\",\"@id\":\"https:\/\/skaitytaknyga.lt\/produktas\/j-kinney-nevykelio-dienorastis-1-salygas-diktuoja-rodrikas-pagelte-lapai\/#primaryimage\",\"url\":\"https:\/\/skaitytaknyga.lt\/wp-content\/uploads\/2024\/05\/nevykelio-dienorastis-2.jpg\",\"contentUrl\":\"https:\/\/skaitytaknyga.lt\/wp-content\/uploads\/2024\/05\/nevykelio-dienorastis-2.jpg\",\"width\":297,\"height\":430},{\"@type\":\"BreadcrumbList\",\"@id\":\"https:\/\/skaitytaknyga.lt\/produktas\/j-kinney-nevykelio-dienorastis-1-salygas-diktuoja-rodrikas-pagelte-lapai\/#breadcrumb\",\"itemListElement\":[{\"@type\":\"ListItem\",\"position\":1,\"name\":\"Home\",\"item\":\"https:\/\/skaitytaknyga.lt\/\"},{\"@type\":\"ListItem\",\"position\":2,\"name\":\"Parduotuv\u0117\",\"item\":\"https:\/\/skaitytaknyga.lt\/knygu-parduotuve\/\"},{\"@type\":\"ListItem\",\"position\":3,\"name\":\"Nevyk\u0117lio dienora\u0161tis 2. S\u0105lygas diktuoja Rodrikas\"}]},{\"@type\":\"WebSite\",\"@id\":\"https:\/\/skaitytaknyga.lt\/#website\",\"url\":\"https:\/\/skaitytaknyga.lt\/\",\"name\":\"skaitytaknyga.lt\",\"description\":\"Skaitytaknyga.lt \u2013 tai ma\u017eas \u0161eimos verslas, kuris prasid\u0117jo nuo meil\u0117s knygoms ir siekio i\u0161gelb\u0117ti knygas nuo likimo prie konteinerio. Kas vienam nereikalingas daiktas \u2013 kitam lobis, o mes esame tarpininkai, kurie padeda abiems tapti laimingesniems ???? \u017dinome kaip nelengva i\u0161gyventi ma\u017eiems verslams, tad nuo \u0161iol, \u010dia rasite ir kit\u0173, ma\u017e\u0173 \u0161eim\u0173 versl\u0173, rank\u0173 darbo, dovan\u0173 sau ir artimiesiems.\",\"publisher\":{\"@id\":\"https:\/\/skaitytaknyga.lt\/#organization\"},\"potentialAction\":[{\"@type\":\"SearchAction\",\"target\":{\"@type\":\"EntryPoint\",\"urlTemplate\":\"https:\/\/skaitytaknyga.lt\/?s={search_term_string}\"},\"query-input\":{\"@type\":\"PropertyValueSpecification\",\"valueRequired\":true,\"valueName\":\"search_term_string\"}}],\"inLanguage\":\"en-GB\"},{\"@type\":\"Organization\",\"@id\":\"https:\/\/skaitytaknyga.lt\/#organization\",\"name\":\"skaitytaknyga.lt\",\"url\":\"https:\/\/skaitytaknyga.lt\/\",\"logo\":{\"@type\":\"ImageObject\",\"inLanguage\":\"en-GB\",\"@id\":\"https:\/\/skaitytaknyga.lt\/#\/schema\/logo\/image\/\",\"url\":\"https:\/\/skaitytaknyga.lt\/wp-content\/uploads\/2024\/05\/cropped-cropped-cropped-02_00843_jt3bggkj1j3HLc7SyY6rEUpg.jpeg\",\"contentUrl\":\"https:\/\/skaitytaknyga.lt\/wp-content\/uploads\/2024\/05\/cropped-cropped-cropped-02_00843_jt3bggkj1j3HLc7SyY6rEUpg.jpeg\",\"width\":1600,\"height\":1600,\"caption\":\"skaitytaknyga.lt\"},\"image\":{\"@id\":\"https:\/\/skaitytaknyga.lt\/#\/schema\/logo\/image\/\"},\"sameAs\":[\"https:\/\/www.facebook.com\/skaitytaknyga\/\"]}]}<\/script>\n<!-- \/ Yoast SEO plugin. -->","yoast_head_json":{"title":"Nevyk\u0117lio dienora\u0161tis 2. S\u0105lygas diktuoja Rodrikas","description":"Tik jau neklauskite Grego Heflio, kaip pra\u0117jo vasaros atostogos. Jis visai nenori apie jas kalb\u0117ti.  Prasid\u0117jus naujiems mokslo metams Gregas trok\u0161ta kuo grei\u010diau pamir\u0161ti tris vasaros m\u0117nesius. O ypa\u010d vien\u0105 \u012fvyk\u012f...  Nelaimei, Grego vyresnysis brolis Rodrikas \u017eino, k\u0105 Gregas nor\u0117t\u0173 nusl\u0117pti. Ta\u010diau paslaptys tam ir yra, kad b\u016bt\u0173 atskleistos... Ypa\u010d jei jos susijusios su dienora\u0161\u010diu.","robots":{"index":"index","follow":"follow","max-snippet":"max-snippet:-1","max-image-preview":"max-image-preview:large","max-video-preview":"max-video-preview:-1"},"canonical":"https:\/\/skaitytaknyga.lt\/en\/produktas\/j-kinney-nevykelio-dienorastis-1-salygas-diktuoja-rodrikas-pagelte-lapai\/","og_locale":"en_GB","og_type":"article","og_title":"[:lt]Nevyk\u0117lio dienora\u0161tis 2. S\u0105lygas diktuoja Rodrikas[:] - Skaitytaknyga","og_description":"Tik jau neklauskite Grego Heflio, kaip pra\u0117jo vasaros atostogos. Jis visai nenori apie jas kalb\u0117ti.  Prasid\u0117jus naujiems mokslo metams Gregas trok\u0161ta kuo grei\u010diau pamir\u0161ti tris vasaros m\u0117nesius. O ypa\u010d vien\u0105 \u012fvyk\u012f...  Nelaimei, Grego vyresnysis brolis Rodrikas \u017eino, k\u0105 Gregas nor\u0117t\u0173 nusl\u0117pti. Ta\u010diau paslaptys tam ir yra, kad b\u016bt\u0173 atskleistos... Ypa\u010d jei jos susijusios su dienora\u0161\u010diu.","og_url":"https:\/\/skaitytaknyga.lt\/en\/produktas\/j-kinney-nevykelio-dienorastis-1-salygas-diktuoja-rodrikas-pagelte-lapai\/","og_site_name":"Skaitytaknyga","article_publisher":"https:\/\/www.facebook.com\/skaitytaknyga\/","article_modified_time":"2026-03-18T17:28:09+00:00","og_image":[{"width":297,"height":430,"url":"https:\/\/skaitytaknyga.lt\/wp-content\/uploads\/2024\/05\/nevykelio-dienorastis-2.jpg","type":"image\/jpeg"}],"twitter_card":"summary_large_image","twitter_misc":{"Estimated reading time":"1 minute"},"schema":{"@context":"https:\/\/schema.org","@graph":[{"@type":"WebPage","@id":"https:\/\/skaitytaknyga.lt\/produktas\/j-kinney-nevykelio-dienorastis-1-salygas-diktuoja-rodrikas-pagelte-lapai\/","url":"https:\/\/skaitytaknyga.lt\/produktas\/j-kinney-nevykelio-dienorastis-1-salygas-diktuoja-rodrikas-pagelte-lapai\/","name":"Nevyk\u0117lio dienora\u0161tis 2. S\u0105lygas diktuoja Rodrikas","isPartOf":{"@id":"https:\/\/skaitytaknyga.lt\/#website"},"primaryImageOfPage":{"@id":"https:\/\/skaitytaknyga.lt\/produktas\/j-kinney-nevykelio-dienorastis-1-salygas-diktuoja-rodrikas-pagelte-lapai\/#primaryimage"},"image":{"@id":"https:\/\/skaitytaknyga.lt\/produktas\/j-kinney-nevykelio-dienorastis-1-salygas-diktuoja-rodrikas-pagelte-lapai\/#primaryimage"},"thumbnailUrl":"https:\/\/skaitytaknyga.lt\/wp-content\/uploads\/2024\/05\/nevykelio-dienorastis-2.jpg","datePublished":"2024-05-02T13:38:03+00:00","dateModified":"2026-03-18T17:28:09+00:00","description":"Tik jau neklauskite Grego Heflio, kaip pra\u0117jo vasaros atostogos. Jis visai nenori apie jas kalb\u0117ti. Prasid\u0117jus naujiems mokslo metams Gregas trok\u0161ta kuo grei\u010diau pamir\u0161ti tris vasaros m\u0117nesius. O ypa\u010d vien\u0105 \u012fvyk\u012f... Nelaimei, Grego vyresnysis brolis Rodrikas \u017eino, k\u0105 Gregas nor\u0117t\u0173 nusl\u0117pti. Ta\u010diau paslaptys tam ir yra, kad b\u016bt\u0173 atskleistos... Ypa\u010d jei jos susijusios su dienora\u0161\u010diu.","breadcrumb":{"@id":"https:\/\/skaitytaknyga.lt\/produktas\/j-kinney-nevykelio-dienorastis-1-salygas-diktuoja-rodrikas-pagelte-lapai\/#breadcrumb"},"inLanguage":"en-GB","potentialAction":[{"@type":"ReadAction","target":["https:\/\/skaitytaknyga.lt\/produktas\/j-kinney-nevykelio-dienorastis-1-salygas-diktuoja-rodrikas-pagelte-lapai\/"]}]},{"@type":"ImageObject","inLanguage":"en-GB","@id":"https:\/\/skaitytaknyga.lt\/produktas\/j-kinney-nevykelio-dienorastis-1-salygas-diktuoja-rodrikas-pagelte-lapai\/#primaryimage","url":"https:\/\/skaitytaknyga.lt\/wp-content\/uploads\/2024\/05\/nevykelio-dienorastis-2.jpg","contentUrl":"https:\/\/skaitytaknyga.lt\/wp-content\/uploads\/2024\/05\/nevykelio-dienorastis-2.jpg","width":297,"height":430},{"@type":"BreadcrumbList","@id":"https:\/\/skaitytaknyga.lt\/produktas\/j-kinney-nevykelio-dienorastis-1-salygas-diktuoja-rodrikas-pagelte-lapai\/#breadcrumb","itemListElement":[{"@type":"ListItem","position":1,"name":"Home","item":"https:\/\/skaitytaknyga.lt\/"},{"@type":"ListItem","position":2,"name":"Parduotuv\u0117","item":"https:\/\/skaitytaknyga.lt\/knygu-parduotuve\/"},{"@type":"ListItem","position":3,"name":"Nevyk\u0117lio dienora\u0161tis 2. S\u0105lygas diktuoja Rodrikas"}]},{"@type":"WebSite","@id":"https:\/\/skaitytaknyga.lt\/#website","url":"https:\/\/skaitytaknyga.lt\/","name":"skaitytaknyga.lt","description":"Skaitytaknyga.lt \u2013 tai ma\u017eas \u0161eimos verslas, kuris prasid\u0117jo nuo meil\u0117s knygoms ir siekio i\u0161gelb\u0117ti knygas nuo likimo prie konteinerio. Kas vienam nereikalingas daiktas \u2013 kitam lobis, o mes esame tarpininkai, kurie padeda abiems tapti laimingesniems ???? \u017dinome kaip nelengva i\u0161gyventi ma\u017eiems verslams, tad nuo \u0161iol, \u010dia rasite ir kit\u0173, ma\u017e\u0173 \u0161eim\u0173 versl\u0173, rank\u0173 darbo, dovan\u0173 sau ir artimiesiems.","publisher":{"@id":"https:\/\/skaitytaknyga.lt\/#organization"},"potentialAction":[{"@type":"SearchAction","target":{"@type":"EntryPoint","urlTemplate":"https:\/\/skaitytaknyga.lt\/?s={search_term_string}"},"query-input":{"@type":"PropertyValueSpecification","valueRequired":true,"valueName":"search_term_string"}}],"inLanguage":"en-GB"},{"@type":"Organization","@id":"https:\/\/skaitytaknyga.lt\/#organization","name":"skaitytaknyga.lt","url":"https:\/\/skaitytaknyga.lt\/","logo":{"@type":"ImageObject","inLanguage":"en-GB","@id":"https:\/\/skaitytaknyga.lt\/#\/schema\/logo\/image\/","url":"https:\/\/skaitytaknyga.lt\/wp-content\/uploads\/2024\/05\/cropped-cropped-cropped-02_00843_jt3bggkj1j3HLc7SyY6rEUpg.jpeg","contentUrl":"https:\/\/skaitytaknyga.lt\/wp-content\/uploads\/2024\/05\/cropped-cropped-cropped-02_00843_jt3bggkj1j3HLc7SyY6rEUpg.jpeg","width":1600,"height":1600,"caption":"skaitytaknyga.lt"},"image":{"@id":"https:\/\/skaitytaknyga.lt\/#\/schema\/logo\/image\/"},"sameAs":["https:\/\/www.facebook.com\/skaitytaknyga\/"]}]}},"_links":{"self":[{"href":"https:\/\/skaitytaknyga.lt\/en\/wp-json\/wp\/v2\/product\/7087","targetHints":{"allow":["GET"]}}],"collection":[{"href":"https:\/\/skaitytaknyga.lt\/en\/wp-json\/wp\/v2\/product"}],"about":[{"href":"https:\/\/skaitytaknyga.lt\/en\/wp-json\/wp\/v2\/types\/product"}],"replies":[{"embeddable":true,"href":"https:\/\/skaitytaknyga.lt\/en\/wp-json\/wp\/v2\/comments?post=7087"}],"wp:featuredmedia":[{"embeddable":true,"href":"https:\/\/skaitytaknyga.lt\/en\/wp-json\/wp\/v2\/media\/7099"}],"wp:attachment":[{"href":"https:\/\/skaitytaknyga.lt\/en\/wp-json\/wp\/v2\/media?parent=7087"}],"wp:term":[{"taxonomy":"product_brand","embeddable":true,"href":"https:\/\/skaitytaknyga.lt\/en\/wp-json\/wp\/v2\/product_brand?post=7087"},{"taxonomy":"product_cat","embeddable":true,"href":"https:\/\/skaitytaknyga.lt\/en\/wp-json\/wp\/v2\/product_cat?post=7087"},{"taxonomy":"product_tag","embeddable":true,"href":"https:\/\/skaitytaknyga.lt\/en\/wp-json\/wp\/v2\/product_tag?post=7087"}],"curies":[{"name":"wp","href":"https:\/\/api.w.org\/{rel}","templated":true}]}}