{"id":7076,"date":"2024-05-02T13:37:40","date_gmt":"2024-05-02T13:37:40","guid":{"rendered":"https:\/\/skaitytaknyga.lt\/?post_type=product&#038;p=7076"},"modified":"2025-04-29T10:00:42","modified_gmt":"2025-04-29T07:00:42","slug":"ragana-lile-ir-uzburtas-kardas-10-oji-knyga","status":"publish","type":"product","link":"https:\/\/skaitytaknyga.lt\/en\/produktas\/ragana-lile-ir-uzburtas-kardas-10-oji-knyga\/","title":{"rendered":"Ragana Lil\u0117 ir u\u017eburtas kardas. 10-oji knyga"},"content":{"rendered":"<p>Nuo to laiko, kai prie savo lovos rado burt\u0173 knyg\u0105, did\u017eiausias Lil\u0117s d\u017eiaugsmas \u2013 burti. Ta\u010diau burt\u0173 pasekm\u0117s da\u017enai b\u016bna netik\u0117tos. \u0160\u012fkart Lil\u0117 nukeliauja \u012f viduram\u017eius. Ir \u0161e tau \u2013 ji atsiduria pilyje, kuri tuo metu kaip tik apgulta prie\u0161\u0173. Ta\u010diau Lil\u0117 b\u016bt\u0173 ne Lil\u0117, jeigu nerast\u0173 i\u0161eities. Tik Juodasis Riteris, b\u0117da, labai galingas. Ar ji i\u0161dr\u012fs stoti prie\u0161 j\u012f su u\u017eburtu kardu rankoje? Ir kaip ten yra su tuo ugniniu drakonu, saugan\u010diu kard\u0105?<\/p>\n","protected":false},"excerpt":{"rendered":"<p>Nuo to laiko, kai prie savo lovos rado burt\u0173 knyg\u0105, did\u017eiausias Lil\u0117s d\u017eiaugsmas \u2013 burti. Ta\u010diau burt\u0173 pasekm\u0117s da\u017enai b\u016bna netik\u0117tos. \u0160\u012fkart Lil\u0117 nukeliauja \u012f viduram\u017eius. Ir \u0161e tau \u2013 ji atsiduria pilyje, kuri tuo metu kaip tik apgulta prie\u0161\u0173. Ta\u010diau Lil\u0117 b\u016bt\u0173 ne Lil\u0117, jeigu nerast\u0173 i\u0161eities. Tik Juodasis Riteris, b\u0117da, labai galingas. Ar ji i\u0161dr\u012fs stoti prie\u0161 j\u012f su u\u017eburtu kardu rankoje? Ir kaip ten yra su tuo ugniniu drakonu, saugan\u010diu kard\u0105?<\/p>\n","protected":false},"featured_media":7092,"comment_status":"closed","ping_status":"closed","template":"","meta":{"_acf_changed":false,"site-sidebar-layout":"default","site-content-layout":"","ast-site-content-layout":"default","site-content-style":"default","site-sidebar-style":"default","ast-global-header-display":"","ast-banner-title-visibility":"","ast-main-header-display":"","ast-hfb-above-header-display":"","ast-hfb-below-header-display":"","ast-hfb-mobile-header-display":"","site-post-title":"","ast-breadcrumbs-content":"","ast-featured-img":"","footer-sml-layout":"","ast-disable-related-posts":"","theme-transparent-header-meta":"","adv-header-id-meta":"","stick-header-meta":"","header-above-stick-meta":"","header-main-stick-meta":"","header-below-stick-meta":"","astra-migrate-meta-layouts":"default","ast-page-background-enabled":"default","ast-page-background-meta":{"desktop":{"background-color":"","background-image":"","background-repeat":"repeat","background-position":"center center","background-size":"auto","background-attachment":"scroll","background-type":"","background-media":"","overlay-type":"","overlay-color":"","overlay-opacity":"","overlay-gradient":""},"tablet":{"background-color":"","background-image":"","background-repeat":"repeat","background-position":"center center","background-size":"auto","background-attachment":"scroll","background-type":"","background-media":"","overlay-type":"","overlay-color":"","overlay-opacity":"","overlay-gradient":""},"mobile":{"background-color":"","background-image":"","background-repeat":"repeat","background-position":"center center","background-size":"auto","background-attachment":"scroll","background-type":"","background-media":"","overlay-type":"","overlay-color":"","overlay-opacity":"","overlay-gradient":""}},"ast-content-background-meta":{"desktop":{"background-color":"var(--ast-global-color-4)","background-image":"","background-repeat":"repeat","background-position":"center center","background-size":"auto","background-attachment":"scroll","background-type":"","background-media":"","overlay-type":"","overlay-color":"","overlay-opacity":"","overlay-gradient":""},"tablet":{"background-color":"var(--ast-global-color-4)","background-image":"","background-repeat":"repeat","background-position":"center center","background-size":"auto","background-attachment":"scroll","background-type":"","background-media":"","overlay-type":"","overlay-color":"","overlay-opacity":"","overlay-gradient":""},"mobile":{"background-color":"var(--ast-global-color-4)","background-image":"","background-repeat":"repeat","background-position":"center center","background-size":"auto","background-attachment":"scroll","background-type":"","background-media":"","overlay-type":"","overlay-color":"","overlay-opacity":"","overlay-gradient":""}}},"product_brand":[],"product_cat":[35],"product_tag":[],"class_list":{"0":"post-7076","1":"product","2":"type-product","3":"status-publish","4":"has-post-thumbnail","6":"product_cat-vaikams-ir-paaugliams","7":"desktop-align-left","8":"tablet-align-left","9":"mobile-align-left","11":"first","12":"outofstock","13":"shipping-taxable","14":"purchasable","15":"product-type-simple"},"acf":[],"yoast_head":"<!-- This site is optimized with the Yoast SEO plugin v27.0 - https:\/\/yoast.com\/product\/yoast-seo-wordpress\/ -->\n<title>Ragana Lil\u0117 ir u\u017eburtas kardas. 10-oji knyga - Skaitytaknyga<\/title>\n<meta name=\"description\" content=\"Nuo to laiko, kai prie savo lovos rado burt\u0173 knyg\u0105, did\u017eiausias Lil\u0117s d\u017eiaugsmas \u2013 burti. Ta\u010diau burt\u0173 pasekm\u0117s da\u017enai b\u016bna netik\u0117tos. \u0160\u012fkart Lil\u0117 nukeliauja \u012f viduram\u017eius. Ir \u0161e tau \u2013 ji atsiduria pilyje, kuri tuo metu kaip tik apgulta prie\u0161\u0173. Ta\u010diau Lil\u0117 b\u016bt\u0173 ne Lil\u0117, jeigu nerast\u0173 i\u0161eities. Tik Juodasis Riteris, b\u0117da, labai galingas. Ar ji i\u0161dr\u012fs stoti prie\u0161 j\u012f su u\u017eburtu kardu rankoje? Ir kaip ten yra su tuo ugniniu drakonu, saugan\u010diu kard\u0105?\" \/>\n<meta name=\"robots\" content=\"index, follow, max-snippet:-1, max-image-preview:large, max-video-preview:-1\" \/>\n<link rel=\"canonical\" href=\"https:\/\/skaitytaknyga.lt\/en\/produktas\/ragana-lile-ir-uzburtas-kardas-10-oji-knyga\/\" \/>\n<meta property=\"og:locale\" content=\"en_GB\" \/>\n<meta property=\"og:locale:alternate\" content=\"lt_LT\" \/>\n<meta property=\"og:type\" content=\"article\" \/>\n<meta property=\"og:title\" content=\"Ragana Lil\u0117 ir u\u017eburtas kardas. 10-oji knyga - Skaitytaknyga\" \/>\n<meta property=\"og:description\" content=\"Nuo to laiko, kai prie savo lovos rado burt\u0173 knyg\u0105, did\u017eiausias Lil\u0117s d\u017eiaugsmas \u2013 burti. Ta\u010diau burt\u0173 pasekm\u0117s da\u017enai b\u016bna netik\u0117tos. \u0160\u012fkart Lil\u0117 nukeliauja \u012f viduram\u017eius. Ir \u0161e tau \u2013 ji atsiduria pilyje, kuri tuo metu kaip tik apgulta prie\u0161\u0173. Ta\u010diau Lil\u0117 b\u016bt\u0173 ne Lil\u0117, jeigu nerast\u0173 i\u0161eities. Tik Juodasis Riteris, b\u0117da, labai galingas. Ar ji i\u0161dr\u012fs stoti prie\u0161 j\u012f su u\u017eburtu kardu rankoje? Ir kaip ten yra su tuo ugniniu drakonu, saugan\u010diu kard\u0105?\" \/>\n<meta property=\"og:url\" content=\"https:\/\/skaitytaknyga.lt\/en\/produktas\/ragana-lile-ir-uzburtas-kardas-10-oji-knyga\/\" \/>\n<meta property=\"og:site_name\" content=\"Skaitytaknyga\" \/>\n<meta property=\"article:publisher\" content=\"https:\/\/www.facebook.com\/skaitytaknyga\/\" \/>\n<meta property=\"article:modified_time\" content=\"2025-04-29T07:00:42+00:00\" \/>\n<meta property=\"og:image\" content=\"https:\/\/skaitytaknyga.lt\/wp-content\/uploads\/2024\/05\/1462874755_raganalileiruzbutaskaardas.jpg\" \/>\n\t<meta property=\"og:image:width\" content=\"304\" \/>\n\t<meta property=\"og:image:height\" content=\"430\" \/>\n\t<meta property=\"og:image:type\" content=\"image\/jpeg\" \/>\n<meta name=\"twitter:card\" content=\"summary_large_image\" \/>\n<meta name=\"twitter:label1\" content=\"Estimated reading time\" \/>\n\t<meta name=\"twitter:data1\" content=\"1 minute\" \/>\n<script type=\"application\/ld+json\" class=\"yoast-schema-graph\">{\"@context\":\"https:\/\/schema.org\",\"@graph\":[{\"@type\":\"WebPage\",\"@id\":\"https:\/\/skaitytaknyga.lt\/produktas\/ragana-lile-ir-uzburtas-kardas-10-oji-knyga\/\",\"url\":\"https:\/\/skaitytaknyga.lt\/produktas\/ragana-lile-ir-uzburtas-kardas-10-oji-knyga\/\",\"name\":\"Ragana Lil\u0117 ir u\u017eburtas kardas. 10-oji knyga - Skaitytaknyga\",\"isPartOf\":{\"@id\":\"https:\/\/skaitytaknyga.lt\/#website\"},\"primaryImageOfPage\":{\"@id\":\"https:\/\/skaitytaknyga.lt\/produktas\/ragana-lile-ir-uzburtas-kardas-10-oji-knyga\/#primaryimage\"},\"image\":{\"@id\":\"https:\/\/skaitytaknyga.lt\/produktas\/ragana-lile-ir-uzburtas-kardas-10-oji-knyga\/#primaryimage\"},\"thumbnailUrl\":\"https:\/\/skaitytaknyga.lt\/wp-content\/uploads\/2024\/05\/1462874755_raganalileiruzbutaskaardas.jpg\",\"datePublished\":\"2024-05-02T13:37:40+00:00\",\"dateModified\":\"2025-04-29T07:00:42+00:00\",\"description\":\"Nuo to laiko, kai prie savo lovos rado burt\u0173 knyg\u0105, did\u017eiausias Lil\u0117s d\u017eiaugsmas \u2013 burti. Ta\u010diau burt\u0173 pasekm\u0117s da\u017enai b\u016bna netik\u0117tos. \u0160\u012fkart Lil\u0117 nukeliauja \u012f viduram\u017eius. Ir \u0161e tau \u2013 ji atsiduria pilyje, kuri tuo metu kaip tik apgulta prie\u0161\u0173. Ta\u010diau Lil\u0117 b\u016bt\u0173 ne Lil\u0117, jeigu nerast\u0173 i\u0161eities. Tik Juodasis Riteris, b\u0117da, labai galingas. Ar ji i\u0161dr\u012fs stoti prie\u0161 j\u012f su u\u017eburtu kardu rankoje? Ir kaip ten yra su tuo ugniniu drakonu, saugan\u010diu kard\u0105?\",\"breadcrumb\":{\"@id\":\"https:\/\/skaitytaknyga.lt\/produktas\/ragana-lile-ir-uzburtas-kardas-10-oji-knyga\/#breadcrumb\"},\"inLanguage\":\"en-GB\",\"potentialAction\":[{\"@type\":\"ReadAction\",\"target\":[\"https:\/\/skaitytaknyga.lt\/produktas\/ragana-lile-ir-uzburtas-kardas-10-oji-knyga\/\"]}]},{\"@type\":\"ImageObject\",\"inLanguage\":\"en-GB\",\"@id\":\"https:\/\/skaitytaknyga.lt\/produktas\/ragana-lile-ir-uzburtas-kardas-10-oji-knyga\/#primaryimage\",\"url\":\"https:\/\/skaitytaknyga.lt\/wp-content\/uploads\/2024\/05\/1462874755_raganalileiruzbutaskaardas.jpg\",\"contentUrl\":\"https:\/\/skaitytaknyga.lt\/wp-content\/uploads\/2024\/05\/1462874755_raganalileiruzbutaskaardas.jpg\",\"width\":304,\"height\":430},{\"@type\":\"BreadcrumbList\",\"@id\":\"https:\/\/skaitytaknyga.lt\/produktas\/ragana-lile-ir-uzburtas-kardas-10-oji-knyga\/#breadcrumb\",\"itemListElement\":[{\"@type\":\"ListItem\",\"position\":1,\"name\":\"Home\",\"item\":\"https:\/\/skaitytaknyga.lt\/\"},{\"@type\":\"ListItem\",\"position\":2,\"name\":\"Parduotuv\u0117\",\"item\":\"https:\/\/skaitytaknyga.lt\/knygu-parduotuve\/\"},{\"@type\":\"ListItem\",\"position\":3,\"name\":\"Ragana Lil\u0117 ir u\u017eburtas kardas. 10-oji knyga\"}]},{\"@type\":\"WebSite\",\"@id\":\"https:\/\/skaitytaknyga.lt\/#website\",\"url\":\"https:\/\/skaitytaknyga.lt\/\",\"name\":\"skaitytaknyga.lt\",\"description\":\"Skaitytaknyga.lt \u2013 tai ma\u017eas \u0161eimos verslas, kuris prasid\u0117jo nuo meil\u0117s knygoms ir siekio i\u0161gelb\u0117ti knygas nuo likimo prie konteinerio. Kas vienam nereikalingas daiktas \u2013 kitam lobis, o mes esame tarpininkai, kurie padeda abiems tapti laimingesniems ???? \u017dinome kaip nelengva i\u0161gyventi ma\u017eiems verslams, tad nuo \u0161iol, \u010dia rasite ir kit\u0173, ma\u017e\u0173 \u0161eim\u0173 versl\u0173, rank\u0173 darbo, dovan\u0173 sau ir artimiesiems.\",\"publisher\":{\"@id\":\"https:\/\/skaitytaknyga.lt\/#organization\"},\"potentialAction\":[{\"@type\":\"SearchAction\",\"target\":{\"@type\":\"EntryPoint\",\"urlTemplate\":\"https:\/\/skaitytaknyga.lt\/?s={search_term_string}\"},\"query-input\":{\"@type\":\"PropertyValueSpecification\",\"valueRequired\":true,\"valueName\":\"search_term_string\"}}],\"inLanguage\":\"en-GB\"},{\"@type\":\"Organization\",\"@id\":\"https:\/\/skaitytaknyga.lt\/#organization\",\"name\":\"skaitytaknyga.lt\",\"url\":\"https:\/\/skaitytaknyga.lt\/\",\"logo\":{\"@type\":\"ImageObject\",\"inLanguage\":\"en-GB\",\"@id\":\"https:\/\/skaitytaknyga.lt\/#\/schema\/logo\/image\/\",\"url\":\"https:\/\/skaitytaknyga.lt\/wp-content\/uploads\/2024\/05\/cropped-cropped-cropped-02_00843_jt3bggkj1j3HLc7SyY6rEUpg.jpeg\",\"contentUrl\":\"https:\/\/skaitytaknyga.lt\/wp-content\/uploads\/2024\/05\/cropped-cropped-cropped-02_00843_jt3bggkj1j3HLc7SyY6rEUpg.jpeg\",\"width\":1600,\"height\":1600,\"caption\":\"skaitytaknyga.lt\"},\"image\":{\"@id\":\"https:\/\/skaitytaknyga.lt\/#\/schema\/logo\/image\/\"},\"sameAs\":[\"https:\/\/www.facebook.com\/skaitytaknyga\/\"]}]}<\/script>\n<!-- \/ Yoast SEO plugin. -->","yoast_head_json":{"title":"Ragana Lil\u0117 ir u\u017eburtas kardas. 10-oji knyga - Skaitytaknyga","description":"Nuo to laiko, kai prie savo lovos rado burt\u0173 knyg\u0105, did\u017eiausias Lil\u0117s d\u017eiaugsmas \u2013 burti. Ta\u010diau burt\u0173 pasekm\u0117s da\u017enai b\u016bna netik\u0117tos. \u0160\u012fkart Lil\u0117 nukeliauja \u012f viduram\u017eius. Ir \u0161e tau \u2013 ji atsiduria pilyje, kuri tuo metu kaip tik apgulta prie\u0161\u0173. Ta\u010diau Lil\u0117 b\u016bt\u0173 ne Lil\u0117, jeigu nerast\u0173 i\u0161eities. Tik Juodasis Riteris, b\u0117da, labai galingas. Ar ji i\u0161dr\u012fs stoti prie\u0161 j\u012f su u\u017eburtu kardu rankoje? Ir kaip ten yra su tuo ugniniu drakonu, saugan\u010diu kard\u0105?","robots":{"index":"index","follow":"follow","max-snippet":"max-snippet:-1","max-image-preview":"max-image-preview:large","max-video-preview":"max-video-preview:-1"},"canonical":"https:\/\/skaitytaknyga.lt\/en\/produktas\/ragana-lile-ir-uzburtas-kardas-10-oji-knyga\/","og_locale":"en_GB","og_type":"article","og_title":"Ragana Lil\u0117 ir u\u017eburtas kardas. 10-oji knyga - Skaitytaknyga","og_description":"Nuo to laiko, kai prie savo lovos rado burt\u0173 knyg\u0105, did\u017eiausias Lil\u0117s d\u017eiaugsmas \u2013 burti. Ta\u010diau burt\u0173 pasekm\u0117s da\u017enai b\u016bna netik\u0117tos. \u0160\u012fkart Lil\u0117 nukeliauja \u012f viduram\u017eius. Ir \u0161e tau \u2013 ji atsiduria pilyje, kuri tuo metu kaip tik apgulta prie\u0161\u0173. Ta\u010diau Lil\u0117 b\u016bt\u0173 ne Lil\u0117, jeigu nerast\u0173 i\u0161eities. Tik Juodasis Riteris, b\u0117da, labai galingas. Ar ji i\u0161dr\u012fs stoti prie\u0161 j\u012f su u\u017eburtu kardu rankoje? Ir kaip ten yra su tuo ugniniu drakonu, saugan\u010diu kard\u0105?","og_url":"https:\/\/skaitytaknyga.lt\/en\/produktas\/ragana-lile-ir-uzburtas-kardas-10-oji-knyga\/","og_site_name":"Skaitytaknyga","article_publisher":"https:\/\/www.facebook.com\/skaitytaknyga\/","article_modified_time":"2025-04-29T07:00:42+00:00","og_image":[{"width":304,"height":430,"url":"https:\/\/skaitytaknyga.lt\/wp-content\/uploads\/2024\/05\/1462874755_raganalileiruzbutaskaardas.jpg","type":"image\/jpeg"}],"twitter_card":"summary_large_image","twitter_misc":{"Estimated reading time":"1 minute"},"schema":{"@context":"https:\/\/schema.org","@graph":[{"@type":"WebPage","@id":"https:\/\/skaitytaknyga.lt\/produktas\/ragana-lile-ir-uzburtas-kardas-10-oji-knyga\/","url":"https:\/\/skaitytaknyga.lt\/produktas\/ragana-lile-ir-uzburtas-kardas-10-oji-knyga\/","name":"Ragana Lil\u0117 ir u\u017eburtas kardas. 10-oji knyga - Skaitytaknyga","isPartOf":{"@id":"https:\/\/skaitytaknyga.lt\/#website"},"primaryImageOfPage":{"@id":"https:\/\/skaitytaknyga.lt\/produktas\/ragana-lile-ir-uzburtas-kardas-10-oji-knyga\/#primaryimage"},"image":{"@id":"https:\/\/skaitytaknyga.lt\/produktas\/ragana-lile-ir-uzburtas-kardas-10-oji-knyga\/#primaryimage"},"thumbnailUrl":"https:\/\/skaitytaknyga.lt\/wp-content\/uploads\/2024\/05\/1462874755_raganalileiruzbutaskaardas.jpg","datePublished":"2024-05-02T13:37:40+00:00","dateModified":"2025-04-29T07:00:42+00:00","description":"Nuo to laiko, kai prie savo lovos rado burt\u0173 knyg\u0105, did\u017eiausias Lil\u0117s d\u017eiaugsmas \u2013 burti. Ta\u010diau burt\u0173 pasekm\u0117s da\u017enai b\u016bna netik\u0117tos. \u0160\u012fkart Lil\u0117 nukeliauja \u012f viduram\u017eius. Ir \u0161e tau \u2013 ji atsiduria pilyje, kuri tuo metu kaip tik apgulta prie\u0161\u0173. Ta\u010diau Lil\u0117 b\u016bt\u0173 ne Lil\u0117, jeigu nerast\u0173 i\u0161eities. Tik Juodasis Riteris, b\u0117da, labai galingas. Ar ji i\u0161dr\u012fs stoti prie\u0161 j\u012f su u\u017eburtu kardu rankoje? Ir kaip ten yra su tuo ugniniu drakonu, saugan\u010diu kard\u0105?","breadcrumb":{"@id":"https:\/\/skaitytaknyga.lt\/produktas\/ragana-lile-ir-uzburtas-kardas-10-oji-knyga\/#breadcrumb"},"inLanguage":"en-GB","potentialAction":[{"@type":"ReadAction","target":["https:\/\/skaitytaknyga.lt\/produktas\/ragana-lile-ir-uzburtas-kardas-10-oji-knyga\/"]}]},{"@type":"ImageObject","inLanguage":"en-GB","@id":"https:\/\/skaitytaknyga.lt\/produktas\/ragana-lile-ir-uzburtas-kardas-10-oji-knyga\/#primaryimage","url":"https:\/\/skaitytaknyga.lt\/wp-content\/uploads\/2024\/05\/1462874755_raganalileiruzbutaskaardas.jpg","contentUrl":"https:\/\/skaitytaknyga.lt\/wp-content\/uploads\/2024\/05\/1462874755_raganalileiruzbutaskaardas.jpg","width":304,"height":430},{"@type":"BreadcrumbList","@id":"https:\/\/skaitytaknyga.lt\/produktas\/ragana-lile-ir-uzburtas-kardas-10-oji-knyga\/#breadcrumb","itemListElement":[{"@type":"ListItem","position":1,"name":"Home","item":"https:\/\/skaitytaknyga.lt\/"},{"@type":"ListItem","position":2,"name":"Parduotuv\u0117","item":"https:\/\/skaitytaknyga.lt\/knygu-parduotuve\/"},{"@type":"ListItem","position":3,"name":"Ragana Lil\u0117 ir u\u017eburtas kardas. 10-oji knyga"}]},{"@type":"WebSite","@id":"https:\/\/skaitytaknyga.lt\/#website","url":"https:\/\/skaitytaknyga.lt\/","name":"skaitytaknyga.lt","description":"Skaitytaknyga.lt \u2013 tai ma\u017eas \u0161eimos verslas, kuris prasid\u0117jo nuo meil\u0117s knygoms ir siekio i\u0161gelb\u0117ti knygas nuo likimo prie konteinerio. Kas vienam nereikalingas daiktas \u2013 kitam lobis, o mes esame tarpininkai, kurie padeda abiems tapti laimingesniems ???? \u017dinome kaip nelengva i\u0161gyventi ma\u017eiems verslams, tad nuo \u0161iol, \u010dia rasite ir kit\u0173, ma\u017e\u0173 \u0161eim\u0173 versl\u0173, rank\u0173 darbo, dovan\u0173 sau ir artimiesiems.","publisher":{"@id":"https:\/\/skaitytaknyga.lt\/#organization"},"potentialAction":[{"@type":"SearchAction","target":{"@type":"EntryPoint","urlTemplate":"https:\/\/skaitytaknyga.lt\/?s={search_term_string}"},"query-input":{"@type":"PropertyValueSpecification","valueRequired":true,"valueName":"search_term_string"}}],"inLanguage":"en-GB"},{"@type":"Organization","@id":"https:\/\/skaitytaknyga.lt\/#organization","name":"skaitytaknyga.lt","url":"https:\/\/skaitytaknyga.lt\/","logo":{"@type":"ImageObject","inLanguage":"en-GB","@id":"https:\/\/skaitytaknyga.lt\/#\/schema\/logo\/image\/","url":"https:\/\/skaitytaknyga.lt\/wp-content\/uploads\/2024\/05\/cropped-cropped-cropped-02_00843_jt3bggkj1j3HLc7SyY6rEUpg.jpeg","contentUrl":"https:\/\/skaitytaknyga.lt\/wp-content\/uploads\/2024\/05\/cropped-cropped-cropped-02_00843_jt3bggkj1j3HLc7SyY6rEUpg.jpeg","width":1600,"height":1600,"caption":"skaitytaknyga.lt"},"image":{"@id":"https:\/\/skaitytaknyga.lt\/#\/schema\/logo\/image\/"},"sameAs":["https:\/\/www.facebook.com\/skaitytaknyga\/"]}]}},"_links":{"self":[{"href":"https:\/\/skaitytaknyga.lt\/en\/wp-json\/wp\/v2\/product\/7076","targetHints":{"allow":["GET"]}}],"collection":[{"href":"https:\/\/skaitytaknyga.lt\/en\/wp-json\/wp\/v2\/product"}],"about":[{"href":"https:\/\/skaitytaknyga.lt\/en\/wp-json\/wp\/v2\/types\/product"}],"replies":[{"embeddable":true,"href":"https:\/\/skaitytaknyga.lt\/en\/wp-json\/wp\/v2\/comments?post=7076"}],"wp:featuredmedia":[{"embeddable":true,"href":"https:\/\/skaitytaknyga.lt\/en\/wp-json\/wp\/v2\/media\/7092"}],"wp:attachment":[{"href":"https:\/\/skaitytaknyga.lt\/en\/wp-json\/wp\/v2\/media?parent=7076"}],"wp:term":[{"taxonomy":"product_brand","embeddable":true,"href":"https:\/\/skaitytaknyga.lt\/en\/wp-json\/wp\/v2\/product_brand?post=7076"},{"taxonomy":"product_cat","embeddable":true,"href":"https:\/\/skaitytaknyga.lt\/en\/wp-json\/wp\/v2\/product_cat?post=7076"},{"taxonomy":"product_tag","embeddable":true,"href":"https:\/\/skaitytaknyga.lt\/en\/wp-json\/wp\/v2\/product_tag?post=7076"}],"curies":[{"name":"wp","href":"https:\/\/api.w.org\/{rel}","templated":true}]}}