{"id":7065,"date":"2024-05-02T13:37:17","date_gmt":"2024-05-02T13:37:17","guid":{"rendered":"https:\/\/skaitytaknyga.lt\/?post_type=product&#038;p=7065"},"modified":"2025-05-14T10:58:27","modified_gmt":"2025-05-14T07:58:27","slug":"ragana-lile-apvercia-mokykla-aukstyn-kojomis","status":"publish","type":"product","link":"https:\/\/skaitytaknyga.lt\/en\/produktas\/ragana-lile-apvercia-mokykla-aukstyn-kojomis\/","title":{"rendered":"Ragana Lil\u0117 apver\u010di\u0105 mokykl\u0105 auk\u0161tyn kojomis"},"content":{"rendered":"<p>Kart\u0105 Lil\u0117 prie savo lovos rado burt\u0173 knyg\u0105 ir niekaip negali nustygti neb\u016brusi. Rytoj jos klas\u0117je lankysis inspektorius ir tikrins, kaip mokytojai sekasi dirbti. Lilei \u0161auna nuostabi mintis \u2013 ji pasitelks burtus ir pagelb\u0117s savo mokytojai. Ta\u010diau burt\u0173 pasekmes da\u017enai sunku numatyti&#8230; Tokios sumai\u0161ties klas\u0117je dar n\u0117ra buv\u0119! Nenusp\u0117jami Lil\u0117s burtai apver\u010dia mokykl\u0105 auk\u0161tyn kojomis!<\/p>\n<p><b>\u201eRagana Lil\u0117 apver\u010dia mokykl\u0105 auk\u0161tyn kojomis\u201c<\/b>:<\/p>\n<p>\u00b7 netik\u0117ti Lil\u0117s sprendimai lavina vaizduot\u0119 ir k\u016brybi\u0161kum\u0105;<br \/>\n\u00b7 smag\u016bs nuotykiai \u012ftraukia ir ugdo humoro jausm\u0105;<br \/>\n\u00b7 moko, kad prie\u0161 k\u0105 nors darant reikia gerai apsvarstyti ir neprarasti saiko;<br \/>\n\u00b7 \u012fsp\u0117ja, kad su pavojingais dalykais b\u016btina elgtis atsakingai.<\/p>\n","protected":false},"excerpt":{"rendered":"<p>Kart\u0105 Lil\u0117 prie savo lovos rado burt\u0173 knyg\u0105 ir niekaip negali nustygti neb\u016brusi. Rytoj jos klas\u0117je lankysis inspektorius ir tikrins, kaip mokytojai sekasi dirbti. Lilei \u0161auna nuostabi mintis \u2013 ji pasitelks burtus ir pagelb\u0117s savo mokytojai. Ta\u010diau burt\u0173 pasekmes da\u017enai sunku numatyti&#8230; Tokios sumai\u0161ties klas\u0117je dar n\u0117ra buv\u0119! Nenusp\u0117jami Lil\u0117s burtai apver\u010dia mokykl\u0105 auk\u0161tyn kojomis!<\/p>\n<p><b>\u201eRagana Lil\u0117 apver\u010dia mokykl\u0105 auk\u0161tyn kojomis\u201c<\/b>:<\/p>\n<p>\u00b7 netik\u0117ti Lil\u0117s sprendimai lavina vaizduot\u0119 ir k\u016brybi\u0161kum\u0105;<br \/>\n\u00b7 smag\u016bs nuotykiai \u012ftraukia ir ugdo humoro jausm\u0105;<br \/>\n\u00b7 moko, kad prie\u0161 k\u0105 nors darant reikia gerai apsvarstyti ir neprarasti saiko;<br \/>\n\u00b7 \u012fsp\u0117ja, kad su pavojingais dalykais b\u016btina elgtis atsakingai.<\/p>\n","protected":false},"featured_media":7082,"comment_status":"closed","ping_status":"closed","template":"","meta":{"_acf_changed":false,"site-sidebar-layout":"default","site-content-layout":"","ast-site-content-layout":"default","site-content-style":"default","site-sidebar-style":"default","ast-global-header-display":"","ast-banner-title-visibility":"","ast-main-header-display":"","ast-hfb-above-header-display":"","ast-hfb-below-header-display":"","ast-hfb-mobile-header-display":"","site-post-title":"","ast-breadcrumbs-content":"","ast-featured-img":"","footer-sml-layout":"","ast-disable-related-posts":"","theme-transparent-header-meta":"","adv-header-id-meta":"","stick-header-meta":"","header-above-stick-meta":"","header-main-stick-meta":"","header-below-stick-meta":"","astra-migrate-meta-layouts":"default","ast-page-background-enabled":"default","ast-page-background-meta":{"desktop":{"background-color":"","background-image":"","background-repeat":"repeat","background-position":"center center","background-size":"auto","background-attachment":"scroll","background-type":"","background-media":"","overlay-type":"","overlay-color":"","overlay-opacity":"","overlay-gradient":""},"tablet":{"background-color":"","background-image":"","background-repeat":"repeat","background-position":"center center","background-size":"auto","background-attachment":"scroll","background-type":"","background-media":"","overlay-type":"","overlay-color":"","overlay-opacity":"","overlay-gradient":""},"mobile":{"background-color":"","background-image":"","background-repeat":"repeat","background-position":"center center","background-size":"auto","background-attachment":"scroll","background-type":"","background-media":"","overlay-type":"","overlay-color":"","overlay-opacity":"","overlay-gradient":""}},"ast-content-background-meta":{"desktop":{"background-color":"var(--ast-global-color-4)","background-image":"","background-repeat":"repeat","background-position":"center center","background-size":"auto","background-attachment":"scroll","background-type":"","background-media":"","overlay-type":"","overlay-color":"","overlay-opacity":"","overlay-gradient":""},"tablet":{"background-color":"var(--ast-global-color-4)","background-image":"","background-repeat":"repeat","background-position":"center center","background-size":"auto","background-attachment":"scroll","background-type":"","background-media":"","overlay-type":"","overlay-color":"","overlay-opacity":"","overlay-gradient":""},"mobile":{"background-color":"var(--ast-global-color-4)","background-image":"","background-repeat":"repeat","background-position":"center center","background-size":"auto","background-attachment":"scroll","background-type":"","background-media":"","overlay-type":"","overlay-color":"","overlay-opacity":"","overlay-gradient":""}}},"product_brand":[],"product_cat":[35],"product_tag":[2542,1755,2287,1451,2543,1645],"class_list":{"0":"post-7065","1":"product","2":"type-product","3":"status-publish","4":"has-post-thumbnail","6":"product_cat-vaikams-ir-paaugliams","7":"product_tag-knister","8":"product_tag-magija","9":"product_tag-mokykla","10":"product_tag-nuotykiai","11":"product_tag-ragana","12":"product_tag-vaiku-literatura","13":"desktop-align-left","14":"tablet-align-left","15":"mobile-align-left","17":"first","18":"outofstock","19":"shipping-taxable","20":"purchasable","21":"product-type-simple"},"acf":[],"yoast_head":"<!-- This site is optimized with the Yoast SEO plugin v27.0 - https:\/\/yoast.com\/product\/yoast-seo-wordpress\/ -->\n<title>Ragana Lil\u0117 apver\u010di\u0105 mokykl\u0105 auk\u0161tyn kojomis - Skaitytaknyga<\/title>\n<meta name=\"description\" content=\"Kart\u0105 Lil\u0117 prie savo lovos rado burt\u0173 knyg\u0105 ir niekaip negali nustygti neb\u016brusi. Rytoj jos klas\u0117je lankysis inspektorius ir tikrins, kaip mokytojai sekasi dirbti. Lilei \u0161auna nuostabi mintis \u2013 ji pasitelks burtus ir pagelb\u0117s savo mokytojai. Ta\u010diau burt\u0173 pasekmes da\u017enai sunku numatyti... Tokios sumai\u0161ties klas\u0117je dar n\u0117ra buv\u0119! Nenusp\u0117jami Lil\u0117s burtai apver\u010dia mokykl\u0105 auk\u0161tyn kojomis!  \u201eRagana Lil\u0117 apver\u010dia mokykl\u0105 auk\u0161tyn kojomis\u201c:  \u00b7 netik\u0117ti Lil\u0117s sprendimai lavina vaizduot\u0119 ir k\u016brybi\u0161kum\u0105; \u00b7 smag\u016bs nuotykiai \u012ftraukia ir ugdo humoro jausm\u0105; \u00b7 moko, kad prie\u0161 k\u0105 nors darant reikia gerai apsvarstyti ir neprarasti saiko; \u00b7 \u012fsp\u0117ja, kad su pavojingais dalykais b\u016btina elgtis atsakingai.\" \/>\n<meta name=\"robots\" content=\"index, follow, max-snippet:-1, max-image-preview:large, max-video-preview:-1\" \/>\n<link rel=\"canonical\" href=\"https:\/\/skaitytaknyga.lt\/en\/produktas\/ragana-lile-apvercia-mokykla-aukstyn-kojomis\/\" \/>\n<meta property=\"og:locale\" content=\"en_GB\" \/>\n<meta property=\"og:locale:alternate\" content=\"lt_LT\" \/>\n<meta property=\"og:type\" content=\"article\" \/>\n<meta property=\"og:title\" content=\"Ragana Lil\u0117 apver\u010di\u0105 mokykl\u0105 auk\u0161tyn kojomis - Skaitytaknyga\" \/>\n<meta property=\"og:description\" content=\"Kart\u0105 Lil\u0117 prie savo lovos rado burt\u0173 knyg\u0105 ir niekaip negali nustygti neb\u016brusi. Rytoj jos klas\u0117je lankysis inspektorius ir tikrins, kaip mokytojai sekasi dirbti. Lilei \u0161auna nuostabi mintis \u2013 ji pasitelks burtus ir pagelb\u0117s savo mokytojai. Ta\u010diau burt\u0173 pasekmes da\u017enai sunku numatyti... Tokios sumai\u0161ties klas\u0117je dar n\u0117ra buv\u0119! Nenusp\u0117jami Lil\u0117s burtai apver\u010dia mokykl\u0105 auk\u0161tyn kojomis!  \u201eRagana Lil\u0117 apver\u010dia mokykl\u0105 auk\u0161tyn kojomis\u201c:  \u00b7 netik\u0117ti Lil\u0117s sprendimai lavina vaizduot\u0119 ir k\u016brybi\u0161kum\u0105; \u00b7 smag\u016bs nuotykiai \u012ftraukia ir ugdo humoro jausm\u0105; \u00b7 moko, kad prie\u0161 k\u0105 nors darant reikia gerai apsvarstyti ir neprarasti saiko; \u00b7 \u012fsp\u0117ja, kad su pavojingais dalykais b\u016btina elgtis atsakingai.\" \/>\n<meta property=\"og:url\" content=\"https:\/\/skaitytaknyga.lt\/en\/produktas\/ragana-lile-apvercia-mokykla-aukstyn-kojomis\/\" \/>\n<meta property=\"og:site_name\" content=\"Skaitytaknyga\" \/>\n<meta property=\"article:publisher\" content=\"https:\/\/www.facebook.com\/skaitytaknyga\/\" \/>\n<meta property=\"article:modified_time\" content=\"2025-05-14T07:58:27+00:00\" \/>\n<meta property=\"og:image\" content=\"https:\/\/skaitytaknyga.lt\/wp-content\/uploads\/2024\/05\/knister-ragana-lile-13-knygu.jpg\" \/>\n\t<meta property=\"og:image:width\" content=\"458\" \/>\n\t<meta property=\"og:image:height\" content=\"458\" \/>\n\t<meta property=\"og:image:type\" content=\"image\/jpeg\" \/>\n<meta name=\"twitter:card\" content=\"summary_large_image\" \/>\n<meta name=\"twitter:label1\" content=\"Estimated reading time\" \/>\n\t<meta name=\"twitter:data1\" content=\"1 minute\" \/>\n<script type=\"application\/ld+json\" class=\"yoast-schema-graph\">{\"@context\":\"https:\/\/schema.org\",\"@graph\":[{\"@type\":\"WebPage\",\"@id\":\"https:\/\/skaitytaknyga.lt\/produktas\/ragana-lile-apvercia-mokykla-aukstyn-kojomis\/\",\"url\":\"https:\/\/skaitytaknyga.lt\/produktas\/ragana-lile-apvercia-mokykla-aukstyn-kojomis\/\",\"name\":\"Ragana Lil\u0117 apver\u010di\u0105 mokykl\u0105 auk\u0161tyn kojomis - Skaitytaknyga\",\"isPartOf\":{\"@id\":\"https:\/\/skaitytaknyga.lt\/#website\"},\"primaryImageOfPage\":{\"@id\":\"https:\/\/skaitytaknyga.lt\/produktas\/ragana-lile-apvercia-mokykla-aukstyn-kojomis\/#primaryimage\"},\"image\":{\"@id\":\"https:\/\/skaitytaknyga.lt\/produktas\/ragana-lile-apvercia-mokykla-aukstyn-kojomis\/#primaryimage\"},\"thumbnailUrl\":\"https:\/\/skaitytaknyga.lt\/wp-content\/uploads\/2024\/05\/knister-ragana-lile-13-knygu.jpg\",\"datePublished\":\"2024-05-02T13:37:17+00:00\",\"dateModified\":\"2025-05-14T07:58:27+00:00\",\"description\":\"Kart\u0105 Lil\u0117 prie savo lovos rado burt\u0173 knyg\u0105 ir niekaip negali nustygti neb\u016brusi. Rytoj jos klas\u0117je lankysis inspektorius ir tikrins, kaip mokytojai sekasi dirbti. Lilei \u0161auna nuostabi mintis \u2013 ji pasitelks burtus ir pagelb\u0117s savo mokytojai. Ta\u010diau burt\u0173 pasekmes da\u017enai sunku numatyti... Tokios sumai\u0161ties klas\u0117je dar n\u0117ra buv\u0119! Nenusp\u0117jami Lil\u0117s burtai apver\u010dia mokykl\u0105 auk\u0161tyn kojomis! \u201eRagana Lil\u0117 apver\u010dia mokykl\u0105 auk\u0161tyn kojomis\u201c: \u00b7 netik\u0117ti Lil\u0117s sprendimai lavina vaizduot\u0119 ir k\u016brybi\u0161kum\u0105; \u00b7 smag\u016bs nuotykiai \u012ftraukia ir ugdo humoro jausm\u0105; \u00b7 moko, kad prie\u0161 k\u0105 nors darant reikia gerai apsvarstyti ir neprarasti saiko; \u00b7 \u012fsp\u0117ja, kad su pavojingais dalykais b\u016btina elgtis atsakingai.\",\"breadcrumb\":{\"@id\":\"https:\/\/skaitytaknyga.lt\/produktas\/ragana-lile-apvercia-mokykla-aukstyn-kojomis\/#breadcrumb\"},\"inLanguage\":\"en-GB\",\"potentialAction\":[{\"@type\":\"ReadAction\",\"target\":[\"https:\/\/skaitytaknyga.lt\/produktas\/ragana-lile-apvercia-mokykla-aukstyn-kojomis\/\"]}]},{\"@type\":\"ImageObject\",\"inLanguage\":\"en-GB\",\"@id\":\"https:\/\/skaitytaknyga.lt\/produktas\/ragana-lile-apvercia-mokykla-aukstyn-kojomis\/#primaryimage\",\"url\":\"https:\/\/skaitytaknyga.lt\/wp-content\/uploads\/2024\/05\/knister-ragana-lile-13-knygu.jpg\",\"contentUrl\":\"https:\/\/skaitytaknyga.lt\/wp-content\/uploads\/2024\/05\/knister-ragana-lile-13-knygu.jpg\",\"width\":458,\"height\":458},{\"@type\":\"BreadcrumbList\",\"@id\":\"https:\/\/skaitytaknyga.lt\/produktas\/ragana-lile-apvercia-mokykla-aukstyn-kojomis\/#breadcrumb\",\"itemListElement\":[{\"@type\":\"ListItem\",\"position\":1,\"name\":\"Home\",\"item\":\"https:\/\/skaitytaknyga.lt\/\"},{\"@type\":\"ListItem\",\"position\":2,\"name\":\"Parduotuv\u0117\",\"item\":\"https:\/\/skaitytaknyga.lt\/knygu-parduotuve\/\"},{\"@type\":\"ListItem\",\"position\":3,\"name\":\"Ragana Lil\u0117 apver\u010di\u0105 mokykl\u0105 auk\u0161tyn kojomis\"}]},{\"@type\":\"WebSite\",\"@id\":\"https:\/\/skaitytaknyga.lt\/#website\",\"url\":\"https:\/\/skaitytaknyga.lt\/\",\"name\":\"skaitytaknyga.lt\",\"description\":\"Skaitytaknyga.lt \u2013 tai ma\u017eas \u0161eimos verslas, kuris prasid\u0117jo nuo meil\u0117s knygoms ir siekio i\u0161gelb\u0117ti knygas nuo likimo prie konteinerio. Kas vienam nereikalingas daiktas \u2013 kitam lobis, o mes esame tarpininkai, kurie padeda abiems tapti laimingesniems ???? \u017dinome kaip nelengva i\u0161gyventi ma\u017eiems verslams, tad nuo \u0161iol, \u010dia rasite ir kit\u0173, ma\u017e\u0173 \u0161eim\u0173 versl\u0173, rank\u0173 darbo, dovan\u0173 sau ir artimiesiems.\",\"publisher\":{\"@id\":\"https:\/\/skaitytaknyga.lt\/#organization\"},\"potentialAction\":[{\"@type\":\"SearchAction\",\"target\":{\"@type\":\"EntryPoint\",\"urlTemplate\":\"https:\/\/skaitytaknyga.lt\/?s={search_term_string}\"},\"query-input\":{\"@type\":\"PropertyValueSpecification\",\"valueRequired\":true,\"valueName\":\"search_term_string\"}}],\"inLanguage\":\"en-GB\"},{\"@type\":\"Organization\",\"@id\":\"https:\/\/skaitytaknyga.lt\/#organization\",\"name\":\"skaitytaknyga.lt\",\"url\":\"https:\/\/skaitytaknyga.lt\/\",\"logo\":{\"@type\":\"ImageObject\",\"inLanguage\":\"en-GB\",\"@id\":\"https:\/\/skaitytaknyga.lt\/#\/schema\/logo\/image\/\",\"url\":\"https:\/\/skaitytaknyga.lt\/wp-content\/uploads\/2024\/05\/cropped-cropped-cropped-02_00843_jt3bggkj1j3HLc7SyY6rEUpg.jpeg\",\"contentUrl\":\"https:\/\/skaitytaknyga.lt\/wp-content\/uploads\/2024\/05\/cropped-cropped-cropped-02_00843_jt3bggkj1j3HLc7SyY6rEUpg.jpeg\",\"width\":1600,\"height\":1600,\"caption\":\"skaitytaknyga.lt\"},\"image\":{\"@id\":\"https:\/\/skaitytaknyga.lt\/#\/schema\/logo\/image\/\"},\"sameAs\":[\"https:\/\/www.facebook.com\/skaitytaknyga\/\"]}]}<\/script>\n<!-- \/ Yoast SEO plugin. -->","yoast_head_json":{"title":"Ragana Lil\u0117 apver\u010di\u0105 mokykl\u0105 auk\u0161tyn kojomis - Skaitytaknyga","description":"Kart\u0105 Lil\u0117 prie savo lovos rado burt\u0173 knyg\u0105 ir niekaip negali nustygti neb\u016brusi. Rytoj jos klas\u0117je lankysis inspektorius ir tikrins, kaip mokytojai sekasi dirbti. Lilei \u0161auna nuostabi mintis \u2013 ji pasitelks burtus ir pagelb\u0117s savo mokytojai. Ta\u010diau burt\u0173 pasekmes da\u017enai sunku numatyti... Tokios sumai\u0161ties klas\u0117je dar n\u0117ra buv\u0119! Nenusp\u0117jami Lil\u0117s burtai apver\u010dia mokykl\u0105 auk\u0161tyn kojomis!  \u201eRagana Lil\u0117 apver\u010dia mokykl\u0105 auk\u0161tyn kojomis\u201c:  \u00b7 netik\u0117ti Lil\u0117s sprendimai lavina vaizduot\u0119 ir k\u016brybi\u0161kum\u0105; \u00b7 smag\u016bs nuotykiai \u012ftraukia ir ugdo humoro jausm\u0105; \u00b7 moko, kad prie\u0161 k\u0105 nors darant reikia gerai apsvarstyti ir neprarasti saiko; \u00b7 \u012fsp\u0117ja, kad su pavojingais dalykais b\u016btina elgtis atsakingai.","robots":{"index":"index","follow":"follow","max-snippet":"max-snippet:-1","max-image-preview":"max-image-preview:large","max-video-preview":"max-video-preview:-1"},"canonical":"https:\/\/skaitytaknyga.lt\/en\/produktas\/ragana-lile-apvercia-mokykla-aukstyn-kojomis\/","og_locale":"en_GB","og_type":"article","og_title":"Ragana Lil\u0117 apver\u010di\u0105 mokykl\u0105 auk\u0161tyn kojomis - Skaitytaknyga","og_description":"Kart\u0105 Lil\u0117 prie savo lovos rado burt\u0173 knyg\u0105 ir niekaip negali nustygti neb\u016brusi. Rytoj jos klas\u0117je lankysis inspektorius ir tikrins, kaip mokytojai sekasi dirbti. Lilei \u0161auna nuostabi mintis \u2013 ji pasitelks burtus ir pagelb\u0117s savo mokytojai. Ta\u010diau burt\u0173 pasekmes da\u017enai sunku numatyti... Tokios sumai\u0161ties klas\u0117je dar n\u0117ra buv\u0119! Nenusp\u0117jami Lil\u0117s burtai apver\u010dia mokykl\u0105 auk\u0161tyn kojomis!  \u201eRagana Lil\u0117 apver\u010dia mokykl\u0105 auk\u0161tyn kojomis\u201c:  \u00b7 netik\u0117ti Lil\u0117s sprendimai lavina vaizduot\u0119 ir k\u016brybi\u0161kum\u0105; \u00b7 smag\u016bs nuotykiai \u012ftraukia ir ugdo humoro jausm\u0105; \u00b7 moko, kad prie\u0161 k\u0105 nors darant reikia gerai apsvarstyti ir neprarasti saiko; \u00b7 \u012fsp\u0117ja, kad su pavojingais dalykais b\u016btina elgtis atsakingai.","og_url":"https:\/\/skaitytaknyga.lt\/en\/produktas\/ragana-lile-apvercia-mokykla-aukstyn-kojomis\/","og_site_name":"Skaitytaknyga","article_publisher":"https:\/\/www.facebook.com\/skaitytaknyga\/","article_modified_time":"2025-05-14T07:58:27+00:00","og_image":[{"width":458,"height":458,"url":"https:\/\/skaitytaknyga.lt\/wp-content\/uploads\/2024\/05\/knister-ragana-lile-13-knygu.jpg","type":"image\/jpeg"}],"twitter_card":"summary_large_image","twitter_misc":{"Estimated reading time":"1 minute"},"schema":{"@context":"https:\/\/schema.org","@graph":[{"@type":"WebPage","@id":"https:\/\/skaitytaknyga.lt\/produktas\/ragana-lile-apvercia-mokykla-aukstyn-kojomis\/","url":"https:\/\/skaitytaknyga.lt\/produktas\/ragana-lile-apvercia-mokykla-aukstyn-kojomis\/","name":"Ragana Lil\u0117 apver\u010di\u0105 mokykl\u0105 auk\u0161tyn kojomis - Skaitytaknyga","isPartOf":{"@id":"https:\/\/skaitytaknyga.lt\/#website"},"primaryImageOfPage":{"@id":"https:\/\/skaitytaknyga.lt\/produktas\/ragana-lile-apvercia-mokykla-aukstyn-kojomis\/#primaryimage"},"image":{"@id":"https:\/\/skaitytaknyga.lt\/produktas\/ragana-lile-apvercia-mokykla-aukstyn-kojomis\/#primaryimage"},"thumbnailUrl":"https:\/\/skaitytaknyga.lt\/wp-content\/uploads\/2024\/05\/knister-ragana-lile-13-knygu.jpg","datePublished":"2024-05-02T13:37:17+00:00","dateModified":"2025-05-14T07:58:27+00:00","description":"Kart\u0105 Lil\u0117 prie savo lovos rado burt\u0173 knyg\u0105 ir niekaip negali nustygti neb\u016brusi. Rytoj jos klas\u0117je lankysis inspektorius ir tikrins, kaip mokytojai sekasi dirbti. Lilei \u0161auna nuostabi mintis \u2013 ji pasitelks burtus ir pagelb\u0117s savo mokytojai. Ta\u010diau burt\u0173 pasekmes da\u017enai sunku numatyti... Tokios sumai\u0161ties klas\u0117je dar n\u0117ra buv\u0119! Nenusp\u0117jami Lil\u0117s burtai apver\u010dia mokykl\u0105 auk\u0161tyn kojomis! \u201eRagana Lil\u0117 apver\u010dia mokykl\u0105 auk\u0161tyn kojomis\u201c: \u00b7 netik\u0117ti Lil\u0117s sprendimai lavina vaizduot\u0119 ir k\u016brybi\u0161kum\u0105; \u00b7 smag\u016bs nuotykiai \u012ftraukia ir ugdo humoro jausm\u0105; \u00b7 moko, kad prie\u0161 k\u0105 nors darant reikia gerai apsvarstyti ir neprarasti saiko; \u00b7 \u012fsp\u0117ja, kad su pavojingais dalykais b\u016btina elgtis atsakingai.","breadcrumb":{"@id":"https:\/\/skaitytaknyga.lt\/produktas\/ragana-lile-apvercia-mokykla-aukstyn-kojomis\/#breadcrumb"},"inLanguage":"en-GB","potentialAction":[{"@type":"ReadAction","target":["https:\/\/skaitytaknyga.lt\/produktas\/ragana-lile-apvercia-mokykla-aukstyn-kojomis\/"]}]},{"@type":"ImageObject","inLanguage":"en-GB","@id":"https:\/\/skaitytaknyga.lt\/produktas\/ragana-lile-apvercia-mokykla-aukstyn-kojomis\/#primaryimage","url":"https:\/\/skaitytaknyga.lt\/wp-content\/uploads\/2024\/05\/knister-ragana-lile-13-knygu.jpg","contentUrl":"https:\/\/skaitytaknyga.lt\/wp-content\/uploads\/2024\/05\/knister-ragana-lile-13-knygu.jpg","width":458,"height":458},{"@type":"BreadcrumbList","@id":"https:\/\/skaitytaknyga.lt\/produktas\/ragana-lile-apvercia-mokykla-aukstyn-kojomis\/#breadcrumb","itemListElement":[{"@type":"ListItem","position":1,"name":"Home","item":"https:\/\/skaitytaknyga.lt\/"},{"@type":"ListItem","position":2,"name":"Parduotuv\u0117","item":"https:\/\/skaitytaknyga.lt\/knygu-parduotuve\/"},{"@type":"ListItem","position":3,"name":"Ragana Lil\u0117 apver\u010di\u0105 mokykl\u0105 auk\u0161tyn kojomis"}]},{"@type":"WebSite","@id":"https:\/\/skaitytaknyga.lt\/#website","url":"https:\/\/skaitytaknyga.lt\/","name":"skaitytaknyga.lt","description":"Skaitytaknyga.lt \u2013 tai ma\u017eas \u0161eimos verslas, kuris prasid\u0117jo nuo meil\u0117s knygoms ir siekio i\u0161gelb\u0117ti knygas nuo likimo prie konteinerio. Kas vienam nereikalingas daiktas \u2013 kitam lobis, o mes esame tarpininkai, kurie padeda abiems tapti laimingesniems ???? \u017dinome kaip nelengva i\u0161gyventi ma\u017eiems verslams, tad nuo \u0161iol, \u010dia rasite ir kit\u0173, ma\u017e\u0173 \u0161eim\u0173 versl\u0173, rank\u0173 darbo, dovan\u0173 sau ir artimiesiems.","publisher":{"@id":"https:\/\/skaitytaknyga.lt\/#organization"},"potentialAction":[{"@type":"SearchAction","target":{"@type":"EntryPoint","urlTemplate":"https:\/\/skaitytaknyga.lt\/?s={search_term_string}"},"query-input":{"@type":"PropertyValueSpecification","valueRequired":true,"valueName":"search_term_string"}}],"inLanguage":"en-GB"},{"@type":"Organization","@id":"https:\/\/skaitytaknyga.lt\/#organization","name":"skaitytaknyga.lt","url":"https:\/\/skaitytaknyga.lt\/","logo":{"@type":"ImageObject","inLanguage":"en-GB","@id":"https:\/\/skaitytaknyga.lt\/#\/schema\/logo\/image\/","url":"https:\/\/skaitytaknyga.lt\/wp-content\/uploads\/2024\/05\/cropped-cropped-cropped-02_00843_jt3bggkj1j3HLc7SyY6rEUpg.jpeg","contentUrl":"https:\/\/skaitytaknyga.lt\/wp-content\/uploads\/2024\/05\/cropped-cropped-cropped-02_00843_jt3bggkj1j3HLc7SyY6rEUpg.jpeg","width":1600,"height":1600,"caption":"skaitytaknyga.lt"},"image":{"@id":"https:\/\/skaitytaknyga.lt\/#\/schema\/logo\/image\/"},"sameAs":["https:\/\/www.facebook.com\/skaitytaknyga\/"]}]}},"_links":{"self":[{"href":"https:\/\/skaitytaknyga.lt\/en\/wp-json\/wp\/v2\/product\/7065","targetHints":{"allow":["GET"]}}],"collection":[{"href":"https:\/\/skaitytaknyga.lt\/en\/wp-json\/wp\/v2\/product"}],"about":[{"href":"https:\/\/skaitytaknyga.lt\/en\/wp-json\/wp\/v2\/types\/product"}],"replies":[{"embeddable":true,"href":"https:\/\/skaitytaknyga.lt\/en\/wp-json\/wp\/v2\/comments?post=7065"}],"wp:featuredmedia":[{"embeddable":true,"href":"https:\/\/skaitytaknyga.lt\/en\/wp-json\/wp\/v2\/media\/7082"}],"wp:attachment":[{"href":"https:\/\/skaitytaknyga.lt\/en\/wp-json\/wp\/v2\/media?parent=7065"}],"wp:term":[{"taxonomy":"product_brand","embeddable":true,"href":"https:\/\/skaitytaknyga.lt\/en\/wp-json\/wp\/v2\/product_brand?post=7065"},{"taxonomy":"product_cat","embeddable":true,"href":"https:\/\/skaitytaknyga.lt\/en\/wp-json\/wp\/v2\/product_cat?post=7065"},{"taxonomy":"product_tag","embeddable":true,"href":"https:\/\/skaitytaknyga.lt\/en\/wp-json\/wp\/v2\/product_tag?post=7065"}],"curies":[{"name":"wp","href":"https:\/\/api.w.org\/{rel}","templated":true}]}}