{"id":6970,"date":"2024-05-02T13:34:07","date_gmt":"2024-05-02T13:34:07","guid":{"rendered":"https:\/\/skaitytaknyga.lt\/?post_type=product&#038;p=6970"},"modified":"2026-03-05T15:37:02","modified_gmt":"2026-03-05T13:37:02","slug":"s-king-burtininkas-ir-kristalas-1-knyga","status":"publish","type":"product","link":"https:\/\/skaitytaknyga.lt\/en\/produktas\/s-king-burtininkas-ir-kristalas-1-knyga\/","title":{"rendered":"Burtininkas ir kristalas 1 knyga"},"content":{"rendered":"<p>Nenugalima j\u0117ga Tamsusis Bok\u0161tas traukia Roland\u0105 i\u0161 Gileado, paskutin\u012fj\u012f \u0160aul\u012f, ir jo nedidel\u012f piligrim\u0173 b\u016brel\u012f per bevaises \u017eemes bei tolimasias dykras \u012f \u0161e\u0161\u0117li\u0173 pasaulio gl\u016bdumas.<\/p>\n<p>Keliauninkai jau ir patys ne\u017eino, ar vis dar teb\u0117ra tame pa\u010diame Viduriniame pasaulyje, kuriame prasid\u0117jo j\u0173 \u017eygis, ar visata v\u0117l pasislinko ir i\u0161svied\u0117 juos galai\u017ein kur. Ta\u010diau ateina metas, ir Rolandas pradeda prisiminti savo jaunyst\u0119, kai i\u0161ry\u0161k\u0117jo gimtojo pasaulio pirmieji gri\u016bties po\u017eymiai\u2026<\/p>\n","protected":false},"excerpt":{"rendered":"<p>Nenugalima j\u0117ga Tamsusis Bok\u0161tas traukia Roland\u0105 i\u0161 Gileado, paskutin\u012fj\u012f \u0160aul\u012f, ir jo nedidel\u012f piligrim\u0173 b\u016brel\u012f per bevaises \u017eemes bei tolimasias dykras \u012f \u0161e\u0161\u0117li\u0173 pasaulio gl\u016bdumas.<\/p>\n<p>Keliauninkai jau ir patys ne\u017eino, ar vis dar teb\u0117ra tame pa\u010diame Viduriniame pasaulyje, kuriame prasid\u0117jo j\u0173 \u017eygis, ar visata v\u0117l pasislinko ir i\u0161svied\u0117 juos galai\u017ein kur. Ta\u010diau ateina metas, ir Rolandas pradeda prisiminti savo jaunyst\u0119, kai i\u0161ry\u0161k\u0117jo gimtojo pasaulio pirmieji gri\u016bties po\u017eymiai\u2026<\/p>\n","protected":false},"featured_media":6982,"comment_status":"closed","ping_status":"closed","template":"","meta":{"_acf_changed":false,"site-sidebar-layout":"default","site-content-layout":"","ast-site-content-layout":"default","site-content-style":"default","site-sidebar-style":"default","ast-global-header-display":"","ast-banner-title-visibility":"","ast-main-header-display":"","ast-hfb-above-header-display":"","ast-hfb-below-header-display":"","ast-hfb-mobile-header-display":"","site-post-title":"","ast-breadcrumbs-content":"","ast-featured-img":"","footer-sml-layout":"","ast-disable-related-posts":"","theme-transparent-header-meta":"","adv-header-id-meta":"","stick-header-meta":"","header-above-stick-meta":"","header-main-stick-meta":"","header-below-stick-meta":"","astra-migrate-meta-layouts":"default","ast-page-background-enabled":"default","ast-page-background-meta":{"desktop":{"background-color":"","background-image":"","background-repeat":"repeat","background-position":"center center","background-size":"auto","background-attachment":"scroll","background-type":"","background-media":"","overlay-type":"","overlay-color":"","overlay-opacity":"","overlay-gradient":""},"tablet":{"background-color":"","background-image":"","background-repeat":"repeat","background-position":"center center","background-size":"auto","background-attachment":"scroll","background-type":"","background-media":"","overlay-type":"","overlay-color":"","overlay-opacity":"","overlay-gradient":""},"mobile":{"background-color":"","background-image":"","background-repeat":"repeat","background-position":"center center","background-size":"auto","background-attachment":"scroll","background-type":"","background-media":"","overlay-type":"","overlay-color":"","overlay-opacity":"","overlay-gradient":""}},"ast-content-background-meta":{"desktop":{"background-color":"var(--ast-global-color-4)","background-image":"","background-repeat":"repeat","background-position":"center center","background-size":"auto","background-attachment":"scroll","background-type":"","background-media":"","overlay-type":"","overlay-color":"","overlay-opacity":"","overlay-gradient":""},"tablet":{"background-color":"var(--ast-global-color-4)","background-image":"","background-repeat":"repeat","background-position":"center center","background-size":"auto","background-attachment":"scroll","background-type":"","background-media":"","overlay-type":"","overlay-color":"","overlay-opacity":"","overlay-gradient":""},"mobile":{"background-color":"var(--ast-global-color-4)","background-image":"","background-repeat":"repeat","background-position":"center center","background-size":"auto","background-attachment":"scroll","background-type":"","background-media":"","overlay-type":"","overlay-color":"","overlay-opacity":"","overlay-gradient":""}}},"product_brand":[],"product_cat":[15],"product_tag":[],"class_list":{"0":"post-6970","1":"product","2":"type-product","3":"status-publish","4":"has-post-thumbnail","6":"product_cat-uncategorized","7":"desktop-align-left","8":"tablet-align-left","9":"mobile-align-left","11":"first","12":"outofstock","13":"shipping-taxable","14":"purchasable","15":"product-type-simple"},"acf":[],"yoast_head":"<!-- This site is optimized with the Yoast SEO plugin v27.0 - https:\/\/yoast.com\/product\/yoast-seo-wordpress\/ -->\n<title>Burtininkas ir kristalas 1 knyga<\/title>\n<meta name=\"description\" content=\"Nenugalima j\u0117ga Tamsusis Bok\u0161tas traukia Roland\u0105 i\u0161 Gileado, paskutin\u012fj\u012f \u0160aul\u012f, ir jo nedidel\u012f piligrim\u0173 b\u016brel\u012f per bevaises \u017eemes bei tolimasias dykras \u012f \u0161e\u0161\u0117li\u0173 pasaulio gl\u016bdumas.  Keliauninkai jau ir patys ne\u017eino, ar vis dar teb\u0117ra tame pa\u010diame Viduriniame pasaulyje, kuriame prasid\u0117jo j\u0173 \u017eygis, ar visata v\u0117l pasislinko ir i\u0161svied\u0117 juos galai\u017ein kur. Ta\u010diau ateina metas, ir Rolandas pradeda prisiminti savo jaunyst\u0119, kai i\u0161ry\u0161k\u0117jo gimtojo pasaulio pirmieji gri\u016bties po\u017eymiai\u2026\" \/>\n<meta name=\"robots\" content=\"index, follow, max-snippet:-1, max-image-preview:large, max-video-preview:-1\" \/>\n<link rel=\"canonical\" href=\"https:\/\/skaitytaknyga.lt\/en\/produktas\/s-king-burtininkas-ir-kristalas-1-knyga\/\" \/>\n<meta property=\"og:locale\" content=\"en_GB\" \/>\n<meta property=\"og:locale:alternate\" content=\"lt_LT\" \/>\n<meta property=\"og:type\" content=\"article\" \/>\n<meta property=\"og:title\" content=\"Burtininkas ir kristalas 1 knyga\" \/>\n<meta property=\"og:description\" content=\"Nenugalima j\u0117ga Tamsusis Bok\u0161tas traukia Roland\u0105 i\u0161 Gileado, paskutin\u012fj\u012f \u0160aul\u012f, ir jo nedidel\u012f piligrim\u0173 b\u016brel\u012f per bevaises \u017eemes bei tolimasias dykras \u012f \u0161e\u0161\u0117li\u0173 pasaulio gl\u016bdumas.  Keliauninkai jau ir patys ne\u017eino, ar vis dar teb\u0117ra tame pa\u010diame Viduriniame pasaulyje, kuriame prasid\u0117jo j\u0173 \u017eygis, ar visata v\u0117l pasislinko ir i\u0161svied\u0117 juos galai\u017ein kur. Ta\u010diau ateina metas, ir Rolandas pradeda prisiminti savo jaunyst\u0119, kai i\u0161ry\u0161k\u0117jo gimtojo pasaulio pirmieji gri\u016bties po\u017eymiai\u2026\" \/>\n<meta property=\"og:url\" content=\"https:\/\/skaitytaknyga.lt\/en\/produktas\/s-king-burtininkas-ir-kristalas-1-knyga\/\" \/>\n<meta property=\"og:site_name\" content=\"Skaitytaknyga\" \/>\n<meta property=\"article:publisher\" content=\"https:\/\/www.facebook.com\/skaitytaknyga\/\" \/>\n<meta property=\"article:modified_time\" content=\"2026-03-05T13:37:02+00:00\" \/>\n<meta property=\"og:image\" content=\"https:\/\/skaitytaknyga.lt\/wp-content\/uploads\/2024\/05\/img-3.jpg\" \/>\n\t<meta property=\"og:image:width\" content=\"288\" \/>\n\t<meta property=\"og:image:height\" content=\"430\" \/>\n\t<meta property=\"og:image:type\" content=\"image\/jpeg\" \/>\n<meta name=\"twitter:card\" content=\"summary_large_image\" \/>\n<script type=\"application\/ld+json\" class=\"yoast-schema-graph\">{\"@context\":\"https:\/\/schema.org\",\"@graph\":[{\"@type\":\"WebPage\",\"@id\":\"https:\/\/skaitytaknyga.lt\/produktas\/s-king-burtininkas-ir-kristalas-1-knyga\/\",\"url\":\"https:\/\/skaitytaknyga.lt\/produktas\/s-king-burtininkas-ir-kristalas-1-knyga\/\",\"name\":\"Burtininkas ir kristalas 1 knyga\",\"isPartOf\":{\"@id\":\"https:\/\/skaitytaknyga.lt\/#website\"},\"primaryImageOfPage\":{\"@id\":\"https:\/\/skaitytaknyga.lt\/produktas\/s-king-burtininkas-ir-kristalas-1-knyga\/#primaryimage\"},\"image\":{\"@id\":\"https:\/\/skaitytaknyga.lt\/produktas\/s-king-burtininkas-ir-kristalas-1-knyga\/#primaryimage\"},\"thumbnailUrl\":\"https:\/\/skaitytaknyga.lt\/wp-content\/uploads\/2024\/05\/img-3.jpg\",\"datePublished\":\"2024-05-02T13:34:07+00:00\",\"dateModified\":\"2026-03-05T13:37:02+00:00\",\"description\":\"Nenugalima j\u0117ga Tamsusis Bok\u0161tas traukia Roland\u0105 i\u0161 Gileado, paskutin\u012fj\u012f \u0160aul\u012f, ir jo nedidel\u012f piligrim\u0173 b\u016brel\u012f per bevaises \u017eemes bei tolimasias dykras \u012f \u0161e\u0161\u0117li\u0173 pasaulio gl\u016bdumas. Keliauninkai jau ir patys ne\u017eino, ar vis dar teb\u0117ra tame pa\u010diame Viduriniame pasaulyje, kuriame prasid\u0117jo j\u0173 \u017eygis, ar visata v\u0117l pasislinko ir i\u0161svied\u0117 juos galai\u017ein kur. Ta\u010diau ateina metas, ir Rolandas pradeda prisiminti savo jaunyst\u0119, kai i\u0161ry\u0161k\u0117jo gimtojo pasaulio pirmieji gri\u016bties po\u017eymiai\u2026\",\"breadcrumb\":{\"@id\":\"https:\/\/skaitytaknyga.lt\/produktas\/s-king-burtininkas-ir-kristalas-1-knyga\/#breadcrumb\"},\"inLanguage\":\"en-GB\",\"potentialAction\":[{\"@type\":\"ReadAction\",\"target\":[\"https:\/\/skaitytaknyga.lt\/produktas\/s-king-burtininkas-ir-kristalas-1-knyga\/\"]}]},{\"@type\":\"ImageObject\",\"inLanguage\":\"en-GB\",\"@id\":\"https:\/\/skaitytaknyga.lt\/produktas\/s-king-burtininkas-ir-kristalas-1-knyga\/#primaryimage\",\"url\":\"https:\/\/skaitytaknyga.lt\/wp-content\/uploads\/2024\/05\/img-3.jpg\",\"contentUrl\":\"https:\/\/skaitytaknyga.lt\/wp-content\/uploads\/2024\/05\/img-3.jpg\",\"width\":288,\"height\":430},{\"@type\":\"BreadcrumbList\",\"@id\":\"https:\/\/skaitytaknyga.lt\/produktas\/s-king-burtininkas-ir-kristalas-1-knyga\/#breadcrumb\",\"itemListElement\":[{\"@type\":\"ListItem\",\"position\":1,\"name\":\"Home\",\"item\":\"https:\/\/skaitytaknyga.lt\/\"},{\"@type\":\"ListItem\",\"position\":2,\"name\":\"Parduotuv\u0117\",\"item\":\"https:\/\/skaitytaknyga.lt\/knygu-parduotuve\/\"},{\"@type\":\"ListItem\",\"position\":3,\"name\":\"Burtininkas ir kristalas 1 knyga\"}]},{\"@type\":\"WebSite\",\"@id\":\"https:\/\/skaitytaknyga.lt\/#website\",\"url\":\"https:\/\/skaitytaknyga.lt\/\",\"name\":\"skaitytaknyga.lt\",\"description\":\"Skaitytaknyga.lt \u2013 tai ma\u017eas \u0161eimos verslas, kuris prasid\u0117jo nuo meil\u0117s knygoms ir siekio i\u0161gelb\u0117ti knygas nuo likimo prie konteinerio. Kas vienam nereikalingas daiktas \u2013 kitam lobis, o mes esame tarpininkai, kurie padeda abiems tapti laimingesniems ???? \u017dinome kaip nelengva i\u0161gyventi ma\u017eiems verslams, tad nuo \u0161iol, \u010dia rasite ir kit\u0173, ma\u017e\u0173 \u0161eim\u0173 versl\u0173, rank\u0173 darbo, dovan\u0173 sau ir artimiesiems.\",\"publisher\":{\"@id\":\"https:\/\/skaitytaknyga.lt\/#organization\"},\"potentialAction\":[{\"@type\":\"SearchAction\",\"target\":{\"@type\":\"EntryPoint\",\"urlTemplate\":\"https:\/\/skaitytaknyga.lt\/?s={search_term_string}\"},\"query-input\":{\"@type\":\"PropertyValueSpecification\",\"valueRequired\":true,\"valueName\":\"search_term_string\"}}],\"inLanguage\":\"en-GB\"},{\"@type\":\"Organization\",\"@id\":\"https:\/\/skaitytaknyga.lt\/#organization\",\"name\":\"skaitytaknyga.lt\",\"url\":\"https:\/\/skaitytaknyga.lt\/\",\"logo\":{\"@type\":\"ImageObject\",\"inLanguage\":\"en-GB\",\"@id\":\"https:\/\/skaitytaknyga.lt\/#\/schema\/logo\/image\/\",\"url\":\"https:\/\/skaitytaknyga.lt\/wp-content\/uploads\/2024\/05\/cropped-cropped-cropped-02_00843_jt3bggkj1j3HLc7SyY6rEUpg.jpeg\",\"contentUrl\":\"https:\/\/skaitytaknyga.lt\/wp-content\/uploads\/2024\/05\/cropped-cropped-cropped-02_00843_jt3bggkj1j3HLc7SyY6rEUpg.jpeg\",\"width\":1600,\"height\":1600,\"caption\":\"skaitytaknyga.lt\"},\"image\":{\"@id\":\"https:\/\/skaitytaknyga.lt\/#\/schema\/logo\/image\/\"},\"sameAs\":[\"https:\/\/www.facebook.com\/skaitytaknyga\/\"]}]}<\/script>\n<!-- \/ Yoast SEO plugin. -->","yoast_head_json":{"title":"Burtininkas ir kristalas 1 knyga","description":"Nenugalima j\u0117ga Tamsusis Bok\u0161tas traukia Roland\u0105 i\u0161 Gileado, paskutin\u012fj\u012f \u0160aul\u012f, ir jo nedidel\u012f piligrim\u0173 b\u016brel\u012f per bevaises \u017eemes bei tolimasias dykras \u012f \u0161e\u0161\u0117li\u0173 pasaulio gl\u016bdumas.  Keliauninkai jau ir patys ne\u017eino, ar vis dar teb\u0117ra tame pa\u010diame Viduriniame pasaulyje, kuriame prasid\u0117jo j\u0173 \u017eygis, ar visata v\u0117l pasislinko ir i\u0161svied\u0117 juos galai\u017ein kur. Ta\u010diau ateina metas, ir Rolandas pradeda prisiminti savo jaunyst\u0119, kai i\u0161ry\u0161k\u0117jo gimtojo pasaulio pirmieji gri\u016bties po\u017eymiai\u2026","robots":{"index":"index","follow":"follow","max-snippet":"max-snippet:-1","max-image-preview":"max-image-preview:large","max-video-preview":"max-video-preview:-1"},"canonical":"https:\/\/skaitytaknyga.lt\/en\/produktas\/s-king-burtininkas-ir-kristalas-1-knyga\/","og_locale":"en_GB","og_type":"article","og_title":"[:lt]Burtininkas ir kristalas 1 knyga[:] - Skaitytaknyga","og_description":"Nenugalima j\u0117ga Tamsusis Bok\u0161tas traukia Roland\u0105 i\u0161 Gileado, paskutin\u012fj\u012f \u0160aul\u012f, ir jo nedidel\u012f piligrim\u0173 b\u016brel\u012f per bevaises \u017eemes bei tolimasias dykras \u012f \u0161e\u0161\u0117li\u0173 pasaulio gl\u016bdumas.  Keliauninkai jau ir patys ne\u017eino, ar vis dar teb\u0117ra tame pa\u010diame Viduriniame pasaulyje, kuriame prasid\u0117jo j\u0173 \u017eygis, ar visata v\u0117l pasislinko ir i\u0161svied\u0117 juos galai\u017ein kur. Ta\u010diau ateina metas, ir Rolandas pradeda prisiminti savo jaunyst\u0119, kai i\u0161ry\u0161k\u0117jo gimtojo pasaulio pirmieji gri\u016bties po\u017eymiai\u2026","og_url":"https:\/\/skaitytaknyga.lt\/en\/produktas\/s-king-burtininkas-ir-kristalas-1-knyga\/","og_site_name":"Skaitytaknyga","article_publisher":"https:\/\/www.facebook.com\/skaitytaknyga\/","article_modified_time":"2026-03-05T13:37:02+00:00","og_image":[{"width":288,"height":430,"url":"https:\/\/skaitytaknyga.lt\/wp-content\/uploads\/2024\/05\/img-3.jpg","type":"image\/jpeg"}],"twitter_card":"summary_large_image","schema":{"@context":"https:\/\/schema.org","@graph":[{"@type":"WebPage","@id":"https:\/\/skaitytaknyga.lt\/produktas\/s-king-burtininkas-ir-kristalas-1-knyga\/","url":"https:\/\/skaitytaknyga.lt\/produktas\/s-king-burtininkas-ir-kristalas-1-knyga\/","name":"Burtininkas ir kristalas 1 knyga","isPartOf":{"@id":"https:\/\/skaitytaknyga.lt\/#website"},"primaryImageOfPage":{"@id":"https:\/\/skaitytaknyga.lt\/produktas\/s-king-burtininkas-ir-kristalas-1-knyga\/#primaryimage"},"image":{"@id":"https:\/\/skaitytaknyga.lt\/produktas\/s-king-burtininkas-ir-kristalas-1-knyga\/#primaryimage"},"thumbnailUrl":"https:\/\/skaitytaknyga.lt\/wp-content\/uploads\/2024\/05\/img-3.jpg","datePublished":"2024-05-02T13:34:07+00:00","dateModified":"2026-03-05T13:37:02+00:00","description":"Nenugalima j\u0117ga Tamsusis Bok\u0161tas traukia Roland\u0105 i\u0161 Gileado, paskutin\u012fj\u012f \u0160aul\u012f, ir jo nedidel\u012f piligrim\u0173 b\u016brel\u012f per bevaises \u017eemes bei tolimasias dykras \u012f \u0161e\u0161\u0117li\u0173 pasaulio gl\u016bdumas. Keliauninkai jau ir patys ne\u017eino, ar vis dar teb\u0117ra tame pa\u010diame Viduriniame pasaulyje, kuriame prasid\u0117jo j\u0173 \u017eygis, ar visata v\u0117l pasislinko ir i\u0161svied\u0117 juos galai\u017ein kur. Ta\u010diau ateina metas, ir Rolandas pradeda prisiminti savo jaunyst\u0119, kai i\u0161ry\u0161k\u0117jo gimtojo pasaulio pirmieji gri\u016bties po\u017eymiai\u2026","breadcrumb":{"@id":"https:\/\/skaitytaknyga.lt\/produktas\/s-king-burtininkas-ir-kristalas-1-knyga\/#breadcrumb"},"inLanguage":"en-GB","potentialAction":[{"@type":"ReadAction","target":["https:\/\/skaitytaknyga.lt\/produktas\/s-king-burtininkas-ir-kristalas-1-knyga\/"]}]},{"@type":"ImageObject","inLanguage":"en-GB","@id":"https:\/\/skaitytaknyga.lt\/produktas\/s-king-burtininkas-ir-kristalas-1-knyga\/#primaryimage","url":"https:\/\/skaitytaknyga.lt\/wp-content\/uploads\/2024\/05\/img-3.jpg","contentUrl":"https:\/\/skaitytaknyga.lt\/wp-content\/uploads\/2024\/05\/img-3.jpg","width":288,"height":430},{"@type":"BreadcrumbList","@id":"https:\/\/skaitytaknyga.lt\/produktas\/s-king-burtininkas-ir-kristalas-1-knyga\/#breadcrumb","itemListElement":[{"@type":"ListItem","position":1,"name":"Home","item":"https:\/\/skaitytaknyga.lt\/"},{"@type":"ListItem","position":2,"name":"Parduotuv\u0117","item":"https:\/\/skaitytaknyga.lt\/knygu-parduotuve\/"},{"@type":"ListItem","position":3,"name":"Burtininkas ir kristalas 1 knyga"}]},{"@type":"WebSite","@id":"https:\/\/skaitytaknyga.lt\/#website","url":"https:\/\/skaitytaknyga.lt\/","name":"skaitytaknyga.lt","description":"Skaitytaknyga.lt \u2013 tai ma\u017eas \u0161eimos verslas, kuris prasid\u0117jo nuo meil\u0117s knygoms ir siekio i\u0161gelb\u0117ti knygas nuo likimo prie konteinerio. Kas vienam nereikalingas daiktas \u2013 kitam lobis, o mes esame tarpininkai, kurie padeda abiems tapti laimingesniems ???? \u017dinome kaip nelengva i\u0161gyventi ma\u017eiems verslams, tad nuo \u0161iol, \u010dia rasite ir kit\u0173, ma\u017e\u0173 \u0161eim\u0173 versl\u0173, rank\u0173 darbo, dovan\u0173 sau ir artimiesiems.","publisher":{"@id":"https:\/\/skaitytaknyga.lt\/#organization"},"potentialAction":[{"@type":"SearchAction","target":{"@type":"EntryPoint","urlTemplate":"https:\/\/skaitytaknyga.lt\/?s={search_term_string}"},"query-input":{"@type":"PropertyValueSpecification","valueRequired":true,"valueName":"search_term_string"}}],"inLanguage":"en-GB"},{"@type":"Organization","@id":"https:\/\/skaitytaknyga.lt\/#organization","name":"skaitytaknyga.lt","url":"https:\/\/skaitytaknyga.lt\/","logo":{"@type":"ImageObject","inLanguage":"en-GB","@id":"https:\/\/skaitytaknyga.lt\/#\/schema\/logo\/image\/","url":"https:\/\/skaitytaknyga.lt\/wp-content\/uploads\/2024\/05\/cropped-cropped-cropped-02_00843_jt3bggkj1j3HLc7SyY6rEUpg.jpeg","contentUrl":"https:\/\/skaitytaknyga.lt\/wp-content\/uploads\/2024\/05\/cropped-cropped-cropped-02_00843_jt3bggkj1j3HLc7SyY6rEUpg.jpeg","width":1600,"height":1600,"caption":"skaitytaknyga.lt"},"image":{"@id":"https:\/\/skaitytaknyga.lt\/#\/schema\/logo\/image\/"},"sameAs":["https:\/\/www.facebook.com\/skaitytaknyga\/"]}]}},"_links":{"self":[{"href":"https:\/\/skaitytaknyga.lt\/en\/wp-json\/wp\/v2\/product\/6970","targetHints":{"allow":["GET"]}}],"collection":[{"href":"https:\/\/skaitytaknyga.lt\/en\/wp-json\/wp\/v2\/product"}],"about":[{"href":"https:\/\/skaitytaknyga.lt\/en\/wp-json\/wp\/v2\/types\/product"}],"replies":[{"embeddable":true,"href":"https:\/\/skaitytaknyga.lt\/en\/wp-json\/wp\/v2\/comments?post=6970"}],"wp:featuredmedia":[{"embeddable":true,"href":"https:\/\/skaitytaknyga.lt\/en\/wp-json\/wp\/v2\/media\/6982"}],"wp:attachment":[{"href":"https:\/\/skaitytaknyga.lt\/en\/wp-json\/wp\/v2\/media?parent=6970"}],"wp:term":[{"taxonomy":"product_brand","embeddable":true,"href":"https:\/\/skaitytaknyga.lt\/en\/wp-json\/wp\/v2\/product_brand?post=6970"},{"taxonomy":"product_cat","embeddable":true,"href":"https:\/\/skaitytaknyga.lt\/en\/wp-json\/wp\/v2\/product_cat?post=6970"},{"taxonomy":"product_tag","embeddable":true,"href":"https:\/\/skaitytaknyga.lt\/en\/wp-json\/wp\/v2\/product_tag?post=6970"}],"curies":[{"name":"wp","href":"https:\/\/api.w.org\/{rel}","templated":true}]}}