{"id":6958,"date":"2024-05-02T16:33:40","date_gmt":"2024-05-02T13:33:40","guid":{"rendered":"https:\/\/skaitytaknyga.lt\/?post_type=product&#038;p=6958"},"modified":"2026-01-17T12:18:35","modified_gmt":"2026-01-17T10:18:35","slug":"wm-paul-young-trobele","status":"publish","type":"product","link":"https:\/\/skaitytaknyga.lt\/en\/produktas\/wm-paul-young-trobele\/","title":{"rendered":"Trobel\u0117"},"content":{"rendered":"<div id=\"dvd_description\" class=\"box_contents item_description\">\n<p>Per \u0161eimos atostogas pagrobiama jauniausia Makenzio Aleno Filipso dukt\u0117 Mis\u0117. Apleistoje trobel\u0117je Oregono laukini\u0173 mi\u0161k\u0173 gl\u016bdumoje aptikti \u012fkal\u010diai rodo, kad mergait\u0119 gal\u0117jo \u017eiauriai nu\u017eudyti. Pra\u0117jus ketveriems metams, slegiamas Did\u017eiojo Li\u016bdesio Makenzis gauna keist\u0105 lai\u0161k\u0105 neva nuo Dievo, kuris kvie\u010dia j\u012f savaitgaliui atva\u017eiuoti \u012f t\u0105 trobel\u0119.<\/p>\n<p>Nepaisydamas proto balso, vien\u0105 \u017eiemos popiet\u0119 Makenzis atvyksta \u012f trobel\u0119, kuri jam primena i\u0161gyvent\u0105 ko\u0161mar\u0105. Ta\u010diau tai, k\u0105 ten randa, visiems laikams pakei\u010dia jo gyvenim\u0105.<\/p>\n<p>Pasaulyje, kuriame religija praranda savo svarb\u0105, knyga ie\u0161ko atsakymo \u012f am\u017ein\u0105 klausim\u0105: kur \u017ei\u016bri Dievas, kai i\u0161gyvename skausm\u0105? Makenzio surasti atsakymai priblok\u0161 ir galb\u016bt pakeis Jus taip, kaip pakeit\u0117 j\u012f.<\/p>\n<\/div>\n","protected":false},"excerpt":{"rendered":"<div id=\"dvd_description\" class=\"box_contents item_description\">\n<p>Per \u0161eimos atostogas pagrobiama jauniausia Makenzio Aleno Filipso dukt\u0117 Mis\u0117. Apleistoje trobel\u0117je Oregono laukini\u0173 mi\u0161k\u0173 gl\u016bdumoje aptikti \u012fkal\u010diai rodo, kad mergait\u0119 gal\u0117jo \u017eiauriai nu\u017eudyti. Pra\u0117jus ketveriems metams, slegiamas Did\u017eiojo Li\u016bdesio Makenzis gauna keist\u0105 lai\u0161k\u0105 neva nuo Dievo, kuris kvie\u010dia j\u012f savaitgaliui atva\u017eiuoti \u012f t\u0105 trobel\u0119.<\/p>\n<p>Nepaisydamas proto balso, vien\u0105 \u017eiemos popiet\u0119 Makenzis atvyksta \u012f trobel\u0119, kuri jam primena i\u0161gyvent\u0105 ko\u0161mar\u0105. Ta\u010diau tai, k\u0105 ten randa, visiems laikams pakei\u010dia jo gyvenim\u0105.<\/p>\n<p>Pasaulyje, kuriame religija praranda savo svarb\u0105, knyga ie\u0161ko atsakymo \u012f am\u017ein\u0105 klausim\u0105: kur \u017ei\u016bri Dievas, kai i\u0161gyvename skausm\u0105? Makenzio surasti atsakymai priblok\u0161 ir galb\u016bt pakeis Jus taip, kaip pakeit\u0117 j\u012f.<\/p>\n<\/div>\n","protected":false},"featured_media":6976,"comment_status":"closed","ping_status":"closed","template":"","meta":{"_acf_changed":false,"site-sidebar-layout":"default","site-content-layout":"","ast-site-content-layout":"default","site-content-style":"default","site-sidebar-style":"default","ast-global-header-display":"","ast-banner-title-visibility":"","ast-main-header-display":"","ast-hfb-above-header-display":"","ast-hfb-below-header-display":"","ast-hfb-mobile-header-display":"","site-post-title":"","ast-breadcrumbs-content":"","ast-featured-img":"","footer-sml-layout":"","ast-disable-related-posts":"","theme-transparent-header-meta":"","adv-header-id-meta":"","stick-header-meta":"","header-above-stick-meta":"","header-main-stick-meta":"","header-below-stick-meta":"","astra-migrate-meta-layouts":"default","ast-page-background-enabled":"default","ast-page-background-meta":{"desktop":{"background-color":"","background-image":"","background-repeat":"repeat","background-position":"center center","background-size":"auto","background-attachment":"scroll","background-type":"","background-media":"","overlay-type":"","overlay-color":"","overlay-opacity":"","overlay-gradient":""},"tablet":{"background-color":"","background-image":"","background-repeat":"repeat","background-position":"center center","background-size":"auto","background-attachment":"scroll","background-type":"","background-media":"","overlay-type":"","overlay-color":"","overlay-opacity":"","overlay-gradient":""},"mobile":{"background-color":"","background-image":"","background-repeat":"repeat","background-position":"center center","background-size":"auto","background-attachment":"scroll","background-type":"","background-media":"","overlay-type":"","overlay-color":"","overlay-opacity":"","overlay-gradient":""}},"ast-content-background-meta":{"desktop":{"background-color":"var(--ast-global-color-4)","background-image":"","background-repeat":"repeat","background-position":"center center","background-size":"auto","background-attachment":"scroll","background-type":"","background-media":"","overlay-type":"","overlay-color":"","overlay-opacity":"","overlay-gradient":""},"tablet":{"background-color":"var(--ast-global-color-4)","background-image":"","background-repeat":"repeat","background-position":"center center","background-size":"auto","background-attachment":"scroll","background-type":"","background-media":"","overlay-type":"","overlay-color":"","overlay-opacity":"","overlay-gradient":""},"mobile":{"background-color":"var(--ast-global-color-4)","background-image":"","background-repeat":"repeat","background-position":"center center","background-size":"auto","background-attachment":"scroll","background-type":"","background-media":"","overlay-type":"","overlay-color":"","overlay-opacity":"","overlay-gradient":""}}},"product_brand":[],"product_cat":[31],"product_tag":[],"class_list":{"0":"post-6958","1":"product","2":"type-product","3":"status-publish","4":"has-post-thumbnail","6":"product_cat-grozine-literatura","7":"desktop-align-left","8":"tablet-align-left","9":"mobile-align-left","11":"first","12":"outofstock","13":"sale","14":"shipping-taxable","15":"purchasable","16":"product-type-simple"},"acf":[],"yoast_head":"<!-- This site is optimized with the Yoast SEO plugin v27.4 - https:\/\/yoast.com\/product\/yoast-seo-wordpress\/ -->\n<title>Trobel\u0117<\/title>\n<meta name=\"description\" content=\"Per \u0161eimos atostogas pagrobiama jauniausia Makenzio Aleno Filipso dukt\u0117 Mis\u0117. Apleistoje trobel\u0117je Oregono laukini\u0173 mi\u0161k\u0173 gl\u016bdumoje aptikti \u012fkal\u010diai rodo, kad mergait\u0119 gal\u0117jo \u017eiauriai nu\u017eudyti. Pra\u0117jus ketveriems metams, slegiamas Did\u017eiojo Li\u016bdesio Makenzis gauna keist\u0105 lai\u0161k\u0105 neva nuo Dievo, kuris kvie\u010dia j\u012f savaitgaliui atva\u017eiuoti \u012f t\u0105 trobel\u0119.  Nepaisydamas proto balso, vien\u0105 \u017eiemos popiet\u0119 Makenzis atvyksta \u012f trobel\u0119, kuri jam primena i\u0161gyvent\u0105 ko\u0161mar\u0105. Ta\u010diau tai, k\u0105 ten randa, visiems laikams pakei\u010dia jo gyvenim\u0105.  Pasaulyje, kuriame religija praranda savo svarb\u0105, knyga ie\u0161ko atsakymo \u012f am\u017ein\u0105 klausim\u0105: kur \u017ei\u016bri Dievas, kai i\u0161gyvename skausm\u0105? Makenzio surasti atsakymai priblok\u0161 ir galb\u016bt pakeis Jus taip, kaip pakeit\u0117 j\u012f.\" \/>\n<meta name=\"robots\" content=\"index, follow, max-snippet:-1, max-image-preview:large, max-video-preview:-1\" \/>\n<link rel=\"canonical\" href=\"https:\/\/skaitytaknyga.lt\/en\/produktas\/wm-paul-young-trobele\/\" \/>\n<meta property=\"og:locale\" content=\"en_GB\" \/>\n<meta property=\"og:locale:alternate\" content=\"lt_LT\" \/>\n<meta property=\"og:type\" content=\"article\" \/>\n<meta property=\"og:title\" content=\"Trobel\u0117\" \/>\n<meta property=\"og:description\" content=\"Per \u0161eimos atostogas pagrobiama jauniausia Makenzio Aleno Filipso dukt\u0117 Mis\u0117. Apleistoje trobel\u0117je Oregono laukini\u0173 mi\u0161k\u0173 gl\u016bdumoje aptikti \u012fkal\u010diai rodo, kad mergait\u0119 gal\u0117jo \u017eiauriai nu\u017eudyti. Pra\u0117jus ketveriems metams, slegiamas Did\u017eiojo Li\u016bdesio Makenzis gauna keist\u0105 lai\u0161k\u0105 neva nuo Dievo, kuris kvie\u010dia j\u012f savaitgaliui atva\u017eiuoti \u012f t\u0105 trobel\u0119.  Nepaisydamas proto balso, vien\u0105 \u017eiemos popiet\u0119 Makenzis atvyksta \u012f trobel\u0119, kuri jam primena i\u0161gyvent\u0105 ko\u0161mar\u0105. Ta\u010diau tai, k\u0105 ten randa, visiems laikams pakei\u010dia jo gyvenim\u0105.  Pasaulyje, kuriame religija praranda savo svarb\u0105, knyga ie\u0161ko atsakymo \u012f am\u017ein\u0105 klausim\u0105: kur \u017ei\u016bri Dievas, kai i\u0161gyvename skausm\u0105? Makenzio surasti atsakymai priblok\u0161 ir galb\u016bt pakeis Jus taip, kaip pakeit\u0117 j\u012f.\" \/>\n<meta property=\"og:url\" content=\"https:\/\/skaitytaknyga.lt\/en\/produktas\/wm-paul-young-trobele\/\" \/>\n<meta property=\"og:site_name\" content=\"Skaitytaknyga\" \/>\n<meta property=\"article:publisher\" content=\"https:\/\/www.facebook.com\/skaitytaknyga\/\" \/>\n<meta property=\"article:modified_time\" content=\"2026-01-17T10:18:35+00:00\" \/>\n<meta property=\"og:image\" content=\"https:\/\/skaitytaknyga.lt\/wp-content\/uploads\/2024\/05\/1462873063_trobele.jpg\" \/>\n\t<meta property=\"og:image:width\" content=\"266\" \/>\n\t<meta property=\"og:image:height\" content=\"430\" \/>\n\t<meta property=\"og:image:type\" content=\"image\/jpeg\" \/>\n<meta name=\"twitter:card\" content=\"summary_large_image\" \/>\n<meta name=\"twitter:label1\" content=\"Estimated reading time\" \/>\n\t<meta name=\"twitter:data1\" content=\"1 minute\" \/>\n<script type=\"application\/ld+json\" class=\"yoast-schema-graph\">{\"@context\":\"https:\\\/\\\/schema.org\",\"@graph\":[{\"@type\":\"WebPage\",\"@id\":\"https:\\\/\\\/skaitytaknyga.lt\\\/produktas\\\/wm-paul-young-trobele\\\/\",\"url\":\"https:\\\/\\\/skaitytaknyga.lt\\\/produktas\\\/wm-paul-young-trobele\\\/\",\"name\":\"Trobel\u0117\",\"isPartOf\":{\"@id\":\"https:\\\/\\\/skaitytaknyga.lt\\\/#website\"},\"primaryImageOfPage\":{\"@id\":\"https:\\\/\\\/skaitytaknyga.lt\\\/produktas\\\/wm-paul-young-trobele\\\/#primaryimage\"},\"image\":{\"@id\":\"https:\\\/\\\/skaitytaknyga.lt\\\/produktas\\\/wm-paul-young-trobele\\\/#primaryimage\"},\"thumbnailUrl\":\"https:\\\/\\\/skaitytaknyga.lt\\\/wp-content\\\/uploads\\\/2024\\\/05\\\/1462873063_trobele.jpg\",\"datePublished\":\"2024-05-02T13:33:40+00:00\",\"dateModified\":\"2026-01-17T10:18:35+00:00\",\"description\":\"Per \u0161eimos atostogas pagrobiama jauniausia Makenzio Aleno Filipso dukt\u0117 Mis\u0117. Apleistoje trobel\u0117je Oregono laukini\u0173 mi\u0161k\u0173 gl\u016bdumoje aptikti \u012fkal\u010diai rodo, kad mergait\u0119 gal\u0117jo \u017eiauriai nu\u017eudyti. Pra\u0117jus ketveriems metams, slegiamas Did\u017eiojo Li\u016bdesio Makenzis gauna keist\u0105 lai\u0161k\u0105 neva nuo Dievo, kuris kvie\u010dia j\u012f savaitgaliui atva\u017eiuoti \u012f t\u0105 trobel\u0119. Nepaisydamas proto balso, vien\u0105 \u017eiemos popiet\u0119 Makenzis atvyksta \u012f trobel\u0119, kuri jam primena i\u0161gyvent\u0105 ko\u0161mar\u0105. Ta\u010diau tai, k\u0105 ten randa, visiems laikams pakei\u010dia jo gyvenim\u0105. Pasaulyje, kuriame religija praranda savo svarb\u0105, knyga ie\u0161ko atsakymo \u012f am\u017ein\u0105 klausim\u0105: kur \u017ei\u016bri Dievas, kai i\u0161gyvename skausm\u0105? Makenzio surasti atsakymai priblok\u0161 ir galb\u016bt pakeis Jus taip, kaip pakeit\u0117 j\u012f.\",\"breadcrumb\":{\"@id\":\"https:\\\/\\\/skaitytaknyga.lt\\\/produktas\\\/wm-paul-young-trobele\\\/#breadcrumb\"},\"inLanguage\":\"en-GB\",\"potentialAction\":[{\"@type\":\"ReadAction\",\"target\":[\"https:\\\/\\\/skaitytaknyga.lt\\\/produktas\\\/wm-paul-young-trobele\\\/\"]}]},{\"@type\":\"ImageObject\",\"inLanguage\":\"en-GB\",\"@id\":\"https:\\\/\\\/skaitytaknyga.lt\\\/produktas\\\/wm-paul-young-trobele\\\/#primaryimage\",\"url\":\"https:\\\/\\\/skaitytaknyga.lt\\\/wp-content\\\/uploads\\\/2024\\\/05\\\/1462873063_trobele.jpg\",\"contentUrl\":\"https:\\\/\\\/skaitytaknyga.lt\\\/wp-content\\\/uploads\\\/2024\\\/05\\\/1462873063_trobele.jpg\",\"width\":266,\"height\":430},{\"@type\":\"BreadcrumbList\",\"@id\":\"https:\\\/\\\/skaitytaknyga.lt\\\/produktas\\\/wm-paul-young-trobele\\\/#breadcrumb\",\"itemListElement\":[{\"@type\":\"ListItem\",\"position\":1,\"name\":\"Home\",\"item\":\"https:\\\/\\\/skaitytaknyga.lt\\\/\"},{\"@type\":\"ListItem\",\"position\":2,\"name\":\"Parduotuv\u0117\",\"item\":\"https:\\\/\\\/skaitytaknyga.lt\\\/knygu-parduotuve\\\/\"},{\"@type\":\"ListItem\",\"position\":3,\"name\":\"Trobel\u0117\"}]},{\"@type\":\"WebSite\",\"@id\":\"https:\\\/\\\/skaitytaknyga.lt\\\/#website\",\"url\":\"https:\\\/\\\/skaitytaknyga.lt\\\/\",\"name\":\"skaitytaknyga.lt\",\"description\":\"Skaitytaknyga.lt \u2013 tai ma\u017eas \u0161eimos verslas, kuris prasid\u0117jo nuo meil\u0117s knygoms ir siekio i\u0161gelb\u0117ti knygas nuo likimo prie konteinerio. Kas vienam nereikalingas daiktas \u2013 kitam lobis, o mes esame tarpininkai, kurie padeda abiems tapti laimingesniems ???? \u017dinome kaip nelengva i\u0161gyventi ma\u017eiems verslams, tad nuo \u0161iol, \u010dia rasite ir kit\u0173, ma\u017e\u0173 \u0161eim\u0173 versl\u0173, rank\u0173 darbo, dovan\u0173 sau ir artimiesiems.\",\"publisher\":{\"@id\":\"https:\\\/\\\/skaitytaknyga.lt\\\/#organization\"},\"potentialAction\":[{\"@type\":\"SearchAction\",\"target\":{\"@type\":\"EntryPoint\",\"urlTemplate\":\"https:\\\/\\\/skaitytaknyga.lt\\\/?s={search_term_string}\"},\"query-input\":{\"@type\":\"PropertyValueSpecification\",\"valueRequired\":true,\"valueName\":\"search_term_string\"}}],\"inLanguage\":\"en-GB\"},{\"@type\":\"Organization\",\"@id\":\"https:\\\/\\\/skaitytaknyga.lt\\\/#organization\",\"name\":\"skaitytaknyga.lt\",\"url\":\"https:\\\/\\\/skaitytaknyga.lt\\\/\",\"logo\":{\"@type\":\"ImageObject\",\"inLanguage\":\"en-GB\",\"@id\":\"https:\\\/\\\/skaitytaknyga.lt\\\/#\\\/schema\\\/logo\\\/image\\\/\",\"url\":\"https:\\\/\\\/skaitytaknyga.lt\\\/wp-content\\\/uploads\\\/2024\\\/05\\\/cropped-cropped-cropped-02_00843_jt3bggkj1j3HLc7SyY6rEUpg.jpeg\",\"contentUrl\":\"https:\\\/\\\/skaitytaknyga.lt\\\/wp-content\\\/uploads\\\/2024\\\/05\\\/cropped-cropped-cropped-02_00843_jt3bggkj1j3HLc7SyY6rEUpg.jpeg\",\"width\":1600,\"height\":1600,\"caption\":\"skaitytaknyga.lt\"},\"image\":{\"@id\":\"https:\\\/\\\/skaitytaknyga.lt\\\/#\\\/schema\\\/logo\\\/image\\\/\"},\"sameAs\":[\"https:\\\/\\\/www.facebook.com\\\/skaitytaknyga\\\/\"]}]}<\/script>\n<!-- \/ Yoast SEO plugin. -->","yoast_head_json":{"title":"Trobel\u0117","description":"Per \u0161eimos atostogas pagrobiama jauniausia Makenzio Aleno Filipso dukt\u0117 Mis\u0117. Apleistoje trobel\u0117je Oregono laukini\u0173 mi\u0161k\u0173 gl\u016bdumoje aptikti \u012fkal\u010diai rodo, kad mergait\u0119 gal\u0117jo \u017eiauriai nu\u017eudyti. Pra\u0117jus ketveriems metams, slegiamas Did\u017eiojo Li\u016bdesio Makenzis gauna keist\u0105 lai\u0161k\u0105 neva nuo Dievo, kuris kvie\u010dia j\u012f savaitgaliui atva\u017eiuoti \u012f t\u0105 trobel\u0119.  Nepaisydamas proto balso, vien\u0105 \u017eiemos popiet\u0119 Makenzis atvyksta \u012f trobel\u0119, kuri jam primena i\u0161gyvent\u0105 ko\u0161mar\u0105. Ta\u010diau tai, k\u0105 ten randa, visiems laikams pakei\u010dia jo gyvenim\u0105.  Pasaulyje, kuriame religija praranda savo svarb\u0105, knyga ie\u0161ko atsakymo \u012f am\u017ein\u0105 klausim\u0105: kur \u017ei\u016bri Dievas, kai i\u0161gyvename skausm\u0105? Makenzio surasti atsakymai priblok\u0161 ir galb\u016bt pakeis Jus taip, kaip pakeit\u0117 j\u012f.","robots":{"index":"index","follow":"follow","max-snippet":"max-snippet:-1","max-image-preview":"max-image-preview:large","max-video-preview":"max-video-preview:-1"},"canonical":"https:\/\/skaitytaknyga.lt\/en\/produktas\/wm-paul-young-trobele\/","og_locale":"en_GB","og_type":"article","og_title":"[:lt]Trobel\u0117[:] - Skaitytaknyga","og_description":"Per \u0161eimos atostogas pagrobiama jauniausia Makenzio Aleno Filipso dukt\u0117 Mis\u0117. Apleistoje trobel\u0117je Oregono laukini\u0173 mi\u0161k\u0173 gl\u016bdumoje aptikti \u012fkal\u010diai rodo, kad mergait\u0119 gal\u0117jo \u017eiauriai nu\u017eudyti. Pra\u0117jus ketveriems metams, slegiamas Did\u017eiojo Li\u016bdesio Makenzis gauna keist\u0105 lai\u0161k\u0105 neva nuo Dievo, kuris kvie\u010dia j\u012f savaitgaliui atva\u017eiuoti \u012f t\u0105 trobel\u0119.  Nepaisydamas proto balso, vien\u0105 \u017eiemos popiet\u0119 Makenzis atvyksta \u012f trobel\u0119, kuri jam primena i\u0161gyvent\u0105 ko\u0161mar\u0105. Ta\u010diau tai, k\u0105 ten randa, visiems laikams pakei\u010dia jo gyvenim\u0105.  Pasaulyje, kuriame religija praranda savo svarb\u0105, knyga ie\u0161ko atsakymo \u012f am\u017ein\u0105 klausim\u0105: kur \u017ei\u016bri Dievas, kai i\u0161gyvename skausm\u0105? Makenzio surasti atsakymai priblok\u0161 ir galb\u016bt pakeis Jus taip, kaip pakeit\u0117 j\u012f.","og_url":"https:\/\/skaitytaknyga.lt\/en\/produktas\/wm-paul-young-trobele\/","og_site_name":"Skaitytaknyga","article_publisher":"https:\/\/www.facebook.com\/skaitytaknyga\/","article_modified_time":"2026-01-17T10:18:35+00:00","og_image":[{"width":266,"height":430,"url":"https:\/\/skaitytaknyga.lt\/wp-content\/uploads\/2024\/05\/1462873063_trobele.jpg","type":"image\/jpeg"}],"twitter_card":"summary_large_image","twitter_misc":{"Estimated reading time":"1 minute"},"schema":{"@context":"https:\/\/schema.org","@graph":[{"@type":"WebPage","@id":"https:\/\/skaitytaknyga.lt\/produktas\/wm-paul-young-trobele\/","url":"https:\/\/skaitytaknyga.lt\/produktas\/wm-paul-young-trobele\/","name":"Trobel\u0117","isPartOf":{"@id":"https:\/\/skaitytaknyga.lt\/#website"},"primaryImageOfPage":{"@id":"https:\/\/skaitytaknyga.lt\/produktas\/wm-paul-young-trobele\/#primaryimage"},"image":{"@id":"https:\/\/skaitytaknyga.lt\/produktas\/wm-paul-young-trobele\/#primaryimage"},"thumbnailUrl":"https:\/\/skaitytaknyga.lt\/wp-content\/uploads\/2024\/05\/1462873063_trobele.jpg","datePublished":"2024-05-02T13:33:40+00:00","dateModified":"2026-01-17T10:18:35+00:00","description":"Per \u0161eimos atostogas pagrobiama jauniausia Makenzio Aleno Filipso dukt\u0117 Mis\u0117. Apleistoje trobel\u0117je Oregono laukini\u0173 mi\u0161k\u0173 gl\u016bdumoje aptikti \u012fkal\u010diai rodo, kad mergait\u0119 gal\u0117jo \u017eiauriai nu\u017eudyti. Pra\u0117jus ketveriems metams, slegiamas Did\u017eiojo Li\u016bdesio Makenzis gauna keist\u0105 lai\u0161k\u0105 neva nuo Dievo, kuris kvie\u010dia j\u012f savaitgaliui atva\u017eiuoti \u012f t\u0105 trobel\u0119. Nepaisydamas proto balso, vien\u0105 \u017eiemos popiet\u0119 Makenzis atvyksta \u012f trobel\u0119, kuri jam primena i\u0161gyvent\u0105 ko\u0161mar\u0105. Ta\u010diau tai, k\u0105 ten randa, visiems laikams pakei\u010dia jo gyvenim\u0105. Pasaulyje, kuriame religija praranda savo svarb\u0105, knyga ie\u0161ko atsakymo \u012f am\u017ein\u0105 klausim\u0105: kur \u017ei\u016bri Dievas, kai i\u0161gyvename skausm\u0105? Makenzio surasti atsakymai priblok\u0161 ir galb\u016bt pakeis Jus taip, kaip pakeit\u0117 j\u012f.","breadcrumb":{"@id":"https:\/\/skaitytaknyga.lt\/produktas\/wm-paul-young-trobele\/#breadcrumb"},"inLanguage":"en-GB","potentialAction":[{"@type":"ReadAction","target":["https:\/\/skaitytaknyga.lt\/produktas\/wm-paul-young-trobele\/"]}]},{"@type":"ImageObject","inLanguage":"en-GB","@id":"https:\/\/skaitytaknyga.lt\/produktas\/wm-paul-young-trobele\/#primaryimage","url":"https:\/\/skaitytaknyga.lt\/wp-content\/uploads\/2024\/05\/1462873063_trobele.jpg","contentUrl":"https:\/\/skaitytaknyga.lt\/wp-content\/uploads\/2024\/05\/1462873063_trobele.jpg","width":266,"height":430},{"@type":"BreadcrumbList","@id":"https:\/\/skaitytaknyga.lt\/produktas\/wm-paul-young-trobele\/#breadcrumb","itemListElement":[{"@type":"ListItem","position":1,"name":"Home","item":"https:\/\/skaitytaknyga.lt\/"},{"@type":"ListItem","position":2,"name":"Parduotuv\u0117","item":"https:\/\/skaitytaknyga.lt\/knygu-parduotuve\/"},{"@type":"ListItem","position":3,"name":"Trobel\u0117"}]},{"@type":"WebSite","@id":"https:\/\/skaitytaknyga.lt\/#website","url":"https:\/\/skaitytaknyga.lt\/","name":"skaitytaknyga.lt","description":"Skaitytaknyga.lt \u2013 tai ma\u017eas \u0161eimos verslas, kuris prasid\u0117jo nuo meil\u0117s knygoms ir siekio i\u0161gelb\u0117ti knygas nuo likimo prie konteinerio. Kas vienam nereikalingas daiktas \u2013 kitam lobis, o mes esame tarpininkai, kurie padeda abiems tapti laimingesniems ???? \u017dinome kaip nelengva i\u0161gyventi ma\u017eiems verslams, tad nuo \u0161iol, \u010dia rasite ir kit\u0173, ma\u017e\u0173 \u0161eim\u0173 versl\u0173, rank\u0173 darbo, dovan\u0173 sau ir artimiesiems.","publisher":{"@id":"https:\/\/skaitytaknyga.lt\/#organization"},"potentialAction":[{"@type":"SearchAction","target":{"@type":"EntryPoint","urlTemplate":"https:\/\/skaitytaknyga.lt\/?s={search_term_string}"},"query-input":{"@type":"PropertyValueSpecification","valueRequired":true,"valueName":"search_term_string"}}],"inLanguage":"en-GB"},{"@type":"Organization","@id":"https:\/\/skaitytaknyga.lt\/#organization","name":"skaitytaknyga.lt","url":"https:\/\/skaitytaknyga.lt\/","logo":{"@type":"ImageObject","inLanguage":"en-GB","@id":"https:\/\/skaitytaknyga.lt\/#\/schema\/logo\/image\/","url":"https:\/\/skaitytaknyga.lt\/wp-content\/uploads\/2024\/05\/cropped-cropped-cropped-02_00843_jt3bggkj1j3HLc7SyY6rEUpg.jpeg","contentUrl":"https:\/\/skaitytaknyga.lt\/wp-content\/uploads\/2024\/05\/cropped-cropped-cropped-02_00843_jt3bggkj1j3HLc7SyY6rEUpg.jpeg","width":1600,"height":1600,"caption":"skaitytaknyga.lt"},"image":{"@id":"https:\/\/skaitytaknyga.lt\/#\/schema\/logo\/image\/"},"sameAs":["https:\/\/www.facebook.com\/skaitytaknyga\/"]}]}},"_links":{"self":[{"href":"https:\/\/skaitytaknyga.lt\/en\/wp-json\/wp\/v2\/product\/6958","targetHints":{"allow":["GET"]}}],"collection":[{"href":"https:\/\/skaitytaknyga.lt\/en\/wp-json\/wp\/v2\/product"}],"about":[{"href":"https:\/\/skaitytaknyga.lt\/en\/wp-json\/wp\/v2\/types\/product"}],"replies":[{"embeddable":true,"href":"https:\/\/skaitytaknyga.lt\/en\/wp-json\/wp\/v2\/comments?post=6958"}],"wp:featuredmedia":[{"embeddable":true,"href":"https:\/\/skaitytaknyga.lt\/en\/wp-json\/wp\/v2\/media\/6976"}],"wp:attachment":[{"href":"https:\/\/skaitytaknyga.lt\/en\/wp-json\/wp\/v2\/media?parent=6958"}],"wp:term":[{"taxonomy":"product_brand","embeddable":true,"href":"https:\/\/skaitytaknyga.lt\/en\/wp-json\/wp\/v2\/product_brand?post=6958"},{"taxonomy":"product_cat","embeddable":true,"href":"https:\/\/skaitytaknyga.lt\/en\/wp-json\/wp\/v2\/product_cat?post=6958"},{"taxonomy":"product_tag","embeddable":true,"href":"https:\/\/skaitytaknyga.lt\/en\/wp-json\/wp\/v2\/product_tag?post=6958"}],"curies":[{"name":"wp","href":"https:\/\/api.w.org\/{rel}","templated":true}]}}