{"id":6942,"date":"2024-05-02T13:33:07","date_gmt":"2024-05-02T13:33:07","guid":{"rendered":"https:\/\/skaitytaknyga.lt\/?post_type=product&#038;p=6942"},"modified":"2025-05-15T09:39:31","modified_gmt":"2025-05-15T06:39:31","slug":"nakties-sviesa-vakaro-meditacijos","status":"publish","type":"product","link":"https:\/\/skaitytaknyga.lt\/en\/produktas\/nakties-sviesa-vakaro-meditacijos\/","title":{"rendered":"Nakties \u0161viesa. Vakaro meditacijos"},"content":{"rendered":"<div class=\"u-text-wrap\">\u0160iame rinkinyje\u00a0<strong>&#8220;<\/strong><a class=\"listitem4\"><strong>Nakties \u0161viesa. Vakaro meditacijos&#8221;\u00a0<\/strong><\/a>\u012f\u017eymi\u0173 \u017emoni\u0173 citatos supa\u017eindina su giliais apm\u0105stymais apie pusiausvyr\u0105, savo vert\u0117s pajautim\u0105, tarpusavio santykius, nepriklausomyb\u0119.<br \/>\nI\u0161mintingos mintys suteikia pastovaus pasitik\u0117jimo bei stipryb\u0117s kiekvien\u0105 met\u0173 dien\u0105 ir nakt\u012f.Kas gali b\u016bti svarbiau, kaip nurimti po dienos kaleidoskopo &#8211; r\u016bpes\u010di\u0173, \u012ftampos, kar\u0161tligi\u0161kos skubos? \u012e\u017eymi\u0173 \u017emoni\u0173 mintys ir meditacijos j\u0173 tema pad\u0117s atgauti pusiausvyr\u0105, \u012fvertinti savo situacij\u0105. \u0160i naktini\u0173 apm\u0105stym\u0173 knyga kupina i\u0161minties, ap\u0161vie\u010dian\u010dios slenkst\u012f tarp \u0161iandienos ir rytdienos bei \u017eadan\u010dios nauj\u0105, geresn\u0117s dienos au\u0161r\u0105.<\/div>\n","protected":false},"excerpt":{"rendered":"<div class=\"u-text-wrap\">\u0160iame rinkinyje\u00a0<strong>&#8220;<\/strong><a class=\"listitem4\"><strong>Nakties \u0161viesa. Vakaro meditacijos&#8221;\u00a0<\/strong><\/a>\u012f\u017eymi\u0173 \u017emoni\u0173 citatos supa\u017eindina su giliais apm\u0105stymais apie pusiausvyr\u0105, savo vert\u0117s pajautim\u0105, tarpusavio santykius, nepriklausomyb\u0119.<br \/>\nI\u0161mintingos mintys suteikia pastovaus pasitik\u0117jimo bei stipryb\u0117s kiekvien\u0105 met\u0173 dien\u0105 ir nakt\u012f.Kas gali b\u016bti svarbiau, kaip nurimti po dienos kaleidoskopo &#8211; r\u016bpes\u010di\u0173, \u012ftampos, kar\u0161tligi\u0161kos skubos? \u012e\u017eymi\u0173 \u017emoni\u0173 mintys ir meditacijos j\u0173 tema pad\u0117s atgauti pusiausvyr\u0105, \u012fvertinti savo situacij\u0105. \u0160i naktini\u0173 apm\u0105stym\u0173 knyga kupina i\u0161minties, ap\u0161vie\u010dian\u010dios slenkst\u012f tarp \u0161iandienos ir rytdienos bei \u017eadan\u010dios nauj\u0105, geresn\u0117s dienos au\u0161r\u0105.<\/div>\n","protected":false},"featured_media":6962,"comment_status":"closed","ping_status":"closed","template":"","meta":{"_acf_changed":false,"site-sidebar-layout":"default","site-content-layout":"","ast-site-content-layout":"default","site-content-style":"default","site-sidebar-style":"default","ast-global-header-display":"","ast-banner-title-visibility":"","ast-main-header-display":"","ast-hfb-above-header-display":"","ast-hfb-below-header-display":"","ast-hfb-mobile-header-display":"","site-post-title":"","ast-breadcrumbs-content":"","ast-featured-img":"","footer-sml-layout":"","ast-disable-related-posts":"","theme-transparent-header-meta":"","adv-header-id-meta":"","stick-header-meta":"","header-above-stick-meta":"","header-main-stick-meta":"","header-below-stick-meta":"","astra-migrate-meta-layouts":"default","ast-page-background-enabled":"default","ast-page-background-meta":{"desktop":{"background-color":"","background-image":"","background-repeat":"repeat","background-position":"center center","background-size":"auto","background-attachment":"scroll","background-type":"","background-media":"","overlay-type":"","overlay-color":"","overlay-opacity":"","overlay-gradient":""},"tablet":{"background-color":"","background-image":"","background-repeat":"repeat","background-position":"center center","background-size":"auto","background-attachment":"scroll","background-type":"","background-media":"","overlay-type":"","overlay-color":"","overlay-opacity":"","overlay-gradient":""},"mobile":{"background-color":"","background-image":"","background-repeat":"repeat","background-position":"center center","background-size":"auto","background-attachment":"scroll","background-type":"","background-media":"","overlay-type":"","overlay-color":"","overlay-opacity":"","overlay-gradient":""}},"ast-content-background-meta":{"desktop":{"background-color":"var(--ast-global-color-4)","background-image":"","background-repeat":"repeat","background-position":"center center","background-size":"auto","background-attachment":"scroll","background-type":"","background-media":"","overlay-type":"","overlay-color":"","overlay-opacity":"","overlay-gradient":""},"tablet":{"background-color":"var(--ast-global-color-4)","background-image":"","background-repeat":"repeat","background-position":"center center","background-size":"auto","background-attachment":"scroll","background-type":"","background-media":"","overlay-type":"","overlay-color":"","overlay-opacity":"","overlay-gradient":""},"mobile":{"background-color":"var(--ast-global-color-4)","background-image":"","background-repeat":"repeat","background-position":"center center","background-size":"auto","background-attachment":"scroll","background-type":"","background-media":"","overlay-type":"","overlay-color":"","overlay-opacity":"","overlay-gradient":""}}},"product_brand":[],"product_cat":[165],"product_tag":[2770,2270,2769,1963,2768,2561,2767],"class_list":{"0":"post-6942","1":"product","2":"type-product","3":"status-publish","4":"has-post-thumbnail","6":"product_cat-religija-filosofija-ir-ezoterika","7":"product_tag-amy-e-dean","8":"product_tag-dvasinis-tobulejimas","9":"product_tag-gyvenimo-harmonija","10":"product_tag-meditacija","11":"product_tag-ramybe","12":"product_tag-saves-pazinimas","13":"product_tag-vakaro-ritualai","14":"desktop-align-left","15":"tablet-align-left","16":"mobile-align-left","18":"first","19":"instock","20":"shipping-taxable","21":"purchasable","22":"product-type-simple"},"acf":[],"yoast_head":"<!-- This site is optimized with the Yoast SEO plugin v27.0 - https:\/\/yoast.com\/product\/yoast-seo-wordpress\/ -->\n<title>Nakties \u0161viesa. Vakaro meditacijos<\/title>\n<meta name=\"description\" content=\"\u0160iame rinkinyje\u00a0&quot;Nakties \u0161viesa. Vakaro meditacijos&quot;\u00a0\u012f\u017eymi\u0173 \u017emoni\u0173 citatos supa\u017eindina su giliais apm\u0105stymais apie pusiausvyr\u0105, savo vert\u0117s pajautim\u0105, tarpusavio santykius, nepriklausomyb\u0119. I\u0161mintingos mintys suteikia pastovaus pasitik\u0117jimo bei stipryb\u0117s kiekvien\u0105 met\u0173 dien\u0105 ir nakt\u012f.Kas gali b\u016bti svarbiau, kaip nurimti po dienos kaleidoskopo - r\u016bpes\u010di\u0173, \u012ftampos, kar\u0161tligi\u0161kos skubos? \u012e\u017eymi\u0173 \u017emoni\u0173 mintys ir meditacijos j\u0173 tema pad\u0117s atgauti pusiausvyr\u0105, \u012fvertinti savo situacij\u0105. \u0160i naktini\u0173 apm\u0105stym\u0173 knyga kupina i\u0161minties, ap\u0161vie\u010dian\u010dios slenkst\u012f tarp \u0161iandienos ir rytdienos bei \u017eadan\u010dios nauj\u0105, geresn\u0117s dienos au\u0161r\u0105.\" \/>\n<meta name=\"robots\" content=\"index, follow, max-snippet:-1, max-image-preview:large, max-video-preview:-1\" \/>\n<link rel=\"canonical\" href=\"https:\/\/skaitytaknyga.lt\/en\/produktas\/nakties-sviesa-vakaro-meditacijos\/\" \/>\n<meta property=\"og:locale\" content=\"en_GB\" \/>\n<meta property=\"og:locale:alternate\" content=\"lt_LT\" \/>\n<meta property=\"og:type\" content=\"article\" \/>\n<meta property=\"og:title\" content=\"Nakties \u0161viesa. Vakaro meditacijos\" \/>\n<meta property=\"og:description\" content=\"\u0160iame rinkinyje\u00a0&quot;Nakties \u0161viesa. Vakaro meditacijos&quot;\u00a0\u012f\u017eymi\u0173 \u017emoni\u0173 citatos supa\u017eindina su giliais apm\u0105stymais apie pusiausvyr\u0105, savo vert\u0117s pajautim\u0105, tarpusavio santykius, nepriklausomyb\u0119. I\u0161mintingos mintys suteikia pastovaus pasitik\u0117jimo bei stipryb\u0117s kiekvien\u0105 met\u0173 dien\u0105 ir nakt\u012f.Kas gali b\u016bti svarbiau, kaip nurimti po dienos kaleidoskopo - r\u016bpes\u010di\u0173, \u012ftampos, kar\u0161tligi\u0161kos skubos? \u012e\u017eymi\u0173 \u017emoni\u0173 mintys ir meditacijos j\u0173 tema pad\u0117s atgauti pusiausvyr\u0105, \u012fvertinti savo situacij\u0105. \u0160i naktini\u0173 apm\u0105stym\u0173 knyga kupina i\u0161minties, ap\u0161vie\u010dian\u010dios slenkst\u012f tarp \u0161iandienos ir rytdienos bei \u017eadan\u010dios nauj\u0105, geresn\u0117s dienos au\u0161r\u0105.\" \/>\n<meta property=\"og:url\" content=\"https:\/\/skaitytaknyga.lt\/en\/produktas\/nakties-sviesa-vakaro-meditacijos\/\" \/>\n<meta property=\"og:site_name\" content=\"Skaitytaknyga\" \/>\n<meta property=\"article:publisher\" content=\"https:\/\/www.facebook.com\/skaitytaknyga\/\" \/>\n<meta property=\"article:modified_time\" content=\"2025-05-15T06:39:31+00:00\" \/>\n<meta property=\"og:image\" content=\"https:\/\/skaitytaknyga.lt\/wp-content\/uploads\/2024\/05\/nakties-sveisa.jpg\" \/>\n\t<meta property=\"og:image:width\" content=\"297\" \/>\n\t<meta property=\"og:image:height\" content=\"430\" \/>\n\t<meta property=\"og:image:type\" content=\"image\/jpeg\" \/>\n<meta name=\"twitter:card\" content=\"summary_large_image\" \/>\n<meta name=\"twitter:label1\" content=\"Estimated reading time\" \/>\n\t<meta name=\"twitter:data1\" content=\"1 minute\" \/>\n<script type=\"application\/ld+json\" class=\"yoast-schema-graph\">{\"@context\":\"https:\/\/schema.org\",\"@graph\":[{\"@type\":\"WebPage\",\"@id\":\"https:\/\/skaitytaknyga.lt\/produktas\/nakties-sviesa-vakaro-meditacijos\/\",\"url\":\"https:\/\/skaitytaknyga.lt\/produktas\/nakties-sviesa-vakaro-meditacijos\/\",\"name\":\"Nakties \u0161viesa. Vakaro meditacijos\",\"isPartOf\":{\"@id\":\"https:\/\/skaitytaknyga.lt\/#website\"},\"primaryImageOfPage\":{\"@id\":\"https:\/\/skaitytaknyga.lt\/produktas\/nakties-sviesa-vakaro-meditacijos\/#primaryimage\"},\"image\":{\"@id\":\"https:\/\/skaitytaknyga.lt\/produktas\/nakties-sviesa-vakaro-meditacijos\/#primaryimage\"},\"thumbnailUrl\":\"https:\/\/skaitytaknyga.lt\/wp-content\/uploads\/2024\/05\/nakties-sveisa.jpg\",\"datePublished\":\"2024-05-02T13:33:07+00:00\",\"dateModified\":\"2025-05-15T06:39:31+00:00\",\"description\":\"\u0160iame rinkinyje\u00a0\\\"Nakties \u0161viesa. Vakaro meditacijos\\\"\u00a0\u012f\u017eymi\u0173 \u017emoni\u0173 citatos supa\u017eindina su giliais apm\u0105stymais apie pusiausvyr\u0105, savo vert\u0117s pajautim\u0105, tarpusavio santykius, nepriklausomyb\u0119. I\u0161mintingos mintys suteikia pastovaus pasitik\u0117jimo bei stipryb\u0117s kiekvien\u0105 met\u0173 dien\u0105 ir nakt\u012f.Kas gali b\u016bti svarbiau, kaip nurimti po dienos kaleidoskopo - r\u016bpes\u010di\u0173, \u012ftampos, kar\u0161tligi\u0161kos skubos? \u012e\u017eymi\u0173 \u017emoni\u0173 mintys ir meditacijos j\u0173 tema pad\u0117s atgauti pusiausvyr\u0105, \u012fvertinti savo situacij\u0105. \u0160i naktini\u0173 apm\u0105stym\u0173 knyga kupina i\u0161minties, ap\u0161vie\u010dian\u010dios slenkst\u012f tarp \u0161iandienos ir rytdienos bei \u017eadan\u010dios nauj\u0105, geresn\u0117s dienos au\u0161r\u0105.\",\"breadcrumb\":{\"@id\":\"https:\/\/skaitytaknyga.lt\/produktas\/nakties-sviesa-vakaro-meditacijos\/#breadcrumb\"},\"inLanguage\":\"en-GB\",\"potentialAction\":[{\"@type\":\"ReadAction\",\"target\":[\"https:\/\/skaitytaknyga.lt\/produktas\/nakties-sviesa-vakaro-meditacijos\/\"]}]},{\"@type\":\"ImageObject\",\"inLanguage\":\"en-GB\",\"@id\":\"https:\/\/skaitytaknyga.lt\/produktas\/nakties-sviesa-vakaro-meditacijos\/#primaryimage\",\"url\":\"https:\/\/skaitytaknyga.lt\/wp-content\/uploads\/2024\/05\/nakties-sveisa.jpg\",\"contentUrl\":\"https:\/\/skaitytaknyga.lt\/wp-content\/uploads\/2024\/05\/nakties-sveisa.jpg\",\"width\":297,\"height\":430,\"caption\":\"{+title+}\"},{\"@type\":\"BreadcrumbList\",\"@id\":\"https:\/\/skaitytaknyga.lt\/produktas\/nakties-sviesa-vakaro-meditacijos\/#breadcrumb\",\"itemListElement\":[{\"@type\":\"ListItem\",\"position\":1,\"name\":\"Home\",\"item\":\"https:\/\/skaitytaknyga.lt\/\"},{\"@type\":\"ListItem\",\"position\":2,\"name\":\"Parduotuv\u0117\",\"item\":\"https:\/\/skaitytaknyga.lt\/knygu-parduotuve\/\"},{\"@type\":\"ListItem\",\"position\":3,\"name\":\"Nakties \u0161viesa. Vakaro meditacijos\"}]},{\"@type\":\"WebSite\",\"@id\":\"https:\/\/skaitytaknyga.lt\/#website\",\"url\":\"https:\/\/skaitytaknyga.lt\/\",\"name\":\"skaitytaknyga.lt\",\"description\":\"Skaitytaknyga.lt \u2013 tai ma\u017eas \u0161eimos verslas, kuris prasid\u0117jo nuo meil\u0117s knygoms ir siekio i\u0161gelb\u0117ti knygas nuo likimo prie konteinerio. Kas vienam nereikalingas daiktas \u2013 kitam lobis, o mes esame tarpininkai, kurie padeda abiems tapti laimingesniems ???? \u017dinome kaip nelengva i\u0161gyventi ma\u017eiems verslams, tad nuo \u0161iol, \u010dia rasite ir kit\u0173, ma\u017e\u0173 \u0161eim\u0173 versl\u0173, rank\u0173 darbo, dovan\u0173 sau ir artimiesiems.\",\"publisher\":{\"@id\":\"https:\/\/skaitytaknyga.lt\/#organization\"},\"potentialAction\":[{\"@type\":\"SearchAction\",\"target\":{\"@type\":\"EntryPoint\",\"urlTemplate\":\"https:\/\/skaitytaknyga.lt\/?s={search_term_string}\"},\"query-input\":{\"@type\":\"PropertyValueSpecification\",\"valueRequired\":true,\"valueName\":\"search_term_string\"}}],\"inLanguage\":\"en-GB\"},{\"@type\":\"Organization\",\"@id\":\"https:\/\/skaitytaknyga.lt\/#organization\",\"name\":\"skaitytaknyga.lt\",\"url\":\"https:\/\/skaitytaknyga.lt\/\",\"logo\":{\"@type\":\"ImageObject\",\"inLanguage\":\"en-GB\",\"@id\":\"https:\/\/skaitytaknyga.lt\/#\/schema\/logo\/image\/\",\"url\":\"https:\/\/skaitytaknyga.lt\/wp-content\/uploads\/2024\/05\/cropped-cropped-cropped-02_00843_jt3bggkj1j3HLc7SyY6rEUpg.jpeg\",\"contentUrl\":\"https:\/\/skaitytaknyga.lt\/wp-content\/uploads\/2024\/05\/cropped-cropped-cropped-02_00843_jt3bggkj1j3HLc7SyY6rEUpg.jpeg\",\"width\":1600,\"height\":1600,\"caption\":\"skaitytaknyga.lt\"},\"image\":{\"@id\":\"https:\/\/skaitytaknyga.lt\/#\/schema\/logo\/image\/\"},\"sameAs\":[\"https:\/\/www.facebook.com\/skaitytaknyga\/\"]}]}<\/script>\n<!-- \/ Yoast SEO plugin. -->","yoast_head_json":{"title":"Nakties \u0161viesa. Vakaro meditacijos","description":"\u0160iame rinkinyje\u00a0\"Nakties \u0161viesa. Vakaro meditacijos\"\u00a0\u012f\u017eymi\u0173 \u017emoni\u0173 citatos supa\u017eindina su giliais apm\u0105stymais apie pusiausvyr\u0105, savo vert\u0117s pajautim\u0105, tarpusavio santykius, nepriklausomyb\u0119. I\u0161mintingos mintys suteikia pastovaus pasitik\u0117jimo bei stipryb\u0117s kiekvien\u0105 met\u0173 dien\u0105 ir nakt\u012f.Kas gali b\u016bti svarbiau, kaip nurimti po dienos kaleidoskopo - r\u016bpes\u010di\u0173, \u012ftampos, kar\u0161tligi\u0161kos skubos? \u012e\u017eymi\u0173 \u017emoni\u0173 mintys ir meditacijos j\u0173 tema pad\u0117s atgauti pusiausvyr\u0105, \u012fvertinti savo situacij\u0105. \u0160i naktini\u0173 apm\u0105stym\u0173 knyga kupina i\u0161minties, ap\u0161vie\u010dian\u010dios slenkst\u012f tarp \u0161iandienos ir rytdienos bei \u017eadan\u010dios nauj\u0105, geresn\u0117s dienos au\u0161r\u0105.","robots":{"index":"index","follow":"follow","max-snippet":"max-snippet:-1","max-image-preview":"max-image-preview:large","max-video-preview":"max-video-preview:-1"},"canonical":"https:\/\/skaitytaknyga.lt\/en\/produktas\/nakties-sviesa-vakaro-meditacijos\/","og_locale":"en_GB","og_type":"article","og_title":"[:lt]Nakties \u0161viesa. Vakaro meditacijos[:] - Skaitytaknyga","og_description":"\u0160iame rinkinyje\u00a0\"Nakties \u0161viesa. Vakaro meditacijos\"\u00a0\u012f\u017eymi\u0173 \u017emoni\u0173 citatos supa\u017eindina su giliais apm\u0105stymais apie pusiausvyr\u0105, savo vert\u0117s pajautim\u0105, tarpusavio santykius, nepriklausomyb\u0119. I\u0161mintingos mintys suteikia pastovaus pasitik\u0117jimo bei stipryb\u0117s kiekvien\u0105 met\u0173 dien\u0105 ir nakt\u012f.Kas gali b\u016bti svarbiau, kaip nurimti po dienos kaleidoskopo - r\u016bpes\u010di\u0173, \u012ftampos, kar\u0161tligi\u0161kos skubos? \u012e\u017eymi\u0173 \u017emoni\u0173 mintys ir meditacijos j\u0173 tema pad\u0117s atgauti pusiausvyr\u0105, \u012fvertinti savo situacij\u0105. \u0160i naktini\u0173 apm\u0105stym\u0173 knyga kupina i\u0161minties, ap\u0161vie\u010dian\u010dios slenkst\u012f tarp \u0161iandienos ir rytdienos bei \u017eadan\u010dios nauj\u0105, geresn\u0117s dienos au\u0161r\u0105.","og_url":"https:\/\/skaitytaknyga.lt\/en\/produktas\/nakties-sviesa-vakaro-meditacijos\/","og_site_name":"Skaitytaknyga","article_publisher":"https:\/\/www.facebook.com\/skaitytaknyga\/","article_modified_time":"2025-05-15T06:39:31+00:00","og_image":[{"width":297,"height":430,"url":"https:\/\/skaitytaknyga.lt\/wp-content\/uploads\/2024\/05\/nakties-sveisa.jpg","type":"image\/jpeg"}],"twitter_card":"summary_large_image","twitter_misc":{"Estimated reading time":"1 minute"},"schema":{"@context":"https:\/\/schema.org","@graph":[{"@type":"WebPage","@id":"https:\/\/skaitytaknyga.lt\/produktas\/nakties-sviesa-vakaro-meditacijos\/","url":"https:\/\/skaitytaknyga.lt\/produktas\/nakties-sviesa-vakaro-meditacijos\/","name":"Nakties \u0161viesa. Vakaro meditacijos","isPartOf":{"@id":"https:\/\/skaitytaknyga.lt\/#website"},"primaryImageOfPage":{"@id":"https:\/\/skaitytaknyga.lt\/produktas\/nakties-sviesa-vakaro-meditacijos\/#primaryimage"},"image":{"@id":"https:\/\/skaitytaknyga.lt\/produktas\/nakties-sviesa-vakaro-meditacijos\/#primaryimage"},"thumbnailUrl":"https:\/\/skaitytaknyga.lt\/wp-content\/uploads\/2024\/05\/nakties-sveisa.jpg","datePublished":"2024-05-02T13:33:07+00:00","dateModified":"2025-05-15T06:39:31+00:00","description":"\u0160iame rinkinyje\u00a0\"Nakties \u0161viesa. Vakaro meditacijos\"\u00a0\u012f\u017eymi\u0173 \u017emoni\u0173 citatos supa\u017eindina su giliais apm\u0105stymais apie pusiausvyr\u0105, savo vert\u0117s pajautim\u0105, tarpusavio santykius, nepriklausomyb\u0119. I\u0161mintingos mintys suteikia pastovaus pasitik\u0117jimo bei stipryb\u0117s kiekvien\u0105 met\u0173 dien\u0105 ir nakt\u012f.Kas gali b\u016bti svarbiau, kaip nurimti po dienos kaleidoskopo - r\u016bpes\u010di\u0173, \u012ftampos, kar\u0161tligi\u0161kos skubos? \u012e\u017eymi\u0173 \u017emoni\u0173 mintys ir meditacijos j\u0173 tema pad\u0117s atgauti pusiausvyr\u0105, \u012fvertinti savo situacij\u0105. \u0160i naktini\u0173 apm\u0105stym\u0173 knyga kupina i\u0161minties, ap\u0161vie\u010dian\u010dios slenkst\u012f tarp \u0161iandienos ir rytdienos bei \u017eadan\u010dios nauj\u0105, geresn\u0117s dienos au\u0161r\u0105.","breadcrumb":{"@id":"https:\/\/skaitytaknyga.lt\/produktas\/nakties-sviesa-vakaro-meditacijos\/#breadcrumb"},"inLanguage":"en-GB","potentialAction":[{"@type":"ReadAction","target":["https:\/\/skaitytaknyga.lt\/produktas\/nakties-sviesa-vakaro-meditacijos\/"]}]},{"@type":"ImageObject","inLanguage":"en-GB","@id":"https:\/\/skaitytaknyga.lt\/produktas\/nakties-sviesa-vakaro-meditacijos\/#primaryimage","url":"https:\/\/skaitytaknyga.lt\/wp-content\/uploads\/2024\/05\/nakties-sveisa.jpg","contentUrl":"https:\/\/skaitytaknyga.lt\/wp-content\/uploads\/2024\/05\/nakties-sveisa.jpg","width":297,"height":430,"caption":"{+title+}"},{"@type":"BreadcrumbList","@id":"https:\/\/skaitytaknyga.lt\/produktas\/nakties-sviesa-vakaro-meditacijos\/#breadcrumb","itemListElement":[{"@type":"ListItem","position":1,"name":"Home","item":"https:\/\/skaitytaknyga.lt\/"},{"@type":"ListItem","position":2,"name":"Parduotuv\u0117","item":"https:\/\/skaitytaknyga.lt\/knygu-parduotuve\/"},{"@type":"ListItem","position":3,"name":"Nakties \u0161viesa. Vakaro meditacijos"}]},{"@type":"WebSite","@id":"https:\/\/skaitytaknyga.lt\/#website","url":"https:\/\/skaitytaknyga.lt\/","name":"skaitytaknyga.lt","description":"Skaitytaknyga.lt \u2013 tai ma\u017eas \u0161eimos verslas, kuris prasid\u0117jo nuo meil\u0117s knygoms ir siekio i\u0161gelb\u0117ti knygas nuo likimo prie konteinerio. Kas vienam nereikalingas daiktas \u2013 kitam lobis, o mes esame tarpininkai, kurie padeda abiems tapti laimingesniems ???? \u017dinome kaip nelengva i\u0161gyventi ma\u017eiems verslams, tad nuo \u0161iol, \u010dia rasite ir kit\u0173, ma\u017e\u0173 \u0161eim\u0173 versl\u0173, rank\u0173 darbo, dovan\u0173 sau ir artimiesiems.","publisher":{"@id":"https:\/\/skaitytaknyga.lt\/#organization"},"potentialAction":[{"@type":"SearchAction","target":{"@type":"EntryPoint","urlTemplate":"https:\/\/skaitytaknyga.lt\/?s={search_term_string}"},"query-input":{"@type":"PropertyValueSpecification","valueRequired":true,"valueName":"search_term_string"}}],"inLanguage":"en-GB"},{"@type":"Organization","@id":"https:\/\/skaitytaknyga.lt\/#organization","name":"skaitytaknyga.lt","url":"https:\/\/skaitytaknyga.lt\/","logo":{"@type":"ImageObject","inLanguage":"en-GB","@id":"https:\/\/skaitytaknyga.lt\/#\/schema\/logo\/image\/","url":"https:\/\/skaitytaknyga.lt\/wp-content\/uploads\/2024\/05\/cropped-cropped-cropped-02_00843_jt3bggkj1j3HLc7SyY6rEUpg.jpeg","contentUrl":"https:\/\/skaitytaknyga.lt\/wp-content\/uploads\/2024\/05\/cropped-cropped-cropped-02_00843_jt3bggkj1j3HLc7SyY6rEUpg.jpeg","width":1600,"height":1600,"caption":"skaitytaknyga.lt"},"image":{"@id":"https:\/\/skaitytaknyga.lt\/#\/schema\/logo\/image\/"},"sameAs":["https:\/\/www.facebook.com\/skaitytaknyga\/"]}]}},"_links":{"self":[{"href":"https:\/\/skaitytaknyga.lt\/en\/wp-json\/wp\/v2\/product\/6942","targetHints":{"allow":["GET"]}}],"collection":[{"href":"https:\/\/skaitytaknyga.lt\/en\/wp-json\/wp\/v2\/product"}],"about":[{"href":"https:\/\/skaitytaknyga.lt\/en\/wp-json\/wp\/v2\/types\/product"}],"replies":[{"embeddable":true,"href":"https:\/\/skaitytaknyga.lt\/en\/wp-json\/wp\/v2\/comments?post=6942"}],"wp:featuredmedia":[{"embeddable":true,"href":"https:\/\/skaitytaknyga.lt\/en\/wp-json\/wp\/v2\/media\/6962"}],"wp:attachment":[{"href":"https:\/\/skaitytaknyga.lt\/en\/wp-json\/wp\/v2\/media?parent=6942"}],"wp:term":[{"taxonomy":"product_brand","embeddable":true,"href":"https:\/\/skaitytaknyga.lt\/en\/wp-json\/wp\/v2\/product_brand?post=6942"},{"taxonomy":"product_cat","embeddable":true,"href":"https:\/\/skaitytaknyga.lt\/en\/wp-json\/wp\/v2\/product_cat?post=6942"},{"taxonomy":"product_tag","embeddable":true,"href":"https:\/\/skaitytaknyga.lt\/en\/wp-json\/wp\/v2\/product_tag?post=6942"}],"curies":[{"name":"wp","href":"https:\/\/api.w.org\/{rel}","templated":true}]}}