{"id":6928,"date":"2024-05-02T13:32:44","date_gmt":"2024-05-02T13:32:44","guid":{"rendered":"https:\/\/skaitytaknyga.lt\/?post_type=product&#038;p=6928"},"modified":"2026-03-18T15:00:05","modified_gmt":"2026-03-18T13:00:05","slug":"l-sepetys-neprarastoji-karta","status":"publish","type":"product","link":"https:\/\/skaitytaknyga.lt\/en\/produktas\/l-sepetys-neprarastoji-karta\/","title":{"rendered":"Neprarastoji karta"},"content":{"rendered":"<p>&nbsp;<\/p>\n<div class=\"collapsor\">Knygos autorius \u2013 viena ry\u0161kiausi\u0173 ir m\u012fslingiausi\u0173 asmenybi\u0173 Lietuvos politikoje ir kult\u016bros gyvenime. Atsiminimuose i\u0161kyla reik\u0161mingi \u012fvykiai, paveikusieji visuomen\u0117s bei kult\u016bros raid\u0105 sovietme\u010diu ir Atgimimo laikotarpiu, t\u0173 proces\u0173 l\u0117m\u0117jai ir \u017eym\u016bs menininkai. Asmeni\u0161kas pasakojimas apie save, savo kart\u0105 ir laik\u0105 prisodrintas ne\u017einom\u0173 ir ma\u017eai kam \u017einom\u0173 fakt\u0173, individuali\u0173 charakteristik\u0173, lig \u0161iol neatsiskleidusi\u0173 autoriaus apm\u0105stym\u0173 ir \u012f\u017evalg\u0173. I\u0161liekamosios vert\u0117s paliudijimai supinti su asmeni\u0161kais vertinimais, autoironi\u0161kais \u017evilgsniais, visuomen\u0117s ir kult\u016bros veik\u0117jo kintan\u010dia savivoka.<\/div>\n<p>&nbsp;<\/p>\n","protected":false},"excerpt":{"rendered":"<p>&nbsp;<\/p>\n<div class=\"collapsor\">Knygos autorius \u2013 viena ry\u0161kiausi\u0173 ir m\u012fslingiausi\u0173 asmenybi\u0173 Lietuvos politikoje ir kult\u016bros gyvenime. Atsiminimuose i\u0161kyla reik\u0161mingi \u012fvykiai, paveikusieji visuomen\u0117s bei kult\u016bros raid\u0105 sovietme\u010diu ir Atgimimo laikotarpiu, t\u0173 proces\u0173 l\u0117m\u0117jai ir \u017eym\u016bs menininkai. Asmeni\u0161kas pasakojimas apie save, savo kart\u0105 ir laik\u0105 prisodrintas ne\u017einom\u0173 ir ma\u017eai kam \u017einom\u0173 fakt\u0173, individuali\u0173 charakteristik\u0173, lig \u0161iol neatsiskleidusi\u0173 autoriaus apm\u0105stym\u0173 ir \u012f\u017evalg\u0173. I\u0161liekamosios vert\u0117s paliudijimai supinti su asmeni\u0161kais vertinimais, autoironi\u0161kais \u017evilgsniais, visuomen\u0117s ir kult\u016bros veik\u0117jo kintan\u010dia savivoka.<\/div>\n<p>&nbsp;<\/p>\n","protected":false},"featured_media":6948,"comment_status":"closed","ping_status":"closed","template":"","meta":{"_acf_changed":false,"site-sidebar-layout":"default","site-content-layout":"","ast-site-content-layout":"default","site-content-style":"default","site-sidebar-style":"default","ast-global-header-display":"","ast-banner-title-visibility":"","ast-main-header-display":"","ast-hfb-above-header-display":"","ast-hfb-below-header-display":"","ast-hfb-mobile-header-display":"","site-post-title":"","ast-breadcrumbs-content":"","ast-featured-img":"","footer-sml-layout":"","ast-disable-related-posts":"","theme-transparent-header-meta":"","adv-header-id-meta":"","stick-header-meta":"","header-above-stick-meta":"","header-main-stick-meta":"","header-below-stick-meta":"","astra-migrate-meta-layouts":"default","ast-page-background-enabled":"default","ast-page-background-meta":{"desktop":{"background-color":"","background-image":"","background-repeat":"repeat","background-position":"center center","background-size":"auto","background-attachment":"scroll","background-type":"","background-media":"","overlay-type":"","overlay-color":"","overlay-opacity":"","overlay-gradient":""},"tablet":{"background-color":"","background-image":"","background-repeat":"repeat","background-position":"center center","background-size":"auto","background-attachment":"scroll","background-type":"","background-media":"","overlay-type":"","overlay-color":"","overlay-opacity":"","overlay-gradient":""},"mobile":{"background-color":"","background-image":"","background-repeat":"repeat","background-position":"center center","background-size":"auto","background-attachment":"scroll","background-type":"","background-media":"","overlay-type":"","overlay-color":"","overlay-opacity":"","overlay-gradient":""}},"ast-content-background-meta":{"desktop":{"background-color":"var(--ast-global-color-4)","background-image":"","background-repeat":"repeat","background-position":"center center","background-size":"auto","background-attachment":"scroll","background-type":"","background-media":"","overlay-type":"","overlay-color":"","overlay-opacity":"","overlay-gradient":""},"tablet":{"background-color":"var(--ast-global-color-4)","background-image":"","background-repeat":"repeat","background-position":"center center","background-size":"auto","background-attachment":"scroll","background-type":"","background-media":"","overlay-type":"","overlay-color":"","overlay-opacity":"","overlay-gradient":""},"mobile":{"background-color":"var(--ast-global-color-4)","background-image":"","background-repeat":"repeat","background-position":"center center","background-size":"auto","background-attachment":"scroll","background-type":"","background-media":"","overlay-type":"","overlay-color":"","overlay-opacity":"","overlay-gradient":""}}},"product_brand":[],"product_cat":[9862,174],"product_tag":[],"class_list":{"0":"post-6928","1":"product","2":"type-product","3":"status-publish","4":"has-post-thumbnail","6":"product_cat-lietuvos-istorija","7":"product_cat-istorija-ir-politologija","8":"pa_virselis-minkstas","9":"desktop-align-left","10":"tablet-align-left","11":"mobile-align-left","13":"first","14":"outofstock","15":"shipping-taxable","16":"purchasable","17":"product-type-simple"},"acf":[],"yoast_head":"<!-- This site is optimized with the Yoast SEO plugin v27.0 - https:\/\/yoast.com\/product\/yoast-seo-wordpress\/ -->\n<title>Neprarastoji karta<\/title>\n<meta name=\"description\" content=\"&nbsp; Knygos autorius \u2013 viena ry\u0161kiausi\u0173 ir m\u012fslingiausi\u0173 asmenybi\u0173 Lietuvos politikoje ir kult\u016bros gyvenime. Atsiminimuose i\u0161kyla reik\u0161mingi \u012fvykiai, paveikusieji visuomen\u0117s bei kult\u016bros raid\u0105 sovietme\u010diu ir Atgimimo laikotarpiu, t\u0173 proces\u0173 l\u0117m\u0117jai ir \u017eym\u016bs menininkai. Asmeni\u0161kas pasakojimas apie save, savo kart\u0105 ir laik\u0105 prisodrintas ne\u017einom\u0173 ir ma\u017eai kam \u017einom\u0173 fakt\u0173, individuali\u0173 charakteristik\u0173, lig \u0161iol neatsiskleidusi\u0173 autoriaus apm\u0105stym\u0173 ir \u012f\u017evalg\u0173. I\u0161liekamosios vert\u0117s paliudijimai supinti su asmeni\u0161kais vertinimais, autoironi\u0161kais \u017evilgsniais, visuomen\u0117s ir kult\u016bros veik\u0117jo kintan\u010dia savivoka. &nbsp;\" \/>\n<meta name=\"robots\" content=\"index, follow, max-snippet:-1, max-image-preview:large, max-video-preview:-1\" \/>\n<link rel=\"canonical\" href=\"https:\/\/skaitytaknyga.lt\/en\/produktas\/l-sepetys-neprarastoji-karta\/\" \/>\n<meta property=\"og:locale\" content=\"en_GB\" \/>\n<meta property=\"og:locale:alternate\" content=\"lt_LT\" \/>\n<meta property=\"og:type\" content=\"article\" \/>\n<meta property=\"og:title\" content=\"Neprarastoji karta\" \/>\n<meta property=\"og:description\" content=\"&nbsp; Knygos autorius \u2013 viena ry\u0161kiausi\u0173 ir m\u012fslingiausi\u0173 asmenybi\u0173 Lietuvos politikoje ir kult\u016bros gyvenime. Atsiminimuose i\u0161kyla reik\u0161mingi \u012fvykiai, paveikusieji visuomen\u0117s bei kult\u016bros raid\u0105 sovietme\u010diu ir Atgimimo laikotarpiu, t\u0173 proces\u0173 l\u0117m\u0117jai ir \u017eym\u016bs menininkai. Asmeni\u0161kas pasakojimas apie save, savo kart\u0105 ir laik\u0105 prisodrintas ne\u017einom\u0173 ir ma\u017eai kam \u017einom\u0173 fakt\u0173, individuali\u0173 charakteristik\u0173, lig \u0161iol neatsiskleidusi\u0173 autoriaus apm\u0105stym\u0173 ir \u012f\u017evalg\u0173. I\u0161liekamosios vert\u0117s paliudijimai supinti su asmeni\u0161kais vertinimais, autoironi\u0161kais \u017evilgsniais, visuomen\u0117s ir kult\u016bros veik\u0117jo kintan\u010dia savivoka. &nbsp;\" \/>\n<meta property=\"og:url\" content=\"https:\/\/skaitytaknyga.lt\/en\/produktas\/l-sepetys-neprarastoji-karta\/\" \/>\n<meta property=\"og:site_name\" content=\"Skaitytaknyga\" \/>\n<meta property=\"article:publisher\" content=\"https:\/\/www.facebook.com\/skaitytaknyga\/\" \/>\n<meta property=\"article:modified_time\" content=\"2026-03-18T13:00:05+00:00\" \/>\n<meta property=\"og:image\" content=\"https:\/\/skaitytaknyga.lt\/wp-content\/uploads\/2024\/05\/neprarastoji-karta-e1634925283545.jpg\" \/>\n\t<meta property=\"og:image:width\" content=\"167\" \/>\n\t<meta property=\"og:image:height\" content=\"256\" \/>\n\t<meta property=\"og:image:type\" content=\"image\/jpeg\" \/>\n<meta name=\"twitter:card\" content=\"summary_large_image\" \/>\n<meta name=\"twitter:label1\" content=\"Estimated reading time\" \/>\n\t<meta name=\"twitter:data1\" content=\"1 minute\" \/>\n<script type=\"application\/ld+json\" class=\"yoast-schema-graph\">{\"@context\":\"https:\/\/schema.org\",\"@graph\":[{\"@type\":\"WebPage\",\"@id\":\"https:\/\/skaitytaknyga.lt\/produktas\/l-sepetys-neprarastoji-karta\/\",\"url\":\"https:\/\/skaitytaknyga.lt\/produktas\/l-sepetys-neprarastoji-karta\/\",\"name\":\"Neprarastoji karta\",\"isPartOf\":{\"@id\":\"https:\/\/skaitytaknyga.lt\/#website\"},\"primaryImageOfPage\":{\"@id\":\"https:\/\/skaitytaknyga.lt\/produktas\/l-sepetys-neprarastoji-karta\/#primaryimage\"},\"image\":{\"@id\":\"https:\/\/skaitytaknyga.lt\/produktas\/l-sepetys-neprarastoji-karta\/#primaryimage\"},\"thumbnailUrl\":\"https:\/\/skaitytaknyga.lt\/wp-content\/uploads\/2024\/05\/neprarastoji-karta-e1634925283545.jpg\",\"datePublished\":\"2024-05-02T13:32:44+00:00\",\"dateModified\":\"2026-03-18T13:00:05+00:00\",\"description\":\"&nbsp; Knygos autorius \u2013 viena ry\u0161kiausi\u0173 ir m\u012fslingiausi\u0173 asmenybi\u0173 Lietuvos politikoje ir kult\u016bros gyvenime. Atsiminimuose i\u0161kyla reik\u0161mingi \u012fvykiai, paveikusieji visuomen\u0117s bei kult\u016bros raid\u0105 sovietme\u010diu ir Atgimimo laikotarpiu, t\u0173 proces\u0173 l\u0117m\u0117jai ir \u017eym\u016bs menininkai. Asmeni\u0161kas pasakojimas apie save, savo kart\u0105 ir laik\u0105 prisodrintas ne\u017einom\u0173 ir ma\u017eai kam \u017einom\u0173 fakt\u0173, individuali\u0173 charakteristik\u0173, lig \u0161iol neatsiskleidusi\u0173 autoriaus apm\u0105stym\u0173 ir \u012f\u017evalg\u0173. I\u0161liekamosios vert\u0117s paliudijimai supinti su asmeni\u0161kais vertinimais, autoironi\u0161kais \u017evilgsniais, visuomen\u0117s ir kult\u016bros veik\u0117jo kintan\u010dia savivoka. &nbsp;\",\"breadcrumb\":{\"@id\":\"https:\/\/skaitytaknyga.lt\/produktas\/l-sepetys-neprarastoji-karta\/#breadcrumb\"},\"inLanguage\":\"en-GB\",\"potentialAction\":[{\"@type\":\"ReadAction\",\"target\":[\"https:\/\/skaitytaknyga.lt\/produktas\/l-sepetys-neprarastoji-karta\/\"]}]},{\"@type\":\"ImageObject\",\"inLanguage\":\"en-GB\",\"@id\":\"https:\/\/skaitytaknyga.lt\/produktas\/l-sepetys-neprarastoji-karta\/#primaryimage\",\"url\":\"https:\/\/skaitytaknyga.lt\/wp-content\/uploads\/2024\/05\/neprarastoji-karta-e1634925283545.jpg\",\"contentUrl\":\"https:\/\/skaitytaknyga.lt\/wp-content\/uploads\/2024\/05\/neprarastoji-karta-e1634925283545.jpg\",\"width\":167,\"height\":256,\"caption\":\"{+title+}\"},{\"@type\":\"BreadcrumbList\",\"@id\":\"https:\/\/skaitytaknyga.lt\/produktas\/l-sepetys-neprarastoji-karta\/#breadcrumb\",\"itemListElement\":[{\"@type\":\"ListItem\",\"position\":1,\"name\":\"Home\",\"item\":\"https:\/\/skaitytaknyga.lt\/\"},{\"@type\":\"ListItem\",\"position\":2,\"name\":\"Parduotuv\u0117\",\"item\":\"https:\/\/skaitytaknyga.lt\/knygu-parduotuve\/\"},{\"@type\":\"ListItem\",\"position\":3,\"name\":\"Neprarastoji karta\"}]},{\"@type\":\"WebSite\",\"@id\":\"https:\/\/skaitytaknyga.lt\/#website\",\"url\":\"https:\/\/skaitytaknyga.lt\/\",\"name\":\"skaitytaknyga.lt\",\"description\":\"Skaitytaknyga.lt \u2013 tai ma\u017eas \u0161eimos verslas, kuris prasid\u0117jo nuo meil\u0117s knygoms ir siekio i\u0161gelb\u0117ti knygas nuo likimo prie konteinerio. Kas vienam nereikalingas daiktas \u2013 kitam lobis, o mes esame tarpininkai, kurie padeda abiems tapti laimingesniems ???? \u017dinome kaip nelengva i\u0161gyventi ma\u017eiems verslams, tad nuo \u0161iol, \u010dia rasite ir kit\u0173, ma\u017e\u0173 \u0161eim\u0173 versl\u0173, rank\u0173 darbo, dovan\u0173 sau ir artimiesiems.\",\"publisher\":{\"@id\":\"https:\/\/skaitytaknyga.lt\/#organization\"},\"potentialAction\":[{\"@type\":\"SearchAction\",\"target\":{\"@type\":\"EntryPoint\",\"urlTemplate\":\"https:\/\/skaitytaknyga.lt\/?s={search_term_string}\"},\"query-input\":{\"@type\":\"PropertyValueSpecification\",\"valueRequired\":true,\"valueName\":\"search_term_string\"}}],\"inLanguage\":\"en-GB\"},{\"@type\":\"Organization\",\"@id\":\"https:\/\/skaitytaknyga.lt\/#organization\",\"name\":\"skaitytaknyga.lt\",\"url\":\"https:\/\/skaitytaknyga.lt\/\",\"logo\":{\"@type\":\"ImageObject\",\"inLanguage\":\"en-GB\",\"@id\":\"https:\/\/skaitytaknyga.lt\/#\/schema\/logo\/image\/\",\"url\":\"https:\/\/skaitytaknyga.lt\/wp-content\/uploads\/2024\/05\/cropped-cropped-cropped-02_00843_jt3bggkj1j3HLc7SyY6rEUpg.jpeg\",\"contentUrl\":\"https:\/\/skaitytaknyga.lt\/wp-content\/uploads\/2024\/05\/cropped-cropped-cropped-02_00843_jt3bggkj1j3HLc7SyY6rEUpg.jpeg\",\"width\":1600,\"height\":1600,\"caption\":\"skaitytaknyga.lt\"},\"image\":{\"@id\":\"https:\/\/skaitytaknyga.lt\/#\/schema\/logo\/image\/\"},\"sameAs\":[\"https:\/\/www.facebook.com\/skaitytaknyga\/\"]}]}<\/script>\n<!-- \/ Yoast SEO plugin. -->","yoast_head_json":{"title":"Neprarastoji karta","description":"&nbsp; Knygos autorius \u2013 viena ry\u0161kiausi\u0173 ir m\u012fslingiausi\u0173 asmenybi\u0173 Lietuvos politikoje ir kult\u016bros gyvenime. Atsiminimuose i\u0161kyla reik\u0161mingi \u012fvykiai, paveikusieji visuomen\u0117s bei kult\u016bros raid\u0105 sovietme\u010diu ir Atgimimo laikotarpiu, t\u0173 proces\u0173 l\u0117m\u0117jai ir \u017eym\u016bs menininkai. Asmeni\u0161kas pasakojimas apie save, savo kart\u0105 ir laik\u0105 prisodrintas ne\u017einom\u0173 ir ma\u017eai kam \u017einom\u0173 fakt\u0173, individuali\u0173 charakteristik\u0173, lig \u0161iol neatsiskleidusi\u0173 autoriaus apm\u0105stym\u0173 ir \u012f\u017evalg\u0173. I\u0161liekamosios vert\u0117s paliudijimai supinti su asmeni\u0161kais vertinimais, autoironi\u0161kais \u017evilgsniais, visuomen\u0117s ir kult\u016bros veik\u0117jo kintan\u010dia savivoka. &nbsp;","robots":{"index":"index","follow":"follow","max-snippet":"max-snippet:-1","max-image-preview":"max-image-preview:large","max-video-preview":"max-video-preview:-1"},"canonical":"https:\/\/skaitytaknyga.lt\/en\/produktas\/l-sepetys-neprarastoji-karta\/","og_locale":"en_GB","og_type":"article","og_title":"[:lt]Neprarastoji karta[:] - Skaitytaknyga","og_description":"&nbsp; Knygos autorius \u2013 viena ry\u0161kiausi\u0173 ir m\u012fslingiausi\u0173 asmenybi\u0173 Lietuvos politikoje ir kult\u016bros gyvenime. Atsiminimuose i\u0161kyla reik\u0161mingi \u012fvykiai, paveikusieji visuomen\u0117s bei kult\u016bros raid\u0105 sovietme\u010diu ir Atgimimo laikotarpiu, t\u0173 proces\u0173 l\u0117m\u0117jai ir \u017eym\u016bs menininkai. Asmeni\u0161kas pasakojimas apie save, savo kart\u0105 ir laik\u0105 prisodrintas ne\u017einom\u0173 ir ma\u017eai kam \u017einom\u0173 fakt\u0173, individuali\u0173 charakteristik\u0173, lig \u0161iol neatsiskleidusi\u0173 autoriaus apm\u0105stym\u0173 ir \u012f\u017evalg\u0173. I\u0161liekamosios vert\u0117s paliudijimai supinti su asmeni\u0161kais vertinimais, autoironi\u0161kais \u017evilgsniais, visuomen\u0117s ir kult\u016bros veik\u0117jo kintan\u010dia savivoka. &nbsp;","og_url":"https:\/\/skaitytaknyga.lt\/en\/produktas\/l-sepetys-neprarastoji-karta\/","og_site_name":"Skaitytaknyga","article_publisher":"https:\/\/www.facebook.com\/skaitytaknyga\/","article_modified_time":"2026-03-18T13:00:05+00:00","og_image":[{"width":167,"height":256,"url":"https:\/\/skaitytaknyga.lt\/wp-content\/uploads\/2024\/05\/neprarastoji-karta-e1634925283545.jpg","type":"image\/jpeg"}],"twitter_card":"summary_large_image","twitter_misc":{"Estimated reading time":"1 minute"},"schema":{"@context":"https:\/\/schema.org","@graph":[{"@type":"WebPage","@id":"https:\/\/skaitytaknyga.lt\/produktas\/l-sepetys-neprarastoji-karta\/","url":"https:\/\/skaitytaknyga.lt\/produktas\/l-sepetys-neprarastoji-karta\/","name":"Neprarastoji karta","isPartOf":{"@id":"https:\/\/skaitytaknyga.lt\/#website"},"primaryImageOfPage":{"@id":"https:\/\/skaitytaknyga.lt\/produktas\/l-sepetys-neprarastoji-karta\/#primaryimage"},"image":{"@id":"https:\/\/skaitytaknyga.lt\/produktas\/l-sepetys-neprarastoji-karta\/#primaryimage"},"thumbnailUrl":"https:\/\/skaitytaknyga.lt\/wp-content\/uploads\/2024\/05\/neprarastoji-karta-e1634925283545.jpg","datePublished":"2024-05-02T13:32:44+00:00","dateModified":"2026-03-18T13:00:05+00:00","description":"&nbsp; Knygos autorius \u2013 viena ry\u0161kiausi\u0173 ir m\u012fslingiausi\u0173 asmenybi\u0173 Lietuvos politikoje ir kult\u016bros gyvenime. Atsiminimuose i\u0161kyla reik\u0161mingi \u012fvykiai, paveikusieji visuomen\u0117s bei kult\u016bros raid\u0105 sovietme\u010diu ir Atgimimo laikotarpiu, t\u0173 proces\u0173 l\u0117m\u0117jai ir \u017eym\u016bs menininkai. Asmeni\u0161kas pasakojimas apie save, savo kart\u0105 ir laik\u0105 prisodrintas ne\u017einom\u0173 ir ma\u017eai kam \u017einom\u0173 fakt\u0173, individuali\u0173 charakteristik\u0173, lig \u0161iol neatsiskleidusi\u0173 autoriaus apm\u0105stym\u0173 ir \u012f\u017evalg\u0173. I\u0161liekamosios vert\u0117s paliudijimai supinti su asmeni\u0161kais vertinimais, autoironi\u0161kais \u017evilgsniais, visuomen\u0117s ir kult\u016bros veik\u0117jo kintan\u010dia savivoka. &nbsp;","breadcrumb":{"@id":"https:\/\/skaitytaknyga.lt\/produktas\/l-sepetys-neprarastoji-karta\/#breadcrumb"},"inLanguage":"en-GB","potentialAction":[{"@type":"ReadAction","target":["https:\/\/skaitytaknyga.lt\/produktas\/l-sepetys-neprarastoji-karta\/"]}]},{"@type":"ImageObject","inLanguage":"en-GB","@id":"https:\/\/skaitytaknyga.lt\/produktas\/l-sepetys-neprarastoji-karta\/#primaryimage","url":"https:\/\/skaitytaknyga.lt\/wp-content\/uploads\/2024\/05\/neprarastoji-karta-e1634925283545.jpg","contentUrl":"https:\/\/skaitytaknyga.lt\/wp-content\/uploads\/2024\/05\/neprarastoji-karta-e1634925283545.jpg","width":167,"height":256,"caption":"{+title+}"},{"@type":"BreadcrumbList","@id":"https:\/\/skaitytaknyga.lt\/produktas\/l-sepetys-neprarastoji-karta\/#breadcrumb","itemListElement":[{"@type":"ListItem","position":1,"name":"Home","item":"https:\/\/skaitytaknyga.lt\/"},{"@type":"ListItem","position":2,"name":"Parduotuv\u0117","item":"https:\/\/skaitytaknyga.lt\/knygu-parduotuve\/"},{"@type":"ListItem","position":3,"name":"Neprarastoji karta"}]},{"@type":"WebSite","@id":"https:\/\/skaitytaknyga.lt\/#website","url":"https:\/\/skaitytaknyga.lt\/","name":"skaitytaknyga.lt","description":"Skaitytaknyga.lt \u2013 tai ma\u017eas \u0161eimos verslas, kuris prasid\u0117jo nuo meil\u0117s knygoms ir siekio i\u0161gelb\u0117ti knygas nuo likimo prie konteinerio. Kas vienam nereikalingas daiktas \u2013 kitam lobis, o mes esame tarpininkai, kurie padeda abiems tapti laimingesniems ???? \u017dinome kaip nelengva i\u0161gyventi ma\u017eiems verslams, tad nuo \u0161iol, \u010dia rasite ir kit\u0173, ma\u017e\u0173 \u0161eim\u0173 versl\u0173, rank\u0173 darbo, dovan\u0173 sau ir artimiesiems.","publisher":{"@id":"https:\/\/skaitytaknyga.lt\/#organization"},"potentialAction":[{"@type":"SearchAction","target":{"@type":"EntryPoint","urlTemplate":"https:\/\/skaitytaknyga.lt\/?s={search_term_string}"},"query-input":{"@type":"PropertyValueSpecification","valueRequired":true,"valueName":"search_term_string"}}],"inLanguage":"en-GB"},{"@type":"Organization","@id":"https:\/\/skaitytaknyga.lt\/#organization","name":"skaitytaknyga.lt","url":"https:\/\/skaitytaknyga.lt\/","logo":{"@type":"ImageObject","inLanguage":"en-GB","@id":"https:\/\/skaitytaknyga.lt\/#\/schema\/logo\/image\/","url":"https:\/\/skaitytaknyga.lt\/wp-content\/uploads\/2024\/05\/cropped-cropped-cropped-02_00843_jt3bggkj1j3HLc7SyY6rEUpg.jpeg","contentUrl":"https:\/\/skaitytaknyga.lt\/wp-content\/uploads\/2024\/05\/cropped-cropped-cropped-02_00843_jt3bggkj1j3HLc7SyY6rEUpg.jpeg","width":1600,"height":1600,"caption":"skaitytaknyga.lt"},"image":{"@id":"https:\/\/skaitytaknyga.lt\/#\/schema\/logo\/image\/"},"sameAs":["https:\/\/www.facebook.com\/skaitytaknyga\/"]}]}},"_links":{"self":[{"href":"https:\/\/skaitytaknyga.lt\/en\/wp-json\/wp\/v2\/product\/6928","targetHints":{"allow":["GET"]}}],"collection":[{"href":"https:\/\/skaitytaknyga.lt\/en\/wp-json\/wp\/v2\/product"}],"about":[{"href":"https:\/\/skaitytaknyga.lt\/en\/wp-json\/wp\/v2\/types\/product"}],"replies":[{"embeddable":true,"href":"https:\/\/skaitytaknyga.lt\/en\/wp-json\/wp\/v2\/comments?post=6928"}],"wp:featuredmedia":[{"embeddable":true,"href":"https:\/\/skaitytaknyga.lt\/en\/wp-json\/wp\/v2\/media\/6948"}],"wp:attachment":[{"href":"https:\/\/skaitytaknyga.lt\/en\/wp-json\/wp\/v2\/media?parent=6928"}],"wp:term":[{"taxonomy":"product_brand","embeddable":true,"href":"https:\/\/skaitytaknyga.lt\/en\/wp-json\/wp\/v2\/product_brand?post=6928"},{"taxonomy":"product_cat","embeddable":true,"href":"https:\/\/skaitytaknyga.lt\/en\/wp-json\/wp\/v2\/product_cat?post=6928"},{"taxonomy":"product_tag","embeddable":true,"href":"https:\/\/skaitytaknyga.lt\/en\/wp-json\/wp\/v2\/product_tag?post=6928"}],"curies":[{"name":"wp","href":"https:\/\/api.w.org\/{rel}","templated":true}]}}