{"id":6927,"date":"2024-05-02T13:32:44","date_gmt":"2024-05-02T13:32:44","guid":{"rendered":"https:\/\/skaitytaknyga.lt\/?post_type=product&#038;p=6927"},"modified":"2024-05-03T07:30:05","modified_gmt":"2024-05-03T07:30:05","slug":"giesmes-dangaus-miestui","status":"publish","type":"product","link":"https:\/\/skaitytaknyga.lt\/en\/produktas\/giesmes-dangaus-miestui\/","title":{"rendered":"Giesm\u0117s dangaus miestui"},"content":{"rendered":"<div class=\"u-text-wrap\"><span class=\"Text_text__QBn4- Text_body__MkQC- Text_left__3s3CR Text_format__3gQYg\">Santrauka: XVI-XVIII am\u017eiaus lietuvi\u0173 ba\u017enytini\u0173 giesmi\u0173 antologija. Pareng\u0117 Dainora Poci\u016bt\u0117-Abukevi\u010dien\u0117, Mikas Vaicekauskas. \u0160ioje XVI-XVIII a. giesmi\u0173 antologijoje pateikiamos giesm\u0117s i\u0161 vis\u0173 XVI-XVIII a. pagrindini\u0173 lietuvi\u0161k\u0173 giesmyn\u0173. Kataliki\u0161kos giesm\u0117s atrinktos ne tik i\u0161 giesmyn\u0173, bet ir i\u0161 kai kuri\u0173 kit\u0173 leidini\u0173, kuriuose b\u016bdavo spausdinama po kelet\u0105 giesmi\u0173, bei vieno rankra\u0161tinio giesmi\u0173 rinkin\u0117lio. Antologij\u0105 sudaro trys dalys: liuteron\u0173, katalik\u0173 bei kalvinist\u0173 giesm\u0117s. Kiekvienos dalies tekstai pateikiami chronologine giesmyn\u0173 pasirodymo tvarka, tokiu b\u016bdu i\u0161 dalies atspindint ir kiekvieno giesmyno savitum\u0105.<\/span><\/div>\n","protected":false},"excerpt":{"rendered":"<div class=\"u-text-wrap\"><span class=\"Text_text__QBn4- Text_body__MkQC- Text_left__3s3CR Text_format__3gQYg\">Santrauka: XVI-XVIII am\u017eiaus lietuvi\u0173 ba\u017enytini\u0173 giesmi\u0173 antologija. Pareng\u0117 Dainora Poci\u016bt\u0117-Abukevi\u010dien\u0117, Mikas Vaicekauskas. \u0160ioje XVI-XVIII a. giesmi\u0173 antologijoje pateikiamos giesm\u0117s i\u0161 vis\u0173 XVI-XVIII a. pagrindini\u0173 lietuvi\u0161k\u0173 giesmyn\u0173. Kataliki\u0161kos giesm\u0117s atrinktos ne tik i\u0161 giesmyn\u0173, bet ir i\u0161 kai kuri\u0173 kit\u0173 leidini\u0173, kuriuose b\u016bdavo spausdinama po kelet\u0105 giesmi\u0173, bei vieno rankra\u0161tinio giesmi\u0173 rinkin\u0117lio. Antologij\u0105 sudaro trys dalys: liuteron\u0173, katalik\u0173 bei kalvinist\u0173 giesm\u0117s. Kiekvienos dalies tekstai pateikiami chronologine giesmyn\u0173 pasirodymo tvarka, tokiu b\u016bdu i\u0161 dalies atspindint ir kiekvieno giesmyno savitum\u0105.<\/span><\/div>\n","protected":false},"featured_media":6947,"comment_status":"closed","ping_status":"closed","template":"","meta":{"_acf_changed":false,"site-sidebar-layout":"default","site-content-layout":"","ast-site-content-layout":"default","site-content-style":"default","site-sidebar-style":"default","ast-global-header-display":"","ast-banner-title-visibility":"","ast-main-header-display":"","ast-hfb-above-header-display":"","ast-hfb-below-header-display":"","ast-hfb-mobile-header-display":"","site-post-title":"","ast-breadcrumbs-content":"","ast-featured-img":"","footer-sml-layout":"","ast-disable-related-posts":"","theme-transparent-header-meta":"","adv-header-id-meta":"","stick-header-meta":"","header-above-stick-meta":"","header-main-stick-meta":"","header-below-stick-meta":"","astra-migrate-meta-layouts":"default","ast-page-background-enabled":"default","ast-page-background-meta":{"desktop":{"background-color":"","background-image":"","background-repeat":"repeat","background-position":"center center","background-size":"auto","background-attachment":"scroll","background-type":"","background-media":"","overlay-type":"","overlay-color":"","overlay-opacity":"","overlay-gradient":""},"tablet":{"background-color":"","background-image":"","background-repeat":"repeat","background-position":"center center","background-size":"auto","background-attachment":"scroll","background-type":"","background-media":"","overlay-type":"","overlay-color":"","overlay-opacity":"","overlay-gradient":""},"mobile":{"background-color":"","background-image":"","background-repeat":"repeat","background-position":"center center","background-size":"auto","background-attachment":"scroll","background-type":"","background-media":"","overlay-type":"","overlay-color":"","overlay-opacity":"","overlay-gradient":""}},"ast-content-background-meta":{"desktop":{"background-color":"var(--ast-global-color-4)","background-image":"","background-repeat":"repeat","background-position":"center center","background-size":"auto","background-attachment":"scroll","background-type":"","background-media":"","overlay-type":"","overlay-color":"","overlay-opacity":"","overlay-gradient":""},"tablet":{"background-color":"var(--ast-global-color-4)","background-image":"","background-repeat":"repeat","background-position":"center center","background-size":"auto","background-attachment":"scroll","background-type":"","background-media":"","overlay-type":"","overlay-color":"","overlay-opacity":"","overlay-gradient":""},"mobile":{"background-color":"var(--ast-global-color-4)","background-image":"","background-repeat":"repeat","background-position":"center center","background-size":"auto","background-attachment":"scroll","background-type":"","background-media":"","overlay-type":"","overlay-color":"","overlay-opacity":"","overlay-gradient":""}}},"product_brand":[],"product_cat":[165],"product_tag":[],"class_list":{"0":"post-6927","1":"product","2":"type-product","3":"status-publish","4":"has-post-thumbnail","6":"product_cat-religija-filosofija-ir-ezoterika","7":"desktop-align-left","8":"tablet-align-left","9":"mobile-align-left","11":"first","12":"outofstock","13":"shipping-taxable","14":"purchasable","15":"product-type-simple"},"acf":[],"yoast_head":"<!-- This site is optimized with the Yoast SEO plugin v27.0 - https:\/\/yoast.com\/product\/yoast-seo-wordpress\/ -->\n<title>Giesm\u0117s dangaus miestui - Skaitytaknyga<\/title>\n<meta name=\"description\" content=\"Santrauka: XVI-XVIII am\u017eiaus lietuvi\u0173 ba\u017enytini\u0173 giesmi\u0173 antologija. Pareng\u0117 Dainora Poci\u016bt\u0117-Abukevi\u010dien\u0117, Mikas Vaicekauskas. \u0160ioje XVI-XVIII a. giesmi\u0173 antologijoje pateikiamos giesm\u0117s i\u0161 vis\u0173 XVI-XVIII a. pagrindini\u0173 lietuvi\u0161k\u0173 giesmyn\u0173. Kataliki\u0161kos giesm\u0117s atrinktos ne tik i\u0161 giesmyn\u0173, bet ir i\u0161 kai kuri\u0173 kit\u0173 leidini\u0173, kuriuose b\u016bdavo spausdinama po kelet\u0105 giesmi\u0173, bei vieno rankra\u0161tinio giesmi\u0173 rinkin\u0117lio. Antologij\u0105 sudaro trys dalys: liuteron\u0173, katalik\u0173 bei kalvinist\u0173 giesm\u0117s. Kiekvienos dalies tekstai pateikiami chronologine giesmyn\u0173 pasirodymo tvarka, tokiu b\u016bdu i\u0161 dalies atspindint ir kiekvieno giesmyno savitum\u0105.\" \/>\n<meta name=\"robots\" content=\"index, follow, max-snippet:-1, max-image-preview:large, max-video-preview:-1\" \/>\n<link rel=\"canonical\" href=\"https:\/\/skaitytaknyga.lt\/en\/produktas\/giesmes-dangaus-miestui\/\" \/>\n<meta property=\"og:locale\" content=\"en_GB\" \/>\n<meta property=\"og:locale:alternate\" content=\"lt_LT\" \/>\n<meta property=\"og:type\" content=\"article\" \/>\n<meta property=\"og:title\" content=\"Giesm\u0117s dangaus miestui - Skaitytaknyga\" \/>\n<meta property=\"og:description\" content=\"Santrauka: XVI-XVIII am\u017eiaus lietuvi\u0173 ba\u017enytini\u0173 giesmi\u0173 antologija. Pareng\u0117 Dainora Poci\u016bt\u0117-Abukevi\u010dien\u0117, Mikas Vaicekauskas. \u0160ioje XVI-XVIII a. giesmi\u0173 antologijoje pateikiamos giesm\u0117s i\u0161 vis\u0173 XVI-XVIII a. pagrindini\u0173 lietuvi\u0161k\u0173 giesmyn\u0173. Kataliki\u0161kos giesm\u0117s atrinktos ne tik i\u0161 giesmyn\u0173, bet ir i\u0161 kai kuri\u0173 kit\u0173 leidini\u0173, kuriuose b\u016bdavo spausdinama po kelet\u0105 giesmi\u0173, bei vieno rankra\u0161tinio giesmi\u0173 rinkin\u0117lio. Antologij\u0105 sudaro trys dalys: liuteron\u0173, katalik\u0173 bei kalvinist\u0173 giesm\u0117s. Kiekvienos dalies tekstai pateikiami chronologine giesmyn\u0173 pasirodymo tvarka, tokiu b\u016bdu i\u0161 dalies atspindint ir kiekvieno giesmyno savitum\u0105.\" \/>\n<meta property=\"og:url\" content=\"https:\/\/skaitytaknyga.lt\/en\/produktas\/giesmes-dangaus-miestui\/\" \/>\n<meta property=\"og:site_name\" content=\"Skaitytaknyga\" \/>\n<meta property=\"article:publisher\" content=\"https:\/\/www.facebook.com\/skaitytaknyga\/\" \/>\n<meta property=\"article:modified_time\" content=\"2024-05-03T07:30:05+00:00\" \/>\n<meta property=\"og:image\" content=\"https:\/\/skaitytaknyga.lt\/wp-content\/uploads\/2024\/05\/01_009f4_re7WN3XuMNTAHE3yJdVPGHbp-e1634925141743.jpeg\" \/>\n\t<meta property=\"og:image:width\" content=\"496\" \/>\n\t<meta property=\"og:image:height\" content=\"792\" \/>\n\t<meta property=\"og:image:type\" content=\"image\/jpeg\" \/>\n<meta name=\"twitter:card\" content=\"summary_large_image\" \/>\n<meta name=\"twitter:label1\" content=\"Estimated reading time\" \/>\n\t<meta name=\"twitter:data1\" content=\"1 minute\" \/>\n<script type=\"application\/ld+json\" class=\"yoast-schema-graph\">{\"@context\":\"https:\/\/schema.org\",\"@graph\":[{\"@type\":\"WebPage\",\"@id\":\"https:\/\/skaitytaknyga.lt\/produktas\/giesmes-dangaus-miestui\/\",\"url\":\"https:\/\/skaitytaknyga.lt\/produktas\/giesmes-dangaus-miestui\/\",\"name\":\"Giesm\u0117s dangaus miestui - Skaitytaknyga\",\"isPartOf\":{\"@id\":\"https:\/\/skaitytaknyga.lt\/#website\"},\"primaryImageOfPage\":{\"@id\":\"https:\/\/skaitytaknyga.lt\/produktas\/giesmes-dangaus-miestui\/#primaryimage\"},\"image\":{\"@id\":\"https:\/\/skaitytaknyga.lt\/produktas\/giesmes-dangaus-miestui\/#primaryimage\"},\"thumbnailUrl\":\"https:\/\/skaitytaknyga.lt\/wp-content\/uploads\/2024\/05\/01_009f4_re7WN3XuMNTAHE3yJdVPGHbp-e1634925141743.jpeg\",\"datePublished\":\"2024-05-02T13:32:44+00:00\",\"dateModified\":\"2024-05-03T07:30:05+00:00\",\"description\":\"Santrauka: XVI-XVIII am\u017eiaus lietuvi\u0173 ba\u017enytini\u0173 giesmi\u0173 antologija. Pareng\u0117 Dainora Poci\u016bt\u0117-Abukevi\u010dien\u0117, Mikas Vaicekauskas. \u0160ioje XVI-XVIII a. giesmi\u0173 antologijoje pateikiamos giesm\u0117s i\u0161 vis\u0173 XVI-XVIII a. pagrindini\u0173 lietuvi\u0161k\u0173 giesmyn\u0173. Kataliki\u0161kos giesm\u0117s atrinktos ne tik i\u0161 giesmyn\u0173, bet ir i\u0161 kai kuri\u0173 kit\u0173 leidini\u0173, kuriuose b\u016bdavo spausdinama po kelet\u0105 giesmi\u0173, bei vieno rankra\u0161tinio giesmi\u0173 rinkin\u0117lio. Antologij\u0105 sudaro trys dalys: liuteron\u0173, katalik\u0173 bei kalvinist\u0173 giesm\u0117s. Kiekvienos dalies tekstai pateikiami chronologine giesmyn\u0173 pasirodymo tvarka, tokiu b\u016bdu i\u0161 dalies atspindint ir kiekvieno giesmyno savitum\u0105.\",\"breadcrumb\":{\"@id\":\"https:\/\/skaitytaknyga.lt\/produktas\/giesmes-dangaus-miestui\/#breadcrumb\"},\"inLanguage\":\"en-GB\",\"potentialAction\":[{\"@type\":\"ReadAction\",\"target\":[\"https:\/\/skaitytaknyga.lt\/produktas\/giesmes-dangaus-miestui\/\"]}]},{\"@type\":\"ImageObject\",\"inLanguage\":\"en-GB\",\"@id\":\"https:\/\/skaitytaknyga.lt\/produktas\/giesmes-dangaus-miestui\/#primaryimage\",\"url\":\"https:\/\/skaitytaknyga.lt\/wp-content\/uploads\/2024\/05\/01_009f4_re7WN3XuMNTAHE3yJdVPGHbp-e1634925141743.jpeg\",\"contentUrl\":\"https:\/\/skaitytaknyga.lt\/wp-content\/uploads\/2024\/05\/01_009f4_re7WN3XuMNTAHE3yJdVPGHbp-e1634925141743.jpeg\",\"width\":496,\"height\":792,\"caption\":\"{+title+}\"},{\"@type\":\"BreadcrumbList\",\"@id\":\"https:\/\/skaitytaknyga.lt\/produktas\/giesmes-dangaus-miestui\/#breadcrumb\",\"itemListElement\":[{\"@type\":\"ListItem\",\"position\":1,\"name\":\"Home\",\"item\":\"https:\/\/skaitytaknyga.lt\/\"},{\"@type\":\"ListItem\",\"position\":2,\"name\":\"Parduotuv\u0117\",\"item\":\"https:\/\/skaitytaknyga.lt\/knygu-parduotuve\/\"},{\"@type\":\"ListItem\",\"position\":3,\"name\":\"Giesm\u0117s dangaus miestui\"}]},{\"@type\":\"WebSite\",\"@id\":\"https:\/\/skaitytaknyga.lt\/#website\",\"url\":\"https:\/\/skaitytaknyga.lt\/\",\"name\":\"skaitytaknyga.lt\",\"description\":\"Skaitytaknyga.lt \u2013 tai ma\u017eas \u0161eimos verslas, kuris prasid\u0117jo nuo meil\u0117s knygoms ir siekio i\u0161gelb\u0117ti knygas nuo likimo prie konteinerio. Kas vienam nereikalingas daiktas \u2013 kitam lobis, o mes esame tarpininkai, kurie padeda abiems tapti laimingesniems ???? \u017dinome kaip nelengva i\u0161gyventi ma\u017eiems verslams, tad nuo \u0161iol, \u010dia rasite ir kit\u0173, ma\u017e\u0173 \u0161eim\u0173 versl\u0173, rank\u0173 darbo, dovan\u0173 sau ir artimiesiems.\",\"publisher\":{\"@id\":\"https:\/\/skaitytaknyga.lt\/#organization\"},\"potentialAction\":[{\"@type\":\"SearchAction\",\"target\":{\"@type\":\"EntryPoint\",\"urlTemplate\":\"https:\/\/skaitytaknyga.lt\/?s={search_term_string}\"},\"query-input\":{\"@type\":\"PropertyValueSpecification\",\"valueRequired\":true,\"valueName\":\"search_term_string\"}}],\"inLanguage\":\"en-GB\"},{\"@type\":\"Organization\",\"@id\":\"https:\/\/skaitytaknyga.lt\/#organization\",\"name\":\"skaitytaknyga.lt\",\"url\":\"https:\/\/skaitytaknyga.lt\/\",\"logo\":{\"@type\":\"ImageObject\",\"inLanguage\":\"en-GB\",\"@id\":\"https:\/\/skaitytaknyga.lt\/#\/schema\/logo\/image\/\",\"url\":\"https:\/\/skaitytaknyga.lt\/wp-content\/uploads\/2024\/05\/cropped-cropped-cropped-02_00843_jt3bggkj1j3HLc7SyY6rEUpg.jpeg\",\"contentUrl\":\"https:\/\/skaitytaknyga.lt\/wp-content\/uploads\/2024\/05\/cropped-cropped-cropped-02_00843_jt3bggkj1j3HLc7SyY6rEUpg.jpeg\",\"width\":1600,\"height\":1600,\"caption\":\"skaitytaknyga.lt\"},\"image\":{\"@id\":\"https:\/\/skaitytaknyga.lt\/#\/schema\/logo\/image\/\"},\"sameAs\":[\"https:\/\/www.facebook.com\/skaitytaknyga\/\"]}]}<\/script>\n<!-- \/ Yoast SEO plugin. -->","yoast_head_json":{"title":"Giesm\u0117s dangaus miestui - Skaitytaknyga","description":"Santrauka: XVI-XVIII am\u017eiaus lietuvi\u0173 ba\u017enytini\u0173 giesmi\u0173 antologija. Pareng\u0117 Dainora Poci\u016bt\u0117-Abukevi\u010dien\u0117, Mikas Vaicekauskas. \u0160ioje XVI-XVIII a. giesmi\u0173 antologijoje pateikiamos giesm\u0117s i\u0161 vis\u0173 XVI-XVIII a. pagrindini\u0173 lietuvi\u0161k\u0173 giesmyn\u0173. Kataliki\u0161kos giesm\u0117s atrinktos ne tik i\u0161 giesmyn\u0173, bet ir i\u0161 kai kuri\u0173 kit\u0173 leidini\u0173, kuriuose b\u016bdavo spausdinama po kelet\u0105 giesmi\u0173, bei vieno rankra\u0161tinio giesmi\u0173 rinkin\u0117lio. Antologij\u0105 sudaro trys dalys: liuteron\u0173, katalik\u0173 bei kalvinist\u0173 giesm\u0117s. Kiekvienos dalies tekstai pateikiami chronologine giesmyn\u0173 pasirodymo tvarka, tokiu b\u016bdu i\u0161 dalies atspindint ir kiekvieno giesmyno savitum\u0105.","robots":{"index":"index","follow":"follow","max-snippet":"max-snippet:-1","max-image-preview":"max-image-preview:large","max-video-preview":"max-video-preview:-1"},"canonical":"https:\/\/skaitytaknyga.lt\/en\/produktas\/giesmes-dangaus-miestui\/","og_locale":"en_GB","og_type":"article","og_title":"Giesm\u0117s dangaus miestui - Skaitytaknyga","og_description":"Santrauka: XVI-XVIII am\u017eiaus lietuvi\u0173 ba\u017enytini\u0173 giesmi\u0173 antologija. Pareng\u0117 Dainora Poci\u016bt\u0117-Abukevi\u010dien\u0117, Mikas Vaicekauskas. \u0160ioje XVI-XVIII a. giesmi\u0173 antologijoje pateikiamos giesm\u0117s i\u0161 vis\u0173 XVI-XVIII a. pagrindini\u0173 lietuvi\u0161k\u0173 giesmyn\u0173. Kataliki\u0161kos giesm\u0117s atrinktos ne tik i\u0161 giesmyn\u0173, bet ir i\u0161 kai kuri\u0173 kit\u0173 leidini\u0173, kuriuose b\u016bdavo spausdinama po kelet\u0105 giesmi\u0173, bei vieno rankra\u0161tinio giesmi\u0173 rinkin\u0117lio. Antologij\u0105 sudaro trys dalys: liuteron\u0173, katalik\u0173 bei kalvinist\u0173 giesm\u0117s. Kiekvienos dalies tekstai pateikiami chronologine giesmyn\u0173 pasirodymo tvarka, tokiu b\u016bdu i\u0161 dalies atspindint ir kiekvieno giesmyno savitum\u0105.","og_url":"https:\/\/skaitytaknyga.lt\/en\/produktas\/giesmes-dangaus-miestui\/","og_site_name":"Skaitytaknyga","article_publisher":"https:\/\/www.facebook.com\/skaitytaknyga\/","article_modified_time":"2024-05-03T07:30:05+00:00","og_image":[{"width":496,"height":792,"url":"https:\/\/skaitytaknyga.lt\/wp-content\/uploads\/2024\/05\/01_009f4_re7WN3XuMNTAHE3yJdVPGHbp-e1634925141743.jpeg","type":"image\/jpeg"}],"twitter_card":"summary_large_image","twitter_misc":{"Estimated reading time":"1 minute"},"schema":{"@context":"https:\/\/schema.org","@graph":[{"@type":"WebPage","@id":"https:\/\/skaitytaknyga.lt\/produktas\/giesmes-dangaus-miestui\/","url":"https:\/\/skaitytaknyga.lt\/produktas\/giesmes-dangaus-miestui\/","name":"Giesm\u0117s dangaus miestui - Skaitytaknyga","isPartOf":{"@id":"https:\/\/skaitytaknyga.lt\/#website"},"primaryImageOfPage":{"@id":"https:\/\/skaitytaknyga.lt\/produktas\/giesmes-dangaus-miestui\/#primaryimage"},"image":{"@id":"https:\/\/skaitytaknyga.lt\/produktas\/giesmes-dangaus-miestui\/#primaryimage"},"thumbnailUrl":"https:\/\/skaitytaknyga.lt\/wp-content\/uploads\/2024\/05\/01_009f4_re7WN3XuMNTAHE3yJdVPGHbp-e1634925141743.jpeg","datePublished":"2024-05-02T13:32:44+00:00","dateModified":"2024-05-03T07:30:05+00:00","description":"Santrauka: XVI-XVIII am\u017eiaus lietuvi\u0173 ba\u017enytini\u0173 giesmi\u0173 antologija. Pareng\u0117 Dainora Poci\u016bt\u0117-Abukevi\u010dien\u0117, Mikas Vaicekauskas. \u0160ioje XVI-XVIII a. giesmi\u0173 antologijoje pateikiamos giesm\u0117s i\u0161 vis\u0173 XVI-XVIII a. pagrindini\u0173 lietuvi\u0161k\u0173 giesmyn\u0173. Kataliki\u0161kos giesm\u0117s atrinktos ne tik i\u0161 giesmyn\u0173, bet ir i\u0161 kai kuri\u0173 kit\u0173 leidini\u0173, kuriuose b\u016bdavo spausdinama po kelet\u0105 giesmi\u0173, bei vieno rankra\u0161tinio giesmi\u0173 rinkin\u0117lio. Antologij\u0105 sudaro trys dalys: liuteron\u0173, katalik\u0173 bei kalvinist\u0173 giesm\u0117s. Kiekvienos dalies tekstai pateikiami chronologine giesmyn\u0173 pasirodymo tvarka, tokiu b\u016bdu i\u0161 dalies atspindint ir kiekvieno giesmyno savitum\u0105.","breadcrumb":{"@id":"https:\/\/skaitytaknyga.lt\/produktas\/giesmes-dangaus-miestui\/#breadcrumb"},"inLanguage":"en-GB","potentialAction":[{"@type":"ReadAction","target":["https:\/\/skaitytaknyga.lt\/produktas\/giesmes-dangaus-miestui\/"]}]},{"@type":"ImageObject","inLanguage":"en-GB","@id":"https:\/\/skaitytaknyga.lt\/produktas\/giesmes-dangaus-miestui\/#primaryimage","url":"https:\/\/skaitytaknyga.lt\/wp-content\/uploads\/2024\/05\/01_009f4_re7WN3XuMNTAHE3yJdVPGHbp-e1634925141743.jpeg","contentUrl":"https:\/\/skaitytaknyga.lt\/wp-content\/uploads\/2024\/05\/01_009f4_re7WN3XuMNTAHE3yJdVPGHbp-e1634925141743.jpeg","width":496,"height":792,"caption":"{+title+}"},{"@type":"BreadcrumbList","@id":"https:\/\/skaitytaknyga.lt\/produktas\/giesmes-dangaus-miestui\/#breadcrumb","itemListElement":[{"@type":"ListItem","position":1,"name":"Home","item":"https:\/\/skaitytaknyga.lt\/"},{"@type":"ListItem","position":2,"name":"Parduotuv\u0117","item":"https:\/\/skaitytaknyga.lt\/knygu-parduotuve\/"},{"@type":"ListItem","position":3,"name":"Giesm\u0117s dangaus miestui"}]},{"@type":"WebSite","@id":"https:\/\/skaitytaknyga.lt\/#website","url":"https:\/\/skaitytaknyga.lt\/","name":"skaitytaknyga.lt","description":"Skaitytaknyga.lt \u2013 tai ma\u017eas \u0161eimos verslas, kuris prasid\u0117jo nuo meil\u0117s knygoms ir siekio i\u0161gelb\u0117ti knygas nuo likimo prie konteinerio. Kas vienam nereikalingas daiktas \u2013 kitam lobis, o mes esame tarpininkai, kurie padeda abiems tapti laimingesniems ???? \u017dinome kaip nelengva i\u0161gyventi ma\u017eiems verslams, tad nuo \u0161iol, \u010dia rasite ir kit\u0173, ma\u017e\u0173 \u0161eim\u0173 versl\u0173, rank\u0173 darbo, dovan\u0173 sau ir artimiesiems.","publisher":{"@id":"https:\/\/skaitytaknyga.lt\/#organization"},"potentialAction":[{"@type":"SearchAction","target":{"@type":"EntryPoint","urlTemplate":"https:\/\/skaitytaknyga.lt\/?s={search_term_string}"},"query-input":{"@type":"PropertyValueSpecification","valueRequired":true,"valueName":"search_term_string"}}],"inLanguage":"en-GB"},{"@type":"Organization","@id":"https:\/\/skaitytaknyga.lt\/#organization","name":"skaitytaknyga.lt","url":"https:\/\/skaitytaknyga.lt\/","logo":{"@type":"ImageObject","inLanguage":"en-GB","@id":"https:\/\/skaitytaknyga.lt\/#\/schema\/logo\/image\/","url":"https:\/\/skaitytaknyga.lt\/wp-content\/uploads\/2024\/05\/cropped-cropped-cropped-02_00843_jt3bggkj1j3HLc7SyY6rEUpg.jpeg","contentUrl":"https:\/\/skaitytaknyga.lt\/wp-content\/uploads\/2024\/05\/cropped-cropped-cropped-02_00843_jt3bggkj1j3HLc7SyY6rEUpg.jpeg","width":1600,"height":1600,"caption":"skaitytaknyga.lt"},"image":{"@id":"https:\/\/skaitytaknyga.lt\/#\/schema\/logo\/image\/"},"sameAs":["https:\/\/www.facebook.com\/skaitytaknyga\/"]}]}},"_links":{"self":[{"href":"https:\/\/skaitytaknyga.lt\/en\/wp-json\/wp\/v2\/product\/6927","targetHints":{"allow":["GET"]}}],"collection":[{"href":"https:\/\/skaitytaknyga.lt\/en\/wp-json\/wp\/v2\/product"}],"about":[{"href":"https:\/\/skaitytaknyga.lt\/en\/wp-json\/wp\/v2\/types\/product"}],"replies":[{"embeddable":true,"href":"https:\/\/skaitytaknyga.lt\/en\/wp-json\/wp\/v2\/comments?post=6927"}],"wp:featuredmedia":[{"embeddable":true,"href":"https:\/\/skaitytaknyga.lt\/en\/wp-json\/wp\/v2\/media\/6947"}],"wp:attachment":[{"href":"https:\/\/skaitytaknyga.lt\/en\/wp-json\/wp\/v2\/media?parent=6927"}],"wp:term":[{"taxonomy":"product_brand","embeddable":true,"href":"https:\/\/skaitytaknyga.lt\/en\/wp-json\/wp\/v2\/product_brand?post=6927"},{"taxonomy":"product_cat","embeddable":true,"href":"https:\/\/skaitytaknyga.lt\/en\/wp-json\/wp\/v2\/product_cat?post=6927"},{"taxonomy":"product_tag","embeddable":true,"href":"https:\/\/skaitytaknyga.lt\/en\/wp-json\/wp\/v2\/product_tag?post=6927"}],"curies":[{"name":"wp","href":"https:\/\/api.w.org\/{rel}","templated":true}]}}