{"id":6923,"date":"2024-05-02T16:32:43","date_gmt":"2024-05-02T13:32:43","guid":{"rendered":"https:\/\/skaitytaknyga.lt\/?post_type=product&#038;p=6923"},"modified":"2026-02-26T18:37:45","modified_gmt":"2026-02-26T16:37:45","slug":"kazys-boruta-dangus-griuva-jurgio-paketurio-keliones","status":"publish","type":"product","link":"https:\/\/skaitytaknyga.lt\/en\/produktas\/kazys-boruta-dangus-griuva-jurgio-paketurio-keliones\/","title":{"rendered":"Dangus gri\u016bva. Jurgio Paketurio kelion\u0117s"},"content":{"rendered":"<p>&nbsp;<\/p>\n<div class=\"collapsor\">\u00a0Penktoje Kazio Borutos ra\u0161t\u0173 serijos knygoje spausdinami k\u016briniai, para\u0161yti tautosakos motyvais &#8211; pasak\u0173 knyga &#8220;Dangus gri\u016bva&#8221;. apysaka &#8220;Jurgio Paketurio klajon\u0117s&#8221; ir kelios pasakos, ne\u012f\u0117jusios \u012f &#8220;Dangus gri\u016bva&#8221;.<\/div>\n<p>&nbsp;<\/p>\n","protected":false},"excerpt":{"rendered":"<p>&nbsp;<\/p>\n<div class=\"collapsor\">\u00a0Penktoje Kazio Borutos ra\u0161t\u0173 serijos knygoje spausdinami k\u016briniai, para\u0161yti tautosakos motyvais &#8211; pasak\u0173 knyga &#8220;Dangus gri\u016bva&#8221;. apysaka &#8220;Jurgio Paketurio klajon\u0117s&#8221; ir kelios pasakos, ne\u012f\u0117jusios \u012f &#8220;Dangus gri\u016bva&#8221;.<\/div>\n<p>&nbsp;<\/p>\n","protected":false},"featured_media":23197,"comment_status":"closed","ping_status":"closed","template":"","meta":{"_acf_changed":false,"site-sidebar-layout":"default","site-content-layout":"","ast-site-content-layout":"default","site-content-style":"default","site-sidebar-style":"default","ast-global-header-display":"","ast-banner-title-visibility":"","ast-main-header-display":"","ast-hfb-above-header-display":"","ast-hfb-below-header-display":"","ast-hfb-mobile-header-display":"","site-post-title":"","ast-breadcrumbs-content":"","ast-featured-img":"","footer-sml-layout":"","ast-disable-related-posts":"","theme-transparent-header-meta":"default","adv-header-id-meta":"","stick-header-meta":"","header-above-stick-meta":"","header-main-stick-meta":"","header-below-stick-meta":"","astra-migrate-meta-layouts":"set","ast-page-background-enabled":"default","ast-page-background-meta":{"desktop":{"background-color":"","background-image":"","background-repeat":"repeat","background-position":"center center","background-size":"auto","background-attachment":"scroll","background-type":"","background-media":"","overlay-type":"","overlay-color":"","overlay-opacity":"","overlay-gradient":""},"tablet":{"background-color":"","background-image":"","background-repeat":"repeat","background-position":"center center","background-size":"auto","background-attachment":"scroll","background-type":"","background-media":"","overlay-type":"","overlay-color":"","overlay-opacity":"","overlay-gradient":""},"mobile":{"background-color":"","background-image":"","background-repeat":"repeat","background-position":"center center","background-size":"auto","background-attachment":"scroll","background-type":"","background-media":"","overlay-type":"","overlay-color":"","overlay-opacity":"","overlay-gradient":""}},"ast-content-background-meta":{"desktop":{"background-color":"var(--ast-global-color-4)","background-image":"","background-repeat":"repeat","background-position":"center center","background-size":"auto","background-attachment":"scroll","background-type":"","background-media":"","overlay-type":"","overlay-color":"","overlay-opacity":"","overlay-gradient":""},"tablet":{"background-color":"var(--ast-global-color-4)","background-image":"","background-repeat":"repeat","background-position":"center center","background-size":"auto","background-attachment":"scroll","background-type":"","background-media":"","overlay-type":"","overlay-color":"","overlay-opacity":"","overlay-gradient":""},"mobile":{"background-color":"var(--ast-global-color-4)","background-image":"","background-repeat":"repeat","background-position":"center center","background-size":"auto","background-attachment":"scroll","background-type":"","background-media":"","overlay-type":"","overlay-color":"","overlay-opacity":"","overlay-gradient":""}}},"product_brand":[],"product_cat":[31,331],"product_tag":[],"class_list":{"0":"post-6923","1":"product","2":"type-product","3":"status-publish","4":"has-post-thumbnail","6":"product_cat-grozine-literatura","7":"product_cat-programine-literatura","8":"desktop-align-left","9":"tablet-align-left","10":"mobile-align-left","12":"first","13":"instock","14":"shipping-taxable","15":"purchasable","16":"product-type-simple"},"acf":[],"yoast_head":"<!-- This site is optimized with the Yoast SEO plugin v27.0 - https:\/\/yoast.com\/product\/yoast-seo-wordpress\/ -->\n<title>Dangus gri\u016bva. Jurgio Paketurio kelion\u0117s<\/title>\n<meta name=\"description\" content=\"&nbsp; \u00a0Penktoje Kazio Borutos ra\u0161t\u0173 serijos knygoje spausdinami k\u016briniai, para\u0161yti tautosakos motyvais - pasak\u0173 knyga &quot;Dangus gri\u016bva&quot;. apysaka &quot;Jurgio Paketurio klajon\u0117s&quot; ir kelios pasakos, ne\u012f\u0117jusios \u012f &quot;Dangus gri\u016bva&quot;. &nbsp;\" \/>\n<meta name=\"robots\" content=\"index, follow, max-snippet:-1, max-image-preview:large, max-video-preview:-1\" \/>\n<link rel=\"canonical\" href=\"https:\/\/skaitytaknyga.lt\/en\/produktas\/kazys-boruta-dangus-griuva-jurgio-paketurio-keliones\/\" \/>\n<meta property=\"og:locale\" content=\"en_GB\" \/>\n<meta property=\"og:locale:alternate\" content=\"lt_LT\" \/>\n<meta property=\"og:type\" content=\"article\" \/>\n<meta property=\"og:title\" content=\"Dangus gri\u016bva. Jurgio Paketurio kelion\u0117s\" \/>\n<meta property=\"og:description\" content=\"&nbsp; \u00a0Penktoje Kazio Borutos ra\u0161t\u0173 serijos knygoje spausdinami k\u016briniai, para\u0161yti tautosakos motyvais - pasak\u0173 knyga &quot;Dangus gri\u016bva&quot;. apysaka &quot;Jurgio Paketurio klajon\u0117s&quot; ir kelios pasakos, ne\u012f\u0117jusios \u012f &quot;Dangus gri\u016bva&quot;. &nbsp;\" \/>\n<meta property=\"og:url\" content=\"https:\/\/skaitytaknyga.lt\/en\/produktas\/kazys-boruta-dangus-griuva-jurgio-paketurio-keliones\/\" \/>\n<meta property=\"og:site_name\" content=\"Skaitytaknyga\" \/>\n<meta property=\"article:publisher\" content=\"https:\/\/www.facebook.com\/skaitytaknyga\/\" \/>\n<meta property=\"article:modified_time\" content=\"2026-02-26T16:37:45+00:00\" \/>\n<meta property=\"og:image\" content=\"https:\/\/skaitytaknyga.lt\/wp-content\/uploads\/2024\/07\/skaitytaknyga.png\" \/>\n\t<meta property=\"og:image:width\" content=\"747\" \/>\n\t<meta property=\"og:image:height\" content=\"496\" \/>\n\t<meta property=\"og:image:type\" content=\"image\/png\" \/>\n<meta name=\"twitter:card\" content=\"summary_large_image\" \/>\n<meta name=\"twitter:label1\" content=\"Estimated reading time\" \/>\n\t<meta name=\"twitter:data1\" content=\"1 minute\" \/>\n<script type=\"application\/ld+json\" class=\"yoast-schema-graph\">{\"@context\":\"https:\/\/schema.org\",\"@graph\":[{\"@type\":\"WebPage\",\"@id\":\"https:\/\/skaitytaknyga.lt\/produktas\/kazys-boruta-dangus-griuva-jurgio-paketurio-keliones\/\",\"url\":\"https:\/\/skaitytaknyga.lt\/produktas\/kazys-boruta-dangus-griuva-jurgio-paketurio-keliones\/\",\"name\":\"Dangus gri\u016bva. Jurgio Paketurio kelion\u0117s\",\"isPartOf\":{\"@id\":\"https:\/\/skaitytaknyga.lt\/#website\"},\"primaryImageOfPage\":{\"@id\":\"https:\/\/skaitytaknyga.lt\/produktas\/kazys-boruta-dangus-griuva-jurgio-paketurio-keliones\/#primaryimage\"},\"image\":{\"@id\":\"https:\/\/skaitytaknyga.lt\/produktas\/kazys-boruta-dangus-griuva-jurgio-paketurio-keliones\/#primaryimage\"},\"thumbnailUrl\":\"https:\/\/skaitytaknyga.lt\/wp-content\/uploads\/2024\/05\/Dangus-griuva.-Jurgio-Paketurio-klajones-1.webp\",\"datePublished\":\"2024-05-02T13:32:43+00:00\",\"dateModified\":\"2026-02-26T16:37:45+00:00\",\"description\":\"&nbsp; \u00a0Penktoje Kazio Borutos ra\u0161t\u0173 serijos knygoje spausdinami k\u016briniai, para\u0161yti tautosakos motyvais - pasak\u0173 knyga \\\"Dangus gri\u016bva\\\". apysaka \\\"Jurgio Paketurio klajon\u0117s\\\" ir kelios pasakos, ne\u012f\u0117jusios \u012f \\\"Dangus gri\u016bva\\\". &nbsp;\",\"breadcrumb\":{\"@id\":\"https:\/\/skaitytaknyga.lt\/produktas\/kazys-boruta-dangus-griuva-jurgio-paketurio-keliones\/#breadcrumb\"},\"inLanguage\":\"en-GB\",\"potentialAction\":[{\"@type\":\"ReadAction\",\"target\":[\"https:\/\/skaitytaknyga.lt\/produktas\/kazys-boruta-dangus-griuva-jurgio-paketurio-keliones\/\"]}]},{\"@type\":\"ImageObject\",\"inLanguage\":\"en-GB\",\"@id\":\"https:\/\/skaitytaknyga.lt\/produktas\/kazys-boruta-dangus-griuva-jurgio-paketurio-keliones\/#primaryimage\",\"url\":\"https:\/\/skaitytaknyga.lt\/wp-content\/uploads\/2024\/05\/Dangus-griuva.-Jurgio-Paketurio-klajones-1.webp\",\"contentUrl\":\"https:\/\/skaitytaknyga.lt\/wp-content\/uploads\/2024\/05\/Dangus-griuva.-Jurgio-Paketurio-klajones-1.webp\",\"width\":300,\"height\":469,\"caption\":\"Dangus gri\u016bva. Jurgio Paketurio klajon\u0117s\"},{\"@type\":\"BreadcrumbList\",\"@id\":\"https:\/\/skaitytaknyga.lt\/produktas\/kazys-boruta-dangus-griuva-jurgio-paketurio-keliones\/#breadcrumb\",\"itemListElement\":[{\"@type\":\"ListItem\",\"position\":1,\"name\":\"Home\",\"item\":\"https:\/\/skaitytaknyga.lt\/\"},{\"@type\":\"ListItem\",\"position\":2,\"name\":\"Parduotuv\u0117\",\"item\":\"https:\/\/skaitytaknyga.lt\/knygu-parduotuve\/\"},{\"@type\":\"ListItem\",\"position\":3,\"name\":\"Dangus gri\u016bva. Jurgio Paketurio kelion\u0117s\"}]},{\"@type\":\"WebSite\",\"@id\":\"https:\/\/skaitytaknyga.lt\/#website\",\"url\":\"https:\/\/skaitytaknyga.lt\/\",\"name\":\"skaitytaknyga.lt\",\"description\":\"Skaitytaknyga.lt \u2013 tai ma\u017eas \u0161eimos verslas, kuris prasid\u0117jo nuo meil\u0117s knygoms ir siekio i\u0161gelb\u0117ti knygas nuo likimo prie konteinerio. Kas vienam nereikalingas daiktas \u2013 kitam lobis, o mes esame tarpininkai, kurie padeda abiems tapti laimingesniems ???? \u017dinome kaip nelengva i\u0161gyventi ma\u017eiems verslams, tad nuo \u0161iol, \u010dia rasite ir kit\u0173, ma\u017e\u0173 \u0161eim\u0173 versl\u0173, rank\u0173 darbo, dovan\u0173 sau ir artimiesiems.\",\"publisher\":{\"@id\":\"https:\/\/skaitytaknyga.lt\/#organization\"},\"potentialAction\":[{\"@type\":\"SearchAction\",\"target\":{\"@type\":\"EntryPoint\",\"urlTemplate\":\"https:\/\/skaitytaknyga.lt\/?s={search_term_string}\"},\"query-input\":{\"@type\":\"PropertyValueSpecification\",\"valueRequired\":true,\"valueName\":\"search_term_string\"}}],\"inLanguage\":\"en-GB\"},{\"@type\":\"Organization\",\"@id\":\"https:\/\/skaitytaknyga.lt\/#organization\",\"name\":\"skaitytaknyga.lt\",\"url\":\"https:\/\/skaitytaknyga.lt\/\",\"logo\":{\"@type\":\"ImageObject\",\"inLanguage\":\"en-GB\",\"@id\":\"https:\/\/skaitytaknyga.lt\/#\/schema\/logo\/image\/\",\"url\":\"https:\/\/skaitytaknyga.lt\/wp-content\/uploads\/2024\/05\/cropped-cropped-cropped-02_00843_jt3bggkj1j3HLc7SyY6rEUpg.jpeg\",\"contentUrl\":\"https:\/\/skaitytaknyga.lt\/wp-content\/uploads\/2024\/05\/cropped-cropped-cropped-02_00843_jt3bggkj1j3HLc7SyY6rEUpg.jpeg\",\"width\":1600,\"height\":1600,\"caption\":\"skaitytaknyga.lt\"},\"image\":{\"@id\":\"https:\/\/skaitytaknyga.lt\/#\/schema\/logo\/image\/\"},\"sameAs\":[\"https:\/\/www.facebook.com\/skaitytaknyga\/\"]}]}<\/script>\n<!-- \/ Yoast SEO plugin. -->","yoast_head_json":{"title":"Dangus gri\u016bva. Jurgio Paketurio kelion\u0117s","description":"&nbsp; \u00a0Penktoje Kazio Borutos ra\u0161t\u0173 serijos knygoje spausdinami k\u016briniai, para\u0161yti tautosakos motyvais - pasak\u0173 knyga \"Dangus gri\u016bva\". apysaka \"Jurgio Paketurio klajon\u0117s\" ir kelios pasakos, ne\u012f\u0117jusios \u012f \"Dangus gri\u016bva\". &nbsp;","robots":{"index":"index","follow":"follow","max-snippet":"max-snippet:-1","max-image-preview":"max-image-preview:large","max-video-preview":"max-video-preview:-1"},"canonical":"https:\/\/skaitytaknyga.lt\/en\/produktas\/kazys-boruta-dangus-griuva-jurgio-paketurio-keliones\/","og_locale":"en_GB","og_type":"article","og_title":"[:lt]Dangus gri\u016bva. Jurgio Paketurio kelion\u0117s[:] - Skaitytaknyga","og_description":"&nbsp; \u00a0Penktoje Kazio Borutos ra\u0161t\u0173 serijos knygoje spausdinami k\u016briniai, para\u0161yti tautosakos motyvais - pasak\u0173 knyga \"Dangus gri\u016bva\". apysaka \"Jurgio Paketurio klajon\u0117s\" ir kelios pasakos, ne\u012f\u0117jusios \u012f \"Dangus gri\u016bva\". &nbsp;","og_url":"https:\/\/skaitytaknyga.lt\/en\/produktas\/kazys-boruta-dangus-griuva-jurgio-paketurio-keliones\/","og_site_name":"Skaitytaknyga","article_publisher":"https:\/\/www.facebook.com\/skaitytaknyga\/","article_modified_time":"2026-02-26T16:37:45+00:00","og_image":[{"width":747,"height":496,"url":"https:\/\/skaitytaknyga.lt\/wp-content\/uploads\/2024\/07\/skaitytaknyga.png","type":"image\/png"}],"twitter_card":"summary_large_image","twitter_misc":{"Estimated reading time":"1 minute"},"schema":{"@context":"https:\/\/schema.org","@graph":[{"@type":"WebPage","@id":"https:\/\/skaitytaknyga.lt\/produktas\/kazys-boruta-dangus-griuva-jurgio-paketurio-keliones\/","url":"https:\/\/skaitytaknyga.lt\/produktas\/kazys-boruta-dangus-griuva-jurgio-paketurio-keliones\/","name":"Dangus gri\u016bva. Jurgio Paketurio kelion\u0117s","isPartOf":{"@id":"https:\/\/skaitytaknyga.lt\/#website"},"primaryImageOfPage":{"@id":"https:\/\/skaitytaknyga.lt\/produktas\/kazys-boruta-dangus-griuva-jurgio-paketurio-keliones\/#primaryimage"},"image":{"@id":"https:\/\/skaitytaknyga.lt\/produktas\/kazys-boruta-dangus-griuva-jurgio-paketurio-keliones\/#primaryimage"},"thumbnailUrl":"https:\/\/skaitytaknyga.lt\/wp-content\/uploads\/2024\/05\/Dangus-griuva.-Jurgio-Paketurio-klajones-1.webp","datePublished":"2024-05-02T13:32:43+00:00","dateModified":"2026-02-26T16:37:45+00:00","description":"&nbsp; \u00a0Penktoje Kazio Borutos ra\u0161t\u0173 serijos knygoje spausdinami k\u016briniai, para\u0161yti tautosakos motyvais - pasak\u0173 knyga \"Dangus gri\u016bva\". apysaka \"Jurgio Paketurio klajon\u0117s\" ir kelios pasakos, ne\u012f\u0117jusios \u012f \"Dangus gri\u016bva\". &nbsp;","breadcrumb":{"@id":"https:\/\/skaitytaknyga.lt\/produktas\/kazys-boruta-dangus-griuva-jurgio-paketurio-keliones\/#breadcrumb"},"inLanguage":"en-GB","potentialAction":[{"@type":"ReadAction","target":["https:\/\/skaitytaknyga.lt\/produktas\/kazys-boruta-dangus-griuva-jurgio-paketurio-keliones\/"]}]},{"@type":"ImageObject","inLanguage":"en-GB","@id":"https:\/\/skaitytaknyga.lt\/produktas\/kazys-boruta-dangus-griuva-jurgio-paketurio-keliones\/#primaryimage","url":"https:\/\/skaitytaknyga.lt\/wp-content\/uploads\/2024\/05\/Dangus-griuva.-Jurgio-Paketurio-klajones-1.webp","contentUrl":"https:\/\/skaitytaknyga.lt\/wp-content\/uploads\/2024\/05\/Dangus-griuva.-Jurgio-Paketurio-klajones-1.webp","width":300,"height":469,"caption":"Dangus gri\u016bva. Jurgio Paketurio klajon\u0117s"},{"@type":"BreadcrumbList","@id":"https:\/\/skaitytaknyga.lt\/produktas\/kazys-boruta-dangus-griuva-jurgio-paketurio-keliones\/#breadcrumb","itemListElement":[{"@type":"ListItem","position":1,"name":"Home","item":"https:\/\/skaitytaknyga.lt\/"},{"@type":"ListItem","position":2,"name":"Parduotuv\u0117","item":"https:\/\/skaitytaknyga.lt\/knygu-parduotuve\/"},{"@type":"ListItem","position":3,"name":"Dangus gri\u016bva. Jurgio Paketurio kelion\u0117s"}]},{"@type":"WebSite","@id":"https:\/\/skaitytaknyga.lt\/#website","url":"https:\/\/skaitytaknyga.lt\/","name":"skaitytaknyga.lt","description":"Skaitytaknyga.lt \u2013 tai ma\u017eas \u0161eimos verslas, kuris prasid\u0117jo nuo meil\u0117s knygoms ir siekio i\u0161gelb\u0117ti knygas nuo likimo prie konteinerio. Kas vienam nereikalingas daiktas \u2013 kitam lobis, o mes esame tarpininkai, kurie padeda abiems tapti laimingesniems ???? \u017dinome kaip nelengva i\u0161gyventi ma\u017eiems verslams, tad nuo \u0161iol, \u010dia rasite ir kit\u0173, ma\u017e\u0173 \u0161eim\u0173 versl\u0173, rank\u0173 darbo, dovan\u0173 sau ir artimiesiems.","publisher":{"@id":"https:\/\/skaitytaknyga.lt\/#organization"},"potentialAction":[{"@type":"SearchAction","target":{"@type":"EntryPoint","urlTemplate":"https:\/\/skaitytaknyga.lt\/?s={search_term_string}"},"query-input":{"@type":"PropertyValueSpecification","valueRequired":true,"valueName":"search_term_string"}}],"inLanguage":"en-GB"},{"@type":"Organization","@id":"https:\/\/skaitytaknyga.lt\/#organization","name":"skaitytaknyga.lt","url":"https:\/\/skaitytaknyga.lt\/","logo":{"@type":"ImageObject","inLanguage":"en-GB","@id":"https:\/\/skaitytaknyga.lt\/#\/schema\/logo\/image\/","url":"https:\/\/skaitytaknyga.lt\/wp-content\/uploads\/2024\/05\/cropped-cropped-cropped-02_00843_jt3bggkj1j3HLc7SyY6rEUpg.jpeg","contentUrl":"https:\/\/skaitytaknyga.lt\/wp-content\/uploads\/2024\/05\/cropped-cropped-cropped-02_00843_jt3bggkj1j3HLc7SyY6rEUpg.jpeg","width":1600,"height":1600,"caption":"skaitytaknyga.lt"},"image":{"@id":"https:\/\/skaitytaknyga.lt\/#\/schema\/logo\/image\/"},"sameAs":["https:\/\/www.facebook.com\/skaitytaknyga\/"]}]}},"_links":{"self":[{"href":"https:\/\/skaitytaknyga.lt\/en\/wp-json\/wp\/v2\/product\/6923","targetHints":{"allow":["GET"]}}],"collection":[{"href":"https:\/\/skaitytaknyga.lt\/en\/wp-json\/wp\/v2\/product"}],"about":[{"href":"https:\/\/skaitytaknyga.lt\/en\/wp-json\/wp\/v2\/types\/product"}],"replies":[{"embeddable":true,"href":"https:\/\/skaitytaknyga.lt\/en\/wp-json\/wp\/v2\/comments?post=6923"}],"wp:featuredmedia":[{"embeddable":true,"href":"https:\/\/skaitytaknyga.lt\/en\/wp-json\/wp\/v2\/media\/23197"}],"wp:attachment":[{"href":"https:\/\/skaitytaknyga.lt\/en\/wp-json\/wp\/v2\/media?parent=6923"}],"wp:term":[{"taxonomy":"product_brand","embeddable":true,"href":"https:\/\/skaitytaknyga.lt\/en\/wp-json\/wp\/v2\/product_brand?post=6923"},{"taxonomy":"product_cat","embeddable":true,"href":"https:\/\/skaitytaknyga.lt\/en\/wp-json\/wp\/v2\/product_cat?post=6923"},{"taxonomy":"product_tag","embeddable":true,"href":"https:\/\/skaitytaknyga.lt\/en\/wp-json\/wp\/v2\/product_tag?post=6923"}],"curies":[{"name":"wp","href":"https:\/\/api.w.org\/{rel}","templated":true}]}}