{"id":6922,"date":"2024-05-02T13:32:43","date_gmt":"2024-05-02T13:32:43","guid":{"rendered":"https:\/\/skaitytaknyga.lt\/?post_type=product&#038;p=6922"},"modified":"2024-05-03T07:30:05","modified_gmt":"2024-05-03T07:30:05","slug":"jake-scott-kraujo-kresulys","status":"publish","type":"product","link":"https:\/\/skaitytaknyga.lt\/en\/produktas\/jake-scott-kraujo-kresulys\/","title":{"rendered":"Jake Scott \u201eKraujo kre\u0161ulys\u201c"},"content":{"rendered":"<p>Brit\u0173 3-iojo para\u0161iutinink\u0173 bataliono \u017evalgybos, arba patruli\u0173, b\u016brio karys pasakoja apie savo i\u0161gyvenimus Afganistano Helmando provincijoje. 2006 metais 3-iojo para\u0161iutinink\u0173 bataliono kovos grupei teko u\u017eduotis atkovoti i\u0161 talib\u0173 \u0161ios provincijos srit\u012f, apiman\u010di\u0105 Nov Zado, Musa Kalos, Sangino ir Gere\u0161ko miestus. Per \u0161e\u0161is m\u0117nesius trukusi\u0105 pamain\u0105 kovos grup\u0117 apie 500 kart\u0173 susir\u0117m\u0117 su talibais ir per t\u016bkstant\u012f j\u0173 nukov\u0117. Patruli\u0173 b\u016brys, apmokytas veikti u\u017e prie\u0161o linij\u0173, u\u017esiimin\u0117jo \u017evalgyba, lyd\u0117davo tiekimo konvojus, dengdavo kitus dalinius, pats nekart gr\u016bm\u0117si su talibais d\u0117l i\u0161gyvenimo.<\/p>\n<p>Autorius apra\u0161o i\u0161gyventas kovines operacijas, kasdienyb\u0119 dykumoje ir stovykloje, kovos draug\u0173 \u017e\u016bt\u012f, \u0161iurk\u0161tok\u0105, bet tvirt\u0105 draugyst\u0119.<\/p>\n","protected":false},"excerpt":{"rendered":"<p>Brit\u0173 3-iojo para\u0161iutinink\u0173 bataliono \u017evalgybos, arba patruli\u0173, b\u016brio karys pasakoja apie savo i\u0161gyvenimus Afganistano Helmando provincijoje. 2006 metais 3-iojo para\u0161iutinink\u0173 bataliono kovos grupei teko u\u017eduotis atkovoti i\u0161 talib\u0173 \u0161ios provincijos srit\u012f, apiman\u010di\u0105 Nov Zado, Musa Kalos, Sangino ir Gere\u0161ko miestus. Per \u0161e\u0161is m\u0117nesius trukusi\u0105 pamain\u0105 kovos grup\u0117 apie 500 kart\u0173 susir\u0117m\u0117 su talibais ir per t\u016bkstant\u012f j\u0173 nukov\u0117. Patruli\u0173 b\u016brys, apmokytas veikti u\u017e prie\u0161o linij\u0173, u\u017esiimin\u0117jo \u017evalgyba, lyd\u0117davo tiekimo konvojus, dengdavo kitus dalinius, pats nekart gr\u016bm\u0117si su talibais d\u0117l i\u0161gyvenimo.<\/p>\n<p>Autorius apra\u0161o i\u0161gyventas kovines operacijas, kasdienyb\u0119 dykumoje ir stovykloje, kovos draug\u0173 \u017e\u016bt\u012f, \u0161iurk\u0161tok\u0105, bet tvirt\u0105 draugyst\u0119.<\/p>\n","protected":false},"featured_media":6934,"comment_status":"closed","ping_status":"closed","template":"","meta":{"_acf_changed":false,"site-sidebar-layout":"default","site-content-layout":"","ast-site-content-layout":"default","site-content-style":"default","site-sidebar-style":"default","ast-global-header-display":"","ast-banner-title-visibility":"","ast-main-header-display":"","ast-hfb-above-header-display":"","ast-hfb-below-header-display":"","ast-hfb-mobile-header-display":"","site-post-title":"","ast-breadcrumbs-content":"","ast-featured-img":"","footer-sml-layout":"","ast-disable-related-posts":"","theme-transparent-header-meta":"","adv-header-id-meta":"","stick-header-meta":"","header-above-stick-meta":"","header-main-stick-meta":"","header-below-stick-meta":"","astra-migrate-meta-layouts":"default","ast-page-background-enabled":"default","ast-page-background-meta":{"desktop":{"background-color":"","background-image":"","background-repeat":"repeat","background-position":"center center","background-size":"auto","background-attachment":"scroll","background-type":"","background-media":"","overlay-type":"","overlay-color":"","overlay-opacity":"","overlay-gradient":""},"tablet":{"background-color":"","background-image":"","background-repeat":"repeat","background-position":"center center","background-size":"auto","background-attachment":"scroll","background-type":"","background-media":"","overlay-type":"","overlay-color":"","overlay-opacity":"","overlay-gradient":""},"mobile":{"background-color":"","background-image":"","background-repeat":"repeat","background-position":"center center","background-size":"auto","background-attachment":"scroll","background-type":"","background-media":"","overlay-type":"","overlay-color":"","overlay-opacity":"","overlay-gradient":""}},"ast-content-background-meta":{"desktop":{"background-color":"var(--ast-global-color-4)","background-image":"","background-repeat":"repeat","background-position":"center center","background-size":"auto","background-attachment":"scroll","background-type":"","background-media":"","overlay-type":"","overlay-color":"","overlay-opacity":"","overlay-gradient":""},"tablet":{"background-color":"var(--ast-global-color-4)","background-image":"","background-repeat":"repeat","background-position":"center center","background-size":"auto","background-attachment":"scroll","background-type":"","background-media":"","overlay-type":"","overlay-color":"","overlay-opacity":"","overlay-gradient":""},"mobile":{"background-color":"var(--ast-global-color-4)","background-image":"","background-repeat":"repeat","background-position":"center center","background-size":"auto","background-attachment":"scroll","background-type":"","background-media":"","overlay-type":"","overlay-color":"","overlay-opacity":"","overlay-gradient":""}}},"product_brand":[],"product_cat":[174],"product_tag":[],"class_list":{"0":"post-6922","1":"product","2":"type-product","3":"status-publish","4":"has-post-thumbnail","6":"product_cat-istorija-ir-politologija","7":"pa_leidimo-metai-93","8":"desktop-align-left","9":"tablet-align-left","10":"mobile-align-left","12":"first","13":"instock","14":"shipping-taxable","15":"purchasable","16":"product-type-simple"},"acf":[],"yoast_head":"<!-- This site is optimized with the Yoast SEO plugin v27.0 - https:\/\/yoast.com\/product\/yoast-seo-wordpress\/ -->\n<title>Jake Scott \u201eKraujo kre\u0161ulys\u201c - Skaitytaknyga<\/title>\n<meta name=\"description\" content=\"Brit\u0173 3-iojo para\u0161iutinink\u0173 bataliono \u017evalgybos, arba patruli\u0173, b\u016brio karys pasakoja apie savo i\u0161gyvenimus Afganistano Helmando provincijoje. 2006 metais 3-iojo para\u0161iutinink\u0173 bataliono kovos grupei teko u\u017eduotis atkovoti i\u0161 talib\u0173 \u0161ios provincijos srit\u012f, apiman\u010di\u0105 Nov Zado, Musa Kalos, Sangino ir Gere\u0161ko miestus. Per \u0161e\u0161is m\u0117nesius trukusi\u0105 pamain\u0105 kovos grup\u0117 apie 500 kart\u0173 susir\u0117m\u0117 su talibais ir per t\u016bkstant\u012f j\u0173 nukov\u0117. Patruli\u0173 b\u016brys, apmokytas veikti u\u017e prie\u0161o linij\u0173, u\u017esiimin\u0117jo \u017evalgyba, lyd\u0117davo tiekimo konvojus, dengdavo kitus dalinius, pats nekart gr\u016bm\u0117si su talibais d\u0117l i\u0161gyvenimo.  Autorius apra\u0161o i\u0161gyventas kovines operacijas, kasdienyb\u0119 dykumoje ir stovykloje, kovos draug\u0173 \u017e\u016bt\u012f, \u0161iurk\u0161tok\u0105, bet tvirt\u0105 draugyst\u0119.\" \/>\n<meta name=\"robots\" content=\"index, follow, max-snippet:-1, max-image-preview:large, max-video-preview:-1\" \/>\n<link rel=\"canonical\" href=\"https:\/\/skaitytaknyga.lt\/en\/produktas\/jake-scott-kraujo-kresulys\/\" \/>\n<meta property=\"og:locale\" content=\"en_GB\" \/>\n<meta property=\"og:locale:alternate\" content=\"lt_LT\" \/>\n<meta property=\"og:type\" content=\"article\" \/>\n<meta property=\"og:title\" content=\"Jake Scott \u201eKraujo kre\u0161ulys\u201c - Skaitytaknyga\" \/>\n<meta property=\"og:description\" content=\"Brit\u0173 3-iojo para\u0161iutinink\u0173 bataliono \u017evalgybos, arba patruli\u0173, b\u016brio karys pasakoja apie savo i\u0161gyvenimus Afganistano Helmando provincijoje. 2006 metais 3-iojo para\u0161iutinink\u0173 bataliono kovos grupei teko u\u017eduotis atkovoti i\u0161 talib\u0173 \u0161ios provincijos srit\u012f, apiman\u010di\u0105 Nov Zado, Musa Kalos, Sangino ir Gere\u0161ko miestus. Per \u0161e\u0161is m\u0117nesius trukusi\u0105 pamain\u0105 kovos grup\u0117 apie 500 kart\u0173 susir\u0117m\u0117 su talibais ir per t\u016bkstant\u012f j\u0173 nukov\u0117. Patruli\u0173 b\u016brys, apmokytas veikti u\u017e prie\u0161o linij\u0173, u\u017esiimin\u0117jo \u017evalgyba, lyd\u0117davo tiekimo konvojus, dengdavo kitus dalinius, pats nekart gr\u016bm\u0117si su talibais d\u0117l i\u0161gyvenimo.  Autorius apra\u0161o i\u0161gyventas kovines operacijas, kasdienyb\u0119 dykumoje ir stovykloje, kovos draug\u0173 \u017e\u016bt\u012f, \u0161iurk\u0161tok\u0105, bet tvirt\u0105 draugyst\u0119.\" \/>\n<meta property=\"og:url\" content=\"https:\/\/skaitytaknyga.lt\/en\/produktas\/jake-scott-kraujo-kresulys\/\" \/>\n<meta property=\"og:site_name\" content=\"Skaitytaknyga\" \/>\n<meta property=\"article:publisher\" content=\"https:\/\/www.facebook.com\/skaitytaknyga\/\" \/>\n<meta property=\"article:modified_time\" content=\"2024-05-03T07:30:05+00:00\" \/>\n<meta property=\"og:image\" content=\"https:\/\/skaitytaknyga.lt\/wp-content\/uploads\/2024\/05\/1462873460_kraujo-kresulys.jpg\" \/>\n\t<meta property=\"og:image:width\" content=\"280\" \/>\n\t<meta property=\"og:image:height\" content=\"430\" \/>\n\t<meta property=\"og:image:type\" content=\"image\/jpeg\" \/>\n<meta name=\"twitter:card\" content=\"summary_large_image\" \/>\n<meta name=\"twitter:label1\" content=\"Estimated reading time\" \/>\n\t<meta name=\"twitter:data1\" content=\"1 minute\" \/>\n<script type=\"application\/ld+json\" class=\"yoast-schema-graph\">{\"@context\":\"https:\/\/schema.org\",\"@graph\":[{\"@type\":\"WebPage\",\"@id\":\"https:\/\/skaitytaknyga.lt\/produktas\/jake-scott-kraujo-kresulys\/\",\"url\":\"https:\/\/skaitytaknyga.lt\/produktas\/jake-scott-kraujo-kresulys\/\",\"name\":\"Jake Scott \u201eKraujo kre\u0161ulys\u201c - Skaitytaknyga\",\"isPartOf\":{\"@id\":\"https:\/\/skaitytaknyga.lt\/#website\"},\"primaryImageOfPage\":{\"@id\":\"https:\/\/skaitytaknyga.lt\/produktas\/jake-scott-kraujo-kresulys\/#primaryimage\"},\"image\":{\"@id\":\"https:\/\/skaitytaknyga.lt\/produktas\/jake-scott-kraujo-kresulys\/#primaryimage\"},\"thumbnailUrl\":\"https:\/\/skaitytaknyga.lt\/wp-content\/uploads\/2024\/05\/1462873460_kraujo-kresulys.jpg\",\"datePublished\":\"2024-05-02T13:32:43+00:00\",\"dateModified\":\"2024-05-03T07:30:05+00:00\",\"description\":\"Brit\u0173 3-iojo para\u0161iutinink\u0173 bataliono \u017evalgybos, arba patruli\u0173, b\u016brio karys pasakoja apie savo i\u0161gyvenimus Afganistano Helmando provincijoje. 2006 metais 3-iojo para\u0161iutinink\u0173 bataliono kovos grupei teko u\u017eduotis atkovoti i\u0161 talib\u0173 \u0161ios provincijos srit\u012f, apiman\u010di\u0105 Nov Zado, Musa Kalos, Sangino ir Gere\u0161ko miestus. Per \u0161e\u0161is m\u0117nesius trukusi\u0105 pamain\u0105 kovos grup\u0117 apie 500 kart\u0173 susir\u0117m\u0117 su talibais ir per t\u016bkstant\u012f j\u0173 nukov\u0117. Patruli\u0173 b\u016brys, apmokytas veikti u\u017e prie\u0161o linij\u0173, u\u017esiimin\u0117jo \u017evalgyba, lyd\u0117davo tiekimo konvojus, dengdavo kitus dalinius, pats nekart gr\u016bm\u0117si su talibais d\u0117l i\u0161gyvenimo. Autorius apra\u0161o i\u0161gyventas kovines operacijas, kasdienyb\u0119 dykumoje ir stovykloje, kovos draug\u0173 \u017e\u016bt\u012f, \u0161iurk\u0161tok\u0105, bet tvirt\u0105 draugyst\u0119.\",\"breadcrumb\":{\"@id\":\"https:\/\/skaitytaknyga.lt\/produktas\/jake-scott-kraujo-kresulys\/#breadcrumb\"},\"inLanguage\":\"en-GB\",\"potentialAction\":[{\"@type\":\"ReadAction\",\"target\":[\"https:\/\/skaitytaknyga.lt\/produktas\/jake-scott-kraujo-kresulys\/\"]}]},{\"@type\":\"ImageObject\",\"inLanguage\":\"en-GB\",\"@id\":\"https:\/\/skaitytaknyga.lt\/produktas\/jake-scott-kraujo-kresulys\/#primaryimage\",\"url\":\"https:\/\/skaitytaknyga.lt\/wp-content\/uploads\/2024\/05\/1462873460_kraujo-kresulys.jpg\",\"contentUrl\":\"https:\/\/skaitytaknyga.lt\/wp-content\/uploads\/2024\/05\/1462873460_kraujo-kresulys.jpg\",\"width\":280,\"height\":430},{\"@type\":\"BreadcrumbList\",\"@id\":\"https:\/\/skaitytaknyga.lt\/produktas\/jake-scott-kraujo-kresulys\/#breadcrumb\",\"itemListElement\":[{\"@type\":\"ListItem\",\"position\":1,\"name\":\"Home\",\"item\":\"https:\/\/skaitytaknyga.lt\/\"},{\"@type\":\"ListItem\",\"position\":2,\"name\":\"Parduotuv\u0117\",\"item\":\"https:\/\/skaitytaknyga.lt\/knygu-parduotuve\/\"},{\"@type\":\"ListItem\",\"position\":3,\"name\":\"Jake Scott \u201eKraujo kre\u0161ulys\u201c\"}]},{\"@type\":\"WebSite\",\"@id\":\"https:\/\/skaitytaknyga.lt\/#website\",\"url\":\"https:\/\/skaitytaknyga.lt\/\",\"name\":\"skaitytaknyga.lt\",\"description\":\"Skaitytaknyga.lt \u2013 tai ma\u017eas \u0161eimos verslas, kuris prasid\u0117jo nuo meil\u0117s knygoms ir siekio i\u0161gelb\u0117ti knygas nuo likimo prie konteinerio. Kas vienam nereikalingas daiktas \u2013 kitam lobis, o mes esame tarpininkai, kurie padeda abiems tapti laimingesniems ???? \u017dinome kaip nelengva i\u0161gyventi ma\u017eiems verslams, tad nuo \u0161iol, \u010dia rasite ir kit\u0173, ma\u017e\u0173 \u0161eim\u0173 versl\u0173, rank\u0173 darbo, dovan\u0173 sau ir artimiesiems.\",\"publisher\":{\"@id\":\"https:\/\/skaitytaknyga.lt\/#organization\"},\"potentialAction\":[{\"@type\":\"SearchAction\",\"target\":{\"@type\":\"EntryPoint\",\"urlTemplate\":\"https:\/\/skaitytaknyga.lt\/?s={search_term_string}\"},\"query-input\":{\"@type\":\"PropertyValueSpecification\",\"valueRequired\":true,\"valueName\":\"search_term_string\"}}],\"inLanguage\":\"en-GB\"},{\"@type\":\"Organization\",\"@id\":\"https:\/\/skaitytaknyga.lt\/#organization\",\"name\":\"skaitytaknyga.lt\",\"url\":\"https:\/\/skaitytaknyga.lt\/\",\"logo\":{\"@type\":\"ImageObject\",\"inLanguage\":\"en-GB\",\"@id\":\"https:\/\/skaitytaknyga.lt\/#\/schema\/logo\/image\/\",\"url\":\"https:\/\/skaitytaknyga.lt\/wp-content\/uploads\/2024\/05\/cropped-cropped-cropped-02_00843_jt3bggkj1j3HLc7SyY6rEUpg.jpeg\",\"contentUrl\":\"https:\/\/skaitytaknyga.lt\/wp-content\/uploads\/2024\/05\/cropped-cropped-cropped-02_00843_jt3bggkj1j3HLc7SyY6rEUpg.jpeg\",\"width\":1600,\"height\":1600,\"caption\":\"skaitytaknyga.lt\"},\"image\":{\"@id\":\"https:\/\/skaitytaknyga.lt\/#\/schema\/logo\/image\/\"},\"sameAs\":[\"https:\/\/www.facebook.com\/skaitytaknyga\/\"]}]}<\/script>\n<!-- \/ Yoast SEO plugin. -->","yoast_head_json":{"title":"Jake Scott \u201eKraujo kre\u0161ulys\u201c - Skaitytaknyga","description":"Brit\u0173 3-iojo para\u0161iutinink\u0173 bataliono \u017evalgybos, arba patruli\u0173, b\u016brio karys pasakoja apie savo i\u0161gyvenimus Afganistano Helmando provincijoje. 2006 metais 3-iojo para\u0161iutinink\u0173 bataliono kovos grupei teko u\u017eduotis atkovoti i\u0161 talib\u0173 \u0161ios provincijos srit\u012f, apiman\u010di\u0105 Nov Zado, Musa Kalos, Sangino ir Gere\u0161ko miestus. Per \u0161e\u0161is m\u0117nesius trukusi\u0105 pamain\u0105 kovos grup\u0117 apie 500 kart\u0173 susir\u0117m\u0117 su talibais ir per t\u016bkstant\u012f j\u0173 nukov\u0117. Patruli\u0173 b\u016brys, apmokytas veikti u\u017e prie\u0161o linij\u0173, u\u017esiimin\u0117jo \u017evalgyba, lyd\u0117davo tiekimo konvojus, dengdavo kitus dalinius, pats nekart gr\u016bm\u0117si su talibais d\u0117l i\u0161gyvenimo.  Autorius apra\u0161o i\u0161gyventas kovines operacijas, kasdienyb\u0119 dykumoje ir stovykloje, kovos draug\u0173 \u017e\u016bt\u012f, \u0161iurk\u0161tok\u0105, bet tvirt\u0105 draugyst\u0119.","robots":{"index":"index","follow":"follow","max-snippet":"max-snippet:-1","max-image-preview":"max-image-preview:large","max-video-preview":"max-video-preview:-1"},"canonical":"https:\/\/skaitytaknyga.lt\/en\/produktas\/jake-scott-kraujo-kresulys\/","og_locale":"en_GB","og_type":"article","og_title":"Jake Scott \u201eKraujo kre\u0161ulys\u201c - Skaitytaknyga","og_description":"Brit\u0173 3-iojo para\u0161iutinink\u0173 bataliono \u017evalgybos, arba patruli\u0173, b\u016brio karys pasakoja apie savo i\u0161gyvenimus Afganistano Helmando provincijoje. 2006 metais 3-iojo para\u0161iutinink\u0173 bataliono kovos grupei teko u\u017eduotis atkovoti i\u0161 talib\u0173 \u0161ios provincijos srit\u012f, apiman\u010di\u0105 Nov Zado, Musa Kalos, Sangino ir Gere\u0161ko miestus. Per \u0161e\u0161is m\u0117nesius trukusi\u0105 pamain\u0105 kovos grup\u0117 apie 500 kart\u0173 susir\u0117m\u0117 su talibais ir per t\u016bkstant\u012f j\u0173 nukov\u0117. Patruli\u0173 b\u016brys, apmokytas veikti u\u017e prie\u0161o linij\u0173, u\u017esiimin\u0117jo \u017evalgyba, lyd\u0117davo tiekimo konvojus, dengdavo kitus dalinius, pats nekart gr\u016bm\u0117si su talibais d\u0117l i\u0161gyvenimo.  Autorius apra\u0161o i\u0161gyventas kovines operacijas, kasdienyb\u0119 dykumoje ir stovykloje, kovos draug\u0173 \u017e\u016bt\u012f, \u0161iurk\u0161tok\u0105, bet tvirt\u0105 draugyst\u0119.","og_url":"https:\/\/skaitytaknyga.lt\/en\/produktas\/jake-scott-kraujo-kresulys\/","og_site_name":"Skaitytaknyga","article_publisher":"https:\/\/www.facebook.com\/skaitytaknyga\/","article_modified_time":"2024-05-03T07:30:05+00:00","og_image":[{"width":280,"height":430,"url":"https:\/\/skaitytaknyga.lt\/wp-content\/uploads\/2024\/05\/1462873460_kraujo-kresulys.jpg","type":"image\/jpeg"}],"twitter_card":"summary_large_image","twitter_misc":{"Estimated reading time":"1 minute"},"schema":{"@context":"https:\/\/schema.org","@graph":[{"@type":"WebPage","@id":"https:\/\/skaitytaknyga.lt\/produktas\/jake-scott-kraujo-kresulys\/","url":"https:\/\/skaitytaknyga.lt\/produktas\/jake-scott-kraujo-kresulys\/","name":"Jake Scott \u201eKraujo kre\u0161ulys\u201c - Skaitytaknyga","isPartOf":{"@id":"https:\/\/skaitytaknyga.lt\/#website"},"primaryImageOfPage":{"@id":"https:\/\/skaitytaknyga.lt\/produktas\/jake-scott-kraujo-kresulys\/#primaryimage"},"image":{"@id":"https:\/\/skaitytaknyga.lt\/produktas\/jake-scott-kraujo-kresulys\/#primaryimage"},"thumbnailUrl":"https:\/\/skaitytaknyga.lt\/wp-content\/uploads\/2024\/05\/1462873460_kraujo-kresulys.jpg","datePublished":"2024-05-02T13:32:43+00:00","dateModified":"2024-05-03T07:30:05+00:00","description":"Brit\u0173 3-iojo para\u0161iutinink\u0173 bataliono \u017evalgybos, arba patruli\u0173, b\u016brio karys pasakoja apie savo i\u0161gyvenimus Afganistano Helmando provincijoje. 2006 metais 3-iojo para\u0161iutinink\u0173 bataliono kovos grupei teko u\u017eduotis atkovoti i\u0161 talib\u0173 \u0161ios provincijos srit\u012f, apiman\u010di\u0105 Nov Zado, Musa Kalos, Sangino ir Gere\u0161ko miestus. Per \u0161e\u0161is m\u0117nesius trukusi\u0105 pamain\u0105 kovos grup\u0117 apie 500 kart\u0173 susir\u0117m\u0117 su talibais ir per t\u016bkstant\u012f j\u0173 nukov\u0117. Patruli\u0173 b\u016brys, apmokytas veikti u\u017e prie\u0161o linij\u0173, u\u017esiimin\u0117jo \u017evalgyba, lyd\u0117davo tiekimo konvojus, dengdavo kitus dalinius, pats nekart gr\u016bm\u0117si su talibais d\u0117l i\u0161gyvenimo. Autorius apra\u0161o i\u0161gyventas kovines operacijas, kasdienyb\u0119 dykumoje ir stovykloje, kovos draug\u0173 \u017e\u016bt\u012f, \u0161iurk\u0161tok\u0105, bet tvirt\u0105 draugyst\u0119.","breadcrumb":{"@id":"https:\/\/skaitytaknyga.lt\/produktas\/jake-scott-kraujo-kresulys\/#breadcrumb"},"inLanguage":"en-GB","potentialAction":[{"@type":"ReadAction","target":["https:\/\/skaitytaknyga.lt\/produktas\/jake-scott-kraujo-kresulys\/"]}]},{"@type":"ImageObject","inLanguage":"en-GB","@id":"https:\/\/skaitytaknyga.lt\/produktas\/jake-scott-kraujo-kresulys\/#primaryimage","url":"https:\/\/skaitytaknyga.lt\/wp-content\/uploads\/2024\/05\/1462873460_kraujo-kresulys.jpg","contentUrl":"https:\/\/skaitytaknyga.lt\/wp-content\/uploads\/2024\/05\/1462873460_kraujo-kresulys.jpg","width":280,"height":430},{"@type":"BreadcrumbList","@id":"https:\/\/skaitytaknyga.lt\/produktas\/jake-scott-kraujo-kresulys\/#breadcrumb","itemListElement":[{"@type":"ListItem","position":1,"name":"Home","item":"https:\/\/skaitytaknyga.lt\/"},{"@type":"ListItem","position":2,"name":"Parduotuv\u0117","item":"https:\/\/skaitytaknyga.lt\/knygu-parduotuve\/"},{"@type":"ListItem","position":3,"name":"Jake Scott \u201eKraujo kre\u0161ulys\u201c"}]},{"@type":"WebSite","@id":"https:\/\/skaitytaknyga.lt\/#website","url":"https:\/\/skaitytaknyga.lt\/","name":"skaitytaknyga.lt","description":"Skaitytaknyga.lt \u2013 tai ma\u017eas \u0161eimos verslas, kuris prasid\u0117jo nuo meil\u0117s knygoms ir siekio i\u0161gelb\u0117ti knygas nuo likimo prie konteinerio. Kas vienam nereikalingas daiktas \u2013 kitam lobis, o mes esame tarpininkai, kurie padeda abiems tapti laimingesniems ???? \u017dinome kaip nelengva i\u0161gyventi ma\u017eiems verslams, tad nuo \u0161iol, \u010dia rasite ir kit\u0173, ma\u017e\u0173 \u0161eim\u0173 versl\u0173, rank\u0173 darbo, dovan\u0173 sau ir artimiesiems.","publisher":{"@id":"https:\/\/skaitytaknyga.lt\/#organization"},"potentialAction":[{"@type":"SearchAction","target":{"@type":"EntryPoint","urlTemplate":"https:\/\/skaitytaknyga.lt\/?s={search_term_string}"},"query-input":{"@type":"PropertyValueSpecification","valueRequired":true,"valueName":"search_term_string"}}],"inLanguage":"en-GB"},{"@type":"Organization","@id":"https:\/\/skaitytaknyga.lt\/#organization","name":"skaitytaknyga.lt","url":"https:\/\/skaitytaknyga.lt\/","logo":{"@type":"ImageObject","inLanguage":"en-GB","@id":"https:\/\/skaitytaknyga.lt\/#\/schema\/logo\/image\/","url":"https:\/\/skaitytaknyga.lt\/wp-content\/uploads\/2024\/05\/cropped-cropped-cropped-02_00843_jt3bggkj1j3HLc7SyY6rEUpg.jpeg","contentUrl":"https:\/\/skaitytaknyga.lt\/wp-content\/uploads\/2024\/05\/cropped-cropped-cropped-02_00843_jt3bggkj1j3HLc7SyY6rEUpg.jpeg","width":1600,"height":1600,"caption":"skaitytaknyga.lt"},"image":{"@id":"https:\/\/skaitytaknyga.lt\/#\/schema\/logo\/image\/"},"sameAs":["https:\/\/www.facebook.com\/skaitytaknyga\/"]}]}},"_links":{"self":[{"href":"https:\/\/skaitytaknyga.lt\/en\/wp-json\/wp\/v2\/product\/6922","targetHints":{"allow":["GET"]}}],"collection":[{"href":"https:\/\/skaitytaknyga.lt\/en\/wp-json\/wp\/v2\/product"}],"about":[{"href":"https:\/\/skaitytaknyga.lt\/en\/wp-json\/wp\/v2\/types\/product"}],"replies":[{"embeddable":true,"href":"https:\/\/skaitytaknyga.lt\/en\/wp-json\/wp\/v2\/comments?post=6922"}],"wp:featuredmedia":[{"embeddable":true,"href":"https:\/\/skaitytaknyga.lt\/en\/wp-json\/wp\/v2\/media\/6934"}],"wp:attachment":[{"href":"https:\/\/skaitytaknyga.lt\/en\/wp-json\/wp\/v2\/media?parent=6922"}],"wp:term":[{"taxonomy":"product_brand","embeddable":true,"href":"https:\/\/skaitytaknyga.lt\/en\/wp-json\/wp\/v2\/product_brand?post=6922"},{"taxonomy":"product_cat","embeddable":true,"href":"https:\/\/skaitytaknyga.lt\/en\/wp-json\/wp\/v2\/product_cat?post=6922"},{"taxonomy":"product_tag","embeddable":true,"href":"https:\/\/skaitytaknyga.lt\/en\/wp-json\/wp\/v2\/product_tag?post=6922"}],"curies":[{"name":"wp","href":"https:\/\/api.w.org\/{rel}","templated":true}]}}