{"id":6900,"date":"2024-05-02T13:31:46","date_gmt":"2024-05-02T13:31:46","guid":{"rendered":"https:\/\/skaitytaknyga.lt\/?post_type=product&#038;p=6900"},"modified":"2024-05-03T07:30:04","modified_gmt":"2024-05-03T07:30:04","slug":"grazina-baikstyte-gyvenimas-kaip-teatras","status":"publish","type":"product","link":"https:\/\/skaitytaknyga.lt\/en\/produktas\/grazina-baikstyte-gyvenimas-kaip-teatras\/","title":{"rendered":"Gra\u017eina Baik\u0161tyt\u0117 \u201eGyvenimas kaip teatras\u201c"},"content":{"rendered":"<div class=\"book-descript-wrapper\">\n<section class=\"product-descript more-content-wrapper\">\n<div class=\"\">\n<p>\u201eMan artimas pokalbi\u0173 \u017eanras. Patinka be \u012ftampos ir skubos su \u017emogumi nuo\u0161ird\u017eiai pasi\u0161neku\u010diuoti sus\u0117dus kokioje jaukioje kavin\u0117je ar jam \u012fprastoje nam\u0173 aplinkoje. Be galo gerbiu kiekvien\u0105 savo pa\u0161nekov\u0105 \u2013 neprovokuoju ir neie\u0161kau pikanti\u0161k\u0173 jo gyvenimo detali\u0173. Juk yra tiek daug \u012fdomi\u0173 tem\u0173 pokalbiams! Rengdama knyg\u0105, bendraudama su pa\u0161nekovais ir pati su\u017einojau tai, ko ne\u017einojusi. Pasirodo, kad ir kaip aktoriai myl\u0117t\u0173 teatr\u0105, ta\u010diau daugumai j\u0173 gyvenimas yra svarbesnis u\u017e teatr\u0105. Gyvenimo kasdienyb\u0117s scenoje jie patiria ra\u0161ytojo plunksnos vert\u0173 dram\u0173, tragedij\u0173 ir komedij\u0173, kurios da\u017enai yra \u012fdomesn\u0117s u\u017e vaidinimus teatro scenoje.&#8221;<\/p>\n<p>Gra\u017eina Baik\u0161tyt\u0117<\/p>\n<\/div>\n<\/section>\n<\/div>\n","protected":false},"excerpt":{"rendered":"<div class=\"book-descript-wrapper\">\n<section class=\"product-descript more-content-wrapper\">\n<div class=\"\">\n<p>\u201eMan artimas pokalbi\u0173 \u017eanras. Patinka be \u012ftampos ir skubos su \u017emogumi nuo\u0161ird\u017eiai pasi\u0161neku\u010diuoti sus\u0117dus kokioje jaukioje kavin\u0117je ar jam \u012fprastoje nam\u0173 aplinkoje. Be galo gerbiu kiekvien\u0105 savo pa\u0161nekov\u0105 \u2013 neprovokuoju ir neie\u0161kau pikanti\u0161k\u0173 jo gyvenimo detali\u0173. Juk yra tiek daug \u012fdomi\u0173 tem\u0173 pokalbiams! Rengdama knyg\u0105, bendraudama su pa\u0161nekovais ir pati su\u017einojau tai, ko ne\u017einojusi. Pasirodo, kad ir kaip aktoriai myl\u0117t\u0173 teatr\u0105, ta\u010diau daugumai j\u0173 gyvenimas yra svarbesnis u\u017e teatr\u0105. Gyvenimo kasdienyb\u0117s scenoje jie patiria ra\u0161ytojo plunksnos vert\u0173 dram\u0173, tragedij\u0173 ir komedij\u0173, kurios da\u017enai yra \u012fdomesn\u0117s u\u017e vaidinimus teatro scenoje.&#8221;<\/p>\n<p>Gra\u017eina Baik\u0161tyt\u0117<\/p>\n<\/div>\n<\/section>\n<\/div>\n","protected":false},"featured_media":6915,"comment_status":"closed","ping_status":"closed","template":"","meta":{"_acf_changed":false,"site-sidebar-layout":"default","site-content-layout":"","ast-site-content-layout":"default","site-content-style":"default","site-sidebar-style":"default","ast-global-header-display":"","ast-banner-title-visibility":"","ast-main-header-display":"","ast-hfb-above-header-display":"","ast-hfb-below-header-display":"","ast-hfb-mobile-header-display":"","site-post-title":"","ast-breadcrumbs-content":"","ast-featured-img":"","footer-sml-layout":"","ast-disable-related-posts":"","theme-transparent-header-meta":"","adv-header-id-meta":"","stick-header-meta":"","header-above-stick-meta":"","header-main-stick-meta":"","header-below-stick-meta":"","astra-migrate-meta-layouts":"default","ast-page-background-enabled":"default","ast-page-background-meta":{"desktop":{"background-color":"","background-image":"","background-repeat":"repeat","background-position":"center center","background-size":"auto","background-attachment":"scroll","background-type":"","background-media":"","overlay-type":"","overlay-color":"","overlay-opacity":"","overlay-gradient":""},"tablet":{"background-color":"","background-image":"","background-repeat":"repeat","background-position":"center center","background-size":"auto","background-attachment":"scroll","background-type":"","background-media":"","overlay-type":"","overlay-color":"","overlay-opacity":"","overlay-gradient":""},"mobile":{"background-color":"","background-image":"","background-repeat":"repeat","background-position":"center center","background-size":"auto","background-attachment":"scroll","background-type":"","background-media":"","overlay-type":"","overlay-color":"","overlay-opacity":"","overlay-gradient":""}},"ast-content-background-meta":{"desktop":{"background-color":"var(--ast-global-color-4)","background-image":"","background-repeat":"repeat","background-position":"center center","background-size":"auto","background-attachment":"scroll","background-type":"","background-media":"","overlay-type":"","overlay-color":"","overlay-opacity":"","overlay-gradient":""},"tablet":{"background-color":"var(--ast-global-color-4)","background-image":"","background-repeat":"repeat","background-position":"center center","background-size":"auto","background-attachment":"scroll","background-type":"","background-media":"","overlay-type":"","overlay-color":"","overlay-opacity":"","overlay-gradient":""},"mobile":{"background-color":"var(--ast-global-color-4)","background-image":"","background-repeat":"repeat","background-position":"center center","background-size":"auto","background-attachment":"scroll","background-type":"","background-media":"","overlay-type":"","overlay-color":"","overlay-opacity":"","overlay-gradient":""}}},"product_brand":[],"product_cat":[33],"product_tag":[],"class_list":{"0":"post-6900","1":"product","2":"type-product","3":"status-publish","4":"has-post-thumbnail","6":"product_cat-biografijos","7":"pa_leidimo-metai-626","8":"desktop-align-left","9":"tablet-align-left","10":"mobile-align-left","12":"first","13":"outofstock","14":"shipping-taxable","15":"purchasable","16":"product-type-simple"},"acf":[],"yoast_head":"<!-- This site is optimized with the Yoast SEO plugin v27.0 - https:\/\/yoast.com\/product\/yoast-seo-wordpress\/ -->\n<title>Gra\u017eina Baik\u0161tyt\u0117 \u201eGyvenimas kaip teatras\u201c - Skaitytaknyga<\/title>\n<meta name=\"description\" content=\"\u201eMan artimas pokalbi\u0173 \u017eanras. Patinka be \u012ftampos ir skubos su \u017emogumi nuo\u0161ird\u017eiai pasi\u0161neku\u010diuoti sus\u0117dus kokioje jaukioje kavin\u0117je ar jam \u012fprastoje nam\u0173 aplinkoje. Be galo gerbiu kiekvien\u0105 savo pa\u0161nekov\u0105 \u2013 neprovokuoju ir neie\u0161kau pikanti\u0161k\u0173 jo gyvenimo detali\u0173. Juk yra tiek daug \u012fdomi\u0173 tem\u0173 pokalbiams! Rengdama knyg\u0105, bendraudama su pa\u0161nekovais ir pati su\u017einojau tai, ko ne\u017einojusi. Pasirodo, kad ir kaip aktoriai myl\u0117t\u0173 teatr\u0105, ta\u010diau daugumai j\u0173 gyvenimas yra svarbesnis u\u017e teatr\u0105. Gyvenimo kasdienyb\u0117s scenoje jie patiria ra\u0161ytojo plunksnos vert\u0173 dram\u0173, tragedij\u0173 ir komedij\u0173, kurios da\u017enai yra \u012fdomesn\u0117s u\u017e vaidinimus teatro scenoje.&quot;  Gra\u017eina Baik\u0161tyt\u0117\" \/>\n<meta name=\"robots\" content=\"index, follow, max-snippet:-1, max-image-preview:large, max-video-preview:-1\" \/>\n<link rel=\"canonical\" href=\"https:\/\/skaitytaknyga.lt\/en\/produktas\/grazina-baikstyte-gyvenimas-kaip-teatras\/\" \/>\n<meta property=\"og:locale\" content=\"en_GB\" \/>\n<meta property=\"og:locale:alternate\" content=\"lt_LT\" \/>\n<meta property=\"og:type\" content=\"article\" \/>\n<meta property=\"og:title\" content=\"Gra\u017eina Baik\u0161tyt\u0117 \u201eGyvenimas kaip teatras\u201c - Skaitytaknyga\" \/>\n<meta property=\"og:description\" content=\"\u201eMan artimas pokalbi\u0173 \u017eanras. Patinka be \u012ftampos ir skubos su \u017emogumi nuo\u0161ird\u017eiai pasi\u0161neku\u010diuoti sus\u0117dus kokioje jaukioje kavin\u0117je ar jam \u012fprastoje nam\u0173 aplinkoje. Be galo gerbiu kiekvien\u0105 savo pa\u0161nekov\u0105 \u2013 neprovokuoju ir neie\u0161kau pikanti\u0161k\u0173 jo gyvenimo detali\u0173. Juk yra tiek daug \u012fdomi\u0173 tem\u0173 pokalbiams! Rengdama knyg\u0105, bendraudama su pa\u0161nekovais ir pati su\u017einojau tai, ko ne\u017einojusi. Pasirodo, kad ir kaip aktoriai myl\u0117t\u0173 teatr\u0105, ta\u010diau daugumai j\u0173 gyvenimas yra svarbesnis u\u017e teatr\u0105. Gyvenimo kasdienyb\u0117s scenoje jie patiria ra\u0161ytojo plunksnos vert\u0173 dram\u0173, tragedij\u0173 ir komedij\u0173, kurios da\u017enai yra \u012fdomesn\u0117s u\u017e vaidinimus teatro scenoje.&quot;  Gra\u017eina Baik\u0161tyt\u0117\" \/>\n<meta property=\"og:url\" content=\"https:\/\/skaitytaknyga.lt\/en\/produktas\/grazina-baikstyte-gyvenimas-kaip-teatras\/\" \/>\n<meta property=\"og:site_name\" content=\"Skaitytaknyga\" \/>\n<meta property=\"article:publisher\" content=\"https:\/\/www.facebook.com\/skaitytaknyga\/\" \/>\n<meta property=\"article:modified_time\" content=\"2024-05-03T07:30:04+00:00\" \/>\n<meta property=\"og:image\" content=\"https:\/\/skaitytaknyga.lt\/wp-content\/uploads\/2024\/05\/1462890386_gyvenimas-kaip-teatras1.jpg\" \/>\n\t<meta property=\"og:image:width\" content=\"320\" \/>\n\t<meta property=\"og:image:height\" content=\"405\" \/>\n\t<meta property=\"og:image:type\" content=\"image\/jpeg\" \/>\n<meta name=\"twitter:card\" content=\"summary_large_image\" \/>\n<meta name=\"twitter:label1\" content=\"Estimated reading time\" \/>\n\t<meta name=\"twitter:data1\" content=\"1 minute\" \/>\n<script type=\"application\/ld+json\" class=\"yoast-schema-graph\">{\"@context\":\"https:\/\/schema.org\",\"@graph\":[{\"@type\":\"WebPage\",\"@id\":\"https:\/\/skaitytaknyga.lt\/produktas\/grazina-baikstyte-gyvenimas-kaip-teatras\/\",\"url\":\"https:\/\/skaitytaknyga.lt\/produktas\/grazina-baikstyte-gyvenimas-kaip-teatras\/\",\"name\":\"Gra\u017eina Baik\u0161tyt\u0117 \u201eGyvenimas kaip teatras\u201c - Skaitytaknyga\",\"isPartOf\":{\"@id\":\"https:\/\/skaitytaknyga.lt\/#website\"},\"primaryImageOfPage\":{\"@id\":\"https:\/\/skaitytaknyga.lt\/produktas\/grazina-baikstyte-gyvenimas-kaip-teatras\/#primaryimage\"},\"image\":{\"@id\":\"https:\/\/skaitytaknyga.lt\/produktas\/grazina-baikstyte-gyvenimas-kaip-teatras\/#primaryimage\"},\"thumbnailUrl\":\"https:\/\/skaitytaknyga.lt\/wp-content\/uploads\/2024\/05\/1462890386_gyvenimas-kaip-teatras1.jpg\",\"datePublished\":\"2024-05-02T13:31:46+00:00\",\"dateModified\":\"2024-05-03T07:30:04+00:00\",\"description\":\"\u201eMan artimas pokalbi\u0173 \u017eanras. Patinka be \u012ftampos ir skubos su \u017emogumi nuo\u0161ird\u017eiai pasi\u0161neku\u010diuoti sus\u0117dus kokioje jaukioje kavin\u0117je ar jam \u012fprastoje nam\u0173 aplinkoje. Be galo gerbiu kiekvien\u0105 savo pa\u0161nekov\u0105 \u2013 neprovokuoju ir neie\u0161kau pikanti\u0161k\u0173 jo gyvenimo detali\u0173. Juk yra tiek daug \u012fdomi\u0173 tem\u0173 pokalbiams! Rengdama knyg\u0105, bendraudama su pa\u0161nekovais ir pati su\u017einojau tai, ko ne\u017einojusi. Pasirodo, kad ir kaip aktoriai myl\u0117t\u0173 teatr\u0105, ta\u010diau daugumai j\u0173 gyvenimas yra svarbesnis u\u017e teatr\u0105. Gyvenimo kasdienyb\u0117s scenoje jie patiria ra\u0161ytojo plunksnos vert\u0173 dram\u0173, tragedij\u0173 ir komedij\u0173, kurios da\u017enai yra \u012fdomesn\u0117s u\u017e vaidinimus teatro scenoje.\\\" Gra\u017eina Baik\u0161tyt\u0117\",\"breadcrumb\":{\"@id\":\"https:\/\/skaitytaknyga.lt\/produktas\/grazina-baikstyte-gyvenimas-kaip-teatras\/#breadcrumb\"},\"inLanguage\":\"en-GB\",\"potentialAction\":[{\"@type\":\"ReadAction\",\"target\":[\"https:\/\/skaitytaknyga.lt\/produktas\/grazina-baikstyte-gyvenimas-kaip-teatras\/\"]}]},{\"@type\":\"ImageObject\",\"inLanguage\":\"en-GB\",\"@id\":\"https:\/\/skaitytaknyga.lt\/produktas\/grazina-baikstyte-gyvenimas-kaip-teatras\/#primaryimage\",\"url\":\"https:\/\/skaitytaknyga.lt\/wp-content\/uploads\/2024\/05\/1462890386_gyvenimas-kaip-teatras1.jpg\",\"contentUrl\":\"https:\/\/skaitytaknyga.lt\/wp-content\/uploads\/2024\/05\/1462890386_gyvenimas-kaip-teatras1.jpg\",\"width\":320,\"height\":405},{\"@type\":\"BreadcrumbList\",\"@id\":\"https:\/\/skaitytaknyga.lt\/produktas\/grazina-baikstyte-gyvenimas-kaip-teatras\/#breadcrumb\",\"itemListElement\":[{\"@type\":\"ListItem\",\"position\":1,\"name\":\"Home\",\"item\":\"https:\/\/skaitytaknyga.lt\/\"},{\"@type\":\"ListItem\",\"position\":2,\"name\":\"Parduotuv\u0117\",\"item\":\"https:\/\/skaitytaknyga.lt\/knygu-parduotuve\/\"},{\"@type\":\"ListItem\",\"position\":3,\"name\":\"Gra\u017eina Baik\u0161tyt\u0117 \u201eGyvenimas kaip teatras\u201c\"}]},{\"@type\":\"WebSite\",\"@id\":\"https:\/\/skaitytaknyga.lt\/#website\",\"url\":\"https:\/\/skaitytaknyga.lt\/\",\"name\":\"skaitytaknyga.lt\",\"description\":\"Skaitytaknyga.lt \u2013 tai ma\u017eas \u0161eimos verslas, kuris prasid\u0117jo nuo meil\u0117s knygoms ir siekio i\u0161gelb\u0117ti knygas nuo likimo prie konteinerio. Kas vienam nereikalingas daiktas \u2013 kitam lobis, o mes esame tarpininkai, kurie padeda abiems tapti laimingesniems ???? \u017dinome kaip nelengva i\u0161gyventi ma\u017eiems verslams, tad nuo \u0161iol, \u010dia rasite ir kit\u0173, ma\u017e\u0173 \u0161eim\u0173 versl\u0173, rank\u0173 darbo, dovan\u0173 sau ir artimiesiems.\",\"publisher\":{\"@id\":\"https:\/\/skaitytaknyga.lt\/#organization\"},\"potentialAction\":[{\"@type\":\"SearchAction\",\"target\":{\"@type\":\"EntryPoint\",\"urlTemplate\":\"https:\/\/skaitytaknyga.lt\/?s={search_term_string}\"},\"query-input\":{\"@type\":\"PropertyValueSpecification\",\"valueRequired\":true,\"valueName\":\"search_term_string\"}}],\"inLanguage\":\"en-GB\"},{\"@type\":\"Organization\",\"@id\":\"https:\/\/skaitytaknyga.lt\/#organization\",\"name\":\"skaitytaknyga.lt\",\"url\":\"https:\/\/skaitytaknyga.lt\/\",\"logo\":{\"@type\":\"ImageObject\",\"inLanguage\":\"en-GB\",\"@id\":\"https:\/\/skaitytaknyga.lt\/#\/schema\/logo\/image\/\",\"url\":\"https:\/\/skaitytaknyga.lt\/wp-content\/uploads\/2024\/05\/cropped-cropped-cropped-02_00843_jt3bggkj1j3HLc7SyY6rEUpg.jpeg\",\"contentUrl\":\"https:\/\/skaitytaknyga.lt\/wp-content\/uploads\/2024\/05\/cropped-cropped-cropped-02_00843_jt3bggkj1j3HLc7SyY6rEUpg.jpeg\",\"width\":1600,\"height\":1600,\"caption\":\"skaitytaknyga.lt\"},\"image\":{\"@id\":\"https:\/\/skaitytaknyga.lt\/#\/schema\/logo\/image\/\"},\"sameAs\":[\"https:\/\/www.facebook.com\/skaitytaknyga\/\"]}]}<\/script>\n<!-- \/ Yoast SEO plugin. -->","yoast_head_json":{"title":"Gra\u017eina Baik\u0161tyt\u0117 \u201eGyvenimas kaip teatras\u201c - Skaitytaknyga","description":"\u201eMan artimas pokalbi\u0173 \u017eanras. Patinka be \u012ftampos ir skubos su \u017emogumi nuo\u0161ird\u017eiai pasi\u0161neku\u010diuoti sus\u0117dus kokioje jaukioje kavin\u0117je ar jam \u012fprastoje nam\u0173 aplinkoje. Be galo gerbiu kiekvien\u0105 savo pa\u0161nekov\u0105 \u2013 neprovokuoju ir neie\u0161kau pikanti\u0161k\u0173 jo gyvenimo detali\u0173. Juk yra tiek daug \u012fdomi\u0173 tem\u0173 pokalbiams! Rengdama knyg\u0105, bendraudama su pa\u0161nekovais ir pati su\u017einojau tai, ko ne\u017einojusi. Pasirodo, kad ir kaip aktoriai myl\u0117t\u0173 teatr\u0105, ta\u010diau daugumai j\u0173 gyvenimas yra svarbesnis u\u017e teatr\u0105. Gyvenimo kasdienyb\u0117s scenoje jie patiria ra\u0161ytojo plunksnos vert\u0173 dram\u0173, tragedij\u0173 ir komedij\u0173, kurios da\u017enai yra \u012fdomesn\u0117s u\u017e vaidinimus teatro scenoje.\"  Gra\u017eina Baik\u0161tyt\u0117","robots":{"index":"index","follow":"follow","max-snippet":"max-snippet:-1","max-image-preview":"max-image-preview:large","max-video-preview":"max-video-preview:-1"},"canonical":"https:\/\/skaitytaknyga.lt\/en\/produktas\/grazina-baikstyte-gyvenimas-kaip-teatras\/","og_locale":"en_GB","og_type":"article","og_title":"Gra\u017eina Baik\u0161tyt\u0117 \u201eGyvenimas kaip teatras\u201c - Skaitytaknyga","og_description":"\u201eMan artimas pokalbi\u0173 \u017eanras. Patinka be \u012ftampos ir skubos su \u017emogumi nuo\u0161ird\u017eiai pasi\u0161neku\u010diuoti sus\u0117dus kokioje jaukioje kavin\u0117je ar jam \u012fprastoje nam\u0173 aplinkoje. Be galo gerbiu kiekvien\u0105 savo pa\u0161nekov\u0105 \u2013 neprovokuoju ir neie\u0161kau pikanti\u0161k\u0173 jo gyvenimo detali\u0173. Juk yra tiek daug \u012fdomi\u0173 tem\u0173 pokalbiams! Rengdama knyg\u0105, bendraudama su pa\u0161nekovais ir pati su\u017einojau tai, ko ne\u017einojusi. Pasirodo, kad ir kaip aktoriai myl\u0117t\u0173 teatr\u0105, ta\u010diau daugumai j\u0173 gyvenimas yra svarbesnis u\u017e teatr\u0105. Gyvenimo kasdienyb\u0117s scenoje jie patiria ra\u0161ytojo plunksnos vert\u0173 dram\u0173, tragedij\u0173 ir komedij\u0173, kurios da\u017enai yra \u012fdomesn\u0117s u\u017e vaidinimus teatro scenoje.\"  Gra\u017eina Baik\u0161tyt\u0117","og_url":"https:\/\/skaitytaknyga.lt\/en\/produktas\/grazina-baikstyte-gyvenimas-kaip-teatras\/","og_site_name":"Skaitytaknyga","article_publisher":"https:\/\/www.facebook.com\/skaitytaknyga\/","article_modified_time":"2024-05-03T07:30:04+00:00","og_image":[{"width":320,"height":405,"url":"https:\/\/skaitytaknyga.lt\/wp-content\/uploads\/2024\/05\/1462890386_gyvenimas-kaip-teatras1.jpg","type":"image\/jpeg"}],"twitter_card":"summary_large_image","twitter_misc":{"Estimated reading time":"1 minute"},"schema":{"@context":"https:\/\/schema.org","@graph":[{"@type":"WebPage","@id":"https:\/\/skaitytaknyga.lt\/produktas\/grazina-baikstyte-gyvenimas-kaip-teatras\/","url":"https:\/\/skaitytaknyga.lt\/produktas\/grazina-baikstyte-gyvenimas-kaip-teatras\/","name":"Gra\u017eina Baik\u0161tyt\u0117 \u201eGyvenimas kaip teatras\u201c - Skaitytaknyga","isPartOf":{"@id":"https:\/\/skaitytaknyga.lt\/#website"},"primaryImageOfPage":{"@id":"https:\/\/skaitytaknyga.lt\/produktas\/grazina-baikstyte-gyvenimas-kaip-teatras\/#primaryimage"},"image":{"@id":"https:\/\/skaitytaknyga.lt\/produktas\/grazina-baikstyte-gyvenimas-kaip-teatras\/#primaryimage"},"thumbnailUrl":"https:\/\/skaitytaknyga.lt\/wp-content\/uploads\/2024\/05\/1462890386_gyvenimas-kaip-teatras1.jpg","datePublished":"2024-05-02T13:31:46+00:00","dateModified":"2024-05-03T07:30:04+00:00","description":"\u201eMan artimas pokalbi\u0173 \u017eanras. Patinka be \u012ftampos ir skubos su \u017emogumi nuo\u0161ird\u017eiai pasi\u0161neku\u010diuoti sus\u0117dus kokioje jaukioje kavin\u0117je ar jam \u012fprastoje nam\u0173 aplinkoje. Be galo gerbiu kiekvien\u0105 savo pa\u0161nekov\u0105 \u2013 neprovokuoju ir neie\u0161kau pikanti\u0161k\u0173 jo gyvenimo detali\u0173. Juk yra tiek daug \u012fdomi\u0173 tem\u0173 pokalbiams! Rengdama knyg\u0105, bendraudama su pa\u0161nekovais ir pati su\u017einojau tai, ko ne\u017einojusi. Pasirodo, kad ir kaip aktoriai myl\u0117t\u0173 teatr\u0105, ta\u010diau daugumai j\u0173 gyvenimas yra svarbesnis u\u017e teatr\u0105. Gyvenimo kasdienyb\u0117s scenoje jie patiria ra\u0161ytojo plunksnos vert\u0173 dram\u0173, tragedij\u0173 ir komedij\u0173, kurios da\u017enai yra \u012fdomesn\u0117s u\u017e vaidinimus teatro scenoje.\" Gra\u017eina Baik\u0161tyt\u0117","breadcrumb":{"@id":"https:\/\/skaitytaknyga.lt\/produktas\/grazina-baikstyte-gyvenimas-kaip-teatras\/#breadcrumb"},"inLanguage":"en-GB","potentialAction":[{"@type":"ReadAction","target":["https:\/\/skaitytaknyga.lt\/produktas\/grazina-baikstyte-gyvenimas-kaip-teatras\/"]}]},{"@type":"ImageObject","inLanguage":"en-GB","@id":"https:\/\/skaitytaknyga.lt\/produktas\/grazina-baikstyte-gyvenimas-kaip-teatras\/#primaryimage","url":"https:\/\/skaitytaknyga.lt\/wp-content\/uploads\/2024\/05\/1462890386_gyvenimas-kaip-teatras1.jpg","contentUrl":"https:\/\/skaitytaknyga.lt\/wp-content\/uploads\/2024\/05\/1462890386_gyvenimas-kaip-teatras1.jpg","width":320,"height":405},{"@type":"BreadcrumbList","@id":"https:\/\/skaitytaknyga.lt\/produktas\/grazina-baikstyte-gyvenimas-kaip-teatras\/#breadcrumb","itemListElement":[{"@type":"ListItem","position":1,"name":"Home","item":"https:\/\/skaitytaknyga.lt\/"},{"@type":"ListItem","position":2,"name":"Parduotuv\u0117","item":"https:\/\/skaitytaknyga.lt\/knygu-parduotuve\/"},{"@type":"ListItem","position":3,"name":"Gra\u017eina Baik\u0161tyt\u0117 \u201eGyvenimas kaip teatras\u201c"}]},{"@type":"WebSite","@id":"https:\/\/skaitytaknyga.lt\/#website","url":"https:\/\/skaitytaknyga.lt\/","name":"skaitytaknyga.lt","description":"Skaitytaknyga.lt \u2013 tai ma\u017eas \u0161eimos verslas, kuris prasid\u0117jo nuo meil\u0117s knygoms ir siekio i\u0161gelb\u0117ti knygas nuo likimo prie konteinerio. Kas vienam nereikalingas daiktas \u2013 kitam lobis, o mes esame tarpininkai, kurie padeda abiems tapti laimingesniems ???? \u017dinome kaip nelengva i\u0161gyventi ma\u017eiems verslams, tad nuo \u0161iol, \u010dia rasite ir kit\u0173, ma\u017e\u0173 \u0161eim\u0173 versl\u0173, rank\u0173 darbo, dovan\u0173 sau ir artimiesiems.","publisher":{"@id":"https:\/\/skaitytaknyga.lt\/#organization"},"potentialAction":[{"@type":"SearchAction","target":{"@type":"EntryPoint","urlTemplate":"https:\/\/skaitytaknyga.lt\/?s={search_term_string}"},"query-input":{"@type":"PropertyValueSpecification","valueRequired":true,"valueName":"search_term_string"}}],"inLanguage":"en-GB"},{"@type":"Organization","@id":"https:\/\/skaitytaknyga.lt\/#organization","name":"skaitytaknyga.lt","url":"https:\/\/skaitytaknyga.lt\/","logo":{"@type":"ImageObject","inLanguage":"en-GB","@id":"https:\/\/skaitytaknyga.lt\/#\/schema\/logo\/image\/","url":"https:\/\/skaitytaknyga.lt\/wp-content\/uploads\/2024\/05\/cropped-cropped-cropped-02_00843_jt3bggkj1j3HLc7SyY6rEUpg.jpeg","contentUrl":"https:\/\/skaitytaknyga.lt\/wp-content\/uploads\/2024\/05\/cropped-cropped-cropped-02_00843_jt3bggkj1j3HLc7SyY6rEUpg.jpeg","width":1600,"height":1600,"caption":"skaitytaknyga.lt"},"image":{"@id":"https:\/\/skaitytaknyga.lt\/#\/schema\/logo\/image\/"},"sameAs":["https:\/\/www.facebook.com\/skaitytaknyga\/"]}]}},"_links":{"self":[{"href":"https:\/\/skaitytaknyga.lt\/en\/wp-json\/wp\/v2\/product\/6900","targetHints":{"allow":["GET"]}}],"collection":[{"href":"https:\/\/skaitytaknyga.lt\/en\/wp-json\/wp\/v2\/product"}],"about":[{"href":"https:\/\/skaitytaknyga.lt\/en\/wp-json\/wp\/v2\/types\/product"}],"replies":[{"embeddable":true,"href":"https:\/\/skaitytaknyga.lt\/en\/wp-json\/wp\/v2\/comments?post=6900"}],"wp:featuredmedia":[{"embeddable":true,"href":"https:\/\/skaitytaknyga.lt\/en\/wp-json\/wp\/v2\/media\/6915"}],"wp:attachment":[{"href":"https:\/\/skaitytaknyga.lt\/en\/wp-json\/wp\/v2\/media?parent=6900"}],"wp:term":[{"taxonomy":"product_brand","embeddable":true,"href":"https:\/\/skaitytaknyga.lt\/en\/wp-json\/wp\/v2\/product_brand?post=6900"},{"taxonomy":"product_cat","embeddable":true,"href":"https:\/\/skaitytaknyga.lt\/en\/wp-json\/wp\/v2\/product_cat?post=6900"},{"taxonomy":"product_tag","embeddable":true,"href":"https:\/\/skaitytaknyga.lt\/en\/wp-json\/wp\/v2\/product_tag?post=6900"}],"curies":[{"name":"wp","href":"https:\/\/api.w.org\/{rel}","templated":true}]}}