{"id":6899,"date":"2024-05-02T13:31:46","date_gmt":"2024-05-02T13:31:46","guid":{"rendered":"https:\/\/skaitytaknyga.lt\/?post_type=product&#038;p=6899"},"modified":"2024-05-03T07:30:04","modified_gmt":"2024-05-03T07:30:04","slug":"algimantas-baltakis-gimiau-paciu-laiku","status":"publish","type":"product","link":"https:\/\/skaitytaknyga.lt\/en\/produktas\/algimantas-baltakis-gimiau-paciu-laiku\/","title":{"rendered":"Algimantas Baltakis \u201eGimiau pa\u010diu laiku\u201c"},"content":{"rendered":"<div class=\"book-descript-wrapper\">\n<section class=\"product-descript more-content-wrapper\">\n<div class=\"\">\n<p>Algimanto Baltakio dienora\u0161\u010di\u0173 knygos centre &#8211; garsus poetas, ilgametis Lietuvos ra\u0161ytoj\u0173 s\u0105jungos vadovas Eduardas Mie\u017eelaitis, su kuriuo autoriui teko artimai bendrauti, kartais ir pasigin\u010dyti.<\/p>\n<p>Knygoje pateikiamas platesnis lietuvi\u0173 literat\u016bros bei kult\u016bros kontekstas, be kurio ir pat\u012f poet\u0105 sunku \u012fsivaizduoti.<\/p>\n<\/div>\n<\/section>\n<\/div>\n","protected":false},"excerpt":{"rendered":"<div class=\"book-descript-wrapper\">\n<section class=\"product-descript more-content-wrapper\">\n<div class=\"\">\n<p>Algimanto Baltakio dienora\u0161\u010di\u0173 knygos centre &#8211; garsus poetas, ilgametis Lietuvos ra\u0161ytoj\u0173 s\u0105jungos vadovas Eduardas Mie\u017eelaitis, su kuriuo autoriui teko artimai bendrauti, kartais ir pasigin\u010dyti.<\/p>\n<p>Knygoje pateikiamas platesnis lietuvi\u0173 literat\u016bros bei kult\u016bros kontekstas, be kurio ir pat\u012f poet\u0105 sunku \u012fsivaizduoti.<\/p>\n<\/div>\n<\/section>\n<\/div>\n","protected":false},"featured_media":6914,"comment_status":"closed","ping_status":"closed","template":"","meta":{"_acf_changed":false,"site-sidebar-layout":"default","site-content-layout":"","ast-site-content-layout":"default","site-content-style":"default","site-sidebar-style":"default","ast-global-header-display":"","ast-banner-title-visibility":"","ast-main-header-display":"","ast-hfb-above-header-display":"","ast-hfb-below-header-display":"","ast-hfb-mobile-header-display":"","site-post-title":"","ast-breadcrumbs-content":"","ast-featured-img":"","footer-sml-layout":"","ast-disable-related-posts":"","theme-transparent-header-meta":"","adv-header-id-meta":"","stick-header-meta":"","header-above-stick-meta":"","header-main-stick-meta":"","header-below-stick-meta":"","astra-migrate-meta-layouts":"default","ast-page-background-enabled":"default","ast-page-background-meta":{"desktop":{"background-color":"","background-image":"","background-repeat":"repeat","background-position":"center center","background-size":"auto","background-attachment":"scroll","background-type":"","background-media":"","overlay-type":"","overlay-color":"","overlay-opacity":"","overlay-gradient":""},"tablet":{"background-color":"","background-image":"","background-repeat":"repeat","background-position":"center center","background-size":"auto","background-attachment":"scroll","background-type":"","background-media":"","overlay-type":"","overlay-color":"","overlay-opacity":"","overlay-gradient":""},"mobile":{"background-color":"","background-image":"","background-repeat":"repeat","background-position":"center center","background-size":"auto","background-attachment":"scroll","background-type":"","background-media":"","overlay-type":"","overlay-color":"","overlay-opacity":"","overlay-gradient":""}},"ast-content-background-meta":{"desktop":{"background-color":"var(--ast-global-color-4)","background-image":"","background-repeat":"repeat","background-position":"center center","background-size":"auto","background-attachment":"scroll","background-type":"","background-media":"","overlay-type":"","overlay-color":"","overlay-opacity":"","overlay-gradient":""},"tablet":{"background-color":"var(--ast-global-color-4)","background-image":"","background-repeat":"repeat","background-position":"center center","background-size":"auto","background-attachment":"scroll","background-type":"","background-media":"","overlay-type":"","overlay-color":"","overlay-opacity":"","overlay-gradient":""},"mobile":{"background-color":"var(--ast-global-color-4)","background-image":"","background-repeat":"repeat","background-position":"center center","background-size":"auto","background-attachment":"scroll","background-type":"","background-media":"","overlay-type":"","overlay-color":"","overlay-opacity":"","overlay-gradient":""}}},"product_brand":[],"product_cat":[33],"product_tag":[],"class_list":{"0":"post-6899","1":"product","2":"type-product","3":"status-publish","4":"has-post-thumbnail","6":"product_cat-biografijos","7":"pa_leidimo-metai-976","8":"desktop-align-left","9":"tablet-align-left","10":"mobile-align-left","12":"first","13":"instock","14":"shipping-taxable","15":"purchasable","16":"product-type-simple"},"acf":[],"yoast_head":"<!-- This site is optimized with the Yoast SEO plugin v27.4 - https:\/\/yoast.com\/product\/yoast-seo-wordpress\/ -->\n<title>Algimantas Baltakis \u201eGimiau pa\u010diu laiku\u201c - Skaitytaknyga<\/title>\n<meta name=\"description\" content=\"Algimanto Baltakio dienora\u0161\u010di\u0173 knygos centre - garsus poetas, ilgametis Lietuvos ra\u0161ytoj\u0173 s\u0105jungos vadovas Eduardas Mie\u017eelaitis, su kuriuo autoriui teko artimai bendrauti, kartais ir pasigin\u010dyti.  Knygoje pateikiamas platesnis lietuvi\u0173 literat\u016bros bei kult\u016bros kontekstas, be kurio ir pat\u012f poet\u0105 sunku \u012fsivaizduoti.\" \/>\n<meta name=\"robots\" content=\"index, follow, max-snippet:-1, max-image-preview:large, max-video-preview:-1\" \/>\n<link rel=\"canonical\" href=\"https:\/\/skaitytaknyga.lt\/en\/produktas\/algimantas-baltakis-gimiau-paciu-laiku\/\" \/>\n<meta property=\"og:locale\" content=\"en_GB\" \/>\n<meta property=\"og:locale:alternate\" content=\"lt_LT\" \/>\n<meta property=\"og:type\" content=\"article\" \/>\n<meta property=\"og:title\" content=\"Algimantas Baltakis \u201eGimiau pa\u010diu laiku\u201c - Skaitytaknyga\" \/>\n<meta property=\"og:description\" content=\"Algimanto Baltakio dienora\u0161\u010di\u0173 knygos centre - garsus poetas, ilgametis Lietuvos ra\u0161ytoj\u0173 s\u0105jungos vadovas Eduardas Mie\u017eelaitis, su kuriuo autoriui teko artimai bendrauti, kartais ir pasigin\u010dyti.  Knygoje pateikiamas platesnis lietuvi\u0173 literat\u016bros bei kult\u016bros kontekstas, be kurio ir pat\u012f poet\u0105 sunku \u012fsivaizduoti.\" \/>\n<meta property=\"og:url\" content=\"https:\/\/skaitytaknyga.lt\/en\/produktas\/algimantas-baltakis-gimiau-paciu-laiku\/\" \/>\n<meta property=\"og:site_name\" content=\"Skaitytaknyga\" \/>\n<meta property=\"article:publisher\" content=\"https:\/\/www.facebook.com\/skaitytaknyga\/\" \/>\n<meta property=\"article:modified_time\" content=\"2024-05-03T07:30:04+00:00\" \/>\n<meta property=\"og:image\" content=\"https:\/\/skaitytaknyga.lt\/wp-content\/uploads\/2024\/05\/281369269_1160071658124974_2604590373723903522_n-e1653160348787.jpg\" \/>\n\t<meta property=\"og:image:width\" content=\"863\" \/>\n\t<meta property=\"og:image:height\" content=\"1083\" \/>\n\t<meta property=\"og:image:type\" content=\"image\/jpeg\" \/>\n<meta name=\"twitter:card\" content=\"summary_large_image\" \/>\n<meta name=\"twitter:label1\" content=\"Estimated reading time\" \/>\n\t<meta name=\"twitter:data1\" content=\"1 minute\" \/>\n<script type=\"application\/ld+json\" class=\"yoast-schema-graph\">{\"@context\":\"https:\\\/\\\/schema.org\",\"@graph\":[{\"@type\":\"WebPage\",\"@id\":\"https:\\\/\\\/skaitytaknyga.lt\\\/produktas\\\/algimantas-baltakis-gimiau-paciu-laiku\\\/\",\"url\":\"https:\\\/\\\/skaitytaknyga.lt\\\/produktas\\\/algimantas-baltakis-gimiau-paciu-laiku\\\/\",\"name\":\"Algimantas Baltakis \u201eGimiau pa\u010diu laiku\u201c - Skaitytaknyga\",\"isPartOf\":{\"@id\":\"https:\\\/\\\/skaitytaknyga.lt\\\/#website\"},\"primaryImageOfPage\":{\"@id\":\"https:\\\/\\\/skaitytaknyga.lt\\\/produktas\\\/algimantas-baltakis-gimiau-paciu-laiku\\\/#primaryimage\"},\"image\":{\"@id\":\"https:\\\/\\\/skaitytaknyga.lt\\\/produktas\\\/algimantas-baltakis-gimiau-paciu-laiku\\\/#primaryimage\"},\"thumbnailUrl\":\"https:\\\/\\\/skaitytaknyga.lt\\\/wp-content\\\/uploads\\\/2024\\\/05\\\/281369269_1160071658124974_2604590373723903522_n-e1653160348787.jpg\",\"datePublished\":\"2024-05-02T13:31:46+00:00\",\"dateModified\":\"2024-05-03T07:30:04+00:00\",\"description\":\"Algimanto Baltakio dienora\u0161\u010di\u0173 knygos centre - garsus poetas, ilgametis Lietuvos ra\u0161ytoj\u0173 s\u0105jungos vadovas Eduardas Mie\u017eelaitis, su kuriuo autoriui teko artimai bendrauti, kartais ir pasigin\u010dyti. Knygoje pateikiamas platesnis lietuvi\u0173 literat\u016bros bei kult\u016bros kontekstas, be kurio ir pat\u012f poet\u0105 sunku \u012fsivaizduoti.\",\"breadcrumb\":{\"@id\":\"https:\\\/\\\/skaitytaknyga.lt\\\/produktas\\\/algimantas-baltakis-gimiau-paciu-laiku\\\/#breadcrumb\"},\"inLanguage\":\"en-GB\",\"potentialAction\":[{\"@type\":\"ReadAction\",\"target\":[\"https:\\\/\\\/skaitytaknyga.lt\\\/produktas\\\/algimantas-baltakis-gimiau-paciu-laiku\\\/\"]}]},{\"@type\":\"ImageObject\",\"inLanguage\":\"en-GB\",\"@id\":\"https:\\\/\\\/skaitytaknyga.lt\\\/produktas\\\/algimantas-baltakis-gimiau-paciu-laiku\\\/#primaryimage\",\"url\":\"https:\\\/\\\/skaitytaknyga.lt\\\/wp-content\\\/uploads\\\/2024\\\/05\\\/281369269_1160071658124974_2604590373723903522_n-e1653160348787.jpg\",\"contentUrl\":\"https:\\\/\\\/skaitytaknyga.lt\\\/wp-content\\\/uploads\\\/2024\\\/05\\\/281369269_1160071658124974_2604590373723903522_n-e1653160348787.jpg\",\"width\":863,\"height\":1083},{\"@type\":\"BreadcrumbList\",\"@id\":\"https:\\\/\\\/skaitytaknyga.lt\\\/produktas\\\/algimantas-baltakis-gimiau-paciu-laiku\\\/#breadcrumb\",\"itemListElement\":[{\"@type\":\"ListItem\",\"position\":1,\"name\":\"Home\",\"item\":\"https:\\\/\\\/skaitytaknyga.lt\\\/\"},{\"@type\":\"ListItem\",\"position\":2,\"name\":\"Parduotuv\u0117\",\"item\":\"https:\\\/\\\/skaitytaknyga.lt\\\/knygu-parduotuve\\\/\"},{\"@type\":\"ListItem\",\"position\":3,\"name\":\"Algimantas Baltakis \u201eGimiau pa\u010diu laiku\u201c\"}]},{\"@type\":\"WebSite\",\"@id\":\"https:\\\/\\\/skaitytaknyga.lt\\\/#website\",\"url\":\"https:\\\/\\\/skaitytaknyga.lt\\\/\",\"name\":\"skaitytaknyga.lt\",\"description\":\"Skaitytaknyga.lt \u2013 tai ma\u017eas \u0161eimos verslas, kuris prasid\u0117jo nuo meil\u0117s knygoms ir siekio i\u0161gelb\u0117ti knygas nuo likimo prie konteinerio. Kas vienam nereikalingas daiktas \u2013 kitam lobis, o mes esame tarpininkai, kurie padeda abiems tapti laimingesniems ???? \u017dinome kaip nelengva i\u0161gyventi ma\u017eiems verslams, tad nuo \u0161iol, \u010dia rasite ir kit\u0173, ma\u017e\u0173 \u0161eim\u0173 versl\u0173, rank\u0173 darbo, dovan\u0173 sau ir artimiesiems.\",\"publisher\":{\"@id\":\"https:\\\/\\\/skaitytaknyga.lt\\\/#organization\"},\"potentialAction\":[{\"@type\":\"SearchAction\",\"target\":{\"@type\":\"EntryPoint\",\"urlTemplate\":\"https:\\\/\\\/skaitytaknyga.lt\\\/?s={search_term_string}\"},\"query-input\":{\"@type\":\"PropertyValueSpecification\",\"valueRequired\":true,\"valueName\":\"search_term_string\"}}],\"inLanguage\":\"en-GB\"},{\"@type\":\"Organization\",\"@id\":\"https:\\\/\\\/skaitytaknyga.lt\\\/#organization\",\"name\":\"skaitytaknyga.lt\",\"url\":\"https:\\\/\\\/skaitytaknyga.lt\\\/\",\"logo\":{\"@type\":\"ImageObject\",\"inLanguage\":\"en-GB\",\"@id\":\"https:\\\/\\\/skaitytaknyga.lt\\\/#\\\/schema\\\/logo\\\/image\\\/\",\"url\":\"https:\\\/\\\/skaitytaknyga.lt\\\/wp-content\\\/uploads\\\/2024\\\/05\\\/cropped-cropped-cropped-02_00843_jt3bggkj1j3HLc7SyY6rEUpg.jpeg\",\"contentUrl\":\"https:\\\/\\\/skaitytaknyga.lt\\\/wp-content\\\/uploads\\\/2024\\\/05\\\/cropped-cropped-cropped-02_00843_jt3bggkj1j3HLc7SyY6rEUpg.jpeg\",\"width\":1600,\"height\":1600,\"caption\":\"skaitytaknyga.lt\"},\"image\":{\"@id\":\"https:\\\/\\\/skaitytaknyga.lt\\\/#\\\/schema\\\/logo\\\/image\\\/\"},\"sameAs\":[\"https:\\\/\\\/www.facebook.com\\\/skaitytaknyga\\\/\"]}]}<\/script>\n<!-- \/ Yoast SEO plugin. -->","yoast_head_json":{"title":"Algimantas Baltakis \u201eGimiau pa\u010diu laiku\u201c - Skaitytaknyga","description":"Algimanto Baltakio dienora\u0161\u010di\u0173 knygos centre - garsus poetas, ilgametis Lietuvos ra\u0161ytoj\u0173 s\u0105jungos vadovas Eduardas Mie\u017eelaitis, su kuriuo autoriui teko artimai bendrauti, kartais ir pasigin\u010dyti.  Knygoje pateikiamas platesnis lietuvi\u0173 literat\u016bros bei kult\u016bros kontekstas, be kurio ir pat\u012f poet\u0105 sunku \u012fsivaizduoti.","robots":{"index":"index","follow":"follow","max-snippet":"max-snippet:-1","max-image-preview":"max-image-preview:large","max-video-preview":"max-video-preview:-1"},"canonical":"https:\/\/skaitytaknyga.lt\/en\/produktas\/algimantas-baltakis-gimiau-paciu-laiku\/","og_locale":"en_GB","og_type":"article","og_title":"Algimantas Baltakis \u201eGimiau pa\u010diu laiku\u201c - Skaitytaknyga","og_description":"Algimanto Baltakio dienora\u0161\u010di\u0173 knygos centre - garsus poetas, ilgametis Lietuvos ra\u0161ytoj\u0173 s\u0105jungos vadovas Eduardas Mie\u017eelaitis, su kuriuo autoriui teko artimai bendrauti, kartais ir pasigin\u010dyti.  Knygoje pateikiamas platesnis lietuvi\u0173 literat\u016bros bei kult\u016bros kontekstas, be kurio ir pat\u012f poet\u0105 sunku \u012fsivaizduoti.","og_url":"https:\/\/skaitytaknyga.lt\/en\/produktas\/algimantas-baltakis-gimiau-paciu-laiku\/","og_site_name":"Skaitytaknyga","article_publisher":"https:\/\/www.facebook.com\/skaitytaknyga\/","article_modified_time":"2024-05-03T07:30:04+00:00","og_image":[{"width":863,"height":1083,"url":"https:\/\/skaitytaknyga.lt\/wp-content\/uploads\/2024\/05\/281369269_1160071658124974_2604590373723903522_n-e1653160348787.jpg","type":"image\/jpeg"}],"twitter_card":"summary_large_image","twitter_misc":{"Estimated reading time":"1 minute"},"schema":{"@context":"https:\/\/schema.org","@graph":[{"@type":"WebPage","@id":"https:\/\/skaitytaknyga.lt\/produktas\/algimantas-baltakis-gimiau-paciu-laiku\/","url":"https:\/\/skaitytaknyga.lt\/produktas\/algimantas-baltakis-gimiau-paciu-laiku\/","name":"Algimantas Baltakis \u201eGimiau pa\u010diu laiku\u201c - Skaitytaknyga","isPartOf":{"@id":"https:\/\/skaitytaknyga.lt\/#website"},"primaryImageOfPage":{"@id":"https:\/\/skaitytaknyga.lt\/produktas\/algimantas-baltakis-gimiau-paciu-laiku\/#primaryimage"},"image":{"@id":"https:\/\/skaitytaknyga.lt\/produktas\/algimantas-baltakis-gimiau-paciu-laiku\/#primaryimage"},"thumbnailUrl":"https:\/\/skaitytaknyga.lt\/wp-content\/uploads\/2024\/05\/281369269_1160071658124974_2604590373723903522_n-e1653160348787.jpg","datePublished":"2024-05-02T13:31:46+00:00","dateModified":"2024-05-03T07:30:04+00:00","description":"Algimanto Baltakio dienora\u0161\u010di\u0173 knygos centre - garsus poetas, ilgametis Lietuvos ra\u0161ytoj\u0173 s\u0105jungos vadovas Eduardas Mie\u017eelaitis, su kuriuo autoriui teko artimai bendrauti, kartais ir pasigin\u010dyti. Knygoje pateikiamas platesnis lietuvi\u0173 literat\u016bros bei kult\u016bros kontekstas, be kurio ir pat\u012f poet\u0105 sunku \u012fsivaizduoti.","breadcrumb":{"@id":"https:\/\/skaitytaknyga.lt\/produktas\/algimantas-baltakis-gimiau-paciu-laiku\/#breadcrumb"},"inLanguage":"en-GB","potentialAction":[{"@type":"ReadAction","target":["https:\/\/skaitytaknyga.lt\/produktas\/algimantas-baltakis-gimiau-paciu-laiku\/"]}]},{"@type":"ImageObject","inLanguage":"en-GB","@id":"https:\/\/skaitytaknyga.lt\/produktas\/algimantas-baltakis-gimiau-paciu-laiku\/#primaryimage","url":"https:\/\/skaitytaknyga.lt\/wp-content\/uploads\/2024\/05\/281369269_1160071658124974_2604590373723903522_n-e1653160348787.jpg","contentUrl":"https:\/\/skaitytaknyga.lt\/wp-content\/uploads\/2024\/05\/281369269_1160071658124974_2604590373723903522_n-e1653160348787.jpg","width":863,"height":1083},{"@type":"BreadcrumbList","@id":"https:\/\/skaitytaknyga.lt\/produktas\/algimantas-baltakis-gimiau-paciu-laiku\/#breadcrumb","itemListElement":[{"@type":"ListItem","position":1,"name":"Home","item":"https:\/\/skaitytaknyga.lt\/"},{"@type":"ListItem","position":2,"name":"Parduotuv\u0117","item":"https:\/\/skaitytaknyga.lt\/knygu-parduotuve\/"},{"@type":"ListItem","position":3,"name":"Algimantas Baltakis \u201eGimiau pa\u010diu laiku\u201c"}]},{"@type":"WebSite","@id":"https:\/\/skaitytaknyga.lt\/#website","url":"https:\/\/skaitytaknyga.lt\/","name":"skaitytaknyga.lt","description":"Skaitytaknyga.lt \u2013 tai ma\u017eas \u0161eimos verslas, kuris prasid\u0117jo nuo meil\u0117s knygoms ir siekio i\u0161gelb\u0117ti knygas nuo likimo prie konteinerio. Kas vienam nereikalingas daiktas \u2013 kitam lobis, o mes esame tarpininkai, kurie padeda abiems tapti laimingesniems ???? \u017dinome kaip nelengva i\u0161gyventi ma\u017eiems verslams, tad nuo \u0161iol, \u010dia rasite ir kit\u0173, ma\u017e\u0173 \u0161eim\u0173 versl\u0173, rank\u0173 darbo, dovan\u0173 sau ir artimiesiems.","publisher":{"@id":"https:\/\/skaitytaknyga.lt\/#organization"},"potentialAction":[{"@type":"SearchAction","target":{"@type":"EntryPoint","urlTemplate":"https:\/\/skaitytaknyga.lt\/?s={search_term_string}"},"query-input":{"@type":"PropertyValueSpecification","valueRequired":true,"valueName":"search_term_string"}}],"inLanguage":"en-GB"},{"@type":"Organization","@id":"https:\/\/skaitytaknyga.lt\/#organization","name":"skaitytaknyga.lt","url":"https:\/\/skaitytaknyga.lt\/","logo":{"@type":"ImageObject","inLanguage":"en-GB","@id":"https:\/\/skaitytaknyga.lt\/#\/schema\/logo\/image\/","url":"https:\/\/skaitytaknyga.lt\/wp-content\/uploads\/2024\/05\/cropped-cropped-cropped-02_00843_jt3bggkj1j3HLc7SyY6rEUpg.jpeg","contentUrl":"https:\/\/skaitytaknyga.lt\/wp-content\/uploads\/2024\/05\/cropped-cropped-cropped-02_00843_jt3bggkj1j3HLc7SyY6rEUpg.jpeg","width":1600,"height":1600,"caption":"skaitytaknyga.lt"},"image":{"@id":"https:\/\/skaitytaknyga.lt\/#\/schema\/logo\/image\/"},"sameAs":["https:\/\/www.facebook.com\/skaitytaknyga\/"]}]}},"_links":{"self":[{"href":"https:\/\/skaitytaknyga.lt\/en\/wp-json\/wp\/v2\/product\/6899","targetHints":{"allow":["GET"]}}],"collection":[{"href":"https:\/\/skaitytaknyga.lt\/en\/wp-json\/wp\/v2\/product"}],"about":[{"href":"https:\/\/skaitytaknyga.lt\/en\/wp-json\/wp\/v2\/types\/product"}],"replies":[{"embeddable":true,"href":"https:\/\/skaitytaknyga.lt\/en\/wp-json\/wp\/v2\/comments?post=6899"}],"wp:featuredmedia":[{"embeddable":true,"href":"https:\/\/skaitytaknyga.lt\/en\/wp-json\/wp\/v2\/media\/6914"}],"wp:attachment":[{"href":"https:\/\/skaitytaknyga.lt\/en\/wp-json\/wp\/v2\/media?parent=6899"}],"wp:term":[{"taxonomy":"product_brand","embeddable":true,"href":"https:\/\/skaitytaknyga.lt\/en\/wp-json\/wp\/v2\/product_brand?post=6899"},{"taxonomy":"product_cat","embeddable":true,"href":"https:\/\/skaitytaknyga.lt\/en\/wp-json\/wp\/v2\/product_cat?post=6899"},{"taxonomy":"product_tag","embeddable":true,"href":"https:\/\/skaitytaknyga.lt\/en\/wp-json\/wp\/v2\/product_tag?post=6899"}],"curies":[{"name":"wp","href":"https:\/\/api.w.org\/{rel}","templated":true}]}}