{"id":6891,"date":"2024-05-02T13:31:21","date_gmt":"2024-05-02T13:31:21","guid":{"rendered":"https:\/\/skaitytaknyga.lt\/?post_type=product&#038;p=6891"},"modified":"2026-04-08T15:41:22","modified_gmt":"2026-04-08T12:41:22","slug":"marcelijus-martinaitis-mes-gyvenome-biografiniai-uzrasai","status":"publish","type":"product","link":"https:\/\/skaitytaknyga.lt\/en\/produktas\/marcelijus-martinaitis-mes-gyvenome-biografiniai-uzrasai\/","title":{"rendered":"Marcelijus Martinaitis \u201eMes gyvenome. Biografiniai u\u017era\u0161ai\u201c"},"content":{"rendered":"<div class=\"book-descript-wrapper\">\n<section class=\"product-descript more-content-wrapper\">\n<div class=\"\">Biografiniai u\u017era\u0161ai &#8211; tikra naujiena dideliame \u017einomo poeto knyg\u0173 s\u0105ra\u0161e. Kitas netik\u0117tumas &#8211; pasakojama daugiausia apie vaikyst\u0119 ir paauglyst\u0119 (\u201etai buvo metas, kai a\u0161 pats k\u016briau save&#8221;), baigiama ten, kur prasideda vie\u0161as poeto gyvenimas. Prisimenanti s\u0105mon\u0117 atkuria kimo vaiko aplink\u0105, \u017emones, papro\u010dius, \u012fvykius, jo potyrius, kreipusius k\u016brybos ir miesto pus\u0117n. Memuariniam pasakojimui ypatingo savitumo suteikia poeto etnin\u0117s \u012f\u017evalgos, praeities ir dabarties apm\u0105stym\u0173 pyn\u0117s. Ir autoriaus laikysena: taip, buvo nepritekli\u0173, baisum\u0173, vargo, bet sklido ir gyvenimo \u0161viesa.<\/div>\n<\/section>\n<\/div>\n","protected":false},"excerpt":{"rendered":"<div class=\"book-descript-wrapper\">\n<section class=\"product-descript more-content-wrapper\">\n<div class=\"\">Biografiniai u\u017era\u0161ai &#8211; tikra naujiena dideliame \u017einomo poeto knyg\u0173 s\u0105ra\u0161e. Kitas netik\u0117tumas &#8211; pasakojama daugiausia apie vaikyst\u0119 ir paauglyst\u0119 (\u201etai buvo metas, kai a\u0161 pats k\u016briau save&#8221;), baigiama ten, kur prasideda vie\u0161as poeto gyvenimas. Prisimenanti s\u0105mon\u0117 atkuria kimo vaiko aplink\u0105, \u017emones, papro\u010dius, \u012fvykius, jo potyrius, kreipusius k\u016brybos ir miesto pus\u0117n. Memuariniam pasakojimui ypatingo savitumo suteikia poeto etnin\u0117s \u012f\u017evalgos, praeities ir dabarties apm\u0105stym\u0173 pyn\u0117s. Ir autoriaus laikysena: taip, buvo nepritekli\u0173, baisum\u0173, vargo, bet sklido ir gyvenimo \u0161viesa.<\/div>\n<\/section>\n<\/div>\n","protected":false},"featured_media":6910,"comment_status":"closed","ping_status":"closed","template":"","meta":{"_acf_changed":false,"site-sidebar-layout":"default","site-content-layout":"","ast-site-content-layout":"default","site-content-style":"default","site-sidebar-style":"default","ast-global-header-display":"","ast-banner-title-visibility":"","ast-main-header-display":"","ast-hfb-above-header-display":"","ast-hfb-below-header-display":"","ast-hfb-mobile-header-display":"","site-post-title":"","ast-breadcrumbs-content":"","ast-featured-img":"","footer-sml-layout":"","ast-disable-related-posts":"","theme-transparent-header-meta":"","adv-header-id-meta":"","stick-header-meta":"","header-above-stick-meta":"","header-main-stick-meta":"","header-below-stick-meta":"","astra-migrate-meta-layouts":"default","ast-page-background-enabled":"default","ast-page-background-meta":{"desktop":{"background-color":"","background-image":"","background-repeat":"repeat","background-position":"center center","background-size":"auto","background-attachment":"scroll","background-type":"","background-media":"","overlay-type":"","overlay-color":"","overlay-opacity":"","overlay-gradient":""},"tablet":{"background-color":"","background-image":"","background-repeat":"repeat","background-position":"center center","background-size":"auto","background-attachment":"scroll","background-type":"","background-media":"","overlay-type":"","overlay-color":"","overlay-opacity":"","overlay-gradient":""},"mobile":{"background-color":"","background-image":"","background-repeat":"repeat","background-position":"center center","background-size":"auto","background-attachment":"scroll","background-type":"","background-media":"","overlay-type":"","overlay-color":"","overlay-opacity":"","overlay-gradient":""}},"ast-content-background-meta":{"desktop":{"background-color":"var(--ast-global-color-4)","background-image":"","background-repeat":"repeat","background-position":"center center","background-size":"auto","background-attachment":"scroll","background-type":"","background-media":"","overlay-type":"","overlay-color":"","overlay-opacity":"","overlay-gradient":""},"tablet":{"background-color":"var(--ast-global-color-4)","background-image":"","background-repeat":"repeat","background-position":"center center","background-size":"auto","background-attachment":"scroll","background-type":"","background-media":"","overlay-type":"","overlay-color":"","overlay-opacity":"","overlay-gradient":""},"mobile":{"background-color":"var(--ast-global-color-4)","background-image":"","background-repeat":"repeat","background-position":"center center","background-size":"auto","background-attachment":"scroll","background-type":"","background-media":"","overlay-type":"","overlay-color":"","overlay-opacity":"","overlay-gradient":""}}},"product_brand":[],"product_cat":[33],"product_tag":[],"class_list":{"0":"post-6891","1":"product","2":"type-product","3":"status-publish","4":"has-post-thumbnail","6":"product_cat-biografijos","7":"pa_leidimo-metai-621","8":"desktop-align-left","9":"tablet-align-left","10":"mobile-align-left","12":"first","13":"outofstock","14":"shipping-taxable","15":"purchasable","16":"product-type-simple"},"acf":[],"yoast_head":"<!-- This site is optimized with the Yoast SEO plugin v27.0 - https:\/\/yoast.com\/product\/yoast-seo-wordpress\/ -->\n<title>Marcelijus Martinaitis \u201eMes gyvenome. Biografiniai u\u017era\u0161ai\u201c - Skaitytaknyga<\/title>\n<meta name=\"description\" content=\"Biografiniai u\u017era\u0161ai - tikra naujiena dideliame \u017einomo poeto knyg\u0173 s\u0105ra\u0161e. Kitas netik\u0117tumas - pasakojama daugiausia apie vaikyst\u0119 ir paauglyst\u0119 (\u201etai buvo metas, kai a\u0161 pats k\u016briau save&quot;), baigiama ten, kur prasideda vie\u0161as poeto gyvenimas. Prisimenanti s\u0105mon\u0117 atkuria kimo vaiko aplink\u0105, \u017emones, papro\u010dius, \u012fvykius, jo potyrius, kreipusius k\u016brybos ir miesto pus\u0117n. Memuariniam pasakojimui ypatingo savitumo suteikia poeto etnin\u0117s \u012f\u017evalgos, praeities ir dabarties apm\u0105stym\u0173 pyn\u0117s. Ir autoriaus laikysena: taip, buvo nepritekli\u0173, baisum\u0173, vargo, bet sklido ir gyvenimo \u0161viesa.\" \/>\n<meta name=\"robots\" content=\"index, follow, max-snippet:-1, max-image-preview:large, max-video-preview:-1\" \/>\n<link rel=\"canonical\" href=\"https:\/\/skaitytaknyga.lt\/en\/produktas\/marcelijus-martinaitis-mes-gyvenome-biografiniai-uzrasai\/\" \/>\n<meta property=\"og:locale\" content=\"en_GB\" \/>\n<meta property=\"og:locale:alternate\" content=\"lt_LT\" \/>\n<meta property=\"og:type\" content=\"article\" \/>\n<meta property=\"og:title\" content=\"Marcelijus Martinaitis \u201eMes gyvenome. Biografiniai u\u017era\u0161ai\u201c - Skaitytaknyga\" \/>\n<meta property=\"og:description\" content=\"Biografiniai u\u017era\u0161ai - tikra naujiena dideliame \u017einomo poeto knyg\u0173 s\u0105ra\u0161e. Kitas netik\u0117tumas - pasakojama daugiausia apie vaikyst\u0119 ir paauglyst\u0119 (\u201etai buvo metas, kai a\u0161 pats k\u016briau save&quot;), baigiama ten, kur prasideda vie\u0161as poeto gyvenimas. Prisimenanti s\u0105mon\u0117 atkuria kimo vaiko aplink\u0105, \u017emones, papro\u010dius, \u012fvykius, jo potyrius, kreipusius k\u016brybos ir miesto pus\u0117n. Memuariniam pasakojimui ypatingo savitumo suteikia poeto etnin\u0117s \u012f\u017evalgos, praeities ir dabarties apm\u0105stym\u0173 pyn\u0117s. Ir autoriaus laikysena: taip, buvo nepritekli\u0173, baisum\u0173, vargo, bet sklido ir gyvenimo \u0161viesa.\" \/>\n<meta property=\"og:url\" content=\"https:\/\/skaitytaknyga.lt\/en\/produktas\/marcelijus-martinaitis-mes-gyvenome-biografiniai-uzrasai\/\" \/>\n<meta property=\"og:site_name\" content=\"Skaitytaknyga\" \/>\n<meta property=\"article:publisher\" content=\"https:\/\/www.facebook.com\/skaitytaknyga\/\" \/>\n<meta property=\"article:modified_time\" content=\"2026-04-08T12:41:22+00:00\" \/>\n<meta property=\"og:image\" content=\"https:\/\/skaitytaknyga.lt\/wp-content\/uploads\/2024\/05\/martinaitis-mes-gyvenome_1536235528-scaled-1.jpg\" \/>\n\t<meta property=\"og:image:width\" content=\"1497\" \/>\n\t<meta property=\"og:image:height\" content=\"2560\" \/>\n\t<meta property=\"og:image:type\" content=\"image\/jpeg\" \/>\n<meta name=\"twitter:card\" content=\"summary_large_image\" \/>\n<meta name=\"twitter:label1\" content=\"Estimated reading time\" \/>\n\t<meta name=\"twitter:data1\" content=\"1 minute\" \/>\n<script type=\"application\/ld+json\" class=\"yoast-schema-graph\">{\"@context\":\"https:\/\/schema.org\",\"@graph\":[{\"@type\":\"WebPage\",\"@id\":\"https:\/\/skaitytaknyga.lt\/produktas\/marcelijus-martinaitis-mes-gyvenome-biografiniai-uzrasai\/\",\"url\":\"https:\/\/skaitytaknyga.lt\/produktas\/marcelijus-martinaitis-mes-gyvenome-biografiniai-uzrasai\/\",\"name\":\"Marcelijus Martinaitis \u201eMes gyvenome. Biografiniai u\u017era\u0161ai\u201c - Skaitytaknyga\",\"isPartOf\":{\"@id\":\"https:\/\/skaitytaknyga.lt\/#website\"},\"primaryImageOfPage\":{\"@id\":\"https:\/\/skaitytaknyga.lt\/produktas\/marcelijus-martinaitis-mes-gyvenome-biografiniai-uzrasai\/#primaryimage\"},\"image\":{\"@id\":\"https:\/\/skaitytaknyga.lt\/produktas\/marcelijus-martinaitis-mes-gyvenome-biografiniai-uzrasai\/#primaryimage\"},\"thumbnailUrl\":\"https:\/\/skaitytaknyga.lt\/wp-content\/uploads\/2024\/05\/martinaitis-mes-gyvenome_1536235528-scaled-1.jpg\",\"datePublished\":\"2024-05-02T13:31:21+00:00\",\"dateModified\":\"2026-04-08T12:41:22+00:00\",\"description\":\"Biografiniai u\u017era\u0161ai - tikra naujiena dideliame \u017einomo poeto knyg\u0173 s\u0105ra\u0161e. Kitas netik\u0117tumas - pasakojama daugiausia apie vaikyst\u0119 ir paauglyst\u0119 (\u201etai buvo metas, kai a\u0161 pats k\u016briau save\\\"), baigiama ten, kur prasideda vie\u0161as poeto gyvenimas. Prisimenanti s\u0105mon\u0117 atkuria kimo vaiko aplink\u0105, \u017emones, papro\u010dius, \u012fvykius, jo potyrius, kreipusius k\u016brybos ir miesto pus\u0117n. Memuariniam pasakojimui ypatingo savitumo suteikia poeto etnin\u0117s \u012f\u017evalgos, praeities ir dabarties apm\u0105stym\u0173 pyn\u0117s. Ir autoriaus laikysena: taip, buvo nepritekli\u0173, baisum\u0173, vargo, bet sklido ir gyvenimo \u0161viesa.\",\"breadcrumb\":{\"@id\":\"https:\/\/skaitytaknyga.lt\/produktas\/marcelijus-martinaitis-mes-gyvenome-biografiniai-uzrasai\/#breadcrumb\"},\"inLanguage\":\"en-GB\",\"potentialAction\":[{\"@type\":\"ReadAction\",\"target\":[\"https:\/\/skaitytaknyga.lt\/produktas\/marcelijus-martinaitis-mes-gyvenome-biografiniai-uzrasai\/\"]}]},{\"@type\":\"ImageObject\",\"inLanguage\":\"en-GB\",\"@id\":\"https:\/\/skaitytaknyga.lt\/produktas\/marcelijus-martinaitis-mes-gyvenome-biografiniai-uzrasai\/#primaryimage\",\"url\":\"https:\/\/skaitytaknyga.lt\/wp-content\/uploads\/2024\/05\/martinaitis-mes-gyvenome_1536235528-scaled-1.jpg\",\"contentUrl\":\"https:\/\/skaitytaknyga.lt\/wp-content\/uploads\/2024\/05\/martinaitis-mes-gyvenome_1536235528-scaled-1.jpg\",\"width\":1497,\"height\":2560},{\"@type\":\"BreadcrumbList\",\"@id\":\"https:\/\/skaitytaknyga.lt\/produktas\/marcelijus-martinaitis-mes-gyvenome-biografiniai-uzrasai\/#breadcrumb\",\"itemListElement\":[{\"@type\":\"ListItem\",\"position\":1,\"name\":\"Home\",\"item\":\"https:\/\/skaitytaknyga.lt\/\"},{\"@type\":\"ListItem\",\"position\":2,\"name\":\"Parduotuv\u0117\",\"item\":\"https:\/\/skaitytaknyga.lt\/knygu-parduotuve\/\"},{\"@type\":\"ListItem\",\"position\":3,\"name\":\"Marcelijus Martinaitis \u201eMes gyvenome. Biografiniai u\u017era\u0161ai\u201c\"}]},{\"@type\":\"WebSite\",\"@id\":\"https:\/\/skaitytaknyga.lt\/#website\",\"url\":\"https:\/\/skaitytaknyga.lt\/\",\"name\":\"skaitytaknyga.lt\",\"description\":\"Skaitytaknyga.lt \u2013 tai ma\u017eas \u0161eimos verslas, kuris prasid\u0117jo nuo meil\u0117s knygoms ir siekio i\u0161gelb\u0117ti knygas nuo likimo prie konteinerio. Kas vienam nereikalingas daiktas \u2013 kitam lobis, o mes esame tarpininkai, kurie padeda abiems tapti laimingesniems ???? \u017dinome kaip nelengva i\u0161gyventi ma\u017eiems verslams, tad nuo \u0161iol, \u010dia rasite ir kit\u0173, ma\u017e\u0173 \u0161eim\u0173 versl\u0173, rank\u0173 darbo, dovan\u0173 sau ir artimiesiems.\",\"publisher\":{\"@id\":\"https:\/\/skaitytaknyga.lt\/#organization\"},\"potentialAction\":[{\"@type\":\"SearchAction\",\"target\":{\"@type\":\"EntryPoint\",\"urlTemplate\":\"https:\/\/skaitytaknyga.lt\/?s={search_term_string}\"},\"query-input\":{\"@type\":\"PropertyValueSpecification\",\"valueRequired\":true,\"valueName\":\"search_term_string\"}}],\"inLanguage\":\"en-GB\"},{\"@type\":\"Organization\",\"@id\":\"https:\/\/skaitytaknyga.lt\/#organization\",\"name\":\"skaitytaknyga.lt\",\"url\":\"https:\/\/skaitytaknyga.lt\/\",\"logo\":{\"@type\":\"ImageObject\",\"inLanguage\":\"en-GB\",\"@id\":\"https:\/\/skaitytaknyga.lt\/#\/schema\/logo\/image\/\",\"url\":\"https:\/\/skaitytaknyga.lt\/wp-content\/uploads\/2024\/05\/cropped-cropped-cropped-02_00843_jt3bggkj1j3HLc7SyY6rEUpg.jpeg\",\"contentUrl\":\"https:\/\/skaitytaknyga.lt\/wp-content\/uploads\/2024\/05\/cropped-cropped-cropped-02_00843_jt3bggkj1j3HLc7SyY6rEUpg.jpeg\",\"width\":1600,\"height\":1600,\"caption\":\"skaitytaknyga.lt\"},\"image\":{\"@id\":\"https:\/\/skaitytaknyga.lt\/#\/schema\/logo\/image\/\"},\"sameAs\":[\"https:\/\/www.facebook.com\/skaitytaknyga\/\"]}]}<\/script>\n<!-- \/ Yoast SEO plugin. -->","yoast_head_json":{"title":"Marcelijus Martinaitis \u201eMes gyvenome. Biografiniai u\u017era\u0161ai\u201c - Skaitytaknyga","description":"Biografiniai u\u017era\u0161ai - tikra naujiena dideliame \u017einomo poeto knyg\u0173 s\u0105ra\u0161e. Kitas netik\u0117tumas - pasakojama daugiausia apie vaikyst\u0119 ir paauglyst\u0119 (\u201etai buvo metas, kai a\u0161 pats k\u016briau save\"), baigiama ten, kur prasideda vie\u0161as poeto gyvenimas. Prisimenanti s\u0105mon\u0117 atkuria kimo vaiko aplink\u0105, \u017emones, papro\u010dius, \u012fvykius, jo potyrius, kreipusius k\u016brybos ir miesto pus\u0117n. Memuariniam pasakojimui ypatingo savitumo suteikia poeto etnin\u0117s \u012f\u017evalgos, praeities ir dabarties apm\u0105stym\u0173 pyn\u0117s. Ir autoriaus laikysena: taip, buvo nepritekli\u0173, baisum\u0173, vargo, bet sklido ir gyvenimo \u0161viesa.","robots":{"index":"index","follow":"follow","max-snippet":"max-snippet:-1","max-image-preview":"max-image-preview:large","max-video-preview":"max-video-preview:-1"},"canonical":"https:\/\/skaitytaknyga.lt\/en\/produktas\/marcelijus-martinaitis-mes-gyvenome-biografiniai-uzrasai\/","og_locale":"en_GB","og_type":"article","og_title":"Marcelijus Martinaitis \u201eMes gyvenome. Biografiniai u\u017era\u0161ai\u201c - Skaitytaknyga","og_description":"Biografiniai u\u017era\u0161ai - tikra naujiena dideliame \u017einomo poeto knyg\u0173 s\u0105ra\u0161e. Kitas netik\u0117tumas - pasakojama daugiausia apie vaikyst\u0119 ir paauglyst\u0119 (\u201etai buvo metas, kai a\u0161 pats k\u016briau save\"), baigiama ten, kur prasideda vie\u0161as poeto gyvenimas. Prisimenanti s\u0105mon\u0117 atkuria kimo vaiko aplink\u0105, \u017emones, papro\u010dius, \u012fvykius, jo potyrius, kreipusius k\u016brybos ir miesto pus\u0117n. Memuariniam pasakojimui ypatingo savitumo suteikia poeto etnin\u0117s \u012f\u017evalgos, praeities ir dabarties apm\u0105stym\u0173 pyn\u0117s. Ir autoriaus laikysena: taip, buvo nepritekli\u0173, baisum\u0173, vargo, bet sklido ir gyvenimo \u0161viesa.","og_url":"https:\/\/skaitytaknyga.lt\/en\/produktas\/marcelijus-martinaitis-mes-gyvenome-biografiniai-uzrasai\/","og_site_name":"Skaitytaknyga","article_publisher":"https:\/\/www.facebook.com\/skaitytaknyga\/","article_modified_time":"2026-04-08T12:41:22+00:00","og_image":[{"width":1497,"height":2560,"url":"https:\/\/skaitytaknyga.lt\/wp-content\/uploads\/2024\/05\/martinaitis-mes-gyvenome_1536235528-scaled-1.jpg","type":"image\/jpeg"}],"twitter_card":"summary_large_image","twitter_misc":{"Estimated reading time":"1 minute"},"schema":{"@context":"https:\/\/schema.org","@graph":[{"@type":"WebPage","@id":"https:\/\/skaitytaknyga.lt\/produktas\/marcelijus-martinaitis-mes-gyvenome-biografiniai-uzrasai\/","url":"https:\/\/skaitytaknyga.lt\/produktas\/marcelijus-martinaitis-mes-gyvenome-biografiniai-uzrasai\/","name":"Marcelijus Martinaitis \u201eMes gyvenome. Biografiniai u\u017era\u0161ai\u201c - Skaitytaknyga","isPartOf":{"@id":"https:\/\/skaitytaknyga.lt\/#website"},"primaryImageOfPage":{"@id":"https:\/\/skaitytaknyga.lt\/produktas\/marcelijus-martinaitis-mes-gyvenome-biografiniai-uzrasai\/#primaryimage"},"image":{"@id":"https:\/\/skaitytaknyga.lt\/produktas\/marcelijus-martinaitis-mes-gyvenome-biografiniai-uzrasai\/#primaryimage"},"thumbnailUrl":"https:\/\/skaitytaknyga.lt\/wp-content\/uploads\/2024\/05\/martinaitis-mes-gyvenome_1536235528-scaled-1.jpg","datePublished":"2024-05-02T13:31:21+00:00","dateModified":"2026-04-08T12:41:22+00:00","description":"Biografiniai u\u017era\u0161ai - tikra naujiena dideliame \u017einomo poeto knyg\u0173 s\u0105ra\u0161e. Kitas netik\u0117tumas - pasakojama daugiausia apie vaikyst\u0119 ir paauglyst\u0119 (\u201etai buvo metas, kai a\u0161 pats k\u016briau save\"), baigiama ten, kur prasideda vie\u0161as poeto gyvenimas. Prisimenanti s\u0105mon\u0117 atkuria kimo vaiko aplink\u0105, \u017emones, papro\u010dius, \u012fvykius, jo potyrius, kreipusius k\u016brybos ir miesto pus\u0117n. Memuariniam pasakojimui ypatingo savitumo suteikia poeto etnin\u0117s \u012f\u017evalgos, praeities ir dabarties apm\u0105stym\u0173 pyn\u0117s. Ir autoriaus laikysena: taip, buvo nepritekli\u0173, baisum\u0173, vargo, bet sklido ir gyvenimo \u0161viesa.","breadcrumb":{"@id":"https:\/\/skaitytaknyga.lt\/produktas\/marcelijus-martinaitis-mes-gyvenome-biografiniai-uzrasai\/#breadcrumb"},"inLanguage":"en-GB","potentialAction":[{"@type":"ReadAction","target":["https:\/\/skaitytaknyga.lt\/produktas\/marcelijus-martinaitis-mes-gyvenome-biografiniai-uzrasai\/"]}]},{"@type":"ImageObject","inLanguage":"en-GB","@id":"https:\/\/skaitytaknyga.lt\/produktas\/marcelijus-martinaitis-mes-gyvenome-biografiniai-uzrasai\/#primaryimage","url":"https:\/\/skaitytaknyga.lt\/wp-content\/uploads\/2024\/05\/martinaitis-mes-gyvenome_1536235528-scaled-1.jpg","contentUrl":"https:\/\/skaitytaknyga.lt\/wp-content\/uploads\/2024\/05\/martinaitis-mes-gyvenome_1536235528-scaled-1.jpg","width":1497,"height":2560},{"@type":"BreadcrumbList","@id":"https:\/\/skaitytaknyga.lt\/produktas\/marcelijus-martinaitis-mes-gyvenome-biografiniai-uzrasai\/#breadcrumb","itemListElement":[{"@type":"ListItem","position":1,"name":"Home","item":"https:\/\/skaitytaknyga.lt\/"},{"@type":"ListItem","position":2,"name":"Parduotuv\u0117","item":"https:\/\/skaitytaknyga.lt\/knygu-parduotuve\/"},{"@type":"ListItem","position":3,"name":"Marcelijus Martinaitis \u201eMes gyvenome. Biografiniai u\u017era\u0161ai\u201c"}]},{"@type":"WebSite","@id":"https:\/\/skaitytaknyga.lt\/#website","url":"https:\/\/skaitytaknyga.lt\/","name":"skaitytaknyga.lt","description":"Skaitytaknyga.lt \u2013 tai ma\u017eas \u0161eimos verslas, kuris prasid\u0117jo nuo meil\u0117s knygoms ir siekio i\u0161gelb\u0117ti knygas nuo likimo prie konteinerio. Kas vienam nereikalingas daiktas \u2013 kitam lobis, o mes esame tarpininkai, kurie padeda abiems tapti laimingesniems ???? \u017dinome kaip nelengva i\u0161gyventi ma\u017eiems verslams, tad nuo \u0161iol, \u010dia rasite ir kit\u0173, ma\u017e\u0173 \u0161eim\u0173 versl\u0173, rank\u0173 darbo, dovan\u0173 sau ir artimiesiems.","publisher":{"@id":"https:\/\/skaitytaknyga.lt\/#organization"},"potentialAction":[{"@type":"SearchAction","target":{"@type":"EntryPoint","urlTemplate":"https:\/\/skaitytaknyga.lt\/?s={search_term_string}"},"query-input":{"@type":"PropertyValueSpecification","valueRequired":true,"valueName":"search_term_string"}}],"inLanguage":"en-GB"},{"@type":"Organization","@id":"https:\/\/skaitytaknyga.lt\/#organization","name":"skaitytaknyga.lt","url":"https:\/\/skaitytaknyga.lt\/","logo":{"@type":"ImageObject","inLanguage":"en-GB","@id":"https:\/\/skaitytaknyga.lt\/#\/schema\/logo\/image\/","url":"https:\/\/skaitytaknyga.lt\/wp-content\/uploads\/2024\/05\/cropped-cropped-cropped-02_00843_jt3bggkj1j3HLc7SyY6rEUpg.jpeg","contentUrl":"https:\/\/skaitytaknyga.lt\/wp-content\/uploads\/2024\/05\/cropped-cropped-cropped-02_00843_jt3bggkj1j3HLc7SyY6rEUpg.jpeg","width":1600,"height":1600,"caption":"skaitytaknyga.lt"},"image":{"@id":"https:\/\/skaitytaknyga.lt\/#\/schema\/logo\/image\/"},"sameAs":["https:\/\/www.facebook.com\/skaitytaknyga\/"]}]}},"_links":{"self":[{"href":"https:\/\/skaitytaknyga.lt\/en\/wp-json\/wp\/v2\/product\/6891","targetHints":{"allow":["GET"]}}],"collection":[{"href":"https:\/\/skaitytaknyga.lt\/en\/wp-json\/wp\/v2\/product"}],"about":[{"href":"https:\/\/skaitytaknyga.lt\/en\/wp-json\/wp\/v2\/types\/product"}],"replies":[{"embeddable":true,"href":"https:\/\/skaitytaknyga.lt\/en\/wp-json\/wp\/v2\/comments?post=6891"}],"wp:featuredmedia":[{"embeddable":true,"href":"https:\/\/skaitytaknyga.lt\/en\/wp-json\/wp\/v2\/media\/6910"}],"wp:attachment":[{"href":"https:\/\/skaitytaknyga.lt\/en\/wp-json\/wp\/v2\/media?parent=6891"}],"wp:term":[{"taxonomy":"product_brand","embeddable":true,"href":"https:\/\/skaitytaknyga.lt\/en\/wp-json\/wp\/v2\/product_brand?post=6891"},{"taxonomy":"product_cat","embeddable":true,"href":"https:\/\/skaitytaknyga.lt\/en\/wp-json\/wp\/v2\/product_cat?post=6891"},{"taxonomy":"product_tag","embeddable":true,"href":"https:\/\/skaitytaknyga.lt\/en\/wp-json\/wp\/v2\/product_tag?post=6891"}],"curies":[{"name":"wp","href":"https:\/\/api.w.org\/{rel}","templated":true}]}}