{"id":6855,"date":"2024-05-02T13:30:33","date_gmt":"2024-05-02T13:30:33","guid":{"rendered":"https:\/\/skaitytaknyga.lt\/?post_type=product&#038;p=6855"},"modified":"2024-07-15T10:17:04","modified_gmt":"2024-07-15T07:17:04","slug":"damien-broderick-zaidziantys-dievus-sf-471","status":"publish","type":"product","link":"https:\/\/skaitytaknyga.lt\/en\/produktas\/damien-broderick-zaidziantys-dievus-sf-471\/","title":{"rendered":"Damien Broderick \u201e\u017daid\u017eiantys dievus\u201c (SF 471)"},"content":{"rendered":"<p>\u017dinau vien\u0105 pasaul\u012f, kuriame moterys visa galva auk\u0161tesn\u0117s u\u017e vyrus ir \u0161lifuoja g\u0105sdinan\u010dius savo dantis, kad \u0161ie b\u016bt\u0173 kuo smailesni. Kit\u0105 ir vis d\u0117lto t\u0105 pa\u010di\u0105 planet\u0105, antr\u0105 \u017dem\u0119, supa \u0161vytintys, padang\u0117se i\u0161plit\u0119 \u017eiedai, ry\u0161k\u016bs kaip M\u0117nulio pilnatis. Tre\u010diame pasaulyje apstu liaun\u0173, plon\u0105 kailin\u012f sluoksn\u012f turin\u010di\u0173 \u017emogyst\u0173 bly\u0161kiais, statmenais aki\u0173 vyzd\u017eiais. Ketvirtame &#8211; \u017emones pakeit\u0117 ma\u0161inos.<\/p>\n<p>Evoliucija pakrypo savita eiga. \u012e kiekvien\u0105 i\u0161 j\u0173 atklystame mes, \u017eaid\u0117jai, kurie bastydamiesi po pasaulius, rezga bendrus planus arba papras\u010diausiai stengiasi i\u0161saugoti gyvybes. D\u0117l piktavali\u0161k\u0173, bet mums nesuvokiam\u0173 paskat\u0173, taip elgiasi ir K &#8211; ma\u0161inos. Man patinka \u017eudyti tas i\u0161peras.<\/p>\n","protected":false},"excerpt":{"rendered":"<p>\u017dinau vien\u0105 pasaul\u012f, kuriame moterys visa galva auk\u0161tesn\u0117s u\u017e vyrus ir \u0161lifuoja g\u0105sdinan\u010dius savo dantis, kad \u0161ie b\u016bt\u0173 kuo smailesni. Kit\u0105 ir vis d\u0117lto t\u0105 pa\u010di\u0105 planet\u0105, antr\u0105 \u017dem\u0119, supa \u0161vytintys, padang\u0117se i\u0161plit\u0119 \u017eiedai, ry\u0161k\u016bs kaip M\u0117nulio pilnatis. Tre\u010diame pasaulyje apstu liaun\u0173, plon\u0105 kailin\u012f sluoksn\u012f turin\u010di\u0173 \u017emogyst\u0173 bly\u0161kiais, statmenais aki\u0173 vyzd\u017eiais. Ketvirtame &#8211; \u017emones pakeit\u0117 ma\u0161inos.<\/p>\n<p>Evoliucija pakrypo savita eiga. \u012e kiekvien\u0105 i\u0161 j\u0173 atklystame mes, \u017eaid\u0117jai, kurie bastydamiesi po pasaulius, rezga bendrus planus arba papras\u010diausiai stengiasi i\u0161saugoti gyvybes. D\u0117l piktavali\u0161k\u0173, bet mums nesuvokiam\u0173 paskat\u0173, taip elgiasi ir K &#8211; ma\u0161inos. Man patinka \u017eudyti tas i\u0161peras.<\/p>\n","protected":false},"featured_media":6865,"comment_status":"closed","ping_status":"closed","template":"","meta":{"_acf_changed":false,"site-sidebar-layout":"default","site-content-layout":"","ast-site-content-layout":"default","site-content-style":"default","site-sidebar-style":"default","ast-global-header-display":"","ast-banner-title-visibility":"","ast-main-header-display":"","ast-hfb-above-header-display":"","ast-hfb-below-header-display":"","ast-hfb-mobile-header-display":"","site-post-title":"","ast-breadcrumbs-content":"","ast-featured-img":"","footer-sml-layout":"","ast-disable-related-posts":"","theme-transparent-header-meta":"","adv-header-id-meta":"","stick-header-meta":"","header-above-stick-meta":"","header-main-stick-meta":"","header-below-stick-meta":"","astra-migrate-meta-layouts":"default","ast-page-background-enabled":"default","ast-page-background-meta":{"desktop":{"background-color":"","background-image":"","background-repeat":"repeat","background-position":"center center","background-size":"auto","background-attachment":"scroll","background-type":"","background-media":"","overlay-type":"","overlay-color":"","overlay-opacity":"","overlay-gradient":""},"tablet":{"background-color":"","background-image":"","background-repeat":"repeat","background-position":"center center","background-size":"auto","background-attachment":"scroll","background-type":"","background-media":"","overlay-type":"","overlay-color":"","overlay-opacity":"","overlay-gradient":""},"mobile":{"background-color":"","background-image":"","background-repeat":"repeat","background-position":"center center","background-size":"auto","background-attachment":"scroll","background-type":"","background-media":"","overlay-type":"","overlay-color":"","overlay-opacity":"","overlay-gradient":""}},"ast-content-background-meta":{"desktop":{"background-color":"var(--ast-global-color-4)","background-image":"","background-repeat":"repeat","background-position":"center center","background-size":"auto","background-attachment":"scroll","background-type":"","background-media":"","overlay-type":"","overlay-color":"","overlay-opacity":"","overlay-gradient":""},"tablet":{"background-color":"var(--ast-global-color-4)","background-image":"","background-repeat":"repeat","background-position":"center center","background-size":"auto","background-attachment":"scroll","background-type":"","background-media":"","overlay-type":"","overlay-color":"","overlay-opacity":"","overlay-gradient":""},"mobile":{"background-color":"var(--ast-global-color-4)","background-image":"","background-repeat":"repeat","background-position":"center center","background-size":"auto","background-attachment":"scroll","background-type":"","background-media":"","overlay-type":"","overlay-color":"","overlay-opacity":"","overlay-gradient":""}}},"product_brand":[],"product_cat":[1059],"product_tag":[458],"class_list":{"0":"post-6855","1":"product","2":"type-product","3":"status-publish","4":"has-post-thumbnail","6":"product_cat-pasaulines-fantastikos-aukso-fondas","7":"product_tag-pasauline-fantastikos-aukso-fondas","8":"pa_leidimo-metai-680","9":"pa_virselis-kietas","10":"desktop-align-left","11":"tablet-align-left","12":"mobile-align-left","14":"first","15":"outofstock","16":"shipping-taxable","17":"purchasable","18":"product-type-simple"},"acf":[],"yoast_head":"<!-- This site is optimized with the Yoast SEO plugin v27.0 - https:\/\/yoast.com\/product\/yoast-seo-wordpress\/ -->\n<title>Damien Broderick \u201e\u017daid\u017eiantys dievus\u201c (SF 471)<\/title>\n<meta name=\"description\" content=\"\u017dinau vien\u0105 pasaul\u012f, kuriame moterys visa galva auk\u0161tesn\u0117s u\u017e vyrus ir \u0161lifuoja g\u0105sdinan\u010dius savo dantis, kad \u0161ie b\u016bt\u0173 kuo smailesni. Kit\u0105 ir vis d\u0117lto t\u0105 pa\u010di\u0105 planet\u0105, antr\u0105 \u017dem\u0119, supa \u0161vytintys, padang\u0117se i\u0161plit\u0119 \u017eiedai, ry\u0161k\u016bs kaip M\u0117nulio pilnatis. Tre\u010diame pasaulyje apstu liaun\u0173, plon\u0105 kailin\u012f sluoksn\u012f turin\u010di\u0173 \u017emogyst\u0173 bly\u0161kiais, statmenais aki\u0173 vyzd\u017eiais. Ketvirtame - \u017emones pakeit\u0117 ma\u0161inos.  Evoliucija pakrypo savita eiga. \u012e kiekvien\u0105 i\u0161 j\u0173 atklystame mes, \u017eaid\u0117jai, kurie bastydamiesi po pasaulius, rezga bendrus planus arba papras\u010diausiai stengiasi i\u0161saugoti gyvybes. D\u0117l piktavali\u0161k\u0173, bet mums nesuvokiam\u0173 paskat\u0173, taip elgiasi ir K - ma\u0161inos. Man patinka \u017eudyti tas i\u0161peras.\" \/>\n<meta name=\"robots\" content=\"index, follow, max-snippet:-1, max-image-preview:large, max-video-preview:-1\" \/>\n<link rel=\"canonical\" href=\"https:\/\/skaitytaknyga.lt\/en\/produktas\/damien-broderick-zaidziantys-dievus-sf-471\/\" \/>\n<meta property=\"og:locale\" content=\"en_GB\" \/>\n<meta property=\"og:locale:alternate\" content=\"lt_LT\" \/>\n<meta property=\"og:type\" content=\"article\" \/>\n<meta property=\"og:title\" content=\"Damien Broderick \u201e\u017daid\u017eiantys dievus\u201c (SF 471)\" \/>\n<meta property=\"og:description\" content=\"\u017dinau vien\u0105 pasaul\u012f, kuriame moterys visa galva auk\u0161tesn\u0117s u\u017e vyrus ir \u0161lifuoja g\u0105sdinan\u010dius savo dantis, kad \u0161ie b\u016bt\u0173 kuo smailesni. Kit\u0105 ir vis d\u0117lto t\u0105 pa\u010di\u0105 planet\u0105, antr\u0105 \u017dem\u0119, supa \u0161vytintys, padang\u0117se i\u0161plit\u0119 \u017eiedai, ry\u0161k\u016bs kaip M\u0117nulio pilnatis. Tre\u010diame pasaulyje apstu liaun\u0173, plon\u0105 kailin\u012f sluoksn\u012f turin\u010di\u0173 \u017emogyst\u0173 bly\u0161kiais, statmenais aki\u0173 vyzd\u017eiais. Ketvirtame - \u017emones pakeit\u0117 ma\u0161inos.  Evoliucija pakrypo savita eiga. \u012e kiekvien\u0105 i\u0161 j\u0173 atklystame mes, \u017eaid\u0117jai, kurie bastydamiesi po pasaulius, rezga bendrus planus arba papras\u010diausiai stengiasi i\u0161saugoti gyvybes. D\u0117l piktavali\u0161k\u0173, bet mums nesuvokiam\u0173 paskat\u0173, taip elgiasi ir K - ma\u0161inos. Man patinka \u017eudyti tas i\u0161peras.\" \/>\n<meta property=\"og:url\" content=\"https:\/\/skaitytaknyga.lt\/en\/produktas\/damien-broderick-zaidziantys-dievus-sf-471\/\" \/>\n<meta property=\"og:site_name\" content=\"Skaitytaknyga\" \/>\n<meta property=\"article:publisher\" content=\"https:\/\/www.facebook.com\/skaitytaknyga\/\" \/>\n<meta property=\"article:modified_time\" content=\"2024-07-15T07:17:04+00:00\" \/>\n<meta property=\"og:image\" content=\"https:\/\/skaitytaknyga.lt\/wp-content\/uploads\/2024\/05\/1462874782_zaidziantisdievus.jpg\" \/>\n\t<meta property=\"og:image:width\" content=\"260\" \/>\n\t<meta property=\"og:image:height\" content=\"430\" \/>\n\t<meta property=\"og:image:type\" content=\"image\/jpeg\" \/>\n<meta name=\"twitter:card\" content=\"summary_large_image\" \/>\n<meta name=\"twitter:label1\" content=\"Estimated reading time\" \/>\n\t<meta name=\"twitter:data1\" content=\"1 minute\" \/>\n<script type=\"application\/ld+json\" class=\"yoast-schema-graph\">{\"@context\":\"https:\/\/schema.org\",\"@graph\":[{\"@type\":\"WebPage\",\"@id\":\"https:\/\/skaitytaknyga.lt\/produktas\/damien-broderick-zaidziantys-dievus-sf-471\/\",\"url\":\"https:\/\/skaitytaknyga.lt\/produktas\/damien-broderick-zaidziantys-dievus-sf-471\/\",\"name\":\"Damien Broderick \u201e\u017daid\u017eiantys dievus\u201c (SF 471)\",\"isPartOf\":{\"@id\":\"https:\/\/skaitytaknyga.lt\/#website\"},\"primaryImageOfPage\":{\"@id\":\"https:\/\/skaitytaknyga.lt\/produktas\/damien-broderick-zaidziantys-dievus-sf-471\/#primaryimage\"},\"image\":{\"@id\":\"https:\/\/skaitytaknyga.lt\/produktas\/damien-broderick-zaidziantys-dievus-sf-471\/#primaryimage\"},\"thumbnailUrl\":\"https:\/\/skaitytaknyga.lt\/wp-content\/uploads\/2024\/05\/1462874782_zaidziantisdievus.jpg\",\"datePublished\":\"2024-05-02T13:30:33+00:00\",\"dateModified\":\"2024-07-15T07:17:04+00:00\",\"description\":\"\u017dinau vien\u0105 pasaul\u012f, kuriame moterys visa galva auk\u0161tesn\u0117s u\u017e vyrus ir \u0161lifuoja g\u0105sdinan\u010dius savo dantis, kad \u0161ie b\u016bt\u0173 kuo smailesni. Kit\u0105 ir vis d\u0117lto t\u0105 pa\u010di\u0105 planet\u0105, antr\u0105 \u017dem\u0119, supa \u0161vytintys, padang\u0117se i\u0161plit\u0119 \u017eiedai, ry\u0161k\u016bs kaip M\u0117nulio pilnatis. Tre\u010diame pasaulyje apstu liaun\u0173, plon\u0105 kailin\u012f sluoksn\u012f turin\u010di\u0173 \u017emogyst\u0173 bly\u0161kiais, statmenais aki\u0173 vyzd\u017eiais. Ketvirtame - \u017emones pakeit\u0117 ma\u0161inos. Evoliucija pakrypo savita eiga. \u012e kiekvien\u0105 i\u0161 j\u0173 atklystame mes, \u017eaid\u0117jai, kurie bastydamiesi po pasaulius, rezga bendrus planus arba papras\u010diausiai stengiasi i\u0161saugoti gyvybes. D\u0117l piktavali\u0161k\u0173, bet mums nesuvokiam\u0173 paskat\u0173, taip elgiasi ir K - ma\u0161inos. Man patinka \u017eudyti tas i\u0161peras.\",\"breadcrumb\":{\"@id\":\"https:\/\/skaitytaknyga.lt\/produktas\/damien-broderick-zaidziantys-dievus-sf-471\/#breadcrumb\"},\"inLanguage\":\"en-GB\",\"potentialAction\":[{\"@type\":\"ReadAction\",\"target\":[\"https:\/\/skaitytaknyga.lt\/produktas\/damien-broderick-zaidziantys-dievus-sf-471\/\"]}]},{\"@type\":\"ImageObject\",\"inLanguage\":\"en-GB\",\"@id\":\"https:\/\/skaitytaknyga.lt\/produktas\/damien-broderick-zaidziantys-dievus-sf-471\/#primaryimage\",\"url\":\"https:\/\/skaitytaknyga.lt\/wp-content\/uploads\/2024\/05\/1462874782_zaidziantisdievus.jpg\",\"contentUrl\":\"https:\/\/skaitytaknyga.lt\/wp-content\/uploads\/2024\/05\/1462874782_zaidziantisdievus.jpg\",\"width\":260,\"height\":430},{\"@type\":\"BreadcrumbList\",\"@id\":\"https:\/\/skaitytaknyga.lt\/produktas\/damien-broderick-zaidziantys-dievus-sf-471\/#breadcrumb\",\"itemListElement\":[{\"@type\":\"ListItem\",\"position\":1,\"name\":\"Home\",\"item\":\"https:\/\/skaitytaknyga.lt\/\"},{\"@type\":\"ListItem\",\"position\":2,\"name\":\"Parduotuv\u0117\",\"item\":\"https:\/\/skaitytaknyga.lt\/knygu-parduotuve\/\"},{\"@type\":\"ListItem\",\"position\":3,\"name\":\"Damien Broderick \u201e\u017daid\u017eiantys dievus\u201c (SF 471)\"}]},{\"@type\":\"WebSite\",\"@id\":\"https:\/\/skaitytaknyga.lt\/#website\",\"url\":\"https:\/\/skaitytaknyga.lt\/\",\"name\":\"skaitytaknyga.lt\",\"description\":\"Skaitytaknyga.lt \u2013 tai ma\u017eas \u0161eimos verslas, kuris prasid\u0117jo nuo meil\u0117s knygoms ir siekio i\u0161gelb\u0117ti knygas nuo likimo prie konteinerio. Kas vienam nereikalingas daiktas \u2013 kitam lobis, o mes esame tarpininkai, kurie padeda abiems tapti laimingesniems ???? \u017dinome kaip nelengva i\u0161gyventi ma\u017eiems verslams, tad nuo \u0161iol, \u010dia rasite ir kit\u0173, ma\u017e\u0173 \u0161eim\u0173 versl\u0173, rank\u0173 darbo, dovan\u0173 sau ir artimiesiems.\",\"publisher\":{\"@id\":\"https:\/\/skaitytaknyga.lt\/#organization\"},\"potentialAction\":[{\"@type\":\"SearchAction\",\"target\":{\"@type\":\"EntryPoint\",\"urlTemplate\":\"https:\/\/skaitytaknyga.lt\/?s={search_term_string}\"},\"query-input\":{\"@type\":\"PropertyValueSpecification\",\"valueRequired\":true,\"valueName\":\"search_term_string\"}}],\"inLanguage\":\"en-GB\"},{\"@type\":\"Organization\",\"@id\":\"https:\/\/skaitytaknyga.lt\/#organization\",\"name\":\"skaitytaknyga.lt\",\"url\":\"https:\/\/skaitytaknyga.lt\/\",\"logo\":{\"@type\":\"ImageObject\",\"inLanguage\":\"en-GB\",\"@id\":\"https:\/\/skaitytaknyga.lt\/#\/schema\/logo\/image\/\",\"url\":\"https:\/\/skaitytaknyga.lt\/wp-content\/uploads\/2024\/05\/cropped-cropped-cropped-02_00843_jt3bggkj1j3HLc7SyY6rEUpg.jpeg\",\"contentUrl\":\"https:\/\/skaitytaknyga.lt\/wp-content\/uploads\/2024\/05\/cropped-cropped-cropped-02_00843_jt3bggkj1j3HLc7SyY6rEUpg.jpeg\",\"width\":1600,\"height\":1600,\"caption\":\"skaitytaknyga.lt\"},\"image\":{\"@id\":\"https:\/\/skaitytaknyga.lt\/#\/schema\/logo\/image\/\"},\"sameAs\":[\"https:\/\/www.facebook.com\/skaitytaknyga\/\"]}]}<\/script>\n<!-- \/ Yoast SEO plugin. -->","yoast_head_json":{"title":"Damien Broderick \u201e\u017daid\u017eiantys dievus\u201c (SF 471)","description":"\u017dinau vien\u0105 pasaul\u012f, kuriame moterys visa galva auk\u0161tesn\u0117s u\u017e vyrus ir \u0161lifuoja g\u0105sdinan\u010dius savo dantis, kad \u0161ie b\u016bt\u0173 kuo smailesni. Kit\u0105 ir vis d\u0117lto t\u0105 pa\u010di\u0105 planet\u0105, antr\u0105 \u017dem\u0119, supa \u0161vytintys, padang\u0117se i\u0161plit\u0119 \u017eiedai, ry\u0161k\u016bs kaip M\u0117nulio pilnatis. Tre\u010diame pasaulyje apstu liaun\u0173, plon\u0105 kailin\u012f sluoksn\u012f turin\u010di\u0173 \u017emogyst\u0173 bly\u0161kiais, statmenais aki\u0173 vyzd\u017eiais. Ketvirtame - \u017emones pakeit\u0117 ma\u0161inos.  Evoliucija pakrypo savita eiga. \u012e kiekvien\u0105 i\u0161 j\u0173 atklystame mes, \u017eaid\u0117jai, kurie bastydamiesi po pasaulius, rezga bendrus planus arba papras\u010diausiai stengiasi i\u0161saugoti gyvybes. D\u0117l piktavali\u0161k\u0173, bet mums nesuvokiam\u0173 paskat\u0173, taip elgiasi ir K - ma\u0161inos. Man patinka \u017eudyti tas i\u0161peras.","robots":{"index":"index","follow":"follow","max-snippet":"max-snippet:-1","max-image-preview":"max-image-preview:large","max-video-preview":"max-video-preview:-1"},"canonical":"https:\/\/skaitytaknyga.lt\/en\/produktas\/damien-broderick-zaidziantys-dievus-sf-471\/","og_locale":"en_GB","og_type":"article","og_title":"[:lt]Damien Broderick \u201e\u017daid\u017eiantys dievus\u201c (SF 471)[:] - Skaitytaknyga","og_description":"\u017dinau vien\u0105 pasaul\u012f, kuriame moterys visa galva auk\u0161tesn\u0117s u\u017e vyrus ir \u0161lifuoja g\u0105sdinan\u010dius savo dantis, kad \u0161ie b\u016bt\u0173 kuo smailesni. Kit\u0105 ir vis d\u0117lto t\u0105 pa\u010di\u0105 planet\u0105, antr\u0105 \u017dem\u0119, supa \u0161vytintys, padang\u0117se i\u0161plit\u0119 \u017eiedai, ry\u0161k\u016bs kaip M\u0117nulio pilnatis. Tre\u010diame pasaulyje apstu liaun\u0173, plon\u0105 kailin\u012f sluoksn\u012f turin\u010di\u0173 \u017emogyst\u0173 bly\u0161kiais, statmenais aki\u0173 vyzd\u017eiais. Ketvirtame - \u017emones pakeit\u0117 ma\u0161inos.  Evoliucija pakrypo savita eiga. \u012e kiekvien\u0105 i\u0161 j\u0173 atklystame mes, \u017eaid\u0117jai, kurie bastydamiesi po pasaulius, rezga bendrus planus arba papras\u010diausiai stengiasi i\u0161saugoti gyvybes. D\u0117l piktavali\u0161k\u0173, bet mums nesuvokiam\u0173 paskat\u0173, taip elgiasi ir K - ma\u0161inos. Man patinka \u017eudyti tas i\u0161peras.","og_url":"https:\/\/skaitytaknyga.lt\/en\/produktas\/damien-broderick-zaidziantys-dievus-sf-471\/","og_site_name":"Skaitytaknyga","article_publisher":"https:\/\/www.facebook.com\/skaitytaknyga\/","article_modified_time":"2024-07-15T07:17:04+00:00","og_image":[{"width":260,"height":430,"url":"https:\/\/skaitytaknyga.lt\/wp-content\/uploads\/2024\/05\/1462874782_zaidziantisdievus.jpg","type":"image\/jpeg"}],"twitter_card":"summary_large_image","twitter_misc":{"Estimated reading time":"1 minute"},"schema":{"@context":"https:\/\/schema.org","@graph":[{"@type":"WebPage","@id":"https:\/\/skaitytaknyga.lt\/produktas\/damien-broderick-zaidziantys-dievus-sf-471\/","url":"https:\/\/skaitytaknyga.lt\/produktas\/damien-broderick-zaidziantys-dievus-sf-471\/","name":"Damien Broderick \u201e\u017daid\u017eiantys dievus\u201c (SF 471)","isPartOf":{"@id":"https:\/\/skaitytaknyga.lt\/#website"},"primaryImageOfPage":{"@id":"https:\/\/skaitytaknyga.lt\/produktas\/damien-broderick-zaidziantys-dievus-sf-471\/#primaryimage"},"image":{"@id":"https:\/\/skaitytaknyga.lt\/produktas\/damien-broderick-zaidziantys-dievus-sf-471\/#primaryimage"},"thumbnailUrl":"https:\/\/skaitytaknyga.lt\/wp-content\/uploads\/2024\/05\/1462874782_zaidziantisdievus.jpg","datePublished":"2024-05-02T13:30:33+00:00","dateModified":"2024-07-15T07:17:04+00:00","description":"\u017dinau vien\u0105 pasaul\u012f, kuriame moterys visa galva auk\u0161tesn\u0117s u\u017e vyrus ir \u0161lifuoja g\u0105sdinan\u010dius savo dantis, kad \u0161ie b\u016bt\u0173 kuo smailesni. Kit\u0105 ir vis d\u0117lto t\u0105 pa\u010di\u0105 planet\u0105, antr\u0105 \u017dem\u0119, supa \u0161vytintys, padang\u0117se i\u0161plit\u0119 \u017eiedai, ry\u0161k\u016bs kaip M\u0117nulio pilnatis. Tre\u010diame pasaulyje apstu liaun\u0173, plon\u0105 kailin\u012f sluoksn\u012f turin\u010di\u0173 \u017emogyst\u0173 bly\u0161kiais, statmenais aki\u0173 vyzd\u017eiais. Ketvirtame - \u017emones pakeit\u0117 ma\u0161inos. Evoliucija pakrypo savita eiga. \u012e kiekvien\u0105 i\u0161 j\u0173 atklystame mes, \u017eaid\u0117jai, kurie bastydamiesi po pasaulius, rezga bendrus planus arba papras\u010diausiai stengiasi i\u0161saugoti gyvybes. D\u0117l piktavali\u0161k\u0173, bet mums nesuvokiam\u0173 paskat\u0173, taip elgiasi ir K - ma\u0161inos. Man patinka \u017eudyti tas i\u0161peras.","breadcrumb":{"@id":"https:\/\/skaitytaknyga.lt\/produktas\/damien-broderick-zaidziantys-dievus-sf-471\/#breadcrumb"},"inLanguage":"en-GB","potentialAction":[{"@type":"ReadAction","target":["https:\/\/skaitytaknyga.lt\/produktas\/damien-broderick-zaidziantys-dievus-sf-471\/"]}]},{"@type":"ImageObject","inLanguage":"en-GB","@id":"https:\/\/skaitytaknyga.lt\/produktas\/damien-broderick-zaidziantys-dievus-sf-471\/#primaryimage","url":"https:\/\/skaitytaknyga.lt\/wp-content\/uploads\/2024\/05\/1462874782_zaidziantisdievus.jpg","contentUrl":"https:\/\/skaitytaknyga.lt\/wp-content\/uploads\/2024\/05\/1462874782_zaidziantisdievus.jpg","width":260,"height":430},{"@type":"BreadcrumbList","@id":"https:\/\/skaitytaknyga.lt\/produktas\/damien-broderick-zaidziantys-dievus-sf-471\/#breadcrumb","itemListElement":[{"@type":"ListItem","position":1,"name":"Home","item":"https:\/\/skaitytaknyga.lt\/"},{"@type":"ListItem","position":2,"name":"Parduotuv\u0117","item":"https:\/\/skaitytaknyga.lt\/knygu-parduotuve\/"},{"@type":"ListItem","position":3,"name":"Damien Broderick \u201e\u017daid\u017eiantys dievus\u201c (SF 471)"}]},{"@type":"WebSite","@id":"https:\/\/skaitytaknyga.lt\/#website","url":"https:\/\/skaitytaknyga.lt\/","name":"skaitytaknyga.lt","description":"Skaitytaknyga.lt \u2013 tai ma\u017eas \u0161eimos verslas, kuris prasid\u0117jo nuo meil\u0117s knygoms ir siekio i\u0161gelb\u0117ti knygas nuo likimo prie konteinerio. Kas vienam nereikalingas daiktas \u2013 kitam lobis, o mes esame tarpininkai, kurie padeda abiems tapti laimingesniems ???? \u017dinome kaip nelengva i\u0161gyventi ma\u017eiems verslams, tad nuo \u0161iol, \u010dia rasite ir kit\u0173, ma\u017e\u0173 \u0161eim\u0173 versl\u0173, rank\u0173 darbo, dovan\u0173 sau ir artimiesiems.","publisher":{"@id":"https:\/\/skaitytaknyga.lt\/#organization"},"potentialAction":[{"@type":"SearchAction","target":{"@type":"EntryPoint","urlTemplate":"https:\/\/skaitytaknyga.lt\/?s={search_term_string}"},"query-input":{"@type":"PropertyValueSpecification","valueRequired":true,"valueName":"search_term_string"}}],"inLanguage":"en-GB"},{"@type":"Organization","@id":"https:\/\/skaitytaknyga.lt\/#organization","name":"skaitytaknyga.lt","url":"https:\/\/skaitytaknyga.lt\/","logo":{"@type":"ImageObject","inLanguage":"en-GB","@id":"https:\/\/skaitytaknyga.lt\/#\/schema\/logo\/image\/","url":"https:\/\/skaitytaknyga.lt\/wp-content\/uploads\/2024\/05\/cropped-cropped-cropped-02_00843_jt3bggkj1j3HLc7SyY6rEUpg.jpeg","contentUrl":"https:\/\/skaitytaknyga.lt\/wp-content\/uploads\/2024\/05\/cropped-cropped-cropped-02_00843_jt3bggkj1j3HLc7SyY6rEUpg.jpeg","width":1600,"height":1600,"caption":"skaitytaknyga.lt"},"image":{"@id":"https:\/\/skaitytaknyga.lt\/#\/schema\/logo\/image\/"},"sameAs":["https:\/\/www.facebook.com\/skaitytaknyga\/"]}]}},"_links":{"self":[{"href":"https:\/\/skaitytaknyga.lt\/en\/wp-json\/wp\/v2\/product\/6855","targetHints":{"allow":["GET"]}}],"collection":[{"href":"https:\/\/skaitytaknyga.lt\/en\/wp-json\/wp\/v2\/product"}],"about":[{"href":"https:\/\/skaitytaknyga.lt\/en\/wp-json\/wp\/v2\/types\/product"}],"replies":[{"embeddable":true,"href":"https:\/\/skaitytaknyga.lt\/en\/wp-json\/wp\/v2\/comments?post=6855"}],"wp:featuredmedia":[{"embeddable":true,"href":"https:\/\/skaitytaknyga.lt\/en\/wp-json\/wp\/v2\/media\/6865"}],"wp:attachment":[{"href":"https:\/\/skaitytaknyga.lt\/en\/wp-json\/wp\/v2\/media?parent=6855"}],"wp:term":[{"taxonomy":"product_brand","embeddable":true,"href":"https:\/\/skaitytaknyga.lt\/en\/wp-json\/wp\/v2\/product_brand?post=6855"},{"taxonomy":"product_cat","embeddable":true,"href":"https:\/\/skaitytaknyga.lt\/en\/wp-json\/wp\/v2\/product_cat?post=6855"},{"taxonomy":"product_tag","embeddable":true,"href":"https:\/\/skaitytaknyga.lt\/en\/wp-json\/wp\/v2\/product_tag?post=6855"}],"curies":[{"name":"wp","href":"https:\/\/api.w.org\/{rel}","templated":true}]}}