{"id":6854,"date":"2024-05-02T13:30:33","date_gmt":"2024-05-02T13:30:33","guid":{"rendered":"https:\/\/skaitytaknyga.lt\/?post_type=product&#038;p=6854"},"modified":"2026-03-05T12:22:20","modified_gmt":"2026-03-05T10:22:20","slug":"witold-gombrowicz-pornografija","status":"publish","type":"product","link":"https:\/\/skaitytaknyga.lt\/en\/produktas\/witold-gombrowicz-pornografija\/","title":{"rendered":"Pornografija"},"content":{"rendered":"<div id=\"dvd_description\" class=\"box_contents item_description\">Populiariausio W. Gombrowicziaus romano \u201ePornografija\u201c veiksmas vyksta 1943-aisiais vokie\u010di\u0173 okupuotoje Lenkijoje. I\u0161 Var\u0161uvos \u012f nuo\u0161alesn\u012f \u0161alies kampel\u012f atvyk\u0119 du pagyven\u0119 vyri\u0161kiai susi\u017eavi jaunimo i\u0161vaizda ir elgsena.<\/div>\n<div class=\"box_contents item_description\">Net per pamaldas jiems \u012f akis krinta i\u0161 \u017einom\u0173 vietos \u0161eim\u0173 kilusi\u0173 Henios ir Karolio santykiai: \u201eNe\u012fveikiami, akli ir taip ramiai judantys drauge su kitais &#8211; abipus\u0117 meil\u0117 ir geismas. Ak!\u201c<\/div>\n<div class=\"box_contents item_description\">Abu vyrai suvokia, kad jaunuoliai traukia vienas kit\u0105, tod\u0117l m\u0117gina rengti j\u0173 menamos meil\u0117s kulminacij\u0105. Ta\u010diau jie patys per toli nueina ir tampa savo veiksm\u0173 aukomis.<\/div>\n<div class=\"box_contents item_description\">\u0160ioje knygoje dera daug kas: ir melodrama, ir farsas, ir detektyvas su pastoraliniams k\u016briniams b\u016bdingu stiliumi. Autorius panaudojo nema\u017eai dar i\u0161 XVIII a. paveld\u0117t\u0173 literat\u016brini\u0173 kli\u0161i\u0173, ta\u010diau tai padar\u0117 tur\u0117damas ai\u0161k\u0173 tiksl\u0105.<\/div>\n","protected":false},"excerpt":{"rendered":"<div id=\"dvd_description\" class=\"box_contents item_description\">Populiariausio W. Gombrowicziaus romano \u201ePornografija\u201c veiksmas vyksta 1943-aisiais vokie\u010di\u0173 okupuotoje Lenkijoje. I\u0161 Var\u0161uvos \u012f nuo\u0161alesn\u012f \u0161alies kampel\u012f atvyk\u0119 du pagyven\u0119 vyri\u0161kiai susi\u017eavi jaunimo i\u0161vaizda ir elgsena.<\/div>\n<div class=\"box_contents item_description\">Net per pamaldas jiems \u012f akis krinta i\u0161 \u017einom\u0173 vietos \u0161eim\u0173 kilusi\u0173 Henios ir Karolio santykiai: \u201eNe\u012fveikiami, akli ir taip ramiai judantys drauge su kitais &#8211; abipus\u0117 meil\u0117 ir geismas. Ak!\u201c<\/div>\n<div class=\"box_contents item_description\">Abu vyrai suvokia, kad jaunuoliai traukia vienas kit\u0105, tod\u0117l m\u0117gina rengti j\u0173 menamos meil\u0117s kulminacij\u0105. Ta\u010diau jie patys per toli nueina ir tampa savo veiksm\u0173 aukomis.<\/div>\n<div class=\"box_contents item_description\">\u0160ioje knygoje dera daug kas: ir melodrama, ir farsas, ir detektyvas su pastoraliniams k\u016briniams b\u016bdingu stiliumi. Autorius panaudojo nema\u017eai dar i\u0161 XVIII a. paveld\u0117t\u0173 literat\u016brini\u0173 kli\u0161i\u0173, ta\u010diau tai padar\u0117 tur\u0117damas ai\u0161k\u0173 tiksl\u0105.<\/div>\n","protected":false},"featured_media":6864,"comment_status":"closed","ping_status":"closed","template":"","meta":{"_acf_changed":false,"site-sidebar-layout":"default","site-content-layout":"","ast-site-content-layout":"default","site-content-style":"default","site-sidebar-style":"default","ast-global-header-display":"","ast-banner-title-visibility":"","ast-main-header-display":"","ast-hfb-above-header-display":"","ast-hfb-below-header-display":"","ast-hfb-mobile-header-display":"","site-post-title":"","ast-breadcrumbs-content":"","ast-featured-img":"","footer-sml-layout":"","ast-disable-related-posts":"","theme-transparent-header-meta":"","adv-header-id-meta":"","stick-header-meta":"","header-above-stick-meta":"","header-main-stick-meta":"","header-below-stick-meta":"","astra-migrate-meta-layouts":"default","ast-page-background-enabled":"default","ast-page-background-meta":{"desktop":{"background-color":"","background-image":"","background-repeat":"repeat","background-position":"center center","background-size":"auto","background-attachment":"scroll","background-type":"","background-media":"","overlay-type":"","overlay-color":"","overlay-opacity":"","overlay-gradient":""},"tablet":{"background-color":"","background-image":"","background-repeat":"repeat","background-position":"center center","background-size":"auto","background-attachment":"scroll","background-type":"","background-media":"","overlay-type":"","overlay-color":"","overlay-opacity":"","overlay-gradient":""},"mobile":{"background-color":"","background-image":"","background-repeat":"repeat","background-position":"center center","background-size":"auto","background-attachment":"scroll","background-type":"","background-media":"","overlay-type":"","overlay-color":"","overlay-opacity":"","overlay-gradient":""}},"ast-content-background-meta":{"desktop":{"background-color":"var(--ast-global-color-4)","background-image":"","background-repeat":"repeat","background-position":"center center","background-size":"auto","background-attachment":"scroll","background-type":"","background-media":"","overlay-type":"","overlay-color":"","overlay-opacity":"","overlay-gradient":""},"tablet":{"background-color":"var(--ast-global-color-4)","background-image":"","background-repeat":"repeat","background-position":"center center","background-size":"auto","background-attachment":"scroll","background-type":"","background-media":"","overlay-type":"","overlay-color":"","overlay-opacity":"","overlay-gradient":""},"mobile":{"background-color":"var(--ast-global-color-4)","background-image":"","background-repeat":"repeat","background-position":"center center","background-size":"auto","background-attachment":"scroll","background-type":"","background-media":"","overlay-type":"","overlay-color":"","overlay-opacity":"","overlay-gradient":""}}},"product_brand":[],"product_cat":[9583],"product_tag":[2819,2820,1459,2097,2595,1927,2818],"class_list":{"0":"post-6854","1":"product","2":"type-product","3":"status-publish","4":"has-post-thumbnail","6":"product_cat-erotiniai-romanai","7":"product_tag-egzistencializmas","8":"product_tag-intelektualu-santykiai","9":"product_tag-karas","10":"product_tag-morale","11":"product_tag-psichologine-drama","12":"product_tag-seksualumas","13":"product_tag-witold-gombrowicz","14":"desktop-align-left","15":"tablet-align-left","16":"mobile-align-left","18":"first","19":"instock","20":"shipping-taxable","21":"purchasable","22":"product-type-simple"},"acf":[],"yoast_head":"<!-- This site is optimized with the Yoast SEO plugin v27.0 - https:\/\/yoast.com\/product\/yoast-seo-wordpress\/ -->\n<title>Pornografija<\/title>\n<meta name=\"description\" content=\"Populiariausio W. Gombrowicziaus romano \u201ePornografija\u201c veiksmas vyksta 1943-aisiais vokie\u010di\u0173 okupuotoje Lenkijoje. I\u0161 Var\u0161uvos \u012f nuo\u0161alesn\u012f \u0161alies kampel\u012f atvyk\u0119 du pagyven\u0119 vyri\u0161kiai susi\u017eavi jaunimo i\u0161vaizda ir elgsena. Net per pamaldas jiems \u012f akis krinta i\u0161 \u017einom\u0173 vietos \u0161eim\u0173 kilusi\u0173 Henios ir Karolio santykiai: \u201eNe\u012fveikiami, akli ir taip ramiai judantys drauge su kitais - abipus\u0117 meil\u0117 ir geismas. Ak!\u201c Abu vyrai suvokia, kad jaunuoliai traukia vienas kit\u0105, tod\u0117l m\u0117gina rengti j\u0173 menamos meil\u0117s kulminacij\u0105. Ta\u010diau jie patys per toli nueina ir tampa savo veiksm\u0173 aukomis. \u0160ioje knygoje dera daug kas: ir melodrama, ir farsas, ir detektyvas su pastoraliniams k\u016briniams b\u016bdingu stiliumi. Autorius panaudojo nema\u017eai dar i\u0161 XVIII a. paveld\u0117t\u0173 literat\u016brini\u0173 kli\u0161i\u0173, ta\u010diau tai padar\u0117 tur\u0117damas ai\u0161k\u0173 tiksl\u0105.\" \/>\n<meta name=\"robots\" content=\"index, follow, max-snippet:-1, max-image-preview:large, max-video-preview:-1\" \/>\n<link rel=\"canonical\" href=\"https:\/\/skaitytaknyga.lt\/en\/produktas\/witold-gombrowicz-pornografija\/\" \/>\n<meta property=\"og:locale\" content=\"en_GB\" \/>\n<meta property=\"og:locale:alternate\" content=\"lt_LT\" \/>\n<meta property=\"og:type\" content=\"article\" \/>\n<meta property=\"og:title\" content=\"Pornografija\" \/>\n<meta property=\"og:description\" content=\"Populiariausio W. Gombrowicziaus romano \u201ePornografija\u201c veiksmas vyksta 1943-aisiais vokie\u010di\u0173 okupuotoje Lenkijoje. I\u0161 Var\u0161uvos \u012f nuo\u0161alesn\u012f \u0161alies kampel\u012f atvyk\u0119 du pagyven\u0119 vyri\u0161kiai susi\u017eavi jaunimo i\u0161vaizda ir elgsena. Net per pamaldas jiems \u012f akis krinta i\u0161 \u017einom\u0173 vietos \u0161eim\u0173 kilusi\u0173 Henios ir Karolio santykiai: \u201eNe\u012fveikiami, akli ir taip ramiai judantys drauge su kitais - abipus\u0117 meil\u0117 ir geismas. Ak!\u201c Abu vyrai suvokia, kad jaunuoliai traukia vienas kit\u0105, tod\u0117l m\u0117gina rengti j\u0173 menamos meil\u0117s kulminacij\u0105. Ta\u010diau jie patys per toli nueina ir tampa savo veiksm\u0173 aukomis. \u0160ioje knygoje dera daug kas: ir melodrama, ir farsas, ir detektyvas su pastoraliniams k\u016briniams b\u016bdingu stiliumi. Autorius panaudojo nema\u017eai dar i\u0161 XVIII a. paveld\u0117t\u0173 literat\u016brini\u0173 kli\u0161i\u0173, ta\u010diau tai padar\u0117 tur\u0117damas ai\u0161k\u0173 tiksl\u0105.\" \/>\n<meta property=\"og:url\" content=\"https:\/\/skaitytaknyga.lt\/en\/produktas\/witold-gombrowicz-pornografija\/\" \/>\n<meta property=\"og:site_name\" content=\"Skaitytaknyga\" \/>\n<meta property=\"article:publisher\" content=\"https:\/\/www.facebook.com\/skaitytaknyga\/\" \/>\n<meta property=\"article:modified_time\" content=\"2026-03-05T10:22:20+00:00\" \/>\n<meta property=\"og:image\" content=\"https:\/\/skaitytaknyga.lt\/wp-content\/uploads\/2024\/05\/1462882503_img0003-001.jpg\" \/>\n\t<meta property=\"og:image:width\" content=\"251\" \/>\n\t<meta property=\"og:image:height\" content=\"430\" \/>\n\t<meta property=\"og:image:type\" content=\"image\/jpeg\" \/>\n<meta name=\"twitter:card\" content=\"summary_large_image\" \/>\n<meta name=\"twitter:label1\" content=\"Estimated reading time\" \/>\n\t<meta name=\"twitter:data1\" content=\"1 minute\" \/>\n<script type=\"application\/ld+json\" class=\"yoast-schema-graph\">{\"@context\":\"https:\/\/schema.org\",\"@graph\":[{\"@type\":\"WebPage\",\"@id\":\"https:\/\/skaitytaknyga.lt\/produktas\/witold-gombrowicz-pornografija\/\",\"url\":\"https:\/\/skaitytaknyga.lt\/produktas\/witold-gombrowicz-pornografija\/\",\"name\":\"Pornografija\",\"isPartOf\":{\"@id\":\"https:\/\/skaitytaknyga.lt\/#website\"},\"primaryImageOfPage\":{\"@id\":\"https:\/\/skaitytaknyga.lt\/produktas\/witold-gombrowicz-pornografija\/#primaryimage\"},\"image\":{\"@id\":\"https:\/\/skaitytaknyga.lt\/produktas\/witold-gombrowicz-pornografija\/#primaryimage\"},\"thumbnailUrl\":\"https:\/\/skaitytaknyga.lt\/wp-content\/uploads\/2024\/05\/1462882503_img0003-001.jpg\",\"datePublished\":\"2024-05-02T13:30:33+00:00\",\"dateModified\":\"2026-03-05T10:22:20+00:00\",\"description\":\"Populiariausio W. Gombrowicziaus romano \u201ePornografija\u201c veiksmas vyksta 1943-aisiais vokie\u010di\u0173 okupuotoje Lenkijoje. I\u0161 Var\u0161uvos \u012f nuo\u0161alesn\u012f \u0161alies kampel\u012f atvyk\u0119 du pagyven\u0119 vyri\u0161kiai susi\u017eavi jaunimo i\u0161vaizda ir elgsena. Net per pamaldas jiems \u012f akis krinta i\u0161 \u017einom\u0173 vietos \u0161eim\u0173 kilusi\u0173 Henios ir Karolio santykiai: \u201eNe\u012fveikiami, akli ir taip ramiai judantys drauge su kitais - abipus\u0117 meil\u0117 ir geismas. Ak!\u201c Abu vyrai suvokia, kad jaunuoliai traukia vienas kit\u0105, tod\u0117l m\u0117gina rengti j\u0173 menamos meil\u0117s kulminacij\u0105. Ta\u010diau jie patys per toli nueina ir tampa savo veiksm\u0173 aukomis. \u0160ioje knygoje dera daug kas: ir melodrama, ir farsas, ir detektyvas su pastoraliniams k\u016briniams b\u016bdingu stiliumi. Autorius panaudojo nema\u017eai dar i\u0161 XVIII a. paveld\u0117t\u0173 literat\u016brini\u0173 kli\u0161i\u0173, ta\u010diau tai padar\u0117 tur\u0117damas ai\u0161k\u0173 tiksl\u0105.\",\"breadcrumb\":{\"@id\":\"https:\/\/skaitytaknyga.lt\/produktas\/witold-gombrowicz-pornografija\/#breadcrumb\"},\"inLanguage\":\"en-GB\",\"potentialAction\":[{\"@type\":\"ReadAction\",\"target\":[\"https:\/\/skaitytaknyga.lt\/produktas\/witold-gombrowicz-pornografija\/\"]}]},{\"@type\":\"ImageObject\",\"inLanguage\":\"en-GB\",\"@id\":\"https:\/\/skaitytaknyga.lt\/produktas\/witold-gombrowicz-pornografija\/#primaryimage\",\"url\":\"https:\/\/skaitytaknyga.lt\/wp-content\/uploads\/2024\/05\/1462882503_img0003-001.jpg\",\"contentUrl\":\"https:\/\/skaitytaknyga.lt\/wp-content\/uploads\/2024\/05\/1462882503_img0003-001.jpg\",\"width\":251,\"height\":430},{\"@type\":\"BreadcrumbList\",\"@id\":\"https:\/\/skaitytaknyga.lt\/produktas\/witold-gombrowicz-pornografija\/#breadcrumb\",\"itemListElement\":[{\"@type\":\"ListItem\",\"position\":1,\"name\":\"Home\",\"item\":\"https:\/\/skaitytaknyga.lt\/\"},{\"@type\":\"ListItem\",\"position\":2,\"name\":\"Parduotuv\u0117\",\"item\":\"https:\/\/skaitytaknyga.lt\/knygu-parduotuve\/\"},{\"@type\":\"ListItem\",\"position\":3,\"name\":\"Pornografija\"}]},{\"@type\":\"WebSite\",\"@id\":\"https:\/\/skaitytaknyga.lt\/#website\",\"url\":\"https:\/\/skaitytaknyga.lt\/\",\"name\":\"skaitytaknyga.lt\",\"description\":\"Skaitytaknyga.lt \u2013 tai ma\u017eas \u0161eimos verslas, kuris prasid\u0117jo nuo meil\u0117s knygoms ir siekio i\u0161gelb\u0117ti knygas nuo likimo prie konteinerio. Kas vienam nereikalingas daiktas \u2013 kitam lobis, o mes esame tarpininkai, kurie padeda abiems tapti laimingesniems ???? \u017dinome kaip nelengva i\u0161gyventi ma\u017eiems verslams, tad nuo \u0161iol, \u010dia rasite ir kit\u0173, ma\u017e\u0173 \u0161eim\u0173 versl\u0173, rank\u0173 darbo, dovan\u0173 sau ir artimiesiems.\",\"publisher\":{\"@id\":\"https:\/\/skaitytaknyga.lt\/#organization\"},\"potentialAction\":[{\"@type\":\"SearchAction\",\"target\":{\"@type\":\"EntryPoint\",\"urlTemplate\":\"https:\/\/skaitytaknyga.lt\/?s={search_term_string}\"},\"query-input\":{\"@type\":\"PropertyValueSpecification\",\"valueRequired\":true,\"valueName\":\"search_term_string\"}}],\"inLanguage\":\"en-GB\"},{\"@type\":\"Organization\",\"@id\":\"https:\/\/skaitytaknyga.lt\/#organization\",\"name\":\"skaitytaknyga.lt\",\"url\":\"https:\/\/skaitytaknyga.lt\/\",\"logo\":{\"@type\":\"ImageObject\",\"inLanguage\":\"en-GB\",\"@id\":\"https:\/\/skaitytaknyga.lt\/#\/schema\/logo\/image\/\",\"url\":\"https:\/\/skaitytaknyga.lt\/wp-content\/uploads\/2024\/05\/cropped-cropped-cropped-02_00843_jt3bggkj1j3HLc7SyY6rEUpg.jpeg\",\"contentUrl\":\"https:\/\/skaitytaknyga.lt\/wp-content\/uploads\/2024\/05\/cropped-cropped-cropped-02_00843_jt3bggkj1j3HLc7SyY6rEUpg.jpeg\",\"width\":1600,\"height\":1600,\"caption\":\"skaitytaknyga.lt\"},\"image\":{\"@id\":\"https:\/\/skaitytaknyga.lt\/#\/schema\/logo\/image\/\"},\"sameAs\":[\"https:\/\/www.facebook.com\/skaitytaknyga\/\"]}]}<\/script>\n<!-- \/ Yoast SEO plugin. -->","yoast_head_json":{"title":"Pornografija","description":"Populiariausio W. Gombrowicziaus romano \u201ePornografija\u201c veiksmas vyksta 1943-aisiais vokie\u010di\u0173 okupuotoje Lenkijoje. I\u0161 Var\u0161uvos \u012f nuo\u0161alesn\u012f \u0161alies kampel\u012f atvyk\u0119 du pagyven\u0119 vyri\u0161kiai susi\u017eavi jaunimo i\u0161vaizda ir elgsena. Net per pamaldas jiems \u012f akis krinta i\u0161 \u017einom\u0173 vietos \u0161eim\u0173 kilusi\u0173 Henios ir Karolio santykiai: \u201eNe\u012fveikiami, akli ir taip ramiai judantys drauge su kitais - abipus\u0117 meil\u0117 ir geismas. Ak!\u201c Abu vyrai suvokia, kad jaunuoliai traukia vienas kit\u0105, tod\u0117l m\u0117gina rengti j\u0173 menamos meil\u0117s kulminacij\u0105. Ta\u010diau jie patys per toli nueina ir tampa savo veiksm\u0173 aukomis. \u0160ioje knygoje dera daug kas: ir melodrama, ir farsas, ir detektyvas su pastoraliniams k\u016briniams b\u016bdingu stiliumi. Autorius panaudojo nema\u017eai dar i\u0161 XVIII a. paveld\u0117t\u0173 literat\u016brini\u0173 kli\u0161i\u0173, ta\u010diau tai padar\u0117 tur\u0117damas ai\u0161k\u0173 tiksl\u0105.","robots":{"index":"index","follow":"follow","max-snippet":"max-snippet:-1","max-image-preview":"max-image-preview:large","max-video-preview":"max-video-preview:-1"},"canonical":"https:\/\/skaitytaknyga.lt\/en\/produktas\/witold-gombrowicz-pornografija\/","og_locale":"en_GB","og_type":"article","og_title":"[:lt]Pornografija[:] - Skaitytaknyga","og_description":"Populiariausio W. Gombrowicziaus romano \u201ePornografija\u201c veiksmas vyksta 1943-aisiais vokie\u010di\u0173 okupuotoje Lenkijoje. I\u0161 Var\u0161uvos \u012f nuo\u0161alesn\u012f \u0161alies kampel\u012f atvyk\u0119 du pagyven\u0119 vyri\u0161kiai susi\u017eavi jaunimo i\u0161vaizda ir elgsena. Net per pamaldas jiems \u012f akis krinta i\u0161 \u017einom\u0173 vietos \u0161eim\u0173 kilusi\u0173 Henios ir Karolio santykiai: \u201eNe\u012fveikiami, akli ir taip ramiai judantys drauge su kitais - abipus\u0117 meil\u0117 ir geismas. Ak!\u201c Abu vyrai suvokia, kad jaunuoliai traukia vienas kit\u0105, tod\u0117l m\u0117gina rengti j\u0173 menamos meil\u0117s kulminacij\u0105. Ta\u010diau jie patys per toli nueina ir tampa savo veiksm\u0173 aukomis. \u0160ioje knygoje dera daug kas: ir melodrama, ir farsas, ir detektyvas su pastoraliniams k\u016briniams b\u016bdingu stiliumi. Autorius panaudojo nema\u017eai dar i\u0161 XVIII a. paveld\u0117t\u0173 literat\u016brini\u0173 kli\u0161i\u0173, ta\u010diau tai padar\u0117 tur\u0117damas ai\u0161k\u0173 tiksl\u0105.","og_url":"https:\/\/skaitytaknyga.lt\/en\/produktas\/witold-gombrowicz-pornografija\/","og_site_name":"Skaitytaknyga","article_publisher":"https:\/\/www.facebook.com\/skaitytaknyga\/","article_modified_time":"2026-03-05T10:22:20+00:00","og_image":[{"width":251,"height":430,"url":"https:\/\/skaitytaknyga.lt\/wp-content\/uploads\/2024\/05\/1462882503_img0003-001.jpg","type":"image\/jpeg"}],"twitter_card":"summary_large_image","twitter_misc":{"Estimated reading time":"1 minute"},"schema":{"@context":"https:\/\/schema.org","@graph":[{"@type":"WebPage","@id":"https:\/\/skaitytaknyga.lt\/produktas\/witold-gombrowicz-pornografija\/","url":"https:\/\/skaitytaknyga.lt\/produktas\/witold-gombrowicz-pornografija\/","name":"Pornografija","isPartOf":{"@id":"https:\/\/skaitytaknyga.lt\/#website"},"primaryImageOfPage":{"@id":"https:\/\/skaitytaknyga.lt\/produktas\/witold-gombrowicz-pornografija\/#primaryimage"},"image":{"@id":"https:\/\/skaitytaknyga.lt\/produktas\/witold-gombrowicz-pornografija\/#primaryimage"},"thumbnailUrl":"https:\/\/skaitytaknyga.lt\/wp-content\/uploads\/2024\/05\/1462882503_img0003-001.jpg","datePublished":"2024-05-02T13:30:33+00:00","dateModified":"2026-03-05T10:22:20+00:00","description":"Populiariausio W. Gombrowicziaus romano \u201ePornografija\u201c veiksmas vyksta 1943-aisiais vokie\u010di\u0173 okupuotoje Lenkijoje. I\u0161 Var\u0161uvos \u012f nuo\u0161alesn\u012f \u0161alies kampel\u012f atvyk\u0119 du pagyven\u0119 vyri\u0161kiai susi\u017eavi jaunimo i\u0161vaizda ir elgsena. Net per pamaldas jiems \u012f akis krinta i\u0161 \u017einom\u0173 vietos \u0161eim\u0173 kilusi\u0173 Henios ir Karolio santykiai: \u201eNe\u012fveikiami, akli ir taip ramiai judantys drauge su kitais - abipus\u0117 meil\u0117 ir geismas. Ak!\u201c Abu vyrai suvokia, kad jaunuoliai traukia vienas kit\u0105, tod\u0117l m\u0117gina rengti j\u0173 menamos meil\u0117s kulminacij\u0105. Ta\u010diau jie patys per toli nueina ir tampa savo veiksm\u0173 aukomis. \u0160ioje knygoje dera daug kas: ir melodrama, ir farsas, ir detektyvas su pastoraliniams k\u016briniams b\u016bdingu stiliumi. Autorius panaudojo nema\u017eai dar i\u0161 XVIII a. paveld\u0117t\u0173 literat\u016brini\u0173 kli\u0161i\u0173, ta\u010diau tai padar\u0117 tur\u0117damas ai\u0161k\u0173 tiksl\u0105.","breadcrumb":{"@id":"https:\/\/skaitytaknyga.lt\/produktas\/witold-gombrowicz-pornografija\/#breadcrumb"},"inLanguage":"en-GB","potentialAction":[{"@type":"ReadAction","target":["https:\/\/skaitytaknyga.lt\/produktas\/witold-gombrowicz-pornografija\/"]}]},{"@type":"ImageObject","inLanguage":"en-GB","@id":"https:\/\/skaitytaknyga.lt\/produktas\/witold-gombrowicz-pornografija\/#primaryimage","url":"https:\/\/skaitytaknyga.lt\/wp-content\/uploads\/2024\/05\/1462882503_img0003-001.jpg","contentUrl":"https:\/\/skaitytaknyga.lt\/wp-content\/uploads\/2024\/05\/1462882503_img0003-001.jpg","width":251,"height":430},{"@type":"BreadcrumbList","@id":"https:\/\/skaitytaknyga.lt\/produktas\/witold-gombrowicz-pornografija\/#breadcrumb","itemListElement":[{"@type":"ListItem","position":1,"name":"Home","item":"https:\/\/skaitytaknyga.lt\/"},{"@type":"ListItem","position":2,"name":"Parduotuv\u0117","item":"https:\/\/skaitytaknyga.lt\/knygu-parduotuve\/"},{"@type":"ListItem","position":3,"name":"Pornografija"}]},{"@type":"WebSite","@id":"https:\/\/skaitytaknyga.lt\/#website","url":"https:\/\/skaitytaknyga.lt\/","name":"skaitytaknyga.lt","description":"Skaitytaknyga.lt \u2013 tai ma\u017eas \u0161eimos verslas, kuris prasid\u0117jo nuo meil\u0117s knygoms ir siekio i\u0161gelb\u0117ti knygas nuo likimo prie konteinerio. Kas vienam nereikalingas daiktas \u2013 kitam lobis, o mes esame tarpininkai, kurie padeda abiems tapti laimingesniems ???? \u017dinome kaip nelengva i\u0161gyventi ma\u017eiems verslams, tad nuo \u0161iol, \u010dia rasite ir kit\u0173, ma\u017e\u0173 \u0161eim\u0173 versl\u0173, rank\u0173 darbo, dovan\u0173 sau ir artimiesiems.","publisher":{"@id":"https:\/\/skaitytaknyga.lt\/#organization"},"potentialAction":[{"@type":"SearchAction","target":{"@type":"EntryPoint","urlTemplate":"https:\/\/skaitytaknyga.lt\/?s={search_term_string}"},"query-input":{"@type":"PropertyValueSpecification","valueRequired":true,"valueName":"search_term_string"}}],"inLanguage":"en-GB"},{"@type":"Organization","@id":"https:\/\/skaitytaknyga.lt\/#organization","name":"skaitytaknyga.lt","url":"https:\/\/skaitytaknyga.lt\/","logo":{"@type":"ImageObject","inLanguage":"en-GB","@id":"https:\/\/skaitytaknyga.lt\/#\/schema\/logo\/image\/","url":"https:\/\/skaitytaknyga.lt\/wp-content\/uploads\/2024\/05\/cropped-cropped-cropped-02_00843_jt3bggkj1j3HLc7SyY6rEUpg.jpeg","contentUrl":"https:\/\/skaitytaknyga.lt\/wp-content\/uploads\/2024\/05\/cropped-cropped-cropped-02_00843_jt3bggkj1j3HLc7SyY6rEUpg.jpeg","width":1600,"height":1600,"caption":"skaitytaknyga.lt"},"image":{"@id":"https:\/\/skaitytaknyga.lt\/#\/schema\/logo\/image\/"},"sameAs":["https:\/\/www.facebook.com\/skaitytaknyga\/"]}]}},"_links":{"self":[{"href":"https:\/\/skaitytaknyga.lt\/en\/wp-json\/wp\/v2\/product\/6854","targetHints":{"allow":["GET"]}}],"collection":[{"href":"https:\/\/skaitytaknyga.lt\/en\/wp-json\/wp\/v2\/product"}],"about":[{"href":"https:\/\/skaitytaknyga.lt\/en\/wp-json\/wp\/v2\/types\/product"}],"replies":[{"embeddable":true,"href":"https:\/\/skaitytaknyga.lt\/en\/wp-json\/wp\/v2\/comments?post=6854"}],"wp:featuredmedia":[{"embeddable":true,"href":"https:\/\/skaitytaknyga.lt\/en\/wp-json\/wp\/v2\/media\/6864"}],"wp:attachment":[{"href":"https:\/\/skaitytaknyga.lt\/en\/wp-json\/wp\/v2\/media?parent=6854"}],"wp:term":[{"taxonomy":"product_brand","embeddable":true,"href":"https:\/\/skaitytaknyga.lt\/en\/wp-json\/wp\/v2\/product_brand?post=6854"},{"taxonomy":"product_cat","embeddable":true,"href":"https:\/\/skaitytaknyga.lt\/en\/wp-json\/wp\/v2\/product_cat?post=6854"},{"taxonomy":"product_tag","embeddable":true,"href":"https:\/\/skaitytaknyga.lt\/en\/wp-json\/wp\/v2\/product_tag?post=6854"}],"curies":[{"name":"wp","href":"https:\/\/api.w.org\/{rel}","templated":true}]}}