{"id":6842,"date":"2024-05-02T13:30:09","date_gmt":"2024-05-02T13:30:09","guid":{"rendered":"https:\/\/skaitytaknyga.lt\/?post_type=product&#038;p=6842"},"modified":"2025-06-12T08:45:24","modified_gmt":"2025-06-12T05:45:24","slug":"agne-tarvydaite-migle-ramas-ir-eziukas-ajurvedos-salyje","status":"publish","type":"product","link":"https:\/\/skaitytaknyga.lt\/en\/produktas\/agne-tarvydaite-migle-ramas-ir-eziukas-ajurvedos-salyje\/","title":{"rendered":"Migl\u0117, Ramas ir E\u017eiukas Ajurvedos \u0161alyje"},"content":{"rendered":"<p>Agn\u0117s Tarvydait\u0117s sukurta ir iliustruota knyga \u201eMigl\u0117, Ramas ir E\u017eiukas Ajurvedos \u0161alyje&#8221; &#8211; tai pasaka ir pa\u017eintinis k\u016brinys vaiku\u010diams ir j\u0173 t\u0117veliams.<\/p>\n<p>Keliaudami \u012f stebukling\u0105 Ajurvedos \u0161al\u012f, sutiksite sesutes do\u0161as ir i\u0161moksite nusistatyti savo k\u016bno tip\u0105, apsilankysite pas Ajurvedos daktar\u0105 Partap\u0105, su\u017einosite apie gydom\u0105sias \u017eoleles bei i\u0161moksite skaniausi\u0173 patiekal\u0173 recept\u0173, steb\u0117site \u017eiaur\u0173 bacil\u0173 m\u016b\u0161\u012f, i\u0161girsite sakm\u0119 apie karvut\u0119, susipa\u017einsite su jogos pratimais pas jog\u0105 Harid\u0105, g\u0117r\u0117sit\u0117s vaiku\u010di\u0173 &#8211; jogiuk\u0173 nuotraukomis, o \u017ei\u016br\u0117dami \u012f ma\u017e\u0173j\u0173 ajurvedini\u0173 masa\u017eist\u0173 fotografijas, patys i\u0161moksite daryti masa\u017eus..<\/p>\n","protected":false},"excerpt":{"rendered":"<p>Agn\u0117s Tarvydait\u0117s sukurta ir iliustruota knyga \u201eMigl\u0117, Ramas ir E\u017eiukas Ajurvedos \u0161alyje&#8221; &#8211; tai pasaka ir pa\u017eintinis k\u016brinys vaiku\u010diams ir j\u0173 t\u0117veliams.<\/p>\n<p>Keliaudami \u012f stebukling\u0105 Ajurvedos \u0161al\u012f, sutiksite sesutes do\u0161as ir i\u0161moksite nusistatyti savo k\u016bno tip\u0105, apsilankysite pas Ajurvedos daktar\u0105 Partap\u0105, su\u017einosite apie gydom\u0105sias \u017eoleles bei i\u0161moksite skaniausi\u0173 patiekal\u0173 recept\u0173, steb\u0117site \u017eiaur\u0173 bacil\u0173 m\u016b\u0161\u012f, i\u0161girsite sakm\u0119 apie karvut\u0119, susipa\u017einsite su jogos pratimais pas jog\u0105 Harid\u0105, g\u0117r\u0117sit\u0117s vaiku\u010di\u0173 &#8211; jogiuk\u0173 nuotraukomis, o \u017ei\u016br\u0117dami \u012f ma\u017e\u0173j\u0173 ajurvedini\u0173 masa\u017eist\u0173 fotografijas, patys i\u0161moksite daryti masa\u017eus..<\/p>\n","protected":false},"featured_media":6860,"comment_status":"closed","ping_status":"closed","template":"","meta":{"_acf_changed":false,"site-sidebar-layout":"default","site-content-layout":"","ast-site-content-layout":"default","site-content-style":"default","site-sidebar-style":"default","ast-global-header-display":"","ast-banner-title-visibility":"","ast-main-header-display":"","ast-hfb-above-header-display":"","ast-hfb-below-header-display":"","ast-hfb-mobile-header-display":"","site-post-title":"","ast-breadcrumbs-content":"","ast-featured-img":"","footer-sml-layout":"","ast-disable-related-posts":"","theme-transparent-header-meta":"","adv-header-id-meta":"","stick-header-meta":"","header-above-stick-meta":"","header-main-stick-meta":"","header-below-stick-meta":"","astra-migrate-meta-layouts":"default","ast-page-background-enabled":"default","ast-page-background-meta":{"desktop":{"background-color":"","background-image":"","background-repeat":"repeat","background-position":"center center","background-size":"auto","background-attachment":"scroll","background-type":"","background-media":"","overlay-type":"","overlay-color":"","overlay-opacity":"","overlay-gradient":""},"tablet":{"background-color":"","background-image":"","background-repeat":"repeat","background-position":"center center","background-size":"auto","background-attachment":"scroll","background-type":"","background-media":"","overlay-type":"","overlay-color":"","overlay-opacity":"","overlay-gradient":""},"mobile":{"background-color":"","background-image":"","background-repeat":"repeat","background-position":"center center","background-size":"auto","background-attachment":"scroll","background-type":"","background-media":"","overlay-type":"","overlay-color":"","overlay-opacity":"","overlay-gradient":""}},"ast-content-background-meta":{"desktop":{"background-color":"var(--ast-global-color-4)","background-image":"","background-repeat":"repeat","background-position":"center center","background-size":"auto","background-attachment":"scroll","background-type":"","background-media":"","overlay-type":"","overlay-color":"","overlay-opacity":"","overlay-gradient":""},"tablet":{"background-color":"var(--ast-global-color-4)","background-image":"","background-repeat":"repeat","background-position":"center center","background-size":"auto","background-attachment":"scroll","background-type":"","background-media":"","overlay-type":"","overlay-color":"","overlay-opacity":"","overlay-gradient":""},"mobile":{"background-color":"var(--ast-global-color-4)","background-image":"","background-repeat":"repeat","background-position":"center center","background-size":"auto","background-attachment":"scroll","background-type":"","background-media":"","overlay-type":"","overlay-color":"","overlay-opacity":"","overlay-gradient":""}}},"product_brand":[],"product_cat":[165,35],"product_tag":[],"class_list":{"0":"post-6842","1":"product","2":"type-product","3":"status-publish","4":"has-post-thumbnail","6":"product_cat-religija-filosofija-ir-ezoterika","7":"product_cat-vaikams-ir-paaugliams","8":"desktop-align-left","9":"tablet-align-left","10":"mobile-align-left","12":"first","13":"instock","14":"shipping-taxable","15":"purchasable","16":"product-type-simple"},"acf":[],"yoast_head":"<!-- This site is optimized with the Yoast SEO plugin v27.0 - https:\/\/yoast.com\/product\/yoast-seo-wordpress\/ -->\n<title>Migl\u0117, Ramas ir E\u017eiukas Ajurvedos \u0161alyje<\/title>\n<meta name=\"description\" content=\"Agn\u0117s Tarvydait\u0117s sukurta ir iliustruota knyga \u201eMigl\u0117, Ramas ir E\u017eiukas Ajurvedos \u0161alyje&quot; - tai pasaka ir pa\u017eintinis k\u016brinys vaiku\u010diams ir j\u0173 t\u0117veliams.  Keliaudami \u012f stebukling\u0105 Ajurvedos \u0161al\u012f, sutiksite sesutes do\u0161as ir i\u0161moksite nusistatyti savo k\u016bno tip\u0105, apsilankysite pas Ajurvedos daktar\u0105 Partap\u0105, su\u017einosite apie gydom\u0105sias \u017eoleles bei i\u0161moksite skaniausi\u0173 patiekal\u0173 recept\u0173, steb\u0117site \u017eiaur\u0173 bacil\u0173 m\u016b\u0161\u012f, i\u0161girsite sakm\u0119 apie karvut\u0119, susipa\u017einsite su jogos pratimais pas jog\u0105 Harid\u0105, g\u0117r\u0117sit\u0117s vaiku\u010di\u0173 - jogiuk\u0173 nuotraukomis, o \u017ei\u016br\u0117dami \u012f ma\u017e\u0173j\u0173 ajurvedini\u0173 masa\u017eist\u0173 fotografijas, patys i\u0161moksite daryti masa\u017eus..\" \/>\n<meta name=\"robots\" content=\"index, follow, max-snippet:-1, max-image-preview:large, max-video-preview:-1\" \/>\n<link rel=\"canonical\" href=\"https:\/\/skaitytaknyga.lt\/en\/produktas\/agne-tarvydaite-migle-ramas-ir-eziukas-ajurvedos-salyje\/\" \/>\n<meta property=\"og:locale\" content=\"en_GB\" \/>\n<meta property=\"og:locale:alternate\" content=\"lt_LT\" \/>\n<meta property=\"og:type\" content=\"article\" \/>\n<meta property=\"og:title\" content=\"Migl\u0117, Ramas ir E\u017eiukas Ajurvedos \u0161alyje\" \/>\n<meta property=\"og:description\" content=\"Agn\u0117s Tarvydait\u0117s sukurta ir iliustruota knyga \u201eMigl\u0117, Ramas ir E\u017eiukas Ajurvedos \u0161alyje&quot; - tai pasaka ir pa\u017eintinis k\u016brinys vaiku\u010diams ir j\u0173 t\u0117veliams.  Keliaudami \u012f stebukling\u0105 Ajurvedos \u0161al\u012f, sutiksite sesutes do\u0161as ir i\u0161moksite nusistatyti savo k\u016bno tip\u0105, apsilankysite pas Ajurvedos daktar\u0105 Partap\u0105, su\u017einosite apie gydom\u0105sias \u017eoleles bei i\u0161moksite skaniausi\u0173 patiekal\u0173 recept\u0173, steb\u0117site \u017eiaur\u0173 bacil\u0173 m\u016b\u0161\u012f, i\u0161girsite sakm\u0119 apie karvut\u0119, susipa\u017einsite su jogos pratimais pas jog\u0105 Harid\u0105, g\u0117r\u0117sit\u0117s vaiku\u010di\u0173 - jogiuk\u0173 nuotraukomis, o \u017ei\u016br\u0117dami \u012f ma\u017e\u0173j\u0173 ajurvedini\u0173 masa\u017eist\u0173 fotografijas, patys i\u0161moksite daryti masa\u017eus..\" \/>\n<meta property=\"og:url\" content=\"https:\/\/skaitytaknyga.lt\/en\/produktas\/agne-tarvydaite-migle-ramas-ir-eziukas-ajurvedos-salyje\/\" \/>\n<meta property=\"og:site_name\" content=\"Skaitytaknyga\" \/>\n<meta property=\"article:publisher\" content=\"https:\/\/www.facebook.com\/skaitytaknyga\/\" \/>\n<meta property=\"article:modified_time\" content=\"2025-06-12T05:45:24+00:00\" \/>\n<meta property=\"og:image\" content=\"https:\/\/skaitytaknyga.lt\/wp-content\/uploads\/2024\/05\/1462874843_ajurvedossalyje.jpg\" \/>\n\t<meta property=\"og:image:width\" content=\"320\" \/>\n\t<meta property=\"og:image:height\" content=\"328\" \/>\n\t<meta property=\"og:image:type\" content=\"image\/jpeg\" \/>\n<meta name=\"twitter:card\" content=\"summary_large_image\" \/>\n<meta name=\"twitter:label1\" content=\"Estimated reading time\" \/>\n\t<meta name=\"twitter:data1\" content=\"1 minute\" \/>\n<script type=\"application\/ld+json\" class=\"yoast-schema-graph\">{\"@context\":\"https:\/\/schema.org\",\"@graph\":[{\"@type\":\"WebPage\",\"@id\":\"https:\/\/skaitytaknyga.lt\/produktas\/agne-tarvydaite-migle-ramas-ir-eziukas-ajurvedos-salyje\/\",\"url\":\"https:\/\/skaitytaknyga.lt\/produktas\/agne-tarvydaite-migle-ramas-ir-eziukas-ajurvedos-salyje\/\",\"name\":\"Migl\u0117, Ramas ir E\u017eiukas Ajurvedos \u0161alyje\",\"isPartOf\":{\"@id\":\"https:\/\/skaitytaknyga.lt\/#website\"},\"primaryImageOfPage\":{\"@id\":\"https:\/\/skaitytaknyga.lt\/produktas\/agne-tarvydaite-migle-ramas-ir-eziukas-ajurvedos-salyje\/#primaryimage\"},\"image\":{\"@id\":\"https:\/\/skaitytaknyga.lt\/produktas\/agne-tarvydaite-migle-ramas-ir-eziukas-ajurvedos-salyje\/#primaryimage\"},\"thumbnailUrl\":\"https:\/\/skaitytaknyga.lt\/wp-content\/uploads\/2024\/05\/1462874843_ajurvedossalyje.jpg\",\"datePublished\":\"2024-05-02T13:30:09+00:00\",\"dateModified\":\"2025-06-12T05:45:24+00:00\",\"description\":\"Agn\u0117s Tarvydait\u0117s sukurta ir iliustruota knyga \u201eMigl\u0117, Ramas ir E\u017eiukas Ajurvedos \u0161alyje\\\" - tai pasaka ir pa\u017eintinis k\u016brinys vaiku\u010diams ir j\u0173 t\u0117veliams. Keliaudami \u012f stebukling\u0105 Ajurvedos \u0161al\u012f, sutiksite sesutes do\u0161as ir i\u0161moksite nusistatyti savo k\u016bno tip\u0105, apsilankysite pas Ajurvedos daktar\u0105 Partap\u0105, su\u017einosite apie gydom\u0105sias \u017eoleles bei i\u0161moksite skaniausi\u0173 patiekal\u0173 recept\u0173, steb\u0117site \u017eiaur\u0173 bacil\u0173 m\u016b\u0161\u012f, i\u0161girsite sakm\u0119 apie karvut\u0119, susipa\u017einsite su jogos pratimais pas jog\u0105 Harid\u0105, g\u0117r\u0117sit\u0117s vaiku\u010di\u0173 - jogiuk\u0173 nuotraukomis, o \u017ei\u016br\u0117dami \u012f ma\u017e\u0173j\u0173 ajurvedini\u0173 masa\u017eist\u0173 fotografijas, patys i\u0161moksite daryti masa\u017eus..\",\"breadcrumb\":{\"@id\":\"https:\/\/skaitytaknyga.lt\/produktas\/agne-tarvydaite-migle-ramas-ir-eziukas-ajurvedos-salyje\/#breadcrumb\"},\"inLanguage\":\"en-GB\",\"potentialAction\":[{\"@type\":\"ReadAction\",\"target\":[\"https:\/\/skaitytaknyga.lt\/produktas\/agne-tarvydaite-migle-ramas-ir-eziukas-ajurvedos-salyje\/\"]}]},{\"@type\":\"ImageObject\",\"inLanguage\":\"en-GB\",\"@id\":\"https:\/\/skaitytaknyga.lt\/produktas\/agne-tarvydaite-migle-ramas-ir-eziukas-ajurvedos-salyje\/#primaryimage\",\"url\":\"https:\/\/skaitytaknyga.lt\/wp-content\/uploads\/2024\/05\/1462874843_ajurvedossalyje.jpg\",\"contentUrl\":\"https:\/\/skaitytaknyga.lt\/wp-content\/uploads\/2024\/05\/1462874843_ajurvedossalyje.jpg\",\"width\":320,\"height\":328},{\"@type\":\"BreadcrumbList\",\"@id\":\"https:\/\/skaitytaknyga.lt\/produktas\/agne-tarvydaite-migle-ramas-ir-eziukas-ajurvedos-salyje\/#breadcrumb\",\"itemListElement\":[{\"@type\":\"ListItem\",\"position\":1,\"name\":\"Home\",\"item\":\"https:\/\/skaitytaknyga.lt\/\"},{\"@type\":\"ListItem\",\"position\":2,\"name\":\"Parduotuv\u0117\",\"item\":\"https:\/\/skaitytaknyga.lt\/knygu-parduotuve\/\"},{\"@type\":\"ListItem\",\"position\":3,\"name\":\"Migl\u0117, Ramas ir E\u017eiukas Ajurvedos \u0161alyje\"}]},{\"@type\":\"WebSite\",\"@id\":\"https:\/\/skaitytaknyga.lt\/#website\",\"url\":\"https:\/\/skaitytaknyga.lt\/\",\"name\":\"skaitytaknyga.lt\",\"description\":\"Skaitytaknyga.lt \u2013 tai ma\u017eas \u0161eimos verslas, kuris prasid\u0117jo nuo meil\u0117s knygoms ir siekio i\u0161gelb\u0117ti knygas nuo likimo prie konteinerio. Kas vienam nereikalingas daiktas \u2013 kitam lobis, o mes esame tarpininkai, kurie padeda abiems tapti laimingesniems ???? \u017dinome kaip nelengva i\u0161gyventi ma\u017eiems verslams, tad nuo \u0161iol, \u010dia rasite ir kit\u0173, ma\u017e\u0173 \u0161eim\u0173 versl\u0173, rank\u0173 darbo, dovan\u0173 sau ir artimiesiems.\",\"publisher\":{\"@id\":\"https:\/\/skaitytaknyga.lt\/#organization\"},\"potentialAction\":[{\"@type\":\"SearchAction\",\"target\":{\"@type\":\"EntryPoint\",\"urlTemplate\":\"https:\/\/skaitytaknyga.lt\/?s={search_term_string}\"},\"query-input\":{\"@type\":\"PropertyValueSpecification\",\"valueRequired\":true,\"valueName\":\"search_term_string\"}}],\"inLanguage\":\"en-GB\"},{\"@type\":\"Organization\",\"@id\":\"https:\/\/skaitytaknyga.lt\/#organization\",\"name\":\"skaitytaknyga.lt\",\"url\":\"https:\/\/skaitytaknyga.lt\/\",\"logo\":{\"@type\":\"ImageObject\",\"inLanguage\":\"en-GB\",\"@id\":\"https:\/\/skaitytaknyga.lt\/#\/schema\/logo\/image\/\",\"url\":\"https:\/\/skaitytaknyga.lt\/wp-content\/uploads\/2024\/05\/cropped-cropped-cropped-02_00843_jt3bggkj1j3HLc7SyY6rEUpg.jpeg\",\"contentUrl\":\"https:\/\/skaitytaknyga.lt\/wp-content\/uploads\/2024\/05\/cropped-cropped-cropped-02_00843_jt3bggkj1j3HLc7SyY6rEUpg.jpeg\",\"width\":1600,\"height\":1600,\"caption\":\"skaitytaknyga.lt\"},\"image\":{\"@id\":\"https:\/\/skaitytaknyga.lt\/#\/schema\/logo\/image\/\"},\"sameAs\":[\"https:\/\/www.facebook.com\/skaitytaknyga\/\"]}]}<\/script>\n<!-- \/ Yoast SEO plugin. -->","yoast_head_json":{"title":"Migl\u0117, Ramas ir E\u017eiukas Ajurvedos \u0161alyje","description":"Agn\u0117s Tarvydait\u0117s sukurta ir iliustruota knyga \u201eMigl\u0117, Ramas ir E\u017eiukas Ajurvedos \u0161alyje\" - tai pasaka ir pa\u017eintinis k\u016brinys vaiku\u010diams ir j\u0173 t\u0117veliams.  Keliaudami \u012f stebukling\u0105 Ajurvedos \u0161al\u012f, sutiksite sesutes do\u0161as ir i\u0161moksite nusistatyti savo k\u016bno tip\u0105, apsilankysite pas Ajurvedos daktar\u0105 Partap\u0105, su\u017einosite apie gydom\u0105sias \u017eoleles bei i\u0161moksite skaniausi\u0173 patiekal\u0173 recept\u0173, steb\u0117site \u017eiaur\u0173 bacil\u0173 m\u016b\u0161\u012f, i\u0161girsite sakm\u0119 apie karvut\u0119, susipa\u017einsite su jogos pratimais pas jog\u0105 Harid\u0105, g\u0117r\u0117sit\u0117s vaiku\u010di\u0173 - jogiuk\u0173 nuotraukomis, o \u017ei\u016br\u0117dami \u012f ma\u017e\u0173j\u0173 ajurvedini\u0173 masa\u017eist\u0173 fotografijas, patys i\u0161moksite daryti masa\u017eus..","robots":{"index":"index","follow":"follow","max-snippet":"max-snippet:-1","max-image-preview":"max-image-preview:large","max-video-preview":"max-video-preview:-1"},"canonical":"https:\/\/skaitytaknyga.lt\/en\/produktas\/agne-tarvydaite-migle-ramas-ir-eziukas-ajurvedos-salyje\/","og_locale":"en_GB","og_type":"article","og_title":"[:lt]Migl\u0117, Ramas ir E\u017eiukas Ajurvedos \u0161alyje[:] - Skaitytaknyga","og_description":"Agn\u0117s Tarvydait\u0117s sukurta ir iliustruota knyga \u201eMigl\u0117, Ramas ir E\u017eiukas Ajurvedos \u0161alyje\" - tai pasaka ir pa\u017eintinis k\u016brinys vaiku\u010diams ir j\u0173 t\u0117veliams.  Keliaudami \u012f stebukling\u0105 Ajurvedos \u0161al\u012f, sutiksite sesutes do\u0161as ir i\u0161moksite nusistatyti savo k\u016bno tip\u0105, apsilankysite pas Ajurvedos daktar\u0105 Partap\u0105, su\u017einosite apie gydom\u0105sias \u017eoleles bei i\u0161moksite skaniausi\u0173 patiekal\u0173 recept\u0173, steb\u0117site \u017eiaur\u0173 bacil\u0173 m\u016b\u0161\u012f, i\u0161girsite sakm\u0119 apie karvut\u0119, susipa\u017einsite su jogos pratimais pas jog\u0105 Harid\u0105, g\u0117r\u0117sit\u0117s vaiku\u010di\u0173 - jogiuk\u0173 nuotraukomis, o \u017ei\u016br\u0117dami \u012f ma\u017e\u0173j\u0173 ajurvedini\u0173 masa\u017eist\u0173 fotografijas, patys i\u0161moksite daryti masa\u017eus..","og_url":"https:\/\/skaitytaknyga.lt\/en\/produktas\/agne-tarvydaite-migle-ramas-ir-eziukas-ajurvedos-salyje\/","og_site_name":"Skaitytaknyga","article_publisher":"https:\/\/www.facebook.com\/skaitytaknyga\/","article_modified_time":"2025-06-12T05:45:24+00:00","og_image":[{"width":320,"height":328,"url":"https:\/\/skaitytaknyga.lt\/wp-content\/uploads\/2024\/05\/1462874843_ajurvedossalyje.jpg","type":"image\/jpeg"}],"twitter_card":"summary_large_image","twitter_misc":{"Estimated reading time":"1 minute"},"schema":{"@context":"https:\/\/schema.org","@graph":[{"@type":"WebPage","@id":"https:\/\/skaitytaknyga.lt\/produktas\/agne-tarvydaite-migle-ramas-ir-eziukas-ajurvedos-salyje\/","url":"https:\/\/skaitytaknyga.lt\/produktas\/agne-tarvydaite-migle-ramas-ir-eziukas-ajurvedos-salyje\/","name":"Migl\u0117, Ramas ir E\u017eiukas Ajurvedos \u0161alyje","isPartOf":{"@id":"https:\/\/skaitytaknyga.lt\/#website"},"primaryImageOfPage":{"@id":"https:\/\/skaitytaknyga.lt\/produktas\/agne-tarvydaite-migle-ramas-ir-eziukas-ajurvedos-salyje\/#primaryimage"},"image":{"@id":"https:\/\/skaitytaknyga.lt\/produktas\/agne-tarvydaite-migle-ramas-ir-eziukas-ajurvedos-salyje\/#primaryimage"},"thumbnailUrl":"https:\/\/skaitytaknyga.lt\/wp-content\/uploads\/2024\/05\/1462874843_ajurvedossalyje.jpg","datePublished":"2024-05-02T13:30:09+00:00","dateModified":"2025-06-12T05:45:24+00:00","description":"Agn\u0117s Tarvydait\u0117s sukurta ir iliustruota knyga \u201eMigl\u0117, Ramas ir E\u017eiukas Ajurvedos \u0161alyje\" - tai pasaka ir pa\u017eintinis k\u016brinys vaiku\u010diams ir j\u0173 t\u0117veliams. Keliaudami \u012f stebukling\u0105 Ajurvedos \u0161al\u012f, sutiksite sesutes do\u0161as ir i\u0161moksite nusistatyti savo k\u016bno tip\u0105, apsilankysite pas Ajurvedos daktar\u0105 Partap\u0105, su\u017einosite apie gydom\u0105sias \u017eoleles bei i\u0161moksite skaniausi\u0173 patiekal\u0173 recept\u0173, steb\u0117site \u017eiaur\u0173 bacil\u0173 m\u016b\u0161\u012f, i\u0161girsite sakm\u0119 apie karvut\u0119, susipa\u017einsite su jogos pratimais pas jog\u0105 Harid\u0105, g\u0117r\u0117sit\u0117s vaiku\u010di\u0173 - jogiuk\u0173 nuotraukomis, o \u017ei\u016br\u0117dami \u012f ma\u017e\u0173j\u0173 ajurvedini\u0173 masa\u017eist\u0173 fotografijas, patys i\u0161moksite daryti masa\u017eus..","breadcrumb":{"@id":"https:\/\/skaitytaknyga.lt\/produktas\/agne-tarvydaite-migle-ramas-ir-eziukas-ajurvedos-salyje\/#breadcrumb"},"inLanguage":"en-GB","potentialAction":[{"@type":"ReadAction","target":["https:\/\/skaitytaknyga.lt\/produktas\/agne-tarvydaite-migle-ramas-ir-eziukas-ajurvedos-salyje\/"]}]},{"@type":"ImageObject","inLanguage":"en-GB","@id":"https:\/\/skaitytaknyga.lt\/produktas\/agne-tarvydaite-migle-ramas-ir-eziukas-ajurvedos-salyje\/#primaryimage","url":"https:\/\/skaitytaknyga.lt\/wp-content\/uploads\/2024\/05\/1462874843_ajurvedossalyje.jpg","contentUrl":"https:\/\/skaitytaknyga.lt\/wp-content\/uploads\/2024\/05\/1462874843_ajurvedossalyje.jpg","width":320,"height":328},{"@type":"BreadcrumbList","@id":"https:\/\/skaitytaknyga.lt\/produktas\/agne-tarvydaite-migle-ramas-ir-eziukas-ajurvedos-salyje\/#breadcrumb","itemListElement":[{"@type":"ListItem","position":1,"name":"Home","item":"https:\/\/skaitytaknyga.lt\/"},{"@type":"ListItem","position":2,"name":"Parduotuv\u0117","item":"https:\/\/skaitytaknyga.lt\/knygu-parduotuve\/"},{"@type":"ListItem","position":3,"name":"Migl\u0117, Ramas ir E\u017eiukas Ajurvedos \u0161alyje"}]},{"@type":"WebSite","@id":"https:\/\/skaitytaknyga.lt\/#website","url":"https:\/\/skaitytaknyga.lt\/","name":"skaitytaknyga.lt","description":"Skaitytaknyga.lt \u2013 tai ma\u017eas \u0161eimos verslas, kuris prasid\u0117jo nuo meil\u0117s knygoms ir siekio i\u0161gelb\u0117ti knygas nuo likimo prie konteinerio. Kas vienam nereikalingas daiktas \u2013 kitam lobis, o mes esame tarpininkai, kurie padeda abiems tapti laimingesniems ???? \u017dinome kaip nelengva i\u0161gyventi ma\u017eiems verslams, tad nuo \u0161iol, \u010dia rasite ir kit\u0173, ma\u017e\u0173 \u0161eim\u0173 versl\u0173, rank\u0173 darbo, dovan\u0173 sau ir artimiesiems.","publisher":{"@id":"https:\/\/skaitytaknyga.lt\/#organization"},"potentialAction":[{"@type":"SearchAction","target":{"@type":"EntryPoint","urlTemplate":"https:\/\/skaitytaknyga.lt\/?s={search_term_string}"},"query-input":{"@type":"PropertyValueSpecification","valueRequired":true,"valueName":"search_term_string"}}],"inLanguage":"en-GB"},{"@type":"Organization","@id":"https:\/\/skaitytaknyga.lt\/#organization","name":"skaitytaknyga.lt","url":"https:\/\/skaitytaknyga.lt\/","logo":{"@type":"ImageObject","inLanguage":"en-GB","@id":"https:\/\/skaitytaknyga.lt\/#\/schema\/logo\/image\/","url":"https:\/\/skaitytaknyga.lt\/wp-content\/uploads\/2024\/05\/cropped-cropped-cropped-02_00843_jt3bggkj1j3HLc7SyY6rEUpg.jpeg","contentUrl":"https:\/\/skaitytaknyga.lt\/wp-content\/uploads\/2024\/05\/cropped-cropped-cropped-02_00843_jt3bggkj1j3HLc7SyY6rEUpg.jpeg","width":1600,"height":1600,"caption":"skaitytaknyga.lt"},"image":{"@id":"https:\/\/skaitytaknyga.lt\/#\/schema\/logo\/image\/"},"sameAs":["https:\/\/www.facebook.com\/skaitytaknyga\/"]}]}},"_links":{"self":[{"href":"https:\/\/skaitytaknyga.lt\/en\/wp-json\/wp\/v2\/product\/6842","targetHints":{"allow":["GET"]}}],"collection":[{"href":"https:\/\/skaitytaknyga.lt\/en\/wp-json\/wp\/v2\/product"}],"about":[{"href":"https:\/\/skaitytaknyga.lt\/en\/wp-json\/wp\/v2\/types\/product"}],"replies":[{"embeddable":true,"href":"https:\/\/skaitytaknyga.lt\/en\/wp-json\/wp\/v2\/comments?post=6842"}],"wp:featuredmedia":[{"embeddable":true,"href":"https:\/\/skaitytaknyga.lt\/en\/wp-json\/wp\/v2\/media\/6860"}],"wp:attachment":[{"href":"https:\/\/skaitytaknyga.lt\/en\/wp-json\/wp\/v2\/media?parent=6842"}],"wp:term":[{"taxonomy":"product_brand","embeddable":true,"href":"https:\/\/skaitytaknyga.lt\/en\/wp-json\/wp\/v2\/product_brand?post=6842"},{"taxonomy":"product_cat","embeddable":true,"href":"https:\/\/skaitytaknyga.lt\/en\/wp-json\/wp\/v2\/product_cat?post=6842"},{"taxonomy":"product_tag","embeddable":true,"href":"https:\/\/skaitytaknyga.lt\/en\/wp-json\/wp\/v2\/product_tag?post=6842"}],"curies":[{"name":"wp","href":"https:\/\/api.w.org\/{rel}","templated":true}]}}