{"id":6841,"date":"2024-05-02T13:30:09","date_gmt":"2024-05-02T13:30:09","guid":{"rendered":"https:\/\/skaitytaknyga.lt\/?post_type=product&#038;p=6841"},"modified":"2024-06-28T22:04:04","modified_gmt":"2024-06-28T19:04:04","slug":"jean-piaget-vaiko-kalba-ir-mastymas","status":"publish","type":"product","link":"https:\/\/skaitytaknyga.lt\/en\/produktas\/jean-piaget-vaiko-kalba-ir-mastymas\/","title":{"rendered":"Jean Piaget \u201eVaiko kalba ir m\u0105stymas\u201c"},"content":{"rendered":"","protected":false},"excerpt":{"rendered":"<p>Vaikas turi savo individual\u0173 pasaul\u012f, kuriam neu\u017etenka \u017eini\u0173, informacijos, patirties, gaunamos i\u0161 kit\u0173 \u017emoni\u0173. J. Piaget tyrimai akivazd\u016bs &#8211; vaikas pats atranda, su\u017eino steb\u0117damas, fantazuodamas, eksperimentuodamas, tirdamas, bandydamas, kurdamas, &#8211; jis \u201ekonstruoja&#8221; save. Suaugusio vaidmuo d\u0117l \u0161ios prie\u017easties anaiptol netur\u0117t\u0173 suma\u017e\u0117ti, tik \u012fgyti kit\u0105 pob\u016bd\u012f. Anot J. Piaget, svarbiausias ugdymo tikslas &#8211; parengti vaik\u0105 k\u016brybingam darbui, taigi ir k\u016brybingam gyvenimui.<br \/>\nI\u0161 pratarm\u0117s<br \/>\n\u0160i knyga t\u0119sia Atviros Lietuvos fondo Egmonto projekto \u201eIkimokyklinio ugdymo sistemos demokratizavimas&#8221; leidybos program\u0105.<br \/>\nI\u0161 pranc\u016bz\u0173 kalbos vert\u0117 Au\u0161ra Grigaravi\u010di\u016bt\u0117<\/p>\n<p>Jean Piaget (1896-1980), i\u0161kilaus XX a. \u0161veicar\u0173 filosofo, psichologo darbai \u2014 pripa\u017einta pasaulyje klasika: \u201eIntelekto psichologija&#8221; (1947), \u201e\u012evadas \u012f genetin\u0119 epistemologij\u0105&#8221; (1949), \u201ePsichologija ir pedagogika &#8221; (1969), \u201e Genetin\u0117 epistemologij\u0105&#8221; (1970). Savo originaliuose veikaluose J. Piaget tyr\u0117 fundamentaliausius \u017emogaus kalbos, m\u0105stymo, moral\u0117s klausimus, ie\u0161kojo d\u0117sningum\u0173 ir klojo pamatus kit\u0173 mokslinink\u0173 tyrimams.<br \/>\nJ. Piaget atv\u0117r\u0117 pla\u010dius horizontus vaikyst\u0117s sampratos pl\u0117trai Europoje ir pasaulyje, tyrin\u0117damas vaiko m\u0105stym\u0105 ir nustat\u0119s raidos stadijas bei patvirtin\u0119s savo hipotez\u0119, kad vaiko ir suaugusiojo m\u0105stymas &#8211; skirtingas.<\/p>\n","protected":false},"featured_media":12360,"comment_status":"closed","ping_status":"closed","template":"","meta":{"_acf_changed":false,"site-sidebar-layout":"default","site-content-layout":"","ast-site-content-layout":"default","site-content-style":"default","site-sidebar-style":"default","ast-global-header-display":"","ast-banner-title-visibility":"","ast-main-header-display":"","ast-hfb-above-header-display":"","ast-hfb-below-header-display":"","ast-hfb-mobile-header-display":"","site-post-title":"","ast-breadcrumbs-content":"","ast-featured-img":"","footer-sml-layout":"","ast-disable-related-posts":"","theme-transparent-header-meta":"default","adv-header-id-meta":"","stick-header-meta":"","header-above-stick-meta":"","header-main-stick-meta":"","header-below-stick-meta":"","astra-migrate-meta-layouts":"set","ast-page-background-enabled":"default","ast-page-background-meta":{"desktop":{"background-color":"","background-image":"","background-repeat":"repeat","background-position":"center center","background-size":"auto","background-attachment":"scroll","background-type":"","background-media":"","overlay-type":"","overlay-color":"","overlay-opacity":"","overlay-gradient":""},"tablet":{"background-color":"","background-image":"","background-repeat":"repeat","background-position":"center center","background-size":"auto","background-attachment":"scroll","background-type":"","background-media":"","overlay-type":"","overlay-color":"","overlay-opacity":"","overlay-gradient":""},"mobile":{"background-color":"","background-image":"","background-repeat":"repeat","background-position":"center center","background-size":"auto","background-attachment":"scroll","background-type":"","background-media":"","overlay-type":"","overlay-color":"","overlay-opacity":"","overlay-gradient":""}},"ast-content-background-meta":{"desktop":{"background-color":"var(--ast-global-color-4)","background-image":"","background-repeat":"repeat","background-position":"center center","background-size":"auto","background-attachment":"scroll","background-type":"","background-media":"","overlay-type":"","overlay-color":"","overlay-opacity":"","overlay-gradient":""},"tablet":{"background-color":"var(--ast-global-color-4)","background-image":"","background-repeat":"repeat","background-position":"center center","background-size":"auto","background-attachment":"scroll","background-type":"","background-media":"","overlay-type":"","overlay-color":"","overlay-opacity":"","overlay-gradient":""},"mobile":{"background-color":"var(--ast-global-color-4)","background-image":"","background-repeat":"repeat","background-position":"center center","background-size":"auto","background-attachment":"scroll","background-type":"","background-media":"","overlay-type":"","overlay-color":"","overlay-opacity":"","overlay-gradient":""}}},"product_brand":[],"product_cat":[392,390,37],"product_tag":[],"class_list":{"0":"post-6841","1":"product","2":"type-product","3":"status-publish","4":"has-post-thumbnail","6":"product_cat-edukologija","7":"product_cat-kalba-kalbotyra-zodynai","8":"product_cat-nestumas-ir-vaiku-prieziura-bei-auklejimas","9":"desktop-align-left","10":"tablet-align-left","11":"mobile-align-left","13":"first","14":"outofstock","15":"shipping-taxable","16":"purchasable","17":"product-type-simple"},"acf":[],"yoast_head":"<!-- This site is optimized with the Yoast SEO plugin v27.0 - https:\/\/yoast.com\/product\/yoast-seo-wordpress\/ -->\n<title>Jean Piaget \u201eVaiko kalba ir m\u0105stymas\u201c<\/title>\n<meta name=\"description\" content=\"Vaikas turi savo individual\u0173 pasaul\u012f, kuriam neu\u017etenka \u017eini\u0173, informacijos, patirties, gaunamos i\u0161 kit\u0173 \u017emoni\u0173. J. Piaget tyrimai akivazd\u016bs - vaikas pats atranda, su\u017eino steb\u0117damas, fantazuodamas, eksperimentuodamas, tirdamas, bandydamas, kurdamas, - jis \u201ekonstruoja&quot; save. Suaugusio vaidmuo d\u0117l \u0161ios prie\u017easties anaiptol netur\u0117t\u0173 suma\u017e\u0117ti, tik \u012fgyti kit\u0105 pob\u016bd\u012f. Anot J. Piaget, svarbiausias ugdymo tikslas - parengti vaik\u0105 k\u016brybingam darbui, taigi ir k\u016brybingam gyvenimui. I\u0161 pratarm\u0117s \u0160i knyga t\u0119sia Atviros Lietuvos fondo Egmonto projekto \u201eIkimokyklinio ugdymo sistemos demokratizavimas&quot; leidybos program\u0105. I\u0161 pranc\u016bz\u0173 kalbos vert\u0117 Au\u0161ra Grigaravi\u010di\u016bt\u0117  Jean Piaget (1896-1980), i\u0161kilaus XX a. \u0161veicar\u0173 filosofo, psichologo darbai \u2014 pripa\u017einta pasaulyje klasika: \u201eIntelekto psichologija&quot; (1947), \u201e\u012evadas \u012f genetin\u0119 epistemologij\u0105&quot; (1949), \u201ePsichologija ir pedagogika &quot; (1969), \u201e Genetin\u0117 epistemologij\u0105&quot; (1970). Savo originaliuose veikaluose J. Piaget tyr\u0117 fundamentaliausius \u017emogaus kalbos, m\u0105stymo, moral\u0117s klausimus, ie\u0161kojo d\u0117sningum\u0173 ir klojo pamatus kit\u0173 mokslinink\u0173 tyrimams. J. Piaget atv\u0117r\u0117 pla\u010dius horizontus vaikyst\u0117s sampratos pl\u0117trai Europoje ir pasaulyje, tyrin\u0117damas vaiko m\u0105stym\u0105 ir nustat\u0119s raidos stadijas bei patvirtin\u0119s savo hipotez\u0119, kad vaiko ir suaugusiojo m\u0105stymas - skirtingas.\" \/>\n<meta name=\"robots\" content=\"index, follow, max-snippet:-1, max-image-preview:large, max-video-preview:-1\" \/>\n<link rel=\"canonical\" href=\"https:\/\/skaitytaknyga.lt\/en\/produktas\/jean-piaget-vaiko-kalba-ir-mastymas\/\" \/>\n<meta property=\"og:locale\" content=\"en_GB\" \/>\n<meta property=\"og:locale:alternate\" content=\"lt_LT\" \/>\n<meta property=\"og:type\" content=\"article\" \/>\n<meta property=\"og:title\" content=\"Jean Piaget \u201eVaiko kalba ir m\u0105stymas\u201c\" \/>\n<meta property=\"og:description\" content=\"Vaikas turi savo individual\u0173 pasaul\u012f, kuriam neu\u017etenka \u017eini\u0173, informacijos, patirties, gaunamos i\u0161 kit\u0173 \u017emoni\u0173. J. Piaget tyrimai akivazd\u016bs - vaikas pats atranda, su\u017eino steb\u0117damas, fantazuodamas, eksperimentuodamas, tirdamas, bandydamas, kurdamas, - jis \u201ekonstruoja&quot; save. Suaugusio vaidmuo d\u0117l \u0161ios prie\u017easties anaiptol netur\u0117t\u0173 suma\u017e\u0117ti, tik \u012fgyti kit\u0105 pob\u016bd\u012f. Anot J. Piaget, svarbiausias ugdymo tikslas - parengti vaik\u0105 k\u016brybingam darbui, taigi ir k\u016brybingam gyvenimui. I\u0161 pratarm\u0117s \u0160i knyga t\u0119sia Atviros Lietuvos fondo Egmonto projekto \u201eIkimokyklinio ugdymo sistemos demokratizavimas&quot; leidybos program\u0105. I\u0161 pranc\u016bz\u0173 kalbos vert\u0117 Au\u0161ra Grigaravi\u010di\u016bt\u0117  Jean Piaget (1896-1980), i\u0161kilaus XX a. \u0161veicar\u0173 filosofo, psichologo darbai \u2014 pripa\u017einta pasaulyje klasika: \u201eIntelekto psichologija&quot; (1947), \u201e\u012evadas \u012f genetin\u0119 epistemologij\u0105&quot; (1949), \u201ePsichologija ir pedagogika &quot; (1969), \u201e Genetin\u0117 epistemologij\u0105&quot; (1970). Savo originaliuose veikaluose J. Piaget tyr\u0117 fundamentaliausius \u017emogaus kalbos, m\u0105stymo, moral\u0117s klausimus, ie\u0161kojo d\u0117sningum\u0173 ir klojo pamatus kit\u0173 mokslinink\u0173 tyrimams. J. Piaget atv\u0117r\u0117 pla\u010dius horizontus vaikyst\u0117s sampratos pl\u0117trai Europoje ir pasaulyje, tyrin\u0117damas vaiko m\u0105stym\u0105 ir nustat\u0119s raidos stadijas bei patvirtin\u0119s savo hipotez\u0119, kad vaiko ir suaugusiojo m\u0105stymas - skirtingas.\" \/>\n<meta property=\"og:url\" content=\"https:\/\/skaitytaknyga.lt\/en\/produktas\/jean-piaget-vaiko-kalba-ir-mastymas\/\" \/>\n<meta property=\"og:site_name\" content=\"Skaitytaknyga\" \/>\n<meta property=\"article:publisher\" content=\"https:\/\/www.facebook.com\/skaitytaknyga\/\" \/>\n<meta property=\"article:modified_time\" content=\"2024-06-28T19:04:04+00:00\" \/>\n<meta property=\"og:image\" content=\"https:\/\/skaitytaknyga.lt\/wp-content\/uploads\/2024\/05\/d10_2.webp\" \/>\n\t<meta property=\"og:image:width\" content=\"305\" \/>\n\t<meta property=\"og:image:height\" content=\"475\" \/>\n\t<meta property=\"og:image:type\" content=\"image\/webp\" \/>\n<meta name=\"twitter:card\" content=\"summary_large_image\" \/>\n<meta name=\"twitter:label1\" content=\"Estimated reading time\" \/>\n\t<meta name=\"twitter:data1\" content=\"1 minute\" \/>\n<script type=\"application\/ld+json\" class=\"yoast-schema-graph\">{\"@context\":\"https:\/\/schema.org\",\"@graph\":[{\"@type\":\"WebPage\",\"@id\":\"https:\/\/skaitytaknyga.lt\/produktas\/jean-piaget-vaiko-kalba-ir-mastymas\/\",\"url\":\"https:\/\/skaitytaknyga.lt\/produktas\/jean-piaget-vaiko-kalba-ir-mastymas\/\",\"name\":\"Jean Piaget \u201eVaiko kalba ir m\u0105stymas\u201c\",\"isPartOf\":{\"@id\":\"https:\/\/skaitytaknyga.lt\/#website\"},\"primaryImageOfPage\":{\"@id\":\"https:\/\/skaitytaknyga.lt\/produktas\/jean-piaget-vaiko-kalba-ir-mastymas\/#primaryimage\"},\"image\":{\"@id\":\"https:\/\/skaitytaknyga.lt\/produktas\/jean-piaget-vaiko-kalba-ir-mastymas\/#primaryimage\"},\"thumbnailUrl\":\"https:\/\/skaitytaknyga.lt\/wp-content\/uploads\/2024\/05\/d10_2.webp\",\"datePublished\":\"2024-05-02T13:30:09+00:00\",\"dateModified\":\"2024-06-28T19:04:04+00:00\",\"description\":\"Vaikas turi savo individual\u0173 pasaul\u012f, kuriam neu\u017etenka \u017eini\u0173, informacijos, patirties, gaunamos i\u0161 kit\u0173 \u017emoni\u0173. J. Piaget tyrimai akivazd\u016bs - vaikas pats atranda, su\u017eino steb\u0117damas, fantazuodamas, eksperimentuodamas, tirdamas, bandydamas, kurdamas, - jis \u201ekonstruoja\\\" save. Suaugusio vaidmuo d\u0117l \u0161ios prie\u017easties anaiptol netur\u0117t\u0173 suma\u017e\u0117ti, tik \u012fgyti kit\u0105 pob\u016bd\u012f. Anot J. Piaget, svarbiausias ugdymo tikslas - parengti vaik\u0105 k\u016brybingam darbui, taigi ir k\u016brybingam gyvenimui. I\u0161 pratarm\u0117s \u0160i knyga t\u0119sia Atviros Lietuvos fondo Egmonto projekto \u201eIkimokyklinio ugdymo sistemos demokratizavimas\\\" leidybos program\u0105. I\u0161 pranc\u016bz\u0173 kalbos vert\u0117 Au\u0161ra Grigaravi\u010di\u016bt\u0117 Jean Piaget (1896-1980), i\u0161kilaus XX a. \u0161veicar\u0173 filosofo, psichologo darbai \u2014 pripa\u017einta pasaulyje klasika: \u201eIntelekto psichologija\\\" (1947), \u201e\u012evadas \u012f genetin\u0119 epistemologij\u0105\\\" (1949), \u201ePsichologija ir pedagogika \\\" (1969), \u201e Genetin\u0117 epistemologij\u0105\\\" (1970). Savo originaliuose veikaluose J. Piaget tyr\u0117 fundamentaliausius \u017emogaus kalbos, m\u0105stymo, moral\u0117s klausimus, ie\u0161kojo d\u0117sningum\u0173 ir klojo pamatus kit\u0173 mokslinink\u0173 tyrimams. J. Piaget atv\u0117r\u0117 pla\u010dius horizontus vaikyst\u0117s sampratos pl\u0117trai Europoje ir pasaulyje, tyrin\u0117damas vaiko m\u0105stym\u0105 ir nustat\u0119s raidos stadijas bei patvirtin\u0119s savo hipotez\u0119, kad vaiko ir suaugusiojo m\u0105stymas - skirtingas.\",\"breadcrumb\":{\"@id\":\"https:\/\/skaitytaknyga.lt\/produktas\/jean-piaget-vaiko-kalba-ir-mastymas\/#breadcrumb\"},\"inLanguage\":\"en-GB\",\"potentialAction\":[{\"@type\":\"ReadAction\",\"target\":[\"https:\/\/skaitytaknyga.lt\/produktas\/jean-piaget-vaiko-kalba-ir-mastymas\/\"]}]},{\"@type\":\"ImageObject\",\"inLanguage\":\"en-GB\",\"@id\":\"https:\/\/skaitytaknyga.lt\/produktas\/jean-piaget-vaiko-kalba-ir-mastymas\/#primaryimage\",\"url\":\"https:\/\/skaitytaknyga.lt\/wp-content\/uploads\/2024\/05\/d10_2.webp\",\"contentUrl\":\"https:\/\/skaitytaknyga.lt\/wp-content\/uploads\/2024\/05\/d10_2.webp\",\"width\":305,\"height\":475,\"caption\":\"\u201eVaiko kalba ir m\u0105stymas\"},{\"@type\":\"BreadcrumbList\",\"@id\":\"https:\/\/skaitytaknyga.lt\/produktas\/jean-piaget-vaiko-kalba-ir-mastymas\/#breadcrumb\",\"itemListElement\":[{\"@type\":\"ListItem\",\"position\":1,\"name\":\"Home\",\"item\":\"https:\/\/skaitytaknyga.lt\/\"},{\"@type\":\"ListItem\",\"position\":2,\"name\":\"Parduotuv\u0117\",\"item\":\"https:\/\/skaitytaknyga.lt\/knygu-parduotuve\/\"},{\"@type\":\"ListItem\",\"position\":3,\"name\":\"Jean Piaget \u201eVaiko kalba ir m\u0105stymas\u201c\"}]},{\"@type\":\"WebSite\",\"@id\":\"https:\/\/skaitytaknyga.lt\/#website\",\"url\":\"https:\/\/skaitytaknyga.lt\/\",\"name\":\"skaitytaknyga.lt\",\"description\":\"Skaitytaknyga.lt \u2013 tai ma\u017eas \u0161eimos verslas, kuris prasid\u0117jo nuo meil\u0117s knygoms ir siekio i\u0161gelb\u0117ti knygas nuo likimo prie konteinerio. Kas vienam nereikalingas daiktas \u2013 kitam lobis, o mes esame tarpininkai, kurie padeda abiems tapti laimingesniems ???? \u017dinome kaip nelengva i\u0161gyventi ma\u017eiems verslams, tad nuo \u0161iol, \u010dia rasite ir kit\u0173, ma\u017e\u0173 \u0161eim\u0173 versl\u0173, rank\u0173 darbo, dovan\u0173 sau ir artimiesiems.\",\"publisher\":{\"@id\":\"https:\/\/skaitytaknyga.lt\/#organization\"},\"potentialAction\":[{\"@type\":\"SearchAction\",\"target\":{\"@type\":\"EntryPoint\",\"urlTemplate\":\"https:\/\/skaitytaknyga.lt\/?s={search_term_string}\"},\"query-input\":{\"@type\":\"PropertyValueSpecification\",\"valueRequired\":true,\"valueName\":\"search_term_string\"}}],\"inLanguage\":\"en-GB\"},{\"@type\":\"Organization\",\"@id\":\"https:\/\/skaitytaknyga.lt\/#organization\",\"name\":\"skaitytaknyga.lt\",\"url\":\"https:\/\/skaitytaknyga.lt\/\",\"logo\":{\"@type\":\"ImageObject\",\"inLanguage\":\"en-GB\",\"@id\":\"https:\/\/skaitytaknyga.lt\/#\/schema\/logo\/image\/\",\"url\":\"https:\/\/skaitytaknyga.lt\/wp-content\/uploads\/2024\/05\/cropped-cropped-cropped-02_00843_jt3bggkj1j3HLc7SyY6rEUpg.jpeg\",\"contentUrl\":\"https:\/\/skaitytaknyga.lt\/wp-content\/uploads\/2024\/05\/cropped-cropped-cropped-02_00843_jt3bggkj1j3HLc7SyY6rEUpg.jpeg\",\"width\":1600,\"height\":1600,\"caption\":\"skaitytaknyga.lt\"},\"image\":{\"@id\":\"https:\/\/skaitytaknyga.lt\/#\/schema\/logo\/image\/\"},\"sameAs\":[\"https:\/\/www.facebook.com\/skaitytaknyga\/\"]}]}<\/script>\n<!-- \/ Yoast SEO plugin. -->","yoast_head_json":{"title":"Jean Piaget \u201eVaiko kalba ir m\u0105stymas\u201c","description":"Vaikas turi savo individual\u0173 pasaul\u012f, kuriam neu\u017etenka \u017eini\u0173, informacijos, patirties, gaunamos i\u0161 kit\u0173 \u017emoni\u0173. J. Piaget tyrimai akivazd\u016bs - vaikas pats atranda, su\u017eino steb\u0117damas, fantazuodamas, eksperimentuodamas, tirdamas, bandydamas, kurdamas, - jis \u201ekonstruoja\" save. Suaugusio vaidmuo d\u0117l \u0161ios prie\u017easties anaiptol netur\u0117t\u0173 suma\u017e\u0117ti, tik \u012fgyti kit\u0105 pob\u016bd\u012f. Anot J. Piaget, svarbiausias ugdymo tikslas - parengti vaik\u0105 k\u016brybingam darbui, taigi ir k\u016brybingam gyvenimui. I\u0161 pratarm\u0117s \u0160i knyga t\u0119sia Atviros Lietuvos fondo Egmonto projekto \u201eIkimokyklinio ugdymo sistemos demokratizavimas\" leidybos program\u0105. I\u0161 pranc\u016bz\u0173 kalbos vert\u0117 Au\u0161ra Grigaravi\u010di\u016bt\u0117  Jean Piaget (1896-1980), i\u0161kilaus XX a. \u0161veicar\u0173 filosofo, psichologo darbai \u2014 pripa\u017einta pasaulyje klasika: \u201eIntelekto psichologija\" (1947), \u201e\u012evadas \u012f genetin\u0119 epistemologij\u0105\" (1949), \u201ePsichologija ir pedagogika \" (1969), \u201e Genetin\u0117 epistemologij\u0105\" (1970). Savo originaliuose veikaluose J. Piaget tyr\u0117 fundamentaliausius \u017emogaus kalbos, m\u0105stymo, moral\u0117s klausimus, ie\u0161kojo d\u0117sningum\u0173 ir klojo pamatus kit\u0173 mokslinink\u0173 tyrimams. J. Piaget atv\u0117r\u0117 pla\u010dius horizontus vaikyst\u0117s sampratos pl\u0117trai Europoje ir pasaulyje, tyrin\u0117damas vaiko m\u0105stym\u0105 ir nustat\u0119s raidos stadijas bei patvirtin\u0119s savo hipotez\u0119, kad vaiko ir suaugusiojo m\u0105stymas - skirtingas.","robots":{"index":"index","follow":"follow","max-snippet":"max-snippet:-1","max-image-preview":"max-image-preview:large","max-video-preview":"max-video-preview:-1"},"canonical":"https:\/\/skaitytaknyga.lt\/en\/produktas\/jean-piaget-vaiko-kalba-ir-mastymas\/","og_locale":"en_GB","og_type":"article","og_title":"[:lt]Jean Piaget \u201eVaiko kalba ir m\u0105stymas\u201c[:] - Skaitytaknyga","og_description":"Vaikas turi savo individual\u0173 pasaul\u012f, kuriam neu\u017etenka \u017eini\u0173, informacijos, patirties, gaunamos i\u0161 kit\u0173 \u017emoni\u0173. J. Piaget tyrimai akivazd\u016bs - vaikas pats atranda, su\u017eino steb\u0117damas, fantazuodamas, eksperimentuodamas, tirdamas, bandydamas, kurdamas, - jis \u201ekonstruoja\" save. Suaugusio vaidmuo d\u0117l \u0161ios prie\u017easties anaiptol netur\u0117t\u0173 suma\u017e\u0117ti, tik \u012fgyti kit\u0105 pob\u016bd\u012f. Anot J. Piaget, svarbiausias ugdymo tikslas - parengti vaik\u0105 k\u016brybingam darbui, taigi ir k\u016brybingam gyvenimui. I\u0161 pratarm\u0117s \u0160i knyga t\u0119sia Atviros Lietuvos fondo Egmonto projekto \u201eIkimokyklinio ugdymo sistemos demokratizavimas\" leidybos program\u0105. I\u0161 pranc\u016bz\u0173 kalbos vert\u0117 Au\u0161ra Grigaravi\u010di\u016bt\u0117  Jean Piaget (1896-1980), i\u0161kilaus XX a. \u0161veicar\u0173 filosofo, psichologo darbai \u2014 pripa\u017einta pasaulyje klasika: \u201eIntelekto psichologija\" (1947), \u201e\u012evadas \u012f genetin\u0119 epistemologij\u0105\" (1949), \u201ePsichologija ir pedagogika \" (1969), \u201e Genetin\u0117 epistemologij\u0105\" (1970). Savo originaliuose veikaluose J. Piaget tyr\u0117 fundamentaliausius \u017emogaus kalbos, m\u0105stymo, moral\u0117s klausimus, ie\u0161kojo d\u0117sningum\u0173 ir klojo pamatus kit\u0173 mokslinink\u0173 tyrimams. J. Piaget atv\u0117r\u0117 pla\u010dius horizontus vaikyst\u0117s sampratos pl\u0117trai Europoje ir pasaulyje, tyrin\u0117damas vaiko m\u0105stym\u0105 ir nustat\u0119s raidos stadijas bei patvirtin\u0119s savo hipotez\u0119, kad vaiko ir suaugusiojo m\u0105stymas - skirtingas.","og_url":"https:\/\/skaitytaknyga.lt\/en\/produktas\/jean-piaget-vaiko-kalba-ir-mastymas\/","og_site_name":"Skaitytaknyga","article_publisher":"https:\/\/www.facebook.com\/skaitytaknyga\/","article_modified_time":"2024-06-28T19:04:04+00:00","og_image":[{"width":305,"height":475,"url":"https:\/\/skaitytaknyga.lt\/wp-content\/uploads\/2024\/05\/d10_2.webp","type":"image\/webp"}],"twitter_card":"summary_large_image","twitter_misc":{"Estimated reading time":"1 minute"},"schema":{"@context":"https:\/\/schema.org","@graph":[{"@type":"WebPage","@id":"https:\/\/skaitytaknyga.lt\/produktas\/jean-piaget-vaiko-kalba-ir-mastymas\/","url":"https:\/\/skaitytaknyga.lt\/produktas\/jean-piaget-vaiko-kalba-ir-mastymas\/","name":"Jean Piaget \u201eVaiko kalba ir m\u0105stymas\u201c","isPartOf":{"@id":"https:\/\/skaitytaknyga.lt\/#website"},"primaryImageOfPage":{"@id":"https:\/\/skaitytaknyga.lt\/produktas\/jean-piaget-vaiko-kalba-ir-mastymas\/#primaryimage"},"image":{"@id":"https:\/\/skaitytaknyga.lt\/produktas\/jean-piaget-vaiko-kalba-ir-mastymas\/#primaryimage"},"thumbnailUrl":"https:\/\/skaitytaknyga.lt\/wp-content\/uploads\/2024\/05\/d10_2.webp","datePublished":"2024-05-02T13:30:09+00:00","dateModified":"2024-06-28T19:04:04+00:00","description":"Vaikas turi savo individual\u0173 pasaul\u012f, kuriam neu\u017etenka \u017eini\u0173, informacijos, patirties, gaunamos i\u0161 kit\u0173 \u017emoni\u0173. J. Piaget tyrimai akivazd\u016bs - vaikas pats atranda, su\u017eino steb\u0117damas, fantazuodamas, eksperimentuodamas, tirdamas, bandydamas, kurdamas, - jis \u201ekonstruoja\" save. Suaugusio vaidmuo d\u0117l \u0161ios prie\u017easties anaiptol netur\u0117t\u0173 suma\u017e\u0117ti, tik \u012fgyti kit\u0105 pob\u016bd\u012f. Anot J. Piaget, svarbiausias ugdymo tikslas - parengti vaik\u0105 k\u016brybingam darbui, taigi ir k\u016brybingam gyvenimui. I\u0161 pratarm\u0117s \u0160i knyga t\u0119sia Atviros Lietuvos fondo Egmonto projekto \u201eIkimokyklinio ugdymo sistemos demokratizavimas\" leidybos program\u0105. I\u0161 pranc\u016bz\u0173 kalbos vert\u0117 Au\u0161ra Grigaravi\u010di\u016bt\u0117 Jean Piaget (1896-1980), i\u0161kilaus XX a. \u0161veicar\u0173 filosofo, psichologo darbai \u2014 pripa\u017einta pasaulyje klasika: \u201eIntelekto psichologija\" (1947), \u201e\u012evadas \u012f genetin\u0119 epistemologij\u0105\" (1949), \u201ePsichologija ir pedagogika \" (1969), \u201e Genetin\u0117 epistemologij\u0105\" (1970). Savo originaliuose veikaluose J. Piaget tyr\u0117 fundamentaliausius \u017emogaus kalbos, m\u0105stymo, moral\u0117s klausimus, ie\u0161kojo d\u0117sningum\u0173 ir klojo pamatus kit\u0173 mokslinink\u0173 tyrimams. J. Piaget atv\u0117r\u0117 pla\u010dius horizontus vaikyst\u0117s sampratos pl\u0117trai Europoje ir pasaulyje, tyrin\u0117damas vaiko m\u0105stym\u0105 ir nustat\u0119s raidos stadijas bei patvirtin\u0119s savo hipotez\u0119, kad vaiko ir suaugusiojo m\u0105stymas - skirtingas.","breadcrumb":{"@id":"https:\/\/skaitytaknyga.lt\/produktas\/jean-piaget-vaiko-kalba-ir-mastymas\/#breadcrumb"},"inLanguage":"en-GB","potentialAction":[{"@type":"ReadAction","target":["https:\/\/skaitytaknyga.lt\/produktas\/jean-piaget-vaiko-kalba-ir-mastymas\/"]}]},{"@type":"ImageObject","inLanguage":"en-GB","@id":"https:\/\/skaitytaknyga.lt\/produktas\/jean-piaget-vaiko-kalba-ir-mastymas\/#primaryimage","url":"https:\/\/skaitytaknyga.lt\/wp-content\/uploads\/2024\/05\/d10_2.webp","contentUrl":"https:\/\/skaitytaknyga.lt\/wp-content\/uploads\/2024\/05\/d10_2.webp","width":305,"height":475,"caption":"\u201eVaiko kalba ir m\u0105stymas"},{"@type":"BreadcrumbList","@id":"https:\/\/skaitytaknyga.lt\/produktas\/jean-piaget-vaiko-kalba-ir-mastymas\/#breadcrumb","itemListElement":[{"@type":"ListItem","position":1,"name":"Home","item":"https:\/\/skaitytaknyga.lt\/"},{"@type":"ListItem","position":2,"name":"Parduotuv\u0117","item":"https:\/\/skaitytaknyga.lt\/knygu-parduotuve\/"},{"@type":"ListItem","position":3,"name":"Jean Piaget \u201eVaiko kalba ir m\u0105stymas\u201c"}]},{"@type":"WebSite","@id":"https:\/\/skaitytaknyga.lt\/#website","url":"https:\/\/skaitytaknyga.lt\/","name":"skaitytaknyga.lt","description":"Skaitytaknyga.lt \u2013 tai ma\u017eas \u0161eimos verslas, kuris prasid\u0117jo nuo meil\u0117s knygoms ir siekio i\u0161gelb\u0117ti knygas nuo likimo prie konteinerio. Kas vienam nereikalingas daiktas \u2013 kitam lobis, o mes esame tarpininkai, kurie padeda abiems tapti laimingesniems ???? \u017dinome kaip nelengva i\u0161gyventi ma\u017eiems verslams, tad nuo \u0161iol, \u010dia rasite ir kit\u0173, ma\u017e\u0173 \u0161eim\u0173 versl\u0173, rank\u0173 darbo, dovan\u0173 sau ir artimiesiems.","publisher":{"@id":"https:\/\/skaitytaknyga.lt\/#organization"},"potentialAction":[{"@type":"SearchAction","target":{"@type":"EntryPoint","urlTemplate":"https:\/\/skaitytaknyga.lt\/?s={search_term_string}"},"query-input":{"@type":"PropertyValueSpecification","valueRequired":true,"valueName":"search_term_string"}}],"inLanguage":"en-GB"},{"@type":"Organization","@id":"https:\/\/skaitytaknyga.lt\/#organization","name":"skaitytaknyga.lt","url":"https:\/\/skaitytaknyga.lt\/","logo":{"@type":"ImageObject","inLanguage":"en-GB","@id":"https:\/\/skaitytaknyga.lt\/#\/schema\/logo\/image\/","url":"https:\/\/skaitytaknyga.lt\/wp-content\/uploads\/2024\/05\/cropped-cropped-cropped-02_00843_jt3bggkj1j3HLc7SyY6rEUpg.jpeg","contentUrl":"https:\/\/skaitytaknyga.lt\/wp-content\/uploads\/2024\/05\/cropped-cropped-cropped-02_00843_jt3bggkj1j3HLc7SyY6rEUpg.jpeg","width":1600,"height":1600,"caption":"skaitytaknyga.lt"},"image":{"@id":"https:\/\/skaitytaknyga.lt\/#\/schema\/logo\/image\/"},"sameAs":["https:\/\/www.facebook.com\/skaitytaknyga\/"]}]}},"_links":{"self":[{"href":"https:\/\/skaitytaknyga.lt\/en\/wp-json\/wp\/v2\/product\/6841","targetHints":{"allow":["GET"]}}],"collection":[{"href":"https:\/\/skaitytaknyga.lt\/en\/wp-json\/wp\/v2\/product"}],"about":[{"href":"https:\/\/skaitytaknyga.lt\/en\/wp-json\/wp\/v2\/types\/product"}],"replies":[{"embeddable":true,"href":"https:\/\/skaitytaknyga.lt\/en\/wp-json\/wp\/v2\/comments?post=6841"}],"wp:featuredmedia":[{"embeddable":true,"href":"https:\/\/skaitytaknyga.lt\/en\/wp-json\/wp\/v2\/media\/12360"}],"wp:attachment":[{"href":"https:\/\/skaitytaknyga.lt\/en\/wp-json\/wp\/v2\/media?parent=6841"}],"wp:term":[{"taxonomy":"product_brand","embeddable":true,"href":"https:\/\/skaitytaknyga.lt\/en\/wp-json\/wp\/v2\/product_brand?post=6841"},{"taxonomy":"product_cat","embeddable":true,"href":"https:\/\/skaitytaknyga.lt\/en\/wp-json\/wp\/v2\/product_cat?post=6841"},{"taxonomy":"product_tag","embeddable":true,"href":"https:\/\/skaitytaknyga.lt\/en\/wp-json\/wp\/v2\/product_tag?post=6841"}],"curies":[{"name":"wp","href":"https:\/\/api.w.org\/{rel}","templated":true}]}}