{"id":6815,"date":"2024-05-02T13:29:14","date_gmt":"2024-05-02T13:29:14","guid":{"rendered":"https:\/\/skaitytaknyga.lt\/?post_type=product&#038;p=6815"},"modified":"2026-03-18T15:00:06","modified_gmt":"2026-03-18T13:00:06","slug":"mindaugas-tamosaitis-didysis-apakimas","status":"publish","type":"product","link":"https:\/\/skaitytaknyga.lt\/en\/produktas\/mindaugas-tamosaitis-didysis-apakimas\/","title":{"rendered":"Mindaugas Tamo\u0161aitis \u201eDidysis apakimas\u201c"},"content":{"rendered":"<p>Kod\u0117l susiprie\u0161ino, net degradavo ir suiro nepriklausomos Lietuvos visuomen\u0117 XX a. ketvirtojo de\u0161imtme\u010dio pabaigoje? Kod\u0117l jos \u201e\u017eiedas\u201c \u2013 kairieji intelektualai, menininkai ir ra\u0161ytojai \u2013 1940 metais va\u017eiavo parve\u017eti Lietuvai \u201eStalino saul\u0117s\u201c ir pagarbino \u017eiauriausi\u0105 pasaulyje totalitarin\u012f re\u017eim\u0105? Kod\u0117l nepriklausomyb\u0117, valstybingumas, tautinis orumas ir asmens laisv\u0117 buvo i\u0161keisti \u012f \u201edraugyst\u0119\u201c ir paklusnum\u0105 svetimai Ryt\u0173 valstybei?&#8230;<br \/>\nVienas i\u0161 galim\u0173 atsakym\u0173 yra \u0161i Mindaugo Tamo\u0161ai\u010dio, jauno istoriko ir literat\u016brologo, knyga \u201eDidysis apakimas\u201c (Lietuvos ra\u0161ytoj\u0173 kair\u0117jimas 4-ajame XX a. de\u0161imtmetyje). \u0160io proceso prie\u017eastis autorius precizi\u0161kai atskleid\u017eia remdamasis gausia archyvine med\u017eiaga, dar neskelbtais dokumentais, periodine ano meto spauda, literat\u016bros k\u016briniais bei am\u017einink\u0173 atsiminimais. Monografijai b\u016bdingas taiklus ir skvarbus analitinis \u017evilgsnis, ai\u0161kus \u012fvyki\u0173 suvokimas, polemin\u0117 aistra svarstant gin\u010dytinus klausimus. Ir pagarba istorinei tiesai bei asmenyb\u0117ms \u2013 kad ir koki\u0105 ideologij\u0105 jos i\u0161pa\u017eint\u0173.<\/p>\n","protected":false},"excerpt":{"rendered":"<p>Kod\u0117l susiprie\u0161ino, net degradavo ir suiro nepriklausomos Lietuvos visuomen\u0117 XX a. ketvirtojo de\u0161imtme\u010dio pabaigoje? Kod\u0117l jos \u201e\u017eiedas\u201c \u2013 kairieji intelektualai, menininkai ir ra\u0161ytojai \u2013 1940 metais va\u017eiavo parve\u017eti Lietuvai \u201eStalino saul\u0117s\u201c ir pagarbino \u017eiauriausi\u0105 pasaulyje totalitarin\u012f re\u017eim\u0105? Kod\u0117l nepriklausomyb\u0117, valstybingumas, tautinis orumas ir asmens laisv\u0117 buvo i\u0161keisti \u012f \u201edraugyst\u0119\u201c ir paklusnum\u0105 svetimai Ryt\u0173 valstybei?&#8230;<br \/>\nVienas i\u0161 galim\u0173 atsakym\u0173 yra \u0161i Mindaugo Tamo\u0161ai\u010dio, jauno istoriko ir literat\u016brologo, knyga \u201eDidysis apakimas\u201c (Lietuvos ra\u0161ytoj\u0173 kair\u0117jimas 4-ajame XX a. de\u0161imtmetyje). \u0160io proceso prie\u017eastis autorius precizi\u0161kai atskleid\u017eia remdamasis gausia archyvine med\u017eiaga, dar neskelbtais dokumentais, periodine ano meto spauda, literat\u016bros k\u016briniais bei am\u017einink\u0173 atsiminimais. Monografijai b\u016bdingas taiklus ir skvarbus analitinis \u017evilgsnis, ai\u0161kus \u012fvyki\u0173 suvokimas, polemin\u0117 aistra svarstant gin\u010dytinus klausimus. Ir pagarba istorinei tiesai bei asmenyb\u0117ms \u2013 kad ir koki\u0105 ideologij\u0105 jos i\u0161pa\u017eint\u0173.<\/p>\n","protected":false},"featured_media":6831,"comment_status":"closed","ping_status":"closed","template":"","meta":{"_acf_changed":false,"site-sidebar-layout":"default","site-content-layout":"","ast-site-content-layout":"default","site-content-style":"default","site-sidebar-style":"default","ast-global-header-display":"","ast-banner-title-visibility":"","ast-main-header-display":"","ast-hfb-above-header-display":"","ast-hfb-below-header-display":"","ast-hfb-mobile-header-display":"","site-post-title":"","ast-breadcrumbs-content":"","ast-featured-img":"","footer-sml-layout":"","ast-disable-related-posts":"","theme-transparent-header-meta":"","adv-header-id-meta":"","stick-header-meta":"","header-above-stick-meta":"","header-main-stick-meta":"","header-below-stick-meta":"","astra-migrate-meta-layouts":"default","ast-page-background-enabled":"default","ast-page-background-meta":{"desktop":{"background-color":"","background-image":"","background-repeat":"repeat","background-position":"center center","background-size":"auto","background-attachment":"scroll","background-type":"","background-media":"","overlay-type":"","overlay-color":"","overlay-opacity":"","overlay-gradient":""},"tablet":{"background-color":"","background-image":"","background-repeat":"repeat","background-position":"center center","background-size":"auto","background-attachment":"scroll","background-type":"","background-media":"","overlay-type":"","overlay-color":"","overlay-opacity":"","overlay-gradient":""},"mobile":{"background-color":"","background-image":"","background-repeat":"repeat","background-position":"center center","background-size":"auto","background-attachment":"scroll","background-type":"","background-media":"","overlay-type":"","overlay-color":"","overlay-opacity":"","overlay-gradient":""}},"ast-content-background-meta":{"desktop":{"background-color":"var(--ast-global-color-4)","background-image":"","background-repeat":"repeat","background-position":"center center","background-size":"auto","background-attachment":"scroll","background-type":"","background-media":"","overlay-type":"","overlay-color":"","overlay-opacity":"","overlay-gradient":""},"tablet":{"background-color":"var(--ast-global-color-4)","background-image":"","background-repeat":"repeat","background-position":"center center","background-size":"auto","background-attachment":"scroll","background-type":"","background-media":"","overlay-type":"","overlay-color":"","overlay-opacity":"","overlay-gradient":""},"mobile":{"background-color":"var(--ast-global-color-4)","background-image":"","background-repeat":"repeat","background-position":"center center","background-size":"auto","background-attachment":"scroll","background-type":"","background-media":"","overlay-type":"","overlay-color":"","overlay-opacity":"","overlay-gradient":""}}},"product_brand":[],"product_cat":[9862,174],"product_tag":[],"class_list":{"0":"post-6815","1":"product","2":"type-product","3":"status-publish","4":"has-post-thumbnail","6":"product_cat-lietuvos-istorija","7":"product_cat-istorija-ir-politologija","8":"desktop-align-left","9":"tablet-align-left","10":"mobile-align-left","12":"first","13":"outofstock","14":"shipping-taxable","15":"purchasable","16":"product-type-simple"},"acf":[],"yoast_head":"<!-- This site is optimized with the Yoast SEO plugin v27.0 - https:\/\/yoast.com\/product\/yoast-seo-wordpress\/ -->\n<title>Mindaugas Tamo\u0161aitis \u201eDidysis apakimas\u201c<\/title>\n<meta name=\"description\" content=\"Kod\u0117l susiprie\u0161ino, net degradavo ir suiro nepriklausomos Lietuvos visuomen\u0117 XX a. ketvirtojo de\u0161imtme\u010dio pabaigoje? Kod\u0117l jos \u201e\u017eiedas\u201c \u2013 kairieji intelektualai, menininkai ir ra\u0161ytojai \u2013 1940 metais va\u017eiavo parve\u017eti Lietuvai \u201eStalino saul\u0117s\u201c ir pagarbino \u017eiauriausi\u0105 pasaulyje totalitarin\u012f re\u017eim\u0105? Kod\u0117l nepriklausomyb\u0117, valstybingumas, tautinis orumas ir asmens laisv\u0117 buvo i\u0161keisti \u012f \u201edraugyst\u0119\u201c ir paklusnum\u0105 svetimai Ryt\u0173 valstybei?... Vienas i\u0161 galim\u0173 atsakym\u0173 yra \u0161i Mindaugo Tamo\u0161ai\u010dio, jauno istoriko ir literat\u016brologo, knyga \u201eDidysis apakimas\u201c (Lietuvos ra\u0161ytoj\u0173 kair\u0117jimas 4-ajame XX a. de\u0161imtmetyje). \u0160io proceso prie\u017eastis autorius precizi\u0161kai atskleid\u017eia remdamasis gausia archyvine med\u017eiaga, dar neskelbtais dokumentais, periodine ano meto spauda, literat\u016bros k\u016briniais bei am\u017einink\u0173 atsiminimais. Monografijai b\u016bdingas taiklus ir skvarbus analitinis \u017evilgsnis, ai\u0161kus \u012fvyki\u0173 suvokimas, polemin\u0117 aistra svarstant gin\u010dytinus klausimus. Ir pagarba istorinei tiesai bei asmenyb\u0117ms \u2013 kad ir koki\u0105 ideologij\u0105 jos i\u0161pa\u017eint\u0173.\" \/>\n<meta name=\"robots\" content=\"index, follow, max-snippet:-1, max-image-preview:large, max-video-preview:-1\" \/>\n<link rel=\"canonical\" href=\"https:\/\/skaitytaknyga.lt\/en\/produktas\/mindaugas-tamosaitis-didysis-apakimas\/\" \/>\n<meta property=\"og:locale\" content=\"en_GB\" \/>\n<meta property=\"og:locale:alternate\" content=\"lt_LT\" \/>\n<meta property=\"og:type\" content=\"article\" \/>\n<meta property=\"og:title\" content=\"Mindaugas Tamo\u0161aitis \u201eDidysis apakimas\u201c\" \/>\n<meta property=\"og:description\" content=\"Kod\u0117l susiprie\u0161ino, net degradavo ir suiro nepriklausomos Lietuvos visuomen\u0117 XX a. ketvirtojo de\u0161imtme\u010dio pabaigoje? Kod\u0117l jos \u201e\u017eiedas\u201c \u2013 kairieji intelektualai, menininkai ir ra\u0161ytojai \u2013 1940 metais va\u017eiavo parve\u017eti Lietuvai \u201eStalino saul\u0117s\u201c ir pagarbino \u017eiauriausi\u0105 pasaulyje totalitarin\u012f re\u017eim\u0105? Kod\u0117l nepriklausomyb\u0117, valstybingumas, tautinis orumas ir asmens laisv\u0117 buvo i\u0161keisti \u012f \u201edraugyst\u0119\u201c ir paklusnum\u0105 svetimai Ryt\u0173 valstybei?... Vienas i\u0161 galim\u0173 atsakym\u0173 yra \u0161i Mindaugo Tamo\u0161ai\u010dio, jauno istoriko ir literat\u016brologo, knyga \u201eDidysis apakimas\u201c (Lietuvos ra\u0161ytoj\u0173 kair\u0117jimas 4-ajame XX a. de\u0161imtmetyje). \u0160io proceso prie\u017eastis autorius precizi\u0161kai atskleid\u017eia remdamasis gausia archyvine med\u017eiaga, dar neskelbtais dokumentais, periodine ano meto spauda, literat\u016bros k\u016briniais bei am\u017einink\u0173 atsiminimais. Monografijai b\u016bdingas taiklus ir skvarbus analitinis \u017evilgsnis, ai\u0161kus \u012fvyki\u0173 suvokimas, polemin\u0117 aistra svarstant gin\u010dytinus klausimus. Ir pagarba istorinei tiesai bei asmenyb\u0117ms \u2013 kad ir koki\u0105 ideologij\u0105 jos i\u0161pa\u017eint\u0173.\" \/>\n<meta property=\"og:url\" content=\"https:\/\/skaitytaknyga.lt\/en\/produktas\/mindaugas-tamosaitis-didysis-apakimas\/\" \/>\n<meta property=\"og:site_name\" content=\"Skaitytaknyga\" \/>\n<meta property=\"article:publisher\" content=\"https:\/\/www.facebook.com\/skaitytaknyga\/\" \/>\n<meta property=\"article:modified_time\" content=\"2026-03-18T13:00:06+00:00\" \/>\n<meta property=\"og:image\" content=\"https:\/\/skaitytaknyga.lt\/wp-content\/uploads\/2024\/05\/1510920507_Scan_17-11-2017_1206.jpg\" \/>\n\t<meta property=\"og:image:width\" content=\"307\" \/>\n\t<meta property=\"og:image:height\" content=\"430\" \/>\n\t<meta property=\"og:image:type\" content=\"image\/jpeg\" \/>\n<meta name=\"twitter:card\" content=\"summary_large_image\" \/>\n<meta name=\"twitter:label1\" content=\"Estimated reading time\" \/>\n\t<meta name=\"twitter:data1\" content=\"1 minute\" \/>\n<script type=\"application\/ld+json\" class=\"yoast-schema-graph\">{\"@context\":\"https:\/\/schema.org\",\"@graph\":[{\"@type\":\"WebPage\",\"@id\":\"https:\/\/skaitytaknyga.lt\/produktas\/mindaugas-tamosaitis-didysis-apakimas\/\",\"url\":\"https:\/\/skaitytaknyga.lt\/produktas\/mindaugas-tamosaitis-didysis-apakimas\/\",\"name\":\"Mindaugas Tamo\u0161aitis \u201eDidysis apakimas\u201c\",\"isPartOf\":{\"@id\":\"https:\/\/skaitytaknyga.lt\/#website\"},\"primaryImageOfPage\":{\"@id\":\"https:\/\/skaitytaknyga.lt\/produktas\/mindaugas-tamosaitis-didysis-apakimas\/#primaryimage\"},\"image\":{\"@id\":\"https:\/\/skaitytaknyga.lt\/produktas\/mindaugas-tamosaitis-didysis-apakimas\/#primaryimage\"},\"thumbnailUrl\":\"https:\/\/skaitytaknyga.lt\/wp-content\/uploads\/2024\/05\/1510920507_Scan_17-11-2017_1206.jpg\",\"datePublished\":\"2024-05-02T13:29:14+00:00\",\"dateModified\":\"2026-03-18T13:00:06+00:00\",\"description\":\"Kod\u0117l susiprie\u0161ino, net degradavo ir suiro nepriklausomos Lietuvos visuomen\u0117 XX a. ketvirtojo de\u0161imtme\u010dio pabaigoje? Kod\u0117l jos \u201e\u017eiedas\u201c \u2013 kairieji intelektualai, menininkai ir ra\u0161ytojai \u2013 1940 metais va\u017eiavo parve\u017eti Lietuvai \u201eStalino saul\u0117s\u201c ir pagarbino \u017eiauriausi\u0105 pasaulyje totalitarin\u012f re\u017eim\u0105? Kod\u0117l nepriklausomyb\u0117, valstybingumas, tautinis orumas ir asmens laisv\u0117 buvo i\u0161keisti \u012f \u201edraugyst\u0119\u201c ir paklusnum\u0105 svetimai Ryt\u0173 valstybei?... Vienas i\u0161 galim\u0173 atsakym\u0173 yra \u0161i Mindaugo Tamo\u0161ai\u010dio, jauno istoriko ir literat\u016brologo, knyga \u201eDidysis apakimas\u201c (Lietuvos ra\u0161ytoj\u0173 kair\u0117jimas 4-ajame XX a. de\u0161imtmetyje). \u0160io proceso prie\u017eastis autorius precizi\u0161kai atskleid\u017eia remdamasis gausia archyvine med\u017eiaga, dar neskelbtais dokumentais, periodine ano meto spauda, literat\u016bros k\u016briniais bei am\u017einink\u0173 atsiminimais. Monografijai b\u016bdingas taiklus ir skvarbus analitinis \u017evilgsnis, ai\u0161kus \u012fvyki\u0173 suvokimas, polemin\u0117 aistra svarstant gin\u010dytinus klausimus. Ir pagarba istorinei tiesai bei asmenyb\u0117ms \u2013 kad ir koki\u0105 ideologij\u0105 jos i\u0161pa\u017eint\u0173.\",\"breadcrumb\":{\"@id\":\"https:\/\/skaitytaknyga.lt\/produktas\/mindaugas-tamosaitis-didysis-apakimas\/#breadcrumb\"},\"inLanguage\":\"en-GB\",\"potentialAction\":[{\"@type\":\"ReadAction\",\"target\":[\"https:\/\/skaitytaknyga.lt\/produktas\/mindaugas-tamosaitis-didysis-apakimas\/\"]}]},{\"@type\":\"ImageObject\",\"inLanguage\":\"en-GB\",\"@id\":\"https:\/\/skaitytaknyga.lt\/produktas\/mindaugas-tamosaitis-didysis-apakimas\/#primaryimage\",\"url\":\"https:\/\/skaitytaknyga.lt\/wp-content\/uploads\/2024\/05\/1510920507_Scan_17-11-2017_1206.jpg\",\"contentUrl\":\"https:\/\/skaitytaknyga.lt\/wp-content\/uploads\/2024\/05\/1510920507_Scan_17-11-2017_1206.jpg\",\"width\":307,\"height\":430},{\"@type\":\"BreadcrumbList\",\"@id\":\"https:\/\/skaitytaknyga.lt\/produktas\/mindaugas-tamosaitis-didysis-apakimas\/#breadcrumb\",\"itemListElement\":[{\"@type\":\"ListItem\",\"position\":1,\"name\":\"Home\",\"item\":\"https:\/\/skaitytaknyga.lt\/\"},{\"@type\":\"ListItem\",\"position\":2,\"name\":\"Parduotuv\u0117\",\"item\":\"https:\/\/skaitytaknyga.lt\/knygu-parduotuve\/\"},{\"@type\":\"ListItem\",\"position\":3,\"name\":\"Mindaugas Tamo\u0161aitis \u201eDidysis apakimas\u201c\"}]},{\"@type\":\"WebSite\",\"@id\":\"https:\/\/skaitytaknyga.lt\/#website\",\"url\":\"https:\/\/skaitytaknyga.lt\/\",\"name\":\"skaitytaknyga.lt\",\"description\":\"Skaitytaknyga.lt \u2013 tai ma\u017eas \u0161eimos verslas, kuris prasid\u0117jo nuo meil\u0117s knygoms ir siekio i\u0161gelb\u0117ti knygas nuo likimo prie konteinerio. Kas vienam nereikalingas daiktas \u2013 kitam lobis, o mes esame tarpininkai, kurie padeda abiems tapti laimingesniems ???? \u017dinome kaip nelengva i\u0161gyventi ma\u017eiems verslams, tad nuo \u0161iol, \u010dia rasite ir kit\u0173, ma\u017e\u0173 \u0161eim\u0173 versl\u0173, rank\u0173 darbo, dovan\u0173 sau ir artimiesiems.\",\"publisher\":{\"@id\":\"https:\/\/skaitytaknyga.lt\/#organization\"},\"potentialAction\":[{\"@type\":\"SearchAction\",\"target\":{\"@type\":\"EntryPoint\",\"urlTemplate\":\"https:\/\/skaitytaknyga.lt\/?s={search_term_string}\"},\"query-input\":{\"@type\":\"PropertyValueSpecification\",\"valueRequired\":true,\"valueName\":\"search_term_string\"}}],\"inLanguage\":\"en-GB\"},{\"@type\":\"Organization\",\"@id\":\"https:\/\/skaitytaknyga.lt\/#organization\",\"name\":\"skaitytaknyga.lt\",\"url\":\"https:\/\/skaitytaknyga.lt\/\",\"logo\":{\"@type\":\"ImageObject\",\"inLanguage\":\"en-GB\",\"@id\":\"https:\/\/skaitytaknyga.lt\/#\/schema\/logo\/image\/\",\"url\":\"https:\/\/skaitytaknyga.lt\/wp-content\/uploads\/2024\/05\/cropped-cropped-cropped-02_00843_jt3bggkj1j3HLc7SyY6rEUpg.jpeg\",\"contentUrl\":\"https:\/\/skaitytaknyga.lt\/wp-content\/uploads\/2024\/05\/cropped-cropped-cropped-02_00843_jt3bggkj1j3HLc7SyY6rEUpg.jpeg\",\"width\":1600,\"height\":1600,\"caption\":\"skaitytaknyga.lt\"},\"image\":{\"@id\":\"https:\/\/skaitytaknyga.lt\/#\/schema\/logo\/image\/\"},\"sameAs\":[\"https:\/\/www.facebook.com\/skaitytaknyga\/\"]}]}<\/script>\n<!-- \/ Yoast SEO plugin. -->","yoast_head_json":{"title":"Mindaugas Tamo\u0161aitis \u201eDidysis apakimas\u201c","description":"Kod\u0117l susiprie\u0161ino, net degradavo ir suiro nepriklausomos Lietuvos visuomen\u0117 XX a. ketvirtojo de\u0161imtme\u010dio pabaigoje? Kod\u0117l jos \u201e\u017eiedas\u201c \u2013 kairieji intelektualai, menininkai ir ra\u0161ytojai \u2013 1940 metais va\u017eiavo parve\u017eti Lietuvai \u201eStalino saul\u0117s\u201c ir pagarbino \u017eiauriausi\u0105 pasaulyje totalitarin\u012f re\u017eim\u0105? Kod\u0117l nepriklausomyb\u0117, valstybingumas, tautinis orumas ir asmens laisv\u0117 buvo i\u0161keisti \u012f \u201edraugyst\u0119\u201c ir paklusnum\u0105 svetimai Ryt\u0173 valstybei?... Vienas i\u0161 galim\u0173 atsakym\u0173 yra \u0161i Mindaugo Tamo\u0161ai\u010dio, jauno istoriko ir literat\u016brologo, knyga \u201eDidysis apakimas\u201c (Lietuvos ra\u0161ytoj\u0173 kair\u0117jimas 4-ajame XX a. de\u0161imtmetyje). \u0160io proceso prie\u017eastis autorius precizi\u0161kai atskleid\u017eia remdamasis gausia archyvine med\u017eiaga, dar neskelbtais dokumentais, periodine ano meto spauda, literat\u016bros k\u016briniais bei am\u017einink\u0173 atsiminimais. Monografijai b\u016bdingas taiklus ir skvarbus analitinis \u017evilgsnis, ai\u0161kus \u012fvyki\u0173 suvokimas, polemin\u0117 aistra svarstant gin\u010dytinus klausimus. Ir pagarba istorinei tiesai bei asmenyb\u0117ms \u2013 kad ir koki\u0105 ideologij\u0105 jos i\u0161pa\u017eint\u0173.","robots":{"index":"index","follow":"follow","max-snippet":"max-snippet:-1","max-image-preview":"max-image-preview:large","max-video-preview":"max-video-preview:-1"},"canonical":"https:\/\/skaitytaknyga.lt\/en\/produktas\/mindaugas-tamosaitis-didysis-apakimas\/","og_locale":"en_GB","og_type":"article","og_title":"[:lt]Mindaugas Tamo\u0161aitis \u201eDidysis apakimas\u201c[:] - Skaitytaknyga","og_description":"Kod\u0117l susiprie\u0161ino, net degradavo ir suiro nepriklausomos Lietuvos visuomen\u0117 XX a. ketvirtojo de\u0161imtme\u010dio pabaigoje? Kod\u0117l jos \u201e\u017eiedas\u201c \u2013 kairieji intelektualai, menininkai ir ra\u0161ytojai \u2013 1940 metais va\u017eiavo parve\u017eti Lietuvai \u201eStalino saul\u0117s\u201c ir pagarbino \u017eiauriausi\u0105 pasaulyje totalitarin\u012f re\u017eim\u0105? Kod\u0117l nepriklausomyb\u0117, valstybingumas, tautinis orumas ir asmens laisv\u0117 buvo i\u0161keisti \u012f \u201edraugyst\u0119\u201c ir paklusnum\u0105 svetimai Ryt\u0173 valstybei?... Vienas i\u0161 galim\u0173 atsakym\u0173 yra \u0161i Mindaugo Tamo\u0161ai\u010dio, jauno istoriko ir literat\u016brologo, knyga \u201eDidysis apakimas\u201c (Lietuvos ra\u0161ytoj\u0173 kair\u0117jimas 4-ajame XX a. de\u0161imtmetyje). \u0160io proceso prie\u017eastis autorius precizi\u0161kai atskleid\u017eia remdamasis gausia archyvine med\u017eiaga, dar neskelbtais dokumentais, periodine ano meto spauda, literat\u016bros k\u016briniais bei am\u017einink\u0173 atsiminimais. Monografijai b\u016bdingas taiklus ir skvarbus analitinis \u017evilgsnis, ai\u0161kus \u012fvyki\u0173 suvokimas, polemin\u0117 aistra svarstant gin\u010dytinus klausimus. Ir pagarba istorinei tiesai bei asmenyb\u0117ms \u2013 kad ir koki\u0105 ideologij\u0105 jos i\u0161pa\u017eint\u0173.","og_url":"https:\/\/skaitytaknyga.lt\/en\/produktas\/mindaugas-tamosaitis-didysis-apakimas\/","og_site_name":"Skaitytaknyga","article_publisher":"https:\/\/www.facebook.com\/skaitytaknyga\/","article_modified_time":"2026-03-18T13:00:06+00:00","og_image":[{"width":307,"height":430,"url":"https:\/\/skaitytaknyga.lt\/wp-content\/uploads\/2024\/05\/1510920507_Scan_17-11-2017_1206.jpg","type":"image\/jpeg"}],"twitter_card":"summary_large_image","twitter_misc":{"Estimated reading time":"1 minute"},"schema":{"@context":"https:\/\/schema.org","@graph":[{"@type":"WebPage","@id":"https:\/\/skaitytaknyga.lt\/produktas\/mindaugas-tamosaitis-didysis-apakimas\/","url":"https:\/\/skaitytaknyga.lt\/produktas\/mindaugas-tamosaitis-didysis-apakimas\/","name":"Mindaugas Tamo\u0161aitis \u201eDidysis apakimas\u201c","isPartOf":{"@id":"https:\/\/skaitytaknyga.lt\/#website"},"primaryImageOfPage":{"@id":"https:\/\/skaitytaknyga.lt\/produktas\/mindaugas-tamosaitis-didysis-apakimas\/#primaryimage"},"image":{"@id":"https:\/\/skaitytaknyga.lt\/produktas\/mindaugas-tamosaitis-didysis-apakimas\/#primaryimage"},"thumbnailUrl":"https:\/\/skaitytaknyga.lt\/wp-content\/uploads\/2024\/05\/1510920507_Scan_17-11-2017_1206.jpg","datePublished":"2024-05-02T13:29:14+00:00","dateModified":"2026-03-18T13:00:06+00:00","description":"Kod\u0117l susiprie\u0161ino, net degradavo ir suiro nepriklausomos Lietuvos visuomen\u0117 XX a. ketvirtojo de\u0161imtme\u010dio pabaigoje? Kod\u0117l jos \u201e\u017eiedas\u201c \u2013 kairieji intelektualai, menininkai ir ra\u0161ytojai \u2013 1940 metais va\u017eiavo parve\u017eti Lietuvai \u201eStalino saul\u0117s\u201c ir pagarbino \u017eiauriausi\u0105 pasaulyje totalitarin\u012f re\u017eim\u0105? Kod\u0117l nepriklausomyb\u0117, valstybingumas, tautinis orumas ir asmens laisv\u0117 buvo i\u0161keisti \u012f \u201edraugyst\u0119\u201c ir paklusnum\u0105 svetimai Ryt\u0173 valstybei?... Vienas i\u0161 galim\u0173 atsakym\u0173 yra \u0161i Mindaugo Tamo\u0161ai\u010dio, jauno istoriko ir literat\u016brologo, knyga \u201eDidysis apakimas\u201c (Lietuvos ra\u0161ytoj\u0173 kair\u0117jimas 4-ajame XX a. de\u0161imtmetyje). \u0160io proceso prie\u017eastis autorius precizi\u0161kai atskleid\u017eia remdamasis gausia archyvine med\u017eiaga, dar neskelbtais dokumentais, periodine ano meto spauda, literat\u016bros k\u016briniais bei am\u017einink\u0173 atsiminimais. Monografijai b\u016bdingas taiklus ir skvarbus analitinis \u017evilgsnis, ai\u0161kus \u012fvyki\u0173 suvokimas, polemin\u0117 aistra svarstant gin\u010dytinus klausimus. Ir pagarba istorinei tiesai bei asmenyb\u0117ms \u2013 kad ir koki\u0105 ideologij\u0105 jos i\u0161pa\u017eint\u0173.","breadcrumb":{"@id":"https:\/\/skaitytaknyga.lt\/produktas\/mindaugas-tamosaitis-didysis-apakimas\/#breadcrumb"},"inLanguage":"en-GB","potentialAction":[{"@type":"ReadAction","target":["https:\/\/skaitytaknyga.lt\/produktas\/mindaugas-tamosaitis-didysis-apakimas\/"]}]},{"@type":"ImageObject","inLanguage":"en-GB","@id":"https:\/\/skaitytaknyga.lt\/produktas\/mindaugas-tamosaitis-didysis-apakimas\/#primaryimage","url":"https:\/\/skaitytaknyga.lt\/wp-content\/uploads\/2024\/05\/1510920507_Scan_17-11-2017_1206.jpg","contentUrl":"https:\/\/skaitytaknyga.lt\/wp-content\/uploads\/2024\/05\/1510920507_Scan_17-11-2017_1206.jpg","width":307,"height":430},{"@type":"BreadcrumbList","@id":"https:\/\/skaitytaknyga.lt\/produktas\/mindaugas-tamosaitis-didysis-apakimas\/#breadcrumb","itemListElement":[{"@type":"ListItem","position":1,"name":"Home","item":"https:\/\/skaitytaknyga.lt\/"},{"@type":"ListItem","position":2,"name":"Parduotuv\u0117","item":"https:\/\/skaitytaknyga.lt\/knygu-parduotuve\/"},{"@type":"ListItem","position":3,"name":"Mindaugas Tamo\u0161aitis \u201eDidysis apakimas\u201c"}]},{"@type":"WebSite","@id":"https:\/\/skaitytaknyga.lt\/#website","url":"https:\/\/skaitytaknyga.lt\/","name":"skaitytaknyga.lt","description":"Skaitytaknyga.lt \u2013 tai ma\u017eas \u0161eimos verslas, kuris prasid\u0117jo nuo meil\u0117s knygoms ir siekio i\u0161gelb\u0117ti knygas nuo likimo prie konteinerio. Kas vienam nereikalingas daiktas \u2013 kitam lobis, o mes esame tarpininkai, kurie padeda abiems tapti laimingesniems ???? \u017dinome kaip nelengva i\u0161gyventi ma\u017eiems verslams, tad nuo \u0161iol, \u010dia rasite ir kit\u0173, ma\u017e\u0173 \u0161eim\u0173 versl\u0173, rank\u0173 darbo, dovan\u0173 sau ir artimiesiems.","publisher":{"@id":"https:\/\/skaitytaknyga.lt\/#organization"},"potentialAction":[{"@type":"SearchAction","target":{"@type":"EntryPoint","urlTemplate":"https:\/\/skaitytaknyga.lt\/?s={search_term_string}"},"query-input":{"@type":"PropertyValueSpecification","valueRequired":true,"valueName":"search_term_string"}}],"inLanguage":"en-GB"},{"@type":"Organization","@id":"https:\/\/skaitytaknyga.lt\/#organization","name":"skaitytaknyga.lt","url":"https:\/\/skaitytaknyga.lt\/","logo":{"@type":"ImageObject","inLanguage":"en-GB","@id":"https:\/\/skaitytaknyga.lt\/#\/schema\/logo\/image\/","url":"https:\/\/skaitytaknyga.lt\/wp-content\/uploads\/2024\/05\/cropped-cropped-cropped-02_00843_jt3bggkj1j3HLc7SyY6rEUpg.jpeg","contentUrl":"https:\/\/skaitytaknyga.lt\/wp-content\/uploads\/2024\/05\/cropped-cropped-cropped-02_00843_jt3bggkj1j3HLc7SyY6rEUpg.jpeg","width":1600,"height":1600,"caption":"skaitytaknyga.lt"},"image":{"@id":"https:\/\/skaitytaknyga.lt\/#\/schema\/logo\/image\/"},"sameAs":["https:\/\/www.facebook.com\/skaitytaknyga\/"]}]}},"_links":{"self":[{"href":"https:\/\/skaitytaknyga.lt\/en\/wp-json\/wp\/v2\/product\/6815","targetHints":{"allow":["GET"]}}],"collection":[{"href":"https:\/\/skaitytaknyga.lt\/en\/wp-json\/wp\/v2\/product"}],"about":[{"href":"https:\/\/skaitytaknyga.lt\/en\/wp-json\/wp\/v2\/types\/product"}],"replies":[{"embeddable":true,"href":"https:\/\/skaitytaknyga.lt\/en\/wp-json\/wp\/v2\/comments?post=6815"}],"wp:featuredmedia":[{"embeddable":true,"href":"https:\/\/skaitytaknyga.lt\/en\/wp-json\/wp\/v2\/media\/6831"}],"wp:attachment":[{"href":"https:\/\/skaitytaknyga.lt\/en\/wp-json\/wp\/v2\/media?parent=6815"}],"wp:term":[{"taxonomy":"product_brand","embeddable":true,"href":"https:\/\/skaitytaknyga.lt\/en\/wp-json\/wp\/v2\/product_brand?post=6815"},{"taxonomy":"product_cat","embeddable":true,"href":"https:\/\/skaitytaknyga.lt\/en\/wp-json\/wp\/v2\/product_cat?post=6815"},{"taxonomy":"product_tag","embeddable":true,"href":"https:\/\/skaitytaknyga.lt\/en\/wp-json\/wp\/v2\/product_tag?post=6815"}],"curies":[{"name":"wp","href":"https:\/\/api.w.org\/{rel}","templated":true}]}}