{"id":6802,"date":"2024-05-02T13:28:51","date_gmt":"2024-05-02T13:28:51","guid":{"rendered":"https:\/\/skaitytaknyga.lt\/?post_type=product&#038;p=6802"},"modified":"2024-05-03T07:29:59","modified_gmt":"2024-05-03T07:29:59","slug":"aleksandras-puskinas-piku-dama-kapitono-dukte","status":"publish","type":"product","link":"https:\/\/skaitytaknyga.lt\/en\/produktas\/aleksandras-puskinas-piku-dama-kapitono-dukte\/","title":{"rendered":"Aleksandras Pu\u0161kinas \u201ePik\u0173 dama.Kapitono dukt\u0117&#8221;"},"content":{"rendered":"<p>Pik\u0173 dama pirm\u0105 kart\u0105 i\u0161spausdinta 1834 m. A. Pu\u0161kinas yra sak\u0119s, kad apysakos pagrindas \u2013 nei\u0161galvotas. Sen\u0117 grafien\u0117 tai Natalija Petrovna Golycina, kadaise gyvenusi Pary\u017eiuje. Viskas prasid\u0117jo nuo to, kad jos an\u016bkas Pu\u0161kinui pasakoj\u0119s, jog kart\u0105 jis prasilo\u0161\u0119s ir at\u0117j\u0119s pas senel\u0119 pra\u0161yti pinig\u0173. Senel\u0117 j\u0173 nedavusi, bet pasakiusi tris lemtingas kortas. An\u016bkas jos paklaus\u0119s ir atsilo\u0161\u0119s&#8230;<br \/>\nKapitono dukt\u0117 pirm\u0105 kart\u0105 i\u0161spausdinta 1836 m. Ra\u0161ydamas \u0161i\u0105 knyg\u0105 A. Pu\u0161kinas panaudojo surinkt\u0105 istorin\u0119, folklorin\u0119 med\u017eiag\u0105 ir Paural\u0117je u\u017esira\u0161ytus pa\u0161nekesius su Puga\u010diovo sukilimo liudininkais. Ir \u0161ioje apysakoje vyrauja autenti\u0161kas istorinis fonas, atgyja seniai gyven\u0119 \u017emon\u0117s&#8230;<\/p>\n","protected":false},"excerpt":{"rendered":"<p>Pik\u0173 dama pirm\u0105 kart\u0105 i\u0161spausdinta 1834 m. A. Pu\u0161kinas yra sak\u0119s, kad apysakos pagrindas \u2013 nei\u0161galvotas. Sen\u0117 grafien\u0117 tai Natalija Petrovna Golycina, kadaise gyvenusi Pary\u017eiuje. Viskas prasid\u0117jo nuo to, kad jos an\u016bkas Pu\u0161kinui pasakoj\u0119s, jog kart\u0105 jis prasilo\u0161\u0119s ir at\u0117j\u0119s pas senel\u0119 pra\u0161yti pinig\u0173. Senel\u0117 j\u0173 nedavusi, bet pasakiusi tris lemtingas kortas. An\u016bkas jos paklaus\u0119s ir atsilo\u0161\u0119s&#8230;<br \/>\nKapitono dukt\u0117 pirm\u0105 kart\u0105 i\u0161spausdinta 1836 m. Ra\u0161ydamas \u0161i\u0105 knyg\u0105 A. Pu\u0161kinas panaudojo surinkt\u0105 istorin\u0119, folklorin\u0119 med\u017eiag\u0105 ir Paural\u0117je u\u017esira\u0161ytus pa\u0161nekesius su Puga\u010diovo sukilimo liudininkais. Ir \u0161ioje apysakoje vyrauja autenti\u0161kas istorinis fonas, atgyja seniai gyven\u0119 \u017emon\u0117s&#8230;<\/p>\n","protected":false},"featured_media":6822,"comment_status":"closed","ping_status":"closed","template":"","meta":{"_acf_changed":false,"site-sidebar-layout":"default","site-content-layout":"","ast-site-content-layout":"default","site-content-style":"default","site-sidebar-style":"default","ast-global-header-display":"","ast-banner-title-visibility":"","ast-main-header-display":"","ast-hfb-above-header-display":"","ast-hfb-below-header-display":"","ast-hfb-mobile-header-display":"","site-post-title":"","ast-breadcrumbs-content":"","ast-featured-img":"","footer-sml-layout":"","ast-disable-related-posts":"","theme-transparent-header-meta":"","adv-header-id-meta":"","stick-header-meta":"","header-above-stick-meta":"","header-main-stick-meta":"","header-below-stick-meta":"","astra-migrate-meta-layouts":"default","ast-page-background-enabled":"default","ast-page-background-meta":{"desktop":{"background-color":"","background-image":"","background-repeat":"repeat","background-position":"center center","background-size":"auto","background-attachment":"scroll","background-type":"","background-media":"","overlay-type":"","overlay-color":"","overlay-opacity":"","overlay-gradient":""},"tablet":{"background-color":"","background-image":"","background-repeat":"repeat","background-position":"center center","background-size":"auto","background-attachment":"scroll","background-type":"","background-media":"","overlay-type":"","overlay-color":"","overlay-opacity":"","overlay-gradient":""},"mobile":{"background-color":"","background-image":"","background-repeat":"repeat","background-position":"center center","background-size":"auto","background-attachment":"scroll","background-type":"","background-media":"","overlay-type":"","overlay-color":"","overlay-opacity":"","overlay-gradient":""}},"ast-content-background-meta":{"desktop":{"background-color":"var(--ast-global-color-4)","background-image":"","background-repeat":"repeat","background-position":"center center","background-size":"auto","background-attachment":"scroll","background-type":"","background-media":"","overlay-type":"","overlay-color":"","overlay-opacity":"","overlay-gradient":""},"tablet":{"background-color":"var(--ast-global-color-4)","background-image":"","background-repeat":"repeat","background-position":"center center","background-size":"auto","background-attachment":"scroll","background-type":"","background-media":"","overlay-type":"","overlay-color":"","overlay-opacity":"","overlay-gradient":""},"mobile":{"background-color":"var(--ast-global-color-4)","background-image":"","background-repeat":"repeat","background-position":"center center","background-size":"auto","background-attachment":"scroll","background-type":"","background-media":"","overlay-type":"","overlay-color":"","overlay-opacity":"","overlay-gradient":""}}},"product_brand":[],"product_cat":[31],"product_tag":[],"class_list":{"0":"post-6802","1":"product","2":"type-product","3":"status-publish","4":"has-post-thumbnail","6":"product_cat-grozine-literatura","7":"desktop-align-left","8":"tablet-align-left","9":"mobile-align-left","11":"first","12":"outofstock","13":"shipping-taxable","14":"purchasable","15":"product-type-simple"},"acf":[],"yoast_head":"<!-- This site is optimized with the Yoast SEO plugin v27.0 - https:\/\/yoast.com\/product\/yoast-seo-wordpress\/ -->\n<title>Aleksandras Pu\u0161kinas \u201ePik\u0173 dama.Kapitono dukt\u0117&quot; - Skaitytaknyga<\/title>\n<meta name=\"description\" content=\"Pik\u0173 dama pirm\u0105 kart\u0105 i\u0161spausdinta 1834 m. A. Pu\u0161kinas yra sak\u0119s, kad apysakos pagrindas \u2013 nei\u0161galvotas. Sen\u0117 grafien\u0117 tai Natalija Petrovna Golycina, kadaise gyvenusi Pary\u017eiuje. Viskas prasid\u0117jo nuo to, kad jos an\u016bkas Pu\u0161kinui pasakoj\u0119s, jog kart\u0105 jis prasilo\u0161\u0119s ir at\u0117j\u0119s pas senel\u0119 pra\u0161yti pinig\u0173. Senel\u0117 j\u0173 nedavusi, bet pasakiusi tris lemtingas kortas. An\u016bkas jos paklaus\u0119s ir atsilo\u0161\u0119s... Kapitono dukt\u0117 pirm\u0105 kart\u0105 i\u0161spausdinta 1836 m. Ra\u0161ydamas \u0161i\u0105 knyg\u0105 A. Pu\u0161kinas panaudojo surinkt\u0105 istorin\u0119, folklorin\u0119 med\u017eiag\u0105 ir Paural\u0117je u\u017esira\u0161ytus pa\u0161nekesius su Puga\u010diovo sukilimo liudininkais. Ir \u0161ioje apysakoje vyrauja autenti\u0161kas istorinis fonas, atgyja seniai gyven\u0119 \u017emon\u0117s...\" \/>\n<meta name=\"robots\" content=\"index, follow, max-snippet:-1, max-image-preview:large, max-video-preview:-1\" \/>\n<link rel=\"canonical\" href=\"https:\/\/skaitytaknyga.lt\/en\/produktas\/aleksandras-puskinas-piku-dama-kapitono-dukte\/\" \/>\n<meta property=\"og:locale\" content=\"en_GB\" \/>\n<meta property=\"og:locale:alternate\" content=\"lt_LT\" \/>\n<meta property=\"og:type\" content=\"article\" \/>\n<meta property=\"og:title\" content=\"Aleksandras Pu\u0161kinas \u201ePik\u0173 dama.Kapitono dukt\u0117&quot; - Skaitytaknyga\" \/>\n<meta property=\"og:description\" content=\"Pik\u0173 dama pirm\u0105 kart\u0105 i\u0161spausdinta 1834 m. A. Pu\u0161kinas yra sak\u0119s, kad apysakos pagrindas \u2013 nei\u0161galvotas. Sen\u0117 grafien\u0117 tai Natalija Petrovna Golycina, kadaise gyvenusi Pary\u017eiuje. Viskas prasid\u0117jo nuo to, kad jos an\u016bkas Pu\u0161kinui pasakoj\u0119s, jog kart\u0105 jis prasilo\u0161\u0119s ir at\u0117j\u0119s pas senel\u0119 pra\u0161yti pinig\u0173. Senel\u0117 j\u0173 nedavusi, bet pasakiusi tris lemtingas kortas. An\u016bkas jos paklaus\u0119s ir atsilo\u0161\u0119s... Kapitono dukt\u0117 pirm\u0105 kart\u0105 i\u0161spausdinta 1836 m. Ra\u0161ydamas \u0161i\u0105 knyg\u0105 A. Pu\u0161kinas panaudojo surinkt\u0105 istorin\u0119, folklorin\u0119 med\u017eiag\u0105 ir Paural\u0117je u\u017esira\u0161ytus pa\u0161nekesius su Puga\u010diovo sukilimo liudininkais. Ir \u0161ioje apysakoje vyrauja autenti\u0161kas istorinis fonas, atgyja seniai gyven\u0119 \u017emon\u0117s...\" \/>\n<meta property=\"og:url\" content=\"https:\/\/skaitytaknyga.lt\/en\/produktas\/aleksandras-puskinas-piku-dama-kapitono-dukte\/\" \/>\n<meta property=\"og:site_name\" content=\"Skaitytaknyga\" \/>\n<meta property=\"article:publisher\" content=\"https:\/\/www.facebook.com\/skaitytaknyga\/\" \/>\n<meta property=\"article:modified_time\" content=\"2024-05-03T07:29:59+00:00\" \/>\n<meta property=\"og:image\" content=\"https:\/\/skaitytaknyga.lt\/wp-content\/uploads\/2024\/05\/piko-dama-kapitono-dukte.jpg\" \/>\n\t<meta property=\"og:image:width\" content=\"491\" \/>\n\t<meta property=\"og:image:height\" content=\"800\" \/>\n\t<meta property=\"og:image:type\" content=\"image\/jpeg\" \/>\n<meta name=\"twitter:card\" content=\"summary_large_image\" \/>\n<meta name=\"twitter:label1\" content=\"Estimated reading time\" \/>\n\t<meta name=\"twitter:data1\" content=\"1 minute\" \/>\n<script type=\"application\/ld+json\" class=\"yoast-schema-graph\">{\"@context\":\"https:\/\/schema.org\",\"@graph\":[{\"@type\":\"WebPage\",\"@id\":\"https:\/\/skaitytaknyga.lt\/produktas\/aleksandras-puskinas-piku-dama-kapitono-dukte\/\",\"url\":\"https:\/\/skaitytaknyga.lt\/produktas\/aleksandras-puskinas-piku-dama-kapitono-dukte\/\",\"name\":\"Aleksandras Pu\u0161kinas \u201ePik\u0173 dama.Kapitono dukt\u0117\\\" - Skaitytaknyga\",\"isPartOf\":{\"@id\":\"https:\/\/skaitytaknyga.lt\/#website\"},\"primaryImageOfPage\":{\"@id\":\"https:\/\/skaitytaknyga.lt\/produktas\/aleksandras-puskinas-piku-dama-kapitono-dukte\/#primaryimage\"},\"image\":{\"@id\":\"https:\/\/skaitytaknyga.lt\/produktas\/aleksandras-puskinas-piku-dama-kapitono-dukte\/#primaryimage\"},\"thumbnailUrl\":\"https:\/\/skaitytaknyga.lt\/wp-content\/uploads\/2024\/05\/piko-dama-kapitono-dukte.jpg\",\"datePublished\":\"2024-05-02T13:28:51+00:00\",\"dateModified\":\"2024-05-03T07:29:59+00:00\",\"description\":\"Pik\u0173 dama pirm\u0105 kart\u0105 i\u0161spausdinta 1834 m. A. Pu\u0161kinas yra sak\u0119s, kad apysakos pagrindas \u2013 nei\u0161galvotas. Sen\u0117 grafien\u0117 tai Natalija Petrovna Golycina, kadaise gyvenusi Pary\u017eiuje. Viskas prasid\u0117jo nuo to, kad jos an\u016bkas Pu\u0161kinui pasakoj\u0119s, jog kart\u0105 jis prasilo\u0161\u0119s ir at\u0117j\u0119s pas senel\u0119 pra\u0161yti pinig\u0173. Senel\u0117 j\u0173 nedavusi, bet pasakiusi tris lemtingas kortas. An\u016bkas jos paklaus\u0119s ir atsilo\u0161\u0119s... Kapitono dukt\u0117 pirm\u0105 kart\u0105 i\u0161spausdinta 1836 m. Ra\u0161ydamas \u0161i\u0105 knyg\u0105 A. Pu\u0161kinas panaudojo surinkt\u0105 istorin\u0119, folklorin\u0119 med\u017eiag\u0105 ir Paural\u0117je u\u017esira\u0161ytus pa\u0161nekesius su Puga\u010diovo sukilimo liudininkais. Ir \u0161ioje apysakoje vyrauja autenti\u0161kas istorinis fonas, atgyja seniai gyven\u0119 \u017emon\u0117s...\",\"breadcrumb\":{\"@id\":\"https:\/\/skaitytaknyga.lt\/produktas\/aleksandras-puskinas-piku-dama-kapitono-dukte\/#breadcrumb\"},\"inLanguage\":\"en-GB\",\"potentialAction\":[{\"@type\":\"ReadAction\",\"target\":[\"https:\/\/skaitytaknyga.lt\/produktas\/aleksandras-puskinas-piku-dama-kapitono-dukte\/\"]}]},{\"@type\":\"ImageObject\",\"inLanguage\":\"en-GB\",\"@id\":\"https:\/\/skaitytaknyga.lt\/produktas\/aleksandras-puskinas-piku-dama-kapitono-dukte\/#primaryimage\",\"url\":\"https:\/\/skaitytaknyga.lt\/wp-content\/uploads\/2024\/05\/piko-dama-kapitono-dukte.jpg\",\"contentUrl\":\"https:\/\/skaitytaknyga.lt\/wp-content\/uploads\/2024\/05\/piko-dama-kapitono-dukte.jpg\",\"width\":491,\"height\":800},{\"@type\":\"BreadcrumbList\",\"@id\":\"https:\/\/skaitytaknyga.lt\/produktas\/aleksandras-puskinas-piku-dama-kapitono-dukte\/#breadcrumb\",\"itemListElement\":[{\"@type\":\"ListItem\",\"position\":1,\"name\":\"Home\",\"item\":\"https:\/\/skaitytaknyga.lt\/\"},{\"@type\":\"ListItem\",\"position\":2,\"name\":\"Parduotuv\u0117\",\"item\":\"https:\/\/skaitytaknyga.lt\/knygu-parduotuve\/\"},{\"@type\":\"ListItem\",\"position\":3,\"name\":\"Aleksandras Pu\u0161kinas \u201ePik\u0173 dama.Kapitono dukt\u0117&#8221;\"}]},{\"@type\":\"WebSite\",\"@id\":\"https:\/\/skaitytaknyga.lt\/#website\",\"url\":\"https:\/\/skaitytaknyga.lt\/\",\"name\":\"skaitytaknyga.lt\",\"description\":\"Skaitytaknyga.lt \u2013 tai ma\u017eas \u0161eimos verslas, kuris prasid\u0117jo nuo meil\u0117s knygoms ir siekio i\u0161gelb\u0117ti knygas nuo likimo prie konteinerio. Kas vienam nereikalingas daiktas \u2013 kitam lobis, o mes esame tarpininkai, kurie padeda abiems tapti laimingesniems ???? \u017dinome kaip nelengva i\u0161gyventi ma\u017eiems verslams, tad nuo \u0161iol, \u010dia rasite ir kit\u0173, ma\u017e\u0173 \u0161eim\u0173 versl\u0173, rank\u0173 darbo, dovan\u0173 sau ir artimiesiems.\",\"publisher\":{\"@id\":\"https:\/\/skaitytaknyga.lt\/#organization\"},\"potentialAction\":[{\"@type\":\"SearchAction\",\"target\":{\"@type\":\"EntryPoint\",\"urlTemplate\":\"https:\/\/skaitytaknyga.lt\/?s={search_term_string}\"},\"query-input\":{\"@type\":\"PropertyValueSpecification\",\"valueRequired\":true,\"valueName\":\"search_term_string\"}}],\"inLanguage\":\"en-GB\"},{\"@type\":\"Organization\",\"@id\":\"https:\/\/skaitytaknyga.lt\/#organization\",\"name\":\"skaitytaknyga.lt\",\"url\":\"https:\/\/skaitytaknyga.lt\/\",\"logo\":{\"@type\":\"ImageObject\",\"inLanguage\":\"en-GB\",\"@id\":\"https:\/\/skaitytaknyga.lt\/#\/schema\/logo\/image\/\",\"url\":\"https:\/\/skaitytaknyga.lt\/wp-content\/uploads\/2024\/05\/cropped-cropped-cropped-02_00843_jt3bggkj1j3HLc7SyY6rEUpg.jpeg\",\"contentUrl\":\"https:\/\/skaitytaknyga.lt\/wp-content\/uploads\/2024\/05\/cropped-cropped-cropped-02_00843_jt3bggkj1j3HLc7SyY6rEUpg.jpeg\",\"width\":1600,\"height\":1600,\"caption\":\"skaitytaknyga.lt\"},\"image\":{\"@id\":\"https:\/\/skaitytaknyga.lt\/#\/schema\/logo\/image\/\"},\"sameAs\":[\"https:\/\/www.facebook.com\/skaitytaknyga\/\"]}]}<\/script>\n<!-- \/ Yoast SEO plugin. -->","yoast_head_json":{"title":"Aleksandras Pu\u0161kinas \u201ePik\u0173 dama.Kapitono dukt\u0117\" - Skaitytaknyga","description":"Pik\u0173 dama pirm\u0105 kart\u0105 i\u0161spausdinta 1834 m. A. Pu\u0161kinas yra sak\u0119s, kad apysakos pagrindas \u2013 nei\u0161galvotas. Sen\u0117 grafien\u0117 tai Natalija Petrovna Golycina, kadaise gyvenusi Pary\u017eiuje. Viskas prasid\u0117jo nuo to, kad jos an\u016bkas Pu\u0161kinui pasakoj\u0119s, jog kart\u0105 jis prasilo\u0161\u0119s ir at\u0117j\u0119s pas senel\u0119 pra\u0161yti pinig\u0173. Senel\u0117 j\u0173 nedavusi, bet pasakiusi tris lemtingas kortas. An\u016bkas jos paklaus\u0119s ir atsilo\u0161\u0119s... Kapitono dukt\u0117 pirm\u0105 kart\u0105 i\u0161spausdinta 1836 m. Ra\u0161ydamas \u0161i\u0105 knyg\u0105 A. Pu\u0161kinas panaudojo surinkt\u0105 istorin\u0119, folklorin\u0119 med\u017eiag\u0105 ir Paural\u0117je u\u017esira\u0161ytus pa\u0161nekesius su Puga\u010diovo sukilimo liudininkais. Ir \u0161ioje apysakoje vyrauja autenti\u0161kas istorinis fonas, atgyja seniai gyven\u0119 \u017emon\u0117s...","robots":{"index":"index","follow":"follow","max-snippet":"max-snippet:-1","max-image-preview":"max-image-preview:large","max-video-preview":"max-video-preview:-1"},"canonical":"https:\/\/skaitytaknyga.lt\/en\/produktas\/aleksandras-puskinas-piku-dama-kapitono-dukte\/","og_locale":"en_GB","og_type":"article","og_title":"Aleksandras Pu\u0161kinas \u201ePik\u0173 dama.Kapitono dukt\u0117\" - Skaitytaknyga","og_description":"Pik\u0173 dama pirm\u0105 kart\u0105 i\u0161spausdinta 1834 m. A. Pu\u0161kinas yra sak\u0119s, kad apysakos pagrindas \u2013 nei\u0161galvotas. Sen\u0117 grafien\u0117 tai Natalija Petrovna Golycina, kadaise gyvenusi Pary\u017eiuje. Viskas prasid\u0117jo nuo to, kad jos an\u016bkas Pu\u0161kinui pasakoj\u0119s, jog kart\u0105 jis prasilo\u0161\u0119s ir at\u0117j\u0119s pas senel\u0119 pra\u0161yti pinig\u0173. Senel\u0117 j\u0173 nedavusi, bet pasakiusi tris lemtingas kortas. An\u016bkas jos paklaus\u0119s ir atsilo\u0161\u0119s... Kapitono dukt\u0117 pirm\u0105 kart\u0105 i\u0161spausdinta 1836 m. Ra\u0161ydamas \u0161i\u0105 knyg\u0105 A. Pu\u0161kinas panaudojo surinkt\u0105 istorin\u0119, folklorin\u0119 med\u017eiag\u0105 ir Paural\u0117je u\u017esira\u0161ytus pa\u0161nekesius su Puga\u010diovo sukilimo liudininkais. Ir \u0161ioje apysakoje vyrauja autenti\u0161kas istorinis fonas, atgyja seniai gyven\u0119 \u017emon\u0117s...","og_url":"https:\/\/skaitytaknyga.lt\/en\/produktas\/aleksandras-puskinas-piku-dama-kapitono-dukte\/","og_site_name":"Skaitytaknyga","article_publisher":"https:\/\/www.facebook.com\/skaitytaknyga\/","article_modified_time":"2024-05-03T07:29:59+00:00","og_image":[{"width":491,"height":800,"url":"https:\/\/skaitytaknyga.lt\/wp-content\/uploads\/2024\/05\/piko-dama-kapitono-dukte.jpg","type":"image\/jpeg"}],"twitter_card":"summary_large_image","twitter_misc":{"Estimated reading time":"1 minute"},"schema":{"@context":"https:\/\/schema.org","@graph":[{"@type":"WebPage","@id":"https:\/\/skaitytaknyga.lt\/produktas\/aleksandras-puskinas-piku-dama-kapitono-dukte\/","url":"https:\/\/skaitytaknyga.lt\/produktas\/aleksandras-puskinas-piku-dama-kapitono-dukte\/","name":"Aleksandras Pu\u0161kinas \u201ePik\u0173 dama.Kapitono dukt\u0117\" - Skaitytaknyga","isPartOf":{"@id":"https:\/\/skaitytaknyga.lt\/#website"},"primaryImageOfPage":{"@id":"https:\/\/skaitytaknyga.lt\/produktas\/aleksandras-puskinas-piku-dama-kapitono-dukte\/#primaryimage"},"image":{"@id":"https:\/\/skaitytaknyga.lt\/produktas\/aleksandras-puskinas-piku-dama-kapitono-dukte\/#primaryimage"},"thumbnailUrl":"https:\/\/skaitytaknyga.lt\/wp-content\/uploads\/2024\/05\/piko-dama-kapitono-dukte.jpg","datePublished":"2024-05-02T13:28:51+00:00","dateModified":"2024-05-03T07:29:59+00:00","description":"Pik\u0173 dama pirm\u0105 kart\u0105 i\u0161spausdinta 1834 m. A. Pu\u0161kinas yra sak\u0119s, kad apysakos pagrindas \u2013 nei\u0161galvotas. Sen\u0117 grafien\u0117 tai Natalija Petrovna Golycina, kadaise gyvenusi Pary\u017eiuje. Viskas prasid\u0117jo nuo to, kad jos an\u016bkas Pu\u0161kinui pasakoj\u0119s, jog kart\u0105 jis prasilo\u0161\u0119s ir at\u0117j\u0119s pas senel\u0119 pra\u0161yti pinig\u0173. Senel\u0117 j\u0173 nedavusi, bet pasakiusi tris lemtingas kortas. An\u016bkas jos paklaus\u0119s ir atsilo\u0161\u0119s... Kapitono dukt\u0117 pirm\u0105 kart\u0105 i\u0161spausdinta 1836 m. Ra\u0161ydamas \u0161i\u0105 knyg\u0105 A. Pu\u0161kinas panaudojo surinkt\u0105 istorin\u0119, folklorin\u0119 med\u017eiag\u0105 ir Paural\u0117je u\u017esira\u0161ytus pa\u0161nekesius su Puga\u010diovo sukilimo liudininkais. Ir \u0161ioje apysakoje vyrauja autenti\u0161kas istorinis fonas, atgyja seniai gyven\u0119 \u017emon\u0117s...","breadcrumb":{"@id":"https:\/\/skaitytaknyga.lt\/produktas\/aleksandras-puskinas-piku-dama-kapitono-dukte\/#breadcrumb"},"inLanguage":"en-GB","potentialAction":[{"@type":"ReadAction","target":["https:\/\/skaitytaknyga.lt\/produktas\/aleksandras-puskinas-piku-dama-kapitono-dukte\/"]}]},{"@type":"ImageObject","inLanguage":"en-GB","@id":"https:\/\/skaitytaknyga.lt\/produktas\/aleksandras-puskinas-piku-dama-kapitono-dukte\/#primaryimage","url":"https:\/\/skaitytaknyga.lt\/wp-content\/uploads\/2024\/05\/piko-dama-kapitono-dukte.jpg","contentUrl":"https:\/\/skaitytaknyga.lt\/wp-content\/uploads\/2024\/05\/piko-dama-kapitono-dukte.jpg","width":491,"height":800},{"@type":"BreadcrumbList","@id":"https:\/\/skaitytaknyga.lt\/produktas\/aleksandras-puskinas-piku-dama-kapitono-dukte\/#breadcrumb","itemListElement":[{"@type":"ListItem","position":1,"name":"Home","item":"https:\/\/skaitytaknyga.lt\/"},{"@type":"ListItem","position":2,"name":"Parduotuv\u0117","item":"https:\/\/skaitytaknyga.lt\/knygu-parduotuve\/"},{"@type":"ListItem","position":3,"name":"Aleksandras Pu\u0161kinas \u201ePik\u0173 dama.Kapitono dukt\u0117&#8221;"}]},{"@type":"WebSite","@id":"https:\/\/skaitytaknyga.lt\/#website","url":"https:\/\/skaitytaknyga.lt\/","name":"skaitytaknyga.lt","description":"Skaitytaknyga.lt \u2013 tai ma\u017eas \u0161eimos verslas, kuris prasid\u0117jo nuo meil\u0117s knygoms ir siekio i\u0161gelb\u0117ti knygas nuo likimo prie konteinerio. Kas vienam nereikalingas daiktas \u2013 kitam lobis, o mes esame tarpininkai, kurie padeda abiems tapti laimingesniems ???? \u017dinome kaip nelengva i\u0161gyventi ma\u017eiems verslams, tad nuo \u0161iol, \u010dia rasite ir kit\u0173, ma\u017e\u0173 \u0161eim\u0173 versl\u0173, rank\u0173 darbo, dovan\u0173 sau ir artimiesiems.","publisher":{"@id":"https:\/\/skaitytaknyga.lt\/#organization"},"potentialAction":[{"@type":"SearchAction","target":{"@type":"EntryPoint","urlTemplate":"https:\/\/skaitytaknyga.lt\/?s={search_term_string}"},"query-input":{"@type":"PropertyValueSpecification","valueRequired":true,"valueName":"search_term_string"}}],"inLanguage":"en-GB"},{"@type":"Organization","@id":"https:\/\/skaitytaknyga.lt\/#organization","name":"skaitytaknyga.lt","url":"https:\/\/skaitytaknyga.lt\/","logo":{"@type":"ImageObject","inLanguage":"en-GB","@id":"https:\/\/skaitytaknyga.lt\/#\/schema\/logo\/image\/","url":"https:\/\/skaitytaknyga.lt\/wp-content\/uploads\/2024\/05\/cropped-cropped-cropped-02_00843_jt3bggkj1j3HLc7SyY6rEUpg.jpeg","contentUrl":"https:\/\/skaitytaknyga.lt\/wp-content\/uploads\/2024\/05\/cropped-cropped-cropped-02_00843_jt3bggkj1j3HLc7SyY6rEUpg.jpeg","width":1600,"height":1600,"caption":"skaitytaknyga.lt"},"image":{"@id":"https:\/\/skaitytaknyga.lt\/#\/schema\/logo\/image\/"},"sameAs":["https:\/\/www.facebook.com\/skaitytaknyga\/"]}]}},"_links":{"self":[{"href":"https:\/\/skaitytaknyga.lt\/en\/wp-json\/wp\/v2\/product\/6802","targetHints":{"allow":["GET"]}}],"collection":[{"href":"https:\/\/skaitytaknyga.lt\/en\/wp-json\/wp\/v2\/product"}],"about":[{"href":"https:\/\/skaitytaknyga.lt\/en\/wp-json\/wp\/v2\/types\/product"}],"replies":[{"embeddable":true,"href":"https:\/\/skaitytaknyga.lt\/en\/wp-json\/wp\/v2\/comments?post=6802"}],"wp:featuredmedia":[{"embeddable":true,"href":"https:\/\/skaitytaknyga.lt\/en\/wp-json\/wp\/v2\/media\/6822"}],"wp:attachment":[{"href":"https:\/\/skaitytaknyga.lt\/en\/wp-json\/wp\/v2\/media?parent=6802"}],"wp:term":[{"taxonomy":"product_brand","embeddable":true,"href":"https:\/\/skaitytaknyga.lt\/en\/wp-json\/wp\/v2\/product_brand?post=6802"},{"taxonomy":"product_cat","embeddable":true,"href":"https:\/\/skaitytaknyga.lt\/en\/wp-json\/wp\/v2\/product_cat?post=6802"},{"taxonomy":"product_tag","embeddable":true,"href":"https:\/\/skaitytaknyga.lt\/en\/wp-json\/wp\/v2\/product_tag?post=6802"}],"curies":[{"name":"wp","href":"https:\/\/api.w.org\/{rel}","templated":true}]}}