{"id":6788,"date":"2024-05-02T13:28:29","date_gmt":"2024-05-02T13:28:29","guid":{"rendered":"https:\/\/skaitytaknyga.lt\/?post_type=product&#038;p=6788"},"modified":"2024-05-03T07:29:59","modified_gmt":"2024-05-03T07:29:59","slug":"the-illustrated-kama-sutra-ananga-ranga-and-perfumed-garden","status":"publish","type":"product","link":"https:\/\/skaitytaknyga.lt\/en\/produktas\/the-illustrated-kama-sutra-ananga-ranga-and-perfumed-garden\/","title":{"rendered":"The Illustrated Kama Sutra : Ananga-Ranga and Perfumed Garden"},"content":{"rendered":"<p>Sexual frankness without a hint of guilt or prurience is the great legacy which the Eastern, and in particular Indian, traditions have given us. As an expression of human culture, and as a pillow book for the modern boudoir, the Kama Sutra of Vatsyayana the most famous work on sex ever written the Ananga-Ranga of Kalyana Malla, and Sheikh Nefzai&#8217;s Perfumed Garden, set forth the principles of sensual pleasure with poetry, wisdom, and humor, celebrating love as an ecstatic expression of life&#8217;s beauty.<\/p>\n","protected":false},"excerpt":{"rendered":"<p>Sexual frankness without a hint of guilt or prurience is the great legacy which the Eastern, and in particular Indian, traditions have given us. As an expression of human culture, and as a pillow book for the modern boudoir, the Kama Sutra of Vatsyayana the most famous work on sex ever written the Ananga-Ranga of Kalyana Malla, and Sheikh Nefzai&#8217;s Perfumed Garden, set forth the principles of sensual pleasure with poetry, wisdom, and humor, celebrating love as an ecstatic expression of life&#8217;s beauty.<\/p>\n","protected":false},"featured_media":6808,"comment_status":"closed","ping_status":"closed","template":"","meta":{"_acf_changed":false,"site-sidebar-layout":"default","site-content-layout":"","ast-site-content-layout":"default","site-content-style":"default","site-sidebar-style":"default","ast-global-header-display":"","ast-banner-title-visibility":"","ast-main-header-display":"","ast-hfb-above-header-display":"","ast-hfb-below-header-display":"","ast-hfb-mobile-header-display":"","site-post-title":"","ast-breadcrumbs-content":"","ast-featured-img":"","footer-sml-layout":"","ast-disable-related-posts":"","theme-transparent-header-meta":"","adv-header-id-meta":"","stick-header-meta":"","header-above-stick-meta":"","header-main-stick-meta":"","header-below-stick-meta":"","astra-migrate-meta-layouts":"default","ast-page-background-enabled":"default","ast-page-background-meta":{"desktop":{"background-color":"","background-image":"","background-repeat":"repeat","background-position":"center center","background-size":"auto","background-attachment":"scroll","background-type":"","background-media":"","overlay-type":"","overlay-color":"","overlay-opacity":"","overlay-gradient":""},"tablet":{"background-color":"","background-image":"","background-repeat":"repeat","background-position":"center center","background-size":"auto","background-attachment":"scroll","background-type":"","background-media":"","overlay-type":"","overlay-color":"","overlay-opacity":"","overlay-gradient":""},"mobile":{"background-color":"","background-image":"","background-repeat":"repeat","background-position":"center center","background-size":"auto","background-attachment":"scroll","background-type":"","background-media":"","overlay-type":"","overlay-color":"","overlay-opacity":"","overlay-gradient":""}},"ast-content-background-meta":{"desktop":{"background-color":"var(--ast-global-color-4)","background-image":"","background-repeat":"repeat","background-position":"center center","background-size":"auto","background-attachment":"scroll","background-type":"","background-media":"","overlay-type":"","overlay-color":"","overlay-opacity":"","overlay-gradient":""},"tablet":{"background-color":"var(--ast-global-color-4)","background-image":"","background-repeat":"repeat","background-position":"center center","background-size":"auto","background-attachment":"scroll","background-type":"","background-media":"","overlay-type":"","overlay-color":"","overlay-opacity":"","overlay-gradient":""},"mobile":{"background-color":"var(--ast-global-color-4)","background-image":"","background-repeat":"repeat","background-position":"center center","background-size":"auto","background-attachment":"scroll","background-type":"","background-media":"","overlay-type":"","overlay-color":"","overlay-opacity":"","overlay-gradient":""}}},"product_brand":[],"product_cat":[174,34,57],"product_tag":[],"class_list":{"0":"post-6788","1":"product","2":"type-product","3":"status-publish","4":"has-post-thumbnail","6":"product_cat-istorija-ir-politologija","7":"product_cat-knygos-anglu-kalba","8":"product_cat-menas-ir-albumai","9":"desktop-align-left","10":"tablet-align-left","11":"mobile-align-left","13":"first","14":"outofstock","15":"shipping-taxable","16":"purchasable","17":"product-type-simple"},"acf":[],"yoast_head":"<!-- This site is optimized with the Yoast SEO plugin v27.0 - https:\/\/yoast.com\/product\/yoast-seo-wordpress\/ -->\n<title>The Illustrated Kama Sutra : Ananga-Ranga and Perfumed Garden - Skaitytaknyga<\/title>\n<meta name=\"description\" content=\"Sexual frankness without a hint of guilt or prurience is the great legacy which the Eastern, and in particular Indian, traditions have given us. As an expression of human culture, and as a pillow book for the modern boudoir, the Kama Sutra of Vatsyayana the most famous work on sex ever written the Ananga-Ranga of Kalyana Malla, and Sheikh Nefzai&#039;s Perfumed Garden, set forth the principles of sensual pleasure with poetry, wisdom, and humor, celebrating love as an ecstatic expression of life&#039;s beauty.\" \/>\n<meta name=\"robots\" content=\"index, follow, max-snippet:-1, max-image-preview:large, max-video-preview:-1\" \/>\n<link rel=\"canonical\" href=\"https:\/\/skaitytaknyga.lt\/en\/produktas\/the-illustrated-kama-sutra-ananga-ranga-and-perfumed-garden\/\" \/>\n<meta property=\"og:locale\" content=\"en_GB\" \/>\n<meta property=\"og:locale:alternate\" content=\"lt_LT\" \/>\n<meta property=\"og:type\" content=\"article\" \/>\n<meta property=\"og:title\" content=\"The Illustrated Kama Sutra : Ananga-Ranga and Perfumed Garden - Skaitytaknyga\" \/>\n<meta property=\"og:description\" content=\"Sexual frankness without a hint of guilt or prurience is the great legacy which the Eastern, and in particular Indian, traditions have given us. As an expression of human culture, and as a pillow book for the modern boudoir, the Kama Sutra of Vatsyayana the most famous work on sex ever written the Ananga-Ranga of Kalyana Malla, and Sheikh Nefzai&#039;s Perfumed Garden, set forth the principles of sensual pleasure with poetry, wisdom, and humor, celebrating love as an ecstatic expression of life&#039;s beauty.\" \/>\n<meta property=\"og:url\" content=\"https:\/\/skaitytaknyga.lt\/en\/produktas\/the-illustrated-kama-sutra-ananga-ranga-and-perfumed-garden\/\" \/>\n<meta property=\"og:site_name\" content=\"Skaitytaknyga\" \/>\n<meta property=\"article:publisher\" content=\"https:\/\/www.facebook.com\/skaitytaknyga\/\" \/>\n<meta property=\"article:modified_time\" content=\"2024-05-03T07:29:59+00:00\" \/>\n<meta property=\"og:image\" content=\"https:\/\/skaitytaknyga.lt\/wp-content\/uploads\/2024\/05\/515YQKPIe6L._SX384_BO1204203200_.jpg\" \/>\n\t<meta property=\"og:image:width\" content=\"386\" \/>\n\t<meta property=\"og:image:height\" content=\"499\" \/>\n\t<meta property=\"og:image:type\" content=\"image\/jpeg\" \/>\n<meta name=\"twitter:card\" content=\"summary_large_image\" \/>\n<meta name=\"twitter:label1\" content=\"Estimated reading time\" \/>\n\t<meta name=\"twitter:data1\" content=\"1 minute\" \/>\n<script type=\"application\/ld+json\" class=\"yoast-schema-graph\">{\"@context\":\"https:\/\/schema.org\",\"@graph\":[{\"@type\":\"WebPage\",\"@id\":\"https:\/\/skaitytaknyga.lt\/produktas\/the-illustrated-kama-sutra-ananga-ranga-and-perfumed-garden\/\",\"url\":\"https:\/\/skaitytaknyga.lt\/produktas\/the-illustrated-kama-sutra-ananga-ranga-and-perfumed-garden\/\",\"name\":\"The Illustrated Kama Sutra : Ananga-Ranga and Perfumed Garden - Skaitytaknyga\",\"isPartOf\":{\"@id\":\"https:\/\/skaitytaknyga.lt\/#website\"},\"primaryImageOfPage\":{\"@id\":\"https:\/\/skaitytaknyga.lt\/produktas\/the-illustrated-kama-sutra-ananga-ranga-and-perfumed-garden\/#primaryimage\"},\"image\":{\"@id\":\"https:\/\/skaitytaknyga.lt\/produktas\/the-illustrated-kama-sutra-ananga-ranga-and-perfumed-garden\/#primaryimage\"},\"thumbnailUrl\":\"https:\/\/skaitytaknyga.lt\/wp-content\/uploads\/2024\/05\/515YQKPIe6L._SX384_BO1204203200_.jpg\",\"datePublished\":\"2024-05-02T13:28:29+00:00\",\"dateModified\":\"2024-05-03T07:29:59+00:00\",\"description\":\"Sexual frankness without a hint of guilt or prurience is the great legacy which the Eastern, and in particular Indian, traditions have given us. As an expression of human culture, and as a pillow book for the modern boudoir, the Kama Sutra of Vatsyayana the most famous work on sex ever written the Ananga-Ranga of Kalyana Malla, and Sheikh Nefzai's Perfumed Garden, set forth the principles of sensual pleasure with poetry, wisdom, and humor, celebrating love as an ecstatic expression of life's beauty.\",\"breadcrumb\":{\"@id\":\"https:\/\/skaitytaknyga.lt\/produktas\/the-illustrated-kama-sutra-ananga-ranga-and-perfumed-garden\/#breadcrumb\"},\"inLanguage\":\"en-GB\",\"potentialAction\":[{\"@type\":\"ReadAction\",\"target\":[\"https:\/\/skaitytaknyga.lt\/produktas\/the-illustrated-kama-sutra-ananga-ranga-and-perfumed-garden\/\"]}]},{\"@type\":\"ImageObject\",\"inLanguage\":\"en-GB\",\"@id\":\"https:\/\/skaitytaknyga.lt\/produktas\/the-illustrated-kama-sutra-ananga-ranga-and-perfumed-garden\/#primaryimage\",\"url\":\"https:\/\/skaitytaknyga.lt\/wp-content\/uploads\/2024\/05\/515YQKPIe6L._SX384_BO1204203200_.jpg\",\"contentUrl\":\"https:\/\/skaitytaknyga.lt\/wp-content\/uploads\/2024\/05\/515YQKPIe6L._SX384_BO1204203200_.jpg\",\"width\":386,\"height\":499},{\"@type\":\"BreadcrumbList\",\"@id\":\"https:\/\/skaitytaknyga.lt\/produktas\/the-illustrated-kama-sutra-ananga-ranga-and-perfumed-garden\/#breadcrumb\",\"itemListElement\":[{\"@type\":\"ListItem\",\"position\":1,\"name\":\"Home\",\"item\":\"https:\/\/skaitytaknyga.lt\/\"},{\"@type\":\"ListItem\",\"position\":2,\"name\":\"Parduotuv\u0117\",\"item\":\"https:\/\/skaitytaknyga.lt\/knygu-parduotuve\/\"},{\"@type\":\"ListItem\",\"position\":3,\"name\":\"The Illustrated Kama Sutra : Ananga-Ranga and Perfumed Garden\"}]},{\"@type\":\"WebSite\",\"@id\":\"https:\/\/skaitytaknyga.lt\/#website\",\"url\":\"https:\/\/skaitytaknyga.lt\/\",\"name\":\"skaitytaknyga.lt\",\"description\":\"Skaitytaknyga.lt \u2013 tai ma\u017eas \u0161eimos verslas, kuris prasid\u0117jo nuo meil\u0117s knygoms ir siekio i\u0161gelb\u0117ti knygas nuo likimo prie konteinerio. Kas vienam nereikalingas daiktas \u2013 kitam lobis, o mes esame tarpininkai, kurie padeda abiems tapti laimingesniems ???? \u017dinome kaip nelengva i\u0161gyventi ma\u017eiems verslams, tad nuo \u0161iol, \u010dia rasite ir kit\u0173, ma\u017e\u0173 \u0161eim\u0173 versl\u0173, rank\u0173 darbo, dovan\u0173 sau ir artimiesiems.\",\"publisher\":{\"@id\":\"https:\/\/skaitytaknyga.lt\/#organization\"},\"potentialAction\":[{\"@type\":\"SearchAction\",\"target\":{\"@type\":\"EntryPoint\",\"urlTemplate\":\"https:\/\/skaitytaknyga.lt\/?s={search_term_string}\"},\"query-input\":{\"@type\":\"PropertyValueSpecification\",\"valueRequired\":true,\"valueName\":\"search_term_string\"}}],\"inLanguage\":\"en-GB\"},{\"@type\":\"Organization\",\"@id\":\"https:\/\/skaitytaknyga.lt\/#organization\",\"name\":\"skaitytaknyga.lt\",\"url\":\"https:\/\/skaitytaknyga.lt\/\",\"logo\":{\"@type\":\"ImageObject\",\"inLanguage\":\"en-GB\",\"@id\":\"https:\/\/skaitytaknyga.lt\/#\/schema\/logo\/image\/\",\"url\":\"https:\/\/skaitytaknyga.lt\/wp-content\/uploads\/2024\/05\/cropped-cropped-cropped-02_00843_jt3bggkj1j3HLc7SyY6rEUpg.jpeg\",\"contentUrl\":\"https:\/\/skaitytaknyga.lt\/wp-content\/uploads\/2024\/05\/cropped-cropped-cropped-02_00843_jt3bggkj1j3HLc7SyY6rEUpg.jpeg\",\"width\":1600,\"height\":1600,\"caption\":\"skaitytaknyga.lt\"},\"image\":{\"@id\":\"https:\/\/skaitytaknyga.lt\/#\/schema\/logo\/image\/\"},\"sameAs\":[\"https:\/\/www.facebook.com\/skaitytaknyga\/\"]}]}<\/script>\n<!-- \/ Yoast SEO plugin. -->","yoast_head_json":{"title":"The Illustrated Kama Sutra : Ananga-Ranga and Perfumed Garden - Skaitytaknyga","description":"Sexual frankness without a hint of guilt or prurience is the great legacy which the Eastern, and in particular Indian, traditions have given us. As an expression of human culture, and as a pillow book for the modern boudoir, the Kama Sutra of Vatsyayana the most famous work on sex ever written the Ananga-Ranga of Kalyana Malla, and Sheikh Nefzai's Perfumed Garden, set forth the principles of sensual pleasure with poetry, wisdom, and humor, celebrating love as an ecstatic expression of life's beauty.","robots":{"index":"index","follow":"follow","max-snippet":"max-snippet:-1","max-image-preview":"max-image-preview:large","max-video-preview":"max-video-preview:-1"},"canonical":"https:\/\/skaitytaknyga.lt\/en\/produktas\/the-illustrated-kama-sutra-ananga-ranga-and-perfumed-garden\/","og_locale":"en_GB","og_type":"article","og_title":"The Illustrated Kama Sutra : Ananga-Ranga and Perfumed Garden - Skaitytaknyga","og_description":"Sexual frankness without a hint of guilt or prurience is the great legacy which the Eastern, and in particular Indian, traditions have given us. As an expression of human culture, and as a pillow book for the modern boudoir, the Kama Sutra of Vatsyayana the most famous work on sex ever written the Ananga-Ranga of Kalyana Malla, and Sheikh Nefzai's Perfumed Garden, set forth the principles of sensual pleasure with poetry, wisdom, and humor, celebrating love as an ecstatic expression of life's beauty.","og_url":"https:\/\/skaitytaknyga.lt\/en\/produktas\/the-illustrated-kama-sutra-ananga-ranga-and-perfumed-garden\/","og_site_name":"Skaitytaknyga","article_publisher":"https:\/\/www.facebook.com\/skaitytaknyga\/","article_modified_time":"2024-05-03T07:29:59+00:00","og_image":[{"width":386,"height":499,"url":"https:\/\/skaitytaknyga.lt\/wp-content\/uploads\/2024\/05\/515YQKPIe6L._SX384_BO1204203200_.jpg","type":"image\/jpeg"}],"twitter_card":"summary_large_image","twitter_misc":{"Estimated reading time":"1 minute"},"schema":{"@context":"https:\/\/schema.org","@graph":[{"@type":"WebPage","@id":"https:\/\/skaitytaknyga.lt\/produktas\/the-illustrated-kama-sutra-ananga-ranga-and-perfumed-garden\/","url":"https:\/\/skaitytaknyga.lt\/produktas\/the-illustrated-kama-sutra-ananga-ranga-and-perfumed-garden\/","name":"The Illustrated Kama Sutra : Ananga-Ranga and Perfumed Garden - Skaitytaknyga","isPartOf":{"@id":"https:\/\/skaitytaknyga.lt\/#website"},"primaryImageOfPage":{"@id":"https:\/\/skaitytaknyga.lt\/produktas\/the-illustrated-kama-sutra-ananga-ranga-and-perfumed-garden\/#primaryimage"},"image":{"@id":"https:\/\/skaitytaknyga.lt\/produktas\/the-illustrated-kama-sutra-ananga-ranga-and-perfumed-garden\/#primaryimage"},"thumbnailUrl":"https:\/\/skaitytaknyga.lt\/wp-content\/uploads\/2024\/05\/515YQKPIe6L._SX384_BO1204203200_.jpg","datePublished":"2024-05-02T13:28:29+00:00","dateModified":"2024-05-03T07:29:59+00:00","description":"Sexual frankness without a hint of guilt or prurience is the great legacy which the Eastern, and in particular Indian, traditions have given us. As an expression of human culture, and as a pillow book for the modern boudoir, the Kama Sutra of Vatsyayana the most famous work on sex ever written the Ananga-Ranga of Kalyana Malla, and Sheikh Nefzai's Perfumed Garden, set forth the principles of sensual pleasure with poetry, wisdom, and humor, celebrating love as an ecstatic expression of life's beauty.","breadcrumb":{"@id":"https:\/\/skaitytaknyga.lt\/produktas\/the-illustrated-kama-sutra-ananga-ranga-and-perfumed-garden\/#breadcrumb"},"inLanguage":"en-GB","potentialAction":[{"@type":"ReadAction","target":["https:\/\/skaitytaknyga.lt\/produktas\/the-illustrated-kama-sutra-ananga-ranga-and-perfumed-garden\/"]}]},{"@type":"ImageObject","inLanguage":"en-GB","@id":"https:\/\/skaitytaknyga.lt\/produktas\/the-illustrated-kama-sutra-ananga-ranga-and-perfumed-garden\/#primaryimage","url":"https:\/\/skaitytaknyga.lt\/wp-content\/uploads\/2024\/05\/515YQKPIe6L._SX384_BO1204203200_.jpg","contentUrl":"https:\/\/skaitytaknyga.lt\/wp-content\/uploads\/2024\/05\/515YQKPIe6L._SX384_BO1204203200_.jpg","width":386,"height":499},{"@type":"BreadcrumbList","@id":"https:\/\/skaitytaknyga.lt\/produktas\/the-illustrated-kama-sutra-ananga-ranga-and-perfumed-garden\/#breadcrumb","itemListElement":[{"@type":"ListItem","position":1,"name":"Home","item":"https:\/\/skaitytaknyga.lt\/"},{"@type":"ListItem","position":2,"name":"Parduotuv\u0117","item":"https:\/\/skaitytaknyga.lt\/knygu-parduotuve\/"},{"@type":"ListItem","position":3,"name":"The Illustrated Kama Sutra : Ananga-Ranga and Perfumed Garden"}]},{"@type":"WebSite","@id":"https:\/\/skaitytaknyga.lt\/#website","url":"https:\/\/skaitytaknyga.lt\/","name":"skaitytaknyga.lt","description":"Skaitytaknyga.lt \u2013 tai ma\u017eas \u0161eimos verslas, kuris prasid\u0117jo nuo meil\u0117s knygoms ir siekio i\u0161gelb\u0117ti knygas nuo likimo prie konteinerio. Kas vienam nereikalingas daiktas \u2013 kitam lobis, o mes esame tarpininkai, kurie padeda abiems tapti laimingesniems ???? \u017dinome kaip nelengva i\u0161gyventi ma\u017eiems verslams, tad nuo \u0161iol, \u010dia rasite ir kit\u0173, ma\u017e\u0173 \u0161eim\u0173 versl\u0173, rank\u0173 darbo, dovan\u0173 sau ir artimiesiems.","publisher":{"@id":"https:\/\/skaitytaknyga.lt\/#organization"},"potentialAction":[{"@type":"SearchAction","target":{"@type":"EntryPoint","urlTemplate":"https:\/\/skaitytaknyga.lt\/?s={search_term_string}"},"query-input":{"@type":"PropertyValueSpecification","valueRequired":true,"valueName":"search_term_string"}}],"inLanguage":"en-GB"},{"@type":"Organization","@id":"https:\/\/skaitytaknyga.lt\/#organization","name":"skaitytaknyga.lt","url":"https:\/\/skaitytaknyga.lt\/","logo":{"@type":"ImageObject","inLanguage":"en-GB","@id":"https:\/\/skaitytaknyga.lt\/#\/schema\/logo\/image\/","url":"https:\/\/skaitytaknyga.lt\/wp-content\/uploads\/2024\/05\/cropped-cropped-cropped-02_00843_jt3bggkj1j3HLc7SyY6rEUpg.jpeg","contentUrl":"https:\/\/skaitytaknyga.lt\/wp-content\/uploads\/2024\/05\/cropped-cropped-cropped-02_00843_jt3bggkj1j3HLc7SyY6rEUpg.jpeg","width":1600,"height":1600,"caption":"skaitytaknyga.lt"},"image":{"@id":"https:\/\/skaitytaknyga.lt\/#\/schema\/logo\/image\/"},"sameAs":["https:\/\/www.facebook.com\/skaitytaknyga\/"]}]}},"_links":{"self":[{"href":"https:\/\/skaitytaknyga.lt\/en\/wp-json\/wp\/v2\/product\/6788","targetHints":{"allow":["GET"]}}],"collection":[{"href":"https:\/\/skaitytaknyga.lt\/en\/wp-json\/wp\/v2\/product"}],"about":[{"href":"https:\/\/skaitytaknyga.lt\/en\/wp-json\/wp\/v2\/types\/product"}],"replies":[{"embeddable":true,"href":"https:\/\/skaitytaknyga.lt\/en\/wp-json\/wp\/v2\/comments?post=6788"}],"wp:featuredmedia":[{"embeddable":true,"href":"https:\/\/skaitytaknyga.lt\/en\/wp-json\/wp\/v2\/media\/6808"}],"wp:attachment":[{"href":"https:\/\/skaitytaknyga.lt\/en\/wp-json\/wp\/v2\/media?parent=6788"}],"wp:term":[{"taxonomy":"product_brand","embeddable":true,"href":"https:\/\/skaitytaknyga.lt\/en\/wp-json\/wp\/v2\/product_brand?post=6788"},{"taxonomy":"product_cat","embeddable":true,"href":"https:\/\/skaitytaknyga.lt\/en\/wp-json\/wp\/v2\/product_cat?post=6788"},{"taxonomy":"product_tag","embeddable":true,"href":"https:\/\/skaitytaknyga.lt\/en\/wp-json\/wp\/v2\/product_tag?post=6788"}],"curies":[{"name":"wp","href":"https:\/\/api.w.org\/{rel}","templated":true}]}}