{"id":6781,"date":"2024-05-02T13:28:02","date_gmt":"2024-05-02T13:28:02","guid":{"rendered":"https:\/\/skaitytaknyga.lt\/?post_type=product&#038;p=6781"},"modified":"2024-05-03T07:29:58","modified_gmt":"2024-05-03T07:29:58","slug":"alan-lightman-einsteino-sapnai","status":"publish","type":"product","link":"https:\/\/skaitytaknyga.lt\/en\/produktas\/alan-lightman-einsteino-sapnai\/","title":{"rendered":"Alan Lightman \u201eEin\u0161teino sapnai&#8221;"},"content":{"rendered":"<p>Modernia klasika tapusioje knygoje\u00a0<strong>&#8220;Ein\u0161teino sapnai&#8221;<\/strong>\u00a0d\u0117liojamas kolia\u017eas i\u0161 istorij\u0173, kurias neva susapnavo Albertas Ein\u0161teinas 1905 metais, kai dirbo patent\u0173 biure \u0160veicarijoje.<\/p>\n<p>Kurdamas reliatyvumo teorij\u0105, nauj\u0105j\u0105 laiko samprat\u0105, \u012f\u017e\u016blus, bet jautrus jaunasis genijus \u012fsivaizduoja daugel\u012f galim\u0173 pasauli\u0173. Viename laikas juda ratu, tad \u017emon\u0117ms lemta vis i\u0161 naujo kartoti pergales ir nes\u0117kmes. Kitame yra vieta, kur laikas sustoj\u0119s, \u010dia lankosi \u012fsimyl\u0117j\u0117liai ir t\u0117vai, \u012fsikib\u0119 savo vaik\u0173. Dar kitame laikas yra lak\u0161tingala, kuri\u0105 kartais pavyksta \u012fkalinti po stiklo gaubtu.<\/p>\n<p>Daugiau nei \u012f trisde\u0161imt kalb\u0173 i\u0161versta knyga &#8220;Ein\u0161teino sapnai&#8221; tapo \u012fkv\u0117pimo \u0161altiniu viso pasaulio dramaturgams, \u0161ok\u0117jams, kompozitoriams ir dailininkams. Jos poetin\u0117se miniati\u016brose tyrin\u0117jamos s\u0105sajos tarp mokslo ir meno, k\u016brybingumo vyksmas, pagaliau &#8211; \u017emogi\u0161kosios egzistencijos trapumas.<\/p>\n","protected":false},"excerpt":{"rendered":"<p>Modernia klasika tapusioje knygoje\u00a0<strong>&#8220;Ein\u0161teino sapnai&#8221;<\/strong>\u00a0d\u0117liojamas kolia\u017eas i\u0161 istorij\u0173, kurias neva susapnavo Albertas Ein\u0161teinas 1905 metais, kai dirbo patent\u0173 biure \u0160veicarijoje.<\/p>\n<p>Kurdamas reliatyvumo teorij\u0105, nauj\u0105j\u0105 laiko samprat\u0105, \u012f\u017e\u016blus, bet jautrus jaunasis genijus \u012fsivaizduoja daugel\u012f galim\u0173 pasauli\u0173. Viename laikas juda ratu, tad \u017emon\u0117ms lemta vis i\u0161 naujo kartoti pergales ir nes\u0117kmes. Kitame yra vieta, kur laikas sustoj\u0119s, \u010dia lankosi \u012fsimyl\u0117j\u0117liai ir t\u0117vai, \u012fsikib\u0119 savo vaik\u0173. Dar kitame laikas yra lak\u0161tingala, kuri\u0105 kartais pavyksta \u012fkalinti po stiklo gaubtu.<\/p>\n<p>Daugiau nei \u012f trisde\u0161imt kalb\u0173 i\u0161versta knyga &#8220;Ein\u0161teino sapnai&#8221; tapo \u012fkv\u0117pimo \u0161altiniu viso pasaulio dramaturgams, \u0161ok\u0117jams, kompozitoriams ir dailininkams. Jos poetin\u0117se miniati\u016brose tyrin\u0117jamos s\u0105sajos tarp mokslo ir meno, k\u016brybingumo vyksmas, pagaliau &#8211; \u017emogi\u0161kosios egzistencijos trapumas.<\/p>\n","protected":false},"featured_media":6796,"comment_status":"closed","ping_status":"closed","template":"","meta":{"_acf_changed":false,"site-sidebar-layout":"default","site-content-layout":"","ast-site-content-layout":"default","site-content-style":"default","site-sidebar-style":"default","ast-global-header-display":"","ast-banner-title-visibility":"","ast-main-header-display":"","ast-hfb-above-header-display":"","ast-hfb-below-header-display":"","ast-hfb-mobile-header-display":"","site-post-title":"","ast-breadcrumbs-content":"","ast-featured-img":"","footer-sml-layout":"","ast-disable-related-posts":"","theme-transparent-header-meta":"","adv-header-id-meta":"","stick-header-meta":"","header-above-stick-meta":"","header-main-stick-meta":"","header-below-stick-meta":"","astra-migrate-meta-layouts":"default","ast-page-background-enabled":"default","ast-page-background-meta":{"desktop":{"background-color":"","background-image":"","background-repeat":"repeat","background-position":"center center","background-size":"auto","background-attachment":"scroll","background-type":"","background-media":"","overlay-type":"","overlay-color":"","overlay-opacity":"","overlay-gradient":""},"tablet":{"background-color":"","background-image":"","background-repeat":"repeat","background-position":"center center","background-size":"auto","background-attachment":"scroll","background-type":"","background-media":"","overlay-type":"","overlay-color":"","overlay-opacity":"","overlay-gradient":""},"mobile":{"background-color":"","background-image":"","background-repeat":"repeat","background-position":"center center","background-size":"auto","background-attachment":"scroll","background-type":"","background-media":"","overlay-type":"","overlay-color":"","overlay-opacity":"","overlay-gradient":""}},"ast-content-background-meta":{"desktop":{"background-color":"var(--ast-global-color-4)","background-image":"","background-repeat":"repeat","background-position":"center center","background-size":"auto","background-attachment":"scroll","background-type":"","background-media":"","overlay-type":"","overlay-color":"","overlay-opacity":"","overlay-gradient":""},"tablet":{"background-color":"var(--ast-global-color-4)","background-image":"","background-repeat":"repeat","background-position":"center center","background-size":"auto","background-attachment":"scroll","background-type":"","background-media":"","overlay-type":"","overlay-color":"","overlay-opacity":"","overlay-gradient":""},"mobile":{"background-color":"var(--ast-global-color-4)","background-image":"","background-repeat":"repeat","background-position":"center center","background-size":"auto","background-attachment":"scroll","background-type":"","background-media":"","overlay-type":"","overlay-color":"","overlay-opacity":"","overlay-gradient":""}}},"product_brand":[],"product_cat":[31],"product_tag":[],"class_list":{"0":"post-6781","1":"product","2":"type-product","3":"status-publish","4":"has-post-thumbnail","6":"product_cat-grozine-literatura","7":"desktop-align-left","8":"tablet-align-left","9":"mobile-align-left","11":"first","12":"instock","13":"shipping-taxable","14":"purchasable","15":"product-type-simple"},"acf":[],"yoast_head":"<!-- This site is optimized with the Yoast SEO plugin v27.0 - https:\/\/yoast.com\/product\/yoast-seo-wordpress\/ -->\n<title>Alan Lightman \u201eEin\u0161teino sapnai&quot; - Skaitytaknyga<\/title>\n<meta name=\"description\" content=\"Modernia klasika tapusioje knygoje\u00a0&quot;Ein\u0161teino sapnai&quot;\u00a0d\u0117liojamas kolia\u017eas i\u0161 istorij\u0173, kurias neva susapnavo Albertas Ein\u0161teinas 1905 metais, kai dirbo patent\u0173 biure \u0160veicarijoje.  Kurdamas reliatyvumo teorij\u0105, nauj\u0105j\u0105 laiko samprat\u0105, \u012f\u017e\u016blus, bet jautrus jaunasis genijus \u012fsivaizduoja daugel\u012f galim\u0173 pasauli\u0173. Viename laikas juda ratu, tad \u017emon\u0117ms lemta vis i\u0161 naujo kartoti pergales ir nes\u0117kmes. Kitame yra vieta, kur laikas sustoj\u0119s, \u010dia lankosi \u012fsimyl\u0117j\u0117liai ir t\u0117vai, \u012fsikib\u0119 savo vaik\u0173. Dar kitame laikas yra lak\u0161tingala, kuri\u0105 kartais pavyksta \u012fkalinti po stiklo gaubtu.   Daugiau nei \u012f trisde\u0161imt kalb\u0173 i\u0161versta knyga &quot;Ein\u0161teino sapnai&quot; tapo \u012fkv\u0117pimo \u0161altiniu viso pasaulio dramaturgams, \u0161ok\u0117jams, kompozitoriams ir dailininkams. Jos poetin\u0117se miniati\u016brose tyrin\u0117jamos s\u0105sajos tarp mokslo ir meno, k\u016brybingumo vyksmas, pagaliau - \u017emogi\u0161kosios egzistencijos trapumas.\" \/>\n<meta name=\"robots\" content=\"index, follow, max-snippet:-1, max-image-preview:large, max-video-preview:-1\" \/>\n<link rel=\"canonical\" href=\"https:\/\/skaitytaknyga.lt\/en\/produktas\/alan-lightman-einsteino-sapnai\/\" \/>\n<meta property=\"og:locale\" content=\"en_GB\" \/>\n<meta property=\"og:locale:alternate\" content=\"lt_LT\" \/>\n<meta property=\"og:type\" content=\"article\" \/>\n<meta property=\"og:title\" content=\"Alan Lightman \u201eEin\u0161teino sapnai&quot; - Skaitytaknyga\" \/>\n<meta property=\"og:description\" content=\"Modernia klasika tapusioje knygoje\u00a0&quot;Ein\u0161teino sapnai&quot;\u00a0d\u0117liojamas kolia\u017eas i\u0161 istorij\u0173, kurias neva susapnavo Albertas Ein\u0161teinas 1905 metais, kai dirbo patent\u0173 biure \u0160veicarijoje.  Kurdamas reliatyvumo teorij\u0105, nauj\u0105j\u0105 laiko samprat\u0105, \u012f\u017e\u016blus, bet jautrus jaunasis genijus \u012fsivaizduoja daugel\u012f galim\u0173 pasauli\u0173. Viename laikas juda ratu, tad \u017emon\u0117ms lemta vis i\u0161 naujo kartoti pergales ir nes\u0117kmes. Kitame yra vieta, kur laikas sustoj\u0119s, \u010dia lankosi \u012fsimyl\u0117j\u0117liai ir t\u0117vai, \u012fsikib\u0119 savo vaik\u0173. Dar kitame laikas yra lak\u0161tingala, kuri\u0105 kartais pavyksta \u012fkalinti po stiklo gaubtu.   Daugiau nei \u012f trisde\u0161imt kalb\u0173 i\u0161versta knyga &quot;Ein\u0161teino sapnai&quot; tapo \u012fkv\u0117pimo \u0161altiniu viso pasaulio dramaturgams, \u0161ok\u0117jams, kompozitoriams ir dailininkams. Jos poetin\u0117se miniati\u016brose tyrin\u0117jamos s\u0105sajos tarp mokslo ir meno, k\u016brybingumo vyksmas, pagaliau - \u017emogi\u0161kosios egzistencijos trapumas.\" \/>\n<meta property=\"og:url\" content=\"https:\/\/skaitytaknyga.lt\/en\/produktas\/alan-lightman-einsteino-sapnai\/\" \/>\n<meta property=\"og:site_name\" content=\"Skaitytaknyga\" \/>\n<meta property=\"article:publisher\" content=\"https:\/\/www.facebook.com\/skaitytaknyga\/\" \/>\n<meta property=\"article:modified_time\" content=\"2024-05-03T07:29:58+00:00\" \/>\n<meta property=\"og:image\" content=\"https:\/\/skaitytaknyga.lt\/wp-content\/uploads\/2024\/05\/einsteino-sapnai.jpg\" \/>\n\t<meta property=\"og:image:width\" content=\"324\" \/>\n\t<meta property=\"og:image:height\" content=\"450\" \/>\n\t<meta property=\"og:image:type\" content=\"image\/jpeg\" \/>\n<meta name=\"twitter:card\" content=\"summary_large_image\" \/>\n<meta name=\"twitter:label1\" content=\"Estimated reading time\" \/>\n\t<meta name=\"twitter:data1\" content=\"1 minute\" \/>\n<script type=\"application\/ld+json\" class=\"yoast-schema-graph\">{\"@context\":\"https:\/\/schema.org\",\"@graph\":[{\"@type\":\"WebPage\",\"@id\":\"https:\/\/skaitytaknyga.lt\/produktas\/alan-lightman-einsteino-sapnai\/\",\"url\":\"https:\/\/skaitytaknyga.lt\/produktas\/alan-lightman-einsteino-sapnai\/\",\"name\":\"Alan Lightman \u201eEin\u0161teino sapnai\\\" - Skaitytaknyga\",\"isPartOf\":{\"@id\":\"https:\/\/skaitytaknyga.lt\/#website\"},\"primaryImageOfPage\":{\"@id\":\"https:\/\/skaitytaknyga.lt\/produktas\/alan-lightman-einsteino-sapnai\/#primaryimage\"},\"image\":{\"@id\":\"https:\/\/skaitytaknyga.lt\/produktas\/alan-lightman-einsteino-sapnai\/#primaryimage\"},\"thumbnailUrl\":\"https:\/\/skaitytaknyga.lt\/wp-content\/uploads\/2024\/05\/einsteino-sapnai.jpg\",\"datePublished\":\"2024-05-02T13:28:02+00:00\",\"dateModified\":\"2024-05-03T07:29:58+00:00\",\"description\":\"Modernia klasika tapusioje knygoje\u00a0\\\"Ein\u0161teino sapnai\\\"\u00a0d\u0117liojamas kolia\u017eas i\u0161 istorij\u0173, kurias neva susapnavo Albertas Ein\u0161teinas 1905 metais, kai dirbo patent\u0173 biure \u0160veicarijoje. Kurdamas reliatyvumo teorij\u0105, nauj\u0105j\u0105 laiko samprat\u0105, \u012f\u017e\u016blus, bet jautrus jaunasis genijus \u012fsivaizduoja daugel\u012f galim\u0173 pasauli\u0173. Viename laikas juda ratu, tad \u017emon\u0117ms lemta vis i\u0161 naujo kartoti pergales ir nes\u0117kmes. Kitame yra vieta, kur laikas sustoj\u0119s, \u010dia lankosi \u012fsimyl\u0117j\u0117liai ir t\u0117vai, \u012fsikib\u0119 savo vaik\u0173. Dar kitame laikas yra lak\u0161tingala, kuri\u0105 kartais pavyksta \u012fkalinti po stiklo gaubtu. Daugiau nei \u012f trisde\u0161imt kalb\u0173 i\u0161versta knyga \\\"Ein\u0161teino sapnai\\\" tapo \u012fkv\u0117pimo \u0161altiniu viso pasaulio dramaturgams, \u0161ok\u0117jams, kompozitoriams ir dailininkams. Jos poetin\u0117se miniati\u016brose tyrin\u0117jamos s\u0105sajos tarp mokslo ir meno, k\u016brybingumo vyksmas, pagaliau - \u017emogi\u0161kosios egzistencijos trapumas.\",\"breadcrumb\":{\"@id\":\"https:\/\/skaitytaknyga.lt\/produktas\/alan-lightman-einsteino-sapnai\/#breadcrumb\"},\"inLanguage\":\"en-GB\",\"potentialAction\":[{\"@type\":\"ReadAction\",\"target\":[\"https:\/\/skaitytaknyga.lt\/produktas\/alan-lightman-einsteino-sapnai\/\"]}]},{\"@type\":\"ImageObject\",\"inLanguage\":\"en-GB\",\"@id\":\"https:\/\/skaitytaknyga.lt\/produktas\/alan-lightman-einsteino-sapnai\/#primaryimage\",\"url\":\"https:\/\/skaitytaknyga.lt\/wp-content\/uploads\/2024\/05\/einsteino-sapnai.jpg\",\"contentUrl\":\"https:\/\/skaitytaknyga.lt\/wp-content\/uploads\/2024\/05\/einsteino-sapnai.jpg\",\"width\":324,\"height\":450},{\"@type\":\"BreadcrumbList\",\"@id\":\"https:\/\/skaitytaknyga.lt\/produktas\/alan-lightman-einsteino-sapnai\/#breadcrumb\",\"itemListElement\":[{\"@type\":\"ListItem\",\"position\":1,\"name\":\"Home\",\"item\":\"https:\/\/skaitytaknyga.lt\/\"},{\"@type\":\"ListItem\",\"position\":2,\"name\":\"Parduotuv\u0117\",\"item\":\"https:\/\/skaitytaknyga.lt\/knygu-parduotuve\/\"},{\"@type\":\"ListItem\",\"position\":3,\"name\":\"Alan Lightman \u201eEin\u0161teino sapnai&#8221;\"}]},{\"@type\":\"WebSite\",\"@id\":\"https:\/\/skaitytaknyga.lt\/#website\",\"url\":\"https:\/\/skaitytaknyga.lt\/\",\"name\":\"skaitytaknyga.lt\",\"description\":\"Skaitytaknyga.lt \u2013 tai ma\u017eas \u0161eimos verslas, kuris prasid\u0117jo nuo meil\u0117s knygoms ir siekio i\u0161gelb\u0117ti knygas nuo likimo prie konteinerio. Kas vienam nereikalingas daiktas \u2013 kitam lobis, o mes esame tarpininkai, kurie padeda abiems tapti laimingesniems ???? \u017dinome kaip nelengva i\u0161gyventi ma\u017eiems verslams, tad nuo \u0161iol, \u010dia rasite ir kit\u0173, ma\u017e\u0173 \u0161eim\u0173 versl\u0173, rank\u0173 darbo, dovan\u0173 sau ir artimiesiems.\",\"publisher\":{\"@id\":\"https:\/\/skaitytaknyga.lt\/#organization\"},\"potentialAction\":[{\"@type\":\"SearchAction\",\"target\":{\"@type\":\"EntryPoint\",\"urlTemplate\":\"https:\/\/skaitytaknyga.lt\/?s={search_term_string}\"},\"query-input\":{\"@type\":\"PropertyValueSpecification\",\"valueRequired\":true,\"valueName\":\"search_term_string\"}}],\"inLanguage\":\"en-GB\"},{\"@type\":\"Organization\",\"@id\":\"https:\/\/skaitytaknyga.lt\/#organization\",\"name\":\"skaitytaknyga.lt\",\"url\":\"https:\/\/skaitytaknyga.lt\/\",\"logo\":{\"@type\":\"ImageObject\",\"inLanguage\":\"en-GB\",\"@id\":\"https:\/\/skaitytaknyga.lt\/#\/schema\/logo\/image\/\",\"url\":\"https:\/\/skaitytaknyga.lt\/wp-content\/uploads\/2024\/05\/cropped-cropped-cropped-02_00843_jt3bggkj1j3HLc7SyY6rEUpg.jpeg\",\"contentUrl\":\"https:\/\/skaitytaknyga.lt\/wp-content\/uploads\/2024\/05\/cropped-cropped-cropped-02_00843_jt3bggkj1j3HLc7SyY6rEUpg.jpeg\",\"width\":1600,\"height\":1600,\"caption\":\"skaitytaknyga.lt\"},\"image\":{\"@id\":\"https:\/\/skaitytaknyga.lt\/#\/schema\/logo\/image\/\"},\"sameAs\":[\"https:\/\/www.facebook.com\/skaitytaknyga\/\"]}]}<\/script>\n<!-- \/ Yoast SEO plugin. -->","yoast_head_json":{"title":"Alan Lightman \u201eEin\u0161teino sapnai\" - Skaitytaknyga","description":"Modernia klasika tapusioje knygoje\u00a0\"Ein\u0161teino sapnai\"\u00a0d\u0117liojamas kolia\u017eas i\u0161 istorij\u0173, kurias neva susapnavo Albertas Ein\u0161teinas 1905 metais, kai dirbo patent\u0173 biure \u0160veicarijoje.  Kurdamas reliatyvumo teorij\u0105, nauj\u0105j\u0105 laiko samprat\u0105, \u012f\u017e\u016blus, bet jautrus jaunasis genijus \u012fsivaizduoja daugel\u012f galim\u0173 pasauli\u0173. Viename laikas juda ratu, tad \u017emon\u0117ms lemta vis i\u0161 naujo kartoti pergales ir nes\u0117kmes. Kitame yra vieta, kur laikas sustoj\u0119s, \u010dia lankosi \u012fsimyl\u0117j\u0117liai ir t\u0117vai, \u012fsikib\u0119 savo vaik\u0173. Dar kitame laikas yra lak\u0161tingala, kuri\u0105 kartais pavyksta \u012fkalinti po stiklo gaubtu.   Daugiau nei \u012f trisde\u0161imt kalb\u0173 i\u0161versta knyga \"Ein\u0161teino sapnai\" tapo \u012fkv\u0117pimo \u0161altiniu viso pasaulio dramaturgams, \u0161ok\u0117jams, kompozitoriams ir dailininkams. Jos poetin\u0117se miniati\u016brose tyrin\u0117jamos s\u0105sajos tarp mokslo ir meno, k\u016brybingumo vyksmas, pagaliau - \u017emogi\u0161kosios egzistencijos trapumas.","robots":{"index":"index","follow":"follow","max-snippet":"max-snippet:-1","max-image-preview":"max-image-preview:large","max-video-preview":"max-video-preview:-1"},"canonical":"https:\/\/skaitytaknyga.lt\/en\/produktas\/alan-lightman-einsteino-sapnai\/","og_locale":"en_GB","og_type":"article","og_title":"Alan Lightman \u201eEin\u0161teino sapnai\" - Skaitytaknyga","og_description":"Modernia klasika tapusioje knygoje\u00a0\"Ein\u0161teino sapnai\"\u00a0d\u0117liojamas kolia\u017eas i\u0161 istorij\u0173, kurias neva susapnavo Albertas Ein\u0161teinas 1905 metais, kai dirbo patent\u0173 biure \u0160veicarijoje.  Kurdamas reliatyvumo teorij\u0105, nauj\u0105j\u0105 laiko samprat\u0105, \u012f\u017e\u016blus, bet jautrus jaunasis genijus \u012fsivaizduoja daugel\u012f galim\u0173 pasauli\u0173. Viename laikas juda ratu, tad \u017emon\u0117ms lemta vis i\u0161 naujo kartoti pergales ir nes\u0117kmes. Kitame yra vieta, kur laikas sustoj\u0119s, \u010dia lankosi \u012fsimyl\u0117j\u0117liai ir t\u0117vai, \u012fsikib\u0119 savo vaik\u0173. Dar kitame laikas yra lak\u0161tingala, kuri\u0105 kartais pavyksta \u012fkalinti po stiklo gaubtu.   Daugiau nei \u012f trisde\u0161imt kalb\u0173 i\u0161versta knyga \"Ein\u0161teino sapnai\" tapo \u012fkv\u0117pimo \u0161altiniu viso pasaulio dramaturgams, \u0161ok\u0117jams, kompozitoriams ir dailininkams. Jos poetin\u0117se miniati\u016brose tyrin\u0117jamos s\u0105sajos tarp mokslo ir meno, k\u016brybingumo vyksmas, pagaliau - \u017emogi\u0161kosios egzistencijos trapumas.","og_url":"https:\/\/skaitytaknyga.lt\/en\/produktas\/alan-lightman-einsteino-sapnai\/","og_site_name":"Skaitytaknyga","article_publisher":"https:\/\/www.facebook.com\/skaitytaknyga\/","article_modified_time":"2024-05-03T07:29:58+00:00","og_image":[{"width":324,"height":450,"url":"https:\/\/skaitytaknyga.lt\/wp-content\/uploads\/2024\/05\/einsteino-sapnai.jpg","type":"image\/jpeg"}],"twitter_card":"summary_large_image","twitter_misc":{"Estimated reading time":"1 minute"},"schema":{"@context":"https:\/\/schema.org","@graph":[{"@type":"WebPage","@id":"https:\/\/skaitytaknyga.lt\/produktas\/alan-lightman-einsteino-sapnai\/","url":"https:\/\/skaitytaknyga.lt\/produktas\/alan-lightman-einsteino-sapnai\/","name":"Alan Lightman \u201eEin\u0161teino sapnai\" - Skaitytaknyga","isPartOf":{"@id":"https:\/\/skaitytaknyga.lt\/#website"},"primaryImageOfPage":{"@id":"https:\/\/skaitytaknyga.lt\/produktas\/alan-lightman-einsteino-sapnai\/#primaryimage"},"image":{"@id":"https:\/\/skaitytaknyga.lt\/produktas\/alan-lightman-einsteino-sapnai\/#primaryimage"},"thumbnailUrl":"https:\/\/skaitytaknyga.lt\/wp-content\/uploads\/2024\/05\/einsteino-sapnai.jpg","datePublished":"2024-05-02T13:28:02+00:00","dateModified":"2024-05-03T07:29:58+00:00","description":"Modernia klasika tapusioje knygoje\u00a0\"Ein\u0161teino sapnai\"\u00a0d\u0117liojamas kolia\u017eas i\u0161 istorij\u0173, kurias neva susapnavo Albertas Ein\u0161teinas 1905 metais, kai dirbo patent\u0173 biure \u0160veicarijoje. Kurdamas reliatyvumo teorij\u0105, nauj\u0105j\u0105 laiko samprat\u0105, \u012f\u017e\u016blus, bet jautrus jaunasis genijus \u012fsivaizduoja daugel\u012f galim\u0173 pasauli\u0173. Viename laikas juda ratu, tad \u017emon\u0117ms lemta vis i\u0161 naujo kartoti pergales ir nes\u0117kmes. Kitame yra vieta, kur laikas sustoj\u0119s, \u010dia lankosi \u012fsimyl\u0117j\u0117liai ir t\u0117vai, \u012fsikib\u0119 savo vaik\u0173. Dar kitame laikas yra lak\u0161tingala, kuri\u0105 kartais pavyksta \u012fkalinti po stiklo gaubtu. Daugiau nei \u012f trisde\u0161imt kalb\u0173 i\u0161versta knyga \"Ein\u0161teino sapnai\" tapo \u012fkv\u0117pimo \u0161altiniu viso pasaulio dramaturgams, \u0161ok\u0117jams, kompozitoriams ir dailininkams. Jos poetin\u0117se miniati\u016brose tyrin\u0117jamos s\u0105sajos tarp mokslo ir meno, k\u016brybingumo vyksmas, pagaliau - \u017emogi\u0161kosios egzistencijos trapumas.","breadcrumb":{"@id":"https:\/\/skaitytaknyga.lt\/produktas\/alan-lightman-einsteino-sapnai\/#breadcrumb"},"inLanguage":"en-GB","potentialAction":[{"@type":"ReadAction","target":["https:\/\/skaitytaknyga.lt\/produktas\/alan-lightman-einsteino-sapnai\/"]}]},{"@type":"ImageObject","inLanguage":"en-GB","@id":"https:\/\/skaitytaknyga.lt\/produktas\/alan-lightman-einsteino-sapnai\/#primaryimage","url":"https:\/\/skaitytaknyga.lt\/wp-content\/uploads\/2024\/05\/einsteino-sapnai.jpg","contentUrl":"https:\/\/skaitytaknyga.lt\/wp-content\/uploads\/2024\/05\/einsteino-sapnai.jpg","width":324,"height":450},{"@type":"BreadcrumbList","@id":"https:\/\/skaitytaknyga.lt\/produktas\/alan-lightman-einsteino-sapnai\/#breadcrumb","itemListElement":[{"@type":"ListItem","position":1,"name":"Home","item":"https:\/\/skaitytaknyga.lt\/"},{"@type":"ListItem","position":2,"name":"Parduotuv\u0117","item":"https:\/\/skaitytaknyga.lt\/knygu-parduotuve\/"},{"@type":"ListItem","position":3,"name":"Alan Lightman \u201eEin\u0161teino sapnai&#8221;"}]},{"@type":"WebSite","@id":"https:\/\/skaitytaknyga.lt\/#website","url":"https:\/\/skaitytaknyga.lt\/","name":"skaitytaknyga.lt","description":"Skaitytaknyga.lt \u2013 tai ma\u017eas \u0161eimos verslas, kuris prasid\u0117jo nuo meil\u0117s knygoms ir siekio i\u0161gelb\u0117ti knygas nuo likimo prie konteinerio. Kas vienam nereikalingas daiktas \u2013 kitam lobis, o mes esame tarpininkai, kurie padeda abiems tapti laimingesniems ???? \u017dinome kaip nelengva i\u0161gyventi ma\u017eiems verslams, tad nuo \u0161iol, \u010dia rasite ir kit\u0173, ma\u017e\u0173 \u0161eim\u0173 versl\u0173, rank\u0173 darbo, dovan\u0173 sau ir artimiesiems.","publisher":{"@id":"https:\/\/skaitytaknyga.lt\/#organization"},"potentialAction":[{"@type":"SearchAction","target":{"@type":"EntryPoint","urlTemplate":"https:\/\/skaitytaknyga.lt\/?s={search_term_string}"},"query-input":{"@type":"PropertyValueSpecification","valueRequired":true,"valueName":"search_term_string"}}],"inLanguage":"en-GB"},{"@type":"Organization","@id":"https:\/\/skaitytaknyga.lt\/#organization","name":"skaitytaknyga.lt","url":"https:\/\/skaitytaknyga.lt\/","logo":{"@type":"ImageObject","inLanguage":"en-GB","@id":"https:\/\/skaitytaknyga.lt\/#\/schema\/logo\/image\/","url":"https:\/\/skaitytaknyga.lt\/wp-content\/uploads\/2024\/05\/cropped-cropped-cropped-02_00843_jt3bggkj1j3HLc7SyY6rEUpg.jpeg","contentUrl":"https:\/\/skaitytaknyga.lt\/wp-content\/uploads\/2024\/05\/cropped-cropped-cropped-02_00843_jt3bggkj1j3HLc7SyY6rEUpg.jpeg","width":1600,"height":1600,"caption":"skaitytaknyga.lt"},"image":{"@id":"https:\/\/skaitytaknyga.lt\/#\/schema\/logo\/image\/"},"sameAs":["https:\/\/www.facebook.com\/skaitytaknyga\/"]}]}},"_links":{"self":[{"href":"https:\/\/skaitytaknyga.lt\/en\/wp-json\/wp\/v2\/product\/6781","targetHints":{"allow":["GET"]}}],"collection":[{"href":"https:\/\/skaitytaknyga.lt\/en\/wp-json\/wp\/v2\/product"}],"about":[{"href":"https:\/\/skaitytaknyga.lt\/en\/wp-json\/wp\/v2\/types\/product"}],"replies":[{"embeddable":true,"href":"https:\/\/skaitytaknyga.lt\/en\/wp-json\/wp\/v2\/comments?post=6781"}],"wp:featuredmedia":[{"embeddable":true,"href":"https:\/\/skaitytaknyga.lt\/en\/wp-json\/wp\/v2\/media\/6796"}],"wp:attachment":[{"href":"https:\/\/skaitytaknyga.lt\/en\/wp-json\/wp\/v2\/media?parent=6781"}],"wp:term":[{"taxonomy":"product_brand","embeddable":true,"href":"https:\/\/skaitytaknyga.lt\/en\/wp-json\/wp\/v2\/product_brand?post=6781"},{"taxonomy":"product_cat","embeddable":true,"href":"https:\/\/skaitytaknyga.lt\/en\/wp-json\/wp\/v2\/product_cat?post=6781"},{"taxonomy":"product_tag","embeddable":true,"href":"https:\/\/skaitytaknyga.lt\/en\/wp-json\/wp\/v2\/product_tag?post=6781"}],"curies":[{"name":"wp","href":"https:\/\/api.w.org\/{rel}","templated":true}]}}