{"id":6762,"date":"2024-05-02T13:27:36","date_gmt":"2024-05-02T13:27:36","guid":{"rendered":"https:\/\/skaitytaknyga.lt\/?post_type=product&#038;p=6762"},"modified":"2024-07-13T18:41:17","modified_gmt":"2024-07-13T15:41:17","slug":"l-tolstojus-kanciu-keliai-1-3-tomai","status":"publish","type":"product","link":"https:\/\/skaitytaknyga.lt\/en\/produktas\/l-tolstojus-kanciu-keliai-1-3-tomai\/","title":{"rendered":"L. Tolstojus  \u201eKan\u010di\u0173 keliai\u201c (1-3 tomai)"},"content":{"rendered":"<p>\u201eBaisus buvo Peterburgas septyniolikt\u0173j\u0173 met\u0173 pabaigoje. Baisu, nesuprantama, nesuvokiama.\u201c Alkaname ir \u0161altame mieste po naktinio u\u017epuolimo Da\u0161a anks\u010diau laiko pagimdo s\u016bn\u0173. Po trij\u0173 dien\u0173 vaikas mir\u0161ta. Nesusitaikiusi su netektimi Da\u0161a g\u0119sta, \u0161eima yra. Da\u0161os sesuo, Jekaterina, i\u0161ve\u017e\u0117 vyr\u0105 Ro\u0161\u010din\u0105 pas t\u0117v\u0105 \u012f Samar\u0105 kantriai pralaukti, kol bol\u0161evikams ateis galas ir vokie\u010diai padarys tvark\u0105. Ta\u010diau revoliucija ple\u010diasi, \u0161alis \u201eproletar\u0117ja\u201c, vadinamiesiems bur\u017eujams vis ma\u017eiau vietos. Istorijos \u012fvykiai m\u0117to \u017emogelius ir lamdo, versdami abejoti savo vertyb\u0117mis, draugais, artimaisiais. Ne\u017einia, kada i\u0161duos draugas, o i\u0161gelb\u0117s prie\u0161as. Kada likimas v\u0117l suves su mylimu, kai nieko nebesitik\u0117si&#8230;<\/p>\n","protected":false},"excerpt":{"rendered":"<p>\u201eBaisus buvo Peterburgas septyniolikt\u0173j\u0173 met\u0173 pabaigoje. Baisu, nesuprantama, nesuvokiama.\u201c Alkaname ir \u0161altame mieste po naktinio u\u017epuolimo Da\u0161a anks\u010diau laiko pagimdo s\u016bn\u0173. Po trij\u0173 dien\u0173 vaikas mir\u0161ta. Nesusitaikiusi su netektimi Da\u0161a g\u0119sta, \u0161eima yra. Da\u0161os sesuo, Jekaterina, i\u0161ve\u017e\u0117 vyr\u0105 Ro\u0161\u010din\u0105 pas t\u0117v\u0105 \u012f Samar\u0105 kantriai pralaukti, kol bol\u0161evikams ateis galas ir vokie\u010diai padarys tvark\u0105. Ta\u010diau revoliucija ple\u010diasi, \u0161alis \u201eproletar\u0117ja\u201c, vadinamiesiems bur\u017eujams vis ma\u017eiau vietos. Istorijos \u012fvykiai m\u0117to \u017emogelius ir lamdo, versdami abejoti savo vertyb\u0117mis, draugais, artimaisiais. Ne\u017einia, kada i\u0161duos draugas, o i\u0161gelb\u0117s prie\u0161as. Kada likimas v\u0117l suves su mylimu, kai nieko nebesitik\u0117si&#8230;<\/p>\n","protected":false},"featured_media":6772,"comment_status":"closed","ping_status":"closed","template":"","meta":{"_acf_changed":false,"site-sidebar-layout":"default","site-content-layout":"","ast-site-content-layout":"default","site-content-style":"default","site-sidebar-style":"default","ast-global-header-display":"","ast-banner-title-visibility":"","ast-main-header-display":"","ast-hfb-above-header-display":"","ast-hfb-below-header-display":"","ast-hfb-mobile-header-display":"","site-post-title":"","ast-breadcrumbs-content":"","ast-featured-img":"","footer-sml-layout":"","ast-disable-related-posts":"","theme-transparent-header-meta":"","adv-header-id-meta":"","stick-header-meta":"","header-above-stick-meta":"","header-main-stick-meta":"","header-below-stick-meta":"","astra-migrate-meta-layouts":"default","ast-page-background-enabled":"default","ast-page-background-meta":{"desktop":{"background-color":"","background-image":"","background-repeat":"repeat","background-position":"center center","background-size":"auto","background-attachment":"scroll","background-type":"","background-media":"","overlay-type":"","overlay-color":"","overlay-opacity":"","overlay-gradient":""},"tablet":{"background-color":"","background-image":"","background-repeat":"repeat","background-position":"center center","background-size":"auto","background-attachment":"scroll","background-type":"","background-media":"","overlay-type":"","overlay-color":"","overlay-opacity":"","overlay-gradient":""},"mobile":{"background-color":"","background-image":"","background-repeat":"repeat","background-position":"center center","background-size":"auto","background-attachment":"scroll","background-type":"","background-media":"","overlay-type":"","overlay-color":"","overlay-opacity":"","overlay-gradient":""}},"ast-content-background-meta":{"desktop":{"background-color":"var(--ast-global-color-4)","background-image":"","background-repeat":"repeat","background-position":"center center","background-size":"auto","background-attachment":"scroll","background-type":"","background-media":"","overlay-type":"","overlay-color":"","overlay-opacity":"","overlay-gradient":""},"tablet":{"background-color":"var(--ast-global-color-4)","background-image":"","background-repeat":"repeat","background-position":"center center","background-size":"auto","background-attachment":"scroll","background-type":"","background-media":"","overlay-type":"","overlay-color":"","overlay-opacity":"","overlay-gradient":""},"mobile":{"background-color":"var(--ast-global-color-4)","background-image":"","background-repeat":"repeat","background-position":"center center","background-size":"auto","background-attachment":"scroll","background-type":"","background-media":"","overlay-type":"","overlay-color":"","overlay-opacity":"","overlay-gradient":""}}},"product_brand":[],"product_cat":[31,28],"product_tag":[],"class_list":{"0":"post-6762","1":"product","2":"type-product","3":"status-publish","4":"has-post-thumbnail","6":"product_cat-grozine-literatura","7":"product_cat-klasika","8":"desktop-align-left","9":"tablet-align-left","10":"mobile-align-left","12":"first","13":"instock","14":"sale","15":"shipping-taxable","16":"purchasable","17":"product-type-simple"},"acf":[],"yoast_head":"<!-- This site is optimized with the Yoast SEO plugin v27.0 - https:\/\/yoast.com\/product\/yoast-seo-wordpress\/ -->\n<title>L. Tolstojus \u201eKan\u010di\u0173 keliai\u201c (1-3 tomai)<\/title>\n<meta name=\"description\" content=\"\u201eBaisus buvo Peterburgas septyniolikt\u0173j\u0173 met\u0173 pabaigoje. Baisu, nesuprantama, nesuvokiama.\u201c Alkaname ir \u0161altame mieste po naktinio u\u017epuolimo Da\u0161a anks\u010diau laiko pagimdo s\u016bn\u0173. Po trij\u0173 dien\u0173 vaikas mir\u0161ta. Nesusitaikiusi su netektimi Da\u0161a g\u0119sta, \u0161eima yra. Da\u0161os sesuo, Jekaterina, i\u0161ve\u017e\u0117 vyr\u0105 Ro\u0161\u010din\u0105 pas t\u0117v\u0105 \u012f Samar\u0105 kantriai pralaukti, kol bol\u0161evikams ateis galas ir vokie\u010diai padarys tvark\u0105. Ta\u010diau revoliucija ple\u010diasi, \u0161alis \u201eproletar\u0117ja\u201c, vadinamiesiems bur\u017eujams vis ma\u017eiau vietos. Istorijos \u012fvykiai m\u0117to \u017emogelius ir lamdo, versdami abejoti savo vertyb\u0117mis, draugais, artimaisiais. Ne\u017einia, kada i\u0161duos draugas, o i\u0161gelb\u0117s prie\u0161as. Kada likimas v\u0117l suves su mylimu, kai nieko nebesitik\u0117si...\" \/>\n<meta name=\"robots\" content=\"index, follow, max-snippet:-1, max-image-preview:large, max-video-preview:-1\" \/>\n<link rel=\"canonical\" href=\"https:\/\/skaitytaknyga.lt\/en\/produktas\/l-tolstojus-kanciu-keliai-1-3-tomai\/\" \/>\n<meta property=\"og:locale\" content=\"en_GB\" \/>\n<meta property=\"og:locale:alternate\" content=\"lt_LT\" \/>\n<meta property=\"og:type\" content=\"article\" \/>\n<meta property=\"og:title\" content=\"L. Tolstojus \u201eKan\u010di\u0173 keliai\u201c (1-3 tomai)\" \/>\n<meta property=\"og:description\" content=\"\u201eBaisus buvo Peterburgas septyniolikt\u0173j\u0173 met\u0173 pabaigoje. Baisu, nesuprantama, nesuvokiama.\u201c Alkaname ir \u0161altame mieste po naktinio u\u017epuolimo Da\u0161a anks\u010diau laiko pagimdo s\u016bn\u0173. Po trij\u0173 dien\u0173 vaikas mir\u0161ta. Nesusitaikiusi su netektimi Da\u0161a g\u0119sta, \u0161eima yra. Da\u0161os sesuo, Jekaterina, i\u0161ve\u017e\u0117 vyr\u0105 Ro\u0161\u010din\u0105 pas t\u0117v\u0105 \u012f Samar\u0105 kantriai pralaukti, kol bol\u0161evikams ateis galas ir vokie\u010diai padarys tvark\u0105. Ta\u010diau revoliucija ple\u010diasi, \u0161alis \u201eproletar\u0117ja\u201c, vadinamiesiems bur\u017eujams vis ma\u017eiau vietos. Istorijos \u012fvykiai m\u0117to \u017emogelius ir lamdo, versdami abejoti savo vertyb\u0117mis, draugais, artimaisiais. Ne\u017einia, kada i\u0161duos draugas, o i\u0161gelb\u0117s prie\u0161as. Kada likimas v\u0117l suves su mylimu, kai nieko nebesitik\u0117si...\" \/>\n<meta property=\"og:url\" content=\"https:\/\/skaitytaknyga.lt\/en\/produktas\/l-tolstojus-kanciu-keliai-1-3-tomai\/\" \/>\n<meta property=\"og:site_name\" content=\"Skaitytaknyga\" \/>\n<meta property=\"article:publisher\" content=\"https:\/\/www.facebook.com\/skaitytaknyga\/\" \/>\n<meta property=\"article:modified_time\" content=\"2024-07-13T15:41:17+00:00\" \/>\n<meta property=\"og:image\" content=\"https:\/\/skaitytaknyga.lt\/wp-content\/uploads\/2024\/05\/unnamed-1-e1634143658454.jpg\" \/>\n\t<meta property=\"og:image:width\" content=\"277\" \/>\n\t<meta property=\"og:image:height\" content=\"409\" \/>\n\t<meta property=\"og:image:type\" content=\"image\/jpeg\" \/>\n<meta name=\"twitter:card\" content=\"summary_large_image\" \/>\n<meta name=\"twitter:label1\" content=\"Estimated reading time\" \/>\n\t<meta name=\"twitter:data1\" content=\"1 minute\" \/>\n<script type=\"application\/ld+json\" class=\"yoast-schema-graph\">{\"@context\":\"https:\/\/schema.org\",\"@graph\":[{\"@type\":\"WebPage\",\"@id\":\"https:\/\/skaitytaknyga.lt\/produktas\/l-tolstojus-kanciu-keliai-1-3-tomai\/\",\"url\":\"https:\/\/skaitytaknyga.lt\/produktas\/l-tolstojus-kanciu-keliai-1-3-tomai\/\",\"name\":\"L. Tolstojus \u201eKan\u010di\u0173 keliai\u201c (1-3 tomai)\",\"isPartOf\":{\"@id\":\"https:\/\/skaitytaknyga.lt\/#website\"},\"primaryImageOfPage\":{\"@id\":\"https:\/\/skaitytaknyga.lt\/produktas\/l-tolstojus-kanciu-keliai-1-3-tomai\/#primaryimage\"},\"image\":{\"@id\":\"https:\/\/skaitytaknyga.lt\/produktas\/l-tolstojus-kanciu-keliai-1-3-tomai\/#primaryimage\"},\"thumbnailUrl\":\"https:\/\/skaitytaknyga.lt\/wp-content\/uploads\/2024\/05\/unnamed-1-e1634143658454.jpg\",\"datePublished\":\"2024-05-02T13:27:36+00:00\",\"dateModified\":\"2024-07-13T15:41:17+00:00\",\"description\":\"\u201eBaisus buvo Peterburgas septyniolikt\u0173j\u0173 met\u0173 pabaigoje. Baisu, nesuprantama, nesuvokiama.\u201c Alkaname ir \u0161altame mieste po naktinio u\u017epuolimo Da\u0161a anks\u010diau laiko pagimdo s\u016bn\u0173. Po trij\u0173 dien\u0173 vaikas mir\u0161ta. Nesusitaikiusi su netektimi Da\u0161a g\u0119sta, \u0161eima yra. Da\u0161os sesuo, Jekaterina, i\u0161ve\u017e\u0117 vyr\u0105 Ro\u0161\u010din\u0105 pas t\u0117v\u0105 \u012f Samar\u0105 kantriai pralaukti, kol bol\u0161evikams ateis galas ir vokie\u010diai padarys tvark\u0105. Ta\u010diau revoliucija ple\u010diasi, \u0161alis \u201eproletar\u0117ja\u201c, vadinamiesiems bur\u017eujams vis ma\u017eiau vietos. Istorijos \u012fvykiai m\u0117to \u017emogelius ir lamdo, versdami abejoti savo vertyb\u0117mis, draugais, artimaisiais. Ne\u017einia, kada i\u0161duos draugas, o i\u0161gelb\u0117s prie\u0161as. Kada likimas v\u0117l suves su mylimu, kai nieko nebesitik\u0117si...\",\"breadcrumb\":{\"@id\":\"https:\/\/skaitytaknyga.lt\/produktas\/l-tolstojus-kanciu-keliai-1-3-tomai\/#breadcrumb\"},\"inLanguage\":\"en-GB\",\"potentialAction\":[{\"@type\":\"ReadAction\",\"target\":[\"https:\/\/skaitytaknyga.lt\/produktas\/l-tolstojus-kanciu-keliai-1-3-tomai\/\"]}]},{\"@type\":\"ImageObject\",\"inLanguage\":\"en-GB\",\"@id\":\"https:\/\/skaitytaknyga.lt\/produktas\/l-tolstojus-kanciu-keliai-1-3-tomai\/#primaryimage\",\"url\":\"https:\/\/skaitytaknyga.lt\/wp-content\/uploads\/2024\/05\/unnamed-1-e1634143658454.jpg\",\"contentUrl\":\"https:\/\/skaitytaknyga.lt\/wp-content\/uploads\/2024\/05\/unnamed-1-e1634143658454.jpg\",\"width\":277,\"height\":409},{\"@type\":\"BreadcrumbList\",\"@id\":\"https:\/\/skaitytaknyga.lt\/produktas\/l-tolstojus-kanciu-keliai-1-3-tomai\/#breadcrumb\",\"itemListElement\":[{\"@type\":\"ListItem\",\"position\":1,\"name\":\"Home\",\"item\":\"https:\/\/skaitytaknyga.lt\/\"},{\"@type\":\"ListItem\",\"position\":2,\"name\":\"Parduotuv\u0117\",\"item\":\"https:\/\/skaitytaknyga.lt\/knygu-parduotuve\/\"},{\"@type\":\"ListItem\",\"position\":3,\"name\":\"L. Tolstojus \u201eKan\u010di\u0173 keliai\u201c (1-3 tomai)\"}]},{\"@type\":\"WebSite\",\"@id\":\"https:\/\/skaitytaknyga.lt\/#website\",\"url\":\"https:\/\/skaitytaknyga.lt\/\",\"name\":\"skaitytaknyga.lt\",\"description\":\"Skaitytaknyga.lt \u2013 tai ma\u017eas \u0161eimos verslas, kuris prasid\u0117jo nuo meil\u0117s knygoms ir siekio i\u0161gelb\u0117ti knygas nuo likimo prie konteinerio. Kas vienam nereikalingas daiktas \u2013 kitam lobis, o mes esame tarpininkai, kurie padeda abiems tapti laimingesniems ???? \u017dinome kaip nelengva i\u0161gyventi ma\u017eiems verslams, tad nuo \u0161iol, \u010dia rasite ir kit\u0173, ma\u017e\u0173 \u0161eim\u0173 versl\u0173, rank\u0173 darbo, dovan\u0173 sau ir artimiesiems.\",\"publisher\":{\"@id\":\"https:\/\/skaitytaknyga.lt\/#organization\"},\"potentialAction\":[{\"@type\":\"SearchAction\",\"target\":{\"@type\":\"EntryPoint\",\"urlTemplate\":\"https:\/\/skaitytaknyga.lt\/?s={search_term_string}\"},\"query-input\":{\"@type\":\"PropertyValueSpecification\",\"valueRequired\":true,\"valueName\":\"search_term_string\"}}],\"inLanguage\":\"en-GB\"},{\"@type\":\"Organization\",\"@id\":\"https:\/\/skaitytaknyga.lt\/#organization\",\"name\":\"skaitytaknyga.lt\",\"url\":\"https:\/\/skaitytaknyga.lt\/\",\"logo\":{\"@type\":\"ImageObject\",\"inLanguage\":\"en-GB\",\"@id\":\"https:\/\/skaitytaknyga.lt\/#\/schema\/logo\/image\/\",\"url\":\"https:\/\/skaitytaknyga.lt\/wp-content\/uploads\/2024\/05\/cropped-cropped-cropped-02_00843_jt3bggkj1j3HLc7SyY6rEUpg.jpeg\",\"contentUrl\":\"https:\/\/skaitytaknyga.lt\/wp-content\/uploads\/2024\/05\/cropped-cropped-cropped-02_00843_jt3bggkj1j3HLc7SyY6rEUpg.jpeg\",\"width\":1600,\"height\":1600,\"caption\":\"skaitytaknyga.lt\"},\"image\":{\"@id\":\"https:\/\/skaitytaknyga.lt\/#\/schema\/logo\/image\/\"},\"sameAs\":[\"https:\/\/www.facebook.com\/skaitytaknyga\/\"]}]}<\/script>\n<!-- \/ Yoast SEO plugin. -->","yoast_head_json":{"title":"L. Tolstojus \u201eKan\u010di\u0173 keliai\u201c (1-3 tomai)","description":"\u201eBaisus buvo Peterburgas septyniolikt\u0173j\u0173 met\u0173 pabaigoje. Baisu, nesuprantama, nesuvokiama.\u201c Alkaname ir \u0161altame mieste po naktinio u\u017epuolimo Da\u0161a anks\u010diau laiko pagimdo s\u016bn\u0173. Po trij\u0173 dien\u0173 vaikas mir\u0161ta. Nesusitaikiusi su netektimi Da\u0161a g\u0119sta, \u0161eima yra. Da\u0161os sesuo, Jekaterina, i\u0161ve\u017e\u0117 vyr\u0105 Ro\u0161\u010din\u0105 pas t\u0117v\u0105 \u012f Samar\u0105 kantriai pralaukti, kol bol\u0161evikams ateis galas ir vokie\u010diai padarys tvark\u0105. Ta\u010diau revoliucija ple\u010diasi, \u0161alis \u201eproletar\u0117ja\u201c, vadinamiesiems bur\u017eujams vis ma\u017eiau vietos. Istorijos \u012fvykiai m\u0117to \u017emogelius ir lamdo, versdami abejoti savo vertyb\u0117mis, draugais, artimaisiais. Ne\u017einia, kada i\u0161duos draugas, o i\u0161gelb\u0117s prie\u0161as. Kada likimas v\u0117l suves su mylimu, kai nieko nebesitik\u0117si...","robots":{"index":"index","follow":"follow","max-snippet":"max-snippet:-1","max-image-preview":"max-image-preview:large","max-video-preview":"max-video-preview:-1"},"canonical":"https:\/\/skaitytaknyga.lt\/en\/produktas\/l-tolstojus-kanciu-keliai-1-3-tomai\/","og_locale":"en_GB","og_type":"article","og_title":"[:lt]L. Tolstojus \u201eKan\u010di\u0173 keliai\u201c (1-3 tomai)[:] - Skaitytaknyga","og_description":"\u201eBaisus buvo Peterburgas septyniolikt\u0173j\u0173 met\u0173 pabaigoje. Baisu, nesuprantama, nesuvokiama.\u201c Alkaname ir \u0161altame mieste po naktinio u\u017epuolimo Da\u0161a anks\u010diau laiko pagimdo s\u016bn\u0173. Po trij\u0173 dien\u0173 vaikas mir\u0161ta. Nesusitaikiusi su netektimi Da\u0161a g\u0119sta, \u0161eima yra. Da\u0161os sesuo, Jekaterina, i\u0161ve\u017e\u0117 vyr\u0105 Ro\u0161\u010din\u0105 pas t\u0117v\u0105 \u012f Samar\u0105 kantriai pralaukti, kol bol\u0161evikams ateis galas ir vokie\u010diai padarys tvark\u0105. Ta\u010diau revoliucija ple\u010diasi, \u0161alis \u201eproletar\u0117ja\u201c, vadinamiesiems bur\u017eujams vis ma\u017eiau vietos. Istorijos \u012fvykiai m\u0117to \u017emogelius ir lamdo, versdami abejoti savo vertyb\u0117mis, draugais, artimaisiais. Ne\u017einia, kada i\u0161duos draugas, o i\u0161gelb\u0117s prie\u0161as. Kada likimas v\u0117l suves su mylimu, kai nieko nebesitik\u0117si...","og_url":"https:\/\/skaitytaknyga.lt\/en\/produktas\/l-tolstojus-kanciu-keliai-1-3-tomai\/","og_site_name":"Skaitytaknyga","article_publisher":"https:\/\/www.facebook.com\/skaitytaknyga\/","article_modified_time":"2024-07-13T15:41:17+00:00","og_image":[{"width":277,"height":409,"url":"https:\/\/skaitytaknyga.lt\/wp-content\/uploads\/2024\/05\/unnamed-1-e1634143658454.jpg","type":"image\/jpeg"}],"twitter_card":"summary_large_image","twitter_misc":{"Estimated reading time":"1 minute"},"schema":{"@context":"https:\/\/schema.org","@graph":[{"@type":"WebPage","@id":"https:\/\/skaitytaknyga.lt\/produktas\/l-tolstojus-kanciu-keliai-1-3-tomai\/","url":"https:\/\/skaitytaknyga.lt\/produktas\/l-tolstojus-kanciu-keliai-1-3-tomai\/","name":"L. Tolstojus \u201eKan\u010di\u0173 keliai\u201c (1-3 tomai)","isPartOf":{"@id":"https:\/\/skaitytaknyga.lt\/#website"},"primaryImageOfPage":{"@id":"https:\/\/skaitytaknyga.lt\/produktas\/l-tolstojus-kanciu-keliai-1-3-tomai\/#primaryimage"},"image":{"@id":"https:\/\/skaitytaknyga.lt\/produktas\/l-tolstojus-kanciu-keliai-1-3-tomai\/#primaryimage"},"thumbnailUrl":"https:\/\/skaitytaknyga.lt\/wp-content\/uploads\/2024\/05\/unnamed-1-e1634143658454.jpg","datePublished":"2024-05-02T13:27:36+00:00","dateModified":"2024-07-13T15:41:17+00:00","description":"\u201eBaisus buvo Peterburgas septyniolikt\u0173j\u0173 met\u0173 pabaigoje. Baisu, nesuprantama, nesuvokiama.\u201c Alkaname ir \u0161altame mieste po naktinio u\u017epuolimo Da\u0161a anks\u010diau laiko pagimdo s\u016bn\u0173. Po trij\u0173 dien\u0173 vaikas mir\u0161ta. Nesusitaikiusi su netektimi Da\u0161a g\u0119sta, \u0161eima yra. Da\u0161os sesuo, Jekaterina, i\u0161ve\u017e\u0117 vyr\u0105 Ro\u0161\u010din\u0105 pas t\u0117v\u0105 \u012f Samar\u0105 kantriai pralaukti, kol bol\u0161evikams ateis galas ir vokie\u010diai padarys tvark\u0105. Ta\u010diau revoliucija ple\u010diasi, \u0161alis \u201eproletar\u0117ja\u201c, vadinamiesiems bur\u017eujams vis ma\u017eiau vietos. Istorijos \u012fvykiai m\u0117to \u017emogelius ir lamdo, versdami abejoti savo vertyb\u0117mis, draugais, artimaisiais. Ne\u017einia, kada i\u0161duos draugas, o i\u0161gelb\u0117s prie\u0161as. Kada likimas v\u0117l suves su mylimu, kai nieko nebesitik\u0117si...","breadcrumb":{"@id":"https:\/\/skaitytaknyga.lt\/produktas\/l-tolstojus-kanciu-keliai-1-3-tomai\/#breadcrumb"},"inLanguage":"en-GB","potentialAction":[{"@type":"ReadAction","target":["https:\/\/skaitytaknyga.lt\/produktas\/l-tolstojus-kanciu-keliai-1-3-tomai\/"]}]},{"@type":"ImageObject","inLanguage":"en-GB","@id":"https:\/\/skaitytaknyga.lt\/produktas\/l-tolstojus-kanciu-keliai-1-3-tomai\/#primaryimage","url":"https:\/\/skaitytaknyga.lt\/wp-content\/uploads\/2024\/05\/unnamed-1-e1634143658454.jpg","contentUrl":"https:\/\/skaitytaknyga.lt\/wp-content\/uploads\/2024\/05\/unnamed-1-e1634143658454.jpg","width":277,"height":409},{"@type":"BreadcrumbList","@id":"https:\/\/skaitytaknyga.lt\/produktas\/l-tolstojus-kanciu-keliai-1-3-tomai\/#breadcrumb","itemListElement":[{"@type":"ListItem","position":1,"name":"Home","item":"https:\/\/skaitytaknyga.lt\/"},{"@type":"ListItem","position":2,"name":"Parduotuv\u0117","item":"https:\/\/skaitytaknyga.lt\/knygu-parduotuve\/"},{"@type":"ListItem","position":3,"name":"L. Tolstojus \u201eKan\u010di\u0173 keliai\u201c (1-3 tomai)"}]},{"@type":"WebSite","@id":"https:\/\/skaitytaknyga.lt\/#website","url":"https:\/\/skaitytaknyga.lt\/","name":"skaitytaknyga.lt","description":"Skaitytaknyga.lt \u2013 tai ma\u017eas \u0161eimos verslas, kuris prasid\u0117jo nuo meil\u0117s knygoms ir siekio i\u0161gelb\u0117ti knygas nuo likimo prie konteinerio. Kas vienam nereikalingas daiktas \u2013 kitam lobis, o mes esame tarpininkai, kurie padeda abiems tapti laimingesniems ???? \u017dinome kaip nelengva i\u0161gyventi ma\u017eiems verslams, tad nuo \u0161iol, \u010dia rasite ir kit\u0173, ma\u017e\u0173 \u0161eim\u0173 versl\u0173, rank\u0173 darbo, dovan\u0173 sau ir artimiesiems.","publisher":{"@id":"https:\/\/skaitytaknyga.lt\/#organization"},"potentialAction":[{"@type":"SearchAction","target":{"@type":"EntryPoint","urlTemplate":"https:\/\/skaitytaknyga.lt\/?s={search_term_string}"},"query-input":{"@type":"PropertyValueSpecification","valueRequired":true,"valueName":"search_term_string"}}],"inLanguage":"en-GB"},{"@type":"Organization","@id":"https:\/\/skaitytaknyga.lt\/#organization","name":"skaitytaknyga.lt","url":"https:\/\/skaitytaknyga.lt\/","logo":{"@type":"ImageObject","inLanguage":"en-GB","@id":"https:\/\/skaitytaknyga.lt\/#\/schema\/logo\/image\/","url":"https:\/\/skaitytaknyga.lt\/wp-content\/uploads\/2024\/05\/cropped-cropped-cropped-02_00843_jt3bggkj1j3HLc7SyY6rEUpg.jpeg","contentUrl":"https:\/\/skaitytaknyga.lt\/wp-content\/uploads\/2024\/05\/cropped-cropped-cropped-02_00843_jt3bggkj1j3HLc7SyY6rEUpg.jpeg","width":1600,"height":1600,"caption":"skaitytaknyga.lt"},"image":{"@id":"https:\/\/skaitytaknyga.lt\/#\/schema\/logo\/image\/"},"sameAs":["https:\/\/www.facebook.com\/skaitytaknyga\/"]}]}},"_links":{"self":[{"href":"https:\/\/skaitytaknyga.lt\/en\/wp-json\/wp\/v2\/product\/6762","targetHints":{"allow":["GET"]}}],"collection":[{"href":"https:\/\/skaitytaknyga.lt\/en\/wp-json\/wp\/v2\/product"}],"about":[{"href":"https:\/\/skaitytaknyga.lt\/en\/wp-json\/wp\/v2\/types\/product"}],"replies":[{"embeddable":true,"href":"https:\/\/skaitytaknyga.lt\/en\/wp-json\/wp\/v2\/comments?post=6762"}],"wp:featuredmedia":[{"embeddable":true,"href":"https:\/\/skaitytaknyga.lt\/en\/wp-json\/wp\/v2\/media\/6772"}],"wp:attachment":[{"href":"https:\/\/skaitytaknyga.lt\/en\/wp-json\/wp\/v2\/media?parent=6762"}],"wp:term":[{"taxonomy":"product_brand","embeddable":true,"href":"https:\/\/skaitytaknyga.lt\/en\/wp-json\/wp\/v2\/product_brand?post=6762"},{"taxonomy":"product_cat","embeddable":true,"href":"https:\/\/skaitytaknyga.lt\/en\/wp-json\/wp\/v2\/product_cat?post=6762"},{"taxonomy":"product_tag","embeddable":true,"href":"https:\/\/skaitytaknyga.lt\/en\/wp-json\/wp\/v2\/product_tag?post=6762"}],"curies":[{"name":"wp","href":"https:\/\/api.w.org\/{rel}","templated":true}]}}