{"id":6745,"date":"2024-05-09T13:27:12","date_gmt":"2024-05-09T13:27:12","guid":{"rendered":"https:\/\/skaitytaknyga.lt\/?post_type=product&#038;p=6745"},"modified":"2025-05-19T15:07:48","modified_gmt":"2025-05-19T12:07:48","slug":"l-kleypas-svajojant-apie-tave","status":"publish","type":"product","link":"https:\/\/skaitytaknyga.lt\/en\/produktas\/l-kleypas-svajojant-apie-tave\/","title":{"rendered":"Svajojant apie tave"},"content":{"rendered":"<p>Sara Filding \u2013 \u012fsik\u016bnij\u0119s padorumas. Puikiai i\u0161aukl\u0117ta mergina ra\u0161o knygas apie \u017emones, gyvenan\u010dius&#8230; nuod\u0117mi\u0173 ir yd\u0173 pasaulyje. \u017dini\u0173 siekimas ir noras gyventi \u012fdomiau atvilioja Sar\u0105 i\u0161 saugaus Anglijos kaimo \u012f London\u0105, kur ji netik\u0117tai susitinka Derek\u0105 Kreiven\u0105. Gr\u0117slaus gro\u017eio ir at\u0161iauraus b\u016bdo vyras su\u017eadina Saros smalsum\u0105 ir slaptus tro\u0161kimus.<\/p>\n<p>Derekas Kreivenas, gim\u0119s be skatiko ir be vardo, sugeb\u0117jo i\u0161kilti i\u0161 paties dugno ir tapti prabangiausi\u0173 Londono lo\u0161imo nam\u0173 savininku. Netik\u0117tai susiklos\u010dius aplinkyb\u0117ms jam nenoromis tenka \u012fsileisti Sar\u0105 \u012f savo baug\u0173 pasaul\u012f. \u0160i kukli mergina, kupina vidin\u0117s stipryb\u0117s ir slopinamo geidulingumo, pavergia Derek\u0105 ir pabudina jo nuobod\u017eiaujan\u010di\u0105 \u0161ird\u012f.<\/p>\n","protected":false},"excerpt":{"rendered":"<p>Sara Filding \u2013 \u012fsik\u016bnij\u0119s padorumas. Puikiai i\u0161aukl\u0117ta mergina ra\u0161o knygas apie \u017emones, gyvenan\u010dius&#8230; nuod\u0117mi\u0173 ir yd\u0173 pasaulyje. \u017dini\u0173 siekimas ir noras gyventi \u012fdomiau atvilioja Sar\u0105 i\u0161 saugaus Anglijos kaimo \u012f London\u0105, kur ji netik\u0117tai susitinka Derek\u0105 Kreiven\u0105. Gr\u0117slaus gro\u017eio ir at\u0161iauraus b\u016bdo vyras su\u017eadina Saros smalsum\u0105 ir slaptus tro\u0161kimus.<\/p>\n<p>Derekas Kreivenas, gim\u0119s be skatiko ir be vardo, sugeb\u0117jo i\u0161kilti i\u0161 paties dugno ir tapti prabangiausi\u0173 Londono lo\u0161imo nam\u0173 savininku. Netik\u0117tai susiklos\u010dius aplinkyb\u0117ms jam nenoromis tenka \u012fsileisti Sar\u0105 \u012f savo baug\u0173 pasaul\u012f. \u0160i kukli mergina, kupina vidin\u0117s stipryb\u0117s ir slopinamo geidulingumo, pavergia Derek\u0105 ir pabudina jo nuobod\u017eiaujan\u010di\u0105 \u0161ird\u012f.<\/p>\n","protected":false},"featured_media":6764,"comment_status":"closed","ping_status":"closed","template":"","meta":{"_acf_changed":false,"site-sidebar-layout":"default","site-content-layout":"","ast-site-content-layout":"default","site-content-style":"default","site-sidebar-style":"default","ast-global-header-display":"","ast-banner-title-visibility":"","ast-main-header-display":"","ast-hfb-above-header-display":"","ast-hfb-below-header-display":"","ast-hfb-mobile-header-display":"","site-post-title":"","ast-breadcrumbs-content":"","ast-featured-img":"","footer-sml-layout":"","ast-disable-related-posts":"","theme-transparent-header-meta":"","adv-header-id-meta":"","stick-header-meta":"","header-above-stick-meta":"","header-main-stick-meta":"","header-below-stick-meta":"","astra-migrate-meta-layouts":"default","ast-page-background-enabled":"default","ast-page-background-meta":{"desktop":{"background-color":"","background-image":"","background-repeat":"repeat","background-position":"center center","background-size":"auto","background-attachment":"scroll","background-type":"","background-media":"","overlay-type":"","overlay-color":"","overlay-opacity":"","overlay-gradient":""},"tablet":{"background-color":"","background-image":"","background-repeat":"repeat","background-position":"center center","background-size":"auto","background-attachment":"scroll","background-type":"","background-media":"","overlay-type":"","overlay-color":"","overlay-opacity":"","overlay-gradient":""},"mobile":{"background-color":"","background-image":"","background-repeat":"repeat","background-position":"center center","background-size":"auto","background-attachment":"scroll","background-type":"","background-media":"","overlay-type":"","overlay-color":"","overlay-opacity":"","overlay-gradient":""}},"ast-content-background-meta":{"desktop":{"background-color":"var(--ast-global-color-4)","background-image":"","background-repeat":"repeat","background-position":"center center","background-size":"auto","background-attachment":"scroll","background-type":"","background-media":"","overlay-type":"","overlay-color":"","overlay-opacity":"","overlay-gradient":""},"tablet":{"background-color":"var(--ast-global-color-4)","background-image":"","background-repeat":"repeat","background-position":"center center","background-size":"auto","background-attachment":"scroll","background-type":"","background-media":"","overlay-type":"","overlay-color":"","overlay-opacity":"","overlay-gradient":""},"mobile":{"background-color":"var(--ast-global-color-4)","background-image":"","background-repeat":"repeat","background-position":"center center","background-size":"auto","background-attachment":"scroll","background-type":"","background-media":"","overlay-type":"","overlay-color":"","overlay-opacity":"","overlay-gradient":""}}},"product_brand":[],"product_cat":[31],"product_tag":[],"class_list":{"0":"post-6745","1":"product","2":"type-product","3":"status-publish","4":"has-post-thumbnail","6":"product_cat-grozine-literatura","7":"desktop-align-left","8":"tablet-align-left","9":"mobile-align-left","11":"first","12":"instock","13":"shipping-taxable","14":"purchasable","15":"product-type-simple"},"acf":[],"yoast_head":"<!-- This site is optimized with the Yoast SEO plugin v27.0 - https:\/\/yoast.com\/product\/yoast-seo-wordpress\/ -->\n<title>Svajojant apie tave<\/title>\n<meta name=\"description\" content=\"Sara Filding \u2013 \u012fsik\u016bnij\u0119s padorumas. Puikiai i\u0161aukl\u0117ta mergina ra\u0161o knygas apie \u017emones, gyvenan\u010dius... nuod\u0117mi\u0173 ir yd\u0173 pasaulyje. \u017dini\u0173 siekimas ir noras gyventi \u012fdomiau atvilioja Sar\u0105 i\u0161 saugaus Anglijos kaimo \u012f London\u0105, kur ji netik\u0117tai susitinka Derek\u0105 Kreiven\u0105. Gr\u0117slaus gro\u017eio ir at\u0161iauraus b\u016bdo vyras su\u017eadina Saros smalsum\u0105 ir slaptus tro\u0161kimus.  Derekas Kreivenas, gim\u0119s be skatiko ir be vardo, sugeb\u0117jo i\u0161kilti i\u0161 paties dugno ir tapti prabangiausi\u0173 Londono lo\u0161imo nam\u0173 savininku. Netik\u0117tai susiklos\u010dius aplinkyb\u0117ms jam nenoromis tenka \u012fsileisti Sar\u0105 \u012f savo baug\u0173 pasaul\u012f. \u0160i kukli mergina, kupina vidin\u0117s stipryb\u0117s ir slopinamo geidulingumo, pavergia Derek\u0105 ir pabudina jo nuobod\u017eiaujan\u010di\u0105 \u0161ird\u012f.\" \/>\n<meta name=\"robots\" content=\"index, follow, max-snippet:-1, max-image-preview:large, max-video-preview:-1\" \/>\n<link rel=\"canonical\" href=\"https:\/\/skaitytaknyga.lt\/en\/produktas\/l-kleypas-svajojant-apie-tave\/\" \/>\n<meta property=\"og:locale\" content=\"en_GB\" \/>\n<meta property=\"og:locale:alternate\" content=\"lt_LT\" \/>\n<meta property=\"og:type\" content=\"article\" \/>\n<meta property=\"og:title\" content=\"Svajojant apie tave\" \/>\n<meta property=\"og:description\" content=\"Sara Filding \u2013 \u012fsik\u016bnij\u0119s padorumas. Puikiai i\u0161aukl\u0117ta mergina ra\u0161o knygas apie \u017emones, gyvenan\u010dius... nuod\u0117mi\u0173 ir yd\u0173 pasaulyje. \u017dini\u0173 siekimas ir noras gyventi \u012fdomiau atvilioja Sar\u0105 i\u0161 saugaus Anglijos kaimo \u012f London\u0105, kur ji netik\u0117tai susitinka Derek\u0105 Kreiven\u0105. Gr\u0117slaus gro\u017eio ir at\u0161iauraus b\u016bdo vyras su\u017eadina Saros smalsum\u0105 ir slaptus tro\u0161kimus.  Derekas Kreivenas, gim\u0119s be skatiko ir be vardo, sugeb\u0117jo i\u0161kilti i\u0161 paties dugno ir tapti prabangiausi\u0173 Londono lo\u0161imo nam\u0173 savininku. Netik\u0117tai susiklos\u010dius aplinkyb\u0117ms jam nenoromis tenka \u012fsileisti Sar\u0105 \u012f savo baug\u0173 pasaul\u012f. \u0160i kukli mergina, kupina vidin\u0117s stipryb\u0117s ir slopinamo geidulingumo, pavergia Derek\u0105 ir pabudina jo nuobod\u017eiaujan\u010di\u0105 \u0161ird\u012f.\" \/>\n<meta property=\"og:url\" content=\"https:\/\/skaitytaknyga.lt\/en\/produktas\/l-kleypas-svajojant-apie-tave\/\" \/>\n<meta property=\"og:site_name\" content=\"Skaitytaknyga\" \/>\n<meta property=\"article:publisher\" content=\"https:\/\/www.facebook.com\/skaitytaknyga\/\" \/>\n<meta property=\"article:modified_time\" content=\"2025-05-19T12:07:48+00:00\" \/>\n<meta property=\"og:image\" content=\"https:\/\/skaitytaknyga.lt\/wp-content\/uploads\/2024\/05\/1540886340_9786090304341.jpg\" \/>\n\t<meta property=\"og:image:width\" content=\"389\" \/>\n\t<meta property=\"og:image:height\" content=\"498\" \/>\n\t<meta property=\"og:image:type\" content=\"image\/jpeg\" \/>\n<meta name=\"twitter:card\" content=\"summary_large_image\" \/>\n<meta name=\"twitter:label1\" content=\"Estimated reading time\" \/>\n\t<meta name=\"twitter:data1\" content=\"1 minute\" \/>\n<script type=\"application\/ld+json\" class=\"yoast-schema-graph\">{\"@context\":\"https:\/\/schema.org\",\"@graph\":[{\"@type\":\"WebPage\",\"@id\":\"https:\/\/skaitytaknyga.lt\/produktas\/l-kleypas-svajojant-apie-tave\/\",\"url\":\"https:\/\/skaitytaknyga.lt\/produktas\/l-kleypas-svajojant-apie-tave\/\",\"name\":\"Svajojant apie tave\",\"isPartOf\":{\"@id\":\"https:\/\/skaitytaknyga.lt\/#website\"},\"primaryImageOfPage\":{\"@id\":\"https:\/\/skaitytaknyga.lt\/produktas\/l-kleypas-svajojant-apie-tave\/#primaryimage\"},\"image\":{\"@id\":\"https:\/\/skaitytaknyga.lt\/produktas\/l-kleypas-svajojant-apie-tave\/#primaryimage\"},\"thumbnailUrl\":\"https:\/\/skaitytaknyga.lt\/wp-content\/uploads\/2024\/05\/1540886340_9786090304341.jpg\",\"datePublished\":\"2024-05-09T13:27:12+00:00\",\"dateModified\":\"2025-05-19T12:07:48+00:00\",\"description\":\"Sara Filding \u2013 \u012fsik\u016bnij\u0119s padorumas. Puikiai i\u0161aukl\u0117ta mergina ra\u0161o knygas apie \u017emones, gyvenan\u010dius... nuod\u0117mi\u0173 ir yd\u0173 pasaulyje. \u017dini\u0173 siekimas ir noras gyventi \u012fdomiau atvilioja Sar\u0105 i\u0161 saugaus Anglijos kaimo \u012f London\u0105, kur ji netik\u0117tai susitinka Derek\u0105 Kreiven\u0105. Gr\u0117slaus gro\u017eio ir at\u0161iauraus b\u016bdo vyras su\u017eadina Saros smalsum\u0105 ir slaptus tro\u0161kimus. Derekas Kreivenas, gim\u0119s be skatiko ir be vardo, sugeb\u0117jo i\u0161kilti i\u0161 paties dugno ir tapti prabangiausi\u0173 Londono lo\u0161imo nam\u0173 savininku. Netik\u0117tai susiklos\u010dius aplinkyb\u0117ms jam nenoromis tenka \u012fsileisti Sar\u0105 \u012f savo baug\u0173 pasaul\u012f. \u0160i kukli mergina, kupina vidin\u0117s stipryb\u0117s ir slopinamo geidulingumo, pavergia Derek\u0105 ir pabudina jo nuobod\u017eiaujan\u010di\u0105 \u0161ird\u012f.\",\"breadcrumb\":{\"@id\":\"https:\/\/skaitytaknyga.lt\/produktas\/l-kleypas-svajojant-apie-tave\/#breadcrumb\"},\"inLanguage\":\"en-GB\",\"potentialAction\":[{\"@type\":\"ReadAction\",\"target\":[\"https:\/\/skaitytaknyga.lt\/produktas\/l-kleypas-svajojant-apie-tave\/\"]}]},{\"@type\":\"ImageObject\",\"inLanguage\":\"en-GB\",\"@id\":\"https:\/\/skaitytaknyga.lt\/produktas\/l-kleypas-svajojant-apie-tave\/#primaryimage\",\"url\":\"https:\/\/skaitytaknyga.lt\/wp-content\/uploads\/2024\/05\/1540886340_9786090304341.jpg\",\"contentUrl\":\"https:\/\/skaitytaknyga.lt\/wp-content\/uploads\/2024\/05\/1540886340_9786090304341.jpg\",\"width\":389,\"height\":498},{\"@type\":\"BreadcrumbList\",\"@id\":\"https:\/\/skaitytaknyga.lt\/produktas\/l-kleypas-svajojant-apie-tave\/#breadcrumb\",\"itemListElement\":[{\"@type\":\"ListItem\",\"position\":1,\"name\":\"Home\",\"item\":\"https:\/\/skaitytaknyga.lt\/\"},{\"@type\":\"ListItem\",\"position\":2,\"name\":\"Parduotuv\u0117\",\"item\":\"https:\/\/skaitytaknyga.lt\/knygu-parduotuve\/\"},{\"@type\":\"ListItem\",\"position\":3,\"name\":\"Svajojant apie tave\"}]},{\"@type\":\"WebSite\",\"@id\":\"https:\/\/skaitytaknyga.lt\/#website\",\"url\":\"https:\/\/skaitytaknyga.lt\/\",\"name\":\"skaitytaknyga.lt\",\"description\":\"Skaitytaknyga.lt \u2013 tai ma\u017eas \u0161eimos verslas, kuris prasid\u0117jo nuo meil\u0117s knygoms ir siekio i\u0161gelb\u0117ti knygas nuo likimo prie konteinerio. Kas vienam nereikalingas daiktas \u2013 kitam lobis, o mes esame tarpininkai, kurie padeda abiems tapti laimingesniems ???? \u017dinome kaip nelengva i\u0161gyventi ma\u017eiems verslams, tad nuo \u0161iol, \u010dia rasite ir kit\u0173, ma\u017e\u0173 \u0161eim\u0173 versl\u0173, rank\u0173 darbo, dovan\u0173 sau ir artimiesiems.\",\"publisher\":{\"@id\":\"https:\/\/skaitytaknyga.lt\/#organization\"},\"potentialAction\":[{\"@type\":\"SearchAction\",\"target\":{\"@type\":\"EntryPoint\",\"urlTemplate\":\"https:\/\/skaitytaknyga.lt\/?s={search_term_string}\"},\"query-input\":{\"@type\":\"PropertyValueSpecification\",\"valueRequired\":true,\"valueName\":\"search_term_string\"}}],\"inLanguage\":\"en-GB\"},{\"@type\":\"Organization\",\"@id\":\"https:\/\/skaitytaknyga.lt\/#organization\",\"name\":\"skaitytaknyga.lt\",\"url\":\"https:\/\/skaitytaknyga.lt\/\",\"logo\":{\"@type\":\"ImageObject\",\"inLanguage\":\"en-GB\",\"@id\":\"https:\/\/skaitytaknyga.lt\/#\/schema\/logo\/image\/\",\"url\":\"https:\/\/skaitytaknyga.lt\/wp-content\/uploads\/2024\/05\/cropped-cropped-cropped-02_00843_jt3bggkj1j3HLc7SyY6rEUpg.jpeg\",\"contentUrl\":\"https:\/\/skaitytaknyga.lt\/wp-content\/uploads\/2024\/05\/cropped-cropped-cropped-02_00843_jt3bggkj1j3HLc7SyY6rEUpg.jpeg\",\"width\":1600,\"height\":1600,\"caption\":\"skaitytaknyga.lt\"},\"image\":{\"@id\":\"https:\/\/skaitytaknyga.lt\/#\/schema\/logo\/image\/\"},\"sameAs\":[\"https:\/\/www.facebook.com\/skaitytaknyga\/\"]}]}<\/script>\n<!-- \/ Yoast SEO plugin. -->","yoast_head_json":{"title":"Svajojant apie tave","description":"Sara Filding \u2013 \u012fsik\u016bnij\u0119s padorumas. Puikiai i\u0161aukl\u0117ta mergina ra\u0161o knygas apie \u017emones, gyvenan\u010dius... nuod\u0117mi\u0173 ir yd\u0173 pasaulyje. \u017dini\u0173 siekimas ir noras gyventi \u012fdomiau atvilioja Sar\u0105 i\u0161 saugaus Anglijos kaimo \u012f London\u0105, kur ji netik\u0117tai susitinka Derek\u0105 Kreiven\u0105. Gr\u0117slaus gro\u017eio ir at\u0161iauraus b\u016bdo vyras su\u017eadina Saros smalsum\u0105 ir slaptus tro\u0161kimus.  Derekas Kreivenas, gim\u0119s be skatiko ir be vardo, sugeb\u0117jo i\u0161kilti i\u0161 paties dugno ir tapti prabangiausi\u0173 Londono lo\u0161imo nam\u0173 savininku. Netik\u0117tai susiklos\u010dius aplinkyb\u0117ms jam nenoromis tenka \u012fsileisti Sar\u0105 \u012f savo baug\u0173 pasaul\u012f. \u0160i kukli mergina, kupina vidin\u0117s stipryb\u0117s ir slopinamo geidulingumo, pavergia Derek\u0105 ir pabudina jo nuobod\u017eiaujan\u010di\u0105 \u0161ird\u012f.","robots":{"index":"index","follow":"follow","max-snippet":"max-snippet:-1","max-image-preview":"max-image-preview:large","max-video-preview":"max-video-preview:-1"},"canonical":"https:\/\/skaitytaknyga.lt\/en\/produktas\/l-kleypas-svajojant-apie-tave\/","og_locale":"en_GB","og_type":"article","og_title":"[:lt]Svajojant apie tave[:] - Skaitytaknyga","og_description":"Sara Filding \u2013 \u012fsik\u016bnij\u0119s padorumas. Puikiai i\u0161aukl\u0117ta mergina ra\u0161o knygas apie \u017emones, gyvenan\u010dius... nuod\u0117mi\u0173 ir yd\u0173 pasaulyje. \u017dini\u0173 siekimas ir noras gyventi \u012fdomiau atvilioja Sar\u0105 i\u0161 saugaus Anglijos kaimo \u012f London\u0105, kur ji netik\u0117tai susitinka Derek\u0105 Kreiven\u0105. Gr\u0117slaus gro\u017eio ir at\u0161iauraus b\u016bdo vyras su\u017eadina Saros smalsum\u0105 ir slaptus tro\u0161kimus.  Derekas Kreivenas, gim\u0119s be skatiko ir be vardo, sugeb\u0117jo i\u0161kilti i\u0161 paties dugno ir tapti prabangiausi\u0173 Londono lo\u0161imo nam\u0173 savininku. Netik\u0117tai susiklos\u010dius aplinkyb\u0117ms jam nenoromis tenka \u012fsileisti Sar\u0105 \u012f savo baug\u0173 pasaul\u012f. \u0160i kukli mergina, kupina vidin\u0117s stipryb\u0117s ir slopinamo geidulingumo, pavergia Derek\u0105 ir pabudina jo nuobod\u017eiaujan\u010di\u0105 \u0161ird\u012f.","og_url":"https:\/\/skaitytaknyga.lt\/en\/produktas\/l-kleypas-svajojant-apie-tave\/","og_site_name":"Skaitytaknyga","article_publisher":"https:\/\/www.facebook.com\/skaitytaknyga\/","article_modified_time":"2025-05-19T12:07:48+00:00","og_image":[{"width":389,"height":498,"url":"https:\/\/skaitytaknyga.lt\/wp-content\/uploads\/2024\/05\/1540886340_9786090304341.jpg","type":"image\/jpeg"}],"twitter_card":"summary_large_image","twitter_misc":{"Estimated reading time":"1 minute"},"schema":{"@context":"https:\/\/schema.org","@graph":[{"@type":"WebPage","@id":"https:\/\/skaitytaknyga.lt\/produktas\/l-kleypas-svajojant-apie-tave\/","url":"https:\/\/skaitytaknyga.lt\/produktas\/l-kleypas-svajojant-apie-tave\/","name":"Svajojant apie tave","isPartOf":{"@id":"https:\/\/skaitytaknyga.lt\/#website"},"primaryImageOfPage":{"@id":"https:\/\/skaitytaknyga.lt\/produktas\/l-kleypas-svajojant-apie-tave\/#primaryimage"},"image":{"@id":"https:\/\/skaitytaknyga.lt\/produktas\/l-kleypas-svajojant-apie-tave\/#primaryimage"},"thumbnailUrl":"https:\/\/skaitytaknyga.lt\/wp-content\/uploads\/2024\/05\/1540886340_9786090304341.jpg","datePublished":"2024-05-09T13:27:12+00:00","dateModified":"2025-05-19T12:07:48+00:00","description":"Sara Filding \u2013 \u012fsik\u016bnij\u0119s padorumas. Puikiai i\u0161aukl\u0117ta mergina ra\u0161o knygas apie \u017emones, gyvenan\u010dius... nuod\u0117mi\u0173 ir yd\u0173 pasaulyje. \u017dini\u0173 siekimas ir noras gyventi \u012fdomiau atvilioja Sar\u0105 i\u0161 saugaus Anglijos kaimo \u012f London\u0105, kur ji netik\u0117tai susitinka Derek\u0105 Kreiven\u0105. Gr\u0117slaus gro\u017eio ir at\u0161iauraus b\u016bdo vyras su\u017eadina Saros smalsum\u0105 ir slaptus tro\u0161kimus. Derekas Kreivenas, gim\u0119s be skatiko ir be vardo, sugeb\u0117jo i\u0161kilti i\u0161 paties dugno ir tapti prabangiausi\u0173 Londono lo\u0161imo nam\u0173 savininku. Netik\u0117tai susiklos\u010dius aplinkyb\u0117ms jam nenoromis tenka \u012fsileisti Sar\u0105 \u012f savo baug\u0173 pasaul\u012f. \u0160i kukli mergina, kupina vidin\u0117s stipryb\u0117s ir slopinamo geidulingumo, pavergia Derek\u0105 ir pabudina jo nuobod\u017eiaujan\u010di\u0105 \u0161ird\u012f.","breadcrumb":{"@id":"https:\/\/skaitytaknyga.lt\/produktas\/l-kleypas-svajojant-apie-tave\/#breadcrumb"},"inLanguage":"en-GB","potentialAction":[{"@type":"ReadAction","target":["https:\/\/skaitytaknyga.lt\/produktas\/l-kleypas-svajojant-apie-tave\/"]}]},{"@type":"ImageObject","inLanguage":"en-GB","@id":"https:\/\/skaitytaknyga.lt\/produktas\/l-kleypas-svajojant-apie-tave\/#primaryimage","url":"https:\/\/skaitytaknyga.lt\/wp-content\/uploads\/2024\/05\/1540886340_9786090304341.jpg","contentUrl":"https:\/\/skaitytaknyga.lt\/wp-content\/uploads\/2024\/05\/1540886340_9786090304341.jpg","width":389,"height":498},{"@type":"BreadcrumbList","@id":"https:\/\/skaitytaknyga.lt\/produktas\/l-kleypas-svajojant-apie-tave\/#breadcrumb","itemListElement":[{"@type":"ListItem","position":1,"name":"Home","item":"https:\/\/skaitytaknyga.lt\/"},{"@type":"ListItem","position":2,"name":"Parduotuv\u0117","item":"https:\/\/skaitytaknyga.lt\/knygu-parduotuve\/"},{"@type":"ListItem","position":3,"name":"Svajojant apie tave"}]},{"@type":"WebSite","@id":"https:\/\/skaitytaknyga.lt\/#website","url":"https:\/\/skaitytaknyga.lt\/","name":"skaitytaknyga.lt","description":"Skaitytaknyga.lt \u2013 tai ma\u017eas \u0161eimos verslas, kuris prasid\u0117jo nuo meil\u0117s knygoms ir siekio i\u0161gelb\u0117ti knygas nuo likimo prie konteinerio. Kas vienam nereikalingas daiktas \u2013 kitam lobis, o mes esame tarpininkai, kurie padeda abiems tapti laimingesniems ???? \u017dinome kaip nelengva i\u0161gyventi ma\u017eiems verslams, tad nuo \u0161iol, \u010dia rasite ir kit\u0173, ma\u017e\u0173 \u0161eim\u0173 versl\u0173, rank\u0173 darbo, dovan\u0173 sau ir artimiesiems.","publisher":{"@id":"https:\/\/skaitytaknyga.lt\/#organization"},"potentialAction":[{"@type":"SearchAction","target":{"@type":"EntryPoint","urlTemplate":"https:\/\/skaitytaknyga.lt\/?s={search_term_string}"},"query-input":{"@type":"PropertyValueSpecification","valueRequired":true,"valueName":"search_term_string"}}],"inLanguage":"en-GB"},{"@type":"Organization","@id":"https:\/\/skaitytaknyga.lt\/#organization","name":"skaitytaknyga.lt","url":"https:\/\/skaitytaknyga.lt\/","logo":{"@type":"ImageObject","inLanguage":"en-GB","@id":"https:\/\/skaitytaknyga.lt\/#\/schema\/logo\/image\/","url":"https:\/\/skaitytaknyga.lt\/wp-content\/uploads\/2024\/05\/cropped-cropped-cropped-02_00843_jt3bggkj1j3HLc7SyY6rEUpg.jpeg","contentUrl":"https:\/\/skaitytaknyga.lt\/wp-content\/uploads\/2024\/05\/cropped-cropped-cropped-02_00843_jt3bggkj1j3HLc7SyY6rEUpg.jpeg","width":1600,"height":1600,"caption":"skaitytaknyga.lt"},"image":{"@id":"https:\/\/skaitytaknyga.lt\/#\/schema\/logo\/image\/"},"sameAs":["https:\/\/www.facebook.com\/skaitytaknyga\/"]}]}},"_links":{"self":[{"href":"https:\/\/skaitytaknyga.lt\/en\/wp-json\/wp\/v2\/product\/6745","targetHints":{"allow":["GET"]}}],"collection":[{"href":"https:\/\/skaitytaknyga.lt\/en\/wp-json\/wp\/v2\/product"}],"about":[{"href":"https:\/\/skaitytaknyga.lt\/en\/wp-json\/wp\/v2\/types\/product"}],"replies":[{"embeddable":true,"href":"https:\/\/skaitytaknyga.lt\/en\/wp-json\/wp\/v2\/comments?post=6745"}],"wp:featuredmedia":[{"embeddable":true,"href":"https:\/\/skaitytaknyga.lt\/en\/wp-json\/wp\/v2\/media\/6764"}],"wp:attachment":[{"href":"https:\/\/skaitytaknyga.lt\/en\/wp-json\/wp\/v2\/media?parent=6745"}],"wp:term":[{"taxonomy":"product_brand","embeddable":true,"href":"https:\/\/skaitytaknyga.lt\/en\/wp-json\/wp\/v2\/product_brand?post=6745"},{"taxonomy":"product_cat","embeddable":true,"href":"https:\/\/skaitytaknyga.lt\/en\/wp-json\/wp\/v2\/product_cat?post=6745"},{"taxonomy":"product_tag","embeddable":true,"href":"https:\/\/skaitytaknyga.lt\/en\/wp-json\/wp\/v2\/product_tag?post=6745"}],"curies":[{"name":"wp","href":"https:\/\/api.w.org\/{rel}","templated":true}]}}