{"id":6744,"date":"2024-05-09T13:27:12","date_gmt":"2024-05-09T13:27:12","guid":{"rendered":"https:\/\/skaitytaknyga.lt\/?post_type=product&#038;p=6744"},"modified":"2025-05-19T09:47:09","modified_gmt":"2025-05-19T06:47:09","slug":"l-kleypas-nes-tu-esi-mano","status":"publish","type":"product","link":"https:\/\/skaitytaknyga.lt\/en\/produktas\/l-kleypas-nes-tu-esi-mano\/","title":{"rendered":"Nes tu esi mano"},"content":{"rendered":"<p>Dviej\u0173 knyg\u0173 serija \u201eDidysis teatras\u201c. Antra knyga<\/p>\n<p><em>J\u016bs\u0173 s\u0105\u017ein\u0117 man ner\u016bpi. Noriu, kad v\u0117l mane pabu\u010diuotum\u0117te.<\/em><br \/>\nLedi Madlina Metjus ver\u010diau jau u\u017esitrauks g\u0117d\u0105, nei paaukos laisv\u0119. Nor\u0117dama i\u0161vengti santuokos su pagyvenusiu, bet kilmingu na\u0161liu, ji siekia Logano Skoto d\u0117mesio: romanas su garsiu aktoriumi ir plev\u0117sa tikrai sukompromituot\u0173 j\u0105 auk\u0161tuomen\u0117s akyse ir lordas Kliftonas atsisakyt\u0173 savo k\u0117sl\u0173.<br \/>\nI\u0161 tikr\u0173j\u0173 tai Loganas Skotas yra praeities \u0161m\u0117kl\u0173 persekiojamas vieni\u0161ius. O ta \u012f\u017e\u016bli mergiot\u0117, nerandanti vietos Londono sumai\u0161tyje, savo kunkuliuojan\u010diu gyvybingumu ir tyru gro\u017eiu \u017elugdo jo gyvenim\u0105. Tai, kas prasid\u0117jo bu\u010diniu, grasina virsti stipriais tikrais jausmais. Ar Loganui ir Madlinai pakaks dr\u0105sos d\u0117l meil\u0117s nusipl\u0117\u0161ti kaukes, u\u017e kuri\u0173 jie slepiasi?<\/p>\n","protected":false},"excerpt":{"rendered":"<p>Dviej\u0173 knyg\u0173 serija \u201eDidysis teatras\u201c. Antra knyga<\/p>\n<p><em>J\u016bs\u0173 s\u0105\u017ein\u0117 man ner\u016bpi. Noriu, kad v\u0117l mane pabu\u010diuotum\u0117te.<\/em><br \/>\nLedi Madlina Metjus ver\u010diau jau u\u017esitrauks g\u0117d\u0105, nei paaukos laisv\u0119. Nor\u0117dama i\u0161vengti santuokos su pagyvenusiu, bet kilmingu na\u0161liu, ji siekia Logano Skoto d\u0117mesio: romanas su garsiu aktoriumi ir plev\u0117sa tikrai sukompromituot\u0173 j\u0105 auk\u0161tuomen\u0117s akyse ir lordas Kliftonas atsisakyt\u0173 savo k\u0117sl\u0173.<br \/>\nI\u0161 tikr\u0173j\u0173 tai Loganas Skotas yra praeities \u0161m\u0117kl\u0173 persekiojamas vieni\u0161ius. O ta \u012f\u017e\u016bli mergiot\u0117, nerandanti vietos Londono sumai\u0161tyje, savo kunkuliuojan\u010diu gyvybingumu ir tyru gro\u017eiu \u017elugdo jo gyvenim\u0105. Tai, kas prasid\u0117jo bu\u010diniu, grasina virsti stipriais tikrais jausmais. Ar Loganui ir Madlinai pakaks dr\u0105sos d\u0117l meil\u0117s nusipl\u0117\u0161ti kaukes, u\u017e kuri\u0173 jie slepiasi?<\/p>\n","protected":false},"featured_media":6756,"comment_status":"closed","ping_status":"closed","template":"","meta":{"_acf_changed":false,"site-sidebar-layout":"default","site-content-layout":"","ast-site-content-layout":"default","site-content-style":"default","site-sidebar-style":"default","ast-global-header-display":"","ast-banner-title-visibility":"","ast-main-header-display":"","ast-hfb-above-header-display":"","ast-hfb-below-header-display":"","ast-hfb-mobile-header-display":"","site-post-title":"","ast-breadcrumbs-content":"","ast-featured-img":"","footer-sml-layout":"","ast-disable-related-posts":"","theme-transparent-header-meta":"","adv-header-id-meta":"","stick-header-meta":"","header-above-stick-meta":"","header-main-stick-meta":"","header-below-stick-meta":"","astra-migrate-meta-layouts":"default","ast-page-background-enabled":"default","ast-page-background-meta":{"desktop":{"background-color":"","background-image":"","background-repeat":"repeat","background-position":"center center","background-size":"auto","background-attachment":"scroll","background-type":"","background-media":"","overlay-type":"","overlay-color":"","overlay-opacity":"","overlay-gradient":""},"tablet":{"background-color":"","background-image":"","background-repeat":"repeat","background-position":"center center","background-size":"auto","background-attachment":"scroll","background-type":"","background-media":"","overlay-type":"","overlay-color":"","overlay-opacity":"","overlay-gradient":""},"mobile":{"background-color":"","background-image":"","background-repeat":"repeat","background-position":"center center","background-size":"auto","background-attachment":"scroll","background-type":"","background-media":"","overlay-type":"","overlay-color":"","overlay-opacity":"","overlay-gradient":""}},"ast-content-background-meta":{"desktop":{"background-color":"var(--ast-global-color-4)","background-image":"","background-repeat":"repeat","background-position":"center center","background-size":"auto","background-attachment":"scroll","background-type":"","background-media":"","overlay-type":"","overlay-color":"","overlay-opacity":"","overlay-gradient":""},"tablet":{"background-color":"var(--ast-global-color-4)","background-image":"","background-repeat":"repeat","background-position":"center center","background-size":"auto","background-attachment":"scroll","background-type":"","background-media":"","overlay-type":"","overlay-color":"","overlay-opacity":"","overlay-gradient":""},"mobile":{"background-color":"var(--ast-global-color-4)","background-image":"","background-repeat":"repeat","background-position":"center center","background-size":"auto","background-attachment":"scroll","background-type":"","background-media":"","overlay-type":"","overlay-color":"","overlay-opacity":"","overlay-gradient":""}}},"product_brand":[],"product_cat":[31],"product_tag":[],"class_list":{"0":"post-6744","1":"product","2":"type-product","3":"status-publish","4":"has-post-thumbnail","6":"product_cat-grozine-literatura","7":"desktop-align-left","8":"tablet-align-left","9":"mobile-align-left","11":"first","12":"instock","13":"shipping-taxable","14":"purchasable","15":"product-type-simple"},"acf":[],"yoast_head":"<!-- This site is optimized with the Yoast SEO plugin v27.0 - https:\/\/yoast.com\/product\/yoast-seo-wordpress\/ -->\n<title>Nes tu esi mano<\/title>\n<meta name=\"description\" content=\"Dviej\u0173 knyg\u0173 serija \u201eDidysis teatras\u201c. Antra knyga  J\u016bs\u0173 s\u0105\u017ein\u0117 man ner\u016bpi. Noriu, kad v\u0117l mane pabu\u010diuotum\u0117te. Ledi Madlina Metjus ver\u010diau jau u\u017esitrauks g\u0117d\u0105, nei paaukos laisv\u0119. Nor\u0117dama i\u0161vengti santuokos su pagyvenusiu, bet kilmingu na\u0161liu, ji siekia Logano Skoto d\u0117mesio: romanas su garsiu aktoriumi ir plev\u0117sa tikrai sukompromituot\u0173 j\u0105 auk\u0161tuomen\u0117s akyse ir lordas Kliftonas atsisakyt\u0173 savo k\u0117sl\u0173. I\u0161 tikr\u0173j\u0173 tai Loganas Skotas yra praeities \u0161m\u0117kl\u0173 persekiojamas vieni\u0161ius. O ta \u012f\u017e\u016bli mergiot\u0117, nerandanti vietos Londono sumai\u0161tyje, savo kunkuliuojan\u010diu gyvybingumu ir tyru gro\u017eiu \u017elugdo jo gyvenim\u0105. Tai, kas prasid\u0117jo bu\u010diniu, grasina virsti stipriais tikrais jausmais. Ar Loganui ir Madlinai pakaks dr\u0105sos d\u0117l meil\u0117s nusipl\u0117\u0161ti kaukes, u\u017e kuri\u0173 jie slepiasi?\" \/>\n<meta name=\"robots\" content=\"index, follow, max-snippet:-1, max-image-preview:large, max-video-preview:-1\" \/>\n<link rel=\"canonical\" href=\"https:\/\/skaitytaknyga.lt\/en\/produktas\/l-kleypas-nes-tu-esi-mano\/\" \/>\n<meta property=\"og:locale\" content=\"en_GB\" \/>\n<meta property=\"og:locale:alternate\" content=\"lt_LT\" \/>\n<meta property=\"og:type\" content=\"article\" \/>\n<meta property=\"og:title\" content=\"Nes tu esi mano\" \/>\n<meta property=\"og:description\" content=\"Dviej\u0173 knyg\u0173 serija \u201eDidysis teatras\u201c. Antra knyga  J\u016bs\u0173 s\u0105\u017ein\u0117 man ner\u016bpi. Noriu, kad v\u0117l mane pabu\u010diuotum\u0117te. Ledi Madlina Metjus ver\u010diau jau u\u017esitrauks g\u0117d\u0105, nei paaukos laisv\u0119. Nor\u0117dama i\u0161vengti santuokos su pagyvenusiu, bet kilmingu na\u0161liu, ji siekia Logano Skoto d\u0117mesio: romanas su garsiu aktoriumi ir plev\u0117sa tikrai sukompromituot\u0173 j\u0105 auk\u0161tuomen\u0117s akyse ir lordas Kliftonas atsisakyt\u0173 savo k\u0117sl\u0173. I\u0161 tikr\u0173j\u0173 tai Loganas Skotas yra praeities \u0161m\u0117kl\u0173 persekiojamas vieni\u0161ius. O ta \u012f\u017e\u016bli mergiot\u0117, nerandanti vietos Londono sumai\u0161tyje, savo kunkuliuojan\u010diu gyvybingumu ir tyru gro\u017eiu \u017elugdo jo gyvenim\u0105. Tai, kas prasid\u0117jo bu\u010diniu, grasina virsti stipriais tikrais jausmais. Ar Loganui ir Madlinai pakaks dr\u0105sos d\u0117l meil\u0117s nusipl\u0117\u0161ti kaukes, u\u017e kuri\u0173 jie slepiasi?\" \/>\n<meta property=\"og:url\" content=\"https:\/\/skaitytaknyga.lt\/en\/produktas\/l-kleypas-nes-tu-esi-mano\/\" \/>\n<meta property=\"og:site_name\" content=\"Skaitytaknyga\" \/>\n<meta property=\"article:publisher\" content=\"https:\/\/www.facebook.com\/skaitytaknyga\/\" \/>\n<meta property=\"article:modified_time\" content=\"2025-05-19T06:47:09+00:00\" \/>\n<meta property=\"og:image\" content=\"https:\/\/skaitytaknyga.lt\/wp-content\/uploads\/2024\/05\/nes-tu-esi-mano-didysis-teatras-2-knyga.jpg\" \/>\n\t<meta property=\"og:image:width\" content=\"570\" \/>\n\t<meta property=\"og:image:height\" content=\"832\" \/>\n\t<meta property=\"og:image:type\" content=\"image\/jpeg\" \/>\n<meta name=\"twitter:card\" content=\"summary_large_image\" \/>\n<meta name=\"twitter:label1\" content=\"Estimated reading time\" \/>\n\t<meta name=\"twitter:data1\" content=\"1 minute\" \/>\n<script type=\"application\/ld+json\" class=\"yoast-schema-graph\">{\"@context\":\"https:\/\/schema.org\",\"@graph\":[{\"@type\":\"WebPage\",\"@id\":\"https:\/\/skaitytaknyga.lt\/produktas\/l-kleypas-nes-tu-esi-mano\/\",\"url\":\"https:\/\/skaitytaknyga.lt\/produktas\/l-kleypas-nes-tu-esi-mano\/\",\"name\":\"Nes tu esi mano\",\"isPartOf\":{\"@id\":\"https:\/\/skaitytaknyga.lt\/#website\"},\"primaryImageOfPage\":{\"@id\":\"https:\/\/skaitytaknyga.lt\/produktas\/l-kleypas-nes-tu-esi-mano\/#primaryimage\"},\"image\":{\"@id\":\"https:\/\/skaitytaknyga.lt\/produktas\/l-kleypas-nes-tu-esi-mano\/#primaryimage\"},\"thumbnailUrl\":\"https:\/\/skaitytaknyga.lt\/wp-content\/uploads\/2024\/05\/nes-tu-esi-mano-didysis-teatras-2-knyga.jpg\",\"datePublished\":\"2024-05-09T13:27:12+00:00\",\"dateModified\":\"2025-05-19T06:47:09+00:00\",\"description\":\"Dviej\u0173 knyg\u0173 serija \u201eDidysis teatras\u201c. Antra knyga J\u016bs\u0173 s\u0105\u017ein\u0117 man ner\u016bpi. Noriu, kad v\u0117l mane pabu\u010diuotum\u0117te. Ledi Madlina Metjus ver\u010diau jau u\u017esitrauks g\u0117d\u0105, nei paaukos laisv\u0119. Nor\u0117dama i\u0161vengti santuokos su pagyvenusiu, bet kilmingu na\u0161liu, ji siekia Logano Skoto d\u0117mesio: romanas su garsiu aktoriumi ir plev\u0117sa tikrai sukompromituot\u0173 j\u0105 auk\u0161tuomen\u0117s akyse ir lordas Kliftonas atsisakyt\u0173 savo k\u0117sl\u0173. I\u0161 tikr\u0173j\u0173 tai Loganas Skotas yra praeities \u0161m\u0117kl\u0173 persekiojamas vieni\u0161ius. O ta \u012f\u017e\u016bli mergiot\u0117, nerandanti vietos Londono sumai\u0161tyje, savo kunkuliuojan\u010diu gyvybingumu ir tyru gro\u017eiu \u017elugdo jo gyvenim\u0105. Tai, kas prasid\u0117jo bu\u010diniu, grasina virsti stipriais tikrais jausmais. Ar Loganui ir Madlinai pakaks dr\u0105sos d\u0117l meil\u0117s nusipl\u0117\u0161ti kaukes, u\u017e kuri\u0173 jie slepiasi?\",\"breadcrumb\":{\"@id\":\"https:\/\/skaitytaknyga.lt\/produktas\/l-kleypas-nes-tu-esi-mano\/#breadcrumb\"},\"inLanguage\":\"en-GB\",\"potentialAction\":[{\"@type\":\"ReadAction\",\"target\":[\"https:\/\/skaitytaknyga.lt\/produktas\/l-kleypas-nes-tu-esi-mano\/\"]}]},{\"@type\":\"ImageObject\",\"inLanguage\":\"en-GB\",\"@id\":\"https:\/\/skaitytaknyga.lt\/produktas\/l-kleypas-nes-tu-esi-mano\/#primaryimage\",\"url\":\"https:\/\/skaitytaknyga.lt\/wp-content\/uploads\/2024\/05\/nes-tu-esi-mano-didysis-teatras-2-knyga.jpg\",\"contentUrl\":\"https:\/\/skaitytaknyga.lt\/wp-content\/uploads\/2024\/05\/nes-tu-esi-mano-didysis-teatras-2-knyga.jpg\",\"width\":570,\"height\":832},{\"@type\":\"BreadcrumbList\",\"@id\":\"https:\/\/skaitytaknyga.lt\/produktas\/l-kleypas-nes-tu-esi-mano\/#breadcrumb\",\"itemListElement\":[{\"@type\":\"ListItem\",\"position\":1,\"name\":\"Home\",\"item\":\"https:\/\/skaitytaknyga.lt\/\"},{\"@type\":\"ListItem\",\"position\":2,\"name\":\"Parduotuv\u0117\",\"item\":\"https:\/\/skaitytaknyga.lt\/knygu-parduotuve\/\"},{\"@type\":\"ListItem\",\"position\":3,\"name\":\"Nes tu esi mano\"}]},{\"@type\":\"WebSite\",\"@id\":\"https:\/\/skaitytaknyga.lt\/#website\",\"url\":\"https:\/\/skaitytaknyga.lt\/\",\"name\":\"skaitytaknyga.lt\",\"description\":\"Skaitytaknyga.lt \u2013 tai ma\u017eas \u0161eimos verslas, kuris prasid\u0117jo nuo meil\u0117s knygoms ir siekio i\u0161gelb\u0117ti knygas nuo likimo prie konteinerio. Kas vienam nereikalingas daiktas \u2013 kitam lobis, o mes esame tarpininkai, kurie padeda abiems tapti laimingesniems ???? \u017dinome kaip nelengva i\u0161gyventi ma\u017eiems verslams, tad nuo \u0161iol, \u010dia rasite ir kit\u0173, ma\u017e\u0173 \u0161eim\u0173 versl\u0173, rank\u0173 darbo, dovan\u0173 sau ir artimiesiems.\",\"publisher\":{\"@id\":\"https:\/\/skaitytaknyga.lt\/#organization\"},\"potentialAction\":[{\"@type\":\"SearchAction\",\"target\":{\"@type\":\"EntryPoint\",\"urlTemplate\":\"https:\/\/skaitytaknyga.lt\/?s={search_term_string}\"},\"query-input\":{\"@type\":\"PropertyValueSpecification\",\"valueRequired\":true,\"valueName\":\"search_term_string\"}}],\"inLanguage\":\"en-GB\"},{\"@type\":\"Organization\",\"@id\":\"https:\/\/skaitytaknyga.lt\/#organization\",\"name\":\"skaitytaknyga.lt\",\"url\":\"https:\/\/skaitytaknyga.lt\/\",\"logo\":{\"@type\":\"ImageObject\",\"inLanguage\":\"en-GB\",\"@id\":\"https:\/\/skaitytaknyga.lt\/#\/schema\/logo\/image\/\",\"url\":\"https:\/\/skaitytaknyga.lt\/wp-content\/uploads\/2024\/05\/cropped-cropped-cropped-02_00843_jt3bggkj1j3HLc7SyY6rEUpg.jpeg\",\"contentUrl\":\"https:\/\/skaitytaknyga.lt\/wp-content\/uploads\/2024\/05\/cropped-cropped-cropped-02_00843_jt3bggkj1j3HLc7SyY6rEUpg.jpeg\",\"width\":1600,\"height\":1600,\"caption\":\"skaitytaknyga.lt\"},\"image\":{\"@id\":\"https:\/\/skaitytaknyga.lt\/#\/schema\/logo\/image\/\"},\"sameAs\":[\"https:\/\/www.facebook.com\/skaitytaknyga\/\"]}]}<\/script>\n<!-- \/ Yoast SEO plugin. -->","yoast_head_json":{"title":"Nes tu esi mano","description":"Dviej\u0173 knyg\u0173 serija \u201eDidysis teatras\u201c. Antra knyga  J\u016bs\u0173 s\u0105\u017ein\u0117 man ner\u016bpi. Noriu, kad v\u0117l mane pabu\u010diuotum\u0117te. Ledi Madlina Metjus ver\u010diau jau u\u017esitrauks g\u0117d\u0105, nei paaukos laisv\u0119. Nor\u0117dama i\u0161vengti santuokos su pagyvenusiu, bet kilmingu na\u0161liu, ji siekia Logano Skoto d\u0117mesio: romanas su garsiu aktoriumi ir plev\u0117sa tikrai sukompromituot\u0173 j\u0105 auk\u0161tuomen\u0117s akyse ir lordas Kliftonas atsisakyt\u0173 savo k\u0117sl\u0173. I\u0161 tikr\u0173j\u0173 tai Loganas Skotas yra praeities \u0161m\u0117kl\u0173 persekiojamas vieni\u0161ius. O ta \u012f\u017e\u016bli mergiot\u0117, nerandanti vietos Londono sumai\u0161tyje, savo kunkuliuojan\u010diu gyvybingumu ir tyru gro\u017eiu \u017elugdo jo gyvenim\u0105. Tai, kas prasid\u0117jo bu\u010diniu, grasina virsti stipriais tikrais jausmais. Ar Loganui ir Madlinai pakaks dr\u0105sos d\u0117l meil\u0117s nusipl\u0117\u0161ti kaukes, u\u017e kuri\u0173 jie slepiasi?","robots":{"index":"index","follow":"follow","max-snippet":"max-snippet:-1","max-image-preview":"max-image-preview:large","max-video-preview":"max-video-preview:-1"},"canonical":"https:\/\/skaitytaknyga.lt\/en\/produktas\/l-kleypas-nes-tu-esi-mano\/","og_locale":"en_GB","og_type":"article","og_title":"[:lt]Nes tu esi mano[:] - Skaitytaknyga","og_description":"Dviej\u0173 knyg\u0173 serija \u201eDidysis teatras\u201c. Antra knyga  J\u016bs\u0173 s\u0105\u017ein\u0117 man ner\u016bpi. Noriu, kad v\u0117l mane pabu\u010diuotum\u0117te. Ledi Madlina Metjus ver\u010diau jau u\u017esitrauks g\u0117d\u0105, nei paaukos laisv\u0119. Nor\u0117dama i\u0161vengti santuokos su pagyvenusiu, bet kilmingu na\u0161liu, ji siekia Logano Skoto d\u0117mesio: romanas su garsiu aktoriumi ir plev\u0117sa tikrai sukompromituot\u0173 j\u0105 auk\u0161tuomen\u0117s akyse ir lordas Kliftonas atsisakyt\u0173 savo k\u0117sl\u0173. I\u0161 tikr\u0173j\u0173 tai Loganas Skotas yra praeities \u0161m\u0117kl\u0173 persekiojamas vieni\u0161ius. O ta \u012f\u017e\u016bli mergiot\u0117, nerandanti vietos Londono sumai\u0161tyje, savo kunkuliuojan\u010diu gyvybingumu ir tyru gro\u017eiu \u017elugdo jo gyvenim\u0105. Tai, kas prasid\u0117jo bu\u010diniu, grasina virsti stipriais tikrais jausmais. Ar Loganui ir Madlinai pakaks dr\u0105sos d\u0117l meil\u0117s nusipl\u0117\u0161ti kaukes, u\u017e kuri\u0173 jie slepiasi?","og_url":"https:\/\/skaitytaknyga.lt\/en\/produktas\/l-kleypas-nes-tu-esi-mano\/","og_site_name":"Skaitytaknyga","article_publisher":"https:\/\/www.facebook.com\/skaitytaknyga\/","article_modified_time":"2025-05-19T06:47:09+00:00","og_image":[{"width":570,"height":832,"url":"https:\/\/skaitytaknyga.lt\/wp-content\/uploads\/2024\/05\/nes-tu-esi-mano-didysis-teatras-2-knyga.jpg","type":"image\/jpeg"}],"twitter_card":"summary_large_image","twitter_misc":{"Estimated reading time":"1 minute"},"schema":{"@context":"https:\/\/schema.org","@graph":[{"@type":"WebPage","@id":"https:\/\/skaitytaknyga.lt\/produktas\/l-kleypas-nes-tu-esi-mano\/","url":"https:\/\/skaitytaknyga.lt\/produktas\/l-kleypas-nes-tu-esi-mano\/","name":"Nes tu esi mano","isPartOf":{"@id":"https:\/\/skaitytaknyga.lt\/#website"},"primaryImageOfPage":{"@id":"https:\/\/skaitytaknyga.lt\/produktas\/l-kleypas-nes-tu-esi-mano\/#primaryimage"},"image":{"@id":"https:\/\/skaitytaknyga.lt\/produktas\/l-kleypas-nes-tu-esi-mano\/#primaryimage"},"thumbnailUrl":"https:\/\/skaitytaknyga.lt\/wp-content\/uploads\/2024\/05\/nes-tu-esi-mano-didysis-teatras-2-knyga.jpg","datePublished":"2024-05-09T13:27:12+00:00","dateModified":"2025-05-19T06:47:09+00:00","description":"Dviej\u0173 knyg\u0173 serija \u201eDidysis teatras\u201c. Antra knyga J\u016bs\u0173 s\u0105\u017ein\u0117 man ner\u016bpi. Noriu, kad v\u0117l mane pabu\u010diuotum\u0117te. Ledi Madlina Metjus ver\u010diau jau u\u017esitrauks g\u0117d\u0105, nei paaukos laisv\u0119. Nor\u0117dama i\u0161vengti santuokos su pagyvenusiu, bet kilmingu na\u0161liu, ji siekia Logano Skoto d\u0117mesio: romanas su garsiu aktoriumi ir plev\u0117sa tikrai sukompromituot\u0173 j\u0105 auk\u0161tuomen\u0117s akyse ir lordas Kliftonas atsisakyt\u0173 savo k\u0117sl\u0173. I\u0161 tikr\u0173j\u0173 tai Loganas Skotas yra praeities \u0161m\u0117kl\u0173 persekiojamas vieni\u0161ius. O ta \u012f\u017e\u016bli mergiot\u0117, nerandanti vietos Londono sumai\u0161tyje, savo kunkuliuojan\u010diu gyvybingumu ir tyru gro\u017eiu \u017elugdo jo gyvenim\u0105. Tai, kas prasid\u0117jo bu\u010diniu, grasina virsti stipriais tikrais jausmais. Ar Loganui ir Madlinai pakaks dr\u0105sos d\u0117l meil\u0117s nusipl\u0117\u0161ti kaukes, u\u017e kuri\u0173 jie slepiasi?","breadcrumb":{"@id":"https:\/\/skaitytaknyga.lt\/produktas\/l-kleypas-nes-tu-esi-mano\/#breadcrumb"},"inLanguage":"en-GB","potentialAction":[{"@type":"ReadAction","target":["https:\/\/skaitytaknyga.lt\/produktas\/l-kleypas-nes-tu-esi-mano\/"]}]},{"@type":"ImageObject","inLanguage":"en-GB","@id":"https:\/\/skaitytaknyga.lt\/produktas\/l-kleypas-nes-tu-esi-mano\/#primaryimage","url":"https:\/\/skaitytaknyga.lt\/wp-content\/uploads\/2024\/05\/nes-tu-esi-mano-didysis-teatras-2-knyga.jpg","contentUrl":"https:\/\/skaitytaknyga.lt\/wp-content\/uploads\/2024\/05\/nes-tu-esi-mano-didysis-teatras-2-knyga.jpg","width":570,"height":832},{"@type":"BreadcrumbList","@id":"https:\/\/skaitytaknyga.lt\/produktas\/l-kleypas-nes-tu-esi-mano\/#breadcrumb","itemListElement":[{"@type":"ListItem","position":1,"name":"Home","item":"https:\/\/skaitytaknyga.lt\/"},{"@type":"ListItem","position":2,"name":"Parduotuv\u0117","item":"https:\/\/skaitytaknyga.lt\/knygu-parduotuve\/"},{"@type":"ListItem","position":3,"name":"Nes tu esi mano"}]},{"@type":"WebSite","@id":"https:\/\/skaitytaknyga.lt\/#website","url":"https:\/\/skaitytaknyga.lt\/","name":"skaitytaknyga.lt","description":"Skaitytaknyga.lt \u2013 tai ma\u017eas \u0161eimos verslas, kuris prasid\u0117jo nuo meil\u0117s knygoms ir siekio i\u0161gelb\u0117ti knygas nuo likimo prie konteinerio. Kas vienam nereikalingas daiktas \u2013 kitam lobis, o mes esame tarpininkai, kurie padeda abiems tapti laimingesniems ???? \u017dinome kaip nelengva i\u0161gyventi ma\u017eiems verslams, tad nuo \u0161iol, \u010dia rasite ir kit\u0173, ma\u017e\u0173 \u0161eim\u0173 versl\u0173, rank\u0173 darbo, dovan\u0173 sau ir artimiesiems.","publisher":{"@id":"https:\/\/skaitytaknyga.lt\/#organization"},"potentialAction":[{"@type":"SearchAction","target":{"@type":"EntryPoint","urlTemplate":"https:\/\/skaitytaknyga.lt\/?s={search_term_string}"},"query-input":{"@type":"PropertyValueSpecification","valueRequired":true,"valueName":"search_term_string"}}],"inLanguage":"en-GB"},{"@type":"Organization","@id":"https:\/\/skaitytaknyga.lt\/#organization","name":"skaitytaknyga.lt","url":"https:\/\/skaitytaknyga.lt\/","logo":{"@type":"ImageObject","inLanguage":"en-GB","@id":"https:\/\/skaitytaknyga.lt\/#\/schema\/logo\/image\/","url":"https:\/\/skaitytaknyga.lt\/wp-content\/uploads\/2024\/05\/cropped-cropped-cropped-02_00843_jt3bggkj1j3HLc7SyY6rEUpg.jpeg","contentUrl":"https:\/\/skaitytaknyga.lt\/wp-content\/uploads\/2024\/05\/cropped-cropped-cropped-02_00843_jt3bggkj1j3HLc7SyY6rEUpg.jpeg","width":1600,"height":1600,"caption":"skaitytaknyga.lt"},"image":{"@id":"https:\/\/skaitytaknyga.lt\/#\/schema\/logo\/image\/"},"sameAs":["https:\/\/www.facebook.com\/skaitytaknyga\/"]}]}},"_links":{"self":[{"href":"https:\/\/skaitytaknyga.lt\/en\/wp-json\/wp\/v2\/product\/6744","targetHints":{"allow":["GET"]}}],"collection":[{"href":"https:\/\/skaitytaknyga.lt\/en\/wp-json\/wp\/v2\/product"}],"about":[{"href":"https:\/\/skaitytaknyga.lt\/en\/wp-json\/wp\/v2\/types\/product"}],"replies":[{"embeddable":true,"href":"https:\/\/skaitytaknyga.lt\/en\/wp-json\/wp\/v2\/comments?post=6744"}],"wp:featuredmedia":[{"embeddable":true,"href":"https:\/\/skaitytaknyga.lt\/en\/wp-json\/wp\/v2\/media\/6756"}],"wp:attachment":[{"href":"https:\/\/skaitytaknyga.lt\/en\/wp-json\/wp\/v2\/media?parent=6744"}],"wp:term":[{"taxonomy":"product_brand","embeddable":true,"href":"https:\/\/skaitytaknyga.lt\/en\/wp-json\/wp\/v2\/product_brand?post=6744"},{"taxonomy":"product_cat","embeddable":true,"href":"https:\/\/skaitytaknyga.lt\/en\/wp-json\/wp\/v2\/product_cat?post=6744"},{"taxonomy":"product_tag","embeddable":true,"href":"https:\/\/skaitytaknyga.lt\/en\/wp-json\/wp\/v2\/product_tag?post=6744"}],"curies":[{"name":"wp","href":"https:\/\/api.w.org\/{rel}","templated":true}]}}